{"id":62008,"date":"2019-09-19T07:44:27","date_gmt":"2019-09-19T05:44:27","guid":{"rendered":"https:\/\/acninternational.org\/doar\/"},"modified":"2020-12-23T17:19:54","modified_gmt":"2020-12-23T16:19:54","slug":"doar","status":"publish","type":"page","link":"https:\/\/acninternational.org\/pt-pt\/doar\/","title":{"rendered":"Doar"},"content":{"rendered":"<h1>\u00bb \u200dPor favor, ajude a igreja que sofre! \u200d\u00ab<\/h1>\n<p><strong>\u200d1.<\/strong><strong>\u00a0<\/strong> \u00a0\u00a0Para ajudar a Igreja que Sofre, por gentileza, selecione uma das op\u00e7\u00f5es de valor e a frequ\u00eancia antes de clicar em Doar.\u00a0<\/p>\n<p><strong>\u200d2.<\/strong>\u00a0 \u00a0 Na tela seguinte lhe ser\u00e1 pedido os seus dados pessoais: nome, endere\u00e7o, correio electr\u00f3nico, n\u00famero de telefone e pa\u00eds de origem. Por gentileza, insira seus dados e confirme a leitura dos Termos e Condi\u00e7\u00f5es antes de clicar em Pr\u00f3ximo.\u00a0<\/p>\n<p><strong>\u200d3.<\/strong>\u00a0 \u00a0 Na sequ\u00eancia lhe ser\u00e1 pedido os dados do seu cart\u00e3o de cr\u00e9dito: n\u00famero, data de validade, d\u00edgito de seguran\u00e7a e verifica\u00e7\u00e3o de captcha para completar sua doa\u00e7\u00e3o. Por gentileza, confira os dados e confirme o captcha. Um recibo lhe ser\u00e1 enviado por e-mail logo ap\u00f3s o processamento do pagemento.\u00a0<\/p>\n<p><strong>\u200d4.<\/strong>\u00a0 \u00a0\u00a0Sua doa\u00e7\u00e3o \u00e9 feita \u00e0 ACN &#8211; Aid to the Church in Need gGmbH, uma organiza\u00e7\u00e3o sem fins lucrativos oficialmente registrada na Alemanha e auditada internacionalmente pela KPMG. Caso tenha perguntas referente a sua doa\u00e7\u00e3o, por gentileza, entre em contato conosco pelo e-mail info@acninternational.org \u200dor \u200dpelo telefone \u200d+49-6174-291-0<\/p>\n<p>De antem\u00e3o, em nome da Igreja que Sofre em todo o mundo lhes agradecemos pela sua ajuda!<\/p>\n<p>\t\t\t<iframe loading=\"lazy\" allowpaymentrequest=\"\" frameborder=\"0\" height=\"900px\" name=\"donorbox\" scrolling=\"no\" seamless=\"seamless\" src=\"https:\/\/donorbox.org\/embed\/acn-international-homepage\" style=\"max-width: 500px; min-width: 250px; max-height:none!important\" width=\"100%\"><\/iframe><\/p>\n","protected":false},"excerpt":{"rendered":"<p>\u00bb \u200dPor favor, ajude a igreja que sofre! \u200d\u00ab \u200d1.\u00a0 \u00a0\u00a0Para ajudar a Igreja que Sofre, por gentileza, selecione uma das op\u00e7\u00f5es de valor e a frequ\u00eancia antes de clicar em Doar.\u00a0 \u200d2.\u00a0 \u00a0 Na tela seguinte lhe ser\u00e1 pedido os seus dados pessoais: nome, endere\u00e7o, correio electr\u00f3nico, n\u00famero de telefone e pa\u00eds de origem. [&hellip;]<\/p>\n","protected":false},"author":1,"featured_media":58895,"parent":0,"menu_order":0,"comment_status":"closed","ping_status":"closed","template":"","meta":{"_acf_changed":false,"footnotes":""},"class_list":["post-62008","page","type-page","status-publish","has-post-thumbnail","hentry"],"acf":[],"yoast_head":"<!-- This site is optimized with the Yoast SEO Premium plugin v27.3 (Yoast SEO v27.3) - https:\/\/yoast.com\/product\/yoast-seo-premium-wordpress\/ -->\n<title>Doar | ACN International<\/title>\n<meta name=\"robots\" content=\"index, follow, max-snippet:-1, max-image-preview:large, max-video-preview:-1\" \/>\n<link rel=\"canonical\" href=\"https:\/\/acninternational.org\/pt-pt\/doar\/\" \/>\n<meta property=\"og:locale\" content=\"pt_PT\" \/>\n<meta property=\"og:type\" content=\"article\" \/>\n<meta property=\"og:title\" content=\"Doar\" \/>\n<meta property=\"og:description\" content=\"\u00bb \u200dPor favor, ajude a igreja que sofre! \u200d\u00ab \u200d1.\u00a0 \u00a0\u00a0Para ajudar a Igreja que Sofre, por gentileza, selecione uma das op\u00e7\u00f5es de valor e a frequ\u00eancia antes de clicar em Doar.\u00a0 \u200d2.\u00a0 \u00a0 Na tela seguinte lhe ser\u00e1 pedido os seus dados pessoais: nome, endere\u00e7o, correio electr\u00f3nico, n\u00famero de telefone e pa\u00eds de origem. [&hellip;]\" \/>\n<meta property=\"og:url\" content=\"https:\/\/acninternational.org\/pt-pt\/doar\/\" \/>\n<meta property=\"og:site_name\" content=\"ACN International\" \/>\n<meta property=\"article:publisher\" content=\"https:\/\/www.facebook.com\/acninternationalorg\" \/>\n<meta property=\"article:modified_time\" content=\"2020-12-23T16:19:54+00:00\" \/>\n<meta property=\"og:image\" content=\"https:\/\/media.acninternational.org\/wp-content\/uploads\/2019\/09\/acn-20170111-49902-2-4000.jpg\" \/>\n\t<meta property=\"og:image:width\" content=\"2000\" \/>\n\t<meta property=\"og:image:height\" content=\"625\" \/>\n\t<meta property=\"og:image:type\" content=\"image\/jpeg\" \/>\n<meta name=\"twitter:card\" content=\"summary_large_image\" \/>\n<meta name=\"twitter:site\" content=\"@acn_int\" \/>\n<meta name=\"twitter:label1\" content=\"Tempo estimado de leitura\" \/>\n\t<meta name=\"twitter:data1\" content=\"1 minuto\" \/>\n<script type=\"application\/ld+json\" class=\"yoast-schema-graph\">{\"@context\":\"https:\\\/\\\/schema.org\",\"@graph\":[{\"@type\":\"WebPage\",\"@id\":\"https:\\\/\\\/acninternational.org\\\/pt-pt\\\/doar\\\/\",\"url\":\"https:\\\/\\\/acninternational.org\\\/pt-pt\\\/doar\\\/\",\"name\":\"Doar | ACN International\",\"isPartOf\":{\"@id\":\"https:\\\/\\\/acninternational.org\\\/pt-pt\\\/#website\"},\"primaryImageOfPage\":{\"@id\":\"https:\\\/\\\/acninternational.org\\\/pt-pt\\\/doar\\\/#primaryimage\"},\"image\":{\"@id\":\"https:\\\/\\\/acninternational.org\\\/pt-pt\\\/doar\\\/#primaryimage\"},\"thumbnailUrl\":\"https:\\\/\\\/media.acninternational.org\\\/wp-content\\\/uploads\\\/2019\\\/09\\\/acn-20170111-49902-2-4000.jpg\",\"datePublished\":\"2019-09-19T05:44:27+00:00\",\"dateModified\":\"2020-12-23T16:19:54+00:00\",\"breadcrumb\":{\"@id\":\"https:\\\/\\\/acninternational.org\\\/pt-pt\\\/doar\\\/#breadcrumb\"},\"inLanguage\":\"pt-PT\",\"potentialAction\":[{\"@type\":\"ReadAction\",\"target\":[\"https:\\\/\\\/acninternational.org\\\/pt-pt\\\/doar\\\/\"]}]},{\"@type\":\"ImageObject\",\"inLanguage\":\"pt-PT\",\"@id\":\"https:\\\/\\\/acninternational.org\\\/pt-pt\\\/doar\\\/#primaryimage\",\"url\":\"https:\\\/\\\/media.acninternational.org\\\/wp-content\\\/uploads\\\/2019\\\/09\\\/acn-20170111-49902-2-4000.jpg\",\"contentUrl\":\"https:\\\/\\\/media.acninternational.org\\\/wp-content\\\/uploads\\\/2019\\\/09\\\/acn-20170111-49902-2-4000.jpg\",\"width\":2000,\"height\":625},{\"@type\":\"BreadcrumbList\",\"@id\":\"https:\\\/\\\/acninternational.org\\\/pt-pt\\\/doar\\\/#breadcrumb\",\"itemListElement\":[{\"@type\":\"ListItem\",\"position\":1,\"name\":\"Home\",\"item\":\"https:\\\/\\\/acninternational.org\\\/pt-pt\\\/\"},{\"@type\":\"ListItem\",\"position\":2,\"name\":\"Doar\"}]},{\"@type\":\"WebSite\",\"@id\":\"https:\\\/\\\/acninternational.org\\\/pt-pt\\\/#website\",\"url\":\"https:\\\/\\\/acninternational.org\\\/pt-pt\\\/\",\"name\":\"ACN International\",\"description\":\"\",\"publisher\":{\"@id\":\"https:\\\/\\\/acninternational.org\\\/pt-pt\\\/#organization\"},\"potentialAction\":[{\"@type\":\"SearchAction\",\"target\":{\"@type\":\"EntryPoint\",\"urlTemplate\":\"https:\\\/\\\/acninternational.org\\\/pt-pt\\\/?s={search_term_string}\"},\"query-input\":{\"@type\":\"PropertyValueSpecification\",\"valueRequired\":true,\"valueName\":\"search_term_string\"}}],\"inLanguage\":\"pt-PT\"},{\"@type\":\"Organization\",\"@id\":\"https:\\\/\\\/acninternational.org\\\/pt-pt\\\/#organization\",\"name\":\"Aid to the Church in Need International\",\"url\":\"https:\\\/\\\/acninternational.org\\\/pt-pt\\\/\",\"logo\":{\"@type\":\"ImageObject\",\"inLanguage\":\"pt-PT\",\"@id\":\"https:\\\/\\\/acninternational.org\\\/pt-pt\\\/#\\\/schema\\\/logo\\\/image\\\/\",\"url\":\"https:\\\/\\\/media.acninternational.org\\\/wp-content\\\/uploads\\\/2019\\\/11\\\/acn_logo_blackvector.svg\",\"contentUrl\":\"https:\\\/\\\/media.acninternational.org\\\/wp-content\\\/uploads\\\/2019\\\/11\\\/acn_logo_blackvector.svg\",\"width\":232.6,\"height\":78,\"caption\":\"Aid to the Church in Need International\"},\"image\":{\"@id\":\"https:\\\/\\\/acninternational.org\\\/pt-pt\\\/#\\\/schema\\\/logo\\\/image\\\/\"},\"sameAs\":[\"https:\\\/\\\/www.facebook.com\\\/acninternationalorg\",\"https:\\\/\\\/x.com\\\/acn_int\",\"https:\\\/\\\/www.youtube.com\\\/channel\\\/UCQ-077gS0TnVzkhHmf1opZw\",\"https:\\\/\\\/www.instagram.com\\\/acn_international\\\/\"]}]}<\/script>\n<!-- \/ Yoast SEO Premium plugin. -->","yoast_head_json":{"title":"Doar | ACN International","robots":{"index":"index","follow":"follow","max-snippet":"max-snippet:-1","max-image-preview":"max-image-preview:large","max-video-preview":"max-video-preview:-1"},"canonical":"https:\/\/acninternational.org\/pt-pt\/doar\/","og_locale":"pt_PT","og_type":"article","og_title":"Doar","og_description":"\u00bb \u200dPor favor, ajude a igreja que sofre! \u200d\u00ab \u200d1.\u00a0 \u00a0\u00a0Para ajudar a Igreja que Sofre, por gentileza, selecione uma das op\u00e7\u00f5es de valor e a frequ\u00eancia antes de clicar em Doar.\u00a0 \u200d2.\u00a0 \u00a0 Na tela seguinte lhe ser\u00e1 pedido os seus dados pessoais: nome, endere\u00e7o, correio electr\u00f3nico, n\u00famero de telefone e pa\u00eds de origem. [&hellip;]","og_url":"https:\/\/acninternational.org\/pt-pt\/doar\/","og_site_name":"ACN International","article_publisher":"https:\/\/www.facebook.com\/acninternationalorg","article_modified_time":"2020-12-23T16:19:54+00:00","og_image":[{"width":2000,"height":625,"url":"https:\/\/media.acninternational.org\/wp-content\/uploads\/2019\/09\/acn-20170111-49902-2-4000.jpg","type":"image\/jpeg"}],"twitter_card":"summary_large_image","twitter_site":"@acn_int","twitter_misc":{"Tempo estimado de leitura":"1 minuto"},"schema":{"@context":"https:\/\/schema.org","@graph":[{"@type":"WebPage","@id":"https:\/\/acninternational.org\/pt-pt\/doar\/","url":"https:\/\/acninternational.org\/pt-pt\/doar\/","name":"Doar | ACN International","isPartOf":{"@id":"https:\/\/acninternational.org\/pt-pt\/#website"},"primaryImageOfPage":{"@id":"https:\/\/acninternational.org\/pt-pt\/doar\/#primaryimage"},"image":{"@id":"https:\/\/acninternational.org\/pt-pt\/doar\/#primaryimage"},"thumbnailUrl":"https:\/\/media.acninternational.org\/wp-content\/uploads\/2019\/09\/acn-20170111-49902-2-4000.jpg","datePublished":"2019-09-19T05:44:27+00:00","dateModified":"2020-12-23T16:19:54+00:00","breadcrumb":{"@id":"https:\/\/acninternational.org\/pt-pt\/doar\/#breadcrumb"},"inLanguage":"pt-PT","potentialAction":[{"@type":"ReadAction","target":["https:\/\/acninternational.org\/pt-pt\/doar\/"]}]},{"@type":"ImageObject","inLanguage":"pt-PT","@id":"https:\/\/acninternational.org\/pt-pt\/doar\/#primaryimage","url":"https:\/\/media.acninternational.org\/wp-content\/uploads\/2019\/09\/acn-20170111-49902-2-4000.jpg","contentUrl":"https:\/\/media.acninternational.org\/wp-content\/uploads\/2019\/09\/acn-20170111-49902-2-4000.jpg","width":2000,"height":625},{"@type":"BreadcrumbList","@id":"https:\/\/acninternational.org\/pt-pt\/doar\/#breadcrumb","itemListElement":[{"@type":"ListItem","position":1,"name":"Home","item":"https:\/\/acninternational.org\/pt-pt\/"},{"@type":"ListItem","position":2,"name":"Doar"}]},{"@type":"WebSite","@id":"https:\/\/acninternational.org\/pt-pt\/#website","url":"https:\/\/acninternational.org\/pt-pt\/","name":"ACN International","description":"","publisher":{"@id":"https:\/\/acninternational.org\/pt-pt\/#organization"},"potentialAction":[{"@type":"SearchAction","target":{"@type":"EntryPoint","urlTemplate":"https:\/\/acninternational.org\/pt-pt\/?s={search_term_string}"},"query-input":{"@type":"PropertyValueSpecification","valueRequired":true,"valueName":"search_term_string"}}],"inLanguage":"pt-PT"},{"@type":"Organization","@id":"https:\/\/acninternational.org\/pt-pt\/#organization","name":"Aid to the Church in Need International","url":"https:\/\/acninternational.org\/pt-pt\/","logo":{"@type":"ImageObject","inLanguage":"pt-PT","@id":"https:\/\/acninternational.org\/pt-pt\/#\/schema\/logo\/image\/","url":"https:\/\/media.acninternational.org\/wp-content\/uploads\/2019\/11\/acn_logo_blackvector.svg","contentUrl":"https:\/\/media.acninternational.org\/wp-content\/uploads\/2019\/11\/acn_logo_blackvector.svg","width":232.6,"height":78,"caption":"Aid to the Church in Need International"},"image":{"@id":"https:\/\/acninternational.org\/pt-pt\/#\/schema\/logo\/image\/"},"sameAs":["https:\/\/www.facebook.com\/acninternationalorg","https:\/\/x.com\/acn_int","https:\/\/www.youtube.com\/channel\/UCQ-077gS0TnVzkhHmf1opZw","https:\/\/www.instagram.com\/acn_international\/"]}]}},"_links":{"self":[{"href":"https:\/\/acninternational.org\/pt-pt\/wp-json\/wp\/v2\/pages\/62008","targetHints":{"allow":["GET"]}}],"collection":[{"href":"https:\/\/acninternational.org\/pt-pt\/wp-json\/wp\/v2\/pages"}],"about":[{"href":"https:\/\/acninternational.org\/pt-pt\/wp-json\/wp\/v2\/types\/page"}],"author":[{"embeddable":true,"href":"https:\/\/acninternational.org\/pt-pt\/wp-json\/wp\/v2\/users\/1"}],"replies":[{"embeddable":true,"href":"https:\/\/acninternational.org\/pt-pt\/wp-json\/wp\/v2\/comments?post=62008"}],"version-history":[{"count":0,"href":"https:\/\/acninternational.org\/pt-pt\/wp-json\/wp\/v2\/pages\/62008\/revisions"}],"wp:featuredmedia":[{"embeddable":true,"href":"https:\/\/acninternational.org\/pt-pt\/wp-json\/wp\/v2\/media\/58895"}],"wp:attachment":[{"href":"https:\/\/acninternational.org\/pt-pt\/wp-json\/wp\/v2\/media?parent=62008"}],"curies":[{"name":"wp","href":"https:\/\/api.w.org\/{rel}","templated":true}]}}