{"id":242164,"date":"2025-03-10T13:32:17","date_gmt":"2025-03-10T12:32:17","guid":{"rendered":"https:\/\/acninternational.org\/?page_id=242164"},"modified":"2025-09-19T06:31:49","modified_gmt":"2025-09-19T04:31:49","slug":"biblia-da-crianca-old","status":"publish","type":"page","link":"https:\/\/acninternational.org\/pt-pt\/biblia-da-crianca-old\/","title":{"rendered":"Distribui\u00e7\u00e3o de B\u00edblias"},"content":{"rendered":"<p>\u201cIde pelo mundo inteiro e proclamai o Evangelho a toda a criatura\u201d, ordenou Jesus. A ACN entende esta ordem literalmente. Assim, desde 1979, a nossa organiza\u00e7\u00e3o edita e fornece mundialmente a B\u00edblia da Crian\u00e7a, traduzida para 194 l\u00ednguas e com 51,7 milh\u00f5es de exemplares distribu\u00eddos.<\/p>\n<p>Em pa\u00edses pobres, a B\u00edblia da Crian\u00e7a \u00e9, muitas vezes, o primeiro livro que as crian\u00e7as leem em sua pr\u00f3pria l\u00edngua e, frequentemente, o \u00fanico livro ilustrado a que t\u00eam acesso durante toda a vida.<\/p>\n<blockquote class=\"wp-block-quote blockquote ps-3 py-2\"><p>\u00c0s vezes, a B\u00edblia \u00e9 o \u00fanico livro ilustrado a que as crian\u00e7as carentes t\u00eam acesso.<\/p>\n<pre>Padre Anton L\u00e4sser, CP, assistente eclesi\u00e1stico internacional da funda\u00e7\u00e3o<\/pre>\n<\/blockquote>\n<figure id=\"attachment_214276\" aria-describedby=\"caption-attachment-214276\" style=\"width: 800px\" class=\"wp-caption aligncenter\"><img loading=\"lazy\" decoding=\"async\" class=\"wp-image-214276 size-large\" src=\"https:\/\/media.acninternational.org\/wp-content\/uploads\/2020\/06\/ACN-20230508-145630-1024x683.jpg\" alt=\"No centro de educa\u00e7\u00e3o Don Bosco, em Lviv, Ucr\u00e2nia\" width=\"800\" height=\"534\" srcset=\"https:\/\/media.acninternational.org\/wp-content\/uploads\/2020\/06\/ACN-20230508-145630-1024x683.jpg 1024w, https:\/\/media.acninternational.org\/wp-content\/uploads\/2020\/06\/ACN-20230508-145630-300x200.jpg 300w, https:\/\/media.acninternational.org\/wp-content\/uploads\/2020\/06\/ACN-20230508-145630-768x512.jpg 768w, https:\/\/media.acninternational.org\/wp-content\/uploads\/2020\/06\/ACN-20230508-145630.jpg 1080w\" sizes=\"auto, (max-width: 800px) 100vw, 800px\" \/><figcaption id=\"caption-attachment-214276\" class=\"wp-caption-text\">No centro de educa\u00e7\u00e3o Don Bosco, em Lviv, Ucr\u00e2nia<\/figcaption><\/figure>\n<p>S\u00f3 em 2023, mais de 700.000 livros religiosos foram produzidos e distribu\u00eddos com a ajuda da ACN. Al\u00e9m disso, a ACN tamb\u00e9m promove o YOUCAT, o material ilustrado de catecismo juvenil da Igreja Cat\u00f3lica, agora dispon\u00edvel em 59 l\u00ednguas. Desde 2016, tamb\u00e9m est\u00e1 dispon\u00edvel o DOCAT, uma compila\u00e7\u00e3o moderna da doutrina social da Igreja Cat\u00f3lica.<\/p>\n","protected":false},"excerpt":{"rendered":"<p>\u201cIde pelo mundo inteiro e proclamai o Evangelho a toda a criatura\u201d, ordenou Jesus. A ACN entende esta ordem literalmente. Assim, desde 1979, a nossa organiza\u00e7\u00e3o edita e fornece mundialmente a B\u00edblia da Crian\u00e7a, traduzida para 194 l\u00ednguas e com 51,7 milh\u00f5es de exemplares distribu\u00eddos. Em pa\u00edses pobres, a B\u00edblia da Crian\u00e7a \u00e9, muitas vezes, [&hellip;]<\/p>\n","protected":false},"author":4258341447,"featured_media":214270,"parent":0,"menu_order":0,"comment_status":"closed","ping_status":"closed","template":"","meta":{"_acf_changed":false,"footnotes":""},"class_list":["post-242164","page","type-page","status-publish","has-post-thumbnail","hentry","page-category-page-sub-task-area-5"],"acf":[],"yoast_head":"<!-- This site is optimized with the Yoast SEO Premium plugin v27.3 (Yoast SEO v27.3) - https:\/\/yoast.com\/product\/yoast-seo-premium-wordpress\/ -->\n<title>Distribui\u00e7\u00e3o de B\u00edblias | ACN International<\/title>\n<meta name=\"robots\" content=\"index, follow, max-snippet:-1, max-image-preview:large, max-video-preview:-1\" \/>\n<link rel=\"canonical\" href=\"https:\/\/acninternational.org\/pt-pt\/biblia-da-crianca-old\/\" \/>\n<meta property=\"og:locale\" content=\"pt_PT\" \/>\n<meta property=\"og:type\" content=\"article\" \/>\n<meta property=\"og:title\" content=\"Distribui\u00e7\u00e3o de B\u00edblias\" \/>\n<meta property=\"og:description\" content=\"\u201cIde pelo mundo inteiro e proclamai o Evangelho a toda a criatura\u201d, ordenou Jesus. A ACN entende esta ordem literalmente. Assim, desde 1979, a nossa organiza\u00e7\u00e3o edita e fornece mundialmente a B\u00edblia da Crian\u00e7a, traduzida para 194 l\u00ednguas e com 51,7 milh\u00f5es de exemplares distribu\u00eddos. Em pa\u00edses pobres, a B\u00edblia da Crian\u00e7a \u00e9, muitas vezes, [&hellip;]\" \/>\n<meta property=\"og:url\" content=\"https:\/\/acninternational.org\/pt-pt\/biblia-da-crianca-old\/\" \/>\n<meta property=\"og:site_name\" content=\"ACN International\" \/>\n<meta property=\"article:publisher\" content=\"https:\/\/www.facebook.com\/acninternationalorg\" \/>\n<meta property=\"article:modified_time\" content=\"2025-09-19T04:31:49+00:00\" \/>\n<meta property=\"og:image\" content=\"https:\/\/media.acninternational.org\/wp-content\/uploads\/2020\/06\/ACN-20230327-143262.jpg\" \/>\n\t<meta property=\"og:image:width\" content=\"1920\" \/>\n\t<meta property=\"og:image:height\" content=\"700\" \/>\n\t<meta property=\"og:image:type\" content=\"image\/jpeg\" \/>\n<meta name=\"twitter:card\" content=\"summary_large_image\" \/>\n<meta name=\"twitter:site\" content=\"@acn_int\" \/>\n<meta name=\"twitter:label1\" content=\"Tempo estimado de leitura\" \/>\n\t<meta name=\"twitter:data1\" content=\"2 minutos\" \/>\n<script type=\"application\/ld+json\" class=\"yoast-schema-graph\">{\"@context\":\"https:\\\/\\\/schema.org\",\"@graph\":[{\"@type\":\"WebPage\",\"@id\":\"https:\\\/\\\/acninternational.org\\\/pt-pt\\\/biblia-da-crianca-old\\\/\",\"url\":\"https:\\\/\\\/acninternational.org\\\/pt-pt\\\/biblia-da-crianca-old\\\/\",\"name\":\"Distribui\u00e7\u00e3o de B\u00edblias | ACN International\",\"isPartOf\":{\"@id\":\"https:\\\/\\\/acninternational.org\\\/pt-pt\\\/#website\"},\"primaryImageOfPage\":{\"@id\":\"https:\\\/\\\/acninternational.org\\\/pt-pt\\\/biblia-da-crianca-old\\\/#primaryimage\"},\"image\":{\"@id\":\"https:\\\/\\\/acninternational.org\\\/pt-pt\\\/biblia-da-crianca-old\\\/#primaryimage\"},\"thumbnailUrl\":\"https:\\\/\\\/media.acninternational.org\\\/wp-content\\\/uploads\\\/2020\\\/06\\\/ACN-20230327-143262.jpg\",\"datePublished\":\"2025-03-10T12:32:17+00:00\",\"dateModified\":\"2025-09-19T04:31:49+00:00\",\"breadcrumb\":{\"@id\":\"https:\\\/\\\/acninternational.org\\\/pt-pt\\\/biblia-da-crianca-old\\\/#breadcrumb\"},\"inLanguage\":\"pt-PT\",\"potentialAction\":[{\"@type\":\"ReadAction\",\"target\":[\"https:\\\/\\\/acninternational.org\\\/pt-pt\\\/biblia-da-crianca-old\\\/\"]}]},{\"@type\":\"ImageObject\",\"inLanguage\":\"pt-PT\",\"@id\":\"https:\\\/\\\/acninternational.org\\\/pt-pt\\\/biblia-da-crianca-old\\\/#primaryimage\",\"url\":\"https:\\\/\\\/media.acninternational.org\\\/wp-content\\\/uploads\\\/2020\\\/06\\\/ACN-20230327-143262.jpg\",\"contentUrl\":\"https:\\\/\\\/media.acninternational.org\\\/wp-content\\\/uploads\\\/2020\\\/06\\\/ACN-20230327-143262.jpg\",\"width\":1920,\"height\":700},{\"@type\":\"BreadcrumbList\",\"@id\":\"https:\\\/\\\/acninternational.org\\\/pt-pt\\\/biblia-da-crianca-old\\\/#breadcrumb\",\"itemListElement\":[{\"@type\":\"ListItem\",\"position\":1,\"name\":\"Home\",\"item\":\"https:\\\/\\\/acninternational.org\\\/pt-pt\\\/\"},{\"@type\":\"ListItem\",\"position\":2,\"name\":\"Distribui\u00e7\u00e3o de B\u00edblias\"}]},{\"@type\":\"WebSite\",\"@id\":\"https:\\\/\\\/acninternational.org\\\/pt-pt\\\/#website\",\"url\":\"https:\\\/\\\/acninternational.org\\\/pt-pt\\\/\",\"name\":\"ACN International\",\"description\":\"\",\"publisher\":{\"@id\":\"https:\\\/\\\/acninternational.org\\\/pt-pt\\\/#organization\"},\"potentialAction\":[{\"@type\":\"SearchAction\",\"target\":{\"@type\":\"EntryPoint\",\"urlTemplate\":\"https:\\\/\\\/acninternational.org\\\/pt-pt\\\/?s={search_term_string}\"},\"query-input\":{\"@type\":\"PropertyValueSpecification\",\"valueRequired\":true,\"valueName\":\"search_term_string\"}}],\"inLanguage\":\"pt-PT\"},{\"@type\":\"Organization\",\"@id\":\"https:\\\/\\\/acninternational.org\\\/pt-pt\\\/#organization\",\"name\":\"Aid to the Church in Need International\",\"url\":\"https:\\\/\\\/acninternational.org\\\/pt-pt\\\/\",\"logo\":{\"@type\":\"ImageObject\",\"inLanguage\":\"pt-PT\",\"@id\":\"https:\\\/\\\/acninternational.org\\\/pt-pt\\\/#\\\/schema\\\/logo\\\/image\\\/\",\"url\":\"https:\\\/\\\/media.acninternational.org\\\/wp-content\\\/uploads\\\/2019\\\/11\\\/acn_logo_blackvector.svg\",\"contentUrl\":\"https:\\\/\\\/media.acninternational.org\\\/wp-content\\\/uploads\\\/2019\\\/11\\\/acn_logo_blackvector.svg\",\"width\":232.6,\"height\":78,\"caption\":\"Aid to the Church in Need International\"},\"image\":{\"@id\":\"https:\\\/\\\/acninternational.org\\\/pt-pt\\\/#\\\/schema\\\/logo\\\/image\\\/\"},\"sameAs\":[\"https:\\\/\\\/www.facebook.com\\\/acninternationalorg\",\"https:\\\/\\\/x.com\\\/acn_int\",\"https:\\\/\\\/www.youtube.com\\\/channel\\\/UCQ-077gS0TnVzkhHmf1opZw\",\"https:\\\/\\\/www.instagram.com\\\/acn_international\\\/\"]}]}<\/script>\n<!-- \/ Yoast SEO Premium plugin. -->","yoast_head_json":{"title":"Distribui\u00e7\u00e3o de B\u00edblias | ACN International","robots":{"index":"index","follow":"follow","max-snippet":"max-snippet:-1","max-image-preview":"max-image-preview:large","max-video-preview":"max-video-preview:-1"},"canonical":"https:\/\/acninternational.org\/pt-pt\/biblia-da-crianca-old\/","og_locale":"pt_PT","og_type":"article","og_title":"Distribui\u00e7\u00e3o de B\u00edblias","og_description":"\u201cIde pelo mundo inteiro e proclamai o Evangelho a toda a criatura\u201d, ordenou Jesus. A ACN entende esta ordem literalmente. Assim, desde 1979, a nossa organiza\u00e7\u00e3o edita e fornece mundialmente a B\u00edblia da Crian\u00e7a, traduzida para 194 l\u00ednguas e com 51,7 milh\u00f5es de exemplares distribu\u00eddos. Em pa\u00edses pobres, a B\u00edblia da Crian\u00e7a \u00e9, muitas vezes, [&hellip;]","og_url":"https:\/\/acninternational.org\/pt-pt\/biblia-da-crianca-old\/","og_site_name":"ACN International","article_publisher":"https:\/\/www.facebook.com\/acninternationalorg","article_modified_time":"2025-09-19T04:31:49+00:00","og_image":[{"width":1920,"height":700,"url":"https:\/\/media.acninternational.org\/wp-content\/uploads\/2020\/06\/ACN-20230327-143262.jpg","type":"image\/jpeg"}],"twitter_card":"summary_large_image","twitter_site":"@acn_int","twitter_misc":{"Tempo estimado de leitura":"2 minutos"},"schema":{"@context":"https:\/\/schema.org","@graph":[{"@type":"WebPage","@id":"https:\/\/acninternational.org\/pt-pt\/biblia-da-crianca-old\/","url":"https:\/\/acninternational.org\/pt-pt\/biblia-da-crianca-old\/","name":"Distribui\u00e7\u00e3o de B\u00edblias | ACN International","isPartOf":{"@id":"https:\/\/acninternational.org\/pt-pt\/#website"},"primaryImageOfPage":{"@id":"https:\/\/acninternational.org\/pt-pt\/biblia-da-crianca-old\/#primaryimage"},"image":{"@id":"https:\/\/acninternational.org\/pt-pt\/biblia-da-crianca-old\/#primaryimage"},"thumbnailUrl":"https:\/\/media.acninternational.org\/wp-content\/uploads\/2020\/06\/ACN-20230327-143262.jpg","datePublished":"2025-03-10T12:32:17+00:00","dateModified":"2025-09-19T04:31:49+00:00","breadcrumb":{"@id":"https:\/\/acninternational.org\/pt-pt\/biblia-da-crianca-old\/#breadcrumb"},"inLanguage":"pt-PT","potentialAction":[{"@type":"ReadAction","target":["https:\/\/acninternational.org\/pt-pt\/biblia-da-crianca-old\/"]}]},{"@type":"ImageObject","inLanguage":"pt-PT","@id":"https:\/\/acninternational.org\/pt-pt\/biblia-da-crianca-old\/#primaryimage","url":"https:\/\/media.acninternational.org\/wp-content\/uploads\/2020\/06\/ACN-20230327-143262.jpg","contentUrl":"https:\/\/media.acninternational.org\/wp-content\/uploads\/2020\/06\/ACN-20230327-143262.jpg","width":1920,"height":700},{"@type":"BreadcrumbList","@id":"https:\/\/acninternational.org\/pt-pt\/biblia-da-crianca-old\/#breadcrumb","itemListElement":[{"@type":"ListItem","position":1,"name":"Home","item":"https:\/\/acninternational.org\/pt-pt\/"},{"@type":"ListItem","position":2,"name":"Distribui\u00e7\u00e3o de B\u00edblias"}]},{"@type":"WebSite","@id":"https:\/\/acninternational.org\/pt-pt\/#website","url":"https:\/\/acninternational.org\/pt-pt\/","name":"ACN International","description":"","publisher":{"@id":"https:\/\/acninternational.org\/pt-pt\/#organization"},"potentialAction":[{"@type":"SearchAction","target":{"@type":"EntryPoint","urlTemplate":"https:\/\/acninternational.org\/pt-pt\/?s={search_term_string}"},"query-input":{"@type":"PropertyValueSpecification","valueRequired":true,"valueName":"search_term_string"}}],"inLanguage":"pt-PT"},{"@type":"Organization","@id":"https:\/\/acninternational.org\/pt-pt\/#organization","name":"Aid to the Church in Need International","url":"https:\/\/acninternational.org\/pt-pt\/","logo":{"@type":"ImageObject","inLanguage":"pt-PT","@id":"https:\/\/acninternational.org\/pt-pt\/#\/schema\/logo\/image\/","url":"https:\/\/media.acninternational.org\/wp-content\/uploads\/2019\/11\/acn_logo_blackvector.svg","contentUrl":"https:\/\/media.acninternational.org\/wp-content\/uploads\/2019\/11\/acn_logo_blackvector.svg","width":232.6,"height":78,"caption":"Aid to the Church in Need International"},"image":{"@id":"https:\/\/acninternational.org\/pt-pt\/#\/schema\/logo\/image\/"},"sameAs":["https:\/\/www.facebook.com\/acninternationalorg","https:\/\/x.com\/acn_int","https:\/\/www.youtube.com\/channel\/UCQ-077gS0TnVzkhHmf1opZw","https:\/\/www.instagram.com\/acn_international\/"]}]}},"_links":{"self":[{"href":"https:\/\/acninternational.org\/pt-pt\/wp-json\/wp\/v2\/pages\/242164","targetHints":{"allow":["GET"]}}],"collection":[{"href":"https:\/\/acninternational.org\/pt-pt\/wp-json\/wp\/v2\/pages"}],"about":[{"href":"https:\/\/acninternational.org\/pt-pt\/wp-json\/wp\/v2\/types\/page"}],"author":[{"embeddable":true,"href":"https:\/\/acninternational.org\/pt-pt\/wp-json\/wp\/v2\/users\/4258341447"}],"replies":[{"embeddable":true,"href":"https:\/\/acninternational.org\/pt-pt\/wp-json\/wp\/v2\/comments?post=242164"}],"version-history":[{"count":1,"href":"https:\/\/acninternational.org\/pt-pt\/wp-json\/wp\/v2\/pages\/242164\/revisions"}],"predecessor-version":[{"id":256988,"href":"https:\/\/acninternational.org\/pt-pt\/wp-json\/wp\/v2\/pages\/242164\/revisions\/256988"}],"wp:featuredmedia":[{"embeddable":true,"href":"https:\/\/acninternational.org\/pt-pt\/wp-json\/wp\/v2\/media\/214270"}],"wp:attachment":[{"href":"https:\/\/acninternational.org\/pt-pt\/wp-json\/wp\/v2\/media?parent=242164"}],"curies":[{"name":"wp","href":"https:\/\/api.w.org\/{rel}","templated":true}]}}