{"id":156433,"date":"2021-06-16T09:55:17","date_gmt":"2021-06-16T07:55:17","guid":{"rendered":"https:\/\/acninternational.org\/?page_id=156433"},"modified":"2023-07-14T14:52:23","modified_gmt":"2023-07-14T12:52:23","slug":"acn-de-luto-por-bento-xvi","status":"publish","type":"page","link":"https:\/\/acninternational.org\/pt-pt\/acn-de-luto-por-bento-xvi\/","title":{"rendered":"ACN de luto por Bento XVI"},"content":{"rendered":"<h1>ACN de luto por Bento XVI<\/h1>\n<p><strong>A ACN se despediu com muita emo\u00e7\u00e3<\/strong><strong>o e <\/strong><strong>gratid\u00e3<\/strong><strong>o<\/strong> <strong>do<\/strong> <strong>Papa<\/strong> <strong>Em\u00e9<\/strong><strong>rito<\/strong> <strong>Bento<\/strong> <strong>XVI <\/strong><strong>(1927<\/strong><strong>\u20132022), que teve uma liga\u00e7\u00e3o pr\u00f3xima<\/strong> <strong>com<\/strong> <strong>nossa <\/strong><strong>associa\u00e7\u00e3<\/strong><strong>o <\/strong><strong>de ajuda por muitos anos. Durante seu pontificado,<\/strong> <strong>ele <\/strong><strong>elevou<\/strong> <strong>a <\/strong><strong>ACN<\/strong> <strong>a <\/strong><strong>uma Funda\u00e7\u00e3<\/strong><strong>o Pontif<\/strong><strong>\u00edcia e nos deu est\u00ed<\/strong><strong>mulos<\/strong> <strong>importantes<\/strong> <strong>para<\/strong> <strong>nosso<\/strong> <strong>trabalho. Perdemos um apaixonado pregador do<\/strong> <strong>amor<\/strong> <strong>ao<\/strong> <strong>pr<\/strong><strong>\u00f3ximo,<\/strong> <strong>assim<\/strong> <strong>como<\/strong> <strong>um grande<\/strong> <strong>amigo<\/strong> <strong>e <\/strong><strong>apoiador<\/strong> <strong>da nossa <\/strong><strong>funda\u00e7\u00e3<\/strong><strong>o.<\/strong><\/p>\n<figure id=\"attachment_183318\" aria-describedby=\"caption-attachment-183318\" style=\"width: 1080px\" class=\"wp-caption aligncenter\"><img loading=\"lazy\" decoding=\"async\" src=\"https:\/\/media.acninternational.org\/wp-content\/uploads\/2023\/07\/20090325_003.jpg\" alt=\"Sauda\u00e7\u00e3o do Papa em uma de suas muitas viagens \u2013 aqui em 2009 em Luanda, Angola.\" width=\"1080\" height=\"721\" \/><figcaption id=\"caption-attachment-183318\" class=\"wp-caption-text\">Sauda\u00e7\u00e3o do Papa em uma de suas muitas viagens \u2013 aqui em 2009 em Luanda, Angola.<\/figcaption><\/figure>\n<p>Joseph Ratzinger valorizou e apoiou a ACN n\u00e3o somente durante seu pontificado (2005\u20132013), mas tamb\u00e9m j\u00e1 em seu tempo como cardeal e prefeito da Congrega\u00e7\u00e3o da F\u00e9. J\u00e1 em 2002, ele declarou: \u201cEu apoio a funda\u00e7\u00e3o \u2018Ajuda \u00e0 Igreja que Sofre\u2019 porque sei que eles fazem um real servi\u00e7o pela f\u00e9\u201d. O presidente da ACN, Cardeal Mauro Piacenza, homenageou Bento XVI como \u201cgrande amigo e apoiador da ACN\u201d, e enfatizou:<\/p>\n<p>\u201cA ACN valoriza muito que o Papa Bento XVI dedicou sua primeira enc\u00edclica, \u2018Deus caritas es\u2019, ao amor ao pr\u00f3ximo\u201d. Com isso, ele teria fortalecido a miss\u00e3o da associa\u00e7\u00e3o de ajuda, que, \u201cdevido ao seu carisma fundacional, lida muito com o amor ao pr\u00f3ximo para ajudar a Igreja que sofre\u201d.<\/p>\n<figure id=\"attachment_183312\" aria-describedby=\"caption-attachment-183312\" style=\"width: 1080px\" class=\"wp-caption aligncenter\"><img loading=\"lazy\" decoding=\"async\" src=\"https:\/\/media.acninternational.org\/wp-content\/uploads\/2023\/07\/20070726_002.jpg\" alt=\"Em 2007, no Brasil, o Papa distribui o exemplar n\u00famero 10 milh\u00f5es B\u00edblia da Crian\u00e7a, da ACN, em portugu\u00eas.\" width=\"1080\" height=\"721\" \/><figcaption id=\"caption-attachment-183312\" class=\"wp-caption-text\">Em 2007, no Brasil, o Papa distribui o exemplar n\u00famero 10 milh\u00f5es B\u00edblia da Crian\u00e7a, da ACN, em portugu\u00eas.<\/figcaption><\/figure>\n<p>O Cardeal Piacenza tamb\u00e9m lembrou que foi esse Papa que, em 2011, elevou a ACN \u00e0 Funda\u00e7\u00e3o Pontif\u00edcia e iniciou um processo de moderniza\u00e7\u00e3o abrangente na ACN. Com essa transforma\u00e7\u00e3o, nossa associa\u00e7\u00e3o de ajuda assumiu a forma que possui at\u00e9 hoje. Em sua carta de confirma\u00e7\u00e3o, o Papa homenageou a ACN \u201ccomo uma associa\u00e7\u00e3o de ajuda que, h\u00e1 65 anos, acompanha a Igreja em todos os locais onde ela carece de recursos financeiros ou sofre viola\u00e7\u00f5es da liberdade religiosa\u201d.<\/p>\n<p>Tivemos muitos encontros inesquec\u00edveis com Bento XVI. Em algumas de suas viagens ao exterior, ele teve a oportunidade de ver por conta pr\u00f3pria nossas a\u00e7\u00f5es em favor de crist\u00e3os em situa\u00e7\u00e3o de sofrimento e opress\u00e3o. Em 2007, por exemplo, em uma viagem apost\u00f3lica ao Brasil, ele visitou o centro de reabilita\u00e7\u00e3o para dependentes de drogas \u201cFazenda da Esperan\u00e7a\u201d, apoiado pela ACN.<\/p>\n<figure id=\"attachment_183324\" aria-describedby=\"caption-attachment-183324\" style=\"width: 1080px\" class=\"wp-caption aligncenter\"><img loading=\"lazy\" decoding=\"async\" src=\"https:\/\/media.acninternational.org\/wp-content\/uploads\/2023\/07\/20100427_023_85297.jpg\" alt=\"Bento XVI entrega uma imagem de Nossa Senhora ao P. J. Alliende em ocasi\u00e3o do 60.\u00ba anivers\u00e1rio de funda\u00e7\u00e3o da ACN, em 2007.\" width=\"1080\" height=\"726\" \/><figcaption id=\"caption-attachment-183324\" class=\"wp-caption-text\">Bento XVI entrega uma imagem de Nossa Senhora ao P. J. Alliende em ocasi\u00e3o do 60.\u00ba anivers\u00e1rio de funda\u00e7\u00e3o da ACN, em 2007.<\/figcaption><\/figure>\n<p>Tamb\u00e9m mantemos na mem\u00f3ria uma confer\u00eancia realizada em Castel Gandolfo dos dias 13 a 16 de setembro de 2007 por ocasi\u00e3o do 60.\u00ba anivers\u00e1rio de funda\u00e7\u00e3o da ACN. O Papa Bento XVI recebeu uma delega\u00e7\u00e3o da ACN em sua resid\u00eancia de ver\u00e3o e nos presenteou com uma imagem de Nossa Senhora que obteve um lugar de honra na sede internacional da ACN.<\/p>\n<figure id=\"attachment_183330\" aria-describedby=\"caption-attachment-183330\" style=\"width: 1080px\" class=\"wp-caption aligncenter\"><img loading=\"lazy\" decoding=\"async\" src=\"https:\/\/media.acninternational.org\/wp-content\/uploads\/2023\/07\/ACN-20230105-138536.jpg\" alt=\"Bento XVI, Arcebispo G. G\u00e4nswein e o diretor da ACN na Su\u00ed\u00e7a, J. Probst, em 2019.\" width=\"1080\" height=\"815\" \/><figcaption id=\"caption-attachment-183330\" class=\"wp-caption-text\">Bento XVI, Arcebispo G. G\u00e4nswein e o diretor da ACN na Su\u00ed\u00e7a, J. Probst, em 2019.<\/figcaption><\/figure>\n<p>O presidente-executivo da ACN, Thomas Heine-Geldern, tamb\u00e9m lembrou o quanto o Papa Bento XVI se importava com os jovens: \u201cEle tamb\u00e9m confiou a n\u00f3s essa importante quest\u00e3o por meio do acompanhamento, dissemina\u00e7\u00e3o e desenvolvimento do catecismo juvenil YOUCAT\u201d. No pref\u00e1cio do YOUCAT, o Papa Bento XVI se dirigiu diretamente aos jovens: \u201cA f\u00e9 em voc\u00eas precisa estar ainda muito mais enraizada do que na gera\u00e7\u00e3o dos seus pais para poder enfrentar os desafios e as tenta\u00e7\u00f5es deste tempo com for\u00e7a e determina\u00e7\u00e3o\u201d.<\/p>\n<p>Em janeiro de 2019, Jan Probst, diretor do escrit\u00f3rio nacional da ACN na Su\u00ed\u00e7a, foi o \u00faltimo representante da ACN a visitar o Papa em\u00e9rito em seu retiro no Vaticano. Probst se lembra: \u201cFoi um encontro impressionante. Apesar de estar fraco fisicamente, o racioc\u00ednio de Bento XVI estava claro e seu carisma estava inalterado. Ele disse: \u2018Garanto que voc\u00ea e a ACN est\u00e3o em minhas ora\u00e7\u00f5es.\u2019\u201d<\/p>\n<p>Nossa associa\u00e7\u00e3o de ajuda lembra do Papa falecido com gratid\u00e3o e continua sentindo um dever em rela\u00e7\u00e3o a ele em seu legado.<\/p>\n","protected":false},"excerpt":{"rendered":"<p>ACN de luto por Bento XVI A ACN se despediu com muita emo\u00e7\u00e3o e gratid\u00e3o do Papa Em\u00e9rito Bento XVI (1927\u20132022), que teve uma liga\u00e7\u00e3o pr\u00f3xima com nossa associa\u00e7\u00e3o de ajuda por muitos anos. Durante seu pontificado, ele elevou a ACN a uma Funda\u00e7\u00e3o Pontif\u00edcia e nos deu est\u00edmulos importantes para nosso trabalho. Perdemos um [&hellip;]<\/p>\n","protected":false},"author":4258341447,"featured_media":183284,"parent":0,"menu_order":0,"comment_status":"closed","ping_status":"closed","template":"","meta":{"_acf_changed":false,"footnotes":""},"class_list":["post-156433","page","type-page","status-publish","has-post-thumbnail","hentry"],"acf":[],"yoast_head":"<!-- This site is optimized with the Yoast SEO Premium plugin v27.3 (Yoast SEO v27.3) - https:\/\/yoast.com\/product\/yoast-seo-premium-wordpress\/ -->\n<title>ACN de luto por Bento XVI | ACN International<\/title>\n<meta name=\"robots\" content=\"index, follow, max-snippet:-1, max-image-preview:large, max-video-preview:-1\" \/>\n<link rel=\"canonical\" href=\"https:\/\/acninternational.org\/pt-pt\/acn-de-luto-por-bento-xvi\/\" \/>\n<meta property=\"og:locale\" content=\"pt_PT\" \/>\n<meta property=\"og:type\" content=\"article\" \/>\n<meta property=\"og:title\" content=\"ACN de luto por Bento XVI\" \/>\n<meta property=\"og:description\" content=\"ACN de luto por Bento XVI A ACN se despediu com muita emo\u00e7\u00e3o e gratid\u00e3o do Papa Em\u00e9rito Bento XVI (1927\u20132022), que teve uma liga\u00e7\u00e3o pr\u00f3xima com nossa associa\u00e7\u00e3o de ajuda por muitos anos. Durante seu pontificado, ele elevou a ACN a uma Funda\u00e7\u00e3o Pontif\u00edcia e nos deu est\u00edmulos importantes para nosso trabalho. Perdemos um [&hellip;]\" \/>\n<meta property=\"og:url\" content=\"https:\/\/acninternational.org\/pt-pt\/acn-de-luto-por-bento-xvi\/\" \/>\n<meta property=\"og:site_name\" content=\"ACN International\" \/>\n<meta property=\"article:publisher\" content=\"https:\/\/www.facebook.com\/acninternationalorg\" \/>\n<meta property=\"article:modified_time\" content=\"2023-07-14T12:52:23+00:00\" \/>\n<meta property=\"og:image\" content=\"https:\/\/media.acninternational.org\/wp-content\/uploads\/2023\/07\/Pope-Benedict-XVI-2.jpg\" \/>\n\t<meta property=\"og:image:width\" content=\"1400\" \/>\n\t<meta property=\"og:image:height\" content=\"438\" \/>\n\t<meta property=\"og:image:type\" content=\"image\/jpeg\" \/>\n<meta name=\"twitter:card\" content=\"summary_large_image\" \/>\n<meta name=\"twitter:site\" content=\"@acn_int\" \/>\n<meta name=\"twitter:label1\" content=\"Tempo estimado de leitura\" \/>\n\t<meta name=\"twitter:data1\" content=\"5 minutos\" \/>\n<script type=\"application\/ld+json\" class=\"yoast-schema-graph\">{\"@context\":\"https:\\\/\\\/schema.org\",\"@graph\":[{\"@type\":\"WebPage\",\"@id\":\"https:\\\/\\\/acninternational.org\\\/pt-pt\\\/acn-de-luto-por-bento-xvi\\\/\",\"url\":\"https:\\\/\\\/acninternational.org\\\/pt-pt\\\/acn-de-luto-por-bento-xvi\\\/\",\"name\":\"ACN de luto por Bento XVI | ACN International\",\"isPartOf\":{\"@id\":\"https:\\\/\\\/acninternational.org\\\/pt-pt\\\/#website\"},\"primaryImageOfPage\":{\"@id\":\"https:\\\/\\\/acninternational.org\\\/pt-pt\\\/acn-de-luto-por-bento-xvi\\\/#primaryimage\"},\"image\":{\"@id\":\"https:\\\/\\\/acninternational.org\\\/pt-pt\\\/acn-de-luto-por-bento-xvi\\\/#primaryimage\"},\"thumbnailUrl\":\"https:\\\/\\\/media.acninternational.org\\\/wp-content\\\/uploads\\\/2023\\\/07\\\/Pope-Benedict-XVI-2.jpg\",\"datePublished\":\"2021-06-16T07:55:17+00:00\",\"dateModified\":\"2023-07-14T12:52:23+00:00\",\"breadcrumb\":{\"@id\":\"https:\\\/\\\/acninternational.org\\\/pt-pt\\\/acn-de-luto-por-bento-xvi\\\/#breadcrumb\"},\"inLanguage\":\"pt-PT\",\"potentialAction\":[{\"@type\":\"ReadAction\",\"target\":[\"https:\\\/\\\/acninternational.org\\\/pt-pt\\\/acn-de-luto-por-bento-xvi\\\/\"]}]},{\"@type\":\"ImageObject\",\"inLanguage\":\"pt-PT\",\"@id\":\"https:\\\/\\\/acninternational.org\\\/pt-pt\\\/acn-de-luto-por-bento-xvi\\\/#primaryimage\",\"url\":\"https:\\\/\\\/media.acninternational.org\\\/wp-content\\\/uploads\\\/2023\\\/07\\\/Pope-Benedict-XVI-2.jpg\",\"contentUrl\":\"https:\\\/\\\/media.acninternational.org\\\/wp-content\\\/uploads\\\/2023\\\/07\\\/Pope-Benedict-XVI-2.jpg\",\"width\":1400,\"height\":438},{\"@type\":\"BreadcrumbList\",\"@id\":\"https:\\\/\\\/acninternational.org\\\/pt-pt\\\/acn-de-luto-por-bento-xvi\\\/#breadcrumb\",\"itemListElement\":[{\"@type\":\"ListItem\",\"position\":1,\"name\":\"Home\",\"item\":\"https:\\\/\\\/acninternational.org\\\/pt-pt\\\/\"},{\"@type\":\"ListItem\",\"position\":2,\"name\":\"ACN de luto por Bento XVI\"}]},{\"@type\":\"WebSite\",\"@id\":\"https:\\\/\\\/acninternational.org\\\/pt-pt\\\/#website\",\"url\":\"https:\\\/\\\/acninternational.org\\\/pt-pt\\\/\",\"name\":\"ACN International\",\"description\":\"\",\"publisher\":{\"@id\":\"https:\\\/\\\/acninternational.org\\\/pt-pt\\\/#organization\"},\"potentialAction\":[{\"@type\":\"SearchAction\",\"target\":{\"@type\":\"EntryPoint\",\"urlTemplate\":\"https:\\\/\\\/acninternational.org\\\/pt-pt\\\/?s={search_term_string}\"},\"query-input\":{\"@type\":\"PropertyValueSpecification\",\"valueRequired\":true,\"valueName\":\"search_term_string\"}}],\"inLanguage\":\"pt-PT\"},{\"@type\":\"Organization\",\"@id\":\"https:\\\/\\\/acninternational.org\\\/pt-pt\\\/#organization\",\"name\":\"Aid to the Church in Need International\",\"url\":\"https:\\\/\\\/acninternational.org\\\/pt-pt\\\/\",\"logo\":{\"@type\":\"ImageObject\",\"inLanguage\":\"pt-PT\",\"@id\":\"https:\\\/\\\/acninternational.org\\\/pt-pt\\\/#\\\/schema\\\/logo\\\/image\\\/\",\"url\":\"https:\\\/\\\/media.acninternational.org\\\/wp-content\\\/uploads\\\/2019\\\/11\\\/acn_logo_blackvector.svg\",\"contentUrl\":\"https:\\\/\\\/media.acninternational.org\\\/wp-content\\\/uploads\\\/2019\\\/11\\\/acn_logo_blackvector.svg\",\"width\":232.6,\"height\":78,\"caption\":\"Aid to the Church in Need International\"},\"image\":{\"@id\":\"https:\\\/\\\/acninternational.org\\\/pt-pt\\\/#\\\/schema\\\/logo\\\/image\\\/\"},\"sameAs\":[\"https:\\\/\\\/www.facebook.com\\\/acninternationalorg\",\"https:\\\/\\\/x.com\\\/acn_int\",\"https:\\\/\\\/www.youtube.com\\\/channel\\\/UCQ-077gS0TnVzkhHmf1opZw\",\"https:\\\/\\\/www.instagram.com\\\/acn_international\\\/\"]}]}<\/script>\n<!-- \/ Yoast SEO Premium plugin. -->","yoast_head_json":{"title":"ACN de luto por Bento XVI | ACN International","robots":{"index":"index","follow":"follow","max-snippet":"max-snippet:-1","max-image-preview":"max-image-preview:large","max-video-preview":"max-video-preview:-1"},"canonical":"https:\/\/acninternational.org\/pt-pt\/acn-de-luto-por-bento-xvi\/","og_locale":"pt_PT","og_type":"article","og_title":"ACN de luto por Bento XVI","og_description":"ACN de luto por Bento XVI A ACN se despediu com muita emo\u00e7\u00e3o e gratid\u00e3o do Papa Em\u00e9rito Bento XVI (1927\u20132022), que teve uma liga\u00e7\u00e3o pr\u00f3xima com nossa associa\u00e7\u00e3o de ajuda por muitos anos. Durante seu pontificado, ele elevou a ACN a uma Funda\u00e7\u00e3o Pontif\u00edcia e nos deu est\u00edmulos importantes para nosso trabalho. Perdemos um [&hellip;]","og_url":"https:\/\/acninternational.org\/pt-pt\/acn-de-luto-por-bento-xvi\/","og_site_name":"ACN International","article_publisher":"https:\/\/www.facebook.com\/acninternationalorg","article_modified_time":"2023-07-14T12:52:23+00:00","og_image":[{"width":1400,"height":438,"url":"https:\/\/media.acninternational.org\/wp-content\/uploads\/2023\/07\/Pope-Benedict-XVI-2.jpg","type":"image\/jpeg"}],"twitter_card":"summary_large_image","twitter_site":"@acn_int","twitter_misc":{"Tempo estimado de leitura":"5 minutos"},"schema":{"@context":"https:\/\/schema.org","@graph":[{"@type":"WebPage","@id":"https:\/\/acninternational.org\/pt-pt\/acn-de-luto-por-bento-xvi\/","url":"https:\/\/acninternational.org\/pt-pt\/acn-de-luto-por-bento-xvi\/","name":"ACN de luto por Bento XVI | ACN International","isPartOf":{"@id":"https:\/\/acninternational.org\/pt-pt\/#website"},"primaryImageOfPage":{"@id":"https:\/\/acninternational.org\/pt-pt\/acn-de-luto-por-bento-xvi\/#primaryimage"},"image":{"@id":"https:\/\/acninternational.org\/pt-pt\/acn-de-luto-por-bento-xvi\/#primaryimage"},"thumbnailUrl":"https:\/\/media.acninternational.org\/wp-content\/uploads\/2023\/07\/Pope-Benedict-XVI-2.jpg","datePublished":"2021-06-16T07:55:17+00:00","dateModified":"2023-07-14T12:52:23+00:00","breadcrumb":{"@id":"https:\/\/acninternational.org\/pt-pt\/acn-de-luto-por-bento-xvi\/#breadcrumb"},"inLanguage":"pt-PT","potentialAction":[{"@type":"ReadAction","target":["https:\/\/acninternational.org\/pt-pt\/acn-de-luto-por-bento-xvi\/"]}]},{"@type":"ImageObject","inLanguage":"pt-PT","@id":"https:\/\/acninternational.org\/pt-pt\/acn-de-luto-por-bento-xvi\/#primaryimage","url":"https:\/\/media.acninternational.org\/wp-content\/uploads\/2023\/07\/Pope-Benedict-XVI-2.jpg","contentUrl":"https:\/\/media.acninternational.org\/wp-content\/uploads\/2023\/07\/Pope-Benedict-XVI-2.jpg","width":1400,"height":438},{"@type":"BreadcrumbList","@id":"https:\/\/acninternational.org\/pt-pt\/acn-de-luto-por-bento-xvi\/#breadcrumb","itemListElement":[{"@type":"ListItem","position":1,"name":"Home","item":"https:\/\/acninternational.org\/pt-pt\/"},{"@type":"ListItem","position":2,"name":"ACN de luto por Bento XVI"}]},{"@type":"WebSite","@id":"https:\/\/acninternational.org\/pt-pt\/#website","url":"https:\/\/acninternational.org\/pt-pt\/","name":"ACN International","description":"","publisher":{"@id":"https:\/\/acninternational.org\/pt-pt\/#organization"},"potentialAction":[{"@type":"SearchAction","target":{"@type":"EntryPoint","urlTemplate":"https:\/\/acninternational.org\/pt-pt\/?s={search_term_string}"},"query-input":{"@type":"PropertyValueSpecification","valueRequired":true,"valueName":"search_term_string"}}],"inLanguage":"pt-PT"},{"@type":"Organization","@id":"https:\/\/acninternational.org\/pt-pt\/#organization","name":"Aid to the Church in Need International","url":"https:\/\/acninternational.org\/pt-pt\/","logo":{"@type":"ImageObject","inLanguage":"pt-PT","@id":"https:\/\/acninternational.org\/pt-pt\/#\/schema\/logo\/image\/","url":"https:\/\/media.acninternational.org\/wp-content\/uploads\/2019\/11\/acn_logo_blackvector.svg","contentUrl":"https:\/\/media.acninternational.org\/wp-content\/uploads\/2019\/11\/acn_logo_blackvector.svg","width":232.6,"height":78,"caption":"Aid to the Church in Need International"},"image":{"@id":"https:\/\/acninternational.org\/pt-pt\/#\/schema\/logo\/image\/"},"sameAs":["https:\/\/www.facebook.com\/acninternationalorg","https:\/\/x.com\/acn_int","https:\/\/www.youtube.com\/channel\/UCQ-077gS0TnVzkhHmf1opZw","https:\/\/www.instagram.com\/acn_international\/"]}]}},"_links":{"self":[{"href":"https:\/\/acninternational.org\/pt-pt\/wp-json\/wp\/v2\/pages\/156433","targetHints":{"allow":["GET"]}}],"collection":[{"href":"https:\/\/acninternational.org\/pt-pt\/wp-json\/wp\/v2\/pages"}],"about":[{"href":"https:\/\/acninternational.org\/pt-pt\/wp-json\/wp\/v2\/types\/page"}],"author":[{"embeddable":true,"href":"https:\/\/acninternational.org\/pt-pt\/wp-json\/wp\/v2\/users\/4258341447"}],"replies":[{"embeddable":true,"href":"https:\/\/acninternational.org\/pt-pt\/wp-json\/wp\/v2\/comments?post=156433"}],"version-history":[{"count":0,"href":"https:\/\/acninternational.org\/pt-pt\/wp-json\/wp\/v2\/pages\/156433\/revisions"}],"wp:featuredmedia":[{"embeddable":true,"href":"https:\/\/acninternational.org\/pt-pt\/wp-json\/wp\/v2\/media\/183284"}],"wp:attachment":[{"href":"https:\/\/acninternational.org\/pt-pt\/wp-json\/wp\/v2\/media?parent=156433"}],"curies":[{"name":"wp","href":"https:\/\/api.w.org\/{rel}","templated":true}]}}