{"id":140928,"date":"2020-07-31T12:45:10","date_gmt":"2020-07-31T10:45:10","guid":{"rendered":"https:\/\/acninternational.org\/?page_id=140928"},"modified":"2022-06-20T08:14:09","modified_gmt":"2022-06-20T06:14:09","slug":"condicoes-de-uso","status":"publish","type":"page","link":"https:\/\/acninternational.org\/pt-pt\/condicoes-de-uso\/","title":{"rendered":"Termos &#038; Condi\u00e7\u00f5es"},"content":{"rendered":"<h1>Imprint, Termos &#038; Condi\u00e7\u00f5es<\/h1>\n<h3><strong>Termos &amp; Condi\u00e7\u00f5es<\/strong><\/h3>\n<p>Ao aceder a este website, est\u00e1 a concordar com os termos de utiliza\u00e7\u00e3o do s\u00edtio aqui expostos. Caso n\u00e3o esteja de acordo com os termos, deve cessar a utiliza\u00e7\u00e3o do website.<\/p>\n<h4><strong>Completude e exactid\u00e3o da informa\u00e7\u00e3o<\/strong><\/h4>\n<p>Este website destina-se a informa\u00e7\u00f5es gerais sobre a ACN International &#8211; Ajuda \u00e0 Igreja que Sofre e a sua pol\u00edtica em mat\u00e9ria de concess\u00e3o de subs\u00eddios. Embora a Sede Internacional da Ajuda \u00e0 Igreja que Sofre fa\u00e7a todos os esfor\u00e7os para assegurar a exactid\u00e3o do material publicado neste website, n\u00e3o aceita qualquer responsabilidade ou obriga\u00e7\u00e3o pela exactid\u00e3o, integridade ou fiabilidade das informa\u00e7\u00f5es publicadas no website ou disponibilizadas para download a partir do mesmo. N\u00e3o s\u00e3o feitas salvaguardas, garantias, ou aval de qualquer natureza quanto \u00e0 exactid\u00e3o ou integridade do material publicado no nosso website. A confian\u00e7a em e a utiliza\u00e7\u00e3o de qualquer informa\u00e7\u00e3o dispon\u00edvel a partir deste website \u00e9 inteiramente por sua conta e risco.<\/p>\n<p>Exclu\u00edmos, na medida m\u00e1xima permitida por lei, toda e qualquer responsabilidade por qualquer perda ou dano que possa ocorrer, independente da forma, decorrente da utiliza\u00e7\u00e3o, incapacidade de utiliza\u00e7\u00e3o ou confian\u00e7a no material obtido a partir do nosso website.<\/p>\n<h4><strong>Website de terceiros<\/strong><\/h4>\n<p>Algumas p\u00e1ginas deste website podem conter liga\u00e7\u00f5es (links) para websites de terceiros que n\u00e3o s\u00e3o controlados e\/ou mantidos pela Sede Internacional da Ajuda \u00e0 Igreja que Sofre. A Ajuda \u00e0 Igreja que Sofre n\u00e3o aceita qualquer responsabilidade ou obriga\u00e7\u00e3o pelo conte\u00fado de websites de terceiros. As liga\u00e7\u00f5es a websites de terceiros s\u00e3o inclu\u00eddas apenas por uma quest\u00e3o de conveni\u00eancia &#8211; a sua inclus\u00e3o n\u00e3o constitui de forma alguma um aval incondicional da Ajuda \u00e0 Igreja que Sofre. O utilizador \u00e9 respons\u00e1vel pelo cumprimento dos termos e condi\u00e7\u00f5es de utiliza\u00e7\u00e3o de qualquer website.<\/p>\n<p>Toda e qualquer liga\u00e7\u00e3o para websites de terceiros a este website s\u00f3 pode ser feita ap\u00f3s a obten\u00e7\u00e3o do consentimento pr\u00e9vio por escrito da Sede Internacional da Ajuda \u00e0 Igreja que Sofre.<\/p>\n<p>Contacte a Ajuda \u00e0 Igreja que Sofre para solicitar autoriza\u00e7\u00e3o para criar uma liga\u00e7\u00e3o a este website.<\/p>\n<h4><strong>Modifica\u00e7\u00e3o dos termos e condi\u00e7\u00f5es<\/strong><\/h4>\n<p>A Ajuda \u00e0 Igreja que Sofre reserva-se o direito de modificar ou substituir estes termos e condi\u00e7\u00f5es sem aviso pr\u00e9vio. Os novos termos e condi\u00e7\u00f5es ser\u00e3o publicados nesta p\u00e1gina do website. A sua utiliza\u00e7\u00e3o continuada do website constitui a sua aceita\u00e7\u00e3o destes termos e condi\u00e7\u00f5es.<\/p>\n<p>Aconselha-se o utilizador a verificar periodicamente quaisquer altera\u00e7\u00f5es aos termos e condi\u00e7\u00f5es deste website. Se n\u00e3o concordar com quaisquer novos termos e condi\u00e7\u00f5es, poder\u00e1 cessar a utiliza\u00e7\u00e3o do website.<\/p>\n<h4><strong>Direitos de autor<\/strong><\/h4>\n<p>O material deste website est\u00e1 sujeito \u00e0s leis de direitos de autor e \u00e0 declara\u00e7\u00e3o de direitos de autor da Ajuda \u00e0 Igreja que Sofre.<\/p>\n<h4><strong>Privacidade<\/strong><\/h4>\n<p>Quaisquer dados submetidos atrav\u00e9s deste website ser\u00e3o tratados de acordo com a pol\u00edtica de privacidade da Ajuda \u00e0 Igreja que Sofre.<\/p>\n<h4><strong>Leis que regem este s\u00edtio web<\/strong><\/h4>\n<p>Este website, incluindo estes termos e condi\u00e7\u00f5es, ser\u00e1 regido pela lei alem\u00e3. Os tribunais alem\u00e3es ter\u00e3o jurisdi\u00e7\u00e3o exclusiva sobre quaisquer lit\u00edgios decorrentes deste website.<\/p>\n<h3><strong>Termos &amp; Condi\u00e7\u00f5es<\/strong><\/h3>\n<p>Ao aceder a este website, est\u00e1 a concordar com os termos de utiliza\u00e7\u00e3o do s\u00edtio aqui expostos. Caso n\u00e3o esteja de acordo com os termos, deve cessar a utiliza\u00e7\u00e3o do website.<\/p>\n<h4><strong>Completude e exactid\u00e3o da informa\u00e7\u00e3o<\/strong><\/h4>\n<p>Este website destina-se a informa\u00e7\u00f5es gerais sobre a ACN International &#8211; Ajuda \u00e0 Igreja que Sofre e a sua pol\u00edtica em mat\u00e9ria de concess\u00e3o de subs\u00eddios. Embora a Sede Internacional da Ajuda \u00e0 Igreja que Sofre fa\u00e7a todos os esfor\u00e7os para assegurar a exactid\u00e3o do material publicado neste website, n\u00e3o aceita qualquer responsabilidade ou obriga\u00e7\u00e3o pela exactid\u00e3o, integridade ou fiabilidade das informa\u00e7\u00f5es publicadas no website ou disponibilizadas para download a partir do mesmo. N\u00e3o s\u00e3o feitas salvaguardas, garantias, ou aval de qualquer natureza quanto \u00e0 exactid\u00e3o ou integridade do material publicado no nosso website. A confian\u00e7a em e a utiliza\u00e7\u00e3o de qualquer informa\u00e7\u00e3o dispon\u00edvel a partir deste website \u00e9 inteiramente por sua conta e risco.<\/p>\n<p>Exclu\u00edmos, na medida m\u00e1xima permitida por lei, toda e qualquer responsabilidade por qualquer perda ou dano que possa ocorrer, independente da forma, decorrente da utiliza\u00e7\u00e3o, incapacidade de utiliza\u00e7\u00e3o ou confian\u00e7a no material obtido a partir do nosso website.<\/p>\n<h4><strong>Website de terceiros<\/strong><\/h4>\n<p>Algumas p\u00e1ginas deste website podem conter liga\u00e7\u00f5es (links) para websites de terceiros que n\u00e3o s\u00e3o controlados e\/ou mantidos pela Sede Internacional da Ajuda \u00e0 Igreja que Sofre. A Ajuda \u00e0 Igreja que Sofre n\u00e3o aceita qualquer responsabilidade ou obriga\u00e7\u00e3o pelo conte\u00fado de websites de terceiros. As liga\u00e7\u00f5es a websites de terceiros s\u00e3o inclu\u00eddas apenas por uma quest\u00e3o de conveni\u00eancia &#8211; a sua inclus\u00e3o n\u00e3o constitui de forma alguma um aval incondicional da Ajuda \u00e0 Igreja que Sofre. O utilizador \u00e9 respons\u00e1vel pelo cumprimento dos termos e condi\u00e7\u00f5es de utiliza\u00e7\u00e3o de qualquer website.<\/p>\n<p>Toda e qualquer liga\u00e7\u00e3o para websites de terceiros a este website s\u00f3 pode ser feita ap\u00f3s a obten\u00e7\u00e3o do consentimento pr\u00e9vio por escrito da Sede Internacional da Ajuda \u00e0 Igreja que Sofre.<\/p>\n<p>Contacte a Ajuda \u00e0 Igreja que Sofre para solicitar autoriza\u00e7\u00e3o para criar uma liga\u00e7\u00e3o a este website.<\/p>\n<h4><strong>Modifica\u00e7\u00e3o dos termos e condi\u00e7\u00f5es<\/strong><\/h4>\n<p>A Ajuda \u00e0 Igreja que Sofre reserva-se o direito de modificar ou substituir estes termos e condi\u00e7\u00f5es sem aviso pr\u00e9vio. Os novos termos e condi\u00e7\u00f5es ser\u00e3o publicados nesta p\u00e1gina do website. A sua utiliza\u00e7\u00e3o continuada do website constitui a sua aceita\u00e7\u00e3o destes termos e condi\u00e7\u00f5es.<\/p>\n<p>Aconselha-se o utilizador a verificar periodicamente quaisquer altera\u00e7\u00f5es aos termos e condi\u00e7\u00f5es deste website. Se n\u00e3o concordar com quaisquer novos termos e condi\u00e7\u00f5es, poder\u00e1 cessar a utiliza\u00e7\u00e3o do website.<\/p>\n<h4><strong>Direitos de autor<\/strong><\/h4>\n<p>O material deste website est\u00e1 sujeito \u00e0s leis de direitos de autor e \u00e0 declara\u00e7\u00e3o de direitos de autor da Ajuda \u00e0 Igreja que Sofre.<\/p>\n<h4><strong>Privacidade<\/strong><\/h4>\n<p>Quaisquer dados submetidos atrav\u00e9s deste website ser\u00e3o tratados de acordo com a pol\u00edtica de privacidade da Ajuda \u00e0 Igreja que Sofre.<\/p>\n<h4><strong>Leis que regem este s\u00edtio web<\/strong><\/h4>\n<p>Este website, incluindo estes termos e condi\u00e7\u00f5es, ser\u00e1 regido pela lei alem\u00e3. Os tribunais alem\u00e3es ter\u00e3o jurisdi\u00e7\u00e3o exclusiva sobre quaisquer lit\u00edgios decorrentes deste website.<\/p>\n","protected":false},"excerpt":{"rendered":"<p>Imprint, Termos &#038; Condi\u00e7\u00f5es Termos &amp; Condi\u00e7\u00f5es Ao aceder a este website, est\u00e1 a concordar com os termos de utiliza\u00e7\u00e3o do s\u00edtio aqui expostos. Caso n\u00e3o esteja de acordo com os termos, deve cessar a utiliza\u00e7\u00e3o do website. Completude e exactid\u00e3o da informa\u00e7\u00e3o Este website destina-se a informa\u00e7\u00f5es gerais sobre a ACN International &#8211; Ajuda [&hellip;]<\/p>\n","protected":false},"author":4258341447,"featured_media":243386,"parent":0,"menu_order":0,"comment_status":"closed","ping_status":"closed","template":"page_2_columns.php","meta":{"_acf_changed":false,"footnotes":""},"class_list":["post-140928","page","type-page","status-publish","has-post-thumbnail","hentry"],"acf":[],"yoast_head":"<!-- This site is optimized with the Yoast SEO Premium plugin v27.3 (Yoast SEO v27.3) - https:\/\/yoast.com\/product\/yoast-seo-premium-wordpress\/ -->\n<title>Termos &amp; Condi\u00e7\u00f5es | ACN International<\/title>\n<meta name=\"robots\" content=\"index, follow, max-snippet:-1, max-image-preview:large, max-video-preview:-1\" \/>\n<link rel=\"canonical\" href=\"https:\/\/acninternational.org\/pt-pt\/condicoes-de-uso\/\" \/>\n<meta property=\"og:locale\" content=\"pt_PT\" \/>\n<meta property=\"og:type\" content=\"article\" \/>\n<meta property=\"og:title\" content=\"Termos &amp; Condi\u00e7\u00f5es\" \/>\n<meta property=\"og:description\" content=\"Imprint, Termos &#038; Condi\u00e7\u00f5es Termos &amp; Condi\u00e7\u00f5es Ao aceder a este website, est\u00e1 a concordar com os termos de utiliza\u00e7\u00e3o do s\u00edtio aqui expostos. Caso n\u00e3o esteja de acordo com os termos, deve cessar a utiliza\u00e7\u00e3o do website. Completude e exactid\u00e3o da informa\u00e7\u00e3o Este website destina-se a informa\u00e7\u00f5es gerais sobre a ACN International &#8211; Ajuda [&hellip;]\" \/>\n<meta property=\"og:url\" content=\"https:\/\/acninternational.org\/pt-pt\/condicoes-de-uso\/\" \/>\n<meta property=\"og:site_name\" content=\"ACN International\" \/>\n<meta property=\"article:publisher\" content=\"https:\/\/www.facebook.com\/acninternationalorg\" \/>\n<meta property=\"article:modified_time\" content=\"2022-06-20T06:14:09+00:00\" \/>\n<meta property=\"og:image\" content=\"https:\/\/media.acninternational.org\/wp-content\/uploads\/2025\/05\/2-col-imgs-default.jpg\" \/>\n\t<meta property=\"og:image:width\" content=\"977\" \/>\n\t<meta property=\"og:image:height\" content=\"1070\" \/>\n\t<meta property=\"og:image:type\" content=\"image\/jpeg\" \/>\n<meta name=\"twitter:card\" content=\"summary_large_image\" \/>\n<meta name=\"twitter:site\" content=\"@acn_int\" \/>\n<meta name=\"twitter:label1\" content=\"Tempo estimado de leitura\" \/>\n\t<meta name=\"twitter:data1\" content=\"4 minutos\" \/>\n<script type=\"application\/ld+json\" class=\"yoast-schema-graph\">{\"@context\":\"https:\\\/\\\/schema.org\",\"@graph\":[{\"@type\":\"WebPage\",\"@id\":\"https:\\\/\\\/acninternational.org\\\/pt-pt\\\/condicoes-de-uso\\\/\",\"url\":\"https:\\\/\\\/acninternational.org\\\/pt-pt\\\/condicoes-de-uso\\\/\",\"name\":\"Termos & Condi\u00e7\u00f5es | ACN International\",\"isPartOf\":{\"@id\":\"https:\\\/\\\/acninternational.org\\\/pt-pt\\\/#website\"},\"primaryImageOfPage\":{\"@id\":\"https:\\\/\\\/acninternational.org\\\/pt-pt\\\/condicoes-de-uso\\\/#primaryimage\"},\"image\":{\"@id\":\"https:\\\/\\\/acninternational.org\\\/pt-pt\\\/condicoes-de-uso\\\/#primaryimage\"},\"thumbnailUrl\":\"https:\\\/\\\/media.acninternational.org\\\/wp-content\\\/uploads\\\/2025\\\/05\\\/2-col-imgs-default.jpg\",\"datePublished\":\"2020-07-31T10:45:10+00:00\",\"dateModified\":\"2022-06-20T06:14:09+00:00\",\"breadcrumb\":{\"@id\":\"https:\\\/\\\/acninternational.org\\\/pt-pt\\\/condicoes-de-uso\\\/#breadcrumb\"},\"inLanguage\":\"pt-PT\",\"potentialAction\":[{\"@type\":\"ReadAction\",\"target\":[\"https:\\\/\\\/acninternational.org\\\/pt-pt\\\/condicoes-de-uso\\\/\"]}]},{\"@type\":\"ImageObject\",\"inLanguage\":\"pt-PT\",\"@id\":\"https:\\\/\\\/acninternational.org\\\/pt-pt\\\/condicoes-de-uso\\\/#primaryimage\",\"url\":\"https:\\\/\\\/media.acninternational.org\\\/wp-content\\\/uploads\\\/2025\\\/05\\\/2-col-imgs-default.jpg\",\"contentUrl\":\"https:\\\/\\\/media.acninternational.org\\\/wp-content\\\/uploads\\\/2025\\\/05\\\/2-col-imgs-default.jpg\",\"width\":977,\"height\":1070},{\"@type\":\"BreadcrumbList\",\"@id\":\"https:\\\/\\\/acninternational.org\\\/pt-pt\\\/condicoes-de-uso\\\/#breadcrumb\",\"itemListElement\":[{\"@type\":\"ListItem\",\"position\":1,\"name\":\"Home\",\"item\":\"https:\\\/\\\/acninternational.org\\\/pt-pt\\\/\"},{\"@type\":\"ListItem\",\"position\":2,\"name\":\"Termos &#038; Condi\u00e7\u00f5es\"}]},{\"@type\":\"WebSite\",\"@id\":\"https:\\\/\\\/acninternational.org\\\/pt-pt\\\/#website\",\"url\":\"https:\\\/\\\/acninternational.org\\\/pt-pt\\\/\",\"name\":\"ACN International\",\"description\":\"\",\"publisher\":{\"@id\":\"https:\\\/\\\/acninternational.org\\\/pt-pt\\\/#organization\"},\"potentialAction\":[{\"@type\":\"SearchAction\",\"target\":{\"@type\":\"EntryPoint\",\"urlTemplate\":\"https:\\\/\\\/acninternational.org\\\/pt-pt\\\/?s={search_term_string}\"},\"query-input\":{\"@type\":\"PropertyValueSpecification\",\"valueRequired\":true,\"valueName\":\"search_term_string\"}}],\"inLanguage\":\"pt-PT\"},{\"@type\":\"Organization\",\"@id\":\"https:\\\/\\\/acninternational.org\\\/pt-pt\\\/#organization\",\"name\":\"Aid to the Church in Need International\",\"url\":\"https:\\\/\\\/acninternational.org\\\/pt-pt\\\/\",\"logo\":{\"@type\":\"ImageObject\",\"inLanguage\":\"pt-PT\",\"@id\":\"https:\\\/\\\/acninternational.org\\\/pt-pt\\\/#\\\/schema\\\/logo\\\/image\\\/\",\"url\":\"https:\\\/\\\/media.acninternational.org\\\/wp-content\\\/uploads\\\/2019\\\/11\\\/acn_logo_blackvector.svg\",\"contentUrl\":\"https:\\\/\\\/media.acninternational.org\\\/wp-content\\\/uploads\\\/2019\\\/11\\\/acn_logo_blackvector.svg\",\"width\":232.6,\"height\":78,\"caption\":\"Aid to the Church in Need International\"},\"image\":{\"@id\":\"https:\\\/\\\/acninternational.org\\\/pt-pt\\\/#\\\/schema\\\/logo\\\/image\\\/\"},\"sameAs\":[\"https:\\\/\\\/www.facebook.com\\\/acninternationalorg\",\"https:\\\/\\\/x.com\\\/acn_int\",\"https:\\\/\\\/www.youtube.com\\\/channel\\\/UCQ-077gS0TnVzkhHmf1opZw\",\"https:\\\/\\\/www.instagram.com\\\/acn_international\\\/\"]}]}<\/script>\n<!-- \/ Yoast SEO Premium plugin. -->","yoast_head_json":{"title":"Termos & Condi\u00e7\u00f5es | ACN International","robots":{"index":"index","follow":"follow","max-snippet":"max-snippet:-1","max-image-preview":"max-image-preview:large","max-video-preview":"max-video-preview:-1"},"canonical":"https:\/\/acninternational.org\/pt-pt\/condicoes-de-uso\/","og_locale":"pt_PT","og_type":"article","og_title":"Termos & Condi\u00e7\u00f5es","og_description":"Imprint, Termos &#038; Condi\u00e7\u00f5es Termos &amp; Condi\u00e7\u00f5es Ao aceder a este website, est\u00e1 a concordar com os termos de utiliza\u00e7\u00e3o do s\u00edtio aqui expostos. Caso n\u00e3o esteja de acordo com os termos, deve cessar a utiliza\u00e7\u00e3o do website. Completude e exactid\u00e3o da informa\u00e7\u00e3o Este website destina-se a informa\u00e7\u00f5es gerais sobre a ACN International &#8211; Ajuda [&hellip;]","og_url":"https:\/\/acninternational.org\/pt-pt\/condicoes-de-uso\/","og_site_name":"ACN International","article_publisher":"https:\/\/www.facebook.com\/acninternationalorg","article_modified_time":"2022-06-20T06:14:09+00:00","og_image":[{"width":977,"height":1070,"url":"https:\/\/media.acninternational.org\/wp-content\/uploads\/2025\/05\/2-col-imgs-default.jpg","type":"image\/jpeg"}],"twitter_card":"summary_large_image","twitter_site":"@acn_int","twitter_misc":{"Tempo estimado de leitura":"4 minutos"},"schema":{"@context":"https:\/\/schema.org","@graph":[{"@type":"WebPage","@id":"https:\/\/acninternational.org\/pt-pt\/condicoes-de-uso\/","url":"https:\/\/acninternational.org\/pt-pt\/condicoes-de-uso\/","name":"Termos & Condi\u00e7\u00f5es | ACN International","isPartOf":{"@id":"https:\/\/acninternational.org\/pt-pt\/#website"},"primaryImageOfPage":{"@id":"https:\/\/acninternational.org\/pt-pt\/condicoes-de-uso\/#primaryimage"},"image":{"@id":"https:\/\/acninternational.org\/pt-pt\/condicoes-de-uso\/#primaryimage"},"thumbnailUrl":"https:\/\/media.acninternational.org\/wp-content\/uploads\/2025\/05\/2-col-imgs-default.jpg","datePublished":"2020-07-31T10:45:10+00:00","dateModified":"2022-06-20T06:14:09+00:00","breadcrumb":{"@id":"https:\/\/acninternational.org\/pt-pt\/condicoes-de-uso\/#breadcrumb"},"inLanguage":"pt-PT","potentialAction":[{"@type":"ReadAction","target":["https:\/\/acninternational.org\/pt-pt\/condicoes-de-uso\/"]}]},{"@type":"ImageObject","inLanguage":"pt-PT","@id":"https:\/\/acninternational.org\/pt-pt\/condicoes-de-uso\/#primaryimage","url":"https:\/\/media.acninternational.org\/wp-content\/uploads\/2025\/05\/2-col-imgs-default.jpg","contentUrl":"https:\/\/media.acninternational.org\/wp-content\/uploads\/2025\/05\/2-col-imgs-default.jpg","width":977,"height":1070},{"@type":"BreadcrumbList","@id":"https:\/\/acninternational.org\/pt-pt\/condicoes-de-uso\/#breadcrumb","itemListElement":[{"@type":"ListItem","position":1,"name":"Home","item":"https:\/\/acninternational.org\/pt-pt\/"},{"@type":"ListItem","position":2,"name":"Termos &#038; Condi\u00e7\u00f5es"}]},{"@type":"WebSite","@id":"https:\/\/acninternational.org\/pt-pt\/#website","url":"https:\/\/acninternational.org\/pt-pt\/","name":"ACN International","description":"","publisher":{"@id":"https:\/\/acninternational.org\/pt-pt\/#organization"},"potentialAction":[{"@type":"SearchAction","target":{"@type":"EntryPoint","urlTemplate":"https:\/\/acninternational.org\/pt-pt\/?s={search_term_string}"},"query-input":{"@type":"PropertyValueSpecification","valueRequired":true,"valueName":"search_term_string"}}],"inLanguage":"pt-PT"},{"@type":"Organization","@id":"https:\/\/acninternational.org\/pt-pt\/#organization","name":"Aid to the Church in Need International","url":"https:\/\/acninternational.org\/pt-pt\/","logo":{"@type":"ImageObject","inLanguage":"pt-PT","@id":"https:\/\/acninternational.org\/pt-pt\/#\/schema\/logo\/image\/","url":"https:\/\/media.acninternational.org\/wp-content\/uploads\/2019\/11\/acn_logo_blackvector.svg","contentUrl":"https:\/\/media.acninternational.org\/wp-content\/uploads\/2019\/11\/acn_logo_blackvector.svg","width":232.6,"height":78,"caption":"Aid to the Church in Need International"},"image":{"@id":"https:\/\/acninternational.org\/pt-pt\/#\/schema\/logo\/image\/"},"sameAs":["https:\/\/www.facebook.com\/acninternationalorg","https:\/\/x.com\/acn_int","https:\/\/www.youtube.com\/channel\/UCQ-077gS0TnVzkhHmf1opZw","https:\/\/www.instagram.com\/acn_international\/"]}]}},"_links":{"self":[{"href":"https:\/\/acninternational.org\/pt-pt\/wp-json\/wp\/v2\/pages\/140928","targetHints":{"allow":["GET"]}}],"collection":[{"href":"https:\/\/acninternational.org\/pt-pt\/wp-json\/wp\/v2\/pages"}],"about":[{"href":"https:\/\/acninternational.org\/pt-pt\/wp-json\/wp\/v2\/types\/page"}],"author":[{"embeddable":true,"href":"https:\/\/acninternational.org\/pt-pt\/wp-json\/wp\/v2\/users\/4258341447"}],"replies":[{"embeddable":true,"href":"https:\/\/acninternational.org\/pt-pt\/wp-json\/wp\/v2\/comments?post=140928"}],"version-history":[{"count":0,"href":"https:\/\/acninternational.org\/pt-pt\/wp-json\/wp\/v2\/pages\/140928\/revisions"}],"wp:featuredmedia":[{"embeddable":true,"href":"https:\/\/acninternational.org\/pt-pt\/wp-json\/wp\/v2\/media\/243386"}],"wp:attachment":[{"href":"https:\/\/acninternational.org\/pt-pt\/wp-json\/wp\/v2\/media?parent=140928"}],"curies":[{"name":"wp","href":"https:\/\/api.w.org\/{rel}","templated":true}]}}