{"id":139582,"date":"2020-06-18T11:56:15","date_gmt":"2020-06-18T09:56:15","guid":{"rendered":"https:\/\/acninternational.org\/protecao\/"},"modified":"2026-02-09T17:08:53","modified_gmt":"2026-02-09T16:08:53","slug":"prevencao-de-abusos","status":"publish","type":"page","link":"https:\/\/acninternational.org\/pt-pt\/prevencao-de-abusos\/","title":{"rendered":"Prote\u00e7\u00e3o"},"content":{"rendered":"\n<p>ACN ajuda a Igreja nos seus esfor\u00e7os de preven\u00e7\u00e3o de abusos. A ACN apoia, por exemplo, cursos de prote\u00e7\u00e3o em todo o mundo, onde padres e religiosos s\u00e3o treinados para reconhecer e prevenir o abuso sexual e outros abusos de menores e de pessoas que dependem de prote\u00e7\u00e3o.<\/p>\n\n\n\n<p>Nos cursos de prote\u00e7\u00e3o, a ACN trabalha em estreita colabora\u00e7\u00e3o com o Centre for Child Protection (CCP) da Universidade Gregoriana em Roma, l\u00edder nesse tema, entre outras institui\u00e7\u00f5es.<\/p>\n\n\n\n<h3 class=\"wp-block-heading\" id=\"h-nos-nos-empenhamos-em-todo-o-mundo-por-uma-protecao-melhor-de-menores-e-outras-pessoas-que-dependem-de-protecao\">\u00bbN\u00f3s nos empenhamos em todo o mundo por uma prote\u00e7\u00e3o melhor de menores e outras pessoas que dependem de prote\u00e7\u00e3o\u00ab<\/h3>\n\n\n\n<p class=\"has-text-align-right\">Regina Lynch, diretora de projetos<\/p>\n\n\n\n<p>Um dos principais focos dos cursos \u00e9 a detec-\u00e7\u00e3o de abusos, a fim de identific\u00e1-los o mais cedo poss\u00edvel. Como pr\u00e9-requisito para um atendimento competente, s\u00e3o ensinadas as consequ\u00eancias devastado-ras do abuso para as v\u00edtimas. O objetivo \u00e9 aprender medidas eficazes tanto na preven\u00e7\u00e3o de casos como no tratamento de suspeitas, por exemplo para evitar o encobrimento de abusos.<\/p>\n\n\n<div class=\"wp-block-image\">\n<figure class=\"aligncenter\"><img loading=\"lazy\" decoding=\"async\" width=\"670\" height=\"400\" src=\"https:\/\/media.acninternational.org\/wp-content\/uploads\/2021\/07\/Safeguarding.jpg\" alt=\"A ACN apoia irm\u00e3s que cuidam de \u00f3rf\u00e3os em Kapshagay, Cazaquist\u00e3o.\" class=\"wp-image-156165\" srcset=\"https:\/\/media.acninternational.org\/wp-content\/uploads\/2021\/07\/Safeguarding.jpg 670w, https:\/\/media.acninternational.org\/wp-content\/uploads\/2021\/07\/Safeguarding-300x179.jpg 300w\" sizes=\"auto, (max-width: 670px) 100vw, 670px\" \/><figcaption class=\"wp-element-caption\">A ACN apoia irm\u00e3s que cuidam de \u00f3rf\u00e3os em Kapshagay, Cazaquist\u00e3o.<\/figcaption><\/figure>\n<\/div>\n\n\n<p>O objetivo \u00e9 aprender medidas eficazes tanto na preven\u00e7\u00e3o de casos como no tratamento de suspeitas, por exemplo para evitar o encobrimento de abusos.<\/p>\n\n\n\n<p>Nossos parceiros de projeto s\u00f3 podem receber ajuda da ACN com um com-promisso por escrito de garantia de prote\u00e7\u00e3o. A ajuda \u00e9 retirada se casos potenciais ou reais de abuso n\u00e3o forem devidamente investigados.<\/p>\n\n\n\n<p>As exig\u00eancias de prote\u00e7\u00e3o aplicam-se igualmente para os pr\u00f3prios funcion\u00e1rios da ACN, que s\u00e3o obrigados a cumprir as diretrizes de prote\u00e7\u00e3o da ACN e recebem forma\u00e7\u00e3o continuada regular sobre elas.<\/p>\n\n\n\n<p>Encontrar <a href=\"https:\/\/media.acninternational.org\/wp-content\/uploads\/2021\/02\/ACN-International-Safeguarding-Guidelines.pdf\">aqui<\/a> as directrizes de prote\u00e7\u00e3o da sede da Aid to the Church in Need. Em caso de quaisquer queixas ou sugest\u00f5es, queira contactar as nossas pessoas de contacto de salvaguarda com absoluta confidencialidade:<\/p>\n\n\n\n<p><strong>Sra. Barbara Rettig<\/strong><\/p>\n\n\n\n<p>Email: <a href=\"mailto:br@acn-intl.org\">br@acn-intl.org<\/a><\/p>\n\n\n\n<p>Telefone: +49 6174 291-211<\/p>\n\n\n\n<p><strong>Sr. Reinhard Backes<\/strong><\/p>\n\n\n\n<p>Email: <a href=\"mailto:rx@acn-intl.org\">rx@acn-intl.org<\/a><\/p>\n\n\n\n<p>Telefone: +49 6174 291-213<\/p>\n","protected":false},"excerpt":{"rendered":"<p>ACN ajuda a Igreja nos seus esfor\u00e7os de preven\u00e7\u00e3o de abusos. A ACN apoia, por exemplo, cursos de prote\u00e7\u00e3o em todo o mundo, onde padres e religiosos s\u00e3o treinados para reconhecer e prevenir o abuso sexual e outros abusos de menores e de pessoas que dependem de prote\u00e7\u00e3o. Nos cursos de prote\u00e7\u00e3o, a ACN trabalha [&hellip;]<\/p>\n","protected":false},"author":4258341447,"featured_media":152511,"parent":0,"menu_order":0,"comment_status":"closed","ping_status":"closed","template":"","meta":{"_acf_changed":false,"footnotes":""},"class_list":["post-139582","page","type-page","status-publish","has-post-thumbnail","hentry"],"acf":[],"yoast_head":"<!-- This site is optimized with the Yoast SEO Premium plugin v27.3 (Yoast SEO v27.3) - https:\/\/yoast.com\/product\/yoast-seo-premium-wordpress\/ -->\n<title>Prote\u00e7\u00e3o | ACN International<\/title>\n<meta name=\"robots\" content=\"index, follow, max-snippet:-1, max-image-preview:large, max-video-preview:-1\" \/>\n<link rel=\"canonical\" href=\"https:\/\/acninternational.org\/pt-pt\/prevencao-de-abusos\/\" \/>\n<meta property=\"og:locale\" content=\"pt_PT\" \/>\n<meta property=\"og:type\" content=\"article\" \/>\n<meta property=\"og:title\" content=\"Prote\u00e7\u00e3o\" \/>\n<meta property=\"og:description\" content=\"ACN ajuda a Igreja nos seus esfor\u00e7os de preven\u00e7\u00e3o de abusos. A ACN apoia, por exemplo, cursos de prote\u00e7\u00e3o em todo o mundo, onde padres e religiosos s\u00e3o treinados para reconhecer e prevenir o abuso sexual e outros abusos de menores e de pessoas que dependem de prote\u00e7\u00e3o. Nos cursos de prote\u00e7\u00e3o, a ACN trabalha [&hellip;]\" \/>\n<meta property=\"og:url\" content=\"https:\/\/acninternational.org\/pt-pt\/prevencao-de-abusos\/\" \/>\n<meta property=\"og:site_name\" content=\"ACN International\" \/>\n<meta property=\"article:publisher\" content=\"https:\/\/www.facebook.com\/acninternationalorg\" \/>\n<meta property=\"article:modified_time\" content=\"2026-02-09T16:08:53+00:00\" \/>\n<meta property=\"og:image\" content=\"https:\/\/media.acninternational.org\/wp-content\/uploads\/2021\/06\/safeguarding_1400x438.jpg\" \/>\n\t<meta property=\"og:image:width\" content=\"1400\" \/>\n\t<meta property=\"og:image:height\" content=\"438\" \/>\n\t<meta property=\"og:image:type\" content=\"image\/jpeg\" \/>\n<meta name=\"twitter:card\" content=\"summary_large_image\" \/>\n<meta name=\"twitter:site\" content=\"@acn_int\" \/>\n<meta name=\"twitter:label1\" content=\"Tempo estimado de leitura\" \/>\n\t<meta name=\"twitter:data1\" content=\"2 minutos\" \/>\n<script type=\"application\/ld+json\" class=\"yoast-schema-graph\">{\"@context\":\"https:\\\/\\\/schema.org\",\"@graph\":[{\"@type\":\"WebPage\",\"@id\":\"https:\\\/\\\/acninternational.org\\\/pt-pt\\\/prevencao-de-abusos\\\/\",\"url\":\"https:\\\/\\\/acninternational.org\\\/pt-pt\\\/prevencao-de-abusos\\\/\",\"name\":\"Prote\u00e7\u00e3o | ACN International\",\"isPartOf\":{\"@id\":\"https:\\\/\\\/acninternational.org\\\/pt-pt\\\/#website\"},\"primaryImageOfPage\":{\"@id\":\"https:\\\/\\\/acninternational.org\\\/pt-pt\\\/prevencao-de-abusos\\\/#primaryimage\"},\"image\":{\"@id\":\"https:\\\/\\\/acninternational.org\\\/pt-pt\\\/prevencao-de-abusos\\\/#primaryimage\"},\"thumbnailUrl\":\"https:\\\/\\\/media.acninternational.org\\\/wp-content\\\/uploads\\\/2021\\\/06\\\/safeguarding_1400x438.jpg\",\"datePublished\":\"2020-06-18T09:56:15+00:00\",\"dateModified\":\"2026-02-09T16:08:53+00:00\",\"breadcrumb\":{\"@id\":\"https:\\\/\\\/acninternational.org\\\/pt-pt\\\/prevencao-de-abusos\\\/#breadcrumb\"},\"inLanguage\":\"pt-PT\",\"potentialAction\":[{\"@type\":\"ReadAction\",\"target\":[\"https:\\\/\\\/acninternational.org\\\/pt-pt\\\/prevencao-de-abusos\\\/\"]}]},{\"@type\":\"ImageObject\",\"inLanguage\":\"pt-PT\",\"@id\":\"https:\\\/\\\/acninternational.org\\\/pt-pt\\\/prevencao-de-abusos\\\/#primaryimage\",\"url\":\"https:\\\/\\\/media.acninternational.org\\\/wp-content\\\/uploads\\\/2021\\\/06\\\/safeguarding_1400x438.jpg\",\"contentUrl\":\"https:\\\/\\\/media.acninternational.org\\\/wp-content\\\/uploads\\\/2021\\\/06\\\/safeguarding_1400x438.jpg\",\"width\":1400,\"height\":438},{\"@type\":\"BreadcrumbList\",\"@id\":\"https:\\\/\\\/acninternational.org\\\/pt-pt\\\/prevencao-de-abusos\\\/#breadcrumb\",\"itemListElement\":[{\"@type\":\"ListItem\",\"position\":1,\"name\":\"Home\",\"item\":\"https:\\\/\\\/acninternational.org\\\/pt-pt\\\/\"},{\"@type\":\"ListItem\",\"position\":2,\"name\":\"Prote\u00e7\u00e3o\"}]},{\"@type\":\"WebSite\",\"@id\":\"https:\\\/\\\/acninternational.org\\\/pt-pt\\\/#website\",\"url\":\"https:\\\/\\\/acninternational.org\\\/pt-pt\\\/\",\"name\":\"ACN International\",\"description\":\"\",\"publisher\":{\"@id\":\"https:\\\/\\\/acninternational.org\\\/pt-pt\\\/#organization\"},\"potentialAction\":[{\"@type\":\"SearchAction\",\"target\":{\"@type\":\"EntryPoint\",\"urlTemplate\":\"https:\\\/\\\/acninternational.org\\\/pt-pt\\\/?s={search_term_string}\"},\"query-input\":{\"@type\":\"PropertyValueSpecification\",\"valueRequired\":true,\"valueName\":\"search_term_string\"}}],\"inLanguage\":\"pt-PT\"},{\"@type\":\"Organization\",\"@id\":\"https:\\\/\\\/acninternational.org\\\/pt-pt\\\/#organization\",\"name\":\"Aid to the Church in Need International\",\"url\":\"https:\\\/\\\/acninternational.org\\\/pt-pt\\\/\",\"logo\":{\"@type\":\"ImageObject\",\"inLanguage\":\"pt-PT\",\"@id\":\"https:\\\/\\\/acninternational.org\\\/pt-pt\\\/#\\\/schema\\\/logo\\\/image\\\/\",\"url\":\"https:\\\/\\\/media.acninternational.org\\\/wp-content\\\/uploads\\\/2019\\\/11\\\/acn_logo_blackvector.svg\",\"contentUrl\":\"https:\\\/\\\/media.acninternational.org\\\/wp-content\\\/uploads\\\/2019\\\/11\\\/acn_logo_blackvector.svg\",\"width\":232.6,\"height\":78,\"caption\":\"Aid to the Church in Need International\"},\"image\":{\"@id\":\"https:\\\/\\\/acninternational.org\\\/pt-pt\\\/#\\\/schema\\\/logo\\\/image\\\/\"},\"sameAs\":[\"https:\\\/\\\/www.facebook.com\\\/acninternationalorg\",\"https:\\\/\\\/x.com\\\/acn_int\",\"https:\\\/\\\/www.youtube.com\\\/channel\\\/UCQ-077gS0TnVzkhHmf1opZw\",\"https:\\\/\\\/www.instagram.com\\\/acn_international\\\/\"]}]}<\/script>\n<!-- \/ Yoast SEO Premium plugin. -->","yoast_head_json":{"title":"Prote\u00e7\u00e3o | ACN International","robots":{"index":"index","follow":"follow","max-snippet":"max-snippet:-1","max-image-preview":"max-image-preview:large","max-video-preview":"max-video-preview:-1"},"canonical":"https:\/\/acninternational.org\/pt-pt\/prevencao-de-abusos\/","og_locale":"pt_PT","og_type":"article","og_title":"Prote\u00e7\u00e3o","og_description":"ACN ajuda a Igreja nos seus esfor\u00e7os de preven\u00e7\u00e3o de abusos. A ACN apoia, por exemplo, cursos de prote\u00e7\u00e3o em todo o mundo, onde padres e religiosos s\u00e3o treinados para reconhecer e prevenir o abuso sexual e outros abusos de menores e de pessoas que dependem de prote\u00e7\u00e3o. Nos cursos de prote\u00e7\u00e3o, a ACN trabalha [&hellip;]","og_url":"https:\/\/acninternational.org\/pt-pt\/prevencao-de-abusos\/","og_site_name":"ACN International","article_publisher":"https:\/\/www.facebook.com\/acninternationalorg","article_modified_time":"2026-02-09T16:08:53+00:00","og_image":[{"width":1400,"height":438,"url":"https:\/\/media.acninternational.org\/wp-content\/uploads\/2021\/06\/safeguarding_1400x438.jpg","type":"image\/jpeg"}],"twitter_card":"summary_large_image","twitter_site":"@acn_int","twitter_misc":{"Tempo estimado de leitura":"2 minutos"},"schema":{"@context":"https:\/\/schema.org","@graph":[{"@type":"WebPage","@id":"https:\/\/acninternational.org\/pt-pt\/prevencao-de-abusos\/","url":"https:\/\/acninternational.org\/pt-pt\/prevencao-de-abusos\/","name":"Prote\u00e7\u00e3o | ACN International","isPartOf":{"@id":"https:\/\/acninternational.org\/pt-pt\/#website"},"primaryImageOfPage":{"@id":"https:\/\/acninternational.org\/pt-pt\/prevencao-de-abusos\/#primaryimage"},"image":{"@id":"https:\/\/acninternational.org\/pt-pt\/prevencao-de-abusos\/#primaryimage"},"thumbnailUrl":"https:\/\/media.acninternational.org\/wp-content\/uploads\/2021\/06\/safeguarding_1400x438.jpg","datePublished":"2020-06-18T09:56:15+00:00","dateModified":"2026-02-09T16:08:53+00:00","breadcrumb":{"@id":"https:\/\/acninternational.org\/pt-pt\/prevencao-de-abusos\/#breadcrumb"},"inLanguage":"pt-PT","potentialAction":[{"@type":"ReadAction","target":["https:\/\/acninternational.org\/pt-pt\/prevencao-de-abusos\/"]}]},{"@type":"ImageObject","inLanguage":"pt-PT","@id":"https:\/\/acninternational.org\/pt-pt\/prevencao-de-abusos\/#primaryimage","url":"https:\/\/media.acninternational.org\/wp-content\/uploads\/2021\/06\/safeguarding_1400x438.jpg","contentUrl":"https:\/\/media.acninternational.org\/wp-content\/uploads\/2021\/06\/safeguarding_1400x438.jpg","width":1400,"height":438},{"@type":"BreadcrumbList","@id":"https:\/\/acninternational.org\/pt-pt\/prevencao-de-abusos\/#breadcrumb","itemListElement":[{"@type":"ListItem","position":1,"name":"Home","item":"https:\/\/acninternational.org\/pt-pt\/"},{"@type":"ListItem","position":2,"name":"Prote\u00e7\u00e3o"}]},{"@type":"WebSite","@id":"https:\/\/acninternational.org\/pt-pt\/#website","url":"https:\/\/acninternational.org\/pt-pt\/","name":"ACN International","description":"","publisher":{"@id":"https:\/\/acninternational.org\/pt-pt\/#organization"},"potentialAction":[{"@type":"SearchAction","target":{"@type":"EntryPoint","urlTemplate":"https:\/\/acninternational.org\/pt-pt\/?s={search_term_string}"},"query-input":{"@type":"PropertyValueSpecification","valueRequired":true,"valueName":"search_term_string"}}],"inLanguage":"pt-PT"},{"@type":"Organization","@id":"https:\/\/acninternational.org\/pt-pt\/#organization","name":"Aid to the Church in Need International","url":"https:\/\/acninternational.org\/pt-pt\/","logo":{"@type":"ImageObject","inLanguage":"pt-PT","@id":"https:\/\/acninternational.org\/pt-pt\/#\/schema\/logo\/image\/","url":"https:\/\/media.acninternational.org\/wp-content\/uploads\/2019\/11\/acn_logo_blackvector.svg","contentUrl":"https:\/\/media.acninternational.org\/wp-content\/uploads\/2019\/11\/acn_logo_blackvector.svg","width":232.6,"height":78,"caption":"Aid to the Church in Need International"},"image":{"@id":"https:\/\/acninternational.org\/pt-pt\/#\/schema\/logo\/image\/"},"sameAs":["https:\/\/www.facebook.com\/acninternationalorg","https:\/\/x.com\/acn_int","https:\/\/www.youtube.com\/channel\/UCQ-077gS0TnVzkhHmf1opZw","https:\/\/www.instagram.com\/acn_international\/"]}]}},"_links":{"self":[{"href":"https:\/\/acninternational.org\/pt-pt\/wp-json\/wp\/v2\/pages\/139582","targetHints":{"allow":["GET"]}}],"collection":[{"href":"https:\/\/acninternational.org\/pt-pt\/wp-json\/wp\/v2\/pages"}],"about":[{"href":"https:\/\/acninternational.org\/pt-pt\/wp-json\/wp\/v2\/types\/page"}],"author":[{"embeddable":true,"href":"https:\/\/acninternational.org\/pt-pt\/wp-json\/wp\/v2\/users\/4258341447"}],"replies":[{"embeddable":true,"href":"https:\/\/acninternational.org\/pt-pt\/wp-json\/wp\/v2\/comments?post=139582"}],"version-history":[{"count":1,"href":"https:\/\/acninternational.org\/pt-pt\/wp-json\/wp\/v2\/pages\/139582\/revisions"}],"predecessor-version":[{"id":261640,"href":"https:\/\/acninternational.org\/pt-pt\/wp-json\/wp\/v2\/pages\/139582\/revisions\/261640"}],"wp:featuredmedia":[{"embeddable":true,"href":"https:\/\/acninternational.org\/pt-pt\/wp-json\/wp\/v2\/media\/152511"}],"wp:attachment":[{"href":"https:\/\/acninternational.org\/pt-pt\/wp-json\/wp\/v2\/media?parent=139582"}],"curies":[{"name":"wp","href":"https:\/\/api.w.org\/{rel}","templated":true}]}}