{"id":139178,"date":"2020-06-18T11:49:20","date_gmt":"2020-06-18T09:49:20","guid":{"rendered":"https:\/\/acninternational.org\/as-nossas-areas-de-atuacao-2\/"},"modified":"2024-06-20T15:25:14","modified_gmt":"2024-06-20T13:25:14","slug":"tipos-de-projectos","status":"publish","type":"page","link":"https:\/\/acninternational.org\/pt-pt\/tipos-de-projectos\/","title":{"rendered":"As nossas \u00e1reas de atua\u00e7\u00e3o"},"content":{"rendered":"<p style=\"font-weight: 400;\"><strong>Quer sejam ajudas existenciais para sacerdotes e irm\u00e3s religiosas, subs\u00eddios para Missa, forma\u00e7\u00e3o de seminaristas, ajuda de emerg\u00eancia em guerras e cat\u00e1strofes naturais ou trabalhos de rela\u00e7\u00f5es p\u00fablicas para a propaga\u00e7\u00e3o da f\u00e9 \u2013 as \u00e1reas de atua\u00e7\u00e3o da Aid to the Church in Need (Ajuda \u00e0 Igreja que Sofre) s\u00e3o t\u00e3o diversas quanto urgentes. Fornecemos ajuda e incentivo nos locais em que os crist\u00e3os s\u00e3o perseguidos e a Igreja sofre priva\u00e7\u00f5es.<\/strong><strong>\u00a0<\/strong><\/p>\n<blockquote class=\"wp-block-quote blockquote ps-3 py-2\">\n<p style=\"font-weight: 400;\"><strong>Igreja que sofre \u2013 o nome \u00e9 um programa<\/strong><\/p>\n<\/blockquote>\n<p style=\"font-weight: 400;\">Desde a sua funda\u00e7\u00e3o, h\u00e1 77 anos, a ACN tem se desenvolvido como uma institui\u00e7\u00e3o de ajuda com uma ampla \u00e1rea de atua\u00e7\u00e3o. Hoje em dia, podemos afirmar com certeza que nosso nome reflete as atividades que desenvolvemos. Atualmente, apoiamos por ano cerca de 5.600 projetos pastorais \u2013 muitos dos quais de longo prazo \u2013 em 138 pa\u00edses. Muitas vezes, permanecemos em regi\u00f5es de crise h\u00e1 muito abandonadas por outras organiza\u00e7\u00f5es de ajuda.<\/p>\n<p style=\"font-weight: 400;\">Para tal, precisamos, naturalmente, n\u00e3o apenas de recursos pessoais e organizacionais, mas tamb\u00e9m dos recursos financeiros necess\u00e1rios. Somente atrav\u00e9s dos donativos de mais de 359.900 benfeitores de todas as partes do mundo nos \u00e9 poss\u00edvel cumprir e impulsionar nossa miss\u00e3o de ajuda pastoral.<\/p>\n","protected":false},"excerpt":{"rendered":"<p>Quer sejam ajudas existenciais para sacerdotes e irm\u00e3s religiosas, subs\u00eddios para Missa, forma\u00e7\u00e3o de seminaristas, ajuda de emerg\u00eancia em guerras e cat\u00e1strofes naturais ou trabalhos de rela\u00e7\u00f5es p\u00fablicas para a propaga\u00e7\u00e3o da f\u00e9 \u2013 as \u00e1reas de atua\u00e7\u00e3o da Aid to the Church in Need (Ajuda \u00e0 Igreja que Sofre) s\u00e3o t\u00e3o diversas quanto urgentes. [&hellip;]<\/p>\n","protected":false},"author":4258341447,"featured_media":210685,"parent":0,"menu_order":0,"comment_status":"closed","ping_status":"closed","template":"","meta":{"_acf_changed":false,"footnotes":""},"class_list":["post-139178","page","type-page","status-publish","has-post-thumbnail","hentry","page-category-task-area-pt-pt"],"acf":[],"yoast_head":"<!-- This site is optimized with the Yoast SEO Premium plugin v27.3 (Yoast SEO v27.3) - https:\/\/yoast.com\/product\/yoast-seo-premium-wordpress\/ -->\n<title>As nossas \u00e1reas de atua\u00e7\u00e3o | ACN International<\/title>\n<meta name=\"robots\" content=\"index, follow, max-snippet:-1, max-image-preview:large, max-video-preview:-1\" \/>\n<link rel=\"canonical\" href=\"https:\/\/acninternational.org\/pt-pt\/tipos-de-projectos\/\" \/>\n<meta property=\"og:locale\" content=\"pt_PT\" \/>\n<meta property=\"og:type\" content=\"article\" \/>\n<meta property=\"og:title\" content=\"As nossas \u00e1reas de atua\u00e7\u00e3o\" \/>\n<meta property=\"og:description\" content=\"Quer sejam ajudas existenciais para sacerdotes e irm\u00e3s religiosas, subs\u00eddios para Missa, forma\u00e7\u00e3o de seminaristas, ajuda de emerg\u00eancia em guerras e cat\u00e1strofes naturais ou trabalhos de rela\u00e7\u00f5es p\u00fablicas para a propaga\u00e7\u00e3o da f\u00e9 \u2013 as \u00e1reas de atua\u00e7\u00e3o da Aid to the Church in Need (Ajuda \u00e0 Igreja que Sofre) s\u00e3o t\u00e3o diversas quanto urgentes. [&hellip;]\" \/>\n<meta property=\"og:url\" content=\"https:\/\/acninternational.org\/pt-pt\/tipos-de-projectos\/\" \/>\n<meta property=\"og:site_name\" content=\"ACN International\" \/>\n<meta property=\"article:publisher\" content=\"https:\/\/www.facebook.com\/acninternationalorg\" \/>\n<meta property=\"article:modified_time\" content=\"2024-06-20T13:25:14+00:00\" \/>\n<meta property=\"og:image\" content=\"https:\/\/media.acninternational.org\/wp-content\/uploads\/2024\/06\/ACN-20230508-145598.jpg\" \/>\n\t<meta property=\"og:image:width\" content=\"1920\" \/>\n\t<meta property=\"og:image:height\" content=\"700\" \/>\n\t<meta property=\"og:image:type\" content=\"image\/jpeg\" \/>\n<meta name=\"twitter:card\" content=\"summary_large_image\" \/>\n<meta name=\"twitter:site\" content=\"@acn_int\" \/>\n<meta name=\"twitter:label1\" content=\"Tempo estimado de leitura\" \/>\n\t<meta name=\"twitter:data1\" content=\"2 minutos\" \/>\n<script type=\"application\/ld+json\" class=\"yoast-schema-graph\">{\"@context\":\"https:\\\/\\\/schema.org\",\"@graph\":[{\"@type\":\"WebPage\",\"@id\":\"https:\\\/\\\/acninternational.org\\\/pt-pt\\\/tipos-de-projectos\\\/\",\"url\":\"https:\\\/\\\/acninternational.org\\\/pt-pt\\\/tipos-de-projectos\\\/\",\"name\":\"As nossas \u00e1reas de atua\u00e7\u00e3o | ACN International\",\"isPartOf\":{\"@id\":\"https:\\\/\\\/acninternational.org\\\/pt-pt\\\/#website\"},\"primaryImageOfPage\":{\"@id\":\"https:\\\/\\\/acninternational.org\\\/pt-pt\\\/tipos-de-projectos\\\/#primaryimage\"},\"image\":{\"@id\":\"https:\\\/\\\/acninternational.org\\\/pt-pt\\\/tipos-de-projectos\\\/#primaryimage\"},\"thumbnailUrl\":\"https:\\\/\\\/media.acninternational.org\\\/wp-content\\\/uploads\\\/2024\\\/06\\\/ACN-20230508-145598.jpg\",\"datePublished\":\"2020-06-18T09:49:20+00:00\",\"dateModified\":\"2024-06-20T13:25:14+00:00\",\"breadcrumb\":{\"@id\":\"https:\\\/\\\/acninternational.org\\\/pt-pt\\\/tipos-de-projectos\\\/#breadcrumb\"},\"inLanguage\":\"pt-PT\",\"potentialAction\":[{\"@type\":\"ReadAction\",\"target\":[\"https:\\\/\\\/acninternational.org\\\/pt-pt\\\/tipos-de-projectos\\\/\"]}]},{\"@type\":\"ImageObject\",\"inLanguage\":\"pt-PT\",\"@id\":\"https:\\\/\\\/acninternational.org\\\/pt-pt\\\/tipos-de-projectos\\\/#primaryimage\",\"url\":\"https:\\\/\\\/media.acninternational.org\\\/wp-content\\\/uploads\\\/2024\\\/06\\\/ACN-20230508-145598.jpg\",\"contentUrl\":\"https:\\\/\\\/media.acninternational.org\\\/wp-content\\\/uploads\\\/2024\\\/06\\\/ACN-20230508-145598.jpg\",\"width\":1920,\"height\":700},{\"@type\":\"BreadcrumbList\",\"@id\":\"https:\\\/\\\/acninternational.org\\\/pt-pt\\\/tipos-de-projectos\\\/#breadcrumb\",\"itemListElement\":[{\"@type\":\"ListItem\",\"position\":1,\"name\":\"Home\",\"item\":\"https:\\\/\\\/acninternational.org\\\/pt-pt\\\/\"},{\"@type\":\"ListItem\",\"position\":2,\"name\":\"As nossas \u00e1reas de atua\u00e7\u00e3o\"}]},{\"@type\":\"WebSite\",\"@id\":\"https:\\\/\\\/acninternational.org\\\/pt-pt\\\/#website\",\"url\":\"https:\\\/\\\/acninternational.org\\\/pt-pt\\\/\",\"name\":\"ACN International\",\"description\":\"\",\"publisher\":{\"@id\":\"https:\\\/\\\/acninternational.org\\\/pt-pt\\\/#organization\"},\"potentialAction\":[{\"@type\":\"SearchAction\",\"target\":{\"@type\":\"EntryPoint\",\"urlTemplate\":\"https:\\\/\\\/acninternational.org\\\/pt-pt\\\/?s={search_term_string}\"},\"query-input\":{\"@type\":\"PropertyValueSpecification\",\"valueRequired\":true,\"valueName\":\"search_term_string\"}}],\"inLanguage\":\"pt-PT\"},{\"@type\":\"Organization\",\"@id\":\"https:\\\/\\\/acninternational.org\\\/pt-pt\\\/#organization\",\"name\":\"Aid to the Church in Need International\",\"url\":\"https:\\\/\\\/acninternational.org\\\/pt-pt\\\/\",\"logo\":{\"@type\":\"ImageObject\",\"inLanguage\":\"pt-PT\",\"@id\":\"https:\\\/\\\/acninternational.org\\\/pt-pt\\\/#\\\/schema\\\/logo\\\/image\\\/\",\"url\":\"https:\\\/\\\/media.acninternational.org\\\/wp-content\\\/uploads\\\/2019\\\/11\\\/acn_logo_blackvector.svg\",\"contentUrl\":\"https:\\\/\\\/media.acninternational.org\\\/wp-content\\\/uploads\\\/2019\\\/11\\\/acn_logo_blackvector.svg\",\"width\":232.6,\"height\":78,\"caption\":\"Aid to the Church in Need International\"},\"image\":{\"@id\":\"https:\\\/\\\/acninternational.org\\\/pt-pt\\\/#\\\/schema\\\/logo\\\/image\\\/\"},\"sameAs\":[\"https:\\\/\\\/www.facebook.com\\\/acninternationalorg\",\"https:\\\/\\\/x.com\\\/acn_int\",\"https:\\\/\\\/www.youtube.com\\\/channel\\\/UCQ-077gS0TnVzkhHmf1opZw\",\"https:\\\/\\\/www.instagram.com\\\/acn_international\\\/\"]}]}<\/script>\n<!-- \/ Yoast SEO Premium plugin. -->","yoast_head_json":{"title":"As nossas \u00e1reas de atua\u00e7\u00e3o | ACN International","robots":{"index":"index","follow":"follow","max-snippet":"max-snippet:-1","max-image-preview":"max-image-preview:large","max-video-preview":"max-video-preview:-1"},"canonical":"https:\/\/acninternational.org\/pt-pt\/tipos-de-projectos\/","og_locale":"pt_PT","og_type":"article","og_title":"As nossas \u00e1reas de atua\u00e7\u00e3o","og_description":"Quer sejam ajudas existenciais para sacerdotes e irm\u00e3s religiosas, subs\u00eddios para Missa, forma\u00e7\u00e3o de seminaristas, ajuda de emerg\u00eancia em guerras e cat\u00e1strofes naturais ou trabalhos de rela\u00e7\u00f5es p\u00fablicas para a propaga\u00e7\u00e3o da f\u00e9 \u2013 as \u00e1reas de atua\u00e7\u00e3o da Aid to the Church in Need (Ajuda \u00e0 Igreja que Sofre) s\u00e3o t\u00e3o diversas quanto urgentes. [&hellip;]","og_url":"https:\/\/acninternational.org\/pt-pt\/tipos-de-projectos\/","og_site_name":"ACN International","article_publisher":"https:\/\/www.facebook.com\/acninternationalorg","article_modified_time":"2024-06-20T13:25:14+00:00","og_image":[{"width":1920,"height":700,"url":"https:\/\/media.acninternational.org\/wp-content\/uploads\/2024\/06\/ACN-20230508-145598.jpg","type":"image\/jpeg"}],"twitter_card":"summary_large_image","twitter_site":"@acn_int","twitter_misc":{"Tempo estimado de leitura":"2 minutos"},"schema":{"@context":"https:\/\/schema.org","@graph":[{"@type":"WebPage","@id":"https:\/\/acninternational.org\/pt-pt\/tipos-de-projectos\/","url":"https:\/\/acninternational.org\/pt-pt\/tipos-de-projectos\/","name":"As nossas \u00e1reas de atua\u00e7\u00e3o | ACN International","isPartOf":{"@id":"https:\/\/acninternational.org\/pt-pt\/#website"},"primaryImageOfPage":{"@id":"https:\/\/acninternational.org\/pt-pt\/tipos-de-projectos\/#primaryimage"},"image":{"@id":"https:\/\/acninternational.org\/pt-pt\/tipos-de-projectos\/#primaryimage"},"thumbnailUrl":"https:\/\/media.acninternational.org\/wp-content\/uploads\/2024\/06\/ACN-20230508-145598.jpg","datePublished":"2020-06-18T09:49:20+00:00","dateModified":"2024-06-20T13:25:14+00:00","breadcrumb":{"@id":"https:\/\/acninternational.org\/pt-pt\/tipos-de-projectos\/#breadcrumb"},"inLanguage":"pt-PT","potentialAction":[{"@type":"ReadAction","target":["https:\/\/acninternational.org\/pt-pt\/tipos-de-projectos\/"]}]},{"@type":"ImageObject","inLanguage":"pt-PT","@id":"https:\/\/acninternational.org\/pt-pt\/tipos-de-projectos\/#primaryimage","url":"https:\/\/media.acninternational.org\/wp-content\/uploads\/2024\/06\/ACN-20230508-145598.jpg","contentUrl":"https:\/\/media.acninternational.org\/wp-content\/uploads\/2024\/06\/ACN-20230508-145598.jpg","width":1920,"height":700},{"@type":"BreadcrumbList","@id":"https:\/\/acninternational.org\/pt-pt\/tipos-de-projectos\/#breadcrumb","itemListElement":[{"@type":"ListItem","position":1,"name":"Home","item":"https:\/\/acninternational.org\/pt-pt\/"},{"@type":"ListItem","position":2,"name":"As nossas \u00e1reas de atua\u00e7\u00e3o"}]},{"@type":"WebSite","@id":"https:\/\/acninternational.org\/pt-pt\/#website","url":"https:\/\/acninternational.org\/pt-pt\/","name":"ACN International","description":"","publisher":{"@id":"https:\/\/acninternational.org\/pt-pt\/#organization"},"potentialAction":[{"@type":"SearchAction","target":{"@type":"EntryPoint","urlTemplate":"https:\/\/acninternational.org\/pt-pt\/?s={search_term_string}"},"query-input":{"@type":"PropertyValueSpecification","valueRequired":true,"valueName":"search_term_string"}}],"inLanguage":"pt-PT"},{"@type":"Organization","@id":"https:\/\/acninternational.org\/pt-pt\/#organization","name":"Aid to the Church in Need International","url":"https:\/\/acninternational.org\/pt-pt\/","logo":{"@type":"ImageObject","inLanguage":"pt-PT","@id":"https:\/\/acninternational.org\/pt-pt\/#\/schema\/logo\/image\/","url":"https:\/\/media.acninternational.org\/wp-content\/uploads\/2019\/11\/acn_logo_blackvector.svg","contentUrl":"https:\/\/media.acninternational.org\/wp-content\/uploads\/2019\/11\/acn_logo_blackvector.svg","width":232.6,"height":78,"caption":"Aid to the Church in Need International"},"image":{"@id":"https:\/\/acninternational.org\/pt-pt\/#\/schema\/logo\/image\/"},"sameAs":["https:\/\/www.facebook.com\/acninternationalorg","https:\/\/x.com\/acn_int","https:\/\/www.youtube.com\/channel\/UCQ-077gS0TnVzkhHmf1opZw","https:\/\/www.instagram.com\/acn_international\/"]}]}},"_links":{"self":[{"href":"https:\/\/acninternational.org\/pt-pt\/wp-json\/wp\/v2\/pages\/139178","targetHints":{"allow":["GET"]}}],"collection":[{"href":"https:\/\/acninternational.org\/pt-pt\/wp-json\/wp\/v2\/pages"}],"about":[{"href":"https:\/\/acninternational.org\/pt-pt\/wp-json\/wp\/v2\/types\/page"}],"author":[{"embeddable":true,"href":"https:\/\/acninternational.org\/pt-pt\/wp-json\/wp\/v2\/users\/4258341447"}],"replies":[{"embeddable":true,"href":"https:\/\/acninternational.org\/pt-pt\/wp-json\/wp\/v2\/comments?post=139178"}],"version-history":[{"count":0,"href":"https:\/\/acninternational.org\/pt-pt\/wp-json\/wp\/v2\/pages\/139178\/revisions"}],"wp:featuredmedia":[{"embeddable":true,"href":"https:\/\/acninternational.org\/pt-pt\/wp-json\/wp\/v2\/media\/210685"}],"wp:attachment":[{"href":"https:\/\/acninternational.org\/pt-pt\/wp-json\/wp\/v2\/media?parent=139178"}],"curies":[{"name":"wp","href":"https:\/\/api.w.org\/{rel}","templated":true}]}}