{"id":138979,"date":"2020-06-18T11:45:48","date_gmt":"2020-06-18T09:45:48","guid":{"rendered":"https:\/\/acninternational.org\/numeros-e-fatos\/"},"modified":"2024-06-20T18:24:51","modified_gmt":"2024-06-20T16:24:51","slug":"transparencia","status":"publish","type":"page","link":"https:\/\/acninternational.org\/pt-pt\/transparencia\/","title":{"rendered":"N\u00fameros e fatos"},"content":{"rendered":"<h1>N\u00fameros e fatos<\/h1>\n<h3 style=\"font-weight: 400;\"><strong>Em 2023, conseguimos ajudar 5.573 projetos mundialmente.<\/strong><\/h3>\n<p style=\"font-weight: 400;\">Em 2023, recebemos 7.689 pedidos de ajuda de todo o mundo. Gra\u00e7as \u00e0 generosidade dos nossos benfeitores, recebemos donativos no valor de 143,7 milh\u00f5es de euros e, com 0,8 milh\u00e3o de euros em reservas de anos anteriores, conseguimos financiar atividades no valor de 144,5 milh\u00f5es de euros. Como se pode ver no gr\u00e1fico, a maior parte de nossos gastos foi de longe as despesas relacionadas a miss\u00f5es, ou seja, trabalho concreto em projetos, informa\u00e7\u00f5es e atividades de ora\u00e7\u00e3o.<\/p>\n<p>\t\t\t\t\t\t\t\t\t\t\t\t\t<img loading=\"lazy\" decoding=\"async\" width=\"800\" height=\"263\" src=\"https:\/\/media.acninternational.org\/wp-content\/uploads\/2024\/06\/UseofFunds-2023_pt-1024x336.png\" alt=\"\" srcset=\"https:\/\/media.acninternational.org\/wp-content\/uploads\/2024\/06\/UseofFunds-2023_pt-1024x336.png 1024w, https:\/\/media.acninternational.org\/wp-content\/uploads\/2024\/06\/UseofFunds-2023_pt-300x98.png 300w, https:\/\/media.acninternational.org\/wp-content\/uploads\/2024\/06\/UseofFunds-2023_pt-768x252.png 768w, https:\/\/media.acninternational.org\/wp-content\/uploads\/2024\/06\/UseofFunds-2023_pt-1536x504.png 1536w, https:\/\/media.acninternational.org\/wp-content\/uploads\/2024\/06\/UseofFunds-2023_pt.png 2031w\" sizes=\"auto, (max-width: 800px) 100vw, 800px\" \/><br \/>\n\t\t\t<svg xmlns=\"http:\/\/www.w3.org\/2000\/svg\" xmlns:xlink=\"http:\/\/www.w3.org\/1999\/xlink\" id=\"Layer_1\" x=\"0px\" y=\"0px\" viewBox=\"0 0 19.2 15.5\" style=\"enable-background:new 0 0 19.2 15.5;\" xml:space=\"preserve\"> <\/p>\n<style type=\"text\/css\"> .st0{fill:#B81325;} <\/style>\n<p> <g> <g id=\"Layer_1-2\"> <path d=\"M0,0h3.5v1.1h-2v13.2h2v1.1H0V0z\"><\/path> <path d=\"M15.7,14.4h2V1.1h-2V0h3.5v15.5h-3.5V14.4z\"><\/path> <path d=\"M8.8,8.5H5.6V7h3.2V3.6h1.6V7h3.2v1.5h-3.2v3.4H8.8V8.5z\"><\/path> <\/g> <\/g> <\/svg><br \/>\n\t\t\tUso detalhado das doa\u00e7\u00f5es<br \/>\n\t\t\t&nbsp;Gastos com miss\u00f5es<br \/>\n\t\t\t&nbsp;Administra\u00e7\u00e3o<br \/>\n\t\t\t&nbsp;Gastos para a comunica\u00e7\u00e3o com benfeitores e a publicidade para obter doa\u00e7\u00f5es<br \/>\n\t\t\t<svg xmlns=\"http:\/\/www.w3.org\/2000\/svg\" xmlns:xlink=\"http:\/\/www.w3.org\/1999\/xlink\" id=\"Layer_1\" x=\"0px\" y=\"0px\" viewBox=\"0 0 19.2 15.5\" style=\"enable-background:new 0 0 19.2 15.5;\" xml:space=\"preserve\"> <\/p>\n<style type=\"text\/css\"> .st0{fill:#B81325;} <\/style>\n<p> <g> <g id=\"Layer_1-2\"> <path d=\"M0,0h3.5v1.1h-2v13.2h2v1.1H0V0z\"><\/path> <path d=\"M15.7,14.4h2V1.1h-2V0h3.5v15.5h-3.5V14.4z\"><\/path> <path d=\"M8.8,8.5H5.6V7h3.2V3.6h1.6V7h3.2v1.5h-3.2v3.4H8.8V8.5z\"><\/path> <\/g> <\/g> <\/svg><br \/>\n\t\t\tGastos com miss\u00f5es<br \/>\n\t\t\t&nbsp;Trabalho em projetos<br \/>\n\t\t\t&nbsp;Informa\u00e7\u00e3o, evangeliza\u00e7\u00e3o e ajuda para crist\u00e3os prejudicados e perseguido\t\t<\/p>\n<p style=\"font-weight: 400;\">Como sempre, os gastos necess\u00e1rios para a administra\u00e7\u00e3o e a aquisi\u00e7\u00e3o de doa\u00e7\u00f5es foram comparativamente baixos, para que o m\u00e1ximo poss\u00edvel de recursos pudesse chegar aos crist\u00e3os nos locais afetados. Ao todo, em 2023, apoiamos 5.573 projetos em 138 pa\u00edses com 100,8 milh\u00f5es de euros. 16,6 milh\u00f5es de euros foram gastos mundialmente na proclama\u00e7\u00e3o da f\u00e9, no trabalho de informa\u00e7\u00e3o e na advocacia para crist\u00e3os desfavorecidos e perseguidos.<\/p>\n<p style=\"font-weight: 400;\">Em 2023, as heran\u00e7as foram uma parte consider\u00e1vel de nosso apoio para a Igreja, com 33,6 milh\u00f5es de euros, equivalentes a 23,3% da receita. Por isso, junto com nossos irm\u00e3os e irm\u00e3s em situa\u00e7\u00e3o de emerg\u00eancia, agradecemos n\u00e3o s\u00f3 a nossos benfeitores em vida mas tamb\u00e9m lembramos com gratid\u00e3o aqueles que nos apoiam mesmo ap\u00f3s a morte.<\/p>\n<p>\t\t\tEscrit\u00f3rios em 23<br \/>\n\t\t\tMais de 359.920<br \/>\n\t\t\t143.737.504<br \/>\n\t\t\tParceiros em 138<br \/>\n\t\t\t5.573<br \/>\n\t\t\t81,3<br \/>\n\t\t\tpa\u00edses<br \/>\n\t\t\tdoadores por ano mundialmente<br \/>\n\t\t\teuros em doa\u00e7\u00f5es e heran\u00e7as<br \/>\n\t\t\tpa\u00edses<br \/>\n\t\t\tprojetos fomentados mundialmente<br \/>\n\t\t\tpor cento das doa\u00e7\u00f5es s\u00e3o destinadas a gastos com miss\u00f5es\t\t<\/p>\n<p style=\"text-align: center;\">Todos os dados financeiros apresentados foram testados pela empresa auditora independente PwC.<\/p>\n<p style=\"text-align: center;\"><strong>* Gastos com miss\u00f5es (2023)<\/strong><\/p>\n<h1>Nossas prioridades no ano de 2023.<\/h1>\n<p style=\"font-weight: 400;\">Aumentamos nossa ajuda para a forma\u00e7\u00e3o de sacerdotes, religiosos e leigos, que sempre foi uma de nossas prioridades, a 26,7% em 2023, ou seja, a mais de um quarto de nossa ajuda total.<\/p>\n<p style=\"font-weight: 400;\">Com 26,8%, projetos de constru\u00e7\u00e3o, reconstru\u00e7\u00e3o e reforma de igrejas e constru\u00e7\u00f5es da Igreja tamb\u00e9m representaram mais de um quarto dos nossos recursos de ajuda.<\/p>\n<p style=\"font-weight: 400;\">Por meio de subs\u00eddios para Missa para sacerdotes e ajuda existencial para religiosas, pudemos contribuir para garantir seu sustento novamente em 2023. Esses projetos receberam 21,6% do nosso financiamento.<\/p>\n<p style=\"font-weight: 400;\">Al\u00e9m disso, em grandes crises, trabalhamos para a popula\u00e7\u00e3o necessitada com medidas de ajuda de emerg\u00eancia. Em 2023, tais ajudas de emerg\u00eancia em regi\u00f5es nas quais crist\u00e3os est\u00e3o amea\u00e7ados por viol\u00eancia e expuls\u00e3o territorial comp\u00f5em 10,8% da ajuda total.<\/p>\n<p>\t\t\t\t\t\t\t\t\t\t\t\t\t<img loading=\"lazy\" decoding=\"async\" width=\"768\" height=\"777\" src=\"https:\/\/media.acninternational.org\/wp-content\/uploads\/2024\/06\/Aidgrantedbytype-2023_pt-768x777.png\" alt=\"\" srcset=\"https:\/\/media.acninternational.org\/wp-content\/uploads\/2024\/06\/Aidgrantedbytype-2023_pt-768x777.png 768w, https:\/\/media.acninternational.org\/wp-content\/uploads\/2024\/06\/Aidgrantedbytype-2023_pt-296x300.png 296w, https:\/\/media.acninternational.org\/wp-content\/uploads\/2024\/06\/Aidgrantedbytype-2023_pt.png 834w\" sizes=\"auto, (max-width: 768px) 100vw, 768px\" \/><br \/>\n\t\t\t<svg xmlns=\"http:\/\/www.w3.org\/2000\/svg\" xmlns:xlink=\"http:\/\/www.w3.org\/1999\/xlink\" id=\"Layer_1\" x=\"0px\" y=\"0px\" viewBox=\"0 0 19.2 15.5\" style=\"enable-background:new 0 0 19.2 15.5;\" xml:space=\"preserve\"> <\/p>\n<style type=\"text\/css\"> .st0{fill:#B81325;} <\/style>\n<p> <g> <g id=\"Layer_1-2\"> <path d=\"M0,0h3.5v1.1h-2v13.2h2v1.1H0V0z\"><\/path> <path d=\"M15.7,14.4h2V1.1h-2V0h3.5v15.5h-3.5V14.4z\"><\/path> <path d=\"M8.8,8.5H5.6V7h3.2V3.6h1.6V7h3.2v1.5h-3.2v3.4H8.8V8.5z\"><\/path> <\/g> <\/g> <\/svg><br \/>\n\t\t\tAjuda aprovada por tipo<br \/>\n\t\t\th<br \/>\n\t\t\tConstru\u00e7\u00e3o e reconstru\u00e7\u00e3o<br \/>\n\t\t\ta<br \/>\n\t\t\tSubven\u00e7\u00f5es para missas<br \/>\n\t\t\ti<br \/>\n\t\t\tAjuda de emerg\u00eancia<br \/>\n\t\t\tb<br \/>\n\t\t\tForma\u00e7\u00e3o de padres e religiosos<br \/>\n\t\t\td<br \/>\n\t\t\tForma\u00e7\u00e3o da f\u00e9 para leigos<br \/>\n\t\t\tg<br \/>\n\t\t\tMeios de transporte para o acompanhamento pastoral<br \/>\n\t\t\te\t\t<\/p>\n<p>Distribui\u00e7\u00e3o de b\u00edblias, livros e m\u00eddia religiosa<\/p>\n<p>\t\t\tc<br \/>\n\t\t\tAjuda de subsist\u00eancia para religiosas<\/p>\n","protected":false},"excerpt":{"rendered":"<p>N\u00fameros e fatos Em 2023, conseguimos ajudar 5.573 projetos mundialmente. Em 2023, recebemos 7.689 pedidos de ajuda de todo o mundo. Gra\u00e7as \u00e0 generosidade dos nossos benfeitores, recebemos donativos no valor de 143,7 milh\u00f5es de euros e, com 0,8 milh\u00e3o de euros em reservas de anos anteriores, conseguimos financiar atividades no valor de 144,5 milh\u00f5es [&hellip;]<\/p>\n","protected":false},"author":4258341447,"featured_media":211068,"parent":0,"menu_order":0,"comment_status":"closed","ping_status":"closed","template":"","meta":{"_acf_changed":false,"footnotes":""},"class_list":["post-138979","page","type-page","status-publish","has-post-thumbnail","hentry"],"acf":[],"yoast_head":"<!-- This site is optimized with the Yoast SEO Premium plugin v27.3 (Yoast SEO v27.3) - https:\/\/yoast.com\/product\/yoast-seo-premium-wordpress\/ -->\n<title>N\u00fameros e fatos | ACN International<\/title>\n<meta name=\"robots\" content=\"index, follow, max-snippet:-1, max-image-preview:large, max-video-preview:-1\" \/>\n<link rel=\"canonical\" href=\"https:\/\/acninternational.org\/pt-pt\/transparencia\/\" \/>\n<meta property=\"og:locale\" content=\"pt_PT\" \/>\n<meta property=\"og:type\" content=\"article\" \/>\n<meta property=\"og:title\" content=\"N\u00fameros e fatos\" \/>\n<meta property=\"og:description\" content=\"N\u00fameros e fatos Em 2023, conseguimos ajudar 5.573 projetos mundialmente. Em 2023, recebemos 7.689 pedidos de ajuda de todo o mundo. Gra\u00e7as \u00e0 generosidade dos nossos benfeitores, recebemos donativos no valor de 143,7 milh\u00f5es de euros e, com 0,8 milh\u00e3o de euros em reservas de anos anteriores, conseguimos financiar atividades no valor de 144,5 milh\u00f5es [&hellip;]\" \/>\n<meta property=\"og:url\" content=\"https:\/\/acninternational.org\/pt-pt\/transparencia\/\" \/>\n<meta property=\"og:site_name\" content=\"ACN International\" \/>\n<meta property=\"article:publisher\" content=\"https:\/\/www.facebook.com\/acninternationalorg\" \/>\n<meta property=\"article:modified_time\" content=\"2024-06-20T16:24:51+00:00\" \/>\n<meta property=\"og:image\" content=\"https:\/\/media.acninternational.org\/wp-content\/uploads\/2024\/06\/ACN-20231110-155668.jpg\" \/>\n\t<meta property=\"og:image:width\" content=\"1920\" \/>\n\t<meta property=\"og:image:height\" content=\"700\" \/>\n\t<meta property=\"og:image:type\" content=\"image\/jpeg\" \/>\n<meta name=\"twitter:card\" content=\"summary_large_image\" \/>\n<meta name=\"twitter:site\" content=\"@acn_int\" \/>\n<meta name=\"twitter:label1\" content=\"Tempo estimado de leitura\" \/>\n\t<meta name=\"twitter:data1\" content=\"4 minutos\" \/>\n<script type=\"application\/ld+json\" class=\"yoast-schema-graph\">{\"@context\":\"https:\\\/\\\/schema.org\",\"@graph\":[{\"@type\":\"WebPage\",\"@id\":\"https:\\\/\\\/acninternational.org\\\/pt-pt\\\/transparencia\\\/\",\"url\":\"https:\\\/\\\/acninternational.org\\\/pt-pt\\\/transparencia\\\/\",\"name\":\"N\u00fameros e fatos | ACN International\",\"isPartOf\":{\"@id\":\"https:\\\/\\\/acninternational.org\\\/pt-pt\\\/#website\"},\"primaryImageOfPage\":{\"@id\":\"https:\\\/\\\/acninternational.org\\\/pt-pt\\\/transparencia\\\/#primaryimage\"},\"image\":{\"@id\":\"https:\\\/\\\/acninternational.org\\\/pt-pt\\\/transparencia\\\/#primaryimage\"},\"thumbnailUrl\":\"https:\\\/\\\/media.acninternational.org\\\/wp-content\\\/uploads\\\/2024\\\/06\\\/ACN-20231110-155668.jpg\",\"datePublished\":\"2020-06-18T09:45:48+00:00\",\"dateModified\":\"2024-06-20T16:24:51+00:00\",\"breadcrumb\":{\"@id\":\"https:\\\/\\\/acninternational.org\\\/pt-pt\\\/transparencia\\\/#breadcrumb\"},\"inLanguage\":\"pt-PT\",\"potentialAction\":[{\"@type\":\"ReadAction\",\"target\":[\"https:\\\/\\\/acninternational.org\\\/pt-pt\\\/transparencia\\\/\"]}]},{\"@type\":\"ImageObject\",\"inLanguage\":\"pt-PT\",\"@id\":\"https:\\\/\\\/acninternational.org\\\/pt-pt\\\/transparencia\\\/#primaryimage\",\"url\":\"https:\\\/\\\/media.acninternational.org\\\/wp-content\\\/uploads\\\/2024\\\/06\\\/ACN-20231110-155668.jpg\",\"contentUrl\":\"https:\\\/\\\/media.acninternational.org\\\/wp-content\\\/uploads\\\/2024\\\/06\\\/ACN-20231110-155668.jpg\",\"width\":1920,\"height\":700},{\"@type\":\"BreadcrumbList\",\"@id\":\"https:\\\/\\\/acninternational.org\\\/pt-pt\\\/transparencia\\\/#breadcrumb\",\"itemListElement\":[{\"@type\":\"ListItem\",\"position\":1,\"name\":\"Home\",\"item\":\"https:\\\/\\\/acninternational.org\\\/pt-pt\\\/\"},{\"@type\":\"ListItem\",\"position\":2,\"name\":\"N\u00fameros e fatos\"}]},{\"@type\":\"WebSite\",\"@id\":\"https:\\\/\\\/acninternational.org\\\/pt-pt\\\/#website\",\"url\":\"https:\\\/\\\/acninternational.org\\\/pt-pt\\\/\",\"name\":\"ACN International\",\"description\":\"\",\"publisher\":{\"@id\":\"https:\\\/\\\/acninternational.org\\\/pt-pt\\\/#organization\"},\"potentialAction\":[{\"@type\":\"SearchAction\",\"target\":{\"@type\":\"EntryPoint\",\"urlTemplate\":\"https:\\\/\\\/acninternational.org\\\/pt-pt\\\/?s={search_term_string}\"},\"query-input\":{\"@type\":\"PropertyValueSpecification\",\"valueRequired\":true,\"valueName\":\"search_term_string\"}}],\"inLanguage\":\"pt-PT\"},{\"@type\":\"Organization\",\"@id\":\"https:\\\/\\\/acninternational.org\\\/pt-pt\\\/#organization\",\"name\":\"Aid to the Church in Need International\",\"url\":\"https:\\\/\\\/acninternational.org\\\/pt-pt\\\/\",\"logo\":{\"@type\":\"ImageObject\",\"inLanguage\":\"pt-PT\",\"@id\":\"https:\\\/\\\/acninternational.org\\\/pt-pt\\\/#\\\/schema\\\/logo\\\/image\\\/\",\"url\":\"https:\\\/\\\/media.acninternational.org\\\/wp-content\\\/uploads\\\/2019\\\/11\\\/acn_logo_blackvector.svg\",\"contentUrl\":\"https:\\\/\\\/media.acninternational.org\\\/wp-content\\\/uploads\\\/2019\\\/11\\\/acn_logo_blackvector.svg\",\"width\":232.6,\"height\":78,\"caption\":\"Aid to the Church in Need International\"},\"image\":{\"@id\":\"https:\\\/\\\/acninternational.org\\\/pt-pt\\\/#\\\/schema\\\/logo\\\/image\\\/\"},\"sameAs\":[\"https:\\\/\\\/www.facebook.com\\\/acninternationalorg\",\"https:\\\/\\\/x.com\\\/acn_int\",\"https:\\\/\\\/www.youtube.com\\\/channel\\\/UCQ-077gS0TnVzkhHmf1opZw\",\"https:\\\/\\\/www.instagram.com\\\/acn_international\\\/\"]}]}<\/script>\n<!-- \/ Yoast SEO Premium plugin. -->","yoast_head_json":{"title":"N\u00fameros e fatos | ACN International","robots":{"index":"index","follow":"follow","max-snippet":"max-snippet:-1","max-image-preview":"max-image-preview:large","max-video-preview":"max-video-preview:-1"},"canonical":"https:\/\/acninternational.org\/pt-pt\/transparencia\/","og_locale":"pt_PT","og_type":"article","og_title":"N\u00fameros e fatos","og_description":"N\u00fameros e fatos Em 2023, conseguimos ajudar 5.573 projetos mundialmente. Em 2023, recebemos 7.689 pedidos de ajuda de todo o mundo. Gra\u00e7as \u00e0 generosidade dos nossos benfeitores, recebemos donativos no valor de 143,7 milh\u00f5es de euros e, com 0,8 milh\u00e3o de euros em reservas de anos anteriores, conseguimos financiar atividades no valor de 144,5 milh\u00f5es [&hellip;]","og_url":"https:\/\/acninternational.org\/pt-pt\/transparencia\/","og_site_name":"ACN International","article_publisher":"https:\/\/www.facebook.com\/acninternationalorg","article_modified_time":"2024-06-20T16:24:51+00:00","og_image":[{"width":1920,"height":700,"url":"https:\/\/media.acninternational.org\/wp-content\/uploads\/2024\/06\/ACN-20231110-155668.jpg","type":"image\/jpeg"}],"twitter_card":"summary_large_image","twitter_site":"@acn_int","twitter_misc":{"Tempo estimado de leitura":"4 minutos"},"schema":{"@context":"https:\/\/schema.org","@graph":[{"@type":"WebPage","@id":"https:\/\/acninternational.org\/pt-pt\/transparencia\/","url":"https:\/\/acninternational.org\/pt-pt\/transparencia\/","name":"N\u00fameros e fatos | ACN International","isPartOf":{"@id":"https:\/\/acninternational.org\/pt-pt\/#website"},"primaryImageOfPage":{"@id":"https:\/\/acninternational.org\/pt-pt\/transparencia\/#primaryimage"},"image":{"@id":"https:\/\/acninternational.org\/pt-pt\/transparencia\/#primaryimage"},"thumbnailUrl":"https:\/\/media.acninternational.org\/wp-content\/uploads\/2024\/06\/ACN-20231110-155668.jpg","datePublished":"2020-06-18T09:45:48+00:00","dateModified":"2024-06-20T16:24:51+00:00","breadcrumb":{"@id":"https:\/\/acninternational.org\/pt-pt\/transparencia\/#breadcrumb"},"inLanguage":"pt-PT","potentialAction":[{"@type":"ReadAction","target":["https:\/\/acninternational.org\/pt-pt\/transparencia\/"]}]},{"@type":"ImageObject","inLanguage":"pt-PT","@id":"https:\/\/acninternational.org\/pt-pt\/transparencia\/#primaryimage","url":"https:\/\/media.acninternational.org\/wp-content\/uploads\/2024\/06\/ACN-20231110-155668.jpg","contentUrl":"https:\/\/media.acninternational.org\/wp-content\/uploads\/2024\/06\/ACN-20231110-155668.jpg","width":1920,"height":700},{"@type":"BreadcrumbList","@id":"https:\/\/acninternational.org\/pt-pt\/transparencia\/#breadcrumb","itemListElement":[{"@type":"ListItem","position":1,"name":"Home","item":"https:\/\/acninternational.org\/pt-pt\/"},{"@type":"ListItem","position":2,"name":"N\u00fameros e fatos"}]},{"@type":"WebSite","@id":"https:\/\/acninternational.org\/pt-pt\/#website","url":"https:\/\/acninternational.org\/pt-pt\/","name":"ACN International","description":"","publisher":{"@id":"https:\/\/acninternational.org\/pt-pt\/#organization"},"potentialAction":[{"@type":"SearchAction","target":{"@type":"EntryPoint","urlTemplate":"https:\/\/acninternational.org\/pt-pt\/?s={search_term_string}"},"query-input":{"@type":"PropertyValueSpecification","valueRequired":true,"valueName":"search_term_string"}}],"inLanguage":"pt-PT"},{"@type":"Organization","@id":"https:\/\/acninternational.org\/pt-pt\/#organization","name":"Aid to the Church in Need International","url":"https:\/\/acninternational.org\/pt-pt\/","logo":{"@type":"ImageObject","inLanguage":"pt-PT","@id":"https:\/\/acninternational.org\/pt-pt\/#\/schema\/logo\/image\/","url":"https:\/\/media.acninternational.org\/wp-content\/uploads\/2019\/11\/acn_logo_blackvector.svg","contentUrl":"https:\/\/media.acninternational.org\/wp-content\/uploads\/2019\/11\/acn_logo_blackvector.svg","width":232.6,"height":78,"caption":"Aid to the Church in Need International"},"image":{"@id":"https:\/\/acninternational.org\/pt-pt\/#\/schema\/logo\/image\/"},"sameAs":["https:\/\/www.facebook.com\/acninternationalorg","https:\/\/x.com\/acn_int","https:\/\/www.youtube.com\/channel\/UCQ-077gS0TnVzkhHmf1opZw","https:\/\/www.instagram.com\/acn_international\/"]}]}},"_links":{"self":[{"href":"https:\/\/acninternational.org\/pt-pt\/wp-json\/wp\/v2\/pages\/138979","targetHints":{"allow":["GET"]}}],"collection":[{"href":"https:\/\/acninternational.org\/pt-pt\/wp-json\/wp\/v2\/pages"}],"about":[{"href":"https:\/\/acninternational.org\/pt-pt\/wp-json\/wp\/v2\/types\/page"}],"author":[{"embeddable":true,"href":"https:\/\/acninternational.org\/pt-pt\/wp-json\/wp\/v2\/users\/4258341447"}],"replies":[{"embeddable":true,"href":"https:\/\/acninternational.org\/pt-pt\/wp-json\/wp\/v2\/comments?post=138979"}],"version-history":[{"count":0,"href":"https:\/\/acninternational.org\/pt-pt\/wp-json\/wp\/v2\/pages\/138979\/revisions"}],"wp:featuredmedia":[{"embeddable":true,"href":"https:\/\/acninternational.org\/pt-pt\/wp-json\/wp\/v2\/media\/211068"}],"wp:attachment":[{"href":"https:\/\/acninternational.org\/pt-pt\/wp-json\/wp\/v2\/media?parent=138979"}],"curies":[{"name":"wp","href":"https:\/\/api.w.org\/{rel}","templated":true}]}}