{"id":135943,"date":"2019-10-30T17:37:30","date_gmt":"2019-10-30T16:37:30","guid":{"rendered":"https:\/\/acninternational.org\/o-navegador-internet-explorer-nao-suporta-o-website\/"},"modified":"2020-05-25T10:53:42","modified_gmt":"2020-05-25T08:53:42","slug":"o-navegador-internet-explorer-nao-suporta-o-website","status":"publish","type":"page","link":"https:\/\/acninternational.org\/pt-pt\/o-navegador-internet-explorer-nao-suporta-o-website\/","title":{"rendered":"O navegador Internet Explorer n\u00e3o suporta o website"},"content":{"rendered":"<h1>Por gentileza, actualize seu navegador<\/h1>\n<p>Infelizmente, est\u00e1 a utlizar um navegador web bastante antigo que n\u00e3o suporta totalmente o website que est\u00e1 a visitar. Para uma experi\u00eancia mais completa e segura, utilize a vers\u00e3o actual de qualquer um dos navegadores a seguir:<\/p>\n<p><a href=\"https:\/\/www.google.com\/chrome\/\" target=\"_blank\" rel=\"noopener noreferrer\">Google Chrome<\/a><\/p>\n<p><a href=\"https:\/\/www.mozilla.org\/firefox\/\" target=\"_blank\" rel=\"noopener noreferrer\">Mozilla Firefox<\/a><\/p>\n<p><a href=\"https:\/\/www.apple.com\/safari\/\" target=\"_blank\" rel=\"noopener noreferrer\">Apple Safari<\/a><\/p>\n<p><a href=\"http:\/\/www.microsoft.com\/edge\/\" target=\"_blank\" rel=\"noopener noreferrer\">Microsoft Edge<\/a><\/p>\n<p><b>Muito obrigada!<\/b><\/p>\n","protected":false},"excerpt":{"rendered":"<p>Por gentileza, actualize seu navegador Infelizmente, est\u00e1 a utlizar um navegador web bastante antigo que n\u00e3o suporta totalmente o website que est\u00e1 a visitar. Para uma experi\u00eancia mais completa e segura, utilize a vers\u00e3o actual de qualquer um dos navegadores a seguir: Google Chrome Mozilla Firefox Apple Safari Microsoft Edge Muito obrigada!<\/p>\n","protected":false},"author":1,"featured_media":0,"parent":0,"menu_order":0,"comment_status":"closed","ping_status":"closed","template":"elementor_canvas","meta":{"_acf_changed":false,"footnotes":""},"class_list":["post-135943","page","type-page","status-publish","hentry"],"acf":[],"yoast_head":"<!-- This site is optimized with the Yoast SEO Premium plugin v27.3 (Yoast SEO v27.3) - https:\/\/yoast.com\/product\/yoast-seo-premium-wordpress\/ -->\n<title>O navegador Internet Explorer n\u00e3o suporta o website | ACN International<\/title>\n<meta name=\"robots\" content=\"index, follow, max-snippet:-1, max-image-preview:large, max-video-preview:-1\" \/>\n<link rel=\"canonical\" href=\"https:\/\/acninternational.org\/pt-pt\/o-navegador-internet-explorer-nao-suporta-o-website\/\" \/>\n<meta property=\"og:locale\" content=\"pt_PT\" \/>\n<meta property=\"og:type\" content=\"article\" \/>\n<meta property=\"og:title\" content=\"O navegador Internet Explorer n\u00e3o suporta o website\" \/>\n<meta property=\"og:description\" content=\"Por gentileza, actualize seu navegador Infelizmente, est\u00e1 a utlizar um navegador web bastante antigo que n\u00e3o suporta totalmente o website que est\u00e1 a visitar. Para uma experi\u00eancia mais completa e segura, utilize a vers\u00e3o actual de qualquer um dos navegadores a seguir: Google Chrome Mozilla Firefox Apple Safari Microsoft Edge Muito obrigada!\" \/>\n<meta property=\"og:url\" content=\"https:\/\/acninternational.org\/pt-pt\/o-navegador-internet-explorer-nao-suporta-o-website\/\" \/>\n<meta property=\"og:site_name\" content=\"ACN International\" \/>\n<meta property=\"article:publisher\" content=\"https:\/\/www.facebook.com\/acninternationalorg\" \/>\n<meta property=\"article:modified_time\" content=\"2020-05-25T08:53:42+00:00\" \/>\n<meta property=\"og:image\" content=\"https:\/\/media.acninternational.org\/wp-content\/uploads\/2022\/07\/ACN-20140929-13926-1.jpeg\" \/>\n\t<meta property=\"og:image:width\" content=\"200\" \/>\n\t<meta property=\"og:image:height\" content=\"200\" \/>\n\t<meta property=\"og:image:type\" content=\"image\/jpeg\" \/>\n<meta name=\"twitter:card\" content=\"summary_large_image\" \/>\n<meta name=\"twitter:site\" content=\"@acn_int\" \/>\n<script type=\"application\/ld+json\" class=\"yoast-schema-graph\">{\"@context\":\"https:\\\/\\\/schema.org\",\"@graph\":[{\"@type\":\"WebPage\",\"@id\":\"https:\\\/\\\/acninternational.org\\\/pt-pt\\\/o-navegador-internet-explorer-nao-suporta-o-website\\\/\",\"url\":\"https:\\\/\\\/acninternational.org\\\/pt-pt\\\/o-navegador-internet-explorer-nao-suporta-o-website\\\/\",\"name\":\"O navegador Internet Explorer n\u00e3o suporta o website | ACN International\",\"isPartOf\":{\"@id\":\"https:\\\/\\\/acninternational.org\\\/pt-pt\\\/#website\"},\"datePublished\":\"2019-10-30T16:37:30+00:00\",\"dateModified\":\"2020-05-25T08:53:42+00:00\",\"breadcrumb\":{\"@id\":\"https:\\\/\\\/acninternational.org\\\/pt-pt\\\/o-navegador-internet-explorer-nao-suporta-o-website\\\/#breadcrumb\"},\"inLanguage\":\"pt-PT\",\"potentialAction\":[{\"@type\":\"ReadAction\",\"target\":[\"https:\\\/\\\/acninternational.org\\\/pt-pt\\\/o-navegador-internet-explorer-nao-suporta-o-website\\\/\"]}]},{\"@type\":\"BreadcrumbList\",\"@id\":\"https:\\\/\\\/acninternational.org\\\/pt-pt\\\/o-navegador-internet-explorer-nao-suporta-o-website\\\/#breadcrumb\",\"itemListElement\":[{\"@type\":\"ListItem\",\"position\":1,\"name\":\"Home\",\"item\":\"https:\\\/\\\/acninternational.org\\\/pt-pt\\\/\"},{\"@type\":\"ListItem\",\"position\":2,\"name\":\"O navegador Internet Explorer n\u00e3o suporta o website\"}]},{\"@type\":\"WebSite\",\"@id\":\"https:\\\/\\\/acninternational.org\\\/pt-pt\\\/#website\",\"url\":\"https:\\\/\\\/acninternational.org\\\/pt-pt\\\/\",\"name\":\"ACN International\",\"description\":\"\",\"publisher\":{\"@id\":\"https:\\\/\\\/acninternational.org\\\/pt-pt\\\/#organization\"},\"potentialAction\":[{\"@type\":\"SearchAction\",\"target\":{\"@type\":\"EntryPoint\",\"urlTemplate\":\"https:\\\/\\\/acninternational.org\\\/pt-pt\\\/?s={search_term_string}\"},\"query-input\":{\"@type\":\"PropertyValueSpecification\",\"valueRequired\":true,\"valueName\":\"search_term_string\"}}],\"inLanguage\":\"pt-PT\"},{\"@type\":\"Organization\",\"@id\":\"https:\\\/\\\/acninternational.org\\\/pt-pt\\\/#organization\",\"name\":\"Aid to the Church in Need International\",\"url\":\"https:\\\/\\\/acninternational.org\\\/pt-pt\\\/\",\"logo\":{\"@type\":\"ImageObject\",\"inLanguage\":\"pt-PT\",\"@id\":\"https:\\\/\\\/acninternational.org\\\/pt-pt\\\/#\\\/schema\\\/logo\\\/image\\\/\",\"url\":\"https:\\\/\\\/media.acninternational.org\\\/wp-content\\\/uploads\\\/2019\\\/11\\\/acn_logo_blackvector.svg\",\"contentUrl\":\"https:\\\/\\\/media.acninternational.org\\\/wp-content\\\/uploads\\\/2019\\\/11\\\/acn_logo_blackvector.svg\",\"width\":232.6,\"height\":78,\"caption\":\"Aid to the Church in Need International\"},\"image\":{\"@id\":\"https:\\\/\\\/acninternational.org\\\/pt-pt\\\/#\\\/schema\\\/logo\\\/image\\\/\"},\"sameAs\":[\"https:\\\/\\\/www.facebook.com\\\/acninternationalorg\",\"https:\\\/\\\/x.com\\\/acn_int\",\"https:\\\/\\\/www.youtube.com\\\/channel\\\/UCQ-077gS0TnVzkhHmf1opZw\",\"https:\\\/\\\/www.instagram.com\\\/acn_international\\\/\"]}]}<\/script>\n<!-- \/ Yoast SEO Premium plugin. -->","yoast_head_json":{"title":"O navegador Internet Explorer n\u00e3o suporta o website | ACN International","robots":{"index":"index","follow":"follow","max-snippet":"max-snippet:-1","max-image-preview":"max-image-preview:large","max-video-preview":"max-video-preview:-1"},"canonical":"https:\/\/acninternational.org\/pt-pt\/o-navegador-internet-explorer-nao-suporta-o-website\/","og_locale":"pt_PT","og_type":"article","og_title":"O navegador Internet Explorer n\u00e3o suporta o website","og_description":"Por gentileza, actualize seu navegador Infelizmente, est\u00e1 a utlizar um navegador web bastante antigo que n\u00e3o suporta totalmente o website que est\u00e1 a visitar. Para uma experi\u00eancia mais completa e segura, utilize a vers\u00e3o actual de qualquer um dos navegadores a seguir: Google Chrome Mozilla Firefox Apple Safari Microsoft Edge Muito obrigada!","og_url":"https:\/\/acninternational.org\/pt-pt\/o-navegador-internet-explorer-nao-suporta-o-website\/","og_site_name":"ACN International","article_publisher":"https:\/\/www.facebook.com\/acninternationalorg","article_modified_time":"2020-05-25T08:53:42+00:00","og_image":[{"width":200,"height":200,"url":"https:\/\/media.acninternational.org\/wp-content\/uploads\/2022\/07\/ACN-20140929-13926-1.jpeg","type":"image\/jpeg"}],"twitter_card":"summary_large_image","twitter_site":"@acn_int","schema":{"@context":"https:\/\/schema.org","@graph":[{"@type":"WebPage","@id":"https:\/\/acninternational.org\/pt-pt\/o-navegador-internet-explorer-nao-suporta-o-website\/","url":"https:\/\/acninternational.org\/pt-pt\/o-navegador-internet-explorer-nao-suporta-o-website\/","name":"O navegador Internet Explorer n\u00e3o suporta o website | ACN International","isPartOf":{"@id":"https:\/\/acninternational.org\/pt-pt\/#website"},"datePublished":"2019-10-30T16:37:30+00:00","dateModified":"2020-05-25T08:53:42+00:00","breadcrumb":{"@id":"https:\/\/acninternational.org\/pt-pt\/o-navegador-internet-explorer-nao-suporta-o-website\/#breadcrumb"},"inLanguage":"pt-PT","potentialAction":[{"@type":"ReadAction","target":["https:\/\/acninternational.org\/pt-pt\/o-navegador-internet-explorer-nao-suporta-o-website\/"]}]},{"@type":"BreadcrumbList","@id":"https:\/\/acninternational.org\/pt-pt\/o-navegador-internet-explorer-nao-suporta-o-website\/#breadcrumb","itemListElement":[{"@type":"ListItem","position":1,"name":"Home","item":"https:\/\/acninternational.org\/pt-pt\/"},{"@type":"ListItem","position":2,"name":"O navegador Internet Explorer n\u00e3o suporta o website"}]},{"@type":"WebSite","@id":"https:\/\/acninternational.org\/pt-pt\/#website","url":"https:\/\/acninternational.org\/pt-pt\/","name":"ACN International","description":"","publisher":{"@id":"https:\/\/acninternational.org\/pt-pt\/#organization"},"potentialAction":[{"@type":"SearchAction","target":{"@type":"EntryPoint","urlTemplate":"https:\/\/acninternational.org\/pt-pt\/?s={search_term_string}"},"query-input":{"@type":"PropertyValueSpecification","valueRequired":true,"valueName":"search_term_string"}}],"inLanguage":"pt-PT"},{"@type":"Organization","@id":"https:\/\/acninternational.org\/pt-pt\/#organization","name":"Aid to the Church in Need International","url":"https:\/\/acninternational.org\/pt-pt\/","logo":{"@type":"ImageObject","inLanguage":"pt-PT","@id":"https:\/\/acninternational.org\/pt-pt\/#\/schema\/logo\/image\/","url":"https:\/\/media.acninternational.org\/wp-content\/uploads\/2019\/11\/acn_logo_blackvector.svg","contentUrl":"https:\/\/media.acninternational.org\/wp-content\/uploads\/2019\/11\/acn_logo_blackvector.svg","width":232.6,"height":78,"caption":"Aid to the Church in Need International"},"image":{"@id":"https:\/\/acninternational.org\/pt-pt\/#\/schema\/logo\/image\/"},"sameAs":["https:\/\/www.facebook.com\/acninternationalorg","https:\/\/x.com\/acn_int","https:\/\/www.youtube.com\/channel\/UCQ-077gS0TnVzkhHmf1opZw","https:\/\/www.instagram.com\/acn_international\/"]}]}},"_links":{"self":[{"href":"https:\/\/acninternational.org\/pt-pt\/wp-json\/wp\/v2\/pages\/135943","targetHints":{"allow":["GET"]}}],"collection":[{"href":"https:\/\/acninternational.org\/pt-pt\/wp-json\/wp\/v2\/pages"}],"about":[{"href":"https:\/\/acninternational.org\/pt-pt\/wp-json\/wp\/v2\/types\/page"}],"author":[{"embeddable":true,"href":"https:\/\/acninternational.org\/pt-pt\/wp-json\/wp\/v2\/users\/1"}],"replies":[{"embeddable":true,"href":"https:\/\/acninternational.org\/pt-pt\/wp-json\/wp\/v2\/comments?post=135943"}],"version-history":[{"count":0,"href":"https:\/\/acninternational.org\/pt-pt\/wp-json\/wp\/v2\/pages\/135943\/revisions"}],"wp:attachment":[{"href":"https:\/\/acninternational.org\/pt-pt\/wp-json\/wp\/v2\/media?parent=135943"}],"curies":[{"name":"wp","href":"https:\/\/api.w.org\/{rel}","templated":true}]}}