{"id":135815,"date":"2019-10-29T15:01:28","date_gmt":"2019-10-29T14:01:28","guid":{"rendered":"https:\/\/acninternational.org\/orientacoes-para-subvencoes\/como-candidatar-se\/formularios\/"},"modified":"2021-08-13T09:37:01","modified_gmt":"2021-08-13T07:37:01","slug":"formularios","status":"publish","type":"page","link":"https:\/\/acninternational.org\/pt-pt\/solicitar-ajuda\/formularios\/","title":{"rendered":"Formul\u00e1rios"},"content":{"rendered":"<p>Os formul\u00e1rios abaixo indicados est\u00e3o dispon\u00edveis em v\u00e1rias l\u00ednguas e ir\u00e3o ajud\u00e1-lo a apresentar sua peti\u00e7\u00e3o em completude, com todas as informa\u00e7\u00f5es necess\u00e1rias e actualizadas. Por gentileza, n\u00e3o se esque\u00e7a de assinar.<\/p>\n<p><strong>Informa\u00e7\u00e3o importante para peti\u00e7\u00f5es online<br \/>\n<\/strong>Faz parte da nossa pol\u00edtica aceitar peti\u00e7\u00f5es como anexos de e-mail. Neste caso, por gentileza, n\u00e3o se esque\u00e7a de assinar a sua peti\u00e7\u00e3o e digitaliz\u00e1-la antes de envi\u00e1-la para n\u00f3s. O mesmo se aplica \u00e0 carta de endosso do seu bispo. As candidaturas sem assinatura n\u00e3o ser\u00e3o processadas.<\/p>\n","protected":false},"excerpt":{"rendered":"<p>Os formul\u00e1rios abaixo indicados est\u00e3o dispon\u00edveis em v\u00e1rias l\u00ednguas e ir\u00e3o ajud\u00e1-lo a apresentar sua peti\u00e7\u00e3o em completude, com todas as informa\u00e7\u00f5es necess\u00e1rias e actualizadas. Por gentileza, n\u00e3o se esque\u00e7a de assinar. Informa\u00e7\u00e3o importante para peti\u00e7\u00f5es online Faz parte da nossa pol\u00edtica aceitar peti\u00e7\u00f5es como anexos de e-mail. Neste caso, por gentileza, n\u00e3o se esque\u00e7a [&hellip;]<\/p>\n","protected":false},"author":1,"featured_media":144389,"parent":123254,"menu_order":0,"comment_status":"closed","ping_status":"closed","template":"","meta":{"_acf_changed":false,"footnotes":""},"class_list":["post-135815","page","type-page","status-publish","has-post-thumbnail","hentry","page-category-pagina-de-formularios"],"acf":[],"yoast_head":"<!-- This site is optimized with the Yoast SEO Premium plugin v27.3 (Yoast SEO v27.3) - https:\/\/yoast.com\/product\/yoast-seo-premium-wordpress\/ -->\n<title>Formul\u00e1rios | ACN International<\/title>\n<meta name=\"robots\" content=\"index, follow, max-snippet:-1, max-image-preview:large, max-video-preview:-1\" \/>\n<link rel=\"canonical\" href=\"https:\/\/acninternational.org\/pt-pt\/solicitar-ajuda\/formularios\/\" \/>\n<meta property=\"og:locale\" content=\"pt_PT\" \/>\n<meta property=\"og:type\" content=\"article\" \/>\n<meta property=\"og:title\" content=\"Formul\u00e1rios\" \/>\n<meta property=\"og:description\" content=\"Os formul\u00e1rios abaixo indicados est\u00e3o dispon\u00edveis em v\u00e1rias l\u00ednguas e ir\u00e3o ajud\u00e1-lo a apresentar sua peti\u00e7\u00e3o em completude, com todas as informa\u00e7\u00f5es necess\u00e1rias e actualizadas. Por gentileza, n\u00e3o se esque\u00e7a de assinar. Informa\u00e7\u00e3o importante para peti\u00e7\u00f5es online Faz parte da nossa pol\u00edtica aceitar peti\u00e7\u00f5es como anexos de e-mail. Neste caso, por gentileza, n\u00e3o se esque\u00e7a [&hellip;]\" \/>\n<meta property=\"og:url\" content=\"https:\/\/acninternational.org\/pt-pt\/solicitar-ajuda\/formularios\/\" \/>\n<meta property=\"og:site_name\" content=\"ACN International\" \/>\n<meta property=\"article:publisher\" content=\"https:\/\/www.facebook.com\/acninternationalorg\" \/>\n<meta property=\"article:modified_time\" content=\"2021-08-13T07:37:01+00:00\" \/>\n<meta property=\"og:image\" content=\"https:\/\/media.acninternational.org\/wp-content\/uploads\/2020\/11\/Africa_evangelization.jpg\" \/>\n\t<meta property=\"og:image:width\" content=\"1400\" \/>\n\t<meta property=\"og:image:height\" content=\"438\" \/>\n\t<meta property=\"og:image:type\" content=\"image\/jpeg\" \/>\n<meta name=\"twitter:card\" content=\"summary_large_image\" \/>\n<meta name=\"twitter:site\" content=\"@acn_int\" \/>\n<meta name=\"twitter:label1\" content=\"Tempo estimado de leitura\" \/>\n\t<meta name=\"twitter:data1\" content=\"1 minuto\" \/>\n<script type=\"application\/ld+json\" class=\"yoast-schema-graph\">{\"@context\":\"https:\\\/\\\/schema.org\",\"@graph\":[{\"@type\":\"WebPage\",\"@id\":\"https:\\\/\\\/acninternational.org\\\/pt-pt\\\/solicitar-ajuda\\\/formularios\\\/\",\"url\":\"https:\\\/\\\/acninternational.org\\\/pt-pt\\\/solicitar-ajuda\\\/formularios\\\/\",\"name\":\"Formul\u00e1rios | ACN International\",\"isPartOf\":{\"@id\":\"https:\\\/\\\/acninternational.org\\\/pt-pt\\\/#website\"},\"primaryImageOfPage\":{\"@id\":\"https:\\\/\\\/acninternational.org\\\/pt-pt\\\/solicitar-ajuda\\\/formularios\\\/#primaryimage\"},\"image\":{\"@id\":\"https:\\\/\\\/acninternational.org\\\/pt-pt\\\/solicitar-ajuda\\\/formularios\\\/#primaryimage\"},\"thumbnailUrl\":\"https:\\\/\\\/media.acninternational.org\\\/wp-content\\\/uploads\\\/2020\\\/11\\\/Africa_evangelization.jpg\",\"datePublished\":\"2019-10-29T14:01:28+00:00\",\"dateModified\":\"2021-08-13T07:37:01+00:00\",\"breadcrumb\":{\"@id\":\"https:\\\/\\\/acninternational.org\\\/pt-pt\\\/solicitar-ajuda\\\/formularios\\\/#breadcrumb\"},\"inLanguage\":\"pt-PT\",\"potentialAction\":[{\"@type\":\"ReadAction\",\"target\":[\"https:\\\/\\\/acninternational.org\\\/pt-pt\\\/solicitar-ajuda\\\/formularios\\\/\"]}]},{\"@type\":\"ImageObject\",\"inLanguage\":\"pt-PT\",\"@id\":\"https:\\\/\\\/acninternational.org\\\/pt-pt\\\/solicitar-ajuda\\\/formularios\\\/#primaryimage\",\"url\":\"https:\\\/\\\/media.acninternational.org\\\/wp-content\\\/uploads\\\/2020\\\/11\\\/Africa_evangelization.jpg\",\"contentUrl\":\"https:\\\/\\\/media.acninternational.org\\\/wp-content\\\/uploads\\\/2020\\\/11\\\/Africa_evangelization.jpg\",\"width\":1400,\"height\":438},{\"@type\":\"BreadcrumbList\",\"@id\":\"https:\\\/\\\/acninternational.org\\\/pt-pt\\\/solicitar-ajuda\\\/formularios\\\/#breadcrumb\",\"itemListElement\":[{\"@type\":\"ListItem\",\"position\":1,\"name\":\"Home\",\"item\":\"https:\\\/\\\/acninternational.org\\\/pt-pt\\\/\"},{\"@type\":\"ListItem\",\"position\":2,\"name\":\"Solicitar Ajuda\",\"item\":\"https:\\\/\\\/acninternational.org\\\/pt-pt\\\/solicitar-ajuda\\\/\"},{\"@type\":\"ListItem\",\"position\":3,\"name\":\"Formul\u00e1rios\"}]},{\"@type\":\"WebSite\",\"@id\":\"https:\\\/\\\/acninternational.org\\\/pt-pt\\\/#website\",\"url\":\"https:\\\/\\\/acninternational.org\\\/pt-pt\\\/\",\"name\":\"ACN International\",\"description\":\"\",\"publisher\":{\"@id\":\"https:\\\/\\\/acninternational.org\\\/pt-pt\\\/#organization\"},\"potentialAction\":[{\"@type\":\"SearchAction\",\"target\":{\"@type\":\"EntryPoint\",\"urlTemplate\":\"https:\\\/\\\/acninternational.org\\\/pt-pt\\\/?s={search_term_string}\"},\"query-input\":{\"@type\":\"PropertyValueSpecification\",\"valueRequired\":true,\"valueName\":\"search_term_string\"}}],\"inLanguage\":\"pt-PT\"},{\"@type\":\"Organization\",\"@id\":\"https:\\\/\\\/acninternational.org\\\/pt-pt\\\/#organization\",\"name\":\"Aid to the Church in Need International\",\"url\":\"https:\\\/\\\/acninternational.org\\\/pt-pt\\\/\",\"logo\":{\"@type\":\"ImageObject\",\"inLanguage\":\"pt-PT\",\"@id\":\"https:\\\/\\\/acninternational.org\\\/pt-pt\\\/#\\\/schema\\\/logo\\\/image\\\/\",\"url\":\"https:\\\/\\\/media.acninternational.org\\\/wp-content\\\/uploads\\\/2019\\\/11\\\/acn_logo_blackvector.svg\",\"contentUrl\":\"https:\\\/\\\/media.acninternational.org\\\/wp-content\\\/uploads\\\/2019\\\/11\\\/acn_logo_blackvector.svg\",\"width\":232.6,\"height\":78,\"caption\":\"Aid to the Church in Need International\"},\"image\":{\"@id\":\"https:\\\/\\\/acninternational.org\\\/pt-pt\\\/#\\\/schema\\\/logo\\\/image\\\/\"},\"sameAs\":[\"https:\\\/\\\/www.facebook.com\\\/acninternationalorg\",\"https:\\\/\\\/x.com\\\/acn_int\",\"https:\\\/\\\/www.youtube.com\\\/channel\\\/UCQ-077gS0TnVzkhHmf1opZw\",\"https:\\\/\\\/www.instagram.com\\\/acn_international\\\/\"]}]}<\/script>\n<!-- \/ Yoast SEO Premium plugin. -->","yoast_head_json":{"title":"Formul\u00e1rios | ACN International","robots":{"index":"index","follow":"follow","max-snippet":"max-snippet:-1","max-image-preview":"max-image-preview:large","max-video-preview":"max-video-preview:-1"},"canonical":"https:\/\/acninternational.org\/pt-pt\/solicitar-ajuda\/formularios\/","og_locale":"pt_PT","og_type":"article","og_title":"Formul\u00e1rios","og_description":"Os formul\u00e1rios abaixo indicados est\u00e3o dispon\u00edveis em v\u00e1rias l\u00ednguas e ir\u00e3o ajud\u00e1-lo a apresentar sua peti\u00e7\u00e3o em completude, com todas as informa\u00e7\u00f5es necess\u00e1rias e actualizadas. Por gentileza, n\u00e3o se esque\u00e7a de assinar. Informa\u00e7\u00e3o importante para peti\u00e7\u00f5es online Faz parte da nossa pol\u00edtica aceitar peti\u00e7\u00f5es como anexos de e-mail. Neste caso, por gentileza, n\u00e3o se esque\u00e7a [&hellip;]","og_url":"https:\/\/acninternational.org\/pt-pt\/solicitar-ajuda\/formularios\/","og_site_name":"ACN International","article_publisher":"https:\/\/www.facebook.com\/acninternationalorg","article_modified_time":"2021-08-13T07:37:01+00:00","og_image":[{"width":1400,"height":438,"url":"https:\/\/media.acninternational.org\/wp-content\/uploads\/2020\/11\/Africa_evangelization.jpg","type":"image\/jpeg"}],"twitter_card":"summary_large_image","twitter_site":"@acn_int","twitter_misc":{"Tempo estimado de leitura":"1 minuto"},"schema":{"@context":"https:\/\/schema.org","@graph":[{"@type":"WebPage","@id":"https:\/\/acninternational.org\/pt-pt\/solicitar-ajuda\/formularios\/","url":"https:\/\/acninternational.org\/pt-pt\/solicitar-ajuda\/formularios\/","name":"Formul\u00e1rios | ACN International","isPartOf":{"@id":"https:\/\/acninternational.org\/pt-pt\/#website"},"primaryImageOfPage":{"@id":"https:\/\/acninternational.org\/pt-pt\/solicitar-ajuda\/formularios\/#primaryimage"},"image":{"@id":"https:\/\/acninternational.org\/pt-pt\/solicitar-ajuda\/formularios\/#primaryimage"},"thumbnailUrl":"https:\/\/media.acninternational.org\/wp-content\/uploads\/2020\/11\/Africa_evangelization.jpg","datePublished":"2019-10-29T14:01:28+00:00","dateModified":"2021-08-13T07:37:01+00:00","breadcrumb":{"@id":"https:\/\/acninternational.org\/pt-pt\/solicitar-ajuda\/formularios\/#breadcrumb"},"inLanguage":"pt-PT","potentialAction":[{"@type":"ReadAction","target":["https:\/\/acninternational.org\/pt-pt\/solicitar-ajuda\/formularios\/"]}]},{"@type":"ImageObject","inLanguage":"pt-PT","@id":"https:\/\/acninternational.org\/pt-pt\/solicitar-ajuda\/formularios\/#primaryimage","url":"https:\/\/media.acninternational.org\/wp-content\/uploads\/2020\/11\/Africa_evangelization.jpg","contentUrl":"https:\/\/media.acninternational.org\/wp-content\/uploads\/2020\/11\/Africa_evangelization.jpg","width":1400,"height":438},{"@type":"BreadcrumbList","@id":"https:\/\/acninternational.org\/pt-pt\/solicitar-ajuda\/formularios\/#breadcrumb","itemListElement":[{"@type":"ListItem","position":1,"name":"Home","item":"https:\/\/acninternational.org\/pt-pt\/"},{"@type":"ListItem","position":2,"name":"Solicitar Ajuda","item":"https:\/\/acninternational.org\/pt-pt\/solicitar-ajuda\/"},{"@type":"ListItem","position":3,"name":"Formul\u00e1rios"}]},{"@type":"WebSite","@id":"https:\/\/acninternational.org\/pt-pt\/#website","url":"https:\/\/acninternational.org\/pt-pt\/","name":"ACN International","description":"","publisher":{"@id":"https:\/\/acninternational.org\/pt-pt\/#organization"},"potentialAction":[{"@type":"SearchAction","target":{"@type":"EntryPoint","urlTemplate":"https:\/\/acninternational.org\/pt-pt\/?s={search_term_string}"},"query-input":{"@type":"PropertyValueSpecification","valueRequired":true,"valueName":"search_term_string"}}],"inLanguage":"pt-PT"},{"@type":"Organization","@id":"https:\/\/acninternational.org\/pt-pt\/#organization","name":"Aid to the Church in Need International","url":"https:\/\/acninternational.org\/pt-pt\/","logo":{"@type":"ImageObject","inLanguage":"pt-PT","@id":"https:\/\/acninternational.org\/pt-pt\/#\/schema\/logo\/image\/","url":"https:\/\/media.acninternational.org\/wp-content\/uploads\/2019\/11\/acn_logo_blackvector.svg","contentUrl":"https:\/\/media.acninternational.org\/wp-content\/uploads\/2019\/11\/acn_logo_blackvector.svg","width":232.6,"height":78,"caption":"Aid to the Church in Need International"},"image":{"@id":"https:\/\/acninternational.org\/pt-pt\/#\/schema\/logo\/image\/"},"sameAs":["https:\/\/www.facebook.com\/acninternationalorg","https:\/\/x.com\/acn_int","https:\/\/www.youtube.com\/channel\/UCQ-077gS0TnVzkhHmf1opZw","https:\/\/www.instagram.com\/acn_international\/"]}]}},"_links":{"self":[{"href":"https:\/\/acninternational.org\/pt-pt\/wp-json\/wp\/v2\/pages\/135815","targetHints":{"allow":["GET"]}}],"collection":[{"href":"https:\/\/acninternational.org\/pt-pt\/wp-json\/wp\/v2\/pages"}],"about":[{"href":"https:\/\/acninternational.org\/pt-pt\/wp-json\/wp\/v2\/types\/page"}],"author":[{"embeddable":true,"href":"https:\/\/acninternational.org\/pt-pt\/wp-json\/wp\/v2\/users\/1"}],"replies":[{"embeddable":true,"href":"https:\/\/acninternational.org\/pt-pt\/wp-json\/wp\/v2\/comments?post=135815"}],"version-history":[{"count":0,"href":"https:\/\/acninternational.org\/pt-pt\/wp-json\/wp\/v2\/pages\/135815\/revisions"}],"up":[{"embeddable":true,"href":"https:\/\/acninternational.org\/pt-pt\/wp-json\/wp\/v2\/pages\/123254"}],"wp:featuredmedia":[{"embeddable":true,"href":"https:\/\/acninternational.org\/pt-pt\/wp-json\/wp\/v2\/media\/144389"}],"wp:attachment":[{"href":"https:\/\/acninternational.org\/pt-pt\/wp-json\/wp\/v2\/media?parent=135815"}],"curies":[{"name":"wp","href":"https:\/\/api.w.org\/{rel}","templated":true}]}}