{"id":128913,"date":"2019-07-30T12:09:43","date_gmt":"2019-07-30T10:09:43","guid":{"rendered":"https:\/\/acninternational.org\/nosso-trabalho\/"},"modified":"2024-07-17T14:14:16","modified_gmt":"2024-07-17T12:14:16","slug":"nosso-trabalho","status":"publish","type":"page","link":"https:\/\/acninternational.org\/pt-pt\/nosso-trabalho\/","title":{"rendered":"Nosso trabalho"},"content":{"rendered":"<h1>\u00bb\u200aA ACN ajuda crist\u00e3os perseguidos e oprimidos pelo terror no mundo inteiro.\u200a\u00ab <\/h1>\n<p>Thomas Heine-Geldern, Presidente Executivo<\/p>\n<p>\u00c9 desde sempre que a Igreja se preocupa com as pessoas necessitadas e em sofrimento. Al\u00e9m da sua miss\u00e3o pastoral, a Igreja empenha-se no mundo como patrocinadora de institui\u00e7\u00f5es sociais e apoia em muitas regi\u00f5es de crise as pessoas que sofrem priva\u00e7\u00f5es.<\/p>\n<p>Mas o que muita gente n\u00e3o sabe: a pr\u00f3pria Igreja tamb\u00e9m necessita muitas vezes de ajuda urgente, especialmente nos pa\u00edses em desenvolvimento e nos pa\u00edses atingidos pela expuls\u00e3o, persegui\u00e7\u00e3o ou cat\u00e1strofes. E os n\u00fameros falam por si: hoje em dia, em todo o mundo h\u00e1 cerca de 200 milh\u00f5es de pessoas que n\u00e3o podem exercer livremente a sua f\u00e9. Em mais de 80 pa\u00edses no mundo n\u00e3o \u00e9 garantido o direito b\u00e1sico da liberdade religiosa.<\/p>\n<blockquote class=\"wp-block-quote blockquote ps-3 py-2\">\n<p>\u00bb\u200a \u200aEstou muito agradecida por tudo o que fizeram pelos nossos necessitados. Deus vos proteja a v\u00f3s e aos vossos irm\u00e3os crist\u00e3os. \u00ab<\/p>\n<\/blockquote>\n<p>Irm\u00e3 Annie Demerjian, parceira de projeto, S\u00edria<\/p>\n<p>Em mais de 40 pa\u00edses, os crist\u00e3os s\u00e3o atualmente perseguidos, discriminados ou oprimidos. Nesses pa\u00edses, dificilmente \u00e9 poss\u00edvel, ou mesmo imposs\u00edvel, manter a infraestrutura eclesi\u00e1stica e garantir uma exist\u00eancia dignamente humana dos fi\u00e9is por seus pr\u00f3prios meios. Em muitos destes pa\u00edses, os donativos em dinheiro s\u00e3o a \u00fanica fonte de receita para a Igreja.<\/p>\n<p>Diferente da maioria das organiza\u00e7\u00f5es de aux\u00edlio, que aliviam o sofrimento social das pessoas, a ACN concentra-se no apoio a Igrejas locais, para que possa perpetuar-se o amor crist\u00e3o ao pr\u00f3ximo.<\/p>\n<p><img loading=\"lazy\" decoding=\"async\" src=\"https:\/\/media.acninternational.org\/wp-content\/uploads\/2019\/07\/acn-20171009-62411-1322-1.jpg\" alt=\"\" width=\"800\" height=\"323\" \/><\/p>\n<p>Sob o lema \u201cinformar, orar e ajudar\u201d, prestamos apoio a crist\u00e3os de todo o mundo, juntamente com centenas de milhares de benfeitores e parceiros de projeto. Al\u00e9m disso, empenhamo-nos de forma interconfessional na liberdade religiosa e na reconcilia\u00e7\u00e3o. A nossa cren\u00e7a na for\u00e7a do amor ao pr\u00f3ximo e a nossa experi\u00eancia de d\u00e9cadas encorajam-nos a continuar a percorrer este caminho e a motivar as pessoas em todo o mundo para ajudar a nossa Obra.<\/p>\n\n<p><a href=\"https:\/\/acninternational.org\/pt-pt\/nosso-trabalho\/as-nossas-areas-de-atuacao\/\">As nossas \u00e1reas de atua\u00e7\u00e3o<\/a><\/p>\n<p><a href=\"https:\/\/acninternational.org\/pt-pt\/task-area\/subvencoes-para-missas\/\">Subven\u00e7\u00f5es para missas<\/a><\/p>\n<p><a href=\"https:\/\/acninternational.org\/pt-pt\/task-area\/formacao-de-sacerdotes\/\">Forma\u00e7\u00e3o de sacerdotes<\/a><\/p>\n<p><a href=\"https:\/\/acninternational.org\/pt-pt\/task-area\/ajuda-de-subsistencia\/\">Ajuda de subsist\u00eancia<\/a><\/p>\n<p><a href=\"https:\/\/acninternational.org\/pt-pt\/task-area\/formacao-da-fe-para-leigos\/\">Forma\u00e7\u00e3o da f\u00e9 para leigos<\/a><\/p>\n<p><a href=\"https:\/\/acninternational.org\/pt-pt\/task-area\/construcao\/\">Constru\u00e7\u00e3o<\/a><\/p>\n<p><a href=\"https:\/\/acninternational.org\/pt-pt\/task-area\/meios-de-transporte\/\">Meios de transporte<\/a><\/p>\n<p><a href=\"https:\/\/acninternational.org\/pt-pt\/task-area\/ajuda-de-emergencia\/\">Ajuda de emerg\u00eancia<\/a><\/p>\n<p><a href=\"https:\/\/acninternational.org\/pt-pt\/task-area\/distribuicao-de-biblias\/\">Distribui\u00e7\u00e3o de b\u00edblias<\/a><\/p>\n<p><a href=\"https:\/\/acninternational.org\/pt-pt\/task-area\/apoio-juridico\/\">Apoio jur\u00eddico<\/a><\/p>\n<p><a href=\"https:\/\/acninternational.org\/pt-pt\/task-area\/trabalho-de-relacoes-publicas\/\">Trabalho de rela\u00e7\u00f5es p\u00fablicas<\/a><\/p>\n<p><a href=\"https:\/\/acninternational.org\/pt-pt\/task-area\/meios-de-comunicacao\/\">Meios de comunica\u00e7\u00e3o<\/a><\/p>\n<p><a href=\"https:\/\/acninternational.org\/pt-pt\/task-area\/youcat\/\">YOUCAT<\/a><\/p>\n<p><a href=\"https:\/\/acninternational.org\/pt-pt\/nosso-trabalho\/as-nossas-areas-de-atuacao\/\">As nossas \u00e1reas de atua\u00e7\u00e3o<\/a><\/p>\n<p><a href=\"https:\/\/acninternational.org\/pt-pt\/regional-activity\/latin-%e2%80%8damerica\/\">Latin \u200dAmerica<\/a><\/p>\n<p><a href=\"https:\/\/acninternational.org\/pt-pt\/regional-activity\/africa\/\">Africa<\/a><\/p>\n<p><a href=\"https:\/\/acninternational.org\/pt-pt\/regional-activity\/middle-east\/\">Middle East<\/a><\/p>\n<p><a href=\"https:\/\/acninternational.org\/pt-pt\/regional-activity\/western-%e2%80%8d-%e2%80%8deastern-%e2%80%8deurope\/\">Western \u200d\/ \u200dEastern \u200dEurope<\/a><\/p>\n<p><a href=\"https:\/\/acninternational.org\/pt-pt\/regional-activity\/asia-%e2%80%8d-%e2%80%8doceania\/\">Asia \u200d\/ \u200dOceania<\/a><\/p>\n","protected":false},"excerpt":{"rendered":"<p>\u00bb\u200aA ACN ajuda crist\u00e3os perseguidos e oprimidos pelo terror no mundo inteiro.\u200a\u00ab Thomas Heine-Geldern, Presidente Executivo \u00c9 desde sempre que a Igreja se preocupa com as pessoas necessitadas e em sofrimento. Al\u00e9m da sua miss\u00e3o pastoral, a Igreja empenha-se no mundo como patrocinadora de institui\u00e7\u00f5es sociais e apoia em muitas regi\u00f5es de crise as pessoas [&hellip;]<\/p>\n","protected":false},"author":1,"featured_media":125369,"parent":0,"menu_order":0,"comment_status":"closed","ping_status":"closed","template":"","meta":{"_acf_changed":false,"footnotes":""},"class_list":["post-128913","page","type-page","status-publish","has-post-thumbnail","hentry"],"acf":[],"yoast_head":"<!-- This site is optimized with the Yoast SEO Premium plugin v27.3 (Yoast SEO v27.3) - https:\/\/yoast.com\/product\/yoast-seo-premium-wordpress\/ -->\n<title>Nosso trabalho | ACN International<\/title>\n<meta name=\"robots\" content=\"index, follow, max-snippet:-1, max-image-preview:large, max-video-preview:-1\" \/>\n<link rel=\"canonical\" href=\"https:\/\/acninternational.org\/pt-pt\/nosso-trabalho\/\" \/>\n<meta property=\"og:locale\" content=\"pt_PT\" \/>\n<meta property=\"og:type\" content=\"article\" \/>\n<meta property=\"og:title\" content=\"Nosso trabalho\" \/>\n<meta property=\"og:description\" content=\"\u00bb\u200aA ACN ajuda crist\u00e3os perseguidos e oprimidos pelo terror no mundo inteiro.\u200a\u00ab Thomas Heine-Geldern, Presidente Executivo \u00c9 desde sempre que a Igreja se preocupa com as pessoas necessitadas e em sofrimento. Al\u00e9m da sua miss\u00e3o pastoral, a Igreja empenha-se no mundo como patrocinadora de institui\u00e7\u00f5es sociais e apoia em muitas regi\u00f5es de crise as pessoas [&hellip;]\" \/>\n<meta property=\"og:url\" content=\"https:\/\/acninternational.org\/pt-pt\/nosso-trabalho\/\" \/>\n<meta property=\"og:site_name\" content=\"ACN International\" \/>\n<meta property=\"article:publisher\" content=\"https:\/\/www.facebook.com\/acninternationalorg\" \/>\n<meta property=\"article:modified_time\" content=\"2024-07-17T12:14:16+00:00\" \/>\n<meta property=\"og:image\" content=\"https:\/\/media.acninternational.org\/wp-content\/uploads\/2019\/07\/acn-20180910-76304-2000.jpg\" \/>\n\t<meta property=\"og:image:width\" content=\"2000\" \/>\n\t<meta property=\"og:image:height\" content=\"625\" \/>\n\t<meta property=\"og:image:type\" content=\"image\/jpeg\" \/>\n<meta name=\"twitter:card\" content=\"summary_large_image\" \/>\n<meta name=\"twitter:site\" content=\"@acn_int\" \/>\n<meta name=\"twitter:label1\" content=\"Tempo estimado de leitura\" \/>\n\t<meta name=\"twitter:data1\" content=\"2 minutos\" \/>\n<script type=\"application\/ld+json\" class=\"yoast-schema-graph\">{\"@context\":\"https:\\\/\\\/schema.org\",\"@graph\":[{\"@type\":\"WebPage\",\"@id\":\"https:\\\/\\\/acninternational.org\\\/pt-pt\\\/nosso-trabalho\\\/\",\"url\":\"https:\\\/\\\/acninternational.org\\\/pt-pt\\\/nosso-trabalho\\\/\",\"name\":\"Nosso trabalho | ACN International\",\"isPartOf\":{\"@id\":\"https:\\\/\\\/acninternational.org\\\/pt-pt\\\/#website\"},\"primaryImageOfPage\":{\"@id\":\"https:\\\/\\\/acninternational.org\\\/pt-pt\\\/nosso-trabalho\\\/#primaryimage\"},\"image\":{\"@id\":\"https:\\\/\\\/acninternational.org\\\/pt-pt\\\/nosso-trabalho\\\/#primaryimage\"},\"thumbnailUrl\":\"https:\\\/\\\/media.acninternational.org\\\/wp-content\\\/uploads\\\/2019\\\/07\\\/acn-20180910-76304-2000.jpg\",\"datePublished\":\"2019-07-30T10:09:43+00:00\",\"dateModified\":\"2024-07-17T12:14:16+00:00\",\"breadcrumb\":{\"@id\":\"https:\\\/\\\/acninternational.org\\\/pt-pt\\\/nosso-trabalho\\\/#breadcrumb\"},\"inLanguage\":\"pt-PT\",\"potentialAction\":[{\"@type\":\"ReadAction\",\"target\":[\"https:\\\/\\\/acninternational.org\\\/pt-pt\\\/nosso-trabalho\\\/\"]}]},{\"@type\":\"ImageObject\",\"inLanguage\":\"pt-PT\",\"@id\":\"https:\\\/\\\/acninternational.org\\\/pt-pt\\\/nosso-trabalho\\\/#primaryimage\",\"url\":\"https:\\\/\\\/media.acninternational.org\\\/wp-content\\\/uploads\\\/2019\\\/07\\\/acn-20180910-76304-2000.jpg\",\"contentUrl\":\"https:\\\/\\\/media.acninternational.org\\\/wp-content\\\/uploads\\\/2019\\\/07\\\/acn-20180910-76304-2000.jpg\",\"width\":2000,\"height\":625},{\"@type\":\"BreadcrumbList\",\"@id\":\"https:\\\/\\\/acninternational.org\\\/pt-pt\\\/nosso-trabalho\\\/#breadcrumb\",\"itemListElement\":[{\"@type\":\"ListItem\",\"position\":1,\"name\":\"Home\",\"item\":\"https:\\\/\\\/acninternational.org\\\/pt-pt\\\/\"},{\"@type\":\"ListItem\",\"position\":2,\"name\":\"Nosso trabalho\"}]},{\"@type\":\"WebSite\",\"@id\":\"https:\\\/\\\/acninternational.org\\\/pt-pt\\\/#website\",\"url\":\"https:\\\/\\\/acninternational.org\\\/pt-pt\\\/\",\"name\":\"ACN International\",\"description\":\"\",\"publisher\":{\"@id\":\"https:\\\/\\\/acninternational.org\\\/pt-pt\\\/#organization\"},\"potentialAction\":[{\"@type\":\"SearchAction\",\"target\":{\"@type\":\"EntryPoint\",\"urlTemplate\":\"https:\\\/\\\/acninternational.org\\\/pt-pt\\\/?s={search_term_string}\"},\"query-input\":{\"@type\":\"PropertyValueSpecification\",\"valueRequired\":true,\"valueName\":\"search_term_string\"}}],\"inLanguage\":\"pt-PT\"},{\"@type\":\"Organization\",\"@id\":\"https:\\\/\\\/acninternational.org\\\/pt-pt\\\/#organization\",\"name\":\"Aid to the Church in Need International\",\"url\":\"https:\\\/\\\/acninternational.org\\\/pt-pt\\\/\",\"logo\":{\"@type\":\"ImageObject\",\"inLanguage\":\"pt-PT\",\"@id\":\"https:\\\/\\\/acninternational.org\\\/pt-pt\\\/#\\\/schema\\\/logo\\\/image\\\/\",\"url\":\"https:\\\/\\\/media.acninternational.org\\\/wp-content\\\/uploads\\\/2019\\\/11\\\/acn_logo_blackvector.svg\",\"contentUrl\":\"https:\\\/\\\/media.acninternational.org\\\/wp-content\\\/uploads\\\/2019\\\/11\\\/acn_logo_blackvector.svg\",\"width\":232.6,\"height\":78,\"caption\":\"Aid to the Church in Need International\"},\"image\":{\"@id\":\"https:\\\/\\\/acninternational.org\\\/pt-pt\\\/#\\\/schema\\\/logo\\\/image\\\/\"},\"sameAs\":[\"https:\\\/\\\/www.facebook.com\\\/acninternationalorg\",\"https:\\\/\\\/x.com\\\/acn_int\",\"https:\\\/\\\/www.youtube.com\\\/channel\\\/UCQ-077gS0TnVzkhHmf1opZw\",\"https:\\\/\\\/www.instagram.com\\\/acn_international\\\/\"]}]}<\/script>\n<!-- \/ Yoast SEO Premium plugin. -->","yoast_head_json":{"title":"Nosso trabalho | ACN International","robots":{"index":"index","follow":"follow","max-snippet":"max-snippet:-1","max-image-preview":"max-image-preview:large","max-video-preview":"max-video-preview:-1"},"canonical":"https:\/\/acninternational.org\/pt-pt\/nosso-trabalho\/","og_locale":"pt_PT","og_type":"article","og_title":"Nosso trabalho","og_description":"\u00bb\u200aA ACN ajuda crist\u00e3os perseguidos e oprimidos pelo terror no mundo inteiro.\u200a\u00ab Thomas Heine-Geldern, Presidente Executivo \u00c9 desde sempre que a Igreja se preocupa com as pessoas necessitadas e em sofrimento. Al\u00e9m da sua miss\u00e3o pastoral, a Igreja empenha-se no mundo como patrocinadora de institui\u00e7\u00f5es sociais e apoia em muitas regi\u00f5es de crise as pessoas [&hellip;]","og_url":"https:\/\/acninternational.org\/pt-pt\/nosso-trabalho\/","og_site_name":"ACN International","article_publisher":"https:\/\/www.facebook.com\/acninternationalorg","article_modified_time":"2024-07-17T12:14:16+00:00","og_image":[{"width":2000,"height":625,"url":"https:\/\/media.acninternational.org\/wp-content\/uploads\/2019\/07\/acn-20180910-76304-2000.jpg","type":"image\/jpeg"}],"twitter_card":"summary_large_image","twitter_site":"@acn_int","twitter_misc":{"Tempo estimado de leitura":"2 minutos"},"schema":{"@context":"https:\/\/schema.org","@graph":[{"@type":"WebPage","@id":"https:\/\/acninternational.org\/pt-pt\/nosso-trabalho\/","url":"https:\/\/acninternational.org\/pt-pt\/nosso-trabalho\/","name":"Nosso trabalho | ACN International","isPartOf":{"@id":"https:\/\/acninternational.org\/pt-pt\/#website"},"primaryImageOfPage":{"@id":"https:\/\/acninternational.org\/pt-pt\/nosso-trabalho\/#primaryimage"},"image":{"@id":"https:\/\/acninternational.org\/pt-pt\/nosso-trabalho\/#primaryimage"},"thumbnailUrl":"https:\/\/media.acninternational.org\/wp-content\/uploads\/2019\/07\/acn-20180910-76304-2000.jpg","datePublished":"2019-07-30T10:09:43+00:00","dateModified":"2024-07-17T12:14:16+00:00","breadcrumb":{"@id":"https:\/\/acninternational.org\/pt-pt\/nosso-trabalho\/#breadcrumb"},"inLanguage":"pt-PT","potentialAction":[{"@type":"ReadAction","target":["https:\/\/acninternational.org\/pt-pt\/nosso-trabalho\/"]}]},{"@type":"ImageObject","inLanguage":"pt-PT","@id":"https:\/\/acninternational.org\/pt-pt\/nosso-trabalho\/#primaryimage","url":"https:\/\/media.acninternational.org\/wp-content\/uploads\/2019\/07\/acn-20180910-76304-2000.jpg","contentUrl":"https:\/\/media.acninternational.org\/wp-content\/uploads\/2019\/07\/acn-20180910-76304-2000.jpg","width":2000,"height":625},{"@type":"BreadcrumbList","@id":"https:\/\/acninternational.org\/pt-pt\/nosso-trabalho\/#breadcrumb","itemListElement":[{"@type":"ListItem","position":1,"name":"Home","item":"https:\/\/acninternational.org\/pt-pt\/"},{"@type":"ListItem","position":2,"name":"Nosso trabalho"}]},{"@type":"WebSite","@id":"https:\/\/acninternational.org\/pt-pt\/#website","url":"https:\/\/acninternational.org\/pt-pt\/","name":"ACN International","description":"","publisher":{"@id":"https:\/\/acninternational.org\/pt-pt\/#organization"},"potentialAction":[{"@type":"SearchAction","target":{"@type":"EntryPoint","urlTemplate":"https:\/\/acninternational.org\/pt-pt\/?s={search_term_string}"},"query-input":{"@type":"PropertyValueSpecification","valueRequired":true,"valueName":"search_term_string"}}],"inLanguage":"pt-PT"},{"@type":"Organization","@id":"https:\/\/acninternational.org\/pt-pt\/#organization","name":"Aid to the Church in Need International","url":"https:\/\/acninternational.org\/pt-pt\/","logo":{"@type":"ImageObject","inLanguage":"pt-PT","@id":"https:\/\/acninternational.org\/pt-pt\/#\/schema\/logo\/image\/","url":"https:\/\/media.acninternational.org\/wp-content\/uploads\/2019\/11\/acn_logo_blackvector.svg","contentUrl":"https:\/\/media.acninternational.org\/wp-content\/uploads\/2019\/11\/acn_logo_blackvector.svg","width":232.6,"height":78,"caption":"Aid to the Church in Need International"},"image":{"@id":"https:\/\/acninternational.org\/pt-pt\/#\/schema\/logo\/image\/"},"sameAs":["https:\/\/www.facebook.com\/acninternationalorg","https:\/\/x.com\/acn_int","https:\/\/www.youtube.com\/channel\/UCQ-077gS0TnVzkhHmf1opZw","https:\/\/www.instagram.com\/acn_international\/"]}]}},"_links":{"self":[{"href":"https:\/\/acninternational.org\/pt-pt\/wp-json\/wp\/v2\/pages\/128913","targetHints":{"allow":["GET"]}}],"collection":[{"href":"https:\/\/acninternational.org\/pt-pt\/wp-json\/wp\/v2\/pages"}],"about":[{"href":"https:\/\/acninternational.org\/pt-pt\/wp-json\/wp\/v2\/types\/page"}],"author":[{"embeddable":true,"href":"https:\/\/acninternational.org\/pt-pt\/wp-json\/wp\/v2\/users\/1"}],"replies":[{"embeddable":true,"href":"https:\/\/acninternational.org\/pt-pt\/wp-json\/wp\/v2\/comments?post=128913"}],"version-history":[{"count":0,"href":"https:\/\/acninternational.org\/pt-pt\/wp-json\/wp\/v2\/pages\/128913\/revisions"}],"wp:featuredmedia":[{"embeddable":true,"href":"https:\/\/acninternational.org\/pt-pt\/wp-json\/wp\/v2\/media\/125369"}],"wp:attachment":[{"href":"https:\/\/acninternational.org\/pt-pt\/wp-json\/wp\/v2\/media?parent=128913"}],"curies":[{"name":"wp","href":"https:\/\/api.w.org\/{rel}","templated":true}]}}