{"id":124145,"date":"2019-09-10T13:13:07","date_gmt":"2019-09-10T11:13:07","guid":{"rendered":"https:\/\/acninternational.org\/missao-visao-valores\/"},"modified":"2020-02-14T11:44:03","modified_gmt":"2020-02-14T10:44:03","slug":"missao-visao-valores","status":"publish","type":"page","link":"https:\/\/acninternational.org\/pt-pt\/missao-visao-valores\/","title":{"rendered":"Miss\u00e3o, Vis\u00e3o, Valores"},"content":{"rendered":"<h1>\u00bb Porque o amor de Cristo nos impulsiona. \u00ab<\/h1>\n<p>2 Cor\u00edntios 5,14<\/p>\n<h3>A nossa miss\u00e3o<\/h3>\n<p>Como Obra cat\u00f3lica, apoiamos os fi\u00e9is atrav\u00e9s de informa\u00e7\u00e3o, ora\u00e7\u00e3o e a\u00e7\u00e3o em todo o lugar onde a Igreja \u00e9 perseguida, oprimida ou passa priva\u00e7\u00f5es.<\/p>\n<h3>A nossa vis\u00e3o<\/h3>\n<p>Um mundo onde a Cristandade possa florescer em toda a parte.<\/p>\n<h3>As nossas diretrizes<\/h3>\n<p>1. Somos fi\u00e9is ao Santo Padre. Como funda\u00e7\u00e3o pontif\u00edcia, participamos na miss\u00e3o universal da Igreja.<\/p>\n<p>2. Servimos a evangeliza\u00e7\u00e3o. Reagimos corajosamente segundo a doutrina da Igreja aos desafios do nosso tempo.<\/p>\n<p>3. Sentimo-nos comprometidos com a Igreja perseguida. Ao transmitirmos testemunhos de f\u00e9, constru\u00edmos uma ponte de amor ao pr\u00f3ximo entre os nossos benfeitores e os benefici\u00e1rios.<\/p>\n<p>4. Somos fi\u00e9is deposit\u00e1rios da generosidade dos nossos benfeitores. Operamos uma organiza\u00e7\u00e3o e gest\u00e3o moderna, transparente e eficaz de donativos.<\/p>\n<h2>Os nossos valores<\/h2>\n<p><strong>1. F\u00e9 e amor crist\u00e3o<\/strong><br \/>\nA base de todas as nossas atividades s\u00e3o a f\u00e9 crist\u00e3 e o amor crist\u00e3o. Isto inclui a nossa fidelidade ao Santo Padre e o seguimento da doutrina e institui\u00e7\u00f5es da Igreja Cat\u00f3lica.<\/p>\n<p><strong>2. Ora\u00e7\u00e3o<\/strong><br \/>\nA ora\u00e7\u00e3o pessoal e comunit\u00e1ria regular anima o nosso trabalho di\u00e1rio e fortalece o nosso esp\u00edrito mission\u00e1rio. Leva-nos a ajudar os que sofrem porque s\u00e3o fi\u00e9is a Cristo e \u00e0 Sua Igreja \u2013 e tamb\u00e9m porque precisamos das suas ora\u00e7\u00f5es.<\/p>\n<p><strong>3. Empenho pastoral<\/strong><br \/>\nPreocupamo-nos em propagar o Evangelho, \u201cem tempo prop\u00edcio e fora dele\u201d (2 Tim 4,2), enquanto respondemos corajosamente aos desafios do nosso tempo. Isto s\u00f3 \u00e9 poss\u00edvel gra\u00e7as aos nossos benfeitores que apoiam os in\u00fameros projetos pastorais com os seus donativos.<\/p>\n<p><strong>4. Unidade<\/strong><br \/>\nDesde o in\u00edcio, a ACN v\u00ea-se como \u201cponte do amor\u201d que serve a unidade e a reconcilia\u00e7\u00e3o. Fazemos comunh\u00e3o com os nossos benfeitores e entre os nossos benfeitores e benefici\u00e1rios atrav\u00e9s da ora\u00e7\u00e3o, da divulga\u00e7\u00e3o de informa\u00e7\u00e3o e da gratid\u00e3o.<\/p>\n<p><strong>5. Servi\u00e7o<\/strong><br \/>\nCumprimos a nossa miss\u00e3o com servi\u00e7o misericordioso e humilde, prestando aten\u00e7\u00e3o \u00e0s necessidades dos nossos parceiros. Esfor\u00e7amo-nos por ser uma fonte pessoal de consolo e for\u00e7a para os nossos benefici\u00e1rios e benfeitores.<\/p>\n<p><strong>6. Abertura<\/strong><br \/>\nAtrav\u00e9s do nosso apoio \u00e0 Igreja universal, promovemos o di\u00e1logo respeitoso com muitas culturas em todo o mundo. Vivemos esta abertura, inclusive nos m\u00faltiplos encontros dentro e fora da Igreja Cat\u00f3lica.<\/p>\n<p><strong>7. Contas transparentes<\/strong><br \/>\nCuidamos dos fundos que recebemos com o m\u00e1ximo esmero, procuramos efici\u00eancia e medimos a efic\u00e1cia tanto nas nossas atividades de apoio como dentro da nossa organiza\u00e7\u00e3o interna. Trabalhamos com transpar\u00eancia e indicamos as fontes, a utiliza\u00e7\u00e3o e os resultados dos fundos recebidos.<\/p>\n<p><strong>8. Confian\u00e7a<\/strong><br \/>\nA nossa inabal\u00e1vel confian\u00e7a na Provid\u00eancia divina leva-nos para o futuro. Isso d\u00e1-nos confian\u00e7a nas outras pessoas e faz com que elas por sua vez tamb\u00e9m confiem em n\u00f3s. A nossa Obra est\u00e1 consagrada a Nossa Senhora de F\u00e1tima. Isso enche-nos de esperan\u00e7a e confian\u00e7a.<\/p>\n","protected":false},"excerpt":{"rendered":"<p>\u00bb Porque o amor de Cristo nos impulsiona. \u00ab 2 Cor\u00edntios 5,14 A nossa miss\u00e3o Como Obra cat\u00f3lica, apoiamos os fi\u00e9is atrav\u00e9s de informa\u00e7\u00e3o, ora\u00e7\u00e3o e a\u00e7\u00e3o em todo o lugar onde a Igreja \u00e9 perseguida, oprimida ou passa priva\u00e7\u00f5es. A nossa vis\u00e3o Um mundo onde a Cristandade possa florescer em toda a parte. As [&hellip;]<\/p>\n","protected":false},"author":1,"featured_media":123113,"parent":0,"menu_order":0,"comment_status":"closed","ping_status":"closed","template":"","meta":{"_acf_changed":false,"footnotes":""},"class_list":["post-124145","page","type-page","status-publish","has-post-thumbnail","hentry"],"acf":[],"yoast_head":"<!-- This site is optimized with the Yoast SEO Premium plugin v27.5 (Yoast SEO v27.5) - https:\/\/yoast.com\/product\/yoast-seo-premium-wordpress\/ -->\n<title>Miss\u00e3o, Vis\u00e3o, Valores | ACN International<\/title>\n<meta name=\"robots\" content=\"index, follow, max-snippet:-1, max-image-preview:large, max-video-preview:-1\" \/>\n<link rel=\"canonical\" href=\"https:\/\/acninternational.org\/pt-pt\/missao-visao-valores\/\" \/>\n<meta property=\"og:locale\" content=\"pt_PT\" \/>\n<meta property=\"og:type\" content=\"article\" \/>\n<meta property=\"og:title\" content=\"Miss\u00e3o, Vis\u00e3o, Valores\" \/>\n<meta property=\"og:description\" content=\"\u00bb Porque o amor de Cristo nos impulsiona. \u00ab 2 Cor\u00edntios 5,14 A nossa miss\u00e3o Como Obra cat\u00f3lica, apoiamos os fi\u00e9is atrav\u00e9s de informa\u00e7\u00e3o, ora\u00e7\u00e3o e a\u00e7\u00e3o em todo o lugar onde a Igreja \u00e9 perseguida, oprimida ou passa priva\u00e7\u00f5es. A nossa vis\u00e3o Um mundo onde a Cristandade possa florescer em toda a parte. As [&hellip;]\" \/>\n<meta property=\"og:url\" content=\"https:\/\/acninternational.org\/pt-pt\/missao-visao-valores\/\" \/>\n<meta property=\"og:site_name\" content=\"ACN International\" \/>\n<meta property=\"article:publisher\" content=\"https:\/\/www.facebook.com\/acninternationalorg\" \/>\n<meta property=\"article:modified_time\" content=\"2020-02-14T10:44:03+00:00\" \/>\n<meta property=\"og:image\" content=\"https:\/\/media.acninternational.org\/wp-content\/uploads\/2019\/09\/acn-20161107-47536_web-2000.jpg\" \/>\n\t<meta property=\"og:image:width\" content=\"2000\" \/>\n\t<meta property=\"og:image:height\" content=\"625\" \/>\n\t<meta property=\"og:image:type\" content=\"image\/jpeg\" \/>\n<meta name=\"twitter:card\" content=\"summary_large_image\" \/>\n<meta name=\"twitter:site\" content=\"@acn_int\" \/>\n<meta name=\"twitter:label1\" content=\"Tempo estimado de leitura\" \/>\n\t<meta name=\"twitter:data1\" content=\"3 minutos\" \/>\n<script type=\"application\/ld+json\" class=\"yoast-schema-graph\">{\"@context\":\"https:\\\/\\\/schema.org\",\"@graph\":[{\"@type\":\"WebPage\",\"@id\":\"https:\\\/\\\/acninternational.org\\\/pt-pt\\\/missao-visao-valores\\\/\",\"url\":\"https:\\\/\\\/acninternational.org\\\/pt-pt\\\/missao-visao-valores\\\/\",\"name\":\"Miss\u00e3o, Vis\u00e3o, Valores | ACN International\",\"isPartOf\":{\"@id\":\"https:\\\/\\\/acninternational.org\\\/pt-pt\\\/#website\"},\"primaryImageOfPage\":{\"@id\":\"https:\\\/\\\/acninternational.org\\\/pt-pt\\\/missao-visao-valores\\\/#primaryimage\"},\"image\":{\"@id\":\"https:\\\/\\\/acninternational.org\\\/pt-pt\\\/missao-visao-valores\\\/#primaryimage\"},\"thumbnailUrl\":\"https:\\\/\\\/media.acninternational.org\\\/wp-content\\\/uploads\\\/2019\\\/09\\\/acn-20161107-47536_web-2000.jpg\",\"datePublished\":\"2019-09-10T11:13:07+00:00\",\"dateModified\":\"2020-02-14T10:44:03+00:00\",\"breadcrumb\":{\"@id\":\"https:\\\/\\\/acninternational.org\\\/pt-pt\\\/missao-visao-valores\\\/#breadcrumb\"},\"inLanguage\":\"pt-PT\",\"potentialAction\":[{\"@type\":\"ReadAction\",\"target\":[\"https:\\\/\\\/acninternational.org\\\/pt-pt\\\/missao-visao-valores\\\/\"]}]},{\"@type\":\"ImageObject\",\"inLanguage\":\"pt-PT\",\"@id\":\"https:\\\/\\\/acninternational.org\\\/pt-pt\\\/missao-visao-valores\\\/#primaryimage\",\"url\":\"https:\\\/\\\/media.acninternational.org\\\/wp-content\\\/uploads\\\/2019\\\/09\\\/acn-20161107-47536_web-2000.jpg\",\"contentUrl\":\"https:\\\/\\\/media.acninternational.org\\\/wp-content\\\/uploads\\\/2019\\\/09\\\/acn-20161107-47536_web-2000.jpg\",\"width\":2000,\"height\":625},{\"@type\":\"BreadcrumbList\",\"@id\":\"https:\\\/\\\/acninternational.org\\\/pt-pt\\\/missao-visao-valores\\\/#breadcrumb\",\"itemListElement\":[{\"@type\":\"ListItem\",\"position\":1,\"name\":\"Home\",\"item\":\"https:\\\/\\\/acninternational.org\\\/pt-pt\\\/\"},{\"@type\":\"ListItem\",\"position\":2,\"name\":\"Miss\u00e3o, Vis\u00e3o, Valores\"}]},{\"@type\":\"WebSite\",\"@id\":\"https:\\\/\\\/acninternational.org\\\/pt-pt\\\/#website\",\"url\":\"https:\\\/\\\/acninternational.org\\\/pt-pt\\\/\",\"name\":\"ACN International\",\"description\":\"\",\"publisher\":{\"@id\":\"https:\\\/\\\/acninternational.org\\\/pt-pt\\\/#organization\"},\"potentialAction\":[{\"@type\":\"SearchAction\",\"target\":{\"@type\":\"EntryPoint\",\"urlTemplate\":\"https:\\\/\\\/acninternational.org\\\/pt-pt\\\/?s={search_term_string}\"},\"query-input\":{\"@type\":\"PropertyValueSpecification\",\"valueRequired\":true,\"valueName\":\"search_term_string\"}}],\"inLanguage\":\"pt-PT\"},{\"@type\":\"Organization\",\"@id\":\"https:\\\/\\\/acninternational.org\\\/pt-pt\\\/#organization\",\"name\":\"Aid to the Church in Need International\",\"url\":\"https:\\\/\\\/acninternational.org\\\/pt-pt\\\/\",\"logo\":{\"@type\":\"ImageObject\",\"inLanguage\":\"pt-PT\",\"@id\":\"https:\\\/\\\/acninternational.org\\\/pt-pt\\\/#\\\/schema\\\/logo\\\/image\\\/\",\"url\":\"https:\\\/\\\/media.acninternational.org\\\/wp-content\\\/uploads\\\/2019\\\/11\\\/acn_logo_blackvector.svg\",\"contentUrl\":\"https:\\\/\\\/media.acninternational.org\\\/wp-content\\\/uploads\\\/2019\\\/11\\\/acn_logo_blackvector.svg\",\"width\":232.6,\"height\":78,\"caption\":\"Aid to the Church in Need International\"},\"image\":{\"@id\":\"https:\\\/\\\/acninternational.org\\\/pt-pt\\\/#\\\/schema\\\/logo\\\/image\\\/\"},\"sameAs\":[\"https:\\\/\\\/www.facebook.com\\\/acninternationalorg\",\"https:\\\/\\\/x.com\\\/acn_int\",\"https:\\\/\\\/www.youtube.com\\\/channel\\\/UCQ-077gS0TnVzkhHmf1opZw\",\"https:\\\/\\\/www.instagram.com\\\/acn_international\\\/\"]}]}<\/script>\n<!-- \/ Yoast SEO Premium plugin. -->","yoast_head_json":{"title":"Miss\u00e3o, Vis\u00e3o, Valores | ACN International","robots":{"index":"index","follow":"follow","max-snippet":"max-snippet:-1","max-image-preview":"max-image-preview:large","max-video-preview":"max-video-preview:-1"},"canonical":"https:\/\/acninternational.org\/pt-pt\/missao-visao-valores\/","og_locale":"pt_PT","og_type":"article","og_title":"Miss\u00e3o, Vis\u00e3o, Valores","og_description":"\u00bb Porque o amor de Cristo nos impulsiona. \u00ab 2 Cor\u00edntios 5,14 A nossa miss\u00e3o Como Obra cat\u00f3lica, apoiamos os fi\u00e9is atrav\u00e9s de informa\u00e7\u00e3o, ora\u00e7\u00e3o e a\u00e7\u00e3o em todo o lugar onde a Igreja \u00e9 perseguida, oprimida ou passa priva\u00e7\u00f5es. A nossa vis\u00e3o Um mundo onde a Cristandade possa florescer em toda a parte. As [&hellip;]","og_url":"https:\/\/acninternational.org\/pt-pt\/missao-visao-valores\/","og_site_name":"ACN International","article_publisher":"https:\/\/www.facebook.com\/acninternationalorg","article_modified_time":"2020-02-14T10:44:03+00:00","og_image":[{"width":2000,"height":625,"url":"https:\/\/media.acninternational.org\/wp-content\/uploads\/2019\/09\/acn-20161107-47536_web-2000.jpg","type":"image\/jpeg"}],"twitter_card":"summary_large_image","twitter_site":"@acn_int","twitter_misc":{"Tempo estimado de leitura":"3 minutos"},"schema":{"@context":"https:\/\/schema.org","@graph":[{"@type":"WebPage","@id":"https:\/\/acninternational.org\/pt-pt\/missao-visao-valores\/","url":"https:\/\/acninternational.org\/pt-pt\/missao-visao-valores\/","name":"Miss\u00e3o, Vis\u00e3o, Valores | ACN International","isPartOf":{"@id":"https:\/\/acninternational.org\/pt-pt\/#website"},"primaryImageOfPage":{"@id":"https:\/\/acninternational.org\/pt-pt\/missao-visao-valores\/#primaryimage"},"image":{"@id":"https:\/\/acninternational.org\/pt-pt\/missao-visao-valores\/#primaryimage"},"thumbnailUrl":"https:\/\/media.acninternational.org\/wp-content\/uploads\/2019\/09\/acn-20161107-47536_web-2000.jpg","datePublished":"2019-09-10T11:13:07+00:00","dateModified":"2020-02-14T10:44:03+00:00","breadcrumb":{"@id":"https:\/\/acninternational.org\/pt-pt\/missao-visao-valores\/#breadcrumb"},"inLanguage":"pt-PT","potentialAction":[{"@type":"ReadAction","target":["https:\/\/acninternational.org\/pt-pt\/missao-visao-valores\/"]}]},{"@type":"ImageObject","inLanguage":"pt-PT","@id":"https:\/\/acninternational.org\/pt-pt\/missao-visao-valores\/#primaryimage","url":"https:\/\/media.acninternational.org\/wp-content\/uploads\/2019\/09\/acn-20161107-47536_web-2000.jpg","contentUrl":"https:\/\/media.acninternational.org\/wp-content\/uploads\/2019\/09\/acn-20161107-47536_web-2000.jpg","width":2000,"height":625},{"@type":"BreadcrumbList","@id":"https:\/\/acninternational.org\/pt-pt\/missao-visao-valores\/#breadcrumb","itemListElement":[{"@type":"ListItem","position":1,"name":"Home","item":"https:\/\/acninternational.org\/pt-pt\/"},{"@type":"ListItem","position":2,"name":"Miss\u00e3o, Vis\u00e3o, Valores"}]},{"@type":"WebSite","@id":"https:\/\/acninternational.org\/pt-pt\/#website","url":"https:\/\/acninternational.org\/pt-pt\/","name":"ACN International","description":"","publisher":{"@id":"https:\/\/acninternational.org\/pt-pt\/#organization"},"potentialAction":[{"@type":"SearchAction","target":{"@type":"EntryPoint","urlTemplate":"https:\/\/acninternational.org\/pt-pt\/?s={search_term_string}"},"query-input":{"@type":"PropertyValueSpecification","valueRequired":true,"valueName":"search_term_string"}}],"inLanguage":"pt-PT"},{"@type":"Organization","@id":"https:\/\/acninternational.org\/pt-pt\/#organization","name":"Aid to the Church in Need International","url":"https:\/\/acninternational.org\/pt-pt\/","logo":{"@type":"ImageObject","inLanguage":"pt-PT","@id":"https:\/\/acninternational.org\/pt-pt\/#\/schema\/logo\/image\/","url":"https:\/\/media.acninternational.org\/wp-content\/uploads\/2019\/11\/acn_logo_blackvector.svg","contentUrl":"https:\/\/media.acninternational.org\/wp-content\/uploads\/2019\/11\/acn_logo_blackvector.svg","width":232.6,"height":78,"caption":"Aid to the Church in Need International"},"image":{"@id":"https:\/\/acninternational.org\/pt-pt\/#\/schema\/logo\/image\/"},"sameAs":["https:\/\/www.facebook.com\/acninternationalorg","https:\/\/x.com\/acn_int","https:\/\/www.youtube.com\/channel\/UCQ-077gS0TnVzkhHmf1opZw","https:\/\/www.instagram.com\/acn_international\/"]}]}},"_links":{"self":[{"href":"https:\/\/acninternational.org\/pt-pt\/wp-json\/wp\/v2\/pages\/124145","targetHints":{"allow":["GET"]}}],"collection":[{"href":"https:\/\/acninternational.org\/pt-pt\/wp-json\/wp\/v2\/pages"}],"about":[{"href":"https:\/\/acninternational.org\/pt-pt\/wp-json\/wp\/v2\/types\/page"}],"author":[{"embeddable":true,"href":"https:\/\/acninternational.org\/pt-pt\/wp-json\/wp\/v2\/users\/1"}],"replies":[{"embeddable":true,"href":"https:\/\/acninternational.org\/pt-pt\/wp-json\/wp\/v2\/comments?post=124145"}],"version-history":[{"count":0,"href":"https:\/\/acninternational.org\/pt-pt\/wp-json\/wp\/v2\/pages\/124145\/revisions"}],"wp:featuredmedia":[{"embeddable":true,"href":"https:\/\/acninternational.org\/pt-pt\/wp-json\/wp\/v2\/media\/123113"}],"wp:attachment":[{"href":"https:\/\/acninternational.org\/pt-pt\/wp-json\/wp\/v2\/media?parent=124145"}],"curies":[{"name":"wp","href":"https:\/\/api.w.org\/{rel}","templated":true}]}}