{"id":124062,"date":"2019-10-04T12:43:07","date_gmt":"2019-10-04T10:43:07","guid":{"rendered":"https:\/\/acninternational.org\/as-nossas-areas-de-atuacao\/"},"modified":"2020-02-14T11:45:30","modified_gmt":"2020-02-14T10:45:30","slug":"as-nossas-areas-de-atuacao","status":"publish","type":"page","link":"https:\/\/acninternational.org\/pt-pt\/as-nossas-areas-de-atuacao\/","title":{"rendered":"As nossas \u00e1reas de atua\u00e7\u00e3o"},"content":{"rendered":"<p>\u00c9 desde sempre que a Igreja se preocupa com as pessoas necessitadas e em sofrimento. Al\u00e9m da sua miss\u00e3o pastoral, a Igreja empenha-se no mundo como patrocinadora de institui\u00e7\u00f5es sociais e apoia em muitas regi\u00f5es de crise as pessoas que sofrem priva\u00e7\u00f5es.<\/p>\n<p>Mas o que muita gente n\u00e3o sabe: a pr\u00f3pria Igreja tamb\u00e9m necessita muitas vezes de ajuda urgente, especialmente nos pa\u00edses em desenvolvimento e nos pa\u00edses atingidos pela expuls\u00e3o, persegui\u00e7\u00e3o ou cat\u00e1strofes. E os n\u00fameros falam por si: hoje em dia, em todo o mundo h\u00e1 cerca de 200 milh\u00f5es de pessoas que n\u00e3o podem exercer livremente a sua f\u00e9. Em mais de 80 pa\u00edses no mundo n\u00e3o \u00e9 garantido o direito b\u00e1sico da liberdade religiosa.<\/p>\n<figure id=\"attachment_123945\" aria-describedby=\"caption-attachment-123945\" style=\"width: 670px\" class=\"wp-caption alignnone\"><img loading=\"lazy\" decoding=\"async\" class=\"wp-image-57683 size-full\" src=\"https:\/\/media.acninternational.org\/wp-content\/uploads\/2019\/10\/ArtPic3.jpg\" alt=\"Aid to the Church in Need is dedicated to the service of Christians around the world, wherever they are persecuted or oppressed or suffering material need.\" width=\"670\" height=\"400\" srcset=\"https:\/\/media.acninternational.org\/wp-content\/uploads\/2019\/10\/ArtPic3.jpg 670w, https:\/\/media.acninternational.org\/wp-content\/uploads\/2019\/10\/ArtPic3-300x179.jpg 300w\" sizes=\"auto, (max-width: 670px) 100vw, 670px\" \/><figcaption id=\"caption-attachment-123945\" class=\"wp-caption-text\">ACN apoia em todo o mundo os crist\u00e3os sempre e onde estes sejam perseguidos ou oprimidos, ou sofram de necessidade material.<\/figcaption><\/figure>\n<p>Em mais de 40 pa\u00edses, os crist\u00e3os s\u00e3o atualmente perseguidos, discriminados ou oprimidos. Nesses pa\u00edses, dificilmente \u00e9 poss\u00edvel, ou mesmo imposs\u00edvel, manter a infraestrutura clesi\u00e1stica e garantir uma exist\u00eancia dignamente humana dos fi\u00e9is por seus pr\u00f3prios meios. Em muitos destes pa\u00edses, os donativos em dinheiro s\u00e3o a \u00fanica fonte de receita para a Igreja.<\/p>\n<blockquote class=\"wp-block-quote blockquote ps-3 py-2\"><p>\u00bb Estou muito agradecida por tudo o que fizeram pelos nossos necessitados. Deus vos proteja a v\u00f3s e aos vossos irm\u00e3os crist\u00e3os. \u00ab<\/p>\n<pre>Irm\u00e3 Annie Demerjian, parceira de projeto, S\u00edria<\/pre>\n<\/blockquote>\n<p>Diferente da maioria das organiza\u00e7\u00f5es de aux\u00edlio, que aliviam o sofrimento social das pessoas, a ACN concentra-se no apoio a Igrejas locais, para que possa perpetuar-se o amor crist\u00e3o ao pr\u00f3ximo.<\/p>\n<p>Nascida em 1947 como Obra de aux\u00edlio para refugiados de guerra e reconhecida desde 2011 como Funda\u00e7\u00e3o Pontif\u00edcia, a ACN apoia em todo o mundo os crist\u00e3os sempre e onde estes sejam perseguidos ou oprimidos, ou sofram de necessidade material. Tudo isto prov\u00e9m exclusivamente de donativos privados, pois a nossa funda\u00e7\u00e3o n\u00e3o recebe qualquer apoio oficial.<\/p>\n<figure id=\"attachment_123941\" aria-describedby=\"caption-attachment-123941\" style=\"width: 670px\" class=\"wp-caption alignnone\"><img loading=\"lazy\" decoding=\"async\" class=\"wp-image-57682 size-full\" src=\"https:\/\/media.acninternational.org\/wp-content\/uploads\/2019\/10\/ArtPic2.jpg\" alt=\"Christians are currently persecuted, discriminated against or oppressed in more than 40 countries.\" width=\"670\" height=\"400\" srcset=\"https:\/\/media.acninternational.org\/wp-content\/uploads\/2019\/10\/ArtPic2.jpg 670w, https:\/\/media.acninternational.org\/wp-content\/uploads\/2019\/10\/ArtPic2-300x179.jpg 300w\" sizes=\"auto, (max-width: 670px) 100vw, 670px\" \/><figcaption id=\"caption-attachment-123941\" class=\"wp-caption-text\">Em mais de 40 pa\u00edses, os crist\u00e3os s\u00e3o atualmente perseguidos, discriminados ou oprimidos.<\/figcaption><\/figure>\n<p>Sob o lema \u201cinformar, orar e ajudar\u201d, prestamos apoio a crist\u00e3os de todo o mundo, juntamente com centenas de milhares de benfeitores e parceiros de projeto. Al\u00e9m disso, empenhamo-nos de forma interconfessional na liberdade religiosa e na reconcilia\u00e7\u00e3o. A nossa cren\u00e7a na for\u00e7a do amor ao pr\u00f3ximo e a nossa experi\u00eancia de d\u00e9cadas encorajam- nos a continuar a percorrer este caminho e a motivar as pessoas em todo o mundo para ajudar a nossa Obra.<\/p>\n<p>Desde a funda\u00e7\u00e3o h\u00e1 72 anos, a ACN \u2013 tamb\u00e9m conhecida como Aid to the Church in Need (Ajuda \u00e0 Igreja que Sofre, em portugu\u00eas) \u2013 evoluiu para uma Obra de aux\u00edlio com uma ampla \u00e1rea de miss\u00e3o. Hoje podemos afirmar: o nosso nome \u00e9 a nossa miss\u00e3o. Atualmente, apoiamos anualmente cerca de 5.000 projetos pastorais em quase 140 pa\u00edses \u2013 muitos dos quais de longo prazo. Estamos tamb\u00e9m muitas vezes no terreno, em regi\u00f5es de crise h\u00e1 muito abandonadas por outras organiza\u00e7\u00f5es de aux\u00edlio.<\/p>\n<figure id=\"attachment_123953\" aria-describedby=\"caption-attachment-123953\" style=\"width: 670px\" class=\"wp-caption alignnone\"><img loading=\"lazy\" decoding=\"async\" class=\"wp-image-57685 size-full\" src=\"https:\/\/media.acninternational.org\/wp-content\/uploads\/2019\/10\/ArtPic12.jpg\" alt=\"We now support some 5,000 Catholic projects each year in nearly 150 countries.\" width=\"670\" height=\"400\" srcset=\"https:\/\/media.acninternational.org\/wp-content\/uploads\/2019\/10\/ArtPic12.jpg 670w, https:\/\/media.acninternational.org\/wp-content\/uploads\/2019\/10\/ArtPic12-300x179.jpg 300w\" sizes=\"auto, (max-width: 670px) 100vw, 670px\" \/><figcaption id=\"caption-attachment-123953\" class=\"wp-caption-text\">Atualmente, apoiamos anualmente cerca de 5.000 projetos pastorais em quase 140 pa\u00edses.<\/figcaption><\/figure>\n<blockquote class=\"wp-block-quote blockquote ps-3 py-2\"><p>\u00bb Estou sempre a agradecer ao Senhor pela ajuda. Sem a ACN, seria dif\u00edcil continuarmos o nosso trabalho. \u00ab<\/p>\n<pre>Irm\u00e3 Hanan Youssef, parceira de projetos, L\u00edbano<\/pre>\n<\/blockquote>\n<p>Para tal, precisamos, naturalmente, n\u00e3o apenas de meios pessoais e organizacionais, mas tamb\u00e9m dos necess\u00e1rios meios financeiros. Somente com os donativos de mais de 330.000 benfeitores de 23 pa\u00edses nos \u00e9 poss\u00edvel satisfazer e impulsionar esses projetos com \u00eaxito.<\/p>\n<figure id=\"attachment_123949\" aria-describedby=\"caption-attachment-123949\" style=\"width: 670px\" class=\"wp-caption alignnone\"><img loading=\"lazy\" decoding=\"async\" class=\"wp-image-57684 size-full\" src=\"https:\/\/media.acninternational.org\/wp-content\/uploads\/2019\/10\/ArtPic8.jpg\" alt=\"Only through the donations of over 330,000 benefactors in 23 countries are we able to fulfil our mission.\" width=\"670\" height=\"400\" srcset=\"https:\/\/media.acninternational.org\/wp-content\/uploads\/2019\/10\/ArtPic8.jpg 670w, https:\/\/media.acninternational.org\/wp-content\/uploads\/2019\/10\/ArtPic8-300x179.jpg 300w\" sizes=\"auto, (max-width: 670px) 100vw, 670px\" \/><figcaption id=\"caption-attachment-123949\" class=\"wp-caption-text\">Somente com os donativos de mais de 330.000 benfeitores de 23 pa\u00edses nos \u00e9 poss\u00edvel satisfazer e impulsionaresses projetos com \u00eaxito.<\/figcaption><\/figure>\n<p>As \u00e1reas de atividade do nosso programa de ajuda est\u00e3o em crescimento cont\u00ednuo:<\/p>\n","protected":false},"excerpt":{"rendered":"<p>\u00c9 desde sempre que a Igreja se preocupa com as pessoas necessitadas e em sofrimento. Al\u00e9m da sua miss\u00e3o pastoral, a Igreja empenha-se no mundo como patrocinadora de institui\u00e7\u00f5es sociais e apoia em muitas regi\u00f5es de crise as pessoas que sofrem priva\u00e7\u00f5es. Mas o que muita gente n\u00e3o sabe: a pr\u00f3pria Igreja tamb\u00e9m necessita muitas [&hellip;]<\/p>\n","protected":false},"author":1,"featured_media":127297,"parent":0,"menu_order":0,"comment_status":"closed","ping_status":"closed","template":"","meta":{"_acf_changed":false,"footnotes":""},"class_list":["post-124062","page","type-page","status-publish","has-post-thumbnail","hentry"],"acf":[],"yoast_head":"<!-- This site is optimized with the Yoast SEO Premium plugin v27.3 (Yoast SEO v27.3) - https:\/\/yoast.com\/product\/yoast-seo-premium-wordpress\/ -->\n<title>As nossas \u00e1reas de atua\u00e7\u00e3o | ACN International<\/title>\n<meta name=\"robots\" content=\"index, follow, max-snippet:-1, max-image-preview:large, max-video-preview:-1\" \/>\n<link rel=\"canonical\" href=\"https:\/\/acninternational.org\/pt-pt\/as-nossas-areas-de-atuacao\/\" \/>\n<meta property=\"og:locale\" content=\"pt_PT\" \/>\n<meta property=\"og:type\" content=\"article\" \/>\n<meta property=\"og:title\" content=\"As nossas \u00e1reas de atua\u00e7\u00e3o\" \/>\n<meta property=\"og:description\" content=\"\u00c9 desde sempre que a Igreja se preocupa com as pessoas necessitadas e em sofrimento. Al\u00e9m da sua miss\u00e3o pastoral, a Igreja empenha-se no mundo como patrocinadora de institui\u00e7\u00f5es sociais e apoia em muitas regi\u00f5es de crise as pessoas que sofrem priva\u00e7\u00f5es. Mas o que muita gente n\u00e3o sabe: a pr\u00f3pria Igreja tamb\u00e9m necessita muitas [&hellip;]\" \/>\n<meta property=\"og:url\" content=\"https:\/\/acninternational.org\/pt-pt\/as-nossas-areas-de-atuacao\/\" \/>\n<meta property=\"og:site_name\" content=\"ACN International\" \/>\n<meta property=\"article:publisher\" content=\"https:\/\/www.facebook.com\/acninternationalorg\" \/>\n<meta property=\"article:modified_time\" content=\"2020-02-14T10:45:30+00:00\" \/>\n<meta property=\"og:image\" content=\"https:\/\/media.acninternational.org\/wp-content\/uploads\/2019\/09\/Cover_17.jpg\" \/>\n\t<meta property=\"og:image:width\" content=\"2000\" \/>\n\t<meta property=\"og:image:height\" content=\"625\" \/>\n\t<meta property=\"og:image:type\" content=\"image\/jpeg\" \/>\n<meta name=\"twitter:card\" content=\"summary_large_image\" \/>\n<meta name=\"twitter:site\" content=\"@acn_int\" \/>\n<meta name=\"twitter:label1\" content=\"Tempo estimado de leitura\" \/>\n\t<meta name=\"twitter:data1\" content=\"3 minutos\" \/>\n<script type=\"application\/ld+json\" class=\"yoast-schema-graph\">{\"@context\":\"https:\\\/\\\/schema.org\",\"@graph\":[{\"@type\":\"WebPage\",\"@id\":\"https:\\\/\\\/acninternational.org\\\/pt-pt\\\/as-nossas-areas-de-atuacao\\\/\",\"url\":\"https:\\\/\\\/acninternational.org\\\/pt-pt\\\/as-nossas-areas-de-atuacao\\\/\",\"name\":\"As nossas \u00e1reas de atua\u00e7\u00e3o | ACN International\",\"isPartOf\":{\"@id\":\"https:\\\/\\\/acninternational.org\\\/pt-pt\\\/#website\"},\"primaryImageOfPage\":{\"@id\":\"https:\\\/\\\/acninternational.org\\\/pt-pt\\\/as-nossas-areas-de-atuacao\\\/#primaryimage\"},\"image\":{\"@id\":\"https:\\\/\\\/acninternational.org\\\/pt-pt\\\/as-nossas-areas-de-atuacao\\\/#primaryimage\"},\"thumbnailUrl\":\"https:\\\/\\\/media.acninternational.org\\\/wp-content\\\/uploads\\\/2019\\\/09\\\/Cover_17.jpg\",\"datePublished\":\"2019-10-04T10:43:07+00:00\",\"dateModified\":\"2020-02-14T10:45:30+00:00\",\"breadcrumb\":{\"@id\":\"https:\\\/\\\/acninternational.org\\\/pt-pt\\\/as-nossas-areas-de-atuacao\\\/#breadcrumb\"},\"inLanguage\":\"pt-PT\",\"potentialAction\":[{\"@type\":\"ReadAction\",\"target\":[\"https:\\\/\\\/acninternational.org\\\/pt-pt\\\/as-nossas-areas-de-atuacao\\\/\"]}]},{\"@type\":\"ImageObject\",\"inLanguage\":\"pt-PT\",\"@id\":\"https:\\\/\\\/acninternational.org\\\/pt-pt\\\/as-nossas-areas-de-atuacao\\\/#primaryimage\",\"url\":\"https:\\\/\\\/media.acninternational.org\\\/wp-content\\\/uploads\\\/2019\\\/09\\\/Cover_17.jpg\",\"contentUrl\":\"https:\\\/\\\/media.acninternational.org\\\/wp-content\\\/uploads\\\/2019\\\/09\\\/Cover_17.jpg\",\"width\":2000,\"height\":625},{\"@type\":\"BreadcrumbList\",\"@id\":\"https:\\\/\\\/acninternational.org\\\/pt-pt\\\/as-nossas-areas-de-atuacao\\\/#breadcrumb\",\"itemListElement\":[{\"@type\":\"ListItem\",\"position\":1,\"name\":\"Home\",\"item\":\"https:\\\/\\\/acninternational.org\\\/pt-pt\\\/\"},{\"@type\":\"ListItem\",\"position\":2,\"name\":\"As nossas \u00e1reas de atua\u00e7\u00e3o\"}]},{\"@type\":\"WebSite\",\"@id\":\"https:\\\/\\\/acninternational.org\\\/pt-pt\\\/#website\",\"url\":\"https:\\\/\\\/acninternational.org\\\/pt-pt\\\/\",\"name\":\"ACN International\",\"description\":\"\",\"publisher\":{\"@id\":\"https:\\\/\\\/acninternational.org\\\/pt-pt\\\/#organization\"},\"potentialAction\":[{\"@type\":\"SearchAction\",\"target\":{\"@type\":\"EntryPoint\",\"urlTemplate\":\"https:\\\/\\\/acninternational.org\\\/pt-pt\\\/?s={search_term_string}\"},\"query-input\":{\"@type\":\"PropertyValueSpecification\",\"valueRequired\":true,\"valueName\":\"search_term_string\"}}],\"inLanguage\":\"pt-PT\"},{\"@type\":\"Organization\",\"@id\":\"https:\\\/\\\/acninternational.org\\\/pt-pt\\\/#organization\",\"name\":\"Aid to the Church in Need International\",\"url\":\"https:\\\/\\\/acninternational.org\\\/pt-pt\\\/\",\"logo\":{\"@type\":\"ImageObject\",\"inLanguage\":\"pt-PT\",\"@id\":\"https:\\\/\\\/acninternational.org\\\/pt-pt\\\/#\\\/schema\\\/logo\\\/image\\\/\",\"url\":\"https:\\\/\\\/media.acninternational.org\\\/wp-content\\\/uploads\\\/2019\\\/11\\\/acn_logo_blackvector.svg\",\"contentUrl\":\"https:\\\/\\\/media.acninternational.org\\\/wp-content\\\/uploads\\\/2019\\\/11\\\/acn_logo_blackvector.svg\",\"width\":232.6,\"height\":78,\"caption\":\"Aid to the Church in Need International\"},\"image\":{\"@id\":\"https:\\\/\\\/acninternational.org\\\/pt-pt\\\/#\\\/schema\\\/logo\\\/image\\\/\"},\"sameAs\":[\"https:\\\/\\\/www.facebook.com\\\/acninternationalorg\",\"https:\\\/\\\/x.com\\\/acn_int\",\"https:\\\/\\\/www.youtube.com\\\/channel\\\/UCQ-077gS0TnVzkhHmf1opZw\",\"https:\\\/\\\/www.instagram.com\\\/acn_international\\\/\"]}]}<\/script>\n<!-- \/ Yoast SEO Premium plugin. -->","yoast_head_json":{"title":"As nossas \u00e1reas de atua\u00e7\u00e3o | ACN International","robots":{"index":"index","follow":"follow","max-snippet":"max-snippet:-1","max-image-preview":"max-image-preview:large","max-video-preview":"max-video-preview:-1"},"canonical":"https:\/\/acninternational.org\/pt-pt\/as-nossas-areas-de-atuacao\/","og_locale":"pt_PT","og_type":"article","og_title":"As nossas \u00e1reas de atua\u00e7\u00e3o","og_description":"\u00c9 desde sempre que a Igreja se preocupa com as pessoas necessitadas e em sofrimento. Al\u00e9m da sua miss\u00e3o pastoral, a Igreja empenha-se no mundo como patrocinadora de institui\u00e7\u00f5es sociais e apoia em muitas regi\u00f5es de crise as pessoas que sofrem priva\u00e7\u00f5es. Mas o que muita gente n\u00e3o sabe: a pr\u00f3pria Igreja tamb\u00e9m necessita muitas [&hellip;]","og_url":"https:\/\/acninternational.org\/pt-pt\/as-nossas-areas-de-atuacao\/","og_site_name":"ACN International","article_publisher":"https:\/\/www.facebook.com\/acninternationalorg","article_modified_time":"2020-02-14T10:45:30+00:00","og_image":[{"width":2000,"height":625,"url":"https:\/\/media.acninternational.org\/wp-content\/uploads\/2019\/09\/Cover_17.jpg","type":"image\/jpeg"}],"twitter_card":"summary_large_image","twitter_site":"@acn_int","twitter_misc":{"Tempo estimado de leitura":"3 minutos"},"schema":{"@context":"https:\/\/schema.org","@graph":[{"@type":"WebPage","@id":"https:\/\/acninternational.org\/pt-pt\/as-nossas-areas-de-atuacao\/","url":"https:\/\/acninternational.org\/pt-pt\/as-nossas-areas-de-atuacao\/","name":"As nossas \u00e1reas de atua\u00e7\u00e3o | ACN International","isPartOf":{"@id":"https:\/\/acninternational.org\/pt-pt\/#website"},"primaryImageOfPage":{"@id":"https:\/\/acninternational.org\/pt-pt\/as-nossas-areas-de-atuacao\/#primaryimage"},"image":{"@id":"https:\/\/acninternational.org\/pt-pt\/as-nossas-areas-de-atuacao\/#primaryimage"},"thumbnailUrl":"https:\/\/media.acninternational.org\/wp-content\/uploads\/2019\/09\/Cover_17.jpg","datePublished":"2019-10-04T10:43:07+00:00","dateModified":"2020-02-14T10:45:30+00:00","breadcrumb":{"@id":"https:\/\/acninternational.org\/pt-pt\/as-nossas-areas-de-atuacao\/#breadcrumb"},"inLanguage":"pt-PT","potentialAction":[{"@type":"ReadAction","target":["https:\/\/acninternational.org\/pt-pt\/as-nossas-areas-de-atuacao\/"]}]},{"@type":"ImageObject","inLanguage":"pt-PT","@id":"https:\/\/acninternational.org\/pt-pt\/as-nossas-areas-de-atuacao\/#primaryimage","url":"https:\/\/media.acninternational.org\/wp-content\/uploads\/2019\/09\/Cover_17.jpg","contentUrl":"https:\/\/media.acninternational.org\/wp-content\/uploads\/2019\/09\/Cover_17.jpg","width":2000,"height":625},{"@type":"BreadcrumbList","@id":"https:\/\/acninternational.org\/pt-pt\/as-nossas-areas-de-atuacao\/#breadcrumb","itemListElement":[{"@type":"ListItem","position":1,"name":"Home","item":"https:\/\/acninternational.org\/pt-pt\/"},{"@type":"ListItem","position":2,"name":"As nossas \u00e1reas de atua\u00e7\u00e3o"}]},{"@type":"WebSite","@id":"https:\/\/acninternational.org\/pt-pt\/#website","url":"https:\/\/acninternational.org\/pt-pt\/","name":"ACN International","description":"","publisher":{"@id":"https:\/\/acninternational.org\/pt-pt\/#organization"},"potentialAction":[{"@type":"SearchAction","target":{"@type":"EntryPoint","urlTemplate":"https:\/\/acninternational.org\/pt-pt\/?s={search_term_string}"},"query-input":{"@type":"PropertyValueSpecification","valueRequired":true,"valueName":"search_term_string"}}],"inLanguage":"pt-PT"},{"@type":"Organization","@id":"https:\/\/acninternational.org\/pt-pt\/#organization","name":"Aid to the Church in Need International","url":"https:\/\/acninternational.org\/pt-pt\/","logo":{"@type":"ImageObject","inLanguage":"pt-PT","@id":"https:\/\/acninternational.org\/pt-pt\/#\/schema\/logo\/image\/","url":"https:\/\/media.acninternational.org\/wp-content\/uploads\/2019\/11\/acn_logo_blackvector.svg","contentUrl":"https:\/\/media.acninternational.org\/wp-content\/uploads\/2019\/11\/acn_logo_blackvector.svg","width":232.6,"height":78,"caption":"Aid to the Church in Need International"},"image":{"@id":"https:\/\/acninternational.org\/pt-pt\/#\/schema\/logo\/image\/"},"sameAs":["https:\/\/www.facebook.com\/acninternationalorg","https:\/\/x.com\/acn_int","https:\/\/www.youtube.com\/channel\/UCQ-077gS0TnVzkhHmf1opZw","https:\/\/www.instagram.com\/acn_international\/"]}]}},"_links":{"self":[{"href":"https:\/\/acninternational.org\/pt-pt\/wp-json\/wp\/v2\/pages\/124062","targetHints":{"allow":["GET"]}}],"collection":[{"href":"https:\/\/acninternational.org\/pt-pt\/wp-json\/wp\/v2\/pages"}],"about":[{"href":"https:\/\/acninternational.org\/pt-pt\/wp-json\/wp\/v2\/types\/page"}],"author":[{"embeddable":true,"href":"https:\/\/acninternational.org\/pt-pt\/wp-json\/wp\/v2\/users\/1"}],"replies":[{"embeddable":true,"href":"https:\/\/acninternational.org\/pt-pt\/wp-json\/wp\/v2\/comments?post=124062"}],"version-history":[{"count":0,"href":"https:\/\/acninternational.org\/pt-pt\/wp-json\/wp\/v2\/pages\/124062\/revisions"}],"wp:featuredmedia":[{"embeddable":true,"href":"https:\/\/acninternational.org\/pt-pt\/wp-json\/wp\/v2\/media\/127297"}],"wp:attachment":[{"href":"https:\/\/acninternational.org\/pt-pt\/wp-json\/wp\/v2\/media?parent=124062"}],"curies":[{"name":"wp","href":"https:\/\/api.w.org\/{rel}","templated":true}]}}