{"id":124038,"date":"2019-09-16T16:43:41","date_gmt":"2019-09-16T14:43:41","guid":{"rendered":"https:\/\/acninternational.org\/numeros\/"},"modified":"2020-05-25T15:45:53","modified_gmt":"2020-05-25T13:45:53","slug":"numeros","status":"publish","type":"page","link":"https:\/\/acninternational.org\/pt-pt\/numeros\/","title":{"rendered":"N\u00fameros"},"content":{"rendered":"<h1>N\u00fameros em 2018<\/h1>\n<p>Em 2018, recebemos 7.607 pedidos de ajuda de todo o mundo. Gra\u00e7as \u00e0 generosidade dos nossos benfeitores, conseguimos financiar atividades no valor de 110,5 milh\u00f5es de euros.* A maior parte desse montante \u2013 80,1 % das doa\u00e7\u00f5es \u2013 foi destinada a gastos com miss\u00f5es, ou seja: trabalhos em projetos concretos, apoio midi\u00e1tico e atividades de ora\u00e7\u00e3o.<\/p>\n<p>\t\t\t\t\t\t\t\t\t\t<img decoding=\"async\" src=\"https:\/\/media.acninternational.org\/wp-content\/uploads\/2019\/09\/kuchen1a_white_total.svg\" alt=\"\" height=\"273.07\" width=\"716.95\" \/><br \/>\n\t\t\t<svg xmlns=\"http:\/\/www.w3.org\/2000\/svg\" xmlns:xlink=\"http:\/\/www.w3.org\/1999\/xlink\" id=\"Layer_1\" x=\"0px\" y=\"0px\" viewBox=\"0 0 19.2 15.5\" style=\"enable-background:new 0 0 19.2 15.5;\" xml:space=\"preserve\"> <\/p>\n<style type=\"text\/css\"> .st0{fill:#B81325;} <\/style>\n<p> <g> <g id=\"Layer_1-2\"> <path d=\"M0,0h3.5v1.1h-2v13.2h2v1.1H0V0z\"><\/path> <path d=\"M15.7,14.4h2V1.1h-2V0h3.5v15.5h-3.5V14.4z\"><\/path> <path d=\"M8.8,8.5H5.6V7h3.2V3.6h1.6V7h3.2v1.5h-3.2v3.4H8.8V8.5z\"><\/path> <\/g> <\/g> <\/svg><br \/>\n\t\t\t\u20ac110.5 million<br \/>\n\t\t\tUso detalhado das doa\u00e7\u00f5es<br \/>\n\t\t\t&nbsp;Gastos com miss\u00f5es<br \/>\n\t\t\t&nbsp;Administra\u00e7\u00e3o<br \/>\n\t\t\t&nbsp;Gastos para a comunica\u00e7\u00e3o com benfeitores e a publicidade para obter doa\u00e7\u00f5es<br \/>\n\t\t\t<svg xmlns=\"http:\/\/www.w3.org\/2000\/svg\" xmlns:xlink=\"http:\/\/www.w3.org\/1999\/xlink\" id=\"Layer_1\" x=\"0px\" y=\"0px\" viewBox=\"0 0 19.2 15.5\" style=\"enable-background:new 0 0 19.2 15.5;\" xml:space=\"preserve\"> <\/p>\n<style type=\"text\/css\"> .st0{fill:#B81325;} <\/style>\n<p> <g> <g id=\"Layer_1-2\"> <path d=\"M0,0h3.5v1.1h-2v13.2h2v1.1H0V0z\"><\/path> <path d=\"M15.7,14.4h2V1.1h-2V0h3.5v15.5h-3.5V14.4z\"><\/path> <path d=\"M8.8,8.5H5.6V7h3.2V3.6h1.6V7h3.2v1.5h-3.2v3.4H8.8V8.5z\"><\/path> <\/g> <\/g> <\/svg><br \/>\n\t\t\t\u20ac88.5 million<br \/>\n\t\t\tGastos com miss\u00f5es<br \/>\n\t\t\t&nbsp;Trabalho em projetos<br \/>\n\t\t\t&nbsp;Informa\u00e7\u00e3o, evangeliza\u00e7\u00e3o e ajuda para crist\u00e3os prejudicados e perseguido\t\t<\/p>\n<p>Mantemos a parcela de gastos necess\u00e1rios para a administra\u00e7\u00e3o e a publicidade para obter doa\u00e7\u00f5es o mais baixa poss\u00edvel, com 8,5% e 11,4%, respectivamente, para que a maior parte poss\u00edvel de recursos chegassem aos crist\u00e3os em cada local.<\/p>\n<p>\t\t\tEscrit\u00f3rios em 23<br \/>\n\t\t\tMais de 330,000<br \/>\n\t\t\t111,108,825<br \/>\n\t\t\tUso de 2.8<br \/>\n\t\t\tParceiros de projetos em 139<br \/>\n\t\t\t5,019<br \/>\n\t\t\t80.1%<br \/>\n\t\t\tpa\u00edses<br \/>\n\t\t\tdoadores por ano mundialmente<br \/>\n\t\t\teuros em doa\u00e7\u00f5es e outras receitas<br \/>\n\t\t\tmilh\u00f5es de euros do super\u00e1vit de anos anteriores<br \/>\n\t\t\tpa\u00edses<br \/>\n\t\t\tprojetos fomentados mundialmente<br \/>\n\t\t\tdas doa\u00e7\u00f5es s\u00e3o destinadas a gastos com miss\u00f5es<br \/>\n\t\t\tOffices in 23 countries<br \/>\n\t\t\tMore than 330,000 donors worldwide per year\u200b<br \/>\n\t\t\t111,108,825 euros in donations and other income\u200b<br \/>\n\t\t\tUse of 2.8 million euros in surpluses from previous years\u200b<br \/>\n\t\t\tProject partners in 139 countries\u200b<br \/>\n\t\t\t5,019 projects supported worldwide\u200b<br \/>\n\t\t\t80.1% of the funds used are allocated to mission-related expenses\u200b\t\t<\/p>\n<p>Assim, em 2018, conseguimos apoiar um total de 5.019 projetos em 139 pa\u00edses com cerca de 75,5 milh\u00f5es de euros. Defendemos crist\u00e3os prejudicados e perseguidos mundialmente com mais 13 milh\u00f5es de euros.<\/p>\n<p>As receitas flutuantes devido a heran\u00e7as ca\u00edram 11,7 milh\u00f5es de euros em rela\u00e7\u00e3o ao ano anterior e, assim, conseguimos financiar menos projetos em 2018. Por isso, ficamos ainda mais contentes que as receitas com doa\u00e7\u00f5es correntes tenham permanecido est\u00e1veis. \u00c9 com base nisso que aceitamos projetos para o futuro.<\/p>\n<h1>\u00bb Reconstru\u00e7\u00e3o, forma\u00e7\u00e3o da f\u00e9 e ajuda de emerg\u00eancia em regi\u00f5es em guerra foram os focos dos nossos projetos em 2018. \u00ab<\/h1>\n<p>Os projetos que ajudamos s\u00e3o primariamente de natureza pastoral. Em 2018, cerca de um ter\u00e7o dos gastos foi usado para a constru\u00e7\u00e3o de instala\u00e7\u00f5es para semin\u00e1rios e para a constru\u00e7\u00e3o e reconstru\u00e7\u00e3o de igrejas e instala\u00e7\u00f5es eclesi\u00e1sticas.<\/p>\n<p>Mais de um quinto do nosso or\u00e7amento para projetos foi usado para a forma\u00e7\u00e3o de padres e freiras, assim como para a forma\u00e7\u00e3o continuada de padres e a forma\u00e7\u00e3o de f\u00e9 em leigos.<\/p>\n<p>Uma parte consider\u00e1vel de nosso apoio financeiro \u2013 quase um oitavo dos recursos \u2013 foi usada para ajuda de emerg\u00eancia, por exemplo para as v\u00e1rias v\u00edtimas das crises no Oriente M\u00e9dio.<\/p>\n<p>Outra constante importante \u00e9 nossa distribui\u00e7\u00e3o de subven\u00e7\u00f5es para missas: em 2018, repassamos inten\u00e7\u00f5es de missas no valor de 12,4 milh\u00f5es de euros a padres em todo o mundo.<\/p>\n<p>\t\t\t\t\t\t\t\t\t\t<img decoding=\"async\" src=\"https:\/\/media.acninternational.org\/wp-content\/uploads\/2019\/09\/kuchen3.svg\" alt=\"\" height=\"198.4\" width=\"198.5\" \/><br \/>\n\t\t\t<svg xmlns=\"http:\/\/www.w3.org\/2000\/svg\" xmlns:xlink=\"http:\/\/www.w3.org\/1999\/xlink\" id=\"Layer_1\" x=\"0px\" y=\"0px\" viewBox=\"0 0 19.2 15.5\" style=\"enable-background:new 0 0 19.2 15.5;\" xml:space=\"preserve\"> <\/p>\n<style type=\"text\/css\"> .st0{fill:#B81325;} <\/style>\n<p> <g> <g id=\"Layer_1-2\"> <path d=\"M0,0h3.5v1.1h-2v13.2h2v1.1H0V0z\"><\/path> <path d=\"M15.7,14.4h2V1.1h-2V0h3.5v15.5h-3.5V14.4z\"><\/path> <path d=\"M8.8,8.5H5.6V7h3.2V3.6h1.6V7h3.2v1.5h-3.2v3.4H8.8V8.5z\"><\/path> <\/g> <\/g> <\/svg><br \/>\n\t\t\t\u20ac75.5 million<br \/>\n\t\t\tAjuda aprovada por tipo<br \/>\n\t\t\th<br \/>\n\t\t\tConstru\u00e7\u00e3o e reconstru\u00e7\u00e3o<br \/>\n\t\t\ta<br \/>\n\t\t\tSubven\u00e7\u00f5es para missas<br \/>\n\t\t\ti<br \/>\n\t\t\tAjuda de emerg\u00eancia<br \/>\n\t\t\tb<br \/>\n\t\t\tForma\u00e7\u00e3o de padres e religiosos<br \/>\n\t\t\td<br \/>\n\t\t\tForma\u00e7\u00e3o da f\u00e9 para leigos<br \/>\n\t\t\tg<br \/>\n\t\t\tMeios de transporte para o acompanhamento pastoral<br \/>\n\t\t\te\t\t<\/p>\n<p>Distribui\u00e7\u00e3o de b\u00edblias, livros e m\u00eddia religiosa<\/p>\n<p>\t\t\tc<br \/>\n\t\t\tAjuda de subsist\u00eancia para religiosas\t\t<\/p>\n<blockquote class=\"wp-block-quote blockquote ps-3 py-2\">\n<p>\u00bb Nossas medidas de ajuda come\u00e7am com o di\u00e1logo intenso com as igrejas locais. \u00ab<\/p>\n<\/blockquote>\n<p>Em 2018, os focos regionais dos nossos projetos de ajuda ficaram no Oriente M\u00e9dio e na \u00c1frica. Em todo o nosso trabalho com esses projetos, o di\u00e1logo com a igreja local \u00e9 de especial import\u00e2ncia para n\u00f3s. Afinal, os bispos e religiosos no local s\u00e3o quem sabe melhor onde existem as maiores dificuldades e quais medidas de ajuda devem ser tomadas. Na nossa vis\u00e3o, nossa tarefa \u00e9 ajudar a igreja principalmente nos locais onde crist\u00e3os sofrem com guerra, opress\u00e3o, persegui\u00e7\u00e3o e viol\u00eancia.<\/p>\n<p>Infelizmente, em 2018, o Oriente M\u00e9dio foi novamente um foco, onde em muitos lugares os fi\u00e9is estiveram diariamente sujeitos ao despotismo e \u00e0 viol\u00eancia do EI e de outros grupos extremistas isl\u00e2micos. Por isso, projetos de ajuda para a S\u00edria e o Iraque continuar\u00e3o no topo do nosso programa.<\/p>\n<p>Mas crist\u00e3os tamb\u00e9m sofrem com a persegui\u00e7\u00e3o e a viol\u00eancia do islamismo radical em v\u00e1rios pa\u00edses da \u00c1frica. Ao mesmo tempo, a \u00c1frica \u00e9 o continente com o maior crescimento no n\u00famero de fi\u00e9is. Nossos recursos destinados \u00e0 \u00c1frica consideram esses desenvolvimentos: em 2018, mais de um quarto do nosso or\u00e7amento para projetos foi para as igrejas locais de pa\u00edses africanos.<\/p>\n<p>J\u00e1 na \u00c1sia, nossa prioridade fica em regi\u00f5es como o Paquist\u00e3o e as Filipinas, onde o islamismo radical tamb\u00e9m est\u00e1 avan\u00e7ando.<\/p>\n<p>Tamb\u00e9m atuamos na \u00cdndia, onde um hindu\u00edsmo cada vez mais radical persegue a minoria crist\u00e3 e a oprime com viol\u00eancia em muitos locais.<\/p>\n<p>Mas a China, o Vietn\u00e3 e o Laos, que sofrem h\u00e1 anos com as estruturas de regimes comunistas, tamb\u00e9m continuam na nossa lista.<\/p>\n<p>\t\t\t\t\t\t\t\t\t\t<img decoding=\"async\" src=\"https:\/\/media.acninternational.org\/wp-content\/uploads\/2019\/09\/kuchen2.svg\" alt=\"\" height=\"198.4\" width=\"198.5\" \/><br \/>\n\t\t\t<svg xmlns=\"http:\/\/www.w3.org\/2000\/svg\" xmlns:xlink=\"http:\/\/www.w3.org\/1999\/xlink\" id=\"Layer_1\" x=\"0px\" y=\"0px\" viewBox=\"0 0 19.2 15.5\" style=\"enable-background:new 0 0 19.2 15.5;\" xml:space=\"preserve\"> <\/p>\n<style type=\"text\/css\"> .st0{fill:#B81325;} <\/style>\n<p> <g> <g id=\"Layer_1-2\"> <path d=\"M0,0h3.5v1.1h-2v13.2h2v1.1H0V0z\"><\/path> <path d=\"M15.7,14.4h2V1.1h-2V0h3.5v15.5h-3.5V14.4z\"><\/path> <path d=\"M8.8,8.5H5.6V7h3.2V3.6h1.6V7h3.2v1.5h-3.2v3.4H8.8V8.5z\"><\/path> <\/g> <\/g> <\/svg><br \/>\n\t\t\t\u20ac75.5 million<br \/>\n\t\t\tAjuda aprovada por regi\u00e3o<br \/>\n\t\t\t&nbsp;\u00c1frica<br \/>\n\t\t\t&nbsp;Oriente M\u00e9dio<br \/>\n\t\t\t&nbsp;\u00c1sia\/Oceania<br \/>\n\t\t\t&nbsp;Am\u00e9rica Latina<br \/>\n\t\t\t&nbsp;Europa Ocidental\/Leste Europeu<br \/>\n\t\t\t&nbsp;Outros<\/p>\n","protected":false},"excerpt":{"rendered":"<p>N\u00fameros em 2018 Em 2018, recebemos 7.607 pedidos de ajuda de todo o mundo. Gra\u00e7as \u00e0 generosidade dos nossos benfeitores, conseguimos financiar atividades no valor de 110,5 milh\u00f5es de euros.* A maior parte desse montante \u2013 80,1 % das doa\u00e7\u00f5es \u2013 foi destinada a gastos com miss\u00f5es, ou seja: trabalhos em projetos concretos, apoio midi\u00e1tico [&hellip;]<\/p>\n","protected":false},"author":1,"featured_media":136035,"parent":0,"menu_order":0,"comment_status":"closed","ping_status":"closed","template":"","meta":{"_acf_changed":false,"footnotes":""},"class_list":["post-124038","page","type-page","status-publish","has-post-thumbnail","hentry"],"acf":[],"yoast_head":"<!-- This site is optimized with the Yoast SEO Premium plugin v27.3 (Yoast SEO v27.3) - https:\/\/yoast.com\/product\/yoast-seo-premium-wordpress\/ -->\n<title>N\u00fameros | ACN International<\/title>\n<meta name=\"robots\" content=\"index, follow, max-snippet:-1, max-image-preview:large, max-video-preview:-1\" \/>\n<link rel=\"canonical\" href=\"https:\/\/acninternational.org\/pt-pt\/numeros\/\" \/>\n<meta property=\"og:locale\" content=\"pt_PT\" \/>\n<meta property=\"og:type\" content=\"article\" \/>\n<meta property=\"og:title\" content=\"N\u00fameros\" \/>\n<meta property=\"og:description\" content=\"N\u00fameros em 2018 Em 2018, recebemos 7.607 pedidos de ajuda de todo o mundo. Gra\u00e7as \u00e0 generosidade dos nossos benfeitores, conseguimos financiar atividades no valor de 110,5 milh\u00f5es de euros.* A maior parte desse montante \u2013 80,1 % das doa\u00e7\u00f5es \u2013 foi destinada a gastos com miss\u00f5es, ou seja: trabalhos em projetos concretos, apoio midi\u00e1tico [&hellip;]\" \/>\n<meta property=\"og:url\" content=\"https:\/\/acninternational.org\/pt-pt\/numeros\/\" \/>\n<meta property=\"og:site_name\" content=\"ACN International\" \/>\n<meta property=\"article:publisher\" content=\"https:\/\/www.facebook.com\/acninternationalorg\" \/>\n<meta property=\"article:modified_time\" content=\"2020-05-25T13:45:53+00:00\" \/>\n<meta property=\"og:image\" content=\"https:\/\/media.acninternational.org\/wp-content\/uploads\/2020\/05\/cover_facts-and-figures.jpg\" \/>\n\t<meta property=\"og:image:width\" content=\"2000\" \/>\n\t<meta property=\"og:image:height\" content=\"625\" \/>\n\t<meta property=\"og:image:type\" content=\"image\/jpeg\" \/>\n<meta name=\"twitter:card\" content=\"summary_large_image\" \/>\n<meta name=\"twitter:site\" content=\"@acn_int\" \/>\n<meta name=\"twitter:label1\" content=\"Tempo estimado de leitura\" \/>\n\t<meta name=\"twitter:data1\" content=\"4 minutos\" \/>\n<script type=\"application\/ld+json\" class=\"yoast-schema-graph\">{\"@context\":\"https:\\\/\\\/schema.org\",\"@graph\":[{\"@type\":\"WebPage\",\"@id\":\"https:\\\/\\\/acninternational.org\\\/pt-pt\\\/numeros\\\/\",\"url\":\"https:\\\/\\\/acninternational.org\\\/pt-pt\\\/numeros\\\/\",\"name\":\"N\u00fameros | ACN International\",\"isPartOf\":{\"@id\":\"https:\\\/\\\/acninternational.org\\\/pt-pt\\\/#website\"},\"primaryImageOfPage\":{\"@id\":\"https:\\\/\\\/acninternational.org\\\/pt-pt\\\/numeros\\\/#primaryimage\"},\"image\":{\"@id\":\"https:\\\/\\\/acninternational.org\\\/pt-pt\\\/numeros\\\/#primaryimage\"},\"thumbnailUrl\":\"https:\\\/\\\/media.acninternational.org\\\/wp-content\\\/uploads\\\/2020\\\/05\\\/cover_facts-and-figures.jpg\",\"datePublished\":\"2019-09-16T14:43:41+00:00\",\"dateModified\":\"2020-05-25T13:45:53+00:00\",\"breadcrumb\":{\"@id\":\"https:\\\/\\\/acninternational.org\\\/pt-pt\\\/numeros\\\/#breadcrumb\"},\"inLanguage\":\"pt-PT\",\"potentialAction\":[{\"@type\":\"ReadAction\",\"target\":[\"https:\\\/\\\/acninternational.org\\\/pt-pt\\\/numeros\\\/\"]}]},{\"@type\":\"ImageObject\",\"inLanguage\":\"pt-PT\",\"@id\":\"https:\\\/\\\/acninternational.org\\\/pt-pt\\\/numeros\\\/#primaryimage\",\"url\":\"https:\\\/\\\/media.acninternational.org\\\/wp-content\\\/uploads\\\/2020\\\/05\\\/cover_facts-and-figures.jpg\",\"contentUrl\":\"https:\\\/\\\/media.acninternational.org\\\/wp-content\\\/uploads\\\/2020\\\/05\\\/cover_facts-and-figures.jpg\",\"width\":2000,\"height\":625},{\"@type\":\"BreadcrumbList\",\"@id\":\"https:\\\/\\\/acninternational.org\\\/pt-pt\\\/numeros\\\/#breadcrumb\",\"itemListElement\":[{\"@type\":\"ListItem\",\"position\":1,\"name\":\"Home\",\"item\":\"https:\\\/\\\/acninternational.org\\\/pt-pt\\\/\"},{\"@type\":\"ListItem\",\"position\":2,\"name\":\"N\u00fameros\"}]},{\"@type\":\"WebSite\",\"@id\":\"https:\\\/\\\/acninternational.org\\\/pt-pt\\\/#website\",\"url\":\"https:\\\/\\\/acninternational.org\\\/pt-pt\\\/\",\"name\":\"ACN International\",\"description\":\"\",\"publisher\":{\"@id\":\"https:\\\/\\\/acninternational.org\\\/pt-pt\\\/#organization\"},\"potentialAction\":[{\"@type\":\"SearchAction\",\"target\":{\"@type\":\"EntryPoint\",\"urlTemplate\":\"https:\\\/\\\/acninternational.org\\\/pt-pt\\\/?s={search_term_string}\"},\"query-input\":{\"@type\":\"PropertyValueSpecification\",\"valueRequired\":true,\"valueName\":\"search_term_string\"}}],\"inLanguage\":\"pt-PT\"},{\"@type\":\"Organization\",\"@id\":\"https:\\\/\\\/acninternational.org\\\/pt-pt\\\/#organization\",\"name\":\"Aid to the Church in Need International\",\"url\":\"https:\\\/\\\/acninternational.org\\\/pt-pt\\\/\",\"logo\":{\"@type\":\"ImageObject\",\"inLanguage\":\"pt-PT\",\"@id\":\"https:\\\/\\\/acninternational.org\\\/pt-pt\\\/#\\\/schema\\\/logo\\\/image\\\/\",\"url\":\"https:\\\/\\\/media.acninternational.org\\\/wp-content\\\/uploads\\\/2019\\\/11\\\/acn_logo_blackvector.svg\",\"contentUrl\":\"https:\\\/\\\/media.acninternational.org\\\/wp-content\\\/uploads\\\/2019\\\/11\\\/acn_logo_blackvector.svg\",\"width\":232.6,\"height\":78,\"caption\":\"Aid to the Church in Need International\"},\"image\":{\"@id\":\"https:\\\/\\\/acninternational.org\\\/pt-pt\\\/#\\\/schema\\\/logo\\\/image\\\/\"},\"sameAs\":[\"https:\\\/\\\/www.facebook.com\\\/acninternationalorg\",\"https:\\\/\\\/x.com\\\/acn_int\",\"https:\\\/\\\/www.youtube.com\\\/channel\\\/UCQ-077gS0TnVzkhHmf1opZw\",\"https:\\\/\\\/www.instagram.com\\\/acn_international\\\/\"]}]}<\/script>\n<!-- \/ Yoast SEO Premium plugin. -->","yoast_head_json":{"title":"N\u00fameros | ACN International","robots":{"index":"index","follow":"follow","max-snippet":"max-snippet:-1","max-image-preview":"max-image-preview:large","max-video-preview":"max-video-preview:-1"},"canonical":"https:\/\/acninternational.org\/pt-pt\/numeros\/","og_locale":"pt_PT","og_type":"article","og_title":"N\u00fameros","og_description":"N\u00fameros em 2018 Em 2018, recebemos 7.607 pedidos de ajuda de todo o mundo. Gra\u00e7as \u00e0 generosidade dos nossos benfeitores, conseguimos financiar atividades no valor de 110,5 milh\u00f5es de euros.* A maior parte desse montante \u2013 80,1 % das doa\u00e7\u00f5es \u2013 foi destinada a gastos com miss\u00f5es, ou seja: trabalhos em projetos concretos, apoio midi\u00e1tico [&hellip;]","og_url":"https:\/\/acninternational.org\/pt-pt\/numeros\/","og_site_name":"ACN International","article_publisher":"https:\/\/www.facebook.com\/acninternationalorg","article_modified_time":"2020-05-25T13:45:53+00:00","og_image":[{"width":2000,"height":625,"url":"https:\/\/media.acninternational.org\/wp-content\/uploads\/2020\/05\/cover_facts-and-figures.jpg","type":"image\/jpeg"}],"twitter_card":"summary_large_image","twitter_site":"@acn_int","twitter_misc":{"Tempo estimado de leitura":"4 minutos"},"schema":{"@context":"https:\/\/schema.org","@graph":[{"@type":"WebPage","@id":"https:\/\/acninternational.org\/pt-pt\/numeros\/","url":"https:\/\/acninternational.org\/pt-pt\/numeros\/","name":"N\u00fameros | ACN International","isPartOf":{"@id":"https:\/\/acninternational.org\/pt-pt\/#website"},"primaryImageOfPage":{"@id":"https:\/\/acninternational.org\/pt-pt\/numeros\/#primaryimage"},"image":{"@id":"https:\/\/acninternational.org\/pt-pt\/numeros\/#primaryimage"},"thumbnailUrl":"https:\/\/media.acninternational.org\/wp-content\/uploads\/2020\/05\/cover_facts-and-figures.jpg","datePublished":"2019-09-16T14:43:41+00:00","dateModified":"2020-05-25T13:45:53+00:00","breadcrumb":{"@id":"https:\/\/acninternational.org\/pt-pt\/numeros\/#breadcrumb"},"inLanguage":"pt-PT","potentialAction":[{"@type":"ReadAction","target":["https:\/\/acninternational.org\/pt-pt\/numeros\/"]}]},{"@type":"ImageObject","inLanguage":"pt-PT","@id":"https:\/\/acninternational.org\/pt-pt\/numeros\/#primaryimage","url":"https:\/\/media.acninternational.org\/wp-content\/uploads\/2020\/05\/cover_facts-and-figures.jpg","contentUrl":"https:\/\/media.acninternational.org\/wp-content\/uploads\/2020\/05\/cover_facts-and-figures.jpg","width":2000,"height":625},{"@type":"BreadcrumbList","@id":"https:\/\/acninternational.org\/pt-pt\/numeros\/#breadcrumb","itemListElement":[{"@type":"ListItem","position":1,"name":"Home","item":"https:\/\/acninternational.org\/pt-pt\/"},{"@type":"ListItem","position":2,"name":"N\u00fameros"}]},{"@type":"WebSite","@id":"https:\/\/acninternational.org\/pt-pt\/#website","url":"https:\/\/acninternational.org\/pt-pt\/","name":"ACN International","description":"","publisher":{"@id":"https:\/\/acninternational.org\/pt-pt\/#organization"},"potentialAction":[{"@type":"SearchAction","target":{"@type":"EntryPoint","urlTemplate":"https:\/\/acninternational.org\/pt-pt\/?s={search_term_string}"},"query-input":{"@type":"PropertyValueSpecification","valueRequired":true,"valueName":"search_term_string"}}],"inLanguage":"pt-PT"},{"@type":"Organization","@id":"https:\/\/acninternational.org\/pt-pt\/#organization","name":"Aid to the Church in Need International","url":"https:\/\/acninternational.org\/pt-pt\/","logo":{"@type":"ImageObject","inLanguage":"pt-PT","@id":"https:\/\/acninternational.org\/pt-pt\/#\/schema\/logo\/image\/","url":"https:\/\/media.acninternational.org\/wp-content\/uploads\/2019\/11\/acn_logo_blackvector.svg","contentUrl":"https:\/\/media.acninternational.org\/wp-content\/uploads\/2019\/11\/acn_logo_blackvector.svg","width":232.6,"height":78,"caption":"Aid to the Church in Need International"},"image":{"@id":"https:\/\/acninternational.org\/pt-pt\/#\/schema\/logo\/image\/"},"sameAs":["https:\/\/www.facebook.com\/acninternationalorg","https:\/\/x.com\/acn_int","https:\/\/www.youtube.com\/channel\/UCQ-077gS0TnVzkhHmf1opZw","https:\/\/www.instagram.com\/acn_international\/"]}]}},"_links":{"self":[{"href":"https:\/\/acninternational.org\/pt-pt\/wp-json\/wp\/v2\/pages\/124038","targetHints":{"allow":["GET"]}}],"collection":[{"href":"https:\/\/acninternational.org\/pt-pt\/wp-json\/wp\/v2\/pages"}],"about":[{"href":"https:\/\/acninternational.org\/pt-pt\/wp-json\/wp\/v2\/types\/page"}],"author":[{"embeddable":true,"href":"https:\/\/acninternational.org\/pt-pt\/wp-json\/wp\/v2\/users\/1"}],"replies":[{"embeddable":true,"href":"https:\/\/acninternational.org\/pt-pt\/wp-json\/wp\/v2\/comments?post=124038"}],"version-history":[{"count":0,"href":"https:\/\/acninternational.org\/pt-pt\/wp-json\/wp\/v2\/pages\/124038\/revisions"}],"wp:featuredmedia":[{"embeddable":true,"href":"https:\/\/acninternational.org\/pt-pt\/wp-json\/wp\/v2\/media\/136035"}],"wp:attachment":[{"href":"https:\/\/acninternational.org\/pt-pt\/wp-json\/wp\/v2\/media?parent=124038"}],"curies":[{"name":"wp","href":"https:\/\/api.w.org\/{rel}","templated":true}]}}