{"id":124006,"date":"2019-10-14T15:30:45","date_gmt":"2019-10-14T13:30:45","guid":{"rendered":"https:\/\/acninternational.org\/acn-relatorio-de-atividades\/"},"modified":"2020-02-21T11:51:47","modified_gmt":"2020-02-21T10:51:47","slug":"acn-relatorio-de-atividades","status":"publish","type":"page","link":"https:\/\/acninternational.org\/pt-pt\/acn-relatorio-de-atividades\/","title":{"rendered":"ACN Relat\u00f3rio de atividades"},"content":{"rendered":"<h1>\u00bb Amor ao pr\u00f3ximo com efici\u00eancia e transpar\u00eancia.\u00ab<\/h1>\n<p>Regina Lynch, Diretora de Projetos<\/p>\n<p>Existem numerosas Obras de aux\u00edlio que se dedicam a apoiar aqueles que sofrem. O que distingue a ACN dessas organiza\u00e7\u00f5es? Somos a \u00fanica organiza\u00e7\u00e3o<br \/>\ncat\u00f3lica internacional que se concentra no apoio pastoral e espiritual de crist\u00e3os perseguidos e sofredores.<img loading=\"lazy\" decoding=\"async\" src=\"https:\/\/media.acninternational.org\/wp-content\/uploads\/2019\/10\/acn-20141128-16766_v1-purpur_web-661.jpg\" alt=\"\" width=\"661\" height=\"380\" \/><br \/>\nSeguindo a nossa inclus\u00e3o sob a \u00e9gide do Vaticano, o nosso secretariado-geral na Alemanha e os nossos 23 departamentos nacionais, conseguimos construir uma rede \u00fanica entre os benfeitores e a Igreja que sofre.<\/p>\n<blockquote class=\"wp-block-quote blockquote ps-3 py-2\"><p>\u00bbAnalisamos anualmente mais de 7.500 pedidos de aux\u00edlio para projetos em 139 pa\u00edses.\u00ab<\/p><\/blockquote>\n<p>Gra\u00e7as \u00e0 sua organiza\u00e7\u00e3o global, a ACN consegue identificar rapidamente as necessidades e reagir de imediato a projetos de aux\u00edlio. Isto \u00e9 poss\u00edvel devido a um enquadramento eficiente que reduz a um m\u00ednimo a burocracia para o exame minucioso e a aprova\u00e7\u00e3o de projetos destinados aos nossos parceiros de projeto.<\/p>\n<p>O nosso secretariado-geral central apoia a angaria\u00e7\u00e3o de fundos dos departamentos nacionais e examina anualmente cerca de 7.500 pedidos de ajuda provenientes de todo o mundo, que s\u00e3o verificados e aprovados ou tamb\u00e9m recusados pelos \u00f3rg\u00e3os de decis\u00e3o. Atrav\u00e9s da nossa central, mantemo-nos em contato com parceiros de projetos em 139 pa\u00edses e cuidamos da aplica\u00e7\u00e3o adequada dos donativos.<img loading=\"lazy\" decoding=\"async\" src=\"https:\/\/media.acninternational.org\/wp-content\/uploads\/2019\/10\/acn-20180913-76565_web-661.jpg\" alt=\"\" width=\"661\" height=\"380\" \/><br \/>\nAtrav\u00e9s dos nossos departamentos nacionais, mantemo-nos em estreito contato com os nossos benfeitores. Os nossos secretariados, gra\u00e7as ao seu trabalho de rela\u00e7\u00f5es p\u00fablicas, garantem uma elevada transpar\u00eancia quanto ao destino dos donativos e a utiliza\u00e7\u00e3o dos fundos no local, al\u00e9m de servirem de ponte entre parceiros de projetos e benfeitores.<\/p>\n<p>Al\u00e9m disso, submetemo-nos ao exame anual das nossas receitas e gastos atrav\u00e9s de auditores, pois a confian\u00e7a dos nossos benfeitores \u00e9 a base do nosso \u00eaxito.<\/p>\n<p><img loading=\"lazy\" decoding=\"async\" src=\"https:\/\/media.acninternational.org\/wp-content\/uploads\/2019\/10\/activity-report-book1.jpg\" alt=\"\" width=\"900\" height=\"463\" \/><br \/>\nThe annual ACN Activity Report provides a concise and vivid overview of the focus of our work, the regional characteristics of the projects we support, and the use of funds.<\/p>\n<p><a href=\"https:\/\/reports.acninternational.org\/\" target=\"_blank\" rel=\"noopener noreferrer\">https:\/\/reports.acninternational.org\/<\/a> provides a quick and concise overview &#8211; the complete version of the current ACN Activity Report can be downloaded here as a pdf file.<\/p>\n<div class=\"sidebar_links acn_links\"><ul><li><a href=\"https:\/\/acninternational.org\/pt-pt\/obras\/relatorio-sobre-liberdade-religiosa\/\">Relat\u00f3rio sobre Liberdade Religiosa<\/a><\/li><li><a href=\"https:\/\/acninternational.org\/pt-pt\/obras\/perseguidos-e-esquecidos\/\">Perseguidos e Esquecidos?<\/a><\/li><\/ul><\/div>\n<p>Download the Activity Report:<\/p>\n","protected":false},"excerpt":{"rendered":"<p>\u00bb Amor ao pr\u00f3ximo com efici\u00eancia e transpar\u00eancia.\u00ab Regina Lynch, Diretora de Projetos Existem numerosas Obras de aux\u00edlio que se dedicam a apoiar aqueles que sofrem. O que distingue a ACN dessas organiza\u00e7\u00f5es? Somos a \u00fanica organiza\u00e7\u00e3o cat\u00f3lica internacional que se concentra no apoio pastoral e espiritual de crist\u00e3os perseguidos e sofredores. Seguindo a nossa [&hellip;]<\/p>\n","protected":false},"author":1,"featured_media":131068,"parent":0,"menu_order":0,"comment_status":"closed","ping_status":"closed","template":"","meta":{"_acf_changed":false,"footnotes":""},"class_list":["post-124006","page","type-page","status-publish","has-post-thumbnail","hentry"],"acf":[],"yoast_head":"<!-- This site is optimized with the Yoast SEO Premium plugin v27.5 (Yoast SEO v27.5) - https:\/\/yoast.com\/product\/yoast-seo-premium-wordpress\/ -->\n<title>ACN Relat\u00f3rio de atividades | ACN International<\/title>\n<meta name=\"robots\" content=\"index, follow, max-snippet:-1, max-image-preview:large, max-video-preview:-1\" \/>\n<link rel=\"canonical\" href=\"https:\/\/acninternational.org\/pt-pt\/acn-relatorio-de-atividades\/\" \/>\n<meta property=\"og:locale\" content=\"pt_PT\" \/>\n<meta property=\"og:type\" content=\"article\" \/>\n<meta property=\"og:title\" content=\"ACN Relat\u00f3rio de atividades\" \/>\n<meta property=\"og:description\" content=\"\u00bb Amor ao pr\u00f3ximo com efici\u00eancia e transpar\u00eancia.\u00ab Regina Lynch, Diretora de Projetos Existem numerosas Obras de aux\u00edlio que se dedicam a apoiar aqueles que sofrem. O que distingue a ACN dessas organiza\u00e7\u00f5es? Somos a \u00fanica organiza\u00e7\u00e3o cat\u00f3lica internacional que se concentra no apoio pastoral e espiritual de crist\u00e3os perseguidos e sofredores. Seguindo a nossa [&hellip;]\" \/>\n<meta property=\"og:url\" content=\"https:\/\/acninternational.org\/pt-pt\/acn-relatorio-de-atividades\/\" \/>\n<meta property=\"og:site_name\" content=\"ACN International\" \/>\n<meta property=\"article:publisher\" content=\"https:\/\/www.facebook.com\/acninternationalorg\" \/>\n<meta property=\"article:modified_time\" content=\"2020-02-21T10:51:47+00:00\" \/>\n<meta property=\"og:image\" content=\"https:\/\/media.acninternational.org\/wp-content\/uploads\/2020\/02\/11.jpg\" \/>\n\t<meta property=\"og:image:width\" content=\"2000\" \/>\n\t<meta property=\"og:image:height\" content=\"625\" \/>\n\t<meta property=\"og:image:type\" content=\"image\/jpeg\" \/>\n<meta name=\"twitter:card\" content=\"summary_large_image\" \/>\n<meta name=\"twitter:site\" content=\"@acn_int\" \/>\n<meta name=\"twitter:label1\" content=\"Tempo estimado de leitura\" \/>\n\t<meta name=\"twitter:data1\" content=\"2 minutos\" \/>\n<script type=\"application\/ld+json\" class=\"yoast-schema-graph\">{\"@context\":\"https:\\\/\\\/schema.org\",\"@graph\":[{\"@type\":\"WebPage\",\"@id\":\"https:\\\/\\\/acninternational.org\\\/pt-pt\\\/acn-relatorio-de-atividades\\\/\",\"url\":\"https:\\\/\\\/acninternational.org\\\/pt-pt\\\/acn-relatorio-de-atividades\\\/\",\"name\":\"ACN Relat\u00f3rio de atividades | ACN International\",\"isPartOf\":{\"@id\":\"https:\\\/\\\/acninternational.org\\\/pt-pt\\\/#website\"},\"primaryImageOfPage\":{\"@id\":\"https:\\\/\\\/acninternational.org\\\/pt-pt\\\/acn-relatorio-de-atividades\\\/#primaryimage\"},\"image\":{\"@id\":\"https:\\\/\\\/acninternational.org\\\/pt-pt\\\/acn-relatorio-de-atividades\\\/#primaryimage\"},\"thumbnailUrl\":\"https:\\\/\\\/media.acninternational.org\\\/wp-content\\\/uploads\\\/2020\\\/02\\\/11.jpg\",\"datePublished\":\"2019-10-14T13:30:45+00:00\",\"dateModified\":\"2020-02-21T10:51:47+00:00\",\"breadcrumb\":{\"@id\":\"https:\\\/\\\/acninternational.org\\\/pt-pt\\\/acn-relatorio-de-atividades\\\/#breadcrumb\"},\"inLanguage\":\"pt-PT\",\"potentialAction\":[{\"@type\":\"ReadAction\",\"target\":[\"https:\\\/\\\/acninternational.org\\\/pt-pt\\\/acn-relatorio-de-atividades\\\/\"]}]},{\"@type\":\"ImageObject\",\"inLanguage\":\"pt-PT\",\"@id\":\"https:\\\/\\\/acninternational.org\\\/pt-pt\\\/acn-relatorio-de-atividades\\\/#primaryimage\",\"url\":\"https:\\\/\\\/media.acninternational.org\\\/wp-content\\\/uploads\\\/2020\\\/02\\\/11.jpg\",\"contentUrl\":\"https:\\\/\\\/media.acninternational.org\\\/wp-content\\\/uploads\\\/2020\\\/02\\\/11.jpg\",\"width\":2000,\"height\":625},{\"@type\":\"BreadcrumbList\",\"@id\":\"https:\\\/\\\/acninternational.org\\\/pt-pt\\\/acn-relatorio-de-atividades\\\/#breadcrumb\",\"itemListElement\":[{\"@type\":\"ListItem\",\"position\":1,\"name\":\"Home\",\"item\":\"https:\\\/\\\/acninternational.org\\\/pt-pt\\\/\"},{\"@type\":\"ListItem\",\"position\":2,\"name\":\"ACN Relat\u00f3rio de atividades\"}]},{\"@type\":\"WebSite\",\"@id\":\"https:\\\/\\\/acninternational.org\\\/pt-pt\\\/#website\",\"url\":\"https:\\\/\\\/acninternational.org\\\/pt-pt\\\/\",\"name\":\"ACN International\",\"description\":\"\",\"publisher\":{\"@id\":\"https:\\\/\\\/acninternational.org\\\/pt-pt\\\/#organization\"},\"potentialAction\":[{\"@type\":\"SearchAction\",\"target\":{\"@type\":\"EntryPoint\",\"urlTemplate\":\"https:\\\/\\\/acninternational.org\\\/pt-pt\\\/?s={search_term_string}\"},\"query-input\":{\"@type\":\"PropertyValueSpecification\",\"valueRequired\":true,\"valueName\":\"search_term_string\"}}],\"inLanguage\":\"pt-PT\"},{\"@type\":\"Organization\",\"@id\":\"https:\\\/\\\/acninternational.org\\\/pt-pt\\\/#organization\",\"name\":\"Aid to the Church in Need International\",\"url\":\"https:\\\/\\\/acninternational.org\\\/pt-pt\\\/\",\"logo\":{\"@type\":\"ImageObject\",\"inLanguage\":\"pt-PT\",\"@id\":\"https:\\\/\\\/acninternational.org\\\/pt-pt\\\/#\\\/schema\\\/logo\\\/image\\\/\",\"url\":\"https:\\\/\\\/media.acninternational.org\\\/wp-content\\\/uploads\\\/2019\\\/11\\\/acn_logo_blackvector.svg\",\"contentUrl\":\"https:\\\/\\\/media.acninternational.org\\\/wp-content\\\/uploads\\\/2019\\\/11\\\/acn_logo_blackvector.svg\",\"width\":232.6,\"height\":78,\"caption\":\"Aid to the Church in Need International\"},\"image\":{\"@id\":\"https:\\\/\\\/acninternational.org\\\/pt-pt\\\/#\\\/schema\\\/logo\\\/image\\\/\"},\"sameAs\":[\"https:\\\/\\\/www.facebook.com\\\/acninternationalorg\",\"https:\\\/\\\/x.com\\\/acn_int\",\"https:\\\/\\\/www.youtube.com\\\/channel\\\/UCQ-077gS0TnVzkhHmf1opZw\",\"https:\\\/\\\/www.instagram.com\\\/acn_international\\\/\"]}]}<\/script>\n<!-- \/ Yoast SEO Premium plugin. -->","yoast_head_json":{"title":"ACN Relat\u00f3rio de atividades | ACN International","robots":{"index":"index","follow":"follow","max-snippet":"max-snippet:-1","max-image-preview":"max-image-preview:large","max-video-preview":"max-video-preview:-1"},"canonical":"https:\/\/acninternational.org\/pt-pt\/acn-relatorio-de-atividades\/","og_locale":"pt_PT","og_type":"article","og_title":"ACN Relat\u00f3rio de atividades","og_description":"\u00bb Amor ao pr\u00f3ximo com efici\u00eancia e transpar\u00eancia.\u00ab Regina Lynch, Diretora de Projetos Existem numerosas Obras de aux\u00edlio que se dedicam a apoiar aqueles que sofrem. O que distingue a ACN dessas organiza\u00e7\u00f5es? Somos a \u00fanica organiza\u00e7\u00e3o cat\u00f3lica internacional que se concentra no apoio pastoral e espiritual de crist\u00e3os perseguidos e sofredores. Seguindo a nossa [&hellip;]","og_url":"https:\/\/acninternational.org\/pt-pt\/acn-relatorio-de-atividades\/","og_site_name":"ACN International","article_publisher":"https:\/\/www.facebook.com\/acninternationalorg","article_modified_time":"2020-02-21T10:51:47+00:00","og_image":[{"width":2000,"height":625,"url":"https:\/\/media.acninternational.org\/wp-content\/uploads\/2020\/02\/11.jpg","type":"image\/jpeg"}],"twitter_card":"summary_large_image","twitter_site":"@acn_int","twitter_misc":{"Tempo estimado de leitura":"2 minutos"},"schema":{"@context":"https:\/\/schema.org","@graph":[{"@type":"WebPage","@id":"https:\/\/acninternational.org\/pt-pt\/acn-relatorio-de-atividades\/","url":"https:\/\/acninternational.org\/pt-pt\/acn-relatorio-de-atividades\/","name":"ACN Relat\u00f3rio de atividades | ACN International","isPartOf":{"@id":"https:\/\/acninternational.org\/pt-pt\/#website"},"primaryImageOfPage":{"@id":"https:\/\/acninternational.org\/pt-pt\/acn-relatorio-de-atividades\/#primaryimage"},"image":{"@id":"https:\/\/acninternational.org\/pt-pt\/acn-relatorio-de-atividades\/#primaryimage"},"thumbnailUrl":"https:\/\/media.acninternational.org\/wp-content\/uploads\/2020\/02\/11.jpg","datePublished":"2019-10-14T13:30:45+00:00","dateModified":"2020-02-21T10:51:47+00:00","breadcrumb":{"@id":"https:\/\/acninternational.org\/pt-pt\/acn-relatorio-de-atividades\/#breadcrumb"},"inLanguage":"pt-PT","potentialAction":[{"@type":"ReadAction","target":["https:\/\/acninternational.org\/pt-pt\/acn-relatorio-de-atividades\/"]}]},{"@type":"ImageObject","inLanguage":"pt-PT","@id":"https:\/\/acninternational.org\/pt-pt\/acn-relatorio-de-atividades\/#primaryimage","url":"https:\/\/media.acninternational.org\/wp-content\/uploads\/2020\/02\/11.jpg","contentUrl":"https:\/\/media.acninternational.org\/wp-content\/uploads\/2020\/02\/11.jpg","width":2000,"height":625},{"@type":"BreadcrumbList","@id":"https:\/\/acninternational.org\/pt-pt\/acn-relatorio-de-atividades\/#breadcrumb","itemListElement":[{"@type":"ListItem","position":1,"name":"Home","item":"https:\/\/acninternational.org\/pt-pt\/"},{"@type":"ListItem","position":2,"name":"ACN Relat\u00f3rio de atividades"}]},{"@type":"WebSite","@id":"https:\/\/acninternational.org\/pt-pt\/#website","url":"https:\/\/acninternational.org\/pt-pt\/","name":"ACN International","description":"","publisher":{"@id":"https:\/\/acninternational.org\/pt-pt\/#organization"},"potentialAction":[{"@type":"SearchAction","target":{"@type":"EntryPoint","urlTemplate":"https:\/\/acninternational.org\/pt-pt\/?s={search_term_string}"},"query-input":{"@type":"PropertyValueSpecification","valueRequired":true,"valueName":"search_term_string"}}],"inLanguage":"pt-PT"},{"@type":"Organization","@id":"https:\/\/acninternational.org\/pt-pt\/#organization","name":"Aid to the Church in Need International","url":"https:\/\/acninternational.org\/pt-pt\/","logo":{"@type":"ImageObject","inLanguage":"pt-PT","@id":"https:\/\/acninternational.org\/pt-pt\/#\/schema\/logo\/image\/","url":"https:\/\/media.acninternational.org\/wp-content\/uploads\/2019\/11\/acn_logo_blackvector.svg","contentUrl":"https:\/\/media.acninternational.org\/wp-content\/uploads\/2019\/11\/acn_logo_blackvector.svg","width":232.6,"height":78,"caption":"Aid to the Church in Need International"},"image":{"@id":"https:\/\/acninternational.org\/pt-pt\/#\/schema\/logo\/image\/"},"sameAs":["https:\/\/www.facebook.com\/acninternationalorg","https:\/\/x.com\/acn_int","https:\/\/www.youtube.com\/channel\/UCQ-077gS0TnVzkhHmf1opZw","https:\/\/www.instagram.com\/acn_international\/"]}]}},"_links":{"self":[{"href":"https:\/\/acninternational.org\/pt-pt\/wp-json\/wp\/v2\/pages\/124006","targetHints":{"allow":["GET"]}}],"collection":[{"href":"https:\/\/acninternational.org\/pt-pt\/wp-json\/wp\/v2\/pages"}],"about":[{"href":"https:\/\/acninternational.org\/pt-pt\/wp-json\/wp\/v2\/types\/page"}],"author":[{"embeddable":true,"href":"https:\/\/acninternational.org\/pt-pt\/wp-json\/wp\/v2\/users\/1"}],"replies":[{"embeddable":true,"href":"https:\/\/acninternational.org\/pt-pt\/wp-json\/wp\/v2\/comments?post=124006"}],"version-history":[{"count":0,"href":"https:\/\/acninternational.org\/pt-pt\/wp-json\/wp\/v2\/pages\/124006\/revisions"}],"wp:featuredmedia":[{"embeddable":true,"href":"https:\/\/acninternational.org\/pt-pt\/wp-json\/wp\/v2\/media\/131068"}],"wp:attachment":[{"href":"https:\/\/acninternational.org\/pt-pt\/wp-json\/wp\/v2\/media?parent=124006"}],"curies":[{"name":"wp","href":"https:\/\/api.w.org\/{rel}","templated":true}]}}