{"id":123309,"date":"2019-10-29T14:46:33","date_gmt":"2019-10-29T13:46:33","guid":{"rendered":"https:\/\/acninternational.org\/orientacoes-para-subvencoes\/como-candidatar-se\/compra-de-viaturas\/"},"modified":"2022-06-18T09:46:25","modified_gmt":"2022-06-18T07:46:25","slug":"meios-de-transporte","status":"publish","type":"page","link":"https:\/\/acninternational.org\/pt-pt\/solicitar-ajuda\/candidatura\/meios-de-transporte\/","title":{"rendered":"Compra de viaturas"},"content":{"rendered":"<p><strong>Princ\u00edpios orientativos<\/strong><\/p>\n<p>Os donativos para a compra de uma viatura ou de outro meio de transporte n\u00e3o se destinam a ser um donativo para o destinat\u00e1rio individual, mas sim para as par\u00f3quias, a diocese ou a congrega\u00e7\u00e3o religiosa que vai ser servida pela viatura.<\/p>\n<p>Sempre que seja vi\u00e1vel, a ACN prefere a compra de produtos locais, na esperan\u00e7a de que ser\u00e1 mais f\u00e1cil encontrar assim pe\u00e7as de substitui\u00e7\u00e3o e que os custos de repara\u00e7\u00e3o sejam menos dispendiosos. (Como excep\u00e7\u00e3o, nos pa\u00edses africanos onde \u00e9 mais barato e mais pr\u00e1tico importar do estrangeiro al\u00e9m-mar, cooperamos com ag\u00eancias de aquisi\u00e7\u00f5es. Mas o candidato tem de (ter capacidade) para cobrir os direitos de importa\u00e7\u00e3o\/aduaneiros e outros custos locais.)<\/p>\n<p>A ACN trata das doa\u00e7\u00f5es de viaturas como uma forma de apoiar o trabalho\u00a0<b>pastoral<\/b>\u00a0da Igreja. Isto significa que a viatura tem de ser adequada para a fun\u00e7\u00e3o (clima local e condi\u00e7\u00f5es das estradas!). Ao mesmo tempo, o modelo e a marca pretendidos da viatura dever\u00e3o coadunar-se com a mod\u00e9stia que se espera da Igreja e o respeito pela sua credibilidade institucional.<\/p>\n<p>Esperamos um contributo da Igreja local de acordo com as possibilidades da comunidade.<\/p>\n<p>\u00c9 necess\u00e1rio ter o aval por escrito do ordin\u00e1rio local ou do superior religioso. O pedido tem de ser uma prioridade pastoral da diocese (congrega\u00e7\u00e3o religiosa).<\/p>\n<p>O candidato tem de justificar a urg\u00eancia do pedido com uma descri\u00e7\u00e3o pormenorizada da situa\u00e7\u00e3o\u00a0<b>pastoral<\/b>\u00a0no local. Al\u00e9m disso, esperamos informa\u00e7\u00e3o sobre o n\u00famero, dimens\u00e3o e actividades das par\u00f3quias que s\u00e3o servidas, as dist\u00e2ncias a ser percorridas entre elas e qual a vantagem\u00a0<b>pastoral<\/b>\u00a0que uma (nova) viatura poder\u00e1 trazer.<\/p>\n<div class=\"page\">\n<div id=\"main\">\n<div id=\"col3\">\n<div id=\"col3_content\" class=\"clearfix\">\n<div id=\"bodyText\">\n<p>Note, por favor, que consideramos apenas candidaturas completas que consistem no seu pedido escrito do projecto, o Formul\u00e1rio (ou equivalente) de\u00a0<a class=\"download\" href=\"http:\/\/acninternational.org\/wp-content\/uploads\/2017\/06\/VAF-POR.pdf\" target=\"_blank\" rel=\"noopener noreferrer\">candidatura \u00e0 viatura\u00a0<\/a>e o aval do seu bispo.<\/p>\n<\/div>\n<\/div>\n<\/div>\n<\/div>\n<\/div>\n","protected":false},"excerpt":{"rendered":"<p>Princ\u00edpios orientativos Os donativos para a compra de uma viatura ou de outro meio de transporte n\u00e3o se destinam a ser um donativo para o destinat\u00e1rio individual, mas sim para as par\u00f3quias, a diocese ou a congrega\u00e7\u00e3o religiosa que vai ser servida pela viatura. Sempre que seja vi\u00e1vel, a ACN prefere a compra de produtos [&hellip;]<\/p>\n","protected":false},"author":1,"featured_media":123304,"parent":123256,"menu_order":0,"comment_status":"closed","ping_status":"closed","template":"","meta":{"_acf_changed":false,"footnotes":""},"class_list":["post-123309","page","type-page","status-publish","has-post-thumbnail","hentry","page-category-how-to-apply-subpages-pt-pt"],"acf":[],"yoast_head":"<!-- This site is optimized with the Yoast SEO Premium plugin v27.3 (Yoast SEO v27.3) - https:\/\/yoast.com\/product\/yoast-seo-premium-wordpress\/ -->\n<title>Compra de viaturas | ACN International<\/title>\n<meta name=\"robots\" content=\"index, follow, max-snippet:-1, max-image-preview:large, max-video-preview:-1\" \/>\n<link rel=\"canonical\" href=\"https:\/\/acninternational.org\/pt-pt\/solicitar-ajuda\/candidatura\/meios-de-transporte\/\" \/>\n<meta property=\"og:locale\" content=\"pt_PT\" \/>\n<meta property=\"og:type\" content=\"article\" \/>\n<meta property=\"og:title\" content=\"Compra de viaturas\" \/>\n<meta property=\"og:description\" content=\"Princ\u00edpios orientativos Os donativos para a compra de uma viatura ou de outro meio de transporte n\u00e3o se destinam a ser um donativo para o destinat\u00e1rio individual, mas sim para as par\u00f3quias, a diocese ou a congrega\u00e7\u00e3o religiosa que vai ser servida pela viatura. Sempre que seja vi\u00e1vel, a ACN prefere a compra de produtos [&hellip;]\" \/>\n<meta property=\"og:url\" content=\"https:\/\/acninternational.org\/pt-pt\/solicitar-ajuda\/candidatura\/meios-de-transporte\/\" \/>\n<meta property=\"og:site_name\" content=\"ACN International\" \/>\n<meta property=\"article:publisher\" content=\"https:\/\/www.facebook.com\/acninternationalorg\" \/>\n<meta property=\"article:modified_time\" content=\"2022-06-18T07:46:25+00:00\" \/>\n<meta property=\"og:image\" content=\"https:\/\/media.acninternational.org\/wp-content\/uploads\/2019\/10\/acn-20190514-87726_web-2000.jpg\" \/>\n\t<meta property=\"og:image:width\" content=\"2000\" \/>\n\t<meta property=\"og:image:height\" content=\"625\" \/>\n\t<meta property=\"og:image:type\" content=\"image\/jpeg\" \/>\n<meta name=\"twitter:card\" content=\"summary_large_image\" \/>\n<meta name=\"twitter:site\" content=\"@acn_int\" \/>\n<meta name=\"twitter:label1\" content=\"Tempo estimado de leitura\" \/>\n\t<meta name=\"twitter:data1\" content=\"2 minutos\" \/>\n<script type=\"application\/ld+json\" class=\"yoast-schema-graph\">{\"@context\":\"https:\\\/\\\/schema.org\",\"@graph\":[{\"@type\":\"WebPage\",\"@id\":\"https:\\\/\\\/acninternational.org\\\/pt-pt\\\/solicitar-ajuda\\\/candidatura\\\/meios-de-transporte\\\/\",\"url\":\"https:\\\/\\\/acninternational.org\\\/pt-pt\\\/solicitar-ajuda\\\/candidatura\\\/meios-de-transporte\\\/\",\"name\":\"Compra de viaturas | ACN International\",\"isPartOf\":{\"@id\":\"https:\\\/\\\/acninternational.org\\\/pt-pt\\\/#website\"},\"primaryImageOfPage\":{\"@id\":\"https:\\\/\\\/acninternational.org\\\/pt-pt\\\/solicitar-ajuda\\\/candidatura\\\/meios-de-transporte\\\/#primaryimage\"},\"image\":{\"@id\":\"https:\\\/\\\/acninternational.org\\\/pt-pt\\\/solicitar-ajuda\\\/candidatura\\\/meios-de-transporte\\\/#primaryimage\"},\"thumbnailUrl\":\"https:\\\/\\\/media.acninternational.org\\\/wp-content\\\/uploads\\\/2019\\\/10\\\/acn-20190514-87726_web-2000.jpg\",\"datePublished\":\"2019-10-29T13:46:33+00:00\",\"dateModified\":\"2022-06-18T07:46:25+00:00\",\"breadcrumb\":{\"@id\":\"https:\\\/\\\/acninternational.org\\\/pt-pt\\\/solicitar-ajuda\\\/candidatura\\\/meios-de-transporte\\\/#breadcrumb\"},\"inLanguage\":\"pt-PT\",\"potentialAction\":[{\"@type\":\"ReadAction\",\"target\":[\"https:\\\/\\\/acninternational.org\\\/pt-pt\\\/solicitar-ajuda\\\/candidatura\\\/meios-de-transporte\\\/\"]}]},{\"@type\":\"ImageObject\",\"inLanguage\":\"pt-PT\",\"@id\":\"https:\\\/\\\/acninternational.org\\\/pt-pt\\\/solicitar-ajuda\\\/candidatura\\\/meios-de-transporte\\\/#primaryimage\",\"url\":\"https:\\\/\\\/media.acninternational.org\\\/wp-content\\\/uploads\\\/2019\\\/10\\\/acn-20190514-87726_web-2000.jpg\",\"contentUrl\":\"https:\\\/\\\/media.acninternational.org\\\/wp-content\\\/uploads\\\/2019\\\/10\\\/acn-20190514-87726_web-2000.jpg\",\"width\":2000,\"height\":625,\"caption\":\"Special Case Vehicle Purchase Aid\"},{\"@type\":\"BreadcrumbList\",\"@id\":\"https:\\\/\\\/acninternational.org\\\/pt-pt\\\/solicitar-ajuda\\\/candidatura\\\/meios-de-transporte\\\/#breadcrumb\",\"itemListElement\":[{\"@type\":\"ListItem\",\"position\":1,\"name\":\"Home\",\"item\":\"https:\\\/\\\/acninternational.org\\\/pt-pt\\\/\"},{\"@type\":\"ListItem\",\"position\":2,\"name\":\"Solicitar Ajuda\",\"item\":\"https:\\\/\\\/acninternational.org\\\/pt-pt\\\/solicitar-ajuda\\\/\"},{\"@type\":\"ListItem\",\"position\":3,\"name\":\"Como candidatar-se\",\"item\":\"https:\\\/\\\/acninternational.org\\\/pt-pt\\\/solicitar-ajuda\\\/candidatura\\\/\"},{\"@type\":\"ListItem\",\"position\":4,\"name\":\"Compra de viaturas\"}]},{\"@type\":\"WebSite\",\"@id\":\"https:\\\/\\\/acninternational.org\\\/pt-pt\\\/#website\",\"url\":\"https:\\\/\\\/acninternational.org\\\/pt-pt\\\/\",\"name\":\"ACN International\",\"description\":\"\",\"publisher\":{\"@id\":\"https:\\\/\\\/acninternational.org\\\/pt-pt\\\/#organization\"},\"potentialAction\":[{\"@type\":\"SearchAction\",\"target\":{\"@type\":\"EntryPoint\",\"urlTemplate\":\"https:\\\/\\\/acninternational.org\\\/pt-pt\\\/?s={search_term_string}\"},\"query-input\":{\"@type\":\"PropertyValueSpecification\",\"valueRequired\":true,\"valueName\":\"search_term_string\"}}],\"inLanguage\":\"pt-PT\"},{\"@type\":\"Organization\",\"@id\":\"https:\\\/\\\/acninternational.org\\\/pt-pt\\\/#organization\",\"name\":\"Aid to the Church in Need International\",\"url\":\"https:\\\/\\\/acninternational.org\\\/pt-pt\\\/\",\"logo\":{\"@type\":\"ImageObject\",\"inLanguage\":\"pt-PT\",\"@id\":\"https:\\\/\\\/acninternational.org\\\/pt-pt\\\/#\\\/schema\\\/logo\\\/image\\\/\",\"url\":\"https:\\\/\\\/media.acninternational.org\\\/wp-content\\\/uploads\\\/2019\\\/11\\\/acn_logo_blackvector.svg\",\"contentUrl\":\"https:\\\/\\\/media.acninternational.org\\\/wp-content\\\/uploads\\\/2019\\\/11\\\/acn_logo_blackvector.svg\",\"width\":232.6,\"height\":78,\"caption\":\"Aid to the Church in Need International\"},\"image\":{\"@id\":\"https:\\\/\\\/acninternational.org\\\/pt-pt\\\/#\\\/schema\\\/logo\\\/image\\\/\"},\"sameAs\":[\"https:\\\/\\\/www.facebook.com\\\/acninternationalorg\",\"https:\\\/\\\/x.com\\\/acn_int\",\"https:\\\/\\\/www.youtube.com\\\/channel\\\/UCQ-077gS0TnVzkhHmf1opZw\",\"https:\\\/\\\/www.instagram.com\\\/acn_international\\\/\"]}]}<\/script>\n<!-- \/ Yoast SEO Premium plugin. -->","yoast_head_json":{"title":"Compra de viaturas | ACN International","robots":{"index":"index","follow":"follow","max-snippet":"max-snippet:-1","max-image-preview":"max-image-preview:large","max-video-preview":"max-video-preview:-1"},"canonical":"https:\/\/acninternational.org\/pt-pt\/solicitar-ajuda\/candidatura\/meios-de-transporte\/","og_locale":"pt_PT","og_type":"article","og_title":"Compra de viaturas","og_description":"Princ\u00edpios orientativos Os donativos para a compra de uma viatura ou de outro meio de transporte n\u00e3o se destinam a ser um donativo para o destinat\u00e1rio individual, mas sim para as par\u00f3quias, a diocese ou a congrega\u00e7\u00e3o religiosa que vai ser servida pela viatura. Sempre que seja vi\u00e1vel, a ACN prefere a compra de produtos [&hellip;]","og_url":"https:\/\/acninternational.org\/pt-pt\/solicitar-ajuda\/candidatura\/meios-de-transporte\/","og_site_name":"ACN International","article_publisher":"https:\/\/www.facebook.com\/acninternationalorg","article_modified_time":"2022-06-18T07:46:25+00:00","og_image":[{"width":2000,"height":625,"url":"https:\/\/media.acninternational.org\/wp-content\/uploads\/2019\/10\/acn-20190514-87726_web-2000.jpg","type":"image\/jpeg"}],"twitter_card":"summary_large_image","twitter_site":"@acn_int","twitter_misc":{"Tempo estimado de leitura":"2 minutos"},"schema":{"@context":"https:\/\/schema.org","@graph":[{"@type":"WebPage","@id":"https:\/\/acninternational.org\/pt-pt\/solicitar-ajuda\/candidatura\/meios-de-transporte\/","url":"https:\/\/acninternational.org\/pt-pt\/solicitar-ajuda\/candidatura\/meios-de-transporte\/","name":"Compra de viaturas | ACN International","isPartOf":{"@id":"https:\/\/acninternational.org\/pt-pt\/#website"},"primaryImageOfPage":{"@id":"https:\/\/acninternational.org\/pt-pt\/solicitar-ajuda\/candidatura\/meios-de-transporte\/#primaryimage"},"image":{"@id":"https:\/\/acninternational.org\/pt-pt\/solicitar-ajuda\/candidatura\/meios-de-transporte\/#primaryimage"},"thumbnailUrl":"https:\/\/media.acninternational.org\/wp-content\/uploads\/2019\/10\/acn-20190514-87726_web-2000.jpg","datePublished":"2019-10-29T13:46:33+00:00","dateModified":"2022-06-18T07:46:25+00:00","breadcrumb":{"@id":"https:\/\/acninternational.org\/pt-pt\/solicitar-ajuda\/candidatura\/meios-de-transporte\/#breadcrumb"},"inLanguage":"pt-PT","potentialAction":[{"@type":"ReadAction","target":["https:\/\/acninternational.org\/pt-pt\/solicitar-ajuda\/candidatura\/meios-de-transporte\/"]}]},{"@type":"ImageObject","inLanguage":"pt-PT","@id":"https:\/\/acninternational.org\/pt-pt\/solicitar-ajuda\/candidatura\/meios-de-transporte\/#primaryimage","url":"https:\/\/media.acninternational.org\/wp-content\/uploads\/2019\/10\/acn-20190514-87726_web-2000.jpg","contentUrl":"https:\/\/media.acninternational.org\/wp-content\/uploads\/2019\/10\/acn-20190514-87726_web-2000.jpg","width":2000,"height":625,"caption":"Special Case Vehicle Purchase Aid"},{"@type":"BreadcrumbList","@id":"https:\/\/acninternational.org\/pt-pt\/solicitar-ajuda\/candidatura\/meios-de-transporte\/#breadcrumb","itemListElement":[{"@type":"ListItem","position":1,"name":"Home","item":"https:\/\/acninternational.org\/pt-pt\/"},{"@type":"ListItem","position":2,"name":"Solicitar Ajuda","item":"https:\/\/acninternational.org\/pt-pt\/solicitar-ajuda\/"},{"@type":"ListItem","position":3,"name":"Como candidatar-se","item":"https:\/\/acninternational.org\/pt-pt\/solicitar-ajuda\/candidatura\/"},{"@type":"ListItem","position":4,"name":"Compra de viaturas"}]},{"@type":"WebSite","@id":"https:\/\/acninternational.org\/pt-pt\/#website","url":"https:\/\/acninternational.org\/pt-pt\/","name":"ACN International","description":"","publisher":{"@id":"https:\/\/acninternational.org\/pt-pt\/#organization"},"potentialAction":[{"@type":"SearchAction","target":{"@type":"EntryPoint","urlTemplate":"https:\/\/acninternational.org\/pt-pt\/?s={search_term_string}"},"query-input":{"@type":"PropertyValueSpecification","valueRequired":true,"valueName":"search_term_string"}}],"inLanguage":"pt-PT"},{"@type":"Organization","@id":"https:\/\/acninternational.org\/pt-pt\/#organization","name":"Aid to the Church in Need International","url":"https:\/\/acninternational.org\/pt-pt\/","logo":{"@type":"ImageObject","inLanguage":"pt-PT","@id":"https:\/\/acninternational.org\/pt-pt\/#\/schema\/logo\/image\/","url":"https:\/\/media.acninternational.org\/wp-content\/uploads\/2019\/11\/acn_logo_blackvector.svg","contentUrl":"https:\/\/media.acninternational.org\/wp-content\/uploads\/2019\/11\/acn_logo_blackvector.svg","width":232.6,"height":78,"caption":"Aid to the Church in Need International"},"image":{"@id":"https:\/\/acninternational.org\/pt-pt\/#\/schema\/logo\/image\/"},"sameAs":["https:\/\/www.facebook.com\/acninternationalorg","https:\/\/x.com\/acn_int","https:\/\/www.youtube.com\/channel\/UCQ-077gS0TnVzkhHmf1opZw","https:\/\/www.instagram.com\/acn_international\/"]}]}},"_links":{"self":[{"href":"https:\/\/acninternational.org\/pt-pt\/wp-json\/wp\/v2\/pages\/123309","targetHints":{"allow":["GET"]}}],"collection":[{"href":"https:\/\/acninternational.org\/pt-pt\/wp-json\/wp\/v2\/pages"}],"about":[{"href":"https:\/\/acninternational.org\/pt-pt\/wp-json\/wp\/v2\/types\/page"}],"author":[{"embeddable":true,"href":"https:\/\/acninternational.org\/pt-pt\/wp-json\/wp\/v2\/users\/1"}],"replies":[{"embeddable":true,"href":"https:\/\/acninternational.org\/pt-pt\/wp-json\/wp\/v2\/comments?post=123309"}],"version-history":[{"count":0,"href":"https:\/\/acninternational.org\/pt-pt\/wp-json\/wp\/v2\/pages\/123309\/revisions"}],"up":[{"embeddable":true,"href":"https:\/\/acninternational.org\/pt-pt\/wp-json\/wp\/v2\/pages\/123256"}],"wp:featuredmedia":[{"embeddable":true,"href":"https:\/\/acninternational.org\/pt-pt\/wp-json\/wp\/v2\/media\/123304"}],"wp:attachment":[{"href":"https:\/\/acninternational.org\/pt-pt\/wp-json\/wp\/v2\/media?parent=123309"}],"curies":[{"name":"wp","href":"https:\/\/api.w.org\/{rel}","templated":true}]}}