{"id":123306,"date":"2019-09-16T10:06:02","date_gmt":"2019-09-16T08:06:02","guid":{"rendered":"https:\/\/acninternational.org\/orientacoes-para-subvencoes\/como-candidatar-se\/intencoes-de-missa\/"},"modified":"2023-07-07T08:45:29","modified_gmt":"2023-07-07T06:45:29","slug":"intencoes-de-missa","status":"publish","type":"page","link":"https:\/\/acninternational.org\/pt-pt\/solicitar-ajuda\/intencoes-de-missa\/","title":{"rendered":"Inten\u00e7\u00f5es de missa"},"content":{"rendered":"<p>A pr\u00e1tica de fazer ofertas para Missas remonta aos prim\u00f3rdios da Igreja, quando os fi\u00e9is levavam p\u00e3o e vinho para a Missa, e outras oferendas para apoiar os sacerdotes e os pobres. Atualmente, uma oferta monet\u00e1ria para a Missa, denominada \u201cestip\u00eandio de Missa\u201d, \u00e9 uma forma de os fi\u00e9is inclu\u00edrem uma inten\u00e7\u00e3o particular na celebra\u00e7\u00e3o da Sagrada Eucaristia. Esta oferta une o doador intimamente com a vida e miss\u00e3o da Igreja \u2013 o Corpo de Cristo \u2013, visto que a oferta se torna uma forma de apoio material aos ministros da Igreja e \u00e0s suas atividades pastorais.<\/p>\n<p>A Santa Missa nunca deve ser uma ocasi\u00e3o para \u201ccomprar e vender\u201d ou \u201cganhar dinheiro\u201d, nem deve existir o menor ind\u00edcio de obten\u00e7\u00e3o de lucro com as Missas. A Santa Missa tem valor inestim\u00e1vel, \u00e9 o sacrif\u00edcio de Cristo para dar vida ao mundo e, desta forma, a Missa \u00e9 \u201cimpag\u00e1vel\u201d. A oferta dada para a celebra\u00e7\u00e3o de uma Missa \u00e9 uma express\u00e3o do desejo do doador, de partilhar mais intimamente nos frutos da Missa. O presente material, al\u00e9m de assegurar o sustento do sacerdote, tamb\u00e9m expressa a doa\u00e7\u00e3o do pr\u00f3prio doador a Deus.<\/p>\n<p>Na maioria dos pa\u00edses do mundo, os sacerdotes n\u00e3o recebem qualquer apoio financeiro regular, ou recebem apenas um diminuto apoio regular. A situa\u00e7\u00e3o econ\u00f3mica n\u00e3o permite aos fi\u00e9is suportarem financeiramente o seu sacerdote. Por este motivo, atrav\u00e9s dos ofert\u00f3rios das Missas a ACN pretende assegurar uma ajuda \u00e0 subsist\u00eancia b\u00e1sica aos sacerdotes de todo o mundo, permitindo-lhes desta forma a realiza\u00e7\u00e3o do seu servi\u00e7o pastoral.<\/p>\n<p><strong>Como apresentar um pedido de estip\u00eandios de Missa \u00e0 ACN<\/strong><\/p>\n<p>O pedido de \u201cestip\u00eandios de Missa\u201d s\u00f3 pode ser apresentado \u00e0 ACN pelo Ordin\u00e1rio (bispo diocesano ou superior religioso) em nome dos sacerdotes que trabalham sob a sua jurisdi\u00e7\u00e3o. A ACN n\u00e3o aceita pedidos de \u201cestip\u00eandios de Missa\u201d apresentados por sacerdotes individuais. De prefer\u00eancia, o pedido de \u201cestip\u00eandio de Missa\u201d deve ser feito apenas uma vez por ano.<\/p>\n<p>Se o pedido for aprovado, o Ordin\u00e1rio fica obrigado a assegurar que os estip\u00eandios de Missa aceites sejam administrados, distribu\u00eddos individualmente pelos sacerdotes e aplicados na celebra\u00e7\u00e3o da Santa Missa de acordo com o c\u00e2n. 945-958 CIC. Em particular, tem de assegurar que\u00a0<u>por cada oferta de Missa recebida, dever\u00e1 ser celebrada uma Missa individual pela inten\u00e7\u00e3o individual do doador (<em>ad intentionem dantis<\/em>)<\/u>\u00a0(cf. c\u00e2n. 948 CIC\u00a0<a href=\"https:\/\/acninternational.org\/pt-pt\/subvencao-de-projecto\/intencoes-de-missa\/#_ftn1\" name=\"_ftnref1\">[1]<\/a>). Todos os sacerdotes que celebrem Missa pelas inten\u00e7\u00f5es dos doadores da ACN devem receber, se nada for acordado em contr\u00e1rio com o Ordin\u00e1rio, todo o valor do estip\u00eandio da Missa enviado para o Ordin\u00e1rio pela ACN. N\u00e3o \u00e9 permitido combinar v\u00e1rias oferendas de Missa recebidas da ACN ou combin\u00e1-las com outras oferendas de Missa e satisfaz\u00ea-las com uma \u00fanica Missa, celebrada de acordo com o que \u00e9 designado de inten\u00e7\u00e3o \u201ccoletiva\u201d. As Missas pelas ofertas de Missa aceites devem ser celebradas dentro de um per\u00edodo de um ano (cf. c\u00e2n. 953 CIC<a href=\"https:\/\/acninternational.org\/pt-pt\/subvencao-de-projecto\/intencoes-de-missa\/#_ftn2\" name=\"_ftnref2\">[2]<\/a>).<\/p>\n<p>A celebra\u00e7\u00e3o de Missas\u00a0<em>Tr\u00edduas<\/em>\u00a0(em 3 dias consecutivos), Missas\u00a0<em>Novenas<\/em>\u00a0(em 9 dias consecutivos) ou Missas\u00a0<em>Gregorianas<\/em>\u00a0(em 30 dias consecutivos) s\u00f3 pode ser interrompida devido a impedimento s\u00fabito (por exemplo, uma doen\u00e7a) ou outra causa razo\u00e1vel (por exemplo, celebra\u00e7\u00e3o de missa f\u00fanebre ou matrimonial). No entanto, permanece a obriga\u00e7\u00e3o de o sacerdote concluir o mais rapidamente poss\u00edvel a celebra\u00e7\u00e3o das Missas particulares.<a href=\"https:\/\/acninternational.org\/pt-pt\/subvencao-de-projecto\/intencoes-de-missa\/#_ftn3\" name=\"_ftnref3\">[3]<\/a><\/p>\n<p>De acordo com o c\u00e2n. 717 CCEO\u00a0<a href=\"https:\/\/acninternational.org\/pt-pt\/subvencao-de-projecto\/intencoes-de-missa\/#_ftn4\" name=\"_ftnref4\">[4]<\/a>, se os sacerdotes das Igrejas Orientais aceitarem ofertas \u00a0para a Divina Liturgia de fi\u00e9is crist\u00e3os de outra Igreja\u00a0<em>sui<\/em><em>\u00a0iuris<\/em>\u00a0(no caso da ACN, Igreja Cat\u00f3lica Romana do Rito Latino), ficam imperiosamente obrigados a cumprir as normas da Igreja (CIC).<\/p>\n<p><img loading=\"lazy\" decoding=\"async\" src=\"https:\/\/media.acninternational.org\/wp-content\/uploads\/2019\/09\/acn-20170926-61638_web-680.jpg\" sizes=\"auto, (max-width: 680px) 100vw, 680px\" srcset=\"https:\/\/media.acninternational.org\/wp-content\/uploads\/2019\/09\/acn-20170926-61638_web-680.jpg 680w, https:\/\/media.acninternational.org\/wp-content\/uploads\/2019\/09\/acn-20170926-61638_web-680-300x173.jpg 300w\" alt=\"\" width=\"680\" height=\"391\" \/><\/p>\n<p>As informa\u00e7\u00f5es que se seguem devem ser fornecidas num pedido de \u201cestip\u00eandios de Missa\u201d:<a href=\"https:\/\/acninternational.org\/pt-pt\/subvencao-de-projecto\/intencoes-de-missa\/#_ftnref1\" name=\"_ftn1\">Inten\u00e7\u00f5es de missa<\/a><\/p>\n<ul>\n<li>Justifica\u00e7\u00e3o da necessidade dos \u201cestip\u00eandios de Missa\u201d (note que os estip\u00eandios de Missa da ACN n\u00e3o devem substituir os dos fi\u00e9is locais ou reduzir os esfor\u00e7os para encorajar os fi\u00e9is locais a apoiarem o seu pr\u00f3prio clero atrav\u00e9s desta antiga pr\u00e1tica da Igreja).<\/li>\n<li>O n\u00famero, os nomes e os cargos dos sacerdotes que necessitam dos \u201cestip\u00eandios de Missa\u201d e o n\u00famero de \u201cestip\u00eandios de Missa\u201d necess\u00e1rios. Por favor, anote no pedido quais os sacerdotes que podem candidatar-se aos estip\u00eandios de Missa para a celebra\u00e7\u00e3o das Missas\u00a0<em>Tr\u00edduas<\/em>\u00a0(em 3 dias consecutivos), Missas\u00a0<em>Novenas<\/em>\u00a0(em 9 dias consecutivos) ou Missas\u00a0<em>Gregorianas<\/em>\u00a0(em 30 dias consecutivos).<\/li>\n<li>Detalhes banc\u00e1rios. (Pode utilizar o nosso\u00a0<a href=\"http:\/\/acninternational.org\/wp-content\/uploads\/2019\/02\/BAF-POR.pdf\">formul\u00e1rio b\u00e1sico<\/a>\u00a0de inscri\u00e7\u00e3o para esta finalidade).<\/li>\n<\/ul>\n<p>Aten\u00e7\u00e3o! Por gentileza, observe que a partir de agora para n\u00f3s \u00e9 necess\u00e1rio receber o <a href=\"https:\/\/media.acninternational.org\/wp-content\/uploads\/2021\/08\/FPAM-for-the-website_2021-POR.pdf\">Acordo de Execu\u00e7\u00e3o juntamente com a Declara\u00e7\u00e3o de Prote\u00e7\u00e3o de Dados para Inten\u00e7\u00f5es de missa<\/a>. Al\u00e9m do nosso comprometimento de transpar\u00eancia para com nossos benfeitores, mostrando como suas doa\u00e7\u00f5es foram utilizadas, tamb\u00e9m estamos sujeitos \u00e0 rigorosos requisitos de presta\u00e7\u00e3o de contas, de pol\u00edtica de prote\u00e7\u00e3o de menores e de prote\u00e7\u00e3o de dados. Para tanto, pedimos sua compreens\u00e3o em nos enviar o original assinado de ambos formul\u00e1rios, sem os quais n\u00e3o estamos autorizados a liberar nenhum tipo de ajuda.<\/p>\n<p><a href=\"https:\/\/acninternational.org\/pt-pt\/subvencao-de-projecto\/intencoes-de-missa\/#_ftnref1\" name=\"_ftn1\">[1]<\/a>\u00a0C\u00e2n.\u00a0948 Dever\u00e3o ser celebradas Missas em separado pelas inten\u00e7\u00f5es daqueles para quem tenha sido dada e aceite uma oferta \u00fanica, mesmo que pequena.<\/p>\n<p><a href=\"https:\/\/acninternational.org\/pt-pt\/subvencao-de-projecto\/intencoes-de-missa\/#_ftnref2\" name=\"_ftn2\">[2]<\/a>\u00a0C\u00e2n.\u00a0953 N\u00e3o \u00e9 permitido a ningu\u00e9m aceitar mais ofertas para Missas a serem celebradas por si para al\u00e9m das que lhe seja poss\u00edvel celebrar num per\u00edodo de um ano.<\/p>\n<p><a href=\"https:\/\/acninternational.org\/pt-pt\/subvencao-de-projecto\/intencoes-de-missa\/#_ftnref3\" name=\"_ftn3\">[3]<\/a>\u00a0Cf. Enchidrion Vaticanum 2, Documenti ufficiali della Santa Sede 1963-67, n. 966.<\/p>\n<p><a href=\"https:\/\/acninternational.org\/pt-pt\/subvencao-de-projecto\/intencoes-de-missa\/#_ftnref4\" name=\"_ftn4\">[4]<\/a>\u00a0C\u00e2n. 717 Se aceitarem oferendas para a Divina Liturgia de fi\u00e9is crist\u00e3os de outra Igreja\u00a0<em>sui iuris<\/em>, os sacerdotes ficam imperiosamente obrigados a cumprir as normas dessa Igreja, salvo decidido contrariamente pelo doador.<\/p>\n","protected":false},"excerpt":{"rendered":"<p>A pr\u00e1tica de fazer ofertas para Missas remonta aos prim\u00f3rdios da Igreja, quando os fi\u00e9is levavam p\u00e3o e vinho para a Missa, e outras oferendas para apoiar os sacerdotes e os pobres. Atualmente, uma oferta monet\u00e1ria para a Missa, denominada \u201cestip\u00eandio de Missa\u201d, \u00e9 uma forma de os fi\u00e9is inclu\u00edrem uma inten\u00e7\u00e3o particular na celebra\u00e7\u00e3o [&hellip;]<\/p>\n","protected":false},"author":1,"featured_media":123275,"parent":123254,"menu_order":0,"comment_status":"closed","ping_status":"closed","template":"","meta":{"_acf_changed":false,"footnotes":""},"class_list":["post-123306","page","type-page","status-publish","has-post-thumbnail","hentry","page-category-how-to-apply-subpages-pt-pt"],"acf":[],"yoast_head":"<!-- This site is optimized with the Yoast SEO Premium plugin v27.3 (Yoast SEO v27.3) - https:\/\/yoast.com\/product\/yoast-seo-premium-wordpress\/ -->\n<title>Inten\u00e7\u00f5es de missa | ACN International<\/title>\n<meta name=\"robots\" content=\"index, follow, max-snippet:-1, max-image-preview:large, max-video-preview:-1\" \/>\n<link rel=\"canonical\" href=\"https:\/\/acninternational.org\/pt-pt\/solicitar-ajuda\/intencoes-de-missa\/\" \/>\n<meta property=\"og:locale\" content=\"pt_PT\" \/>\n<meta property=\"og:type\" content=\"article\" \/>\n<meta property=\"og:title\" content=\"Inten\u00e7\u00f5es de missa\" \/>\n<meta property=\"og:description\" content=\"A pr\u00e1tica de fazer ofertas para Missas remonta aos prim\u00f3rdios da Igreja, quando os fi\u00e9is levavam p\u00e3o e vinho para a Missa, e outras oferendas para apoiar os sacerdotes e os pobres. Atualmente, uma oferta monet\u00e1ria para a Missa, denominada \u201cestip\u00eandio de Missa\u201d, \u00e9 uma forma de os fi\u00e9is inclu\u00edrem uma inten\u00e7\u00e3o particular na celebra\u00e7\u00e3o [&hellip;]\" \/>\n<meta property=\"og:url\" content=\"https:\/\/acninternational.org\/pt-pt\/solicitar-ajuda\/intencoes-de-missa\/\" \/>\n<meta property=\"og:site_name\" content=\"ACN International\" \/>\n<meta property=\"article:publisher\" content=\"https:\/\/www.facebook.com\/acninternationalorg\" \/>\n<meta property=\"article:modified_time\" content=\"2023-07-07T06:45:29+00:00\" \/>\n<meta property=\"og:image\" content=\"https:\/\/media.acninternational.org\/wp-content\/uploads\/2019\/09\/acn-20171218-65912_web-2000.jpg\" \/>\n\t<meta property=\"og:image:width\" content=\"2000\" \/>\n\t<meta property=\"og:image:height\" content=\"625\" \/>\n\t<meta property=\"og:image:type\" content=\"image\/jpeg\" \/>\n<meta name=\"twitter:card\" content=\"summary_large_image\" \/>\n<meta name=\"twitter:site\" content=\"@acn_int\" \/>\n<meta name=\"twitter:label1\" content=\"Tempo estimado de leitura\" \/>\n\t<meta name=\"twitter:data1\" content=\"5 minutos\" \/>\n<script type=\"application\/ld+json\" class=\"yoast-schema-graph\">{\"@context\":\"https:\\\/\\\/schema.org\",\"@graph\":[{\"@type\":\"WebPage\",\"@id\":\"https:\\\/\\\/acninternational.org\\\/pt-pt\\\/solicitar-ajuda\\\/intencoes-de-missa\\\/\",\"url\":\"https:\\\/\\\/acninternational.org\\\/pt-pt\\\/solicitar-ajuda\\\/intencoes-de-missa\\\/\",\"name\":\"Inten\u00e7\u00f5es de missa | ACN International\",\"isPartOf\":{\"@id\":\"https:\\\/\\\/acninternational.org\\\/pt-pt\\\/#website\"},\"primaryImageOfPage\":{\"@id\":\"https:\\\/\\\/acninternational.org\\\/pt-pt\\\/solicitar-ajuda\\\/intencoes-de-missa\\\/#primaryimage\"},\"image\":{\"@id\":\"https:\\\/\\\/acninternational.org\\\/pt-pt\\\/solicitar-ajuda\\\/intencoes-de-missa\\\/#primaryimage\"},\"thumbnailUrl\":\"https:\\\/\\\/media.acninternational.org\\\/wp-content\\\/uploads\\\/2019\\\/09\\\/acn-20171218-65912_web-2000.jpg\",\"datePublished\":\"2019-09-16T08:06:02+00:00\",\"dateModified\":\"2023-07-07T06:45:29+00:00\",\"breadcrumb\":{\"@id\":\"https:\\\/\\\/acninternational.org\\\/pt-pt\\\/solicitar-ajuda\\\/intencoes-de-missa\\\/#breadcrumb\"},\"inLanguage\":\"pt-PT\",\"potentialAction\":[{\"@type\":\"ReadAction\",\"target\":[\"https:\\\/\\\/acninternational.org\\\/pt-pt\\\/solicitar-ajuda\\\/intencoes-de-missa\\\/\"]}]},{\"@type\":\"ImageObject\",\"inLanguage\":\"pt-PT\",\"@id\":\"https:\\\/\\\/acninternational.org\\\/pt-pt\\\/solicitar-ajuda\\\/intencoes-de-missa\\\/#primaryimage\",\"url\":\"https:\\\/\\\/media.acninternational.org\\\/wp-content\\\/uploads\\\/2019\\\/09\\\/acn-20171218-65912_web-2000.jpg\",\"contentUrl\":\"https:\\\/\\\/media.acninternational.org\\\/wp-content\\\/uploads\\\/2019\\\/09\\\/acn-20171218-65912_web-2000.jpg\",\"width\":2000,\"height\":625},{\"@type\":\"BreadcrumbList\",\"@id\":\"https:\\\/\\\/acninternational.org\\\/pt-pt\\\/solicitar-ajuda\\\/intencoes-de-missa\\\/#breadcrumb\",\"itemListElement\":[{\"@type\":\"ListItem\",\"position\":1,\"name\":\"Home\",\"item\":\"https:\\\/\\\/acninternational.org\\\/pt-pt\\\/\"},{\"@type\":\"ListItem\",\"position\":2,\"name\":\"Solicitar Ajuda\",\"item\":\"https:\\\/\\\/acninternational.org\\\/pt-pt\\\/solicitar-ajuda\\\/\"},{\"@type\":\"ListItem\",\"position\":3,\"name\":\"Inten\u00e7\u00f5es de missa\"}]},{\"@type\":\"WebSite\",\"@id\":\"https:\\\/\\\/acninternational.org\\\/pt-pt\\\/#website\",\"url\":\"https:\\\/\\\/acninternational.org\\\/pt-pt\\\/\",\"name\":\"ACN International\",\"description\":\"\",\"publisher\":{\"@id\":\"https:\\\/\\\/acninternational.org\\\/pt-pt\\\/#organization\"},\"potentialAction\":[{\"@type\":\"SearchAction\",\"target\":{\"@type\":\"EntryPoint\",\"urlTemplate\":\"https:\\\/\\\/acninternational.org\\\/pt-pt\\\/?s={search_term_string}\"},\"query-input\":{\"@type\":\"PropertyValueSpecification\",\"valueRequired\":true,\"valueName\":\"search_term_string\"}}],\"inLanguage\":\"pt-PT\"},{\"@type\":\"Organization\",\"@id\":\"https:\\\/\\\/acninternational.org\\\/pt-pt\\\/#organization\",\"name\":\"Aid to the Church in Need International\",\"url\":\"https:\\\/\\\/acninternational.org\\\/pt-pt\\\/\",\"logo\":{\"@type\":\"ImageObject\",\"inLanguage\":\"pt-PT\",\"@id\":\"https:\\\/\\\/acninternational.org\\\/pt-pt\\\/#\\\/schema\\\/logo\\\/image\\\/\",\"url\":\"https:\\\/\\\/media.acninternational.org\\\/wp-content\\\/uploads\\\/2019\\\/11\\\/acn_logo_blackvector.svg\",\"contentUrl\":\"https:\\\/\\\/media.acninternational.org\\\/wp-content\\\/uploads\\\/2019\\\/11\\\/acn_logo_blackvector.svg\",\"width\":232.6,\"height\":78,\"caption\":\"Aid to the Church in Need International\"},\"image\":{\"@id\":\"https:\\\/\\\/acninternational.org\\\/pt-pt\\\/#\\\/schema\\\/logo\\\/image\\\/\"},\"sameAs\":[\"https:\\\/\\\/www.facebook.com\\\/acninternationalorg\",\"https:\\\/\\\/x.com\\\/acn_int\",\"https:\\\/\\\/www.youtube.com\\\/channel\\\/UCQ-077gS0TnVzkhHmf1opZw\",\"https:\\\/\\\/www.instagram.com\\\/acn_international\\\/\"]}]}<\/script>\n<!-- \/ Yoast SEO Premium plugin. -->","yoast_head_json":{"title":"Inten\u00e7\u00f5es de missa | ACN International","robots":{"index":"index","follow":"follow","max-snippet":"max-snippet:-1","max-image-preview":"max-image-preview:large","max-video-preview":"max-video-preview:-1"},"canonical":"https:\/\/acninternational.org\/pt-pt\/solicitar-ajuda\/intencoes-de-missa\/","og_locale":"pt_PT","og_type":"article","og_title":"Inten\u00e7\u00f5es de missa","og_description":"A pr\u00e1tica de fazer ofertas para Missas remonta aos prim\u00f3rdios da Igreja, quando os fi\u00e9is levavam p\u00e3o e vinho para a Missa, e outras oferendas para apoiar os sacerdotes e os pobres. Atualmente, uma oferta monet\u00e1ria para a Missa, denominada \u201cestip\u00eandio de Missa\u201d, \u00e9 uma forma de os fi\u00e9is inclu\u00edrem uma inten\u00e7\u00e3o particular na celebra\u00e7\u00e3o [&hellip;]","og_url":"https:\/\/acninternational.org\/pt-pt\/solicitar-ajuda\/intencoes-de-missa\/","og_site_name":"ACN International","article_publisher":"https:\/\/www.facebook.com\/acninternationalorg","article_modified_time":"2023-07-07T06:45:29+00:00","og_image":[{"width":2000,"height":625,"url":"https:\/\/media.acninternational.org\/wp-content\/uploads\/2019\/09\/acn-20171218-65912_web-2000.jpg","type":"image\/jpeg"}],"twitter_card":"summary_large_image","twitter_site":"@acn_int","twitter_misc":{"Tempo estimado de leitura":"5 minutos"},"schema":{"@context":"https:\/\/schema.org","@graph":[{"@type":"WebPage","@id":"https:\/\/acninternational.org\/pt-pt\/solicitar-ajuda\/intencoes-de-missa\/","url":"https:\/\/acninternational.org\/pt-pt\/solicitar-ajuda\/intencoes-de-missa\/","name":"Inten\u00e7\u00f5es de missa | ACN International","isPartOf":{"@id":"https:\/\/acninternational.org\/pt-pt\/#website"},"primaryImageOfPage":{"@id":"https:\/\/acninternational.org\/pt-pt\/solicitar-ajuda\/intencoes-de-missa\/#primaryimage"},"image":{"@id":"https:\/\/acninternational.org\/pt-pt\/solicitar-ajuda\/intencoes-de-missa\/#primaryimage"},"thumbnailUrl":"https:\/\/media.acninternational.org\/wp-content\/uploads\/2019\/09\/acn-20171218-65912_web-2000.jpg","datePublished":"2019-09-16T08:06:02+00:00","dateModified":"2023-07-07T06:45:29+00:00","breadcrumb":{"@id":"https:\/\/acninternational.org\/pt-pt\/solicitar-ajuda\/intencoes-de-missa\/#breadcrumb"},"inLanguage":"pt-PT","potentialAction":[{"@type":"ReadAction","target":["https:\/\/acninternational.org\/pt-pt\/solicitar-ajuda\/intencoes-de-missa\/"]}]},{"@type":"ImageObject","inLanguage":"pt-PT","@id":"https:\/\/acninternational.org\/pt-pt\/solicitar-ajuda\/intencoes-de-missa\/#primaryimage","url":"https:\/\/media.acninternational.org\/wp-content\/uploads\/2019\/09\/acn-20171218-65912_web-2000.jpg","contentUrl":"https:\/\/media.acninternational.org\/wp-content\/uploads\/2019\/09\/acn-20171218-65912_web-2000.jpg","width":2000,"height":625},{"@type":"BreadcrumbList","@id":"https:\/\/acninternational.org\/pt-pt\/solicitar-ajuda\/intencoes-de-missa\/#breadcrumb","itemListElement":[{"@type":"ListItem","position":1,"name":"Home","item":"https:\/\/acninternational.org\/pt-pt\/"},{"@type":"ListItem","position":2,"name":"Solicitar Ajuda","item":"https:\/\/acninternational.org\/pt-pt\/solicitar-ajuda\/"},{"@type":"ListItem","position":3,"name":"Inten\u00e7\u00f5es de missa"}]},{"@type":"WebSite","@id":"https:\/\/acninternational.org\/pt-pt\/#website","url":"https:\/\/acninternational.org\/pt-pt\/","name":"ACN International","description":"","publisher":{"@id":"https:\/\/acninternational.org\/pt-pt\/#organization"},"potentialAction":[{"@type":"SearchAction","target":{"@type":"EntryPoint","urlTemplate":"https:\/\/acninternational.org\/pt-pt\/?s={search_term_string}"},"query-input":{"@type":"PropertyValueSpecification","valueRequired":true,"valueName":"search_term_string"}}],"inLanguage":"pt-PT"},{"@type":"Organization","@id":"https:\/\/acninternational.org\/pt-pt\/#organization","name":"Aid to the Church in Need International","url":"https:\/\/acninternational.org\/pt-pt\/","logo":{"@type":"ImageObject","inLanguage":"pt-PT","@id":"https:\/\/acninternational.org\/pt-pt\/#\/schema\/logo\/image\/","url":"https:\/\/media.acninternational.org\/wp-content\/uploads\/2019\/11\/acn_logo_blackvector.svg","contentUrl":"https:\/\/media.acninternational.org\/wp-content\/uploads\/2019\/11\/acn_logo_blackvector.svg","width":232.6,"height":78,"caption":"Aid to the Church in Need International"},"image":{"@id":"https:\/\/acninternational.org\/pt-pt\/#\/schema\/logo\/image\/"},"sameAs":["https:\/\/www.facebook.com\/acninternationalorg","https:\/\/x.com\/acn_int","https:\/\/www.youtube.com\/channel\/UCQ-077gS0TnVzkhHmf1opZw","https:\/\/www.instagram.com\/acn_international\/"]}]}},"_links":{"self":[{"href":"https:\/\/acninternational.org\/pt-pt\/wp-json\/wp\/v2\/pages\/123306","targetHints":{"allow":["GET"]}}],"collection":[{"href":"https:\/\/acninternational.org\/pt-pt\/wp-json\/wp\/v2\/pages"}],"about":[{"href":"https:\/\/acninternational.org\/pt-pt\/wp-json\/wp\/v2\/types\/page"}],"author":[{"embeddable":true,"href":"https:\/\/acninternational.org\/pt-pt\/wp-json\/wp\/v2\/users\/1"}],"replies":[{"embeddable":true,"href":"https:\/\/acninternational.org\/pt-pt\/wp-json\/wp\/v2\/comments?post=123306"}],"version-history":[{"count":0,"href":"https:\/\/acninternational.org\/pt-pt\/wp-json\/wp\/v2\/pages\/123306\/revisions"}],"up":[{"embeddable":true,"href":"https:\/\/acninternational.org\/pt-pt\/wp-json\/wp\/v2\/pages\/123254"}],"wp:featuredmedia":[{"embeddable":true,"href":"https:\/\/acninternational.org\/pt-pt\/wp-json\/wp\/v2\/media\/123275"}],"wp:attachment":[{"href":"https:\/\/acninternational.org\/pt-pt\/wp-json\/wp\/v2\/media?parent=123306"}],"curies":[{"name":"wp","href":"https:\/\/api.w.org\/{rel}","templated":true}]}}