{"id":123305,"date":"2019-10-29T14:53:48","date_gmt":"2019-10-29T13:53:48","guid":{"rendered":"https:\/\/acninternational.org\/orientacoes-para-subvencoes\/como-candidatar-se\/projectos-de-construcao\/"},"modified":"2023-01-10T09:13:25","modified_gmt":"2023-01-10T08:13:25","slug":"construcao","status":"publish","type":"page","link":"https:\/\/acninternational.org\/pt-pt\/solicitar-ajuda\/construcao\/","title":{"rendered":"Projectos de constru\u00e7\u00e3o"},"content":{"rendered":"<div class=\"wpb_text_column wpb_content_element grant-p-padding\">\n<div class=\"wpb_wrapper\">\n<p>Os projectos de constru\u00e7\u00e3o t\u00eam tend\u00eancia para estarem entre os de natureza mais t\u00e9cnica e complexa. Oferecemos aqui uma lista de verifica\u00e7\u00e3o da informa\u00e7\u00e3o necess\u00e1ria. A lista n\u00e3o pretende ser exaustiva, e nem todos os pontos s\u00e3o necessariamente aplic\u00e1veis em todos os casos.<\/p>\n<p>Lista de verifica\u00e7\u00e3o para um\u00a0<strong>projecto de constru\u00e7\u00e3o<\/strong><\/p>\n<\/div>\n<\/div>\n<div class=\"wpb_text_column wpb_content_element grant-list\">\n<div class=\"wpb_wrapper\">\n<ol>\n<li>Garantia de que a Igreja possui o terreno onde a igreja (ou outro edif\u00edcio da igreja) vai ser constru\u00edda. (Na Europa de Leste: uma c\u00f3pia da escritura de propriedade.)<\/li>\n<li>C\u00f3pia da licen\u00e7a de constru\u00e7\u00e3o.<\/li>\n<li>C\u00f3pia das plantas do edif\u00edcio (planta do ch\u00e3o, corte de eleva\u00e7\u00e3o e transversal), mostrando o tamanho exacto e o estilo do edif\u00edcio projectado. N\u00c3O envie desenhos de engenharia t\u00e9cnica, de estrutura ou infra-estruturas.<\/li>\n<li>Or\u00e7amento formal de custos da constru\u00e7\u00e3o na moeda local (ampliado para mostrar n\u00e3o apenas o custo total, mas tamb\u00e9m o custo dos principais componentes, p.ex. material e m\u00e3o-de-obra, funda\u00e7\u00f5es, paredes, telhados, etc.).*<\/li>\n<li>Plano financeiro apresentando as fontes de financiamento para cobrir o or\u00e7amento formal de custos. Isto inclui o contributo local, outras fontes locais e estrangeiras, o contributo esperado da parte da AIS.*<\/li>\n<li>Especifique as obras de benefic\u00eancia \u00e0s quais foi solicitado financiamento e as suas respostas.<\/li>\n<li>O actual estado de constru\u00e7\u00e3o. Se j\u00e1 estiver em curso, descreva, por favor, o trabalho feito at\u00e9 \u00e0 data, envie uma fotografia actual e especifique quanto dinheiro foi investido at\u00e9 \u00e0 presente situa\u00e7\u00e3o e quanto ainda vai ser preciso.<\/li>\n<li>Carta de aprova\u00e7\u00e3o do bispo local.<\/li>\n<li><a href=\"https:\/\/acninternational.org\/wp-content\/uploads\/sites\/69\/2019\/11\/BAF-POR.pdf\">Formul\u00e1rio b\u00e1sico de candidatura<\/a>.<\/li>\n<li>Candidatura\/argumenta\u00e7\u00e3o do seu projecto.<\/li>\n<\/ol>\n<\/div>\n<\/div>\n<div class=\"wpb_text_column wpb_content_element grant-p-padding\">\n<div class=\"wpb_wrapper\">\n<p><strong><em>Nota bene:<\/em><\/strong>\u00a0Se o edif\u00edcio projectado vai ser constru\u00eddo em fases, defina as fases com exactid\u00e3o e elabore a estimativa de custos e o plano financeiro de uma forma que corresponda a essas fases. Isto \u00e9 particularmente importante para projectos que se prolongam por v\u00e1rios anos.<\/p>\n<\/div>\n<\/div>\n","protected":false},"excerpt":{"rendered":"<p>Os projectos de constru\u00e7\u00e3o t\u00eam tend\u00eancia para estarem entre os de natureza mais t\u00e9cnica e complexa. Oferecemos aqui uma lista de verifica\u00e7\u00e3o da informa\u00e7\u00e3o necess\u00e1ria. A lista n\u00e3o pretende ser exaustiva, e nem todos os pontos s\u00e3o necessariamente aplic\u00e1veis em todos os casos. Lista de verifica\u00e7\u00e3o para um\u00a0projecto de constru\u00e7\u00e3o Garantia de que a Igreja [&hellip;]<\/p>\n","protected":false},"author":1,"featured_media":123298,"parent":123254,"menu_order":0,"comment_status":"closed","ping_status":"closed","template":"","meta":{"_acf_changed":false,"footnotes":""},"class_list":["post-123305","page","type-page","status-publish","has-post-thumbnail","hentry","page-category-how-to-apply-subpages-pt-pt"],"acf":[],"yoast_head":"<!-- This site is optimized with the Yoast SEO Premium plugin v27.3 (Yoast SEO v27.3) - https:\/\/yoast.com\/product\/yoast-seo-premium-wordpress\/ -->\n<title>Projectos de constru\u00e7\u00e3o | ACN International<\/title>\n<meta name=\"robots\" content=\"index, follow, max-snippet:-1, max-image-preview:large, max-video-preview:-1\" \/>\n<link rel=\"canonical\" href=\"https:\/\/acninternational.org\/pt-pt\/solicitar-ajuda\/construcao\/\" \/>\n<meta property=\"og:locale\" content=\"pt_PT\" \/>\n<meta property=\"og:type\" content=\"article\" \/>\n<meta property=\"og:title\" content=\"Projectos de constru\u00e7\u00e3o\" \/>\n<meta property=\"og:description\" content=\"Os projectos de constru\u00e7\u00e3o t\u00eam tend\u00eancia para estarem entre os de natureza mais t\u00e9cnica e complexa. Oferecemos aqui uma lista de verifica\u00e7\u00e3o da informa\u00e7\u00e3o necess\u00e1ria. A lista n\u00e3o pretende ser exaustiva, e nem todos os pontos s\u00e3o necessariamente aplic\u00e1veis em todos os casos. Lista de verifica\u00e7\u00e3o para um\u00a0projecto de constru\u00e7\u00e3o Garantia de que a Igreja [&hellip;]\" \/>\n<meta property=\"og:url\" content=\"https:\/\/acninternational.org\/pt-pt\/solicitar-ajuda\/construcao\/\" \/>\n<meta property=\"og:site_name\" content=\"ACN International\" \/>\n<meta property=\"article:publisher\" content=\"https:\/\/www.facebook.com\/acninternationalorg\" \/>\n<meta property=\"article:modified_time\" content=\"2023-01-10T08:13:25+00:00\" \/>\n<meta property=\"og:image\" content=\"https:\/\/media.acninternational.org\/wp-content\/uploads\/2019\/10\/acn-20180913-76623_web-2000.jpg\" \/>\n\t<meta property=\"og:image:width\" content=\"2000\" \/>\n\t<meta property=\"og:image:height\" content=\"625\" \/>\n\t<meta property=\"og:image:type\" content=\"image\/jpeg\" \/>\n<meta name=\"twitter:card\" content=\"summary_large_image\" \/>\n<meta name=\"twitter:site\" content=\"@acn_int\" \/>\n<meta name=\"twitter:label1\" content=\"Tempo estimado de leitura\" \/>\n\t<meta name=\"twitter:data1\" content=\"2 minutos\" \/>\n<script type=\"application\/ld+json\" class=\"yoast-schema-graph\">{\"@context\":\"https:\\\/\\\/schema.org\",\"@graph\":[{\"@type\":\"WebPage\",\"@id\":\"https:\\\/\\\/acninternational.org\\\/pt-pt\\\/solicitar-ajuda\\\/construcao\\\/\",\"url\":\"https:\\\/\\\/acninternational.org\\\/pt-pt\\\/solicitar-ajuda\\\/construcao\\\/\",\"name\":\"Projectos de constru\u00e7\u00e3o | ACN International\",\"isPartOf\":{\"@id\":\"https:\\\/\\\/acninternational.org\\\/pt-pt\\\/#website\"},\"primaryImageOfPage\":{\"@id\":\"https:\\\/\\\/acninternational.org\\\/pt-pt\\\/solicitar-ajuda\\\/construcao\\\/#primaryimage\"},\"image\":{\"@id\":\"https:\\\/\\\/acninternational.org\\\/pt-pt\\\/solicitar-ajuda\\\/construcao\\\/#primaryimage\"},\"thumbnailUrl\":\"https:\\\/\\\/media.acninternational.org\\\/wp-content\\\/uploads\\\/2019\\\/10\\\/acn-20180913-76623_web-2000.jpg\",\"datePublished\":\"2019-10-29T13:53:48+00:00\",\"dateModified\":\"2023-01-10T08:13:25+00:00\",\"breadcrumb\":{\"@id\":\"https:\\\/\\\/acninternational.org\\\/pt-pt\\\/solicitar-ajuda\\\/construcao\\\/#breadcrumb\"},\"inLanguage\":\"pt-PT\",\"potentialAction\":[{\"@type\":\"ReadAction\",\"target\":[\"https:\\\/\\\/acninternational.org\\\/pt-pt\\\/solicitar-ajuda\\\/construcao\\\/\"]}]},{\"@type\":\"ImageObject\",\"inLanguage\":\"pt-PT\",\"@id\":\"https:\\\/\\\/acninternational.org\\\/pt-pt\\\/solicitar-ajuda\\\/construcao\\\/#primaryimage\",\"url\":\"https:\\\/\\\/media.acninternational.org\\\/wp-content\\\/uploads\\\/2019\\\/10\\\/acn-20180913-76623_web-2000.jpg\",\"contentUrl\":\"https:\\\/\\\/media.acninternational.org\\\/wp-content\\\/uploads\\\/2019\\\/10\\\/acn-20180913-76623_web-2000.jpg\",\"width\":2000,\"height\":625,\"caption\":\"Special Case Construction Projects\"},{\"@type\":\"BreadcrumbList\",\"@id\":\"https:\\\/\\\/acninternational.org\\\/pt-pt\\\/solicitar-ajuda\\\/construcao\\\/#breadcrumb\",\"itemListElement\":[{\"@type\":\"ListItem\",\"position\":1,\"name\":\"Home\",\"item\":\"https:\\\/\\\/acninternational.org\\\/pt-pt\\\/\"},{\"@type\":\"ListItem\",\"position\":2,\"name\":\"Solicitar Ajuda\",\"item\":\"https:\\\/\\\/acninternational.org\\\/pt-pt\\\/solicitar-ajuda\\\/\"},{\"@type\":\"ListItem\",\"position\":3,\"name\":\"Projectos de constru\u00e7\u00e3o\"}]},{\"@type\":\"WebSite\",\"@id\":\"https:\\\/\\\/acninternational.org\\\/pt-pt\\\/#website\",\"url\":\"https:\\\/\\\/acninternational.org\\\/pt-pt\\\/\",\"name\":\"ACN International\",\"description\":\"\",\"publisher\":{\"@id\":\"https:\\\/\\\/acninternational.org\\\/pt-pt\\\/#organization\"},\"potentialAction\":[{\"@type\":\"SearchAction\",\"target\":{\"@type\":\"EntryPoint\",\"urlTemplate\":\"https:\\\/\\\/acninternational.org\\\/pt-pt\\\/?s={search_term_string}\"},\"query-input\":{\"@type\":\"PropertyValueSpecification\",\"valueRequired\":true,\"valueName\":\"search_term_string\"}}],\"inLanguage\":\"pt-PT\"},{\"@type\":\"Organization\",\"@id\":\"https:\\\/\\\/acninternational.org\\\/pt-pt\\\/#organization\",\"name\":\"Aid to the Church in Need International\",\"url\":\"https:\\\/\\\/acninternational.org\\\/pt-pt\\\/\",\"logo\":{\"@type\":\"ImageObject\",\"inLanguage\":\"pt-PT\",\"@id\":\"https:\\\/\\\/acninternational.org\\\/pt-pt\\\/#\\\/schema\\\/logo\\\/image\\\/\",\"url\":\"https:\\\/\\\/media.acninternational.org\\\/wp-content\\\/uploads\\\/2019\\\/11\\\/acn_logo_blackvector.svg\",\"contentUrl\":\"https:\\\/\\\/media.acninternational.org\\\/wp-content\\\/uploads\\\/2019\\\/11\\\/acn_logo_blackvector.svg\",\"width\":232.6,\"height\":78,\"caption\":\"Aid to the Church in Need International\"},\"image\":{\"@id\":\"https:\\\/\\\/acninternational.org\\\/pt-pt\\\/#\\\/schema\\\/logo\\\/image\\\/\"},\"sameAs\":[\"https:\\\/\\\/www.facebook.com\\\/acninternationalorg\",\"https:\\\/\\\/x.com\\\/acn_int\",\"https:\\\/\\\/www.youtube.com\\\/channel\\\/UCQ-077gS0TnVzkhHmf1opZw\",\"https:\\\/\\\/www.instagram.com\\\/acn_international\\\/\"]}]}<\/script>\n<!-- \/ Yoast SEO Premium plugin. -->","yoast_head_json":{"title":"Projectos de constru\u00e7\u00e3o | ACN International","robots":{"index":"index","follow":"follow","max-snippet":"max-snippet:-1","max-image-preview":"max-image-preview:large","max-video-preview":"max-video-preview:-1"},"canonical":"https:\/\/acninternational.org\/pt-pt\/solicitar-ajuda\/construcao\/","og_locale":"pt_PT","og_type":"article","og_title":"Projectos de constru\u00e7\u00e3o","og_description":"Os projectos de constru\u00e7\u00e3o t\u00eam tend\u00eancia para estarem entre os de natureza mais t\u00e9cnica e complexa. Oferecemos aqui uma lista de verifica\u00e7\u00e3o da informa\u00e7\u00e3o necess\u00e1ria. A lista n\u00e3o pretende ser exaustiva, e nem todos os pontos s\u00e3o necessariamente aplic\u00e1veis em todos os casos. Lista de verifica\u00e7\u00e3o para um\u00a0projecto de constru\u00e7\u00e3o Garantia de que a Igreja [&hellip;]","og_url":"https:\/\/acninternational.org\/pt-pt\/solicitar-ajuda\/construcao\/","og_site_name":"ACN International","article_publisher":"https:\/\/www.facebook.com\/acninternationalorg","article_modified_time":"2023-01-10T08:13:25+00:00","og_image":[{"width":2000,"height":625,"url":"https:\/\/media.acninternational.org\/wp-content\/uploads\/2019\/10\/acn-20180913-76623_web-2000.jpg","type":"image\/jpeg"}],"twitter_card":"summary_large_image","twitter_site":"@acn_int","twitter_misc":{"Tempo estimado de leitura":"2 minutos"},"schema":{"@context":"https:\/\/schema.org","@graph":[{"@type":"WebPage","@id":"https:\/\/acninternational.org\/pt-pt\/solicitar-ajuda\/construcao\/","url":"https:\/\/acninternational.org\/pt-pt\/solicitar-ajuda\/construcao\/","name":"Projectos de constru\u00e7\u00e3o | ACN International","isPartOf":{"@id":"https:\/\/acninternational.org\/pt-pt\/#website"},"primaryImageOfPage":{"@id":"https:\/\/acninternational.org\/pt-pt\/solicitar-ajuda\/construcao\/#primaryimage"},"image":{"@id":"https:\/\/acninternational.org\/pt-pt\/solicitar-ajuda\/construcao\/#primaryimage"},"thumbnailUrl":"https:\/\/media.acninternational.org\/wp-content\/uploads\/2019\/10\/acn-20180913-76623_web-2000.jpg","datePublished":"2019-10-29T13:53:48+00:00","dateModified":"2023-01-10T08:13:25+00:00","breadcrumb":{"@id":"https:\/\/acninternational.org\/pt-pt\/solicitar-ajuda\/construcao\/#breadcrumb"},"inLanguage":"pt-PT","potentialAction":[{"@type":"ReadAction","target":["https:\/\/acninternational.org\/pt-pt\/solicitar-ajuda\/construcao\/"]}]},{"@type":"ImageObject","inLanguage":"pt-PT","@id":"https:\/\/acninternational.org\/pt-pt\/solicitar-ajuda\/construcao\/#primaryimage","url":"https:\/\/media.acninternational.org\/wp-content\/uploads\/2019\/10\/acn-20180913-76623_web-2000.jpg","contentUrl":"https:\/\/media.acninternational.org\/wp-content\/uploads\/2019\/10\/acn-20180913-76623_web-2000.jpg","width":2000,"height":625,"caption":"Special Case Construction Projects"},{"@type":"BreadcrumbList","@id":"https:\/\/acninternational.org\/pt-pt\/solicitar-ajuda\/construcao\/#breadcrumb","itemListElement":[{"@type":"ListItem","position":1,"name":"Home","item":"https:\/\/acninternational.org\/pt-pt\/"},{"@type":"ListItem","position":2,"name":"Solicitar Ajuda","item":"https:\/\/acninternational.org\/pt-pt\/solicitar-ajuda\/"},{"@type":"ListItem","position":3,"name":"Projectos de constru\u00e7\u00e3o"}]},{"@type":"WebSite","@id":"https:\/\/acninternational.org\/pt-pt\/#website","url":"https:\/\/acninternational.org\/pt-pt\/","name":"ACN International","description":"","publisher":{"@id":"https:\/\/acninternational.org\/pt-pt\/#organization"},"potentialAction":[{"@type":"SearchAction","target":{"@type":"EntryPoint","urlTemplate":"https:\/\/acninternational.org\/pt-pt\/?s={search_term_string}"},"query-input":{"@type":"PropertyValueSpecification","valueRequired":true,"valueName":"search_term_string"}}],"inLanguage":"pt-PT"},{"@type":"Organization","@id":"https:\/\/acninternational.org\/pt-pt\/#organization","name":"Aid to the Church in Need International","url":"https:\/\/acninternational.org\/pt-pt\/","logo":{"@type":"ImageObject","inLanguage":"pt-PT","@id":"https:\/\/acninternational.org\/pt-pt\/#\/schema\/logo\/image\/","url":"https:\/\/media.acninternational.org\/wp-content\/uploads\/2019\/11\/acn_logo_blackvector.svg","contentUrl":"https:\/\/media.acninternational.org\/wp-content\/uploads\/2019\/11\/acn_logo_blackvector.svg","width":232.6,"height":78,"caption":"Aid to the Church in Need International"},"image":{"@id":"https:\/\/acninternational.org\/pt-pt\/#\/schema\/logo\/image\/"},"sameAs":["https:\/\/www.facebook.com\/acninternationalorg","https:\/\/x.com\/acn_int","https:\/\/www.youtube.com\/channel\/UCQ-077gS0TnVzkhHmf1opZw","https:\/\/www.instagram.com\/acn_international\/"]}]}},"_links":{"self":[{"href":"https:\/\/acninternational.org\/pt-pt\/wp-json\/wp\/v2\/pages\/123305","targetHints":{"allow":["GET"]}}],"collection":[{"href":"https:\/\/acninternational.org\/pt-pt\/wp-json\/wp\/v2\/pages"}],"about":[{"href":"https:\/\/acninternational.org\/pt-pt\/wp-json\/wp\/v2\/types\/page"}],"author":[{"embeddable":true,"href":"https:\/\/acninternational.org\/pt-pt\/wp-json\/wp\/v2\/users\/1"}],"replies":[{"embeddable":true,"href":"https:\/\/acninternational.org\/pt-pt\/wp-json\/wp\/v2\/comments?post=123305"}],"version-history":[{"count":0,"href":"https:\/\/acninternational.org\/pt-pt\/wp-json\/wp\/v2\/pages\/123305\/revisions"}],"up":[{"embeddable":true,"href":"https:\/\/acninternational.org\/pt-pt\/wp-json\/wp\/v2\/pages\/123254"}],"wp:featuredmedia":[{"embeddable":true,"href":"https:\/\/acninternational.org\/pt-pt\/wp-json\/wp\/v2\/media\/123298"}],"wp:attachment":[{"href":"https:\/\/acninternational.org\/pt-pt\/wp-json\/wp\/v2\/media?parent=123305"}],"curies":[{"name":"wp","href":"https:\/\/api.w.org\/{rel}","templated":true}]}}