{"id":242206,"date":"2025-03-10T13:32:17","date_gmt":"2025-03-10T12:32:17","guid":{"rendered":"https:\/\/acninternational.org\/?page_id=242206"},"modified":"2025-03-10T13:49:39","modified_gmt":"2025-03-10T12:49:39","slug":"bibbia-per-bambini","status":"publish","type":"page","link":"https:\/\/acninternational.org\/it\/bibbia-per-bambini\/","title":{"rendered":"Distribuzione di Bibbie"},"content":{"rendered":"<p>\u00abAndate in tutto il mondo e predicate il Vangelo ad ogni creatura\u00bb, ha detto Ges\u00f9. Aid to the Church in Need prende alla lettera questo mandato: dal 1979, la nostra organizzazione \u00e8 casa editrice e fornitrice mondiale della Bibbia del Fanciullo, tradotta in 194 lingue e gi\u00e0 difusa 51,7 milioni di copie.<\/p>\n<p>Spesso nei Paesi poveri essa \u00e8 il primo libro che i bambini ricevono nella propria lingua e spesso \u00e8 l\u2019unico illustrato che i piccoli terranno tra le mani in tutta la loro esistenza.<\/p>\n<blockquote class=\"wp-block-quote blockquote ps-3 py-2\"><p>A volte la Bibbia del Fanciullo \u00e8 l\u2019unico libro di immagini che i bambini poveri possono avere fra le mani<\/p>\n<pre>Padre Anton L\u00e4sser, CP, Assistente Ecclesiastico Internazionale della Fondazione<\/pre>\n<\/blockquote>\n<figure id=\"attachment_214275\" aria-describedby=\"caption-attachment-214275\" style=\"width: 800px\" class=\"wp-caption aligncenter\"><img loading=\"lazy\" decoding=\"async\" class=\"wp-image-214275 size-large\" src=\"https:\/\/media.acninternational.org\/wp-content\/uploads\/2020\/06\/ACN-20230508-145630-1024x683.jpg\" alt=\"Nel centro di formazione Don Bosco a Leopoli, Ucraina\" width=\"800\" height=\"534\" srcset=\"https:\/\/media.acninternational.org\/wp-content\/uploads\/2020\/06\/ACN-20230508-145630-1024x683.jpg 1024w, https:\/\/media.acninternational.org\/wp-content\/uploads\/2020\/06\/ACN-20230508-145630-300x200.jpg 300w, https:\/\/media.acninternational.org\/wp-content\/uploads\/2020\/06\/ACN-20230508-145630-768x512.jpg 768w, https:\/\/media.acninternational.org\/wp-content\/uploads\/2020\/06\/ACN-20230508-145630.jpg 1080w\" sizes=\"auto, (max-width: 800px) 100vw, 800px\" \/><figcaption id=\"caption-attachment-214275\" class=\"wp-caption-text\">Nel centro di formazione Don Bosco a Leopoli, Ucraina<\/figcaption><\/figure>\n<p>Solo nel 2023 sono stati prodotti e distribuiti con l\u2019aiuto di ACN pi\u00f9 di 700.000 libri religiosi. Aid to the Church in Need promuove anche YOUCAT, il catechismo illustrato della Chiesa cattolica per i giovani, disponibile in 59 lingue. Dal 2016 viene pubblicato anche il DOCAT, dedicato alla dottrina sociale della Chiesa cattolica.<\/p>\n","protected":false},"excerpt":{"rendered":"<p>\u00abAndate in tutto il mondo e predicate il Vangelo ad ogni creatura\u00bb, ha detto Ges\u00f9. Aid to the Church in Need prende alla lettera questo mandato: dal 1979, la nostra organizzazione \u00e8 casa editrice e fornitrice mondiale della Bibbia del Fanciullo, tradotta in 194 lingue e gi\u00e0 difusa 51,7 milioni di copie. Spesso nei Paesi [&hellip;]<\/p>\n","protected":false},"author":4258341447,"featured_media":214269,"parent":0,"menu_order":0,"comment_status":"closed","ping_status":"closed","template":"","meta":{"_acf_changed":false,"footnotes":""},"class_list":["post-242206","page","type-page","status-publish","has-post-thumbnail","hentry","page-category-page-sub-task-area-6"],"acf":[],"yoast_head":"<!-- This site is optimized with the Yoast SEO Premium plugin v27.5 (Yoast SEO v27.5) - https:\/\/yoast.com\/product\/yoast-seo-premium-wordpress\/ -->\n<title>Distribuzione di Bibbie | ACN International<\/title>\n<meta name=\"robots\" content=\"index, follow, max-snippet:-1, max-image-preview:large, max-video-preview:-1\" \/>\n<link rel=\"canonical\" href=\"https:\/\/acninternational.org\/it\/bibbia-per-bambini\/\" \/>\n<meta property=\"og:locale\" content=\"it_IT\" \/>\n<meta property=\"og:type\" content=\"article\" \/>\n<meta property=\"og:title\" content=\"Distribuzione di Bibbie\" \/>\n<meta property=\"og:description\" content=\"\u00abAndate in tutto il mondo e predicate il Vangelo ad ogni creatura\u00bb, ha detto Ges\u00f9. Aid to the Church in Need prende alla lettera questo mandato: dal 1979, la nostra organizzazione \u00e8 casa editrice e fornitrice mondiale della Bibbia del Fanciullo, tradotta in 194 lingue e gi\u00e0 difusa 51,7 milioni di copie. Spesso nei Paesi [&hellip;]\" \/>\n<meta property=\"og:url\" content=\"https:\/\/acninternational.org\/it\/bibbia-per-bambini\/\" \/>\n<meta property=\"og:site_name\" content=\"ACN International\" \/>\n<meta property=\"article:publisher\" content=\"https:\/\/www.facebook.com\/acninternationalorg\" \/>\n<meta property=\"article:modified_time\" content=\"2025-03-10T12:49:39+00:00\" \/>\n<meta property=\"og:image\" content=\"https:\/\/media.acninternational.org\/wp-content\/uploads\/2020\/06\/ACN-20230327-143262.jpg\" \/>\n\t<meta property=\"og:image:width\" content=\"1920\" \/>\n\t<meta property=\"og:image:height\" content=\"700\" \/>\n\t<meta property=\"og:image:type\" content=\"image\/jpeg\" \/>\n<meta name=\"twitter:card\" content=\"summary_large_image\" \/>\n<meta name=\"twitter:site\" content=\"@acn_int\" \/>\n<meta name=\"twitter:label1\" content=\"Tempo di lettura stimato\" \/>\n\t<meta name=\"twitter:data1\" content=\"2 minuti\" \/>\n<script type=\"application\/ld+json\" class=\"yoast-schema-graph\">{\"@context\":\"https:\\\/\\\/schema.org\",\"@graph\":[{\"@type\":\"WebPage\",\"@id\":\"https:\\\/\\\/acninternational.org\\\/it\\\/bibbia-per-bambini\\\/\",\"url\":\"https:\\\/\\\/acninternational.org\\\/it\\\/bibbia-per-bambini\\\/\",\"name\":\"Distribuzione di Bibbie | ACN International\",\"isPartOf\":{\"@id\":\"https:\\\/\\\/acninternational.org\\\/it\\\/#website\"},\"primaryImageOfPage\":{\"@id\":\"https:\\\/\\\/acninternational.org\\\/it\\\/bibbia-per-bambini\\\/#primaryimage\"},\"image\":{\"@id\":\"https:\\\/\\\/acninternational.org\\\/it\\\/bibbia-per-bambini\\\/#primaryimage\"},\"thumbnailUrl\":\"https:\\\/\\\/media.acninternational.org\\\/wp-content\\\/uploads\\\/2020\\\/06\\\/ACN-20230327-143262.jpg\",\"datePublished\":\"2025-03-10T12:32:17+00:00\",\"dateModified\":\"2025-03-10T12:49:39+00:00\",\"breadcrumb\":{\"@id\":\"https:\\\/\\\/acninternational.org\\\/it\\\/bibbia-per-bambini\\\/#breadcrumb\"},\"inLanguage\":\"it-IT\",\"potentialAction\":[{\"@type\":\"ReadAction\",\"target\":[\"https:\\\/\\\/acninternational.org\\\/it\\\/bibbia-per-bambini\\\/\"]}]},{\"@type\":\"ImageObject\",\"inLanguage\":\"it-IT\",\"@id\":\"https:\\\/\\\/acninternational.org\\\/it\\\/bibbia-per-bambini\\\/#primaryimage\",\"url\":\"https:\\\/\\\/media.acninternational.org\\\/wp-content\\\/uploads\\\/2020\\\/06\\\/ACN-20230327-143262.jpg\",\"contentUrl\":\"https:\\\/\\\/media.acninternational.org\\\/wp-content\\\/uploads\\\/2020\\\/06\\\/ACN-20230327-143262.jpg\",\"width\":1920,\"height\":700},{\"@type\":\"BreadcrumbList\",\"@id\":\"https:\\\/\\\/acninternational.org\\\/it\\\/bibbia-per-bambini\\\/#breadcrumb\",\"itemListElement\":[{\"@type\":\"ListItem\",\"position\":1,\"name\":\"Home\",\"item\":\"https:\\\/\\\/acninternational.org\\\/it\\\/\"},{\"@type\":\"ListItem\",\"position\":2,\"name\":\"Distribuzione di Bibbie\"}]},{\"@type\":\"WebSite\",\"@id\":\"https:\\\/\\\/acninternational.org\\\/it\\\/#website\",\"url\":\"https:\\\/\\\/acninternational.org\\\/it\\\/\",\"name\":\"ACN International\",\"description\":\"\",\"publisher\":{\"@id\":\"https:\\\/\\\/acninternational.org\\\/it\\\/#organization\"},\"potentialAction\":[{\"@type\":\"SearchAction\",\"target\":{\"@type\":\"EntryPoint\",\"urlTemplate\":\"https:\\\/\\\/acninternational.org\\\/it\\\/?s={search_term_string}\"},\"query-input\":{\"@type\":\"PropertyValueSpecification\",\"valueRequired\":true,\"valueName\":\"search_term_string\"}}],\"inLanguage\":\"it-IT\"},{\"@type\":\"Organization\",\"@id\":\"https:\\\/\\\/acninternational.org\\\/it\\\/#organization\",\"name\":\"Aid to the Church in Need International\",\"url\":\"https:\\\/\\\/acninternational.org\\\/it\\\/\",\"logo\":{\"@type\":\"ImageObject\",\"inLanguage\":\"it-IT\",\"@id\":\"https:\\\/\\\/acninternational.org\\\/it\\\/#\\\/schema\\\/logo\\\/image\\\/\",\"url\":\"https:\\\/\\\/media.acninternational.org\\\/wp-content\\\/uploads\\\/2019\\\/11\\\/acn_logo_blackvector.svg\",\"contentUrl\":\"https:\\\/\\\/media.acninternational.org\\\/wp-content\\\/uploads\\\/2019\\\/11\\\/acn_logo_blackvector.svg\",\"width\":232.6,\"height\":78,\"caption\":\"Aid to the Church in Need International\"},\"image\":{\"@id\":\"https:\\\/\\\/acninternational.org\\\/it\\\/#\\\/schema\\\/logo\\\/image\\\/\"},\"sameAs\":[\"https:\\\/\\\/www.facebook.com\\\/acninternationalorg\",\"https:\\\/\\\/x.com\\\/acn_int\",\"https:\\\/\\\/www.youtube.com\\\/channel\\\/UCQ-077gS0TnVzkhHmf1opZw\",\"https:\\\/\\\/www.instagram.com\\\/acn_international\\\/\"]}]}<\/script>\n<!-- \/ Yoast SEO Premium plugin. -->","yoast_head_json":{"title":"Distribuzione di Bibbie | ACN International","robots":{"index":"index","follow":"follow","max-snippet":"max-snippet:-1","max-image-preview":"max-image-preview:large","max-video-preview":"max-video-preview:-1"},"canonical":"https:\/\/acninternational.org\/it\/bibbia-per-bambini\/","og_locale":"it_IT","og_type":"article","og_title":"Distribuzione di Bibbie","og_description":"\u00abAndate in tutto il mondo e predicate il Vangelo ad ogni creatura\u00bb, ha detto Ges\u00f9. Aid to the Church in Need prende alla lettera questo mandato: dal 1979, la nostra organizzazione \u00e8 casa editrice e fornitrice mondiale della Bibbia del Fanciullo, tradotta in 194 lingue e gi\u00e0 difusa 51,7 milioni di copie. Spesso nei Paesi [&hellip;]","og_url":"https:\/\/acninternational.org\/it\/bibbia-per-bambini\/","og_site_name":"ACN International","article_publisher":"https:\/\/www.facebook.com\/acninternationalorg","article_modified_time":"2025-03-10T12:49:39+00:00","og_image":[{"width":1920,"height":700,"url":"https:\/\/media.acninternational.org\/wp-content\/uploads\/2020\/06\/ACN-20230327-143262.jpg","type":"image\/jpeg"}],"twitter_card":"summary_large_image","twitter_site":"@acn_int","twitter_misc":{"Tempo di lettura stimato":"2 minuti"},"schema":{"@context":"https:\/\/schema.org","@graph":[{"@type":"WebPage","@id":"https:\/\/acninternational.org\/it\/bibbia-per-bambini\/","url":"https:\/\/acninternational.org\/it\/bibbia-per-bambini\/","name":"Distribuzione di Bibbie | ACN International","isPartOf":{"@id":"https:\/\/acninternational.org\/it\/#website"},"primaryImageOfPage":{"@id":"https:\/\/acninternational.org\/it\/bibbia-per-bambini\/#primaryimage"},"image":{"@id":"https:\/\/acninternational.org\/it\/bibbia-per-bambini\/#primaryimage"},"thumbnailUrl":"https:\/\/media.acninternational.org\/wp-content\/uploads\/2020\/06\/ACN-20230327-143262.jpg","datePublished":"2025-03-10T12:32:17+00:00","dateModified":"2025-03-10T12:49:39+00:00","breadcrumb":{"@id":"https:\/\/acninternational.org\/it\/bibbia-per-bambini\/#breadcrumb"},"inLanguage":"it-IT","potentialAction":[{"@type":"ReadAction","target":["https:\/\/acninternational.org\/it\/bibbia-per-bambini\/"]}]},{"@type":"ImageObject","inLanguage":"it-IT","@id":"https:\/\/acninternational.org\/it\/bibbia-per-bambini\/#primaryimage","url":"https:\/\/media.acninternational.org\/wp-content\/uploads\/2020\/06\/ACN-20230327-143262.jpg","contentUrl":"https:\/\/media.acninternational.org\/wp-content\/uploads\/2020\/06\/ACN-20230327-143262.jpg","width":1920,"height":700},{"@type":"BreadcrumbList","@id":"https:\/\/acninternational.org\/it\/bibbia-per-bambini\/#breadcrumb","itemListElement":[{"@type":"ListItem","position":1,"name":"Home","item":"https:\/\/acninternational.org\/it\/"},{"@type":"ListItem","position":2,"name":"Distribuzione di Bibbie"}]},{"@type":"WebSite","@id":"https:\/\/acninternational.org\/it\/#website","url":"https:\/\/acninternational.org\/it\/","name":"ACN International","description":"","publisher":{"@id":"https:\/\/acninternational.org\/it\/#organization"},"potentialAction":[{"@type":"SearchAction","target":{"@type":"EntryPoint","urlTemplate":"https:\/\/acninternational.org\/it\/?s={search_term_string}"},"query-input":{"@type":"PropertyValueSpecification","valueRequired":true,"valueName":"search_term_string"}}],"inLanguage":"it-IT"},{"@type":"Organization","@id":"https:\/\/acninternational.org\/it\/#organization","name":"Aid to the Church in Need International","url":"https:\/\/acninternational.org\/it\/","logo":{"@type":"ImageObject","inLanguage":"it-IT","@id":"https:\/\/acninternational.org\/it\/#\/schema\/logo\/image\/","url":"https:\/\/media.acninternational.org\/wp-content\/uploads\/2019\/11\/acn_logo_blackvector.svg","contentUrl":"https:\/\/media.acninternational.org\/wp-content\/uploads\/2019\/11\/acn_logo_blackvector.svg","width":232.6,"height":78,"caption":"Aid to the Church in Need International"},"image":{"@id":"https:\/\/acninternational.org\/it\/#\/schema\/logo\/image\/"},"sameAs":["https:\/\/www.facebook.com\/acninternationalorg","https:\/\/x.com\/acn_int","https:\/\/www.youtube.com\/channel\/UCQ-077gS0TnVzkhHmf1opZw","https:\/\/www.instagram.com\/acn_international\/"]}]}},"_links":{"self":[{"href":"https:\/\/acninternational.org\/it\/wp-json\/wp\/v2\/pages\/242206","targetHints":{"allow":["GET"]}}],"collection":[{"href":"https:\/\/acninternational.org\/it\/wp-json\/wp\/v2\/pages"}],"about":[{"href":"https:\/\/acninternational.org\/it\/wp-json\/wp\/v2\/types\/page"}],"author":[{"embeddable":true,"href":"https:\/\/acninternational.org\/it\/wp-json\/wp\/v2\/users\/4258341447"}],"replies":[{"embeddable":true,"href":"https:\/\/acninternational.org\/it\/wp-json\/wp\/v2\/comments?post=242206"}],"version-history":[{"count":0,"href":"https:\/\/acninternational.org\/it\/wp-json\/wp\/v2\/pages\/242206\/revisions"}],"wp:featuredmedia":[{"embeddable":true,"href":"https:\/\/acninternational.org\/it\/wp-json\/wp\/v2\/media\/214269"}],"wp:attachment":[{"href":"https:\/\/acninternational.org\/it\/wp-json\/wp\/v2\/media?parent=242206"}],"curies":[{"name":"wp","href":"https:\/\/api.w.org\/{rel}","templated":true}]}}