{"id":139077,"date":"2020-06-29T12:10:31","date_gmt":"2020-06-29T10:10:31","guid":{"rendered":"https:\/\/acninternational.org\/nostro-lavoro\/"},"modified":"2026-03-06T16:39:10","modified_gmt":"2026-03-06T15:39:10","slug":"nostro-lavoro","status":"publish","type":"page","link":"https:\/\/acninternational.org\/it\/nostro-lavoro\/","title":{"rendered":"Nostro lavoro"},"content":{"rendered":"<h1>In molti Paesi i cristiani vengono discriminati e perseguitati.<\/h1>\n<blockquote class=\"wp-block-quote blockquote ps-3 py-2\">\n<p style=\"font-weight: 400;\"><strong>Ogni volta che avete fatto queste cose a uno solo di questi miei fratelli pi\u00f9 piccoli, l\u2019avete fatto a me!<\/strong><\/p>\n<pre>Mt 25,40<\/pre>\n<\/blockquote>\n<p style=\"font-weight: 400;\">Fin dai suoi inizi, la Chiesa ha sempre offerto aiuto alle persone nel bisogno. Ma la Chiesa stessa ha bisogno spesso di un aiuto urgente, soprattutto nei Paesi in via di sviluppo e negli Stati in cui \u00e8 aflitta dalle migrazioni di massa interne, dalla persecuzione o dai disastri naturali.<\/p>\n<p>Secondo i nostri calcoli, il 62 per cento della popolazione mondiale vive in Paesi dove non pu\u00f2 praticare liberamente la propria fede e la met\u00e0 risiede in Paesi dove vige una vera e propria persecuzione. Il diritto fondamentale alla libert\u00e0 religiosa non \u00e8 garantito in almeno 61 Paesi. I cristiani sono particolarmente colpiti.<\/p>\n<p style=\"font-weight: 400;\">Laddove la vita ecclesiastica e l\u2019assistenza pastorale ai credenti possono essere mantenute a fatica con le sole forze a disposizione, la Chiesa fa afidamento sugli aiuti provenienti dall\u2019estero. A diferenza della maggior parte delle organizzazioni caritative che si occupano di bisogni sociali, Aid to the Church in Need, conosciuta in passato anche con il nome di Aiuto alla Chiesa che sofre, si concentra sul sostegno dell\u2019assistenza pastorale.<\/p>\n<h2>Cos\u00ec le donazioni diventano aiuto concreto per i cristiani bisognosi.<\/h2>\n<p style=\"font-weight: 400;\">Da 78 anni operiamo all\u2019insegna della professionalit\u00e0, della trasparenza, dell\u2019efficacia e dell\u2019eficienza in modo che le donazioni dei nostri benefattori possano dispiegare l\u2019efetto migliore proprio laddove serve pi\u00f9 urgentemente, ovvero la Chiesa bisognosa in loco.<\/p>\n<p><img loading=\"lazy\" decoding=\"async\" src=\"https:\/\/media.acninternational.org\/wp-content\/uploads\/2024\/06\/works-it-1024x405.jpg\" sizes=\"auto, (max-width: 800px) 100vw, 800px\" srcset=\"https:\/\/media.acninternational.org\/wp-content\/uploads\/2024\/06\/works-it-1024x405.jpg 1024w, https:\/\/media.acninternational.org\/wp-content\/uploads\/2024\/06\/works-it-300x119.jpg 300w, https:\/\/media.acninternational.org\/wp-content\/uploads\/2024\/06\/works-it-768x304.jpg 768w, https:\/\/media.acninternational.org\/wp-content\/uploads\/2024\/06\/works-it-1536x607.jpg 1536w, https:\/\/media.acninternational.org\/wp-content\/uploads\/2024\/06\/works-it.jpg 1920w\" alt=\"\" width=\"800\" height=\"316\" \/><\/p>\n<ol>\n<li style=\"font-weight: 400;\">La necessit\u00e0 di un progetto d\u2019aiuto nasce in un luogo in cui la Chiesa sofre per la povert\u00e0 e le persecuzioni. La diocesi o la comunit\u00e0 inoltrano il progetto su consiglio del vescovo locale o dei superiori alla Sede internazionale di ACN (Aid to the Church in Need) a K\u00f6nigstein, in Germania.<\/li>\n<li style=\"font-weight: 400;\">Il responsabile di sezione della regione analizza il progetto. Se necessario, chiede ulteriori informazioni. Entro massimo tre mesi la Sede internazionale di ACN comunica se il progetto \u00e8 stato accolto o meno.<\/li>\n<li style=\"font-weight: 400;\">La Sede internazionale di ACN informa le Sedi nazionali sui progetti che possono essere presentati per la raccolta fondi presso i benefattori<\/li>\n<li style=\"font-weight: 400;\">Gli ufici organizzano iniziative per informare e spiegare, in modo che i benefattori sostengano i progetti.<\/li>\n<li style=\"font-weight: 400;\">I benefattori si sentono coinvolti e fanno donazioni.<\/li>\n<li style=\"font-weight: 400;\">Le Sedi nazionali di ACN versano le donazioni alla Sede internazionale di ACN.<\/li>\n<li style=\"font-weight: 400;\">ACN decide i progetti e il loro finanziamento, segue e monitora l\u2019attuazione.<\/li>\n<\/ol>\n<p style=\"font-weight: 400;\">Una volta che il progetto \u00e8 stato accettato trascorrono da uno a sei mesi prima che ACN si assuma i costi del progetto. In casi d\u2019emergenza, la Sede internazionale di ACN fornisce immediatamente i fondi.<\/p>\n","protected":false},"excerpt":{"rendered":"<p>In molti Paesi i cristiani vengono discriminati e perseguitati. Ogni volta che avete fatto queste cose a uno solo di questi miei fratelli pi\u00f9 piccoli, l\u2019avete fatto a me! Mt 25,40 Fin dai suoi inizi, la Chiesa ha sempre offerto aiuto alle persone nel bisogno. Ma la Chiesa stessa ha bisogno spesso di un aiuto [&hellip;]<\/p>\n","protected":false},"author":66,"featured_media":210531,"parent":0,"menu_order":0,"comment_status":"closed","ping_status":"closed","template":"page_general.php","meta":{"_acf_changed":false,"footnotes":""},"class_list":["post-139077","page","type-page","status-publish","has-post-thumbnail","hentry"],"acf":[],"yoast_head":"<!-- This site is optimized with the Yoast SEO Premium plugin v27.3 (Yoast SEO v27.3) - https:\/\/yoast.com\/product\/yoast-seo-premium-wordpress\/ -->\n<title>Nostro lavoro | ACN International<\/title>\n<meta name=\"description\" content=\"Cosa distingue ACN dalle altre organizzazioni? Siamo l\u2019unica organizzazione cattolica che si concentra sul sostegno ai cristiani perseguitati e sofferenti\" \/>\n<meta name=\"robots\" content=\"index, follow, max-snippet:-1, max-image-preview:large, max-video-preview:-1\" \/>\n<link rel=\"canonical\" href=\"https:\/\/acninternational.org\/it\/nostro-lavoro\/\" \/>\n<meta property=\"og:locale\" content=\"it_IT\" \/>\n<meta property=\"og:type\" content=\"article\" \/>\n<meta property=\"og:title\" content=\"Nostro lavoro\" \/>\n<meta property=\"og:description\" content=\"Cosa distingue ACN dalle altre organizzazioni? Siamo l\u2019unica organizzazione cattolica che si concentra sul sostegno ai cristiani perseguitati e sofferenti\" \/>\n<meta property=\"og:url\" content=\"https:\/\/acninternational.org\/it\/nostro-lavoro\/\" \/>\n<meta property=\"og:site_name\" content=\"ACN International\" \/>\n<meta property=\"article:publisher\" content=\"https:\/\/www.facebook.com\/acninternationalorg\" \/>\n<meta property=\"article:modified_time\" content=\"2026-03-06T15:39:10+00:00\" \/>\n<meta property=\"og:image\" content=\"https:\/\/media.acninternational.org\/wp-content\/uploads\/2024\/06\/ACN-20230928-153700.jpg\" \/>\n\t<meta property=\"og:image:width\" content=\"1400\" \/>\n\t<meta property=\"og:image:height\" content=\"438\" \/>\n\t<meta property=\"og:image:type\" content=\"image\/jpeg\" \/>\n<meta name=\"twitter:card\" content=\"summary_large_image\" \/>\n<meta name=\"twitter:site\" content=\"@acn_int\" \/>\n<meta name=\"twitter:label1\" content=\"Tempo di lettura stimato\" \/>\n\t<meta name=\"twitter:data1\" content=\"3 minuti\" \/>\n<script type=\"application\/ld+json\" class=\"yoast-schema-graph\">{\"@context\":\"https:\\\/\\\/schema.org\",\"@graph\":[{\"@type\":\"WebPage\",\"@id\":\"https:\\\/\\\/acninternational.org\\\/it\\\/nostro-lavoro\\\/\",\"url\":\"https:\\\/\\\/acninternational.org\\\/it\\\/nostro-lavoro\\\/\",\"name\":\"Nostro lavoro | ACN International\",\"isPartOf\":{\"@id\":\"https:\\\/\\\/acninternational.org\\\/it\\\/#website\"},\"primaryImageOfPage\":{\"@id\":\"https:\\\/\\\/acninternational.org\\\/it\\\/nostro-lavoro\\\/#primaryimage\"},\"image\":{\"@id\":\"https:\\\/\\\/acninternational.org\\\/it\\\/nostro-lavoro\\\/#primaryimage\"},\"thumbnailUrl\":\"https:\\\/\\\/media.acninternational.org\\\/wp-content\\\/uploads\\\/2024\\\/06\\\/ACN-20230928-153700.jpg\",\"datePublished\":\"2020-06-29T10:10:31+00:00\",\"dateModified\":\"2026-03-06T15:39:10+00:00\",\"description\":\"Cosa distingue ACN dalle altre organizzazioni? Siamo l\u2019unica organizzazione cattolica che si concentra sul sostegno ai cristiani perseguitati e sofferenti\",\"breadcrumb\":{\"@id\":\"https:\\\/\\\/acninternational.org\\\/it\\\/nostro-lavoro\\\/#breadcrumb\"},\"inLanguage\":\"it-IT\",\"potentialAction\":[{\"@type\":\"ReadAction\",\"target\":[\"https:\\\/\\\/acninternational.org\\\/it\\\/nostro-lavoro\\\/\"]}]},{\"@type\":\"ImageObject\",\"inLanguage\":\"it-IT\",\"@id\":\"https:\\\/\\\/acninternational.org\\\/it\\\/nostro-lavoro\\\/#primaryimage\",\"url\":\"https:\\\/\\\/media.acninternational.org\\\/wp-content\\\/uploads\\\/2024\\\/06\\\/ACN-20230928-153700.jpg\",\"contentUrl\":\"https:\\\/\\\/media.acninternational.org\\\/wp-content\\\/uploads\\\/2024\\\/06\\\/ACN-20230928-153700.jpg\",\"width\":1400,\"height\":438},{\"@type\":\"BreadcrumbList\",\"@id\":\"https:\\\/\\\/acninternational.org\\\/it\\\/nostro-lavoro\\\/#breadcrumb\",\"itemListElement\":[{\"@type\":\"ListItem\",\"position\":1,\"name\":\"Home\",\"item\":\"https:\\\/\\\/acninternational.org\\\/it\\\/\"},{\"@type\":\"ListItem\",\"position\":2,\"name\":\"Nostro lavoro\"}]},{\"@type\":\"WebSite\",\"@id\":\"https:\\\/\\\/acninternational.org\\\/it\\\/#website\",\"url\":\"https:\\\/\\\/acninternational.org\\\/it\\\/\",\"name\":\"ACN International\",\"description\":\"\",\"publisher\":{\"@id\":\"https:\\\/\\\/acninternational.org\\\/it\\\/#organization\"},\"potentialAction\":[{\"@type\":\"SearchAction\",\"target\":{\"@type\":\"EntryPoint\",\"urlTemplate\":\"https:\\\/\\\/acninternational.org\\\/it\\\/?s={search_term_string}\"},\"query-input\":{\"@type\":\"PropertyValueSpecification\",\"valueRequired\":true,\"valueName\":\"search_term_string\"}}],\"inLanguage\":\"it-IT\"},{\"@type\":\"Organization\",\"@id\":\"https:\\\/\\\/acninternational.org\\\/it\\\/#organization\",\"name\":\"Aid to the Church in Need International\",\"url\":\"https:\\\/\\\/acninternational.org\\\/it\\\/\",\"logo\":{\"@type\":\"ImageObject\",\"inLanguage\":\"it-IT\",\"@id\":\"https:\\\/\\\/acninternational.org\\\/it\\\/#\\\/schema\\\/logo\\\/image\\\/\",\"url\":\"https:\\\/\\\/media.acninternational.org\\\/wp-content\\\/uploads\\\/2019\\\/11\\\/acn_logo_blackvector.svg\",\"contentUrl\":\"https:\\\/\\\/media.acninternational.org\\\/wp-content\\\/uploads\\\/2019\\\/11\\\/acn_logo_blackvector.svg\",\"width\":232.6,\"height\":78,\"caption\":\"Aid to the Church in Need International\"},\"image\":{\"@id\":\"https:\\\/\\\/acninternational.org\\\/it\\\/#\\\/schema\\\/logo\\\/image\\\/\"},\"sameAs\":[\"https:\\\/\\\/www.facebook.com\\\/acninternationalorg\",\"https:\\\/\\\/x.com\\\/acn_int\",\"https:\\\/\\\/www.youtube.com\\\/channel\\\/UCQ-077gS0TnVzkhHmf1opZw\",\"https:\\\/\\\/www.instagram.com\\\/acn_international\\\/\"]}]}<\/script>\n<!-- \/ Yoast SEO Premium plugin. -->","yoast_head_json":{"title":"Nostro lavoro | ACN International","description":"Cosa distingue ACN dalle altre organizzazioni? Siamo l\u2019unica organizzazione cattolica che si concentra sul sostegno ai cristiani perseguitati e sofferenti","robots":{"index":"index","follow":"follow","max-snippet":"max-snippet:-1","max-image-preview":"max-image-preview:large","max-video-preview":"max-video-preview:-1"},"canonical":"https:\/\/acninternational.org\/it\/nostro-lavoro\/","og_locale":"it_IT","og_type":"article","og_title":"Nostro lavoro","og_description":"Cosa distingue ACN dalle altre organizzazioni? Siamo l\u2019unica organizzazione cattolica che si concentra sul sostegno ai cristiani perseguitati e sofferenti","og_url":"https:\/\/acninternational.org\/it\/nostro-lavoro\/","og_site_name":"ACN International","article_publisher":"https:\/\/www.facebook.com\/acninternationalorg","article_modified_time":"2026-03-06T15:39:10+00:00","og_image":[{"width":1400,"height":438,"url":"https:\/\/media.acninternational.org\/wp-content\/uploads\/2024\/06\/ACN-20230928-153700.jpg","type":"image\/jpeg"}],"twitter_card":"summary_large_image","twitter_site":"@acn_int","twitter_misc":{"Tempo di lettura stimato":"3 minuti"},"schema":{"@context":"https:\/\/schema.org","@graph":[{"@type":"WebPage","@id":"https:\/\/acninternational.org\/it\/nostro-lavoro\/","url":"https:\/\/acninternational.org\/it\/nostro-lavoro\/","name":"Nostro lavoro | ACN International","isPartOf":{"@id":"https:\/\/acninternational.org\/it\/#website"},"primaryImageOfPage":{"@id":"https:\/\/acninternational.org\/it\/nostro-lavoro\/#primaryimage"},"image":{"@id":"https:\/\/acninternational.org\/it\/nostro-lavoro\/#primaryimage"},"thumbnailUrl":"https:\/\/media.acninternational.org\/wp-content\/uploads\/2024\/06\/ACN-20230928-153700.jpg","datePublished":"2020-06-29T10:10:31+00:00","dateModified":"2026-03-06T15:39:10+00:00","description":"Cosa distingue ACN dalle altre organizzazioni? Siamo l\u2019unica organizzazione cattolica che si concentra sul sostegno ai cristiani perseguitati e sofferenti","breadcrumb":{"@id":"https:\/\/acninternational.org\/it\/nostro-lavoro\/#breadcrumb"},"inLanguage":"it-IT","potentialAction":[{"@type":"ReadAction","target":["https:\/\/acninternational.org\/it\/nostro-lavoro\/"]}]},{"@type":"ImageObject","inLanguage":"it-IT","@id":"https:\/\/acninternational.org\/it\/nostro-lavoro\/#primaryimage","url":"https:\/\/media.acninternational.org\/wp-content\/uploads\/2024\/06\/ACN-20230928-153700.jpg","contentUrl":"https:\/\/media.acninternational.org\/wp-content\/uploads\/2024\/06\/ACN-20230928-153700.jpg","width":1400,"height":438},{"@type":"BreadcrumbList","@id":"https:\/\/acninternational.org\/it\/nostro-lavoro\/#breadcrumb","itemListElement":[{"@type":"ListItem","position":1,"name":"Home","item":"https:\/\/acninternational.org\/it\/"},{"@type":"ListItem","position":2,"name":"Nostro lavoro"}]},{"@type":"WebSite","@id":"https:\/\/acninternational.org\/it\/#website","url":"https:\/\/acninternational.org\/it\/","name":"ACN International","description":"","publisher":{"@id":"https:\/\/acninternational.org\/it\/#organization"},"potentialAction":[{"@type":"SearchAction","target":{"@type":"EntryPoint","urlTemplate":"https:\/\/acninternational.org\/it\/?s={search_term_string}"},"query-input":{"@type":"PropertyValueSpecification","valueRequired":true,"valueName":"search_term_string"}}],"inLanguage":"it-IT"},{"@type":"Organization","@id":"https:\/\/acninternational.org\/it\/#organization","name":"Aid to the Church in Need International","url":"https:\/\/acninternational.org\/it\/","logo":{"@type":"ImageObject","inLanguage":"it-IT","@id":"https:\/\/acninternational.org\/it\/#\/schema\/logo\/image\/","url":"https:\/\/media.acninternational.org\/wp-content\/uploads\/2019\/11\/acn_logo_blackvector.svg","contentUrl":"https:\/\/media.acninternational.org\/wp-content\/uploads\/2019\/11\/acn_logo_blackvector.svg","width":232.6,"height":78,"caption":"Aid to the Church in Need International"},"image":{"@id":"https:\/\/acninternational.org\/it\/#\/schema\/logo\/image\/"},"sameAs":["https:\/\/www.facebook.com\/acninternationalorg","https:\/\/x.com\/acn_int","https:\/\/www.youtube.com\/channel\/UCQ-077gS0TnVzkhHmf1opZw","https:\/\/www.instagram.com\/acn_international\/"]}]}},"_links":{"self":[{"href":"https:\/\/acninternational.org\/it\/wp-json\/wp\/v2\/pages\/139077","targetHints":{"allow":["GET"]}}],"collection":[{"href":"https:\/\/acninternational.org\/it\/wp-json\/wp\/v2\/pages"}],"about":[{"href":"https:\/\/acninternational.org\/it\/wp-json\/wp\/v2\/types\/page"}],"author":[{"embeddable":true,"href":"https:\/\/acninternational.org\/it\/wp-json\/wp\/v2\/users\/66"}],"replies":[{"embeddable":true,"href":"https:\/\/acninternational.org\/it\/wp-json\/wp\/v2\/comments?post=139077"}],"version-history":[{"count":2,"href":"https:\/\/acninternational.org\/it\/wp-json\/wp\/v2\/pages\/139077\/revisions"}],"predecessor-version":[{"id":262153,"href":"https:\/\/acninternational.org\/it\/wp-json\/wp\/v2\/pages\/139077\/revisions\/262153"}],"wp:featuredmedia":[{"embeddable":true,"href":"https:\/\/acninternational.org\/it\/wp-json\/wp\/v2\/media\/210531"}],"wp:attachment":[{"href":"https:\/\/acninternational.org\/it\/wp-json\/wp\/v2\/media?parent=139077"}],"curies":[{"name":"wp","href":"https:\/\/api.w.org\/{rel}","templated":true}]}}