{"id":139062,"date":"2020-06-18T11:45:48","date_gmt":"2020-06-18T09:45:48","guid":{"rendered":"https:\/\/acninternational.org\/fatti-e-cifre-2\/"},"modified":"2024-06-20T18:26:07","modified_gmt":"2024-06-20T16:26:07","slug":"amministrazione-trasparente","status":"publish","type":"page","link":"https:\/\/acninternational.org\/it\/amministrazione-trasparente\/","title":{"rendered":"Fatti e cifre"},"content":{"rendered":"<h1>Fatti e cifre <\/h1>\n<h3 style=\"font-weight: 400;\"><strong>Nel 2023 abbiamo potuto sostenere 5.573 progetti in tutto il mondo.<\/strong><\/h3>\n<p style=\"font-weight: 400;\">Nel 2023 abbiamo ricevuto 7.689 richieste d\u2019aiuto da tutto il mondo. Grazie alla generosit\u00e0 dei nostri benefattori abbiamo registrato donazioni per un totale di 143,7 milioni di euro. Includendo l\u2019uso di riserve degli anni precedenti per 0,8 milioni di euro, abbiamo cos\u00ec finanziato attivit\u00e0 per 144,5 milioni di euro. Come si pu\u00f2 vedere dal grafico, la percentuale di gran lunga maggiore delle nostre uscite \u00e8 confluita nelle spese legate alla nostra missione, ovvero in progetti concreti, nell\u2019informazione e nelle iniziative di preghiera.<\/p>\n<p>\t\t\t\t\t\t\t\t\t\t\t\t\t<img loading=\"lazy\" decoding=\"async\" width=\"800\" height=\"253\" src=\"https:\/\/media.acninternational.org\/wp-content\/uploads\/2024\/06\/UseofFunds-2023_it-1024x324.png\" alt=\"\" srcset=\"https:\/\/media.acninternational.org\/wp-content\/uploads\/2024\/06\/UseofFunds-2023_it-1024x324.png 1024w, https:\/\/media.acninternational.org\/wp-content\/uploads\/2024\/06\/UseofFunds-2023_it-300x95.png 300w, https:\/\/media.acninternational.org\/wp-content\/uploads\/2024\/06\/UseofFunds-2023_it-768x243.png 768w, https:\/\/media.acninternational.org\/wp-content\/uploads\/2024\/06\/UseofFunds-2023_it-1536x486.png 1536w, https:\/\/media.acninternational.org\/wp-content\/uploads\/2024\/06\/UseofFunds-2023_it-2048x648.png 2048w\" sizes=\"auto, (max-width: 800px) 100vw, 800px\" \/><br \/>\n\t\t\t<svg xmlns=\"http:\/\/www.w3.org\/2000\/svg\" xmlns:xlink=\"http:\/\/www.w3.org\/1999\/xlink\" id=\"Layer_1\" x=\"0px\" y=\"0px\" viewBox=\"0 0 19.2 15.5\" style=\"enable-background:new 0 0 19.2 15.5;\" xml:space=\"preserve\"> <\/p>\n<style type=\"text\/css\"> .st0{fill:#B81325;} <\/style>\n<p> <g> <g id=\"Layer_1-2\"> <path d=\"M0,0h3.5v1.1h-2v13.2h2v1.1H0V0z\"><\/path> <path d=\"M15.7,14.4h2V1.1h-2V0h3.5v15.5h-3.5V14.4z\"><\/path> <path d=\"M8.8,8.5H5.6V7h3.2V3.6h1.6V7h3.2v1.5h-3.2v3.4H8.8V8.5z\"><\/path> <\/g> <\/g> <\/svg><br \/>\n\t\t\tDescrizione dettagliata dell\u2019utilizzo delle donazioni<br \/>\n\t\t\t&nbsp;Spese per le missioni<br \/>\n\t\t\t&nbsp;Amministrazione<br \/>\n\t\t\t&nbsp;Spese per la comunicazione con i benefattori e per la pubblicit\u00e0 per la raccolta fondi<br \/>\n\t\t\t<svg xmlns=\"http:\/\/www.w3.org\/2000\/svg\" xmlns:xlink=\"http:\/\/www.w3.org\/1999\/xlink\" id=\"Layer_1\" x=\"0px\" y=\"0px\" viewBox=\"0 0 19.2 15.5\" style=\"enable-background:new 0 0 19.2 15.5;\" xml:space=\"preserve\"> <\/p>\n<style type=\"text\/css\"> .st0{fill:#B81325;} <\/style>\n<p> <g> <g id=\"Layer_1-2\"> <path d=\"M0,0h3.5v1.1h-2v13.2h2v1.1H0V0z\"><\/path> <path d=\"M15.7,14.4h2V1.1h-2V0h3.5v15.5h-3.5V14.4z\"><\/path> <path d=\"M8.8,8.5H5.6V7h3.2V3.6h1.6V7h3.2v1.5h-3.2v3.4H8.8V8.5z\"><\/path> <\/g> <\/g> <\/svg><br \/>\n\t\t\tSpese per le missioni<br \/>\n\t\t\t&nbsp;Attivit\u00e0 di progetto<br \/>\n\t\t\t&nbsp;Informazione, evangelizzazione e patrocinio per i cristiani svantaggiati e perseguitati\t\t<\/p>\n<p style=\"font-weight: 400;\">Le percentuali destinate alle spese necessarie per l\u2019amministrazione e la raccolta di fondi sono state come sempre basse, in modo che arrivassero pi\u00f9 fondi possibili ai cristiani sul posto. In questo modo abbiamo potuto sostenere nel 2023 5.573 progetti in 138 Paesi con una cifra pari a 100,8 milioni di euro. 16,6 milioni di euro sono confluiti in tutto il mondo nel lavoro d\u2019informazione, nell\u2019annuncio della fede e nel patrocinio a favore dei cristiani svantaggiati e perseguitati.<\/p>\n<p>I lasciti hanno costituito una parte significativa del nostro sostegno alla Chiesa nel 2023 con 33,6 milioni di euro, pari al 23,3 per cento delle entrate. Insieme ai nostri fratelli e sorelle bisognosi, quindi, non solo ringraziamo i nostri benefattori in vita, ma ricordiamo con gratitudine anche coloro che ci sostengono dopo la loro morte.<\/p>\n<p>\t\t\tUffici in 23<br \/>\n\t\t\tPi\u00f9 di 359.920<br \/>\n\t\t\t143.737.504<br \/>\n\t\t\tPartner in 138<br \/>\n\t\t\t5.573<br \/>\n\t\t\t81,3<br \/>\n\t\t\tpaesi<br \/>\n\t\t\tdonatori in tutto il mondo<br \/>\n\t\t\tdi euro in donazioni e lasciti<br \/>\n\t\t\tpaesi<br \/>\n\t\t\tprogetti sostenuti in tutto il mondo<br \/>\n\t\t\tper cento delle donazioni utilizzato<br \/>\nper finanziare la nostra missione\t\t<\/p>\n<p style=\"text-align: center;\">Tutti i dati finanziari sono sottoposti a revisione contabile da parte della societ\u00e0 di revisione indipendente PwC.<\/p>\n<p style=\"text-align: center;\"><strong>*<\/strong><strong>Spese relative alla nostra missione (2023)<\/strong><\/p>\n<h1>Le nostre priorit\u00e0 nell\u2019 anno in esame 2023<\/h1>\n<p style=\"font-weight: 400;\">Nel 2023 abbiamo aumentato il nostro aiuto per la formazione di sacerdoti, religiosi e laici, da sempre tra le nostre priorit\u00e0, al 26,7 per cento, ovvero pi\u00f9 di un quarto dei nostri aiuti totali.<\/p>\n<p style=\"font-weight: 400;\">Con il 26,8 per cento, i progetti per la costruzione, la ricostruzione o la ristrutturazione di chiese ed edifici ecclesiastici hanno rappresentato pi\u00f9 di un quarto dei nostri finanziamenti.<\/p>\n<p style=\"font-weight: 400;\">Con le oferte per le intenzioni di Sante Messe per i sacerdoti e gli aiuti al sostentamento per le suore, abbiamo potuto contribuire anche nel 2023 ai loro mezzi di sussistenza. In questi progetti \u00e8 confluito il 21,6 per cento dei nostri finanziamenti.<\/p>\n<p style=\"font-weight: 400;\">Inoltre, durante i periodi di crisi veri e propri siamo attivi con aiuti di emergenza per la popolazione che sofre. Nel 2023 questi aiuti di emergenza nelle aree in cui i cristiani sono minacciati dalla violenza e dallo sfollamento hanno rappresentato il 10,8 per cento del nostro aiuto totale.<\/p>\n<p>\t\t\t\t\t\t\t\t\t\t\t\t\t<img loading=\"lazy\" decoding=\"async\" width=\"768\" height=\"684\" src=\"https:\/\/media.acninternational.org\/wp-content\/uploads\/2024\/06\/Aidgrantedbytype-2023_it-768x684.png\" alt=\"\" srcset=\"https:\/\/media.acninternational.org\/wp-content\/uploads\/2024\/06\/Aidgrantedbytype-2023_it-768x684.png 768w, https:\/\/media.acninternational.org\/wp-content\/uploads\/2024\/06\/Aidgrantedbytype-2023_it-300x267.png 300w, https:\/\/media.acninternational.org\/wp-content\/uploads\/2024\/06\/Aidgrantedbytype-2023_it.png 951w\" sizes=\"auto, (max-width: 768px) 100vw, 768px\" \/><br \/>\n\t\t\t<svg xmlns=\"http:\/\/www.w3.org\/2000\/svg\" xmlns:xlink=\"http:\/\/www.w3.org\/1999\/xlink\" id=\"Layer_1\" x=\"0px\" y=\"0px\" viewBox=\"0 0 19.2 15.5\" style=\"enable-background:new 0 0 19.2 15.5;\" xml:space=\"preserve\"> <\/p>\n<style type=\"text\/css\"> .st0{fill:#B81325;} <\/style>\n<p> <g> <g id=\"Layer_1-2\"> <path d=\"M0,0h3.5v1.1h-2v13.2h2v1.1H0V0z\"><\/path> <path d=\"M15.7,14.4h2V1.1h-2V0h3.5v15.5h-3.5V14.4z\"><\/path> <path d=\"M8.8,8.5H5.6V7h3.2V3.6h1.6V7h3.2v1.5h-3.2v3.4H8.8V8.5z\"><\/path> <\/g> <\/g> <\/svg><br \/>\n\t\t\tAiuti concessi per tipo di assistenza<br \/>\n\t\t\th<br \/>\n\t\t\tCostruzione e ricostruzione<br \/>\n\t\t\ta<br \/>\n\t\t\tOfferte per intenzioni delle Messe<br \/>\n\t\t\ti<br \/>\n\t\t\tAiuti d\u2019emergenza<br \/>\n\t\t\tb<br \/>\n\t\t\tFormazione di sacerdoti, religiosi e religiose<br \/>\n\t\t\td<br \/>\n\t\t\tEducazione alla fede dei laici<br \/>\n\t\t\tg<br \/>\n\t\t\tMezzi di trasporto per la pastorale<br \/>\n\t\t\te\t\t<\/p>\n<p>Distribuzione di Bibbie, libri religiosi e media<\/p>\n<p>\t\t\tc<br \/>\n\t\t\tAiuti per il sostentamento dei religiosi<\/p>\n","protected":false},"excerpt":{"rendered":"<p>Fatti e cifre Nel 2023 abbiamo potuto sostenere 5.573 progetti in tutto il mondo. Nel 2023 abbiamo ricevuto 7.689 richieste d\u2019aiuto da tutto il mondo. Grazie alla generosit\u00e0 dei nostri benefattori abbiamo registrato donazioni per un totale di 143,7 milioni di euro. Includendo l\u2019uso di riserve degli anni precedenti per 0,8 milioni di euro, abbiamo [&hellip;]<\/p>\n","protected":false},"author":4258341447,"featured_media":211067,"parent":0,"menu_order":0,"comment_status":"closed","ping_status":"closed","template":"","meta":{"_acf_changed":false,"footnotes":""},"class_list":["post-139062","page","type-page","status-publish","has-post-thumbnail","hentry"],"acf":[],"yoast_head":"<!-- This site is optimized with the Yoast SEO Premium plugin v27.3 (Yoast SEO v27.3) - https:\/\/yoast.com\/product\/yoast-seo-premium-wordpress\/ -->\n<title>Fatti e cifre | ACN International<\/title>\n<meta name=\"robots\" content=\"index, follow, max-snippet:-1, max-image-preview:large, max-video-preview:-1\" \/>\n<link rel=\"canonical\" href=\"https:\/\/acninternational.org\/it\/amministrazione-trasparente\/\" \/>\n<meta property=\"og:locale\" content=\"it_IT\" \/>\n<meta property=\"og:type\" content=\"article\" \/>\n<meta property=\"og:title\" content=\"Fatti e cifre\" \/>\n<meta property=\"og:description\" content=\"Fatti e cifre Nel 2023 abbiamo potuto sostenere 5.573 progetti in tutto il mondo. Nel 2023 abbiamo ricevuto 7.689 richieste d\u2019aiuto da tutto il mondo. Grazie alla generosit\u00e0 dei nostri benefattori abbiamo registrato donazioni per un totale di 143,7 milioni di euro. Includendo l\u2019uso di riserve degli anni precedenti per 0,8 milioni di euro, abbiamo [&hellip;]\" \/>\n<meta property=\"og:url\" content=\"https:\/\/acninternational.org\/it\/amministrazione-trasparente\/\" \/>\n<meta property=\"og:site_name\" content=\"ACN International\" \/>\n<meta property=\"article:publisher\" content=\"https:\/\/www.facebook.com\/acninternationalorg\" \/>\n<meta property=\"article:modified_time\" content=\"2024-06-20T16:26:07+00:00\" \/>\n<meta property=\"og:image\" content=\"https:\/\/media.acninternational.org\/wp-content\/uploads\/2024\/06\/ACN-20231110-155668.jpg\" \/>\n\t<meta property=\"og:image:width\" content=\"1920\" \/>\n\t<meta property=\"og:image:height\" content=\"700\" \/>\n\t<meta property=\"og:image:type\" content=\"image\/jpeg\" \/>\n<meta name=\"twitter:card\" content=\"summary_large_image\" \/>\n<meta name=\"twitter:site\" content=\"@acn_int\" \/>\n<meta name=\"twitter:label1\" content=\"Tempo di lettura stimato\" \/>\n\t<meta name=\"twitter:data1\" content=\"4 minuti\" \/>\n<script type=\"application\/ld+json\" class=\"yoast-schema-graph\">{\"@context\":\"https:\\\/\\\/schema.org\",\"@graph\":[{\"@type\":\"WebPage\",\"@id\":\"https:\\\/\\\/acninternational.org\\\/it\\\/amministrazione-trasparente\\\/\",\"url\":\"https:\\\/\\\/acninternational.org\\\/it\\\/amministrazione-trasparente\\\/\",\"name\":\"Fatti e cifre | ACN International\",\"isPartOf\":{\"@id\":\"https:\\\/\\\/acninternational.org\\\/it\\\/#website\"},\"primaryImageOfPage\":{\"@id\":\"https:\\\/\\\/acninternational.org\\\/it\\\/amministrazione-trasparente\\\/#primaryimage\"},\"image\":{\"@id\":\"https:\\\/\\\/acninternational.org\\\/it\\\/amministrazione-trasparente\\\/#primaryimage\"},\"thumbnailUrl\":\"https:\\\/\\\/media.acninternational.org\\\/wp-content\\\/uploads\\\/2024\\\/06\\\/ACN-20231110-155668.jpg\",\"datePublished\":\"2020-06-18T09:45:48+00:00\",\"dateModified\":\"2024-06-20T16:26:07+00:00\",\"breadcrumb\":{\"@id\":\"https:\\\/\\\/acninternational.org\\\/it\\\/amministrazione-trasparente\\\/#breadcrumb\"},\"inLanguage\":\"it-IT\",\"potentialAction\":[{\"@type\":\"ReadAction\",\"target\":[\"https:\\\/\\\/acninternational.org\\\/it\\\/amministrazione-trasparente\\\/\"]}]},{\"@type\":\"ImageObject\",\"inLanguage\":\"it-IT\",\"@id\":\"https:\\\/\\\/acninternational.org\\\/it\\\/amministrazione-trasparente\\\/#primaryimage\",\"url\":\"https:\\\/\\\/media.acninternational.org\\\/wp-content\\\/uploads\\\/2024\\\/06\\\/ACN-20231110-155668.jpg\",\"contentUrl\":\"https:\\\/\\\/media.acninternational.org\\\/wp-content\\\/uploads\\\/2024\\\/06\\\/ACN-20231110-155668.jpg\",\"width\":1920,\"height\":700},{\"@type\":\"BreadcrumbList\",\"@id\":\"https:\\\/\\\/acninternational.org\\\/it\\\/amministrazione-trasparente\\\/#breadcrumb\",\"itemListElement\":[{\"@type\":\"ListItem\",\"position\":1,\"name\":\"Home\",\"item\":\"https:\\\/\\\/acninternational.org\\\/it\\\/\"},{\"@type\":\"ListItem\",\"position\":2,\"name\":\"Fatti e cifre\"}]},{\"@type\":\"WebSite\",\"@id\":\"https:\\\/\\\/acninternational.org\\\/it\\\/#website\",\"url\":\"https:\\\/\\\/acninternational.org\\\/it\\\/\",\"name\":\"ACN International\",\"description\":\"\",\"publisher\":{\"@id\":\"https:\\\/\\\/acninternational.org\\\/it\\\/#organization\"},\"potentialAction\":[{\"@type\":\"SearchAction\",\"target\":{\"@type\":\"EntryPoint\",\"urlTemplate\":\"https:\\\/\\\/acninternational.org\\\/it\\\/?s={search_term_string}\"},\"query-input\":{\"@type\":\"PropertyValueSpecification\",\"valueRequired\":true,\"valueName\":\"search_term_string\"}}],\"inLanguage\":\"it-IT\"},{\"@type\":\"Organization\",\"@id\":\"https:\\\/\\\/acninternational.org\\\/it\\\/#organization\",\"name\":\"Aid to the Church in Need International\",\"url\":\"https:\\\/\\\/acninternational.org\\\/it\\\/\",\"logo\":{\"@type\":\"ImageObject\",\"inLanguage\":\"it-IT\",\"@id\":\"https:\\\/\\\/acninternational.org\\\/it\\\/#\\\/schema\\\/logo\\\/image\\\/\",\"url\":\"https:\\\/\\\/media.acninternational.org\\\/wp-content\\\/uploads\\\/2019\\\/11\\\/acn_logo_blackvector.svg\",\"contentUrl\":\"https:\\\/\\\/media.acninternational.org\\\/wp-content\\\/uploads\\\/2019\\\/11\\\/acn_logo_blackvector.svg\",\"width\":232.6,\"height\":78,\"caption\":\"Aid to the Church in Need International\"},\"image\":{\"@id\":\"https:\\\/\\\/acninternational.org\\\/it\\\/#\\\/schema\\\/logo\\\/image\\\/\"},\"sameAs\":[\"https:\\\/\\\/www.facebook.com\\\/acninternationalorg\",\"https:\\\/\\\/x.com\\\/acn_int\",\"https:\\\/\\\/www.youtube.com\\\/channel\\\/UCQ-077gS0TnVzkhHmf1opZw\",\"https:\\\/\\\/www.instagram.com\\\/acn_international\\\/\"]}]}<\/script>\n<!-- \/ Yoast SEO Premium plugin. -->","yoast_head_json":{"title":"Fatti e cifre | ACN International","robots":{"index":"index","follow":"follow","max-snippet":"max-snippet:-1","max-image-preview":"max-image-preview:large","max-video-preview":"max-video-preview:-1"},"canonical":"https:\/\/acninternational.org\/it\/amministrazione-trasparente\/","og_locale":"it_IT","og_type":"article","og_title":"Fatti e cifre","og_description":"Fatti e cifre Nel 2023 abbiamo potuto sostenere 5.573 progetti in tutto il mondo. Nel 2023 abbiamo ricevuto 7.689 richieste d\u2019aiuto da tutto il mondo. Grazie alla generosit\u00e0 dei nostri benefattori abbiamo registrato donazioni per un totale di 143,7 milioni di euro. Includendo l\u2019uso di riserve degli anni precedenti per 0,8 milioni di euro, abbiamo [&hellip;]","og_url":"https:\/\/acninternational.org\/it\/amministrazione-trasparente\/","og_site_name":"ACN International","article_publisher":"https:\/\/www.facebook.com\/acninternationalorg","article_modified_time":"2024-06-20T16:26:07+00:00","og_image":[{"width":1920,"height":700,"url":"https:\/\/media.acninternational.org\/wp-content\/uploads\/2024\/06\/ACN-20231110-155668.jpg","type":"image\/jpeg"}],"twitter_card":"summary_large_image","twitter_site":"@acn_int","twitter_misc":{"Tempo di lettura stimato":"4 minuti"},"schema":{"@context":"https:\/\/schema.org","@graph":[{"@type":"WebPage","@id":"https:\/\/acninternational.org\/it\/amministrazione-trasparente\/","url":"https:\/\/acninternational.org\/it\/amministrazione-trasparente\/","name":"Fatti e cifre | ACN International","isPartOf":{"@id":"https:\/\/acninternational.org\/it\/#website"},"primaryImageOfPage":{"@id":"https:\/\/acninternational.org\/it\/amministrazione-trasparente\/#primaryimage"},"image":{"@id":"https:\/\/acninternational.org\/it\/amministrazione-trasparente\/#primaryimage"},"thumbnailUrl":"https:\/\/media.acninternational.org\/wp-content\/uploads\/2024\/06\/ACN-20231110-155668.jpg","datePublished":"2020-06-18T09:45:48+00:00","dateModified":"2024-06-20T16:26:07+00:00","breadcrumb":{"@id":"https:\/\/acninternational.org\/it\/amministrazione-trasparente\/#breadcrumb"},"inLanguage":"it-IT","potentialAction":[{"@type":"ReadAction","target":["https:\/\/acninternational.org\/it\/amministrazione-trasparente\/"]}]},{"@type":"ImageObject","inLanguage":"it-IT","@id":"https:\/\/acninternational.org\/it\/amministrazione-trasparente\/#primaryimage","url":"https:\/\/media.acninternational.org\/wp-content\/uploads\/2024\/06\/ACN-20231110-155668.jpg","contentUrl":"https:\/\/media.acninternational.org\/wp-content\/uploads\/2024\/06\/ACN-20231110-155668.jpg","width":1920,"height":700},{"@type":"BreadcrumbList","@id":"https:\/\/acninternational.org\/it\/amministrazione-trasparente\/#breadcrumb","itemListElement":[{"@type":"ListItem","position":1,"name":"Home","item":"https:\/\/acninternational.org\/it\/"},{"@type":"ListItem","position":2,"name":"Fatti e cifre"}]},{"@type":"WebSite","@id":"https:\/\/acninternational.org\/it\/#website","url":"https:\/\/acninternational.org\/it\/","name":"ACN International","description":"","publisher":{"@id":"https:\/\/acninternational.org\/it\/#organization"},"potentialAction":[{"@type":"SearchAction","target":{"@type":"EntryPoint","urlTemplate":"https:\/\/acninternational.org\/it\/?s={search_term_string}"},"query-input":{"@type":"PropertyValueSpecification","valueRequired":true,"valueName":"search_term_string"}}],"inLanguage":"it-IT"},{"@type":"Organization","@id":"https:\/\/acninternational.org\/it\/#organization","name":"Aid to the Church in Need International","url":"https:\/\/acninternational.org\/it\/","logo":{"@type":"ImageObject","inLanguage":"it-IT","@id":"https:\/\/acninternational.org\/it\/#\/schema\/logo\/image\/","url":"https:\/\/media.acninternational.org\/wp-content\/uploads\/2019\/11\/acn_logo_blackvector.svg","contentUrl":"https:\/\/media.acninternational.org\/wp-content\/uploads\/2019\/11\/acn_logo_blackvector.svg","width":232.6,"height":78,"caption":"Aid to the Church in Need International"},"image":{"@id":"https:\/\/acninternational.org\/it\/#\/schema\/logo\/image\/"},"sameAs":["https:\/\/www.facebook.com\/acninternationalorg","https:\/\/x.com\/acn_int","https:\/\/www.youtube.com\/channel\/UCQ-077gS0TnVzkhHmf1opZw","https:\/\/www.instagram.com\/acn_international\/"]}]}},"_links":{"self":[{"href":"https:\/\/acninternational.org\/it\/wp-json\/wp\/v2\/pages\/139062","targetHints":{"allow":["GET"]}}],"collection":[{"href":"https:\/\/acninternational.org\/it\/wp-json\/wp\/v2\/pages"}],"about":[{"href":"https:\/\/acninternational.org\/it\/wp-json\/wp\/v2\/types\/page"}],"author":[{"embeddable":true,"href":"https:\/\/acninternational.org\/it\/wp-json\/wp\/v2\/users\/4258341447"}],"replies":[{"embeddable":true,"href":"https:\/\/acninternational.org\/it\/wp-json\/wp\/v2\/comments?post=139062"}],"version-history":[{"count":0,"href":"https:\/\/acninternational.org\/it\/wp-json\/wp\/v2\/pages\/139062\/revisions"}],"wp:featuredmedia":[{"embeddable":true,"href":"https:\/\/acninternational.org\/it\/wp-json\/wp\/v2\/media\/211067"}],"wp:attachment":[{"href":"https:\/\/acninternational.org\/it\/wp-json\/wp\/v2\/media?parent=139062"}],"curies":[{"name":"wp","href":"https:\/\/api.w.org\/{rel}","templated":true}]}}