{"id":128911,"date":"2019-07-30T12:09:43","date_gmt":"2019-07-30T10:09:43","guid":{"rendered":"https:\/\/acninternational.org\/il-nostro-lavoro\/"},"modified":"2020-02-18T16:42:04","modified_gmt":"2020-02-18T15:42:04","slug":"il-nostro-lavoro","status":"publish","type":"page","link":"https:\/\/acninternational.org\/it\/il-nostro-lavoro\/","title":{"rendered":"Il nostro lavoro"},"content":{"rendered":"<h1>\u00bb\u200aAid to the Church in Need aiuta in tutto il mondo i cristiani che sono perseguitati,  vittime di violenza e oppressi dal terrore\u200a\u00ab <\/h1>\n<p>Thomas Heine-Geldern, Presidente Esecutivo<\/p>\n<p>Fin dai suoi inizi, la Chiesa ha sempre offerto aiuto alle persone nel bisogno. Oltre alla sua missione pastorale, la Chiesa \u00e8 impegnata a finanziare organizzazioni che operano nel settore dell\u2019assistenza sociale in tutto il mondo e a sostenere quelle che sono pi\u00f9 in difficolt\u00e0 in molte aree di crisi.<\/p>\n<p>Ma c\u2019\u00e8 una cosa che molti non sanno: la Chiesa stessa spesso ha bisogno di un aiuto urgente, soprattutto nei Paesi in via di sviluppo e in quelli colpiti dalle migrazioni di massa interne, dalla persecuzione o dai disastri naturali. I numeri parlano chiaro: attualmente, circa 200 milioni di persone in tutto il mondo non possono liberamente praticare la loro fede. Il diritto fondamentale alla libert\u00e0 religiosa non \u00e8 garantito, infatti, in oltre 80 Paesi.<\/p>\n<blockquote class=\"wp-block-quote blockquote ps-3 py-2\">\n<p>\u00bb\u200a \u200aSono cos\u00ec riconoscente per tutto quello che state facendo per aiutare la nostra gente che soffre! Che il Signore benedica voi e i nostri fratelli e sorelle in Cristo \u00ab<\/p>\n<\/blockquote>\n<p>Suor Annie Demerjian, project partner, Siria<\/p>\n<p>I cristiani sono attualmente perseguitati, discriminati o oppressi in pi\u00f9 di 40 nazioni. Qui le infrastrutture della Chiesa e la dignit\u00e0 umana dei fedeli non possono essere mantenute con risorse proprie e, quando questo \u00e8 possibile, solo tra grandi difficolt\u00e0. In molti di questi Paesi le donazioni in denaro sono le uniche fonti di entrata per la Chiesa.<\/p>\n<p>A differenza della maggior parte delle organizzazioni caritative che si occupano di bisogni sociali, Aid to the Church in Need si dedica al sostegno delle Chiese locali, promuovendo cos\u00ec l\u2019ideale della carit\u00e0 cristiana.<\/p>\n<p><img loading=\"lazy\" decoding=\"async\" src=\"https:\/\/media.acninternational.org\/wp-content\/uploads\/2019\/07\/acn-20171009-62411-1322-1.jpg\" alt=\"\" width=\"800\" height=\"323\" \/><\/p>\n<p>Insieme a centinaia di migliaia di donatori e partner di progetti, sosteniamo i cristiani in tutto il mondo ispirandoci al nostro principio guida: \u201cinformazione, preghiera e azione\u201d. Lottiamo inoltre per la libert\u00e0 religiosa e la riconciliazione tra tutte le fedi. La nostra lunga esperienza e la fiducia nel potere della carit\u00e0 ci hanno incoraggiati a proseguire su questo cammino e ad essere con il nostro lavoro una fonte d\u2019ispirazione per le persone in tutto il mondo.<\/p>\n<p><a href=\"https:\/\/acninternational.org\/it\/il-nostro-lavoro\/le-nostre-aree-prioritarie\/\">Le nostre aree prioritarie<\/a><\/p>\n<p><a href=\"https:\/\/acninternational.org\/it\/task-area\/le-offerte-per-le-intenzioni-di-sante-messe\/\">Le offerte per le intenzioni di Sante Messe<\/a><\/p>\n<p><a href=\"https:\/\/acninternational.org\/it\/task-area\/formazione-di-sacerdoti\/\">Formazione di sacerdoti<\/a><\/p>\n<p><a href=\"https:\/\/acninternational.org\/it\/task-area\/aiuti-per-il-sostentamento-delle-religiose\/\">Aiuti per il sostentamento delle religiose<\/a><\/p>\n<p><a href=\"https:\/\/acninternational.org\/it\/task-area\/formazione-alla-fede-dei-laici\/\">Formazione alla fede dei laici<\/a><\/p>\n<p><a href=\"https:\/\/acninternational.org\/it\/task-area\/costruzione\/\">Costruzione<\/a><\/p>\n<p><a href=\"https:\/\/acninternational.org\/it\/task-area\/mezzi-di-trasporto\/\">Mezzi di trasporto<\/a><\/p>\n<p><a href=\"https:\/\/acninternational.org\/it\/task-area\/assistenza-di-emergenza\/\">Assistenza di emergenza<\/a><\/p>\n<p><a href=\"https:\/\/acninternational.org\/it\/task-area\/distribuzione-di-bibbie\/\">Distribuzione di Bibbie<\/a><\/p>\n<p><a href=\"https:\/\/acninternational.org\/it\/task-area\/patrocini\/\">Patrocini<\/a><\/p>\n<p><a href=\"https:\/\/acninternational.org\/it\/task-area\/pubbliche-relazioni\/\">Pubbliche relazioni<\/a><\/p>\n<p><a href=\"https:\/\/acninternational.org\/it\/task-area\/sostegno-ai-media\/\">Sostegno ai media<\/a><\/p>\n<p><a href=\"https:\/\/acninternational.org\/it\/task-area\/youcat\/\">YOUCAT<\/a><\/p>\n<p><a href=\"https:\/\/acninternational.org\/it\/il-nostro-lavoro\/le-nostre-aree-prioritarie\/\">Le nostre aree prioritarie<\/a><\/p>\n<p><a href=\"https:\/\/acninternational.org\/it\/regional-activity\/america-latina\/\">America Latina<\/a><\/p>\n<p><a href=\"https:\/\/acninternational.org\/it\/regional-activity\/africa\/\">Africa<\/a><\/p>\n<p><a href=\"https:\/\/acninternational.org\/it\/regional-activity\/medio-oriente\/\">Medio Oriente<\/a><\/p>\n<p><a href=\"https:\/\/acninternational.org\/it\/regional-activity\/europa-occidentale-e-orientale\/\">Europa occidentale e orientale<\/a><\/p>\n<p><a href=\"https:\/\/acninternational.org\/it\/regional-activity\/asia-e-oceania\/\">Asia e Oceania<\/a><\/p>\n\n","protected":false},"excerpt":{"rendered":"<p>\u00bb\u200aAid to the Church in Need aiuta in tutto il mondo i cristiani che sono perseguitati, vittime di violenza e oppressi dal terrore\u200a\u00ab Thomas Heine-Geldern, Presidente Esecutivo Fin dai suoi inizi, la Chiesa ha sempre offerto aiuto alle persone nel bisogno. Oltre alla sua missione pastorale, la Chiesa \u00e8 impegnata a finanziare organizzazioni che operano [&hellip;]<\/p>\n","protected":false},"author":1,"featured_media":125368,"parent":0,"menu_order":0,"comment_status":"closed","ping_status":"closed","template":"","meta":{"_acf_changed":false,"footnotes":""},"class_list":["post-128911","page","type-page","status-publish","has-post-thumbnail","hentry"],"acf":[],"yoast_head":"<!-- This site is optimized with the Yoast SEO Premium plugin v27.3 (Yoast SEO v27.3) - https:\/\/yoast.com\/product\/yoast-seo-premium-wordpress\/ -->\n<title>Il nostro lavoro | ACN International<\/title>\n<meta name=\"robots\" content=\"index, follow, max-snippet:-1, max-image-preview:large, max-video-preview:-1\" \/>\n<link rel=\"canonical\" href=\"https:\/\/acninternational.org\/it\/il-nostro-lavoro\/\" \/>\n<meta property=\"og:locale\" content=\"it_IT\" \/>\n<meta property=\"og:type\" content=\"article\" \/>\n<meta property=\"og:title\" content=\"Il nostro lavoro\" \/>\n<meta property=\"og:description\" content=\"\u00bb\u200aAid to the Church in Need aiuta in tutto il mondo i cristiani che sono perseguitati, vittime di violenza e oppressi dal terrore\u200a\u00ab Thomas Heine-Geldern, Presidente Esecutivo Fin dai suoi inizi, la Chiesa ha sempre offerto aiuto alle persone nel bisogno. Oltre alla sua missione pastorale, la Chiesa \u00e8 impegnata a finanziare organizzazioni che operano [&hellip;]\" \/>\n<meta property=\"og:url\" content=\"https:\/\/acninternational.org\/it\/il-nostro-lavoro\/\" \/>\n<meta property=\"og:site_name\" content=\"ACN International\" \/>\n<meta property=\"article:publisher\" content=\"https:\/\/www.facebook.com\/acninternationalorg\" \/>\n<meta property=\"article:modified_time\" content=\"2020-02-18T15:42:04+00:00\" \/>\n<meta property=\"og:image\" content=\"https:\/\/media.acninternational.org\/wp-content\/uploads\/2019\/07\/acn-20180910-76304-2000.jpg\" \/>\n\t<meta property=\"og:image:width\" content=\"2000\" \/>\n\t<meta property=\"og:image:height\" content=\"625\" \/>\n\t<meta property=\"og:image:type\" content=\"image\/jpeg\" \/>\n<meta name=\"twitter:card\" content=\"summary_large_image\" \/>\n<meta name=\"twitter:site\" content=\"@acn_int\" \/>\n<meta name=\"twitter:label1\" content=\"Tempo di lettura stimato\" \/>\n\t<meta name=\"twitter:data1\" content=\"2 minuti\" \/>\n<script type=\"application\/ld+json\" class=\"yoast-schema-graph\">{\"@context\":\"https:\\\/\\\/schema.org\",\"@graph\":[{\"@type\":\"WebPage\",\"@id\":\"https:\\\/\\\/acninternational.org\\\/it\\\/il-nostro-lavoro\\\/\",\"url\":\"https:\\\/\\\/acninternational.org\\\/it\\\/il-nostro-lavoro\\\/\",\"name\":\"Il nostro lavoro | ACN International\",\"isPartOf\":{\"@id\":\"https:\\\/\\\/acninternational.org\\\/it\\\/#website\"},\"primaryImageOfPage\":{\"@id\":\"https:\\\/\\\/acninternational.org\\\/it\\\/il-nostro-lavoro\\\/#primaryimage\"},\"image\":{\"@id\":\"https:\\\/\\\/acninternational.org\\\/it\\\/il-nostro-lavoro\\\/#primaryimage\"},\"thumbnailUrl\":\"https:\\\/\\\/media.acninternational.org\\\/wp-content\\\/uploads\\\/2019\\\/07\\\/acn-20180910-76304-2000.jpg\",\"datePublished\":\"2019-07-30T10:09:43+00:00\",\"dateModified\":\"2020-02-18T15:42:04+00:00\",\"breadcrumb\":{\"@id\":\"https:\\\/\\\/acninternational.org\\\/it\\\/il-nostro-lavoro\\\/#breadcrumb\"},\"inLanguage\":\"it-IT\",\"potentialAction\":[{\"@type\":\"ReadAction\",\"target\":[\"https:\\\/\\\/acninternational.org\\\/it\\\/il-nostro-lavoro\\\/\"]}]},{\"@type\":\"ImageObject\",\"inLanguage\":\"it-IT\",\"@id\":\"https:\\\/\\\/acninternational.org\\\/it\\\/il-nostro-lavoro\\\/#primaryimage\",\"url\":\"https:\\\/\\\/media.acninternational.org\\\/wp-content\\\/uploads\\\/2019\\\/07\\\/acn-20180910-76304-2000.jpg\",\"contentUrl\":\"https:\\\/\\\/media.acninternational.org\\\/wp-content\\\/uploads\\\/2019\\\/07\\\/acn-20180910-76304-2000.jpg\",\"width\":2000,\"height\":625},{\"@type\":\"BreadcrumbList\",\"@id\":\"https:\\\/\\\/acninternational.org\\\/it\\\/il-nostro-lavoro\\\/#breadcrumb\",\"itemListElement\":[{\"@type\":\"ListItem\",\"position\":1,\"name\":\"Home\",\"item\":\"https:\\\/\\\/acninternational.org\\\/it\\\/\"},{\"@type\":\"ListItem\",\"position\":2,\"name\":\"Il nostro lavoro\"}]},{\"@type\":\"WebSite\",\"@id\":\"https:\\\/\\\/acninternational.org\\\/it\\\/#website\",\"url\":\"https:\\\/\\\/acninternational.org\\\/it\\\/\",\"name\":\"ACN International\",\"description\":\"\",\"publisher\":{\"@id\":\"https:\\\/\\\/acninternational.org\\\/it\\\/#organization\"},\"potentialAction\":[{\"@type\":\"SearchAction\",\"target\":{\"@type\":\"EntryPoint\",\"urlTemplate\":\"https:\\\/\\\/acninternational.org\\\/it\\\/?s={search_term_string}\"},\"query-input\":{\"@type\":\"PropertyValueSpecification\",\"valueRequired\":true,\"valueName\":\"search_term_string\"}}],\"inLanguage\":\"it-IT\"},{\"@type\":\"Organization\",\"@id\":\"https:\\\/\\\/acninternational.org\\\/it\\\/#organization\",\"name\":\"Aid to the Church in Need International\",\"url\":\"https:\\\/\\\/acninternational.org\\\/it\\\/\",\"logo\":{\"@type\":\"ImageObject\",\"inLanguage\":\"it-IT\",\"@id\":\"https:\\\/\\\/acninternational.org\\\/it\\\/#\\\/schema\\\/logo\\\/image\\\/\",\"url\":\"https:\\\/\\\/media.acninternational.org\\\/wp-content\\\/uploads\\\/2019\\\/11\\\/acn_logo_blackvector.svg\",\"contentUrl\":\"https:\\\/\\\/media.acninternational.org\\\/wp-content\\\/uploads\\\/2019\\\/11\\\/acn_logo_blackvector.svg\",\"width\":232.6,\"height\":78,\"caption\":\"Aid to the Church in Need International\"},\"image\":{\"@id\":\"https:\\\/\\\/acninternational.org\\\/it\\\/#\\\/schema\\\/logo\\\/image\\\/\"},\"sameAs\":[\"https:\\\/\\\/www.facebook.com\\\/acninternationalorg\",\"https:\\\/\\\/x.com\\\/acn_int\",\"https:\\\/\\\/www.youtube.com\\\/channel\\\/UCQ-077gS0TnVzkhHmf1opZw\",\"https:\\\/\\\/www.instagram.com\\\/acn_international\\\/\"]}]}<\/script>\n<!-- \/ Yoast SEO Premium plugin. -->","yoast_head_json":{"title":"Il nostro lavoro | ACN International","robots":{"index":"index","follow":"follow","max-snippet":"max-snippet:-1","max-image-preview":"max-image-preview:large","max-video-preview":"max-video-preview:-1"},"canonical":"https:\/\/acninternational.org\/it\/il-nostro-lavoro\/","og_locale":"it_IT","og_type":"article","og_title":"Il nostro lavoro","og_description":"\u00bb\u200aAid to the Church in Need aiuta in tutto il mondo i cristiani che sono perseguitati, vittime di violenza e oppressi dal terrore\u200a\u00ab Thomas Heine-Geldern, Presidente Esecutivo Fin dai suoi inizi, la Chiesa ha sempre offerto aiuto alle persone nel bisogno. Oltre alla sua missione pastorale, la Chiesa \u00e8 impegnata a finanziare organizzazioni che operano [&hellip;]","og_url":"https:\/\/acninternational.org\/it\/il-nostro-lavoro\/","og_site_name":"ACN International","article_publisher":"https:\/\/www.facebook.com\/acninternationalorg","article_modified_time":"2020-02-18T15:42:04+00:00","og_image":[{"width":2000,"height":625,"url":"https:\/\/media.acninternational.org\/wp-content\/uploads\/2019\/07\/acn-20180910-76304-2000.jpg","type":"image\/jpeg"}],"twitter_card":"summary_large_image","twitter_site":"@acn_int","twitter_misc":{"Tempo di lettura stimato":"2 minuti"},"schema":{"@context":"https:\/\/schema.org","@graph":[{"@type":"WebPage","@id":"https:\/\/acninternational.org\/it\/il-nostro-lavoro\/","url":"https:\/\/acninternational.org\/it\/il-nostro-lavoro\/","name":"Il nostro lavoro | ACN International","isPartOf":{"@id":"https:\/\/acninternational.org\/it\/#website"},"primaryImageOfPage":{"@id":"https:\/\/acninternational.org\/it\/il-nostro-lavoro\/#primaryimage"},"image":{"@id":"https:\/\/acninternational.org\/it\/il-nostro-lavoro\/#primaryimage"},"thumbnailUrl":"https:\/\/media.acninternational.org\/wp-content\/uploads\/2019\/07\/acn-20180910-76304-2000.jpg","datePublished":"2019-07-30T10:09:43+00:00","dateModified":"2020-02-18T15:42:04+00:00","breadcrumb":{"@id":"https:\/\/acninternational.org\/it\/il-nostro-lavoro\/#breadcrumb"},"inLanguage":"it-IT","potentialAction":[{"@type":"ReadAction","target":["https:\/\/acninternational.org\/it\/il-nostro-lavoro\/"]}]},{"@type":"ImageObject","inLanguage":"it-IT","@id":"https:\/\/acninternational.org\/it\/il-nostro-lavoro\/#primaryimage","url":"https:\/\/media.acninternational.org\/wp-content\/uploads\/2019\/07\/acn-20180910-76304-2000.jpg","contentUrl":"https:\/\/media.acninternational.org\/wp-content\/uploads\/2019\/07\/acn-20180910-76304-2000.jpg","width":2000,"height":625},{"@type":"BreadcrumbList","@id":"https:\/\/acninternational.org\/it\/il-nostro-lavoro\/#breadcrumb","itemListElement":[{"@type":"ListItem","position":1,"name":"Home","item":"https:\/\/acninternational.org\/it\/"},{"@type":"ListItem","position":2,"name":"Il nostro lavoro"}]},{"@type":"WebSite","@id":"https:\/\/acninternational.org\/it\/#website","url":"https:\/\/acninternational.org\/it\/","name":"ACN International","description":"","publisher":{"@id":"https:\/\/acninternational.org\/it\/#organization"},"potentialAction":[{"@type":"SearchAction","target":{"@type":"EntryPoint","urlTemplate":"https:\/\/acninternational.org\/it\/?s={search_term_string}"},"query-input":{"@type":"PropertyValueSpecification","valueRequired":true,"valueName":"search_term_string"}}],"inLanguage":"it-IT"},{"@type":"Organization","@id":"https:\/\/acninternational.org\/it\/#organization","name":"Aid to the Church in Need International","url":"https:\/\/acninternational.org\/it\/","logo":{"@type":"ImageObject","inLanguage":"it-IT","@id":"https:\/\/acninternational.org\/it\/#\/schema\/logo\/image\/","url":"https:\/\/media.acninternational.org\/wp-content\/uploads\/2019\/11\/acn_logo_blackvector.svg","contentUrl":"https:\/\/media.acninternational.org\/wp-content\/uploads\/2019\/11\/acn_logo_blackvector.svg","width":232.6,"height":78,"caption":"Aid to the Church in Need International"},"image":{"@id":"https:\/\/acninternational.org\/it\/#\/schema\/logo\/image\/"},"sameAs":["https:\/\/www.facebook.com\/acninternationalorg","https:\/\/x.com\/acn_int","https:\/\/www.youtube.com\/channel\/UCQ-077gS0TnVzkhHmf1opZw","https:\/\/www.instagram.com\/acn_international\/"]}]}},"_links":{"self":[{"href":"https:\/\/acninternational.org\/it\/wp-json\/wp\/v2\/pages\/128911","targetHints":{"allow":["GET"]}}],"collection":[{"href":"https:\/\/acninternational.org\/it\/wp-json\/wp\/v2\/pages"}],"about":[{"href":"https:\/\/acninternational.org\/it\/wp-json\/wp\/v2\/types\/page"}],"author":[{"embeddable":true,"href":"https:\/\/acninternational.org\/it\/wp-json\/wp\/v2\/users\/1"}],"replies":[{"embeddable":true,"href":"https:\/\/acninternational.org\/it\/wp-json\/wp\/v2\/comments?post=128911"}],"version-history":[{"count":0,"href":"https:\/\/acninternational.org\/it\/wp-json\/wp\/v2\/pages\/128911\/revisions"}],"wp:featuredmedia":[{"embeddable":true,"href":"https:\/\/acninternational.org\/it\/wp-json\/wp\/v2\/media\/125368"}],"wp:attachment":[{"href":"https:\/\/acninternational.org\/it\/wp-json\/wp\/v2\/media?parent=128911"}],"curies":[{"name":"wp","href":"https:\/\/api.w.org\/{rel}","templated":true}]}}