{"id":124568,"date":"2019-10-04T12:43:07","date_gmt":"2019-10-04T10:43:07","guid":{"rendered":"https:\/\/acninternational.org\/le-nostre-aree-prioritarie\/"},"modified":"2020-02-14T11:36:25","modified_gmt":"2020-02-14T10:36:25","slug":"le-nostre-aree-prioritarie","status":"publish","type":"page","link":"https:\/\/acninternational.org\/it\/le-nostre-aree-prioritarie\/","title":{"rendered":"Le nostre aree prioritarie"},"content":{"rendered":"<p>Fin dai suoi inizi, la Chiesa ha sempre offerto aiuto alle persone nel bisogno. Oltre alla sua missione pastorale, la Chiesa \u00e8 impegnata a finanziare organizzazioni che operano nel settore dell\u2019assistenza sociale in tutto il mondo e a sostenere quelle che sono pi\u00f9 in difficolt\u00e0 in molte aree di crisi.<\/p>\n<p>Ma c\u2019\u00e8 una cosa che molti non sanno: la Chiesa stessa spesso ha bisogno di un aiuto urgente, soprattutto nei Paesi in via di sviluppo e in quelli colpiti dalle migrazioni di massa interne, dalla persecuzione o dai disastri naturali. I numeri parlano chiaro: attualmente, circa 200 milioni di persone in tutto il mondo non possono liberamente praticare la loro fede. Il diritto fondamentale alla libert\u00e0 religiosa non \u00e8 garantito, infatti, in oltre 80 Paesi.<\/p>\n<figure id=\"attachment_123944\" aria-describedby=\"caption-attachment-123944\" style=\"width: 670px\" class=\"wp-caption alignnone\"><img loading=\"lazy\" decoding=\"async\" class=\"wp-image-57683 size-full\" src=\"https:\/\/media.acninternational.org\/wp-content\/uploads\/2019\/10\/ArtPic3.jpg\" alt=\"Aid to the Church in Need is dedicated to the service of Christians around the world, wherever they are persecuted or oppressed or suffering material need.\" width=\"670\" height=\"400\" srcset=\"https:\/\/media.acninternational.org\/wp-content\/uploads\/2019\/10\/ArtPic3.jpg 670w, https:\/\/media.acninternational.org\/wp-content\/uploads\/2019\/10\/ArtPic3-300x179.jpg 300w\" sizes=\"auto, (max-width: 670px) 100vw, 670px\" \/><figcaption id=\"caption-attachment-123944\" class=\"wp-caption-text\">Aid to the Church in Need aiuta in tutto il mondo i cristiani che sono perseguitati, vittime di violenza e oppressi dal terrore<\/figcaption><\/figure>\n<p>I cristiani sono attualmente perseguitati, discriminati o oppressi in pi\u00f9 di 40 nazioni. Qui le infrastrutture della Chiesa e la dignit\u00e0 umana dei fedeli non possono essere mantenute con risorse proprie e, quando questo \u00e8 possibile, solo tra grandi difficolt\u00e0. In molti di questi Paesi le donazioni in denaro sono le uniche fonti di entrata per la Chiesa.<\/p>\n<blockquote class=\"wp-block-quote blockquote ps-3 py-2\"><p>\u00bb\u200a \u200aSono cos\u00ec riconoscente per tutto quello che state facendo per aiutare la nostra gente che soffre! Che il Signore benedica voi e i nostri fratelli e sorelle in Cristo \u00ab<\/p>\n<pre>Suor Annie Demerjian, project partner, Siria<\/pre>\n<\/blockquote>\n<p>A differenza della maggior parte delle organizzazioni caritative che si occupano di bisogni sociali, Aid to the Church in Need si dedica al sostegno delle Chiese locali, promuovendo cos\u00ec l\u2019ideale della carit\u00e0 cristiana.<\/p>\n<p>Fondata nel 1947 come organizzazione cattolica per aiutare i rifugiati di guerra e riconosciuta come Fondazione pontificia dal 2011, Aid to the Church in Need si dedica al servizio dei cristiani in tutto il mondo, ovunque siano perseguitati, oppressi o abbiano necessit\u00e0 materiali. Questo viene fatto interamente grazie a donazioni private, dal momento che la nostra Fondazione non riceve alcun finanziamento pubblico.<\/p>\n<figure id=\"attachment_123940\" aria-describedby=\"caption-attachment-123940\" style=\"width: 670px\" class=\"wp-caption alignnone\"><img loading=\"lazy\" decoding=\"async\" class=\"wp-image-57682 size-full\" src=\"https:\/\/media.acninternational.org\/wp-content\/uploads\/2019\/10\/ArtPic2.jpg\" alt=\"Christians are currently persecuted, discriminated against or oppressed in more than 40 countries.\" width=\"670\" height=\"400\" srcset=\"https:\/\/media.acninternational.org\/wp-content\/uploads\/2019\/10\/ArtPic2.jpg 670w, https:\/\/media.acninternational.org\/wp-content\/uploads\/2019\/10\/ArtPic2-300x179.jpg 300w\" sizes=\"auto, (max-width: 670px) 100vw, 670px\" \/><figcaption id=\"caption-attachment-123940\" class=\"wp-caption-text\">I cristiani sono attualmente perseguitati, discriminati o oppressi in pi\u00f9 di 40 nazioni.<\/figcaption><\/figure>\n<p>Insieme a centinaia di migliaia di donatori e partner di progetti, sosteniamo i cristiani in tutto il mondo ispirandoci al nostro principio guida: \u201cinformazione, preghiera e azione\u201d. Lottiamo inoltre per la libert\u00e0 religiosa e la riconciliazione tra tutte le fedi. La nostra lunga esperienza e la fiducia nel potere della carit\u00e0 ci hanno incoraggiati a proseguire su questo cammino e ad essere con il nostro lavoro una fonte d\u2019ispirazione per le persone in tutto il mondo.<\/p>\n<p>Fin dalla sua fondazione 72 anni fa, Aid to the Church in Need si \u00e8 sviluppata come organizzazione di soccorso con un ampio raggio di azione. Oggi possiamo affermare che il nostro nome dice tutto. Al momento sosteniamo ogni anno circa 5.000 progetti, molti dei quali a lungo termine, in oltre 140 Paesi. Spesso rimaniamo in aree di crisi quando altre organizzazioni di aiuto abbandonano il campo.<\/p>\n<figure id=\"attachment_123952\" aria-describedby=\"caption-attachment-123952\" style=\"width: 670px\" class=\"wp-caption alignnone\"><img loading=\"lazy\" decoding=\"async\" class=\"wp-image-57685 size-full\" src=\"https:\/\/media.acninternational.org\/wp-content\/uploads\/2019\/10\/ArtPic12.jpg\" alt=\"We now support some 5,000 Catholic projects each year in nearly 150 countries.\" width=\"670\" height=\"400\" srcset=\"https:\/\/media.acninternational.org\/wp-content\/uploads\/2019\/10\/ArtPic12.jpg 670w, https:\/\/media.acninternational.org\/wp-content\/uploads\/2019\/10\/ArtPic12-300x179.jpg 300w\" sizes=\"auto, (max-width: 670px) 100vw, 670px\" \/><figcaption id=\"caption-attachment-123952\" class=\"wp-caption-text\">Al momento sosteniamo ogni anno circa 5.000 progetti.<\/figcaption><\/figure>\n<blockquote class=\"wp-block-quote blockquote ps-3 py-2\"><p>\u00bb Spesso ringrazio il Signore per la tua presenza accanto a noi. Senza di te, sarebbe cos\u00ec difficile andare avanti con il nostro ministero \u00ab<\/p>\n<pre>Suor Hanan Youssef,  partner-progetto, Libano<\/pre>\n<\/blockquote>\n<p>Naturalmente, questo richiede non solo il personale e le risorse organizzative, ma anche i mezzi finanziari necessari. Solo attraverso le donazioni di oltre 330.000 benefattori in 23 Paesi siamo in grado di realizzare la nostra missione di fornire e promuovere un\u2019assistenza pastorale.<\/p>\n<figure id=\"attachment_123948\" aria-describedby=\"caption-attachment-123948\" style=\"width: 670px\" class=\"wp-caption alignnone\"><img loading=\"lazy\" decoding=\"async\" class=\"wp-image-57684 size-full\" src=\"https:\/\/media.acninternational.org\/wp-content\/uploads\/2019\/10\/ArtPic8.jpg\" alt=\"Only through the donations of over 330,000 benefactors in 23 countries are we able to fulfil our mission.\" width=\"670\" height=\"400\" srcset=\"https:\/\/media.acninternational.org\/wp-content\/uploads\/2019\/10\/ArtPic8.jpg 670w, https:\/\/media.acninternational.org\/wp-content\/uploads\/2019\/10\/ArtPic8-300x179.jpg 300w\" sizes=\"auto, (max-width: 670px) 100vw, 670px\" \/><figcaption id=\"caption-attachment-123948\" class=\"wp-caption-text\">Solo attraverso le donazioni di oltre 330.000 benefattori in 23 Paesi siamo in grado di realizzare la nostra missione di fornire e promuovere un\u2019assistenza pastorale.<\/figcaption><\/figure>\n<p>Le aree in cui ci viene chiesto di aiutare continuano a crescere:<\/p>\n","protected":false},"excerpt":{"rendered":"<p>Fin dai suoi inizi, la Chiesa ha sempre offerto aiuto alle persone nel bisogno. Oltre alla sua missione pastorale, la Chiesa \u00e8 impegnata a finanziare organizzazioni che operano nel settore dell\u2019assistenza sociale in tutto il mondo e a sostenere quelle che sono pi\u00f9 in difficolt\u00e0 in molte aree di crisi. Ma c\u2019\u00e8 una cosa che [&hellip;]<\/p>\n","protected":false},"author":1,"featured_media":128575,"parent":0,"menu_order":0,"comment_status":"closed","ping_status":"closed","template":"","meta":{"_acf_changed":false,"footnotes":""},"class_list":["post-124568","page","type-page","status-publish","has-post-thumbnail","hentry"],"acf":[],"yoast_head":"<!-- This site is optimized with the Yoast SEO Premium plugin v27.3 (Yoast SEO v27.3) - https:\/\/yoast.com\/product\/yoast-seo-premium-wordpress\/ -->\n<title>Le nostre aree prioritarie | ACN International<\/title>\n<meta name=\"robots\" content=\"index, follow, max-snippet:-1, max-image-preview:large, max-video-preview:-1\" \/>\n<link rel=\"canonical\" href=\"https:\/\/acninternational.org\/it\/le-nostre-aree-prioritarie\/\" \/>\n<meta property=\"og:locale\" content=\"it_IT\" \/>\n<meta property=\"og:type\" content=\"article\" \/>\n<meta property=\"og:title\" content=\"Le nostre aree prioritarie\" \/>\n<meta property=\"og:description\" content=\"Fin dai suoi inizi, la Chiesa ha sempre offerto aiuto alle persone nel bisogno. Oltre alla sua missione pastorale, la Chiesa \u00e8 impegnata a finanziare organizzazioni che operano nel settore dell\u2019assistenza sociale in tutto il mondo e a sostenere quelle che sono pi\u00f9 in difficolt\u00e0 in molte aree di crisi. Ma c\u2019\u00e8 una cosa che [&hellip;]\" \/>\n<meta property=\"og:url\" content=\"https:\/\/acninternational.org\/it\/le-nostre-aree-prioritarie\/\" \/>\n<meta property=\"og:site_name\" content=\"ACN International\" \/>\n<meta property=\"article:publisher\" content=\"https:\/\/www.facebook.com\/acninternationalorg\" \/>\n<meta property=\"article:modified_time\" content=\"2020-02-14T10:36:25+00:00\" \/>\n<meta property=\"og:image\" content=\"https:\/\/media.acninternational.org\/wp-content\/uploads\/2019\/09\/Cover_17.jpg\" \/>\n\t<meta property=\"og:image:width\" content=\"2000\" \/>\n\t<meta property=\"og:image:height\" content=\"625\" \/>\n\t<meta property=\"og:image:type\" content=\"image\/jpeg\" \/>\n<meta name=\"twitter:card\" content=\"summary_large_image\" \/>\n<meta name=\"twitter:site\" content=\"@acn_int\" \/>\n<meta name=\"twitter:label1\" content=\"Tempo di lettura stimato\" \/>\n\t<meta name=\"twitter:data1\" content=\"3 minuti\" \/>\n<script type=\"application\/ld+json\" class=\"yoast-schema-graph\">{\"@context\":\"https:\\\/\\\/schema.org\",\"@graph\":[{\"@type\":\"WebPage\",\"@id\":\"https:\\\/\\\/acninternational.org\\\/it\\\/le-nostre-aree-prioritarie\\\/\",\"url\":\"https:\\\/\\\/acninternational.org\\\/it\\\/le-nostre-aree-prioritarie\\\/\",\"name\":\"Le nostre aree prioritarie | ACN International\",\"isPartOf\":{\"@id\":\"https:\\\/\\\/acninternational.org\\\/it\\\/#website\"},\"primaryImageOfPage\":{\"@id\":\"https:\\\/\\\/acninternational.org\\\/it\\\/le-nostre-aree-prioritarie\\\/#primaryimage\"},\"image\":{\"@id\":\"https:\\\/\\\/acninternational.org\\\/it\\\/le-nostre-aree-prioritarie\\\/#primaryimage\"},\"thumbnailUrl\":\"https:\\\/\\\/media.acninternational.org\\\/wp-content\\\/uploads\\\/2019\\\/09\\\/Cover_17.jpg\",\"datePublished\":\"2019-10-04T10:43:07+00:00\",\"dateModified\":\"2020-02-14T10:36:25+00:00\",\"breadcrumb\":{\"@id\":\"https:\\\/\\\/acninternational.org\\\/it\\\/le-nostre-aree-prioritarie\\\/#breadcrumb\"},\"inLanguage\":\"it-IT\",\"potentialAction\":[{\"@type\":\"ReadAction\",\"target\":[\"https:\\\/\\\/acninternational.org\\\/it\\\/le-nostre-aree-prioritarie\\\/\"]}]},{\"@type\":\"ImageObject\",\"inLanguage\":\"it-IT\",\"@id\":\"https:\\\/\\\/acninternational.org\\\/it\\\/le-nostre-aree-prioritarie\\\/#primaryimage\",\"url\":\"https:\\\/\\\/media.acninternational.org\\\/wp-content\\\/uploads\\\/2019\\\/09\\\/Cover_17.jpg\",\"contentUrl\":\"https:\\\/\\\/media.acninternational.org\\\/wp-content\\\/uploads\\\/2019\\\/09\\\/Cover_17.jpg\",\"width\":2000,\"height\":625},{\"@type\":\"BreadcrumbList\",\"@id\":\"https:\\\/\\\/acninternational.org\\\/it\\\/le-nostre-aree-prioritarie\\\/#breadcrumb\",\"itemListElement\":[{\"@type\":\"ListItem\",\"position\":1,\"name\":\"Home\",\"item\":\"https:\\\/\\\/acninternational.org\\\/it\\\/\"},{\"@type\":\"ListItem\",\"position\":2,\"name\":\"Le nostre aree prioritarie\"}]},{\"@type\":\"WebSite\",\"@id\":\"https:\\\/\\\/acninternational.org\\\/it\\\/#website\",\"url\":\"https:\\\/\\\/acninternational.org\\\/it\\\/\",\"name\":\"ACN International\",\"description\":\"\",\"publisher\":{\"@id\":\"https:\\\/\\\/acninternational.org\\\/it\\\/#organization\"},\"potentialAction\":[{\"@type\":\"SearchAction\",\"target\":{\"@type\":\"EntryPoint\",\"urlTemplate\":\"https:\\\/\\\/acninternational.org\\\/it\\\/?s={search_term_string}\"},\"query-input\":{\"@type\":\"PropertyValueSpecification\",\"valueRequired\":true,\"valueName\":\"search_term_string\"}}],\"inLanguage\":\"it-IT\"},{\"@type\":\"Organization\",\"@id\":\"https:\\\/\\\/acninternational.org\\\/it\\\/#organization\",\"name\":\"Aid to the Church in Need International\",\"url\":\"https:\\\/\\\/acninternational.org\\\/it\\\/\",\"logo\":{\"@type\":\"ImageObject\",\"inLanguage\":\"it-IT\",\"@id\":\"https:\\\/\\\/acninternational.org\\\/it\\\/#\\\/schema\\\/logo\\\/image\\\/\",\"url\":\"https:\\\/\\\/media.acninternational.org\\\/wp-content\\\/uploads\\\/2019\\\/11\\\/acn_logo_blackvector.svg\",\"contentUrl\":\"https:\\\/\\\/media.acninternational.org\\\/wp-content\\\/uploads\\\/2019\\\/11\\\/acn_logo_blackvector.svg\",\"width\":232.6,\"height\":78,\"caption\":\"Aid to the Church in Need International\"},\"image\":{\"@id\":\"https:\\\/\\\/acninternational.org\\\/it\\\/#\\\/schema\\\/logo\\\/image\\\/\"},\"sameAs\":[\"https:\\\/\\\/www.facebook.com\\\/acninternationalorg\",\"https:\\\/\\\/x.com\\\/acn_int\",\"https:\\\/\\\/www.youtube.com\\\/channel\\\/UCQ-077gS0TnVzkhHmf1opZw\",\"https:\\\/\\\/www.instagram.com\\\/acn_international\\\/\"]}]}<\/script>\n<!-- \/ Yoast SEO Premium plugin. -->","yoast_head_json":{"title":"Le nostre aree prioritarie | ACN International","robots":{"index":"index","follow":"follow","max-snippet":"max-snippet:-1","max-image-preview":"max-image-preview:large","max-video-preview":"max-video-preview:-1"},"canonical":"https:\/\/acninternational.org\/it\/le-nostre-aree-prioritarie\/","og_locale":"it_IT","og_type":"article","og_title":"Le nostre aree prioritarie","og_description":"Fin dai suoi inizi, la Chiesa ha sempre offerto aiuto alle persone nel bisogno. Oltre alla sua missione pastorale, la Chiesa \u00e8 impegnata a finanziare organizzazioni che operano nel settore dell\u2019assistenza sociale in tutto il mondo e a sostenere quelle che sono pi\u00f9 in difficolt\u00e0 in molte aree di crisi. Ma c\u2019\u00e8 una cosa che [&hellip;]","og_url":"https:\/\/acninternational.org\/it\/le-nostre-aree-prioritarie\/","og_site_name":"ACN International","article_publisher":"https:\/\/www.facebook.com\/acninternationalorg","article_modified_time":"2020-02-14T10:36:25+00:00","og_image":[{"width":2000,"height":625,"url":"https:\/\/media.acninternational.org\/wp-content\/uploads\/2019\/09\/Cover_17.jpg","type":"image\/jpeg"}],"twitter_card":"summary_large_image","twitter_site":"@acn_int","twitter_misc":{"Tempo di lettura stimato":"3 minuti"},"schema":{"@context":"https:\/\/schema.org","@graph":[{"@type":"WebPage","@id":"https:\/\/acninternational.org\/it\/le-nostre-aree-prioritarie\/","url":"https:\/\/acninternational.org\/it\/le-nostre-aree-prioritarie\/","name":"Le nostre aree prioritarie | ACN International","isPartOf":{"@id":"https:\/\/acninternational.org\/it\/#website"},"primaryImageOfPage":{"@id":"https:\/\/acninternational.org\/it\/le-nostre-aree-prioritarie\/#primaryimage"},"image":{"@id":"https:\/\/acninternational.org\/it\/le-nostre-aree-prioritarie\/#primaryimage"},"thumbnailUrl":"https:\/\/media.acninternational.org\/wp-content\/uploads\/2019\/09\/Cover_17.jpg","datePublished":"2019-10-04T10:43:07+00:00","dateModified":"2020-02-14T10:36:25+00:00","breadcrumb":{"@id":"https:\/\/acninternational.org\/it\/le-nostre-aree-prioritarie\/#breadcrumb"},"inLanguage":"it-IT","potentialAction":[{"@type":"ReadAction","target":["https:\/\/acninternational.org\/it\/le-nostre-aree-prioritarie\/"]}]},{"@type":"ImageObject","inLanguage":"it-IT","@id":"https:\/\/acninternational.org\/it\/le-nostre-aree-prioritarie\/#primaryimage","url":"https:\/\/media.acninternational.org\/wp-content\/uploads\/2019\/09\/Cover_17.jpg","contentUrl":"https:\/\/media.acninternational.org\/wp-content\/uploads\/2019\/09\/Cover_17.jpg","width":2000,"height":625},{"@type":"BreadcrumbList","@id":"https:\/\/acninternational.org\/it\/le-nostre-aree-prioritarie\/#breadcrumb","itemListElement":[{"@type":"ListItem","position":1,"name":"Home","item":"https:\/\/acninternational.org\/it\/"},{"@type":"ListItem","position":2,"name":"Le nostre aree prioritarie"}]},{"@type":"WebSite","@id":"https:\/\/acninternational.org\/it\/#website","url":"https:\/\/acninternational.org\/it\/","name":"ACN International","description":"","publisher":{"@id":"https:\/\/acninternational.org\/it\/#organization"},"potentialAction":[{"@type":"SearchAction","target":{"@type":"EntryPoint","urlTemplate":"https:\/\/acninternational.org\/it\/?s={search_term_string}"},"query-input":{"@type":"PropertyValueSpecification","valueRequired":true,"valueName":"search_term_string"}}],"inLanguage":"it-IT"},{"@type":"Organization","@id":"https:\/\/acninternational.org\/it\/#organization","name":"Aid to the Church in Need International","url":"https:\/\/acninternational.org\/it\/","logo":{"@type":"ImageObject","inLanguage":"it-IT","@id":"https:\/\/acninternational.org\/it\/#\/schema\/logo\/image\/","url":"https:\/\/media.acninternational.org\/wp-content\/uploads\/2019\/11\/acn_logo_blackvector.svg","contentUrl":"https:\/\/media.acninternational.org\/wp-content\/uploads\/2019\/11\/acn_logo_blackvector.svg","width":232.6,"height":78,"caption":"Aid to the Church in Need International"},"image":{"@id":"https:\/\/acninternational.org\/it\/#\/schema\/logo\/image\/"},"sameAs":["https:\/\/www.facebook.com\/acninternationalorg","https:\/\/x.com\/acn_int","https:\/\/www.youtube.com\/channel\/UCQ-077gS0TnVzkhHmf1opZw","https:\/\/www.instagram.com\/acn_international\/"]}]}},"_links":{"self":[{"href":"https:\/\/acninternational.org\/it\/wp-json\/wp\/v2\/pages\/124568","targetHints":{"allow":["GET"]}}],"collection":[{"href":"https:\/\/acninternational.org\/it\/wp-json\/wp\/v2\/pages"}],"about":[{"href":"https:\/\/acninternational.org\/it\/wp-json\/wp\/v2\/types\/page"}],"author":[{"embeddable":true,"href":"https:\/\/acninternational.org\/it\/wp-json\/wp\/v2\/users\/1"}],"replies":[{"embeddable":true,"href":"https:\/\/acninternational.org\/it\/wp-json\/wp\/v2\/comments?post=124568"}],"version-history":[{"count":0,"href":"https:\/\/acninternational.org\/it\/wp-json\/wp\/v2\/pages\/124568\/revisions"}],"wp:featuredmedia":[{"embeddable":true,"href":"https:\/\/acninternational.org\/it\/wp-json\/wp\/v2\/media\/128575"}],"wp:attachment":[{"href":"https:\/\/acninternational.org\/it\/wp-json\/wp\/v2\/media?parent=124568"}],"curies":[{"name":"wp","href":"https:\/\/api.w.org\/{rel}","templated":true}]}}