{"id":124557,"date":"2019-09-16T16:43:41","date_gmt":"2019-09-16T14:43:41","guid":{"rendered":"https:\/\/acninternational.org\/chi-siamo\/fatti-e-cifre\/"},"modified":"2020-05-25T15:44:35","modified_gmt":"2020-05-25T13:44:35","slug":"fatti-e-cifre","status":"publish","type":"page","link":"https:\/\/acninternational.org\/it\/fatti-e-cifre\/","title":{"rendered":"fatti e cifre"},"content":{"rendered":"<h1>Fatti e cifre per il 2018<\/h1>\n<p>Nel 2018 abbiamo ricevuto 7.607 richieste d\u2019aiuto da tutto il mondo. Grazie alla generosit\u00e0 dei nostri benefattori, abbiamo potuto finanziare iniziative per un importo pari a 110,5 milioni di euro. L\u201980,1% delle donazioni, la maggior parte dell\u2019importo, \u00e8 confluito nelle spese relative alle missioni, quindi in attivit\u00e0 di progetto concrete, nell\u2019informazione, nei mezzi di comunicazione e nelle attivit\u00e0 di preghiera.<\/p>\n<p>\t\t\t\t\t\t\t\t\t\t<img decoding=\"async\" src=\"https:\/\/media.acninternational.org\/wp-content\/uploads\/2019\/09\/kuchen1a_white_total.svg\" alt=\"\" height=\"273.07\" width=\"716.95\" \/><br \/>\n\t\t\t<svg xmlns=\"http:\/\/www.w3.org\/2000\/svg\" xmlns:xlink=\"http:\/\/www.w3.org\/1999\/xlink\" id=\"Layer_1\" x=\"0px\" y=\"0px\" viewBox=\"0 0 19.2 15.5\" style=\"enable-background:new 0 0 19.2 15.5;\" xml:space=\"preserve\"> <\/p>\n<style type=\"text\/css\"> .st0{fill:#B81325;} <\/style>\n<p> <g> <g id=\"Layer_1-2\"> <path d=\"M0,0h3.5v1.1h-2v13.2h2v1.1H0V0z\"><\/path> <path d=\"M15.7,14.4h2V1.1h-2V0h3.5v15.5h-3.5V14.4z\"><\/path> <path d=\"M8.8,8.5H5.6V7h3.2V3.6h1.6V7h3.2v1.5h-3.2v3.4H8.8V8.5z\"><\/path> <\/g> <\/g> <\/svg><br \/>\n\t\t\t110,5 milioni<br \/>\n\t\t\tDescrizione dettagliata dell\u2019utilizzo delle donazioni<br \/>\n\t\t\t&nbsp;Mission-related expenditures<br \/>\n\t\t\t&nbsp;Administration<br \/>\n\t\t\t&nbsp;Donor relations and fundraising<br \/>\n\t\t\t<svg xmlns=\"http:\/\/www.w3.org\/2000\/svg\" xmlns:xlink=\"http:\/\/www.w3.org\/1999\/xlink\" id=\"Layer_1\" x=\"0px\" y=\"0px\" viewBox=\"0 0 19.2 15.5\" style=\"enable-background:new 0 0 19.2 15.5;\" xml:space=\"preserve\"> <\/p>\n<style type=\"text\/css\"> .st0{fill:#B81325;} <\/style>\n<p> <g> <g id=\"Layer_1-2\"> <path d=\"M0,0h3.5v1.1h-2v13.2h2v1.1H0V0z\"><\/path> <path d=\"M15.7,14.4h2V1.1h-2V0h3.5v15.5h-3.5V14.4z\"><\/path> <path d=\"M8.8,8.5H5.6V7h3.2V3.6h1.6V7h3.2v1.5h-3.2v3.4H8.8V8.5z\"><\/path> <\/g> <\/g> <\/svg><br \/>\n\t\t\t\u20ac88.5 milioni<br \/>\n\t\t\tSpese per le missioni<br \/>\n\t\t\t&nbsp;Project work<br \/>\n\t\t\t&nbsp;Information, proclamation of faith and advocacy for discriminated and persecuted Christians\t\t<\/p>\n<p>Abbiamo cercato di contenere il pi\u00f9 possibile la percentuale destinata alle spese necessarie per l\u2019amministrazione e per la pubblicit\u00e0 per la raccolta fondi che sono state rispettivamente dell\u20198,5% e dell\u201911,4%, facendo in modo che pi\u00f9 fondi possibili arrivassero ai cristiani sul posto.<\/p>\n<p>\t\t\tOffices in 23<br \/>\n\t\t\tMore than 330,000<br \/>\n\t\t\t111,108,825<br \/>\n\t\t\tUse of 2.8<br \/>\n\t\t\tProject partners in 139<br \/>\n\t\t\t5,019<br \/>\n\t\t\t80.1%<br \/>\n\t\t\tPaesi<br \/>\n\t\t\tdonatori all\u2019anno in tutto il mondo<br \/>\n\t\t\tdi euro in donazioni e altre entrate<br \/>\n\t\t\tmilioni di euro di eccedenza degli anni passati<br \/>\n\t\t\tPaesi<br \/>\n\t\t\tprogetti sostenuti in tutto il mondo<br \/>\n\t\t\tdelle donazioni utilizzato per le spese relative alle missioni<br \/>\n\t\t\tOffices in 23 countries<br \/>\n\t\t\tMore than 330,000 donors worldwide per year\u200b<br \/>\n\t\t\t111,108,825 euros in donations and other income\u200b<br \/>\n\t\t\tUse of 2.8 million euros in surpluses from previous years\u200b<br \/>\n\t\t\tProject partners in 139 countries\u200b<br \/>\n\t\t\t5,019 projects supported worldwide\u200b<br \/>\n\t\t\t80.1% of the funds used are allocated to mission-related expenses\u200b\t\t<\/p>\n<p>In questo modo, con circa 75,5 milioni di euro, abbiamo potuto sostenere nel 2018 5.019 progetti in 139 paesi. Con ulteriori 13 milioni di euro abbiamo sostenuto i cristiani svantaggiati e perseguitati in tutto il mondo.<\/p>\n<p>Le altalenanti entrate provenienti dai la- sciti sono diminuite di 11,7 milioni di euro rispetto all\u2019anno passato, di conseguenza nel 2018 abbiamo potuto finanziare meno progetti. Siamo contenti quindi che le entrate correnti provenienti dalle donazioni siano rimaste stabili. Le nostre conferme dei progetti in futuro si basano quindi su questi dati.<\/p>\n<h1>\u00bb I nostri progetti del 2018 hanno riguardato soprattutto la ricostruzione, l\u2019educazione alla fede  e gli aiuti d\u2019emergenza nelle zone di guerra \u00ab <\/h1>\n<p>I progetti che abbiamo finanzato sono principalmente di natura pastorale. Nel 2018 circa un terzo delle spese \u00e8 stato destinato alla costruzione di edifici per seminari e alla costruzione e ricostruzione di chiese e di strutture ecclesiastiche.<\/p>\n<p>Pi\u00f9 di un quinto del nostro budget per i progetti \u00e8 confluito nella formazione dei sacerdoti e delle suore, nell\u2019aggiornamento dei sacerdoti e nell\u2019istruzione alla fede dei laici.<\/p>\n<p>Una percentuale considerevole dei nostri fondi, quasi un ottavo, \u00e8 stata destinata agli aiuti di emergenza come, per esempio, per le numerose vittime dei focolai di crisi in Medio Oriente.<\/p>\n<p>n\u2019importante costante \u00e8 anche l\u2019asse- gnazione di offerte per le intenzioni delle Messe: nel 2018 abbiamo consegnato a sacerdoti di tutto il mondo offerte per le intenzioni delle Messe del valore di 12,4 milioni di euro.<\/p>\n<p>\t\t\t\t\t\t\t\t\t\t<img decoding=\"async\" src=\"https:\/\/media.acninternational.org\/wp-content\/uploads\/2019\/09\/kuchen3.svg\" alt=\"\" height=\"198.4\" width=\"198.5\" \/><br \/>\n\t\t\t<svg xmlns=\"http:\/\/www.w3.org\/2000\/svg\" xmlns:xlink=\"http:\/\/www.w3.org\/1999\/xlink\" id=\"Layer_1\" x=\"0px\" y=\"0px\" viewBox=\"0 0 19.2 15.5\" style=\"enable-background:new 0 0 19.2 15.5;\" xml:space=\"preserve\"> <\/p>\n<style type=\"text\/css\"> .st0{fill:#B81325;} <\/style>\n<p> <g> <g id=\"Layer_1-2\"> <path d=\"M0,0h3.5v1.1h-2v13.2h2v1.1H0V0z\"><\/path> <path d=\"M15.7,14.4h2V1.1h-2V0h3.5v15.5h-3.5V14.4z\"><\/path> <path d=\"M8.8,8.5H5.6V7h3.2V3.6h1.6V7h3.2v1.5h-3.2v3.4H8.8V8.5z\"><\/path> <\/g> <\/g> <\/svg><br \/>\n\t\t\t\u20ac75.5 millioni<br \/>\n\t\t\tAiuto concesso per tipo di aiuto<br \/>\n\t\t\th<br \/>\n\t\t\tCostruzione e ricostruzione<br \/>\n\t\t\ta<br \/>\n\t\t\tLe offerte per le intenzioni di Sante Messe<br \/>\n\t\t\ti<br \/>\n\t\t\tAssistenza in situazioni di guerra, fuga da conflitti, violenza e catastrofi naturali<br \/>\n\t\t\tb<br \/>\n\t\t\tFormazione di sacerdoti, religiosi e religiose<br \/>\n\t\t\td<br \/>\n\t\t\tFormazione alla fede dei laici<br \/>\n\t\t\tg<br \/>\n\t\t\tMezzi di trasporto per l\u2019attivit\u00e0 pastoral<br \/>\n\t\t\te\t\t<\/p>\n<p>Distribuzione di Bibbie e libri religiosi<\/p>\n<p>\t\t\tc<br \/>\n\t\t\tAiuti per il sostentamento delle religios\t\t<\/p>\n<blockquote class=\"wp-block-quote blockquote ps-3 py-2\">\n<p>\u00bb Le nostre iniziative di aiuto partono da un serrato dialogo con le Chiese locali \u00ab<\/p>\n<\/blockquote>\n<p>Il Medio Oriente e l\u2019Africa sono stati le prio- rit\u00e0 regionali dei nostri progetti d\u2019aiuto nel 2018. In tutte le nostre attivit\u00e0 di progetto \u00e8 particolarmente importante per noi il dialogo con la Chiesa locale poich\u00e9 i vescovi e i religiosi sanno meglio di tutti dove la sofferenza \u00e8 pi\u00f9 profonda e quali misure d\u2019aiuto \u00e8 necessario intraprendere. Riteniamo che il nostro compito sia quello di sostenere la Chiesa soprattutto laddove i cristiani soffrono a causa della guerra, dell\u2019oppressione, della persecuzio- ne e della violenza.<\/p>\n<p>Anche nel 2018, il Medio Oriente \u00e8 stato purtroppo un focolaio di violenza in cui i fedeli si trovano quotidianamente, e in molti posti, alla merc\u00e9 dell\u2019ISIS e di altri gruppi islamisti dovendone subire la violenza. Per questo motivo, i progetti d\u2019aiuto per la Siria e l\u2019Iraq continueranno ad avere la priorit\u00e0.<\/p>\n<p>Ma anche in diversi paesi dell\u2019Africa i cri- stiani soffrono per la persecuzione e la violenza dell\u2019islamismo radicale. Allo stesso tempo questo continente \u00e8 quello in cui i credenti sono aumentati maggiormente. I nostri finanziamenti per l\u2019Africa tengono in considerazione questi sviluppi, tanto che nel 2018 pi\u00f9 di un quarto del budget per i nostri progetti \u00e8 andato alle Chiese locali dei Paesi africani.<\/p>\n<p>In Asia, invece, la nostra priorit\u00e0 sono regioni come il Pakistan e le Filippine, Paesi anche questi dove l\u2019islamismo radicale sta avanzando.<\/p>\n<p>Naturalmente, siamo attivi anche in India, dove in molti luoghi un induismo sempre pi\u00f9 radicale perseguita la minoranza cristia- na e la opprime con la violenza.<\/p>\n<p>Ma anche la Cina, il Vietnam o il Laos, che da decenni soffrono sotto le strutture del potere comunista, fanno ancora parte della nostra lista per gli aiuti.<\/p>\n<p>\t\t\t\t\t\t\t\t\t\t<img decoding=\"async\" src=\"https:\/\/media.acninternational.org\/wp-content\/uploads\/2019\/09\/kuchen2.svg\" alt=\"\" height=\"198.4\" width=\"198.5\" \/><br \/>\n\t\t\t<svg xmlns=\"http:\/\/www.w3.org\/2000\/svg\" xmlns:xlink=\"http:\/\/www.w3.org\/1999\/xlink\" id=\"Layer_1\" x=\"0px\" y=\"0px\" viewBox=\"0 0 19.2 15.5\" style=\"enable-background:new 0 0 19.2 15.5;\" xml:space=\"preserve\"> <\/p>\n<style type=\"text\/css\"> .st0{fill:#B81325;} <\/style>\n<p> <g> <g id=\"Layer_1-2\"> <path d=\"M0,0h3.5v1.1h-2v13.2h2v1.1H0V0z\"><\/path> <path d=\"M15.7,14.4h2V1.1h-2V0h3.5v15.5h-3.5V14.4z\"><\/path> <path d=\"M8.8,8.5H5.6V7h3.2V3.6h1.6V7h3.2v1.5h-3.2v3.4H8.8V8.5z\"><\/path> <\/g> <\/g> <\/svg><br \/>\n\t\t\t\u20ac75.5 millioni<br \/>\n\t\t\tAiuti concessi per regione<br \/>\n\t\t\t&nbsp;Africa<br \/>\n\t\t\t&nbsp;Middle East<br \/>\n\t\t\t&nbsp;Asia\/Oceania<br \/>\n\t\t\t&nbsp;Latin America<br \/>\n\t\t\t&nbsp;Western\/Eastern Europe<br \/>\n\t\t\t&nbsp;Other<\/p>\n","protected":false},"excerpt":{"rendered":"<p>Fatti e cifre per il 2018 Nel 2018 abbiamo ricevuto 7.607 richieste d\u2019aiuto da tutto il mondo. Grazie alla generosit\u00e0 dei nostri benefattori, abbiamo potuto finanziare iniziative per un importo pari a 110,5 milioni di euro. L\u201980,1% delle donazioni, la maggior parte dell\u2019importo, \u00e8 confluito nelle spese relative alle missioni, quindi in attivit\u00e0 di progetto [&hellip;]<\/p>\n","protected":false},"author":1,"featured_media":136034,"parent":0,"menu_order":0,"comment_status":"closed","ping_status":"closed","template":"","meta":{"_acf_changed":false,"footnotes":""},"class_list":["post-124557","page","type-page","status-publish","has-post-thumbnail","hentry"],"acf":[],"yoast_head":"<!-- This site is optimized with the Yoast SEO Premium plugin v27.3 (Yoast SEO v27.3) - https:\/\/yoast.com\/product\/yoast-seo-premium-wordpress\/ -->\n<title>fatti e cifre | ACN International<\/title>\n<meta name=\"robots\" content=\"index, follow, max-snippet:-1, max-image-preview:large, max-video-preview:-1\" \/>\n<link rel=\"canonical\" href=\"https:\/\/acninternational.org\/it\/fatti-e-cifre\/\" \/>\n<meta property=\"og:locale\" content=\"it_IT\" \/>\n<meta property=\"og:type\" content=\"article\" \/>\n<meta property=\"og:title\" content=\"fatti e cifre\" \/>\n<meta property=\"og:description\" content=\"Fatti e cifre per il 2018 Nel 2018 abbiamo ricevuto 7.607 richieste d\u2019aiuto da tutto il mondo. Grazie alla generosit\u00e0 dei nostri benefattori, abbiamo potuto finanziare iniziative per un importo pari a 110,5 milioni di euro. L\u201980,1% delle donazioni, la maggior parte dell\u2019importo, \u00e8 confluito nelle spese relative alle missioni, quindi in attivit\u00e0 di progetto [&hellip;]\" \/>\n<meta property=\"og:url\" content=\"https:\/\/acninternational.org\/it\/fatti-e-cifre\/\" \/>\n<meta property=\"og:site_name\" content=\"ACN International\" \/>\n<meta property=\"article:publisher\" content=\"https:\/\/www.facebook.com\/acninternationalorg\" \/>\n<meta property=\"article:modified_time\" content=\"2020-05-25T13:44:35+00:00\" \/>\n<meta property=\"og:image\" content=\"https:\/\/media.acninternational.org\/wp-content\/uploads\/2020\/05\/cover_facts-and-figures.jpg\" \/>\n\t<meta property=\"og:image:width\" content=\"2000\" \/>\n\t<meta property=\"og:image:height\" content=\"625\" \/>\n\t<meta property=\"og:image:type\" content=\"image\/jpeg\" \/>\n<meta name=\"twitter:card\" content=\"summary_large_image\" \/>\n<meta name=\"twitter:site\" content=\"@acn_int\" \/>\n<meta name=\"twitter:label1\" content=\"Tempo di lettura stimato\" \/>\n\t<meta name=\"twitter:data1\" content=\"4 minuti\" \/>\n<script type=\"application\/ld+json\" class=\"yoast-schema-graph\">{\"@context\":\"https:\\\/\\\/schema.org\",\"@graph\":[{\"@type\":\"WebPage\",\"@id\":\"https:\\\/\\\/acninternational.org\\\/it\\\/fatti-e-cifre\\\/\",\"url\":\"https:\\\/\\\/acninternational.org\\\/it\\\/fatti-e-cifre\\\/\",\"name\":\"fatti e cifre | ACN International\",\"isPartOf\":{\"@id\":\"https:\\\/\\\/acninternational.org\\\/it\\\/#website\"},\"primaryImageOfPage\":{\"@id\":\"https:\\\/\\\/acninternational.org\\\/it\\\/fatti-e-cifre\\\/#primaryimage\"},\"image\":{\"@id\":\"https:\\\/\\\/acninternational.org\\\/it\\\/fatti-e-cifre\\\/#primaryimage\"},\"thumbnailUrl\":\"https:\\\/\\\/media.acninternational.org\\\/wp-content\\\/uploads\\\/2020\\\/05\\\/cover_facts-and-figures.jpg\",\"datePublished\":\"2019-09-16T14:43:41+00:00\",\"dateModified\":\"2020-05-25T13:44:35+00:00\",\"breadcrumb\":{\"@id\":\"https:\\\/\\\/acninternational.org\\\/it\\\/fatti-e-cifre\\\/#breadcrumb\"},\"inLanguage\":\"it-IT\",\"potentialAction\":[{\"@type\":\"ReadAction\",\"target\":[\"https:\\\/\\\/acninternational.org\\\/it\\\/fatti-e-cifre\\\/\"]}]},{\"@type\":\"ImageObject\",\"inLanguage\":\"it-IT\",\"@id\":\"https:\\\/\\\/acninternational.org\\\/it\\\/fatti-e-cifre\\\/#primaryimage\",\"url\":\"https:\\\/\\\/media.acninternational.org\\\/wp-content\\\/uploads\\\/2020\\\/05\\\/cover_facts-and-figures.jpg\",\"contentUrl\":\"https:\\\/\\\/media.acninternational.org\\\/wp-content\\\/uploads\\\/2020\\\/05\\\/cover_facts-and-figures.jpg\",\"width\":2000,\"height\":625},{\"@type\":\"BreadcrumbList\",\"@id\":\"https:\\\/\\\/acninternational.org\\\/it\\\/fatti-e-cifre\\\/#breadcrumb\",\"itemListElement\":[{\"@type\":\"ListItem\",\"position\":1,\"name\":\"Home\",\"item\":\"https:\\\/\\\/acninternational.org\\\/it\\\/\"},{\"@type\":\"ListItem\",\"position\":2,\"name\":\"fatti e cifre\"}]},{\"@type\":\"WebSite\",\"@id\":\"https:\\\/\\\/acninternational.org\\\/it\\\/#website\",\"url\":\"https:\\\/\\\/acninternational.org\\\/it\\\/\",\"name\":\"ACN International\",\"description\":\"\",\"publisher\":{\"@id\":\"https:\\\/\\\/acninternational.org\\\/it\\\/#organization\"},\"potentialAction\":[{\"@type\":\"SearchAction\",\"target\":{\"@type\":\"EntryPoint\",\"urlTemplate\":\"https:\\\/\\\/acninternational.org\\\/it\\\/?s={search_term_string}\"},\"query-input\":{\"@type\":\"PropertyValueSpecification\",\"valueRequired\":true,\"valueName\":\"search_term_string\"}}],\"inLanguage\":\"it-IT\"},{\"@type\":\"Organization\",\"@id\":\"https:\\\/\\\/acninternational.org\\\/it\\\/#organization\",\"name\":\"Aid to the Church in Need International\",\"url\":\"https:\\\/\\\/acninternational.org\\\/it\\\/\",\"logo\":{\"@type\":\"ImageObject\",\"inLanguage\":\"it-IT\",\"@id\":\"https:\\\/\\\/acninternational.org\\\/it\\\/#\\\/schema\\\/logo\\\/image\\\/\",\"url\":\"https:\\\/\\\/media.acninternational.org\\\/wp-content\\\/uploads\\\/2019\\\/11\\\/acn_logo_blackvector.svg\",\"contentUrl\":\"https:\\\/\\\/media.acninternational.org\\\/wp-content\\\/uploads\\\/2019\\\/11\\\/acn_logo_blackvector.svg\",\"width\":232.6,\"height\":78,\"caption\":\"Aid to the Church in Need International\"},\"image\":{\"@id\":\"https:\\\/\\\/acninternational.org\\\/it\\\/#\\\/schema\\\/logo\\\/image\\\/\"},\"sameAs\":[\"https:\\\/\\\/www.facebook.com\\\/acninternationalorg\",\"https:\\\/\\\/x.com\\\/acn_int\",\"https:\\\/\\\/www.youtube.com\\\/channel\\\/UCQ-077gS0TnVzkhHmf1opZw\",\"https:\\\/\\\/www.instagram.com\\\/acn_international\\\/\"]}]}<\/script>\n<!-- \/ Yoast SEO Premium plugin. -->","yoast_head_json":{"title":"fatti e cifre | ACN International","robots":{"index":"index","follow":"follow","max-snippet":"max-snippet:-1","max-image-preview":"max-image-preview:large","max-video-preview":"max-video-preview:-1"},"canonical":"https:\/\/acninternational.org\/it\/fatti-e-cifre\/","og_locale":"it_IT","og_type":"article","og_title":"fatti e cifre","og_description":"Fatti e cifre per il 2018 Nel 2018 abbiamo ricevuto 7.607 richieste d\u2019aiuto da tutto il mondo. Grazie alla generosit\u00e0 dei nostri benefattori, abbiamo potuto finanziare iniziative per un importo pari a 110,5 milioni di euro. L\u201980,1% delle donazioni, la maggior parte dell\u2019importo, \u00e8 confluito nelle spese relative alle missioni, quindi in attivit\u00e0 di progetto [&hellip;]","og_url":"https:\/\/acninternational.org\/it\/fatti-e-cifre\/","og_site_name":"ACN International","article_publisher":"https:\/\/www.facebook.com\/acninternationalorg","article_modified_time":"2020-05-25T13:44:35+00:00","og_image":[{"width":2000,"height":625,"url":"https:\/\/media.acninternational.org\/wp-content\/uploads\/2020\/05\/cover_facts-and-figures.jpg","type":"image\/jpeg"}],"twitter_card":"summary_large_image","twitter_site":"@acn_int","twitter_misc":{"Tempo di lettura stimato":"4 minuti"},"schema":{"@context":"https:\/\/schema.org","@graph":[{"@type":"WebPage","@id":"https:\/\/acninternational.org\/it\/fatti-e-cifre\/","url":"https:\/\/acninternational.org\/it\/fatti-e-cifre\/","name":"fatti e cifre | ACN International","isPartOf":{"@id":"https:\/\/acninternational.org\/it\/#website"},"primaryImageOfPage":{"@id":"https:\/\/acninternational.org\/it\/fatti-e-cifre\/#primaryimage"},"image":{"@id":"https:\/\/acninternational.org\/it\/fatti-e-cifre\/#primaryimage"},"thumbnailUrl":"https:\/\/media.acninternational.org\/wp-content\/uploads\/2020\/05\/cover_facts-and-figures.jpg","datePublished":"2019-09-16T14:43:41+00:00","dateModified":"2020-05-25T13:44:35+00:00","breadcrumb":{"@id":"https:\/\/acninternational.org\/it\/fatti-e-cifre\/#breadcrumb"},"inLanguage":"it-IT","potentialAction":[{"@type":"ReadAction","target":["https:\/\/acninternational.org\/it\/fatti-e-cifre\/"]}]},{"@type":"ImageObject","inLanguage":"it-IT","@id":"https:\/\/acninternational.org\/it\/fatti-e-cifre\/#primaryimage","url":"https:\/\/media.acninternational.org\/wp-content\/uploads\/2020\/05\/cover_facts-and-figures.jpg","contentUrl":"https:\/\/media.acninternational.org\/wp-content\/uploads\/2020\/05\/cover_facts-and-figures.jpg","width":2000,"height":625},{"@type":"BreadcrumbList","@id":"https:\/\/acninternational.org\/it\/fatti-e-cifre\/#breadcrumb","itemListElement":[{"@type":"ListItem","position":1,"name":"Home","item":"https:\/\/acninternational.org\/it\/"},{"@type":"ListItem","position":2,"name":"fatti e cifre"}]},{"@type":"WebSite","@id":"https:\/\/acninternational.org\/it\/#website","url":"https:\/\/acninternational.org\/it\/","name":"ACN International","description":"","publisher":{"@id":"https:\/\/acninternational.org\/it\/#organization"},"potentialAction":[{"@type":"SearchAction","target":{"@type":"EntryPoint","urlTemplate":"https:\/\/acninternational.org\/it\/?s={search_term_string}"},"query-input":{"@type":"PropertyValueSpecification","valueRequired":true,"valueName":"search_term_string"}}],"inLanguage":"it-IT"},{"@type":"Organization","@id":"https:\/\/acninternational.org\/it\/#organization","name":"Aid to the Church in Need International","url":"https:\/\/acninternational.org\/it\/","logo":{"@type":"ImageObject","inLanguage":"it-IT","@id":"https:\/\/acninternational.org\/it\/#\/schema\/logo\/image\/","url":"https:\/\/media.acninternational.org\/wp-content\/uploads\/2019\/11\/acn_logo_blackvector.svg","contentUrl":"https:\/\/media.acninternational.org\/wp-content\/uploads\/2019\/11\/acn_logo_blackvector.svg","width":232.6,"height":78,"caption":"Aid to the Church in Need International"},"image":{"@id":"https:\/\/acninternational.org\/it\/#\/schema\/logo\/image\/"},"sameAs":["https:\/\/www.facebook.com\/acninternationalorg","https:\/\/x.com\/acn_int","https:\/\/www.youtube.com\/channel\/UCQ-077gS0TnVzkhHmf1opZw","https:\/\/www.instagram.com\/acn_international\/"]}]}},"_links":{"self":[{"href":"https:\/\/acninternational.org\/it\/wp-json\/wp\/v2\/pages\/124557","targetHints":{"allow":["GET"]}}],"collection":[{"href":"https:\/\/acninternational.org\/it\/wp-json\/wp\/v2\/pages"}],"about":[{"href":"https:\/\/acninternational.org\/it\/wp-json\/wp\/v2\/types\/page"}],"author":[{"embeddable":true,"href":"https:\/\/acninternational.org\/it\/wp-json\/wp\/v2\/users\/1"}],"replies":[{"embeddable":true,"href":"https:\/\/acninternational.org\/it\/wp-json\/wp\/v2\/comments?post=124557"}],"version-history":[{"count":0,"href":"https:\/\/acninternational.org\/it\/wp-json\/wp\/v2\/pages\/124557\/revisions"}],"wp:featuredmedia":[{"embeddable":true,"href":"https:\/\/acninternational.org\/it\/wp-json\/wp\/v2\/media\/136034"}],"wp:attachment":[{"href":"https:\/\/acninternational.org\/it\/wp-json\/wp\/v2\/media?parent=124557"}],"curies":[{"name":"wp","href":"https:\/\/api.w.org\/{rel}","templated":true}]}}