{"id":260189,"date":"2025-11-17T12:01:19","date_gmt":"2025-11-17T11:01:19","guid":{"rendered":"https:\/\/acninternational.org\/red-week\/"},"modified":"2025-11-20T11:29:36","modified_gmt":"2025-11-20T10:29:36","slug":"red-week","status":"publish","type":"page","link":"https:\/\/acninternational.org\/fr\/red-week\/","title":{"rendered":"Red Week"},"content":{"rendered":"\n<style>\r\n.additional-title{\r\n    font-family: 'Source Sans 3';\r\n    font-size: 73px;\r\n    font-weight: 700;\r\n    line-height: 60px;\r\n    margin: 0;\r\n}\r\n\r\n.redweek-image-rounded{\r\nmax-width: 85%;\r\n}\r\n\r\n\r\n.font-family: 'Source Sans 3'; \r\n.redweek-image-rounded-100{\r\nmax-width: 100%;\r\n}\r\n    \r\n.redweek-image-rounded > img, .redweek-image-rounded-100 > img{\r\nborder-radius:12px;\r\n}\r\n.h4-column-title{\r\nline-height:26px !important;\r\n}\r\n.rfr-cover-title{\r\n font-size:44px;\r\n}\r\n.equal-height-row {\r\n  align-items: stretch; \/* parent flex container *\/\r\n}\r\n\r\n.equal-height-row .equal-height-col {\r\n  display: flex;\r\n  flex-direction: column;\r\n}\r\n\r\n.equal-height-row .equal-height-col .bottom-button {\r\n  margin-top: auto;\r\n}\r\n\r\n@media (max-width: 767px) {\r\n  .wp-block-columns.reverse-mobile {\r\n    flex-direction: column-reverse !important;\r\n  }\r\n}\r\n\r\n\r\n@media screen and (max-width: 420px) {\r\n.additional-title {\r\n    font-family: 'Source Sans 3';\r\n    font-size: 40px;\r\n}\r\n.redweek-image-rounded{\r\nmax-width: 100%;\r\n}\r\n\r\n.rfr-cover-title{\r\n font-size:23px;\r\n}\r\n}\r\n\r\n<\/style>\n\n\n\n<div class=\"wp-block-columns container is-layout-flex wp-container-core-columns-is-layout-9d6595d7 wp-block-columns-is-layout-flex\">\n<div class=\"wp-block-column is-vertically-aligned-center is-layout-flow wp-block-column-is-layout-flow\">\n<h2 class=\"wp-block-heading has-text-align-center\" id=\"h-en-novembre-participez-a-la-redweek\">En novembre, participez \u00e0 la #RedWeek<\/h2>\n\n\n\n<p class=\"has-text-align-center\" style=\"font-size:18px\">Une campagne mondiale qui illumine en rouge les \u00e9glises, les monuments et les b\u00e2timents publics afin de sensibiliser l&rsquo;opinion publique \u00e0 la pers\u00e9cution des chr\u00e9tiens dans le monde entier.<\/p>\n<\/div>\n<\/div>\n\n\n\n<div class=\"wp-block-columns container is-layout-flex wp-container-core-columns-is-layout-9d6595d7 wp-block-columns-is-layout-flex\">\n<div class=\"wp-block-column text-center is-layout-flow wp-block-column-is-layout-flow\">\n<figure class=\"wp-block-embed aligncenter is-type-video is-provider-youtube wp-block-embed-youtube wp-embed-aspect-16-9 wp-has-aspect-ratio\"><div class=\"wp-block-embed__wrapper\">\n<iframe loading=\"lazy\" title=\"Red Week 2025 SPOT - ENGLISH\" width=\"640\" height=\"360\" src=\"https:\/\/www.youtube.com\/embed\/05KOwjMpZ04?feature=oembed\" frameborder=\"0\" allow=\"accelerometer; autoplay; clipboard-write; encrypted-media; gyroscope; picture-in-picture; web-share\" referrerpolicy=\"strict-origin-when-cross-origin\" allowfullscreen><\/iframe>\n<\/div><\/figure>\n<\/div>\n<\/div>\n\n\n\n<div class=\"wp-block-columns container reverse-mobile is-layout-flex wp-container-core-columns-is-layout-9d6595d7 wp-block-columns-is-layout-flex\">\n<div class=\"wp-block-column text-center is-layout-flow wp-block-column-is-layout-flow\">\n<figure class=\"wp-block-image size-large is-style-default redweek-image-rounded\"><img loading=\"lazy\" decoding=\"async\" width=\"1024\" height=\"682\" src=\"https:\/\/media.acninternational.org\/wp-content\/uploads\/2025\/11\/ACN-20231205-157043-1024x682.jpg\" alt=\"\" class=\"wp-image-260131\" srcset=\"https:\/\/media.acninternational.org\/wp-content\/uploads\/2025\/11\/ACN-20231205-157043-1024x682.jpg 1024w, https:\/\/media.acninternational.org\/wp-content\/uploads\/2025\/11\/ACN-20231205-157043-300x200.jpg 300w, https:\/\/media.acninternational.org\/wp-content\/uploads\/2025\/11\/ACN-20231205-157043-768x512.jpg 768w, https:\/\/media.acninternational.org\/wp-content\/uploads\/2025\/11\/ACN-20231205-157043.jpg 1280w\" sizes=\"auto, (max-width: 1024px) 100vw, 1024px\" \/><\/figure>\n<\/div>\n\n\n\n<div class=\"wp-block-column is-vertically-aligned-center is-layout-flow wp-block-column-is-layout-flow\">\n<h2 class=\"wp-block-heading mb-0\" id=\"h-la-couleur-rouge\" style=\"font-size:44px\">La couleur rouge<\/h2>\n\n\n\n<p class=\"has-text-align-left\" style=\"font-size:18px\">symbolise le sang des martyrs et repr\u00e9sente<br>notre solidarit\u00e9 avec ceux qui souffrent pour leur foi.<\/p>\n<\/div>\n<\/div>\n\n\n\n<div class=\"wp-block-columns container is-layout-flex wp-container-core-columns-is-layout-9d6595d7 wp-block-columns-is-layout-flex\">\n<div class=\"wp-block-column is-vertically-aligned-center is-layout-flow wp-block-column-is-layout-flow\">\n<h2 class=\"wp-block-heading mb-0\" id=\"h-413-millions-de-chretiens\" style=\"font-size:44px\">413 millions de chr\u00e9tiens<\/h2>\n\n\n\n<p class=\"has-text-align-left\" style=\"font-size:18px\">vivent dans des pays o\u00f9 la libert\u00e9 religieuse est gravement bafou\u00e9e,<br>et 220 millions sont directement expos\u00e9s \u00e0 la pers\u00e9cution.<\/p>\n<\/div>\n\n\n\n<div class=\"wp-block-column text-center is-layout-flow wp-block-column-is-layout-flow\">\n<figure class=\"wp-block-image size-large is-style-default redweek-image-rounded\"><img loading=\"lazy\" decoding=\"async\" width=\"1024\" height=\"682\" src=\"https:\/\/media.acninternational.org\/wp-content\/uploads\/2025\/11\/image-2-1024x682.jpg\" alt=\"\" class=\"wp-image-260137\" srcset=\"https:\/\/media.acninternational.org\/wp-content\/uploads\/2025\/11\/image-2-1024x682.jpg 1024w, https:\/\/media.acninternational.org\/wp-content\/uploads\/2025\/11\/image-2-300x200.jpg 300w, https:\/\/media.acninternational.org\/wp-content\/uploads\/2025\/11\/image-2-768x512.jpg 768w, https:\/\/media.acninternational.org\/wp-content\/uploads\/2025\/11\/image-2.jpg 1280w\" sizes=\"auto, (max-width: 1024px) 100vw, 1024px\" \/><\/figure>\n<\/div>\n<\/div>\n\n\n\n<div class=\"wp-block-columns container reverse-mobile is-layout-flex wp-container-core-columns-is-layout-9d6595d7 wp-block-columns-is-layout-flex\">\n<div class=\"wp-block-column text-center is-layout-flow wp-block-column-is-layout-flow\">\n<figure class=\"wp-block-image size-large is-style-default redweek-image-rounded\"><img loading=\"lazy\" decoding=\"async\" width=\"1024\" height=\"682\" src=\"https:\/\/media.acninternational.org\/wp-content\/uploads\/2025\/11\/ACN-20231205-157049-1024x682.jpg\" alt=\"\" class=\"wp-image-260143\" srcset=\"https:\/\/media.acninternational.org\/wp-content\/uploads\/2025\/11\/ACN-20231205-157049-1024x682.jpg 1024w, https:\/\/media.acninternational.org\/wp-content\/uploads\/2025\/11\/ACN-20231205-157049-300x200.jpg 300w, https:\/\/media.acninternational.org\/wp-content\/uploads\/2025\/11\/ACN-20231205-157049-768x512.jpg 768w, https:\/\/media.acninternational.org\/wp-content\/uploads\/2025\/11\/ACN-20231205-157049.jpg 1280w\" sizes=\"auto, (max-width: 1024px) 100vw, 1024px\" \/><\/figure>\n<\/div>\n\n\n\n<div class=\"wp-block-column is-vertically-aligned-center is-layout-flow wp-block-column-is-layout-flow\">\n<h2 class=\"wp-block-heading mb-0\" id=\"h-plus-d-un-demi-million-de-personnes\" style=\"font-size:44px\">Plus d&rsquo;un demi-million de personnes<\/h2>\n\n\n\n<p class=\"has-text-align-left\" style=\"font-size:18px\">devraient participer \u00e0 la Red Week 2025 d&rsquo;ACN,<br>alors que plus de 600 \u00e9glises se teinteront<br>de rouge pour la foi et la libert\u00e9.<\/p>\n<\/div>\n<\/div>\n\n\n\n<div class=\"wp-block-columns container is-layout-flex wp-container-core-columns-is-layout-9d6595d7 wp-block-columns-is-layout-flex\">\n<div class=\"wp-block-column is-vertically-aligned-center is-layout-flow wp-block-column-is-layout-flow\">\n<h2 class=\"wp-block-heading mb-0\" id=\"h-participez-a-la-redweek\" style=\"font-size:44px\">Participez \u00e0 la #RedWeek<\/h2>\n\n\n\n<p class=\"has-text-align-left\" style=\"font-size:18px\">en priant, en portant du rouge et en vous informant sur<br>les \u00e9v\u00e9nements qui se d\u00e9roulent dans votre pays<\/p>\n\n\n\n<style>\t \n #countryDropdown{\n font-size: 18px;\n }\n<\/style>\n<div class=\"d-flex justify-content-center\">\n    <div class=\"dropdown\">\n    <button class=\"btn btn-light dropdown-toggle\" type=\"button\" id=\"countryDropdown\" data-bs-toggle=\"dropdown\" aria-expanded=\"false\">\n    S\u00e9lectionnez votre pays\n    <\/button>\n    <ul class=\"dropdown-menu\" aria-labelledby=\"countryDropdown\">\n        <li><a class=\"dropdown-item\" href=\"https:\/\/aed-france.org\/evenement\/redweek2025\/\" target=\"_blank\">France<\/a><\/li>\n        <li><a class=\"dropdown-item\" href=\"https:\/\/acn-canada.org\/fr\/mercredi-rouge\/\" target=\"_blank\">Canada<\/a><\/li>\n        <li><a class=\"dropdown-item\" href=\"https:\/\/www.egliseendetresse.be\/mercredi-rouge-2025\/\" target=\"_blank\">Belgique<\/a><\/li>\n        <li><a class=\"dropdown-item\" href=\"https:\/\/kirche-in-not.ch\/fr\/pour-les-paroisses\/redweek\" target=\"_blank\">Suisse<\/a><\/li>\n    <\/ul>\n    <\/div>\n\n<\/div>\n<\/div>\n\n\n\n<div class=\"wp-block-column text-center is-layout-flow wp-block-column-is-layout-flow\">\n<figure class=\"wp-block-image size-large is-style-default redweek-image-rounded\"><img loading=\"lazy\" decoding=\"async\" width=\"1024\" height=\"682\" src=\"https:\/\/media.acninternational.org\/wp-content\/uploads\/2025\/11\/ACN-20211207-120952-1024x682.jpg\" alt=\"\" class=\"wp-image-260149\" srcset=\"https:\/\/media.acninternational.org\/wp-content\/uploads\/2025\/11\/ACN-20211207-120952-1024x682.jpg 1024w, https:\/\/media.acninternational.org\/wp-content\/uploads\/2025\/11\/ACN-20211207-120952-300x200.jpg 300w, https:\/\/media.acninternational.org\/wp-content\/uploads\/2025\/11\/ACN-20211207-120952-768x512.jpg 768w, https:\/\/media.acninternational.org\/wp-content\/uploads\/2025\/11\/ACN-20211207-120952.jpg 1280w\" sizes=\"auto, (max-width: 1024px) 100vw, 1024px\" \/><\/figure>\n<\/div>\n<\/div>\n\n\n\n<div class=\"wp-block-cover is-light\" style=\"min-height:300px;aspect-ratio:unset;\"><img decoding=\"async\" class=\"wp-block-cover__image-background wp-image-259648 size-full\" alt=\"\" src=\"https:\/\/media.acninternational.org\/wp-content\/uploads\/2025\/11\/Copertina_Rapporto_2025_montaggio_copia_2072a7501e-1.jpg\" data-object-fit=\"cover\"\/><span aria-hidden=\"true\" class=\"wp-block-cover__background has-background-dim-0 has-background-dim\" style=\"background-color:#FFF\"><\/span><div class=\"wp-block-cover__inner-container is-layout-constrained wp-block-cover-is-layout-constrained\">\n<h4 class=\"wp-block-heading has-text-align-center rfr-cover-title has-white-color has-text-color has-link-color wp-elements-4ee7ca670bce52fa54c4271f23276b92\" id=\"h-rapport-sur-la-liberte-religieuse-2025\">Rapport sur la libert\u00e9 religieuse 2025<\/h4>\n<\/div><\/div>\n\n\n\n<div style=\"height:80px\" aria-hidden=\"true\" class=\"wp-block-spacer\"><\/div>\n\n\n\n<div class=\"wp-block-columns container equal-height-row is-layout-flex wp-container-core-columns-is-layout-9d6595d7 wp-block-columns-is-layout-flex\">\n<div class=\"wp-block-column wp-block-column-stretch is-layout-flow equal-height-col wp-block-column-is-layout-flow\">\n<figure class=\"wp-block-image size-full is-style-default redweek-image-rounded-100\"><img decoding=\"async\" src=\"https:\/\/media.acninternational.org\/wp-content\/uploads\/2025\/11\/map.jpg\" alt=\"\" class=\"wp-image-259655\"\/><\/figure>\n\n\n\n<h4 class=\"wp-block-heading h4-column-title\" id=\"h-principales-constatations\" style=\"font-size:24px\">Principales constatations<\/h4>\n\n\n\n<p style=\"font-size:18px\">Dans un monde marqu\u00e9 par une instabilit\u00e9 croissante<br>de la guerre en Ukraine au conflit en Terre Sainte,<br>et face \u00e0 la mont\u00e9e de l\u2019autoritarisme dans le monde<br>la libert\u00e9 religieuse est de plus en plus menac\u00e9e.<\/p>\n\n\n\n<div class=\"wp-block-buttons border-0 bottom-button is-content-justification-left is-layout-flex wp-container-core-buttons-is-layout-fdcfc74e wp-block-buttons-is-layout-flex\">\n<div class=\"wp-block-button has-custom-width wp-block-button__width-50 border-0 is-style-fill py-2\"><a class=\"wp-block-button__link has-white-color has-text-color has-background has-link-color wp-element-button\" href=\"https:\/\/acninternational.org\/fr\/religiousfreedomreport\/\" style=\"border-radius:6px;background-color:#ea1f25\">Plus<\/a><\/div>\n<\/div>\n<\/div>\n\n\n\n<div class=\"wp-block-column wp-block-column-stretch is-layout-flow equal-height-col wp-block-column-is-layout-flow\">\n<figure class=\"wp-block-image size-full is-style-default redweek-image-rounded-100\"><img decoding=\"async\" src=\"https:\/\/media.acninternational.org\/wp-content\/uploads\/2025\/11\/image-5.jpg\" alt=\"\" class=\"wp-image-259667\"\/><\/figure>\n\n\n\n<h4 class=\"wp-block-heading h4-column-title\" id=\"h-petition-internationale-pour-la-liberte-religieuse\" style=\"font-size:24px\">P\u00e9tition internationale pour la<br>libert\u00e9 religieuse<\/h4>\n\n\n\n<p style=\"font-size:18px\">Signez cette p\u00e9tition et plaidez en faveur de la protection et de la promotion urgentes, \u00e0 l&rsquo;\u00e9chelle mondiale, du droit fondamental \u00e0 la libert\u00e9 de pens\u00e9e, de conscience et de religion.<\/p>\n\n\n\n<div class=\"wp-block-buttons border-0 bottom-button is-content-justification-left is-layout-flex wp-container-core-buttons-is-layout-fdcfc74e wp-block-buttons-is-layout-flex\">\n<div class=\"wp-block-button has-custom-width wp-block-button__width-50 border-0 is-style-fill py-2\"><a class=\"wp-block-button__link has-white-color has-text-color has-background has-link-color wp-element-button\" href=\"https:\/\/acninternational.org\/fr\/petition\/\" style=\"border-radius:6px;background-color:#ea1f25\">Signe<\/a><\/div>\n<\/div>\n<\/div>\n\n\n\n<div class=\"wp-block-column wp-block-column-stretch is-layout-flow equal-height-col wp-block-column-is-layout-flow\">\n<figure class=\"wp-block-image size-full is-style-default redweek-image-rounded-100\"><img decoding=\"async\" src=\"https:\/\/media.acninternational.org\/wp-content\/uploads\/2025\/11\/large_2_Regina_Lynch_ACN_4e9cf71819.jpg\" alt=\"\" class=\"wp-image-259661\"\/><\/figure>\n\n\n\n<h4 class=\"wp-block-heading h4-column-title\" id=\"h-articles\" style=\"font-size:24px\">Articles<\/h4>\n\n\n\n<p style=\"font-size:18px\">\u00c9tudes de cas, documents d&rsquo;information et articles<br>sur la situation actuelle en mati\u00e8re de discrimination<br>et de pers\u00e9cution \u00e0 travers le monde.<\/p>\n\n\n\n<div class=\"wp-block-buttons border-0 bottom-button is-content-justification-left is-layout-flex wp-container-core-buttons-is-layout-fdcfc74e wp-block-buttons-is-layout-flex\">\n<div class=\"wp-block-button has-custom-width wp-block-button__width-50 border-0 is-style-fill py-2\"><a class=\"wp-block-button__link has-white-color has-text-color has-background has-link-color wp-element-button\" href=\"https:\/\/acninternational.org\/fr\/religiousfreedomreport\/\" style=\"border-radius:6px;background-color:#ea1f25\">Lire<\/a><\/div>\n<\/div>\n<\/div>\n<\/div>\n\n\n\n<div style=\"height:40px\" aria-hidden=\"true\" class=\"wp-block-spacer\"><\/div>\n\n\n\n<h3 class=\"wp-block-heading has-text-align-center acn-text-red\" id=\"h-la-liberte-religieuse-un-droit-humain-pas-un-privilege\" style=\"font-size:38px\">La libert\u00e9 religieuse : un droit humain, pas un privil\u00e8ge.<\/h3>\n\n\n\n<div style=\"height:60px\" aria-hidden=\"true\" class=\"wp-block-spacer\"><\/div>\n","protected":false},"excerpt":{"rendered":"<p>En novembre, participez \u00e0 la #RedWeek Une campagne mondiale qui illumine en rouge les \u00e9glises, les monuments et les b\u00e2timents publics afin de sensibiliser l&rsquo;opinion publique \u00e0 la pers\u00e9cution des chr\u00e9tiens dans le monde entier. La couleur rouge symbolise le sang des martyrs et repr\u00e9sentenotre solidarit\u00e9 avec ceux qui souffrent pour leur foi. 413 millions [&hellip;]<\/p>\n","protected":false},"author":4258341480,"featured_media":260165,"parent":0,"menu_order":0,"comment_status":"closed","ping_status":"closed","template":"page-full-width.php","meta":{"_acf_changed":false,"footnotes":""},"class_list":["post-260189","page","type-page","status-publish","has-post-thumbnail","hentry"],"acf":[],"yoast_head":"<!-- This site is optimized with the Yoast SEO Premium plugin v27.3 (Yoast SEO v27.3) - https:\/\/yoast.com\/product\/yoast-seo-premium-wordpress\/ -->\n<title>Red Week | ACN International<\/title>\n<meta name=\"description\" content=\"Une campagne mondiale qui illumine en rouge les \u00e9glises, les monuments et les b\u00e2timents publics afin de sensibiliser l&#039;opinion publique \u00e0 la pers\u00e9cution des chr\u00e9tiens dans le monde entier.\" \/>\n<meta name=\"robots\" content=\"index, follow, max-snippet:-1, max-image-preview:large, max-video-preview:-1\" \/>\n<link rel=\"canonical\" href=\"https:\/\/acninternational.org\/fr\/red-week\/\" \/>\n<meta property=\"og:locale\" content=\"fr_FR\" \/>\n<meta property=\"og:type\" content=\"article\" \/>\n<meta property=\"og:title\" content=\"Red Week\" \/>\n<meta property=\"og:description\" content=\"Une campagne mondiale qui illumine en rouge les \u00e9glises, les monuments et les b\u00e2timents publics afin de sensibiliser l&#039;opinion publique \u00e0 la pers\u00e9cution des chr\u00e9tiens dans le monde entier.\" \/>\n<meta property=\"og:url\" content=\"https:\/\/acninternational.org\/fr\/red-week\/\" \/>\n<meta property=\"og:site_name\" content=\"ACN International\" \/>\n<meta property=\"article:publisher\" content=\"https:\/\/www.facebook.com\/acninternationalorg\" \/>\n<meta property=\"article:modified_time\" content=\"2025-11-20T10:29:36+00:00\" \/>\n<meta property=\"og:image\" content=\"https:\/\/media.acninternational.org\/wp-content\/uploads\/2025\/11\/ACN-REDWEEK-2025-3-300x300.jpg\" \/>\n<meta name=\"twitter:card\" content=\"summary_large_image\" \/>\n<meta name=\"twitter:site\" content=\"@acn_int\" \/>\n<meta name=\"twitter:label1\" content=\"Dur\u00e9e de lecture estim\u00e9e\" \/>\n\t<meta name=\"twitter:data1\" content=\"3 minutes\" \/>\n<script type=\"application\/ld+json\" class=\"yoast-schema-graph\">{\"@context\":\"https:\\\/\\\/schema.org\",\"@graph\":[{\"@type\":\"WebPage\",\"@id\":\"https:\\\/\\\/acninternational.org\\\/fr\\\/red-week\\\/\",\"url\":\"https:\\\/\\\/acninternational.org\\\/fr\\\/red-week\\\/\",\"name\":\"Red Week | ACN International\",\"isPartOf\":{\"@id\":\"https:\\\/\\\/acninternational.org\\\/fr\\\/#website\"},\"primaryImageOfPage\":{\"@id\":\"https:\\\/\\\/acninternational.org\\\/fr\\\/red-week\\\/#primaryimage\"},\"image\":{\"@id\":\"https:\\\/\\\/acninternational.org\\\/fr\\\/red-week\\\/#primaryimage\"},\"thumbnailUrl\":\"https:\\\/\\\/media.acninternational.org\\\/wp-content\\\/uploads\\\/2025\\\/11\\\/New-RW25-Web-Headers-02-2.jpg\",\"datePublished\":\"2025-11-17T11:01:19+00:00\",\"dateModified\":\"2025-11-20T10:29:36+00:00\",\"description\":\"Une campagne mondiale qui illumine en rouge les \u00e9glises, les monuments et les b\u00e2timents publics afin de sensibiliser l'opinion publique \u00e0 la pers\u00e9cution des chr\u00e9tiens dans le monde entier.\",\"breadcrumb\":{\"@id\":\"https:\\\/\\\/acninternational.org\\\/fr\\\/red-week\\\/#breadcrumb\"},\"inLanguage\":\"fr-FR\",\"potentialAction\":[{\"@type\":\"ReadAction\",\"target\":[\"https:\\\/\\\/acninternational.org\\\/fr\\\/red-week\\\/\"]}]},{\"@type\":\"ImageObject\",\"inLanguage\":\"fr-FR\",\"@id\":\"https:\\\/\\\/acninternational.org\\\/fr\\\/red-week\\\/#primaryimage\",\"url\":\"https:\\\/\\\/media.acninternational.org\\\/wp-content\\\/uploads\\\/2025\\\/11\\\/New-RW25-Web-Headers-02-2.jpg\",\"contentUrl\":\"https:\\\/\\\/media.acninternational.org\\\/wp-content\\\/uploads\\\/2025\\\/11\\\/New-RW25-Web-Headers-02-2.jpg\",\"width\":1719,\"height\":460},{\"@type\":\"BreadcrumbList\",\"@id\":\"https:\\\/\\\/acninternational.org\\\/fr\\\/red-week\\\/#breadcrumb\",\"itemListElement\":[{\"@type\":\"ListItem\",\"position\":1,\"name\":\"Home\",\"item\":\"https:\\\/\\\/acninternational.org\\\/fr\\\/\"},{\"@type\":\"ListItem\",\"position\":2,\"name\":\"Red Week\"}]},{\"@type\":\"WebSite\",\"@id\":\"https:\\\/\\\/acninternational.org\\\/fr\\\/#website\",\"url\":\"https:\\\/\\\/acninternational.org\\\/fr\\\/\",\"name\":\"ACN International\",\"description\":\"\",\"publisher\":{\"@id\":\"https:\\\/\\\/acninternational.org\\\/fr\\\/#organization\"},\"potentialAction\":[{\"@type\":\"SearchAction\",\"target\":{\"@type\":\"EntryPoint\",\"urlTemplate\":\"https:\\\/\\\/acninternational.org\\\/fr\\\/?s={search_term_string}\"},\"query-input\":{\"@type\":\"PropertyValueSpecification\",\"valueRequired\":true,\"valueName\":\"search_term_string\"}}],\"inLanguage\":\"fr-FR\"},{\"@type\":\"Organization\",\"@id\":\"https:\\\/\\\/acninternational.org\\\/fr\\\/#organization\",\"name\":\"Aid to the Church in Need International\",\"url\":\"https:\\\/\\\/acninternational.org\\\/fr\\\/\",\"logo\":{\"@type\":\"ImageObject\",\"inLanguage\":\"fr-FR\",\"@id\":\"https:\\\/\\\/acninternational.org\\\/fr\\\/#\\\/schema\\\/logo\\\/image\\\/\",\"url\":\"https:\\\/\\\/media.acninternational.org\\\/wp-content\\\/uploads\\\/2019\\\/11\\\/acn_logo_blackvector.svg\",\"contentUrl\":\"https:\\\/\\\/media.acninternational.org\\\/wp-content\\\/uploads\\\/2019\\\/11\\\/acn_logo_blackvector.svg\",\"width\":232.6,\"height\":78,\"caption\":\"Aid to the Church in Need International\"},\"image\":{\"@id\":\"https:\\\/\\\/acninternational.org\\\/fr\\\/#\\\/schema\\\/logo\\\/image\\\/\"},\"sameAs\":[\"https:\\\/\\\/www.facebook.com\\\/acninternationalorg\",\"https:\\\/\\\/x.com\\\/acn_int\",\"https:\\\/\\\/www.youtube.com\\\/channel\\\/UCQ-077gS0TnVzkhHmf1opZw\",\"https:\\\/\\\/www.instagram.com\\\/acn_international\\\/\"]}]}<\/script>\n<!-- \/ Yoast SEO Premium plugin. -->","yoast_head_json":{"title":"Red Week | ACN International","description":"Une campagne mondiale qui illumine en rouge les \u00e9glises, les monuments et les b\u00e2timents publics afin de sensibiliser l'opinion publique \u00e0 la pers\u00e9cution des chr\u00e9tiens dans le monde entier.","robots":{"index":"index","follow":"follow","max-snippet":"max-snippet:-1","max-image-preview":"max-image-preview:large","max-video-preview":"max-video-preview:-1"},"canonical":"https:\/\/acninternational.org\/fr\/red-week\/","og_locale":"fr_FR","og_type":"article","og_title":"Red Week","og_description":"Une campagne mondiale qui illumine en rouge les \u00e9glises, les monuments et les b\u00e2timents publics afin de sensibiliser l'opinion publique \u00e0 la pers\u00e9cution des chr\u00e9tiens dans le monde entier.","og_url":"https:\/\/acninternational.org\/fr\/red-week\/","og_site_name":"ACN International","article_publisher":"https:\/\/www.facebook.com\/acninternationalorg","article_modified_time":"2025-11-20T10:29:36+00:00","og_image":[{"url":"https:\/\/media.acninternational.org\/wp-content\/uploads\/2025\/11\/ACN-REDWEEK-2025-3-300x300.jpg","type":"","width":"","height":""}],"twitter_card":"summary_large_image","twitter_site":"@acn_int","twitter_misc":{"Dur\u00e9e de lecture estim\u00e9e":"3 minutes"},"schema":{"@context":"https:\/\/schema.org","@graph":[{"@type":"WebPage","@id":"https:\/\/acninternational.org\/fr\/red-week\/","url":"https:\/\/acninternational.org\/fr\/red-week\/","name":"Red Week | ACN International","isPartOf":{"@id":"https:\/\/acninternational.org\/fr\/#website"},"primaryImageOfPage":{"@id":"https:\/\/acninternational.org\/fr\/red-week\/#primaryimage"},"image":{"@id":"https:\/\/acninternational.org\/fr\/red-week\/#primaryimage"},"thumbnailUrl":"https:\/\/media.acninternational.org\/wp-content\/uploads\/2025\/11\/New-RW25-Web-Headers-02-2.jpg","datePublished":"2025-11-17T11:01:19+00:00","dateModified":"2025-11-20T10:29:36+00:00","description":"Une campagne mondiale qui illumine en rouge les \u00e9glises, les monuments et les b\u00e2timents publics afin de sensibiliser l'opinion publique \u00e0 la pers\u00e9cution des chr\u00e9tiens dans le monde entier.","breadcrumb":{"@id":"https:\/\/acninternational.org\/fr\/red-week\/#breadcrumb"},"inLanguage":"fr-FR","potentialAction":[{"@type":"ReadAction","target":["https:\/\/acninternational.org\/fr\/red-week\/"]}]},{"@type":"ImageObject","inLanguage":"fr-FR","@id":"https:\/\/acninternational.org\/fr\/red-week\/#primaryimage","url":"https:\/\/media.acninternational.org\/wp-content\/uploads\/2025\/11\/New-RW25-Web-Headers-02-2.jpg","contentUrl":"https:\/\/media.acninternational.org\/wp-content\/uploads\/2025\/11\/New-RW25-Web-Headers-02-2.jpg","width":1719,"height":460},{"@type":"BreadcrumbList","@id":"https:\/\/acninternational.org\/fr\/red-week\/#breadcrumb","itemListElement":[{"@type":"ListItem","position":1,"name":"Home","item":"https:\/\/acninternational.org\/fr\/"},{"@type":"ListItem","position":2,"name":"Red Week"}]},{"@type":"WebSite","@id":"https:\/\/acninternational.org\/fr\/#website","url":"https:\/\/acninternational.org\/fr\/","name":"ACN International","description":"","publisher":{"@id":"https:\/\/acninternational.org\/fr\/#organization"},"potentialAction":[{"@type":"SearchAction","target":{"@type":"EntryPoint","urlTemplate":"https:\/\/acninternational.org\/fr\/?s={search_term_string}"},"query-input":{"@type":"PropertyValueSpecification","valueRequired":true,"valueName":"search_term_string"}}],"inLanguage":"fr-FR"},{"@type":"Organization","@id":"https:\/\/acninternational.org\/fr\/#organization","name":"Aid to the Church in Need International","url":"https:\/\/acninternational.org\/fr\/","logo":{"@type":"ImageObject","inLanguage":"fr-FR","@id":"https:\/\/acninternational.org\/fr\/#\/schema\/logo\/image\/","url":"https:\/\/media.acninternational.org\/wp-content\/uploads\/2019\/11\/acn_logo_blackvector.svg","contentUrl":"https:\/\/media.acninternational.org\/wp-content\/uploads\/2019\/11\/acn_logo_blackvector.svg","width":232.6,"height":78,"caption":"Aid to the Church in Need International"},"image":{"@id":"https:\/\/acninternational.org\/fr\/#\/schema\/logo\/image\/"},"sameAs":["https:\/\/www.facebook.com\/acninternationalorg","https:\/\/x.com\/acn_int","https:\/\/www.youtube.com\/channel\/UCQ-077gS0TnVzkhHmf1opZw","https:\/\/www.instagram.com\/acn_international\/"]}]}},"_links":{"self":[{"href":"https:\/\/acninternational.org\/fr\/wp-json\/wp\/v2\/pages\/260189","targetHints":{"allow":["GET"]}}],"collection":[{"href":"https:\/\/acninternational.org\/fr\/wp-json\/wp\/v2\/pages"}],"about":[{"href":"https:\/\/acninternational.org\/fr\/wp-json\/wp\/v2\/types\/page"}],"author":[{"embeddable":true,"href":"https:\/\/acninternational.org\/fr\/wp-json\/wp\/v2\/users\/4258341480"}],"replies":[{"embeddable":true,"href":"https:\/\/acninternational.org\/fr\/wp-json\/wp\/v2\/comments?post=260189"}],"version-history":[{"count":5,"href":"https:\/\/acninternational.org\/fr\/wp-json\/wp\/v2\/pages\/260189\/revisions"}],"predecessor-version":[{"id":260237,"href":"https:\/\/acninternational.org\/fr\/wp-json\/wp\/v2\/pages\/260189\/revisions\/260237"}],"wp:featuredmedia":[{"embeddable":true,"href":"https:\/\/acninternational.org\/fr\/wp-json\/wp\/v2\/media\/260165"}],"wp:attachment":[{"href":"https:\/\/acninternational.org\/fr\/wp-json\/wp\/v2\/media?parent=260189"}],"curies":[{"name":"wp","href":"https:\/\/api.w.org\/{rel}","templated":true}]}}