{"id":242138,"date":"2025-03-10T13:32:17","date_gmt":"2025-03-10T12:32:17","guid":{"rendered":"https:\/\/acninternational.org\/?page_id=242138"},"modified":"2025-03-10T13:32:03","modified_gmt":"2025-03-10T12:32:03","slug":"bible-pour-les-enfants","status":"publish","type":"page","link":"https:\/\/acninternational.org\/fr\/bible-pour-les-enfants\/","title":{"rendered":"Distribution de Bibles"},"content":{"rendered":"<p>\u00ab Allez dans le monde entier et annoncez l\u2019\u00c9vangile \u00bb, demandait J\u00e9sus. Aid to the Church in Need prend cette injonction au mot. En efet, depuis 1979, notre organisation \u00e9dite et distribue dans le monde entier la Bible pour enfants qui est traduite en 194 langues et qui a d\u00e9j\u00e0 \u00e9t\u00e9 donn\u00e9e 51,7 millions d\u2019exemplaires.<\/p>\n<p>Souvent, dans les pays pauvres, la Bible pour enfants est le premier livre \u00e9crit dans leur langue que les enfants re\u00e7oivent, et bien souvent, c\u2019est le seul livre d\u2019images auquel ces petits auront acc\u00e8s durant toute leur vie.<\/p>\n<blockquote class=\"wp-block-quote blockquote ps-3 py-2\"><p>La Bible pour enfants est quelquefois le seul livre d\u2019images dont les enfants disposent.<\/p>\n<pre>P\u00e8re Anton L\u00e4sser, CP, assistant eccl\u00e9siastique international de la fondation<\/pre>\n<\/blockquote>\n<figure id=\"attachment_214273\" aria-describedby=\"caption-attachment-214273\" style=\"width: 800px\" class=\"wp-caption aligncenter\"><img loading=\"lazy\" decoding=\"async\" class=\"wp-image-214273 size-large\" src=\"https:\/\/media.acninternational.org\/wp-content\/uploads\/2020\/06\/ACN-20230508-145630-1024x683.jpg\" alt=\"Au centre de formation St. Bosco \u00e0 Lviv, Ukraine\" width=\"800\" height=\"534\" srcset=\"https:\/\/media.acninternational.org\/wp-content\/uploads\/2020\/06\/ACN-20230508-145630-1024x683.jpg 1024w, https:\/\/media.acninternational.org\/wp-content\/uploads\/2020\/06\/ACN-20230508-145630-300x200.jpg 300w, https:\/\/media.acninternational.org\/wp-content\/uploads\/2020\/06\/ACN-20230508-145630-768x512.jpg 768w, https:\/\/media.acninternational.org\/wp-content\/uploads\/2020\/06\/ACN-20230508-145630.jpg 1080w\" sizes=\"auto, (max-width: 800px) 100vw, 800px\" \/><figcaption id=\"caption-attachment-214273\" class=\"wp-caption-text\">Au centre de formation St. Bosco \u00e0 Lviv, Ukraine<\/figcaption><\/figure>\n<p>Pour la seule ann\u00e9e 2023, plus de 700 000 livres religieux ont \u00e9t\u00e9 produits et distribu\u00e9s avec l\u2019aide d\u2019ACN. En outre, Aid to the Church in Need finance le YOUCAT, le cat\u00e9chisme illustr\u00e9 pour la jeunesse de l\u2019\u00c9glise catholique qui est d\u00e9sormais disponible en 59 langues. Depuis 2016, il y a aussi le DOCAT, un r\u00e9sum\u00e9 actuel de l\u2019enseignement social de l\u2019\u00c9glise catholique.<\/p>\n","protected":false},"excerpt":{"rendered":"<p>\u00ab Allez dans le monde entier et annoncez l\u2019\u00c9vangile \u00bb, demandait J\u00e9sus. Aid to the Church in Need prend cette injonction au mot. En efet, depuis 1979, notre organisation \u00e9dite et distribue dans le monde entier la Bible pour enfants qui est traduite en 194 langues et qui a d\u00e9j\u00e0 \u00e9t\u00e9 donn\u00e9e 51,7 millions d\u2019exemplaires. [&hellip;]<\/p>\n","protected":false},"author":4258341447,"featured_media":214267,"parent":0,"menu_order":0,"comment_status":"closed","ping_status":"closed","template":"","meta":{"_acf_changed":false,"footnotes":""},"class_list":["post-242138","page","type-page","status-publish","has-post-thumbnail","hentry","page-category-page-sub-task-area-2"],"acf":[],"yoast_head":"<!-- This site is optimized with the Yoast SEO Premium plugin v27.3 (Yoast SEO v27.3) - https:\/\/yoast.com\/product\/yoast-seo-premium-wordpress\/ -->\n<title>Distribution de Bibles | ACN International<\/title>\n<meta name=\"robots\" content=\"index, follow, max-snippet:-1, max-image-preview:large, max-video-preview:-1\" \/>\n<link rel=\"canonical\" href=\"https:\/\/acninternational.org\/fr\/bible-pour-les-enfants\/\" \/>\n<meta property=\"og:locale\" content=\"fr_FR\" \/>\n<meta property=\"og:type\" content=\"article\" \/>\n<meta property=\"og:title\" content=\"Distribution de Bibles\" \/>\n<meta property=\"og:description\" content=\"\u00ab Allez dans le monde entier et annoncez l\u2019\u00c9vangile \u00bb, demandait J\u00e9sus. Aid to the Church in Need prend cette injonction au mot. En efet, depuis 1979, notre organisation \u00e9dite et distribue dans le monde entier la Bible pour enfants qui est traduite en 194 langues et qui a d\u00e9j\u00e0 \u00e9t\u00e9 donn\u00e9e 51,7 millions d\u2019exemplaires. [&hellip;]\" \/>\n<meta property=\"og:url\" content=\"https:\/\/acninternational.org\/fr\/bible-pour-les-enfants\/\" \/>\n<meta property=\"og:site_name\" content=\"ACN International\" \/>\n<meta property=\"article:publisher\" content=\"https:\/\/www.facebook.com\/acninternationalorg\" \/>\n<meta property=\"og:image\" content=\"https:\/\/media.acninternational.org\/wp-content\/uploads\/2020\/06\/ACN-20230327-143262.jpg\" \/>\n\t<meta property=\"og:image:width\" content=\"1920\" \/>\n\t<meta property=\"og:image:height\" content=\"700\" \/>\n\t<meta property=\"og:image:type\" content=\"image\/jpeg\" \/>\n<meta name=\"twitter:card\" content=\"summary_large_image\" \/>\n<meta name=\"twitter:site\" content=\"@acn_int\" \/>\n<meta name=\"twitter:label1\" content=\"Dur\u00e9e de lecture estim\u00e9e\" \/>\n\t<meta name=\"twitter:data1\" content=\"2 minutes\" \/>\n<script type=\"application\/ld+json\" class=\"yoast-schema-graph\">{\"@context\":\"https:\\\/\\\/schema.org\",\"@graph\":[{\"@type\":\"WebPage\",\"@id\":\"https:\\\/\\\/acninternational.org\\\/fr\\\/bible-pour-les-enfants\\\/\",\"url\":\"https:\\\/\\\/acninternational.org\\\/fr\\\/bible-pour-les-enfants\\\/\",\"name\":\"Distribution de Bibles | ACN International\",\"isPartOf\":{\"@id\":\"https:\\\/\\\/acninternational.org\\\/fr\\\/#website\"},\"primaryImageOfPage\":{\"@id\":\"https:\\\/\\\/acninternational.org\\\/fr\\\/bible-pour-les-enfants\\\/#primaryimage\"},\"image\":{\"@id\":\"https:\\\/\\\/acninternational.org\\\/fr\\\/bible-pour-les-enfants\\\/#primaryimage\"},\"thumbnailUrl\":\"https:\\\/\\\/media.acninternational.org\\\/wp-content\\\/uploads\\\/2020\\\/06\\\/ACN-20230327-143262.jpg\",\"datePublished\":\"2025-03-10T12:32:17+00:00\",\"breadcrumb\":{\"@id\":\"https:\\\/\\\/acninternational.org\\\/fr\\\/bible-pour-les-enfants\\\/#breadcrumb\"},\"inLanguage\":\"fr-FR\",\"potentialAction\":[{\"@type\":\"ReadAction\",\"target\":[\"https:\\\/\\\/acninternational.org\\\/fr\\\/bible-pour-les-enfants\\\/\"]}]},{\"@type\":\"ImageObject\",\"inLanguage\":\"fr-FR\",\"@id\":\"https:\\\/\\\/acninternational.org\\\/fr\\\/bible-pour-les-enfants\\\/#primaryimage\",\"url\":\"https:\\\/\\\/media.acninternational.org\\\/wp-content\\\/uploads\\\/2020\\\/06\\\/ACN-20230327-143262.jpg\",\"contentUrl\":\"https:\\\/\\\/media.acninternational.org\\\/wp-content\\\/uploads\\\/2020\\\/06\\\/ACN-20230327-143262.jpg\",\"width\":1920,\"height\":700},{\"@type\":\"BreadcrumbList\",\"@id\":\"https:\\\/\\\/acninternational.org\\\/fr\\\/bible-pour-les-enfants\\\/#breadcrumb\",\"itemListElement\":[{\"@type\":\"ListItem\",\"position\":1,\"name\":\"Home\",\"item\":\"https:\\\/\\\/acninternational.org\\\/fr\\\/\"},{\"@type\":\"ListItem\",\"position\":2,\"name\":\"Distribution de Bibles\"}]},{\"@type\":\"WebSite\",\"@id\":\"https:\\\/\\\/acninternational.org\\\/fr\\\/#website\",\"url\":\"https:\\\/\\\/acninternational.org\\\/fr\\\/\",\"name\":\"ACN International\",\"description\":\"\",\"publisher\":{\"@id\":\"https:\\\/\\\/acninternational.org\\\/fr\\\/#organization\"},\"potentialAction\":[{\"@type\":\"SearchAction\",\"target\":{\"@type\":\"EntryPoint\",\"urlTemplate\":\"https:\\\/\\\/acninternational.org\\\/fr\\\/?s={search_term_string}\"},\"query-input\":{\"@type\":\"PropertyValueSpecification\",\"valueRequired\":true,\"valueName\":\"search_term_string\"}}],\"inLanguage\":\"fr-FR\"},{\"@type\":\"Organization\",\"@id\":\"https:\\\/\\\/acninternational.org\\\/fr\\\/#organization\",\"name\":\"Aid to the Church in Need International\",\"url\":\"https:\\\/\\\/acninternational.org\\\/fr\\\/\",\"logo\":{\"@type\":\"ImageObject\",\"inLanguage\":\"fr-FR\",\"@id\":\"https:\\\/\\\/acninternational.org\\\/fr\\\/#\\\/schema\\\/logo\\\/image\\\/\",\"url\":\"https:\\\/\\\/media.acninternational.org\\\/wp-content\\\/uploads\\\/2019\\\/11\\\/acn_logo_blackvector.svg\",\"contentUrl\":\"https:\\\/\\\/media.acninternational.org\\\/wp-content\\\/uploads\\\/2019\\\/11\\\/acn_logo_blackvector.svg\",\"width\":232.6,\"height\":78,\"caption\":\"Aid to the Church in Need International\"},\"image\":{\"@id\":\"https:\\\/\\\/acninternational.org\\\/fr\\\/#\\\/schema\\\/logo\\\/image\\\/\"},\"sameAs\":[\"https:\\\/\\\/www.facebook.com\\\/acninternationalorg\",\"https:\\\/\\\/x.com\\\/acn_int\",\"https:\\\/\\\/www.youtube.com\\\/channel\\\/UCQ-077gS0TnVzkhHmf1opZw\",\"https:\\\/\\\/www.instagram.com\\\/acn_international\\\/\"]}]}<\/script>\n<!-- \/ Yoast SEO Premium plugin. -->","yoast_head_json":{"title":"Distribution de Bibles | ACN International","robots":{"index":"index","follow":"follow","max-snippet":"max-snippet:-1","max-image-preview":"max-image-preview:large","max-video-preview":"max-video-preview:-1"},"canonical":"https:\/\/acninternational.org\/fr\/bible-pour-les-enfants\/","og_locale":"fr_FR","og_type":"article","og_title":"Distribution de Bibles","og_description":"\u00ab Allez dans le monde entier et annoncez l\u2019\u00c9vangile \u00bb, demandait J\u00e9sus. Aid to the Church in Need prend cette injonction au mot. En efet, depuis 1979, notre organisation \u00e9dite et distribue dans le monde entier la Bible pour enfants qui est traduite en 194 langues et qui a d\u00e9j\u00e0 \u00e9t\u00e9 donn\u00e9e 51,7 millions d\u2019exemplaires. [&hellip;]","og_url":"https:\/\/acninternational.org\/fr\/bible-pour-les-enfants\/","og_site_name":"ACN International","article_publisher":"https:\/\/www.facebook.com\/acninternationalorg","og_image":[{"width":1920,"height":700,"url":"https:\/\/media.acninternational.org\/wp-content\/uploads\/2020\/06\/ACN-20230327-143262.jpg","type":"image\/jpeg"}],"twitter_card":"summary_large_image","twitter_site":"@acn_int","twitter_misc":{"Dur\u00e9e de lecture estim\u00e9e":"2 minutes"},"schema":{"@context":"https:\/\/schema.org","@graph":[{"@type":"WebPage","@id":"https:\/\/acninternational.org\/fr\/bible-pour-les-enfants\/","url":"https:\/\/acninternational.org\/fr\/bible-pour-les-enfants\/","name":"Distribution de Bibles | ACN International","isPartOf":{"@id":"https:\/\/acninternational.org\/fr\/#website"},"primaryImageOfPage":{"@id":"https:\/\/acninternational.org\/fr\/bible-pour-les-enfants\/#primaryimage"},"image":{"@id":"https:\/\/acninternational.org\/fr\/bible-pour-les-enfants\/#primaryimage"},"thumbnailUrl":"https:\/\/media.acninternational.org\/wp-content\/uploads\/2020\/06\/ACN-20230327-143262.jpg","datePublished":"2025-03-10T12:32:17+00:00","breadcrumb":{"@id":"https:\/\/acninternational.org\/fr\/bible-pour-les-enfants\/#breadcrumb"},"inLanguage":"fr-FR","potentialAction":[{"@type":"ReadAction","target":["https:\/\/acninternational.org\/fr\/bible-pour-les-enfants\/"]}]},{"@type":"ImageObject","inLanguage":"fr-FR","@id":"https:\/\/acninternational.org\/fr\/bible-pour-les-enfants\/#primaryimage","url":"https:\/\/media.acninternational.org\/wp-content\/uploads\/2020\/06\/ACN-20230327-143262.jpg","contentUrl":"https:\/\/media.acninternational.org\/wp-content\/uploads\/2020\/06\/ACN-20230327-143262.jpg","width":1920,"height":700},{"@type":"BreadcrumbList","@id":"https:\/\/acninternational.org\/fr\/bible-pour-les-enfants\/#breadcrumb","itemListElement":[{"@type":"ListItem","position":1,"name":"Home","item":"https:\/\/acninternational.org\/fr\/"},{"@type":"ListItem","position":2,"name":"Distribution de Bibles"}]},{"@type":"WebSite","@id":"https:\/\/acninternational.org\/fr\/#website","url":"https:\/\/acninternational.org\/fr\/","name":"ACN International","description":"","publisher":{"@id":"https:\/\/acninternational.org\/fr\/#organization"},"potentialAction":[{"@type":"SearchAction","target":{"@type":"EntryPoint","urlTemplate":"https:\/\/acninternational.org\/fr\/?s={search_term_string}"},"query-input":{"@type":"PropertyValueSpecification","valueRequired":true,"valueName":"search_term_string"}}],"inLanguage":"fr-FR"},{"@type":"Organization","@id":"https:\/\/acninternational.org\/fr\/#organization","name":"Aid to the Church in Need International","url":"https:\/\/acninternational.org\/fr\/","logo":{"@type":"ImageObject","inLanguage":"fr-FR","@id":"https:\/\/acninternational.org\/fr\/#\/schema\/logo\/image\/","url":"https:\/\/media.acninternational.org\/wp-content\/uploads\/2019\/11\/acn_logo_blackvector.svg","contentUrl":"https:\/\/media.acninternational.org\/wp-content\/uploads\/2019\/11\/acn_logo_blackvector.svg","width":232.6,"height":78,"caption":"Aid to the Church in Need International"},"image":{"@id":"https:\/\/acninternational.org\/fr\/#\/schema\/logo\/image\/"},"sameAs":["https:\/\/www.facebook.com\/acninternationalorg","https:\/\/x.com\/acn_int","https:\/\/www.youtube.com\/channel\/UCQ-077gS0TnVzkhHmf1opZw","https:\/\/www.instagram.com\/acn_international\/"]}]}},"_links":{"self":[{"href":"https:\/\/acninternational.org\/fr\/wp-json\/wp\/v2\/pages\/242138","targetHints":{"allow":["GET"]}}],"collection":[{"href":"https:\/\/acninternational.org\/fr\/wp-json\/wp\/v2\/pages"}],"about":[{"href":"https:\/\/acninternational.org\/fr\/wp-json\/wp\/v2\/types\/page"}],"author":[{"embeddable":true,"href":"https:\/\/acninternational.org\/fr\/wp-json\/wp\/v2\/users\/4258341447"}],"replies":[{"embeddable":true,"href":"https:\/\/acninternational.org\/fr\/wp-json\/wp\/v2\/comments?post=242138"}],"version-history":[{"count":0,"href":"https:\/\/acninternational.org\/fr\/wp-json\/wp\/v2\/pages\/242138\/revisions"}],"wp:featuredmedia":[{"embeddable":true,"href":"https:\/\/acninternational.org\/fr\/wp-json\/wp\/v2\/media\/214267"}],"wp:attachment":[{"href":"https:\/\/acninternational.org\/fr\/wp-json\/wp\/v2\/media?parent=242138"}],"curies":[{"name":"wp","href":"https:\/\/api.w.org\/{rel}","templated":true}]}}