{"id":155845,"date":"2021-06-16T09:55:17","date_gmt":"2021-06-16T07:55:17","guid":{"rendered":"https:\/\/acninternational.org\/?page_id=155845"},"modified":"2023-07-14T14:43:34","modified_gmt":"2023-07-14T12:43:34","slug":"acn-pleure-benoit-xvi","status":"publish","type":"page","link":"https:\/\/acninternational.org\/fr\/acn-pleure-benoit-xvi\/","title":{"rendered":"ACN pleure Beno\u00eet XVI"},"content":{"rendered":"<h1>ACN pleure Beno\u00eet XVI<\/h1>\n<p><strong>C<\/strong><strong>\u2019<\/strong><strong>est <\/strong><strong>avec<\/strong> <strong>une<\/strong> <strong>grande<\/strong> <strong>\u00e9motion<\/strong> <strong>et <\/strong><strong>beaucoup<\/strong> <strong>de<\/strong> <strong>gratitude<\/strong> <strong>qu<\/strong><strong>\u2019<\/strong><strong>ACN<\/strong> <strong>a<\/strong> <strong>fait <\/strong><strong>ses <\/strong><strong>adieux<\/strong> <strong>au pape <\/strong><strong>\u00e9<\/strong><strong>m<\/strong><strong>\u00e9<\/strong><strong>rite Beno<\/strong><strong>\u00ee<\/strong><strong>t XVI (1927-2022), <\/strong><strong>que<\/strong> <strong>des<\/strong> <strong>liens<\/strong> <strong>\u00e9troits liaient<\/strong> <strong>\u00e0<\/strong> <strong>notre<\/strong> <strong>organisation<\/strong> <strong>caritative <\/strong><strong>depuis longtemps d\u00e9<\/strong><strong>j<\/strong><strong>\u00e0. Au cours de son pontificat,<\/strong> <strong>il a <\/strong><strong>\u00e9<\/strong><strong>lev<\/strong><strong>\u00e9<\/strong> <strong>ACN<\/strong> <strong>au rang <\/strong><strong>de fondation<\/strong> <strong>pontificale<\/strong> <strong>et <\/strong><strong>nous<\/strong> <strong>a <\/strong><strong>donn\u00e9 <\/strong><strong>de<\/strong> <strong>pr<\/strong><strong>\u00e9cieuses<\/strong> <strong>inspirations<\/strong> <strong>pour<\/strong> <strong>notre <\/strong><strong>travail.<\/strong> <strong>Nous<\/strong> <strong>avons<\/strong> <strong>perdu<\/strong> <strong>un <\/strong><strong>fervent d\u00e9fenseur<\/strong> <strong>de la <\/strong><strong>charit<\/strong><strong>\u00e9<\/strong><strong>, un <\/strong><strong>grand<\/strong> <strong>ami et soutien de notre fondation.<\/strong><\/p>\n<figure id=\"attachment_183318\" aria-describedby=\"caption-attachment-183318\" style=\"width: 1080px\" class=\"wp-caption aligncenter\"><img loading=\"lazy\" decoding=\"async\" src=\"https:\/\/media.acninternational.org\/wp-content\/uploads\/2023\/07\/20090325_003.jpg\" alt=\"Accueil du pape lors d\u2019un de ses nombreux voyages : ici en 2009 \u00e0 Luanda, Angola.\" width=\"1080\" height=\"721\" \/><figcaption id=\"caption-attachment-183318\" class=\"wp-caption-text\">Accueil du pape lors d\u2019un de ses nombreux voyages : ici en 2009 \u00e0 Luanda, Angola.<\/figcaption><\/figure>\n<p>Joseph Ratzinger a appr\u00e9ci\u00e9 et soutenu ACN non seulement pendant son mandat pontifical (2005-2013), mais aussi pendant son mandat de cardinal et de pr\u00e9fet de la Congr\u00e9gation pour la doctrine de la foi. En 2002 d\u00e9j\u00e0, il d\u00e9clarait : \u00ab Je soutiens \u201cl\u2019\u00c9glise en d\u00e9tresse\u201d parce que je sais qu\u2019elle sert r\u00e9ellement la foi. \u00bb Le pr\u00e9sident d\u2019ACN, Mauro Cardinal Piacenza, a salu\u00e9 le d\u00e9funt comme \u00ab un grand ami et un soutien d\u2019ACN \u00bb et a soulign\u00e9 : \u00ab Que le pape Beno\u00eet XVI ait consacr\u00e9 sa premi\u00e8re encyclique \u201cDeus caritas est\u201d \u00e0 la charit\u00e9 rev\u00eat une grande valeur pour ACN. \u00bb Il a ainsi renforc\u00e9 la mission de l\u2019organisation caritative qui, \u00ab en raison de son charisme fondateur, se consacre enti\u00e8rement \u00e0 la charit\u00e9 pour aider l\u2019\u00c9glise en d\u00e9tresse \u00bb.<\/p>\n<figure id=\"attachment_183312\" aria-describedby=\"caption-attachment-183312\" style=\"width: 1080px\" class=\"wp-caption aligncenter\"><img loading=\"lazy\" decoding=\"async\" src=\"https:\/\/media.acninternational.org\/wp-content\/uploads\/2023\/07\/20070726_002.jpg\" alt=\"En 2007, au Br\u00e9sil, le pape remet le dixmillioni\u00e8me exemplaire de la Bible pour les enfants d\u2019ACN en portugais.\" width=\"1080\" height=\"721\" \/><figcaption id=\"caption-attachment-183312\" class=\"wp-caption-text\">En 2007, au Br\u00e9sil, le pape remet le dixmillioni\u00e8me exemplaire de la Bible pour les enfants d\u2019ACN en portugais.<\/figcaption><\/figure>\n<p>Le cardinal Piacenza a \u00e9galement rappel\u00e9 que c\u2019est ce pape qui, en 2011, avait \u00e9lev\u00e9 ACN au rang de \u00ab fondation pontificale \u00bb et lanc\u00e9 un vaste processus de modernisation d\u2019ACN. Cette transformation a pourvu notre organisation de la forme qu\u2019elle a aujourd\u2019hui encore. Dans sa lettre de confirmation, le pape saluait ACN \u00ab comme une organisation caritative qui accompagne l\u2019\u00c9glise depuis 65 ans d\u00e8s lors que les moyens manquent ou la libert\u00e9 religieuse est bafou\u00e9e \u00bb. Nous gardons en m\u00e9moire de nombreuses rencontres avec Beno\u00eet XVI . Au cours de certains de ses voyages \u00e0 l\u2019\u00e9tranger, il avait pu observer notre engagement aupr\u00e8s des chr\u00e9tiens dans le besoin et la d\u00e9tresse. Ainsi, en 2007, lors d\u2019un voyage apostolique au Br\u00e9sil, il avait visit\u00e9 le centre de r\u00e9habilitation pour toxicomanes \u00ab Fazenda da Esperan\u00e7a \u00bb (ferme de l\u2019espoir), soutenu par ACN.<\/p>\n<figure id=\"attachment_183324\" aria-describedby=\"caption-attachment-183324\" style=\"width: 1080px\" class=\"wp-caption aligncenter\"><img loading=\"lazy\" decoding=\"async\" src=\"https:\/\/media.acninternational.org\/wp-content\/uploads\/2023\/07\/20100427_023_85297.jpg\" alt=\"Beno\u00eet XVI remet une statue de la Vierge \u00e0 P. J. Alliende pour le 60e anniversaire de la cr\u00e9ation d\u2019ACN, 2007.\" width=\"1080\" height=\"726\" \/><figcaption id=\"caption-attachment-183324\" class=\"wp-caption-text\">Beno\u00eet XVI remet une statue de la Vierge \u00e0 P. J. Alliende pour le 60e anniversaire de la cr\u00e9ation d\u2019ACN, 2007.<\/figcaption><\/figure>\n<p>Une conf\u00e9rence \u00e0 Castel Gandolfo, du 13 au 16 septembre 2007, \u00e0 l\u2019occasion du 60e anniversaire d\u2019ACN, restera \u00e9galement dans nos m\u00e9moires. Le pape Beno\u00eet XVI avait re\u00e7u une d\u00e9l\u00e9gation d\u2019ACN dans sa r\u00e9sidence d\u2019\u00e9t\u00e9 et nous avait offert une statue de la Vierge, laquelle a trouv\u00e9 une place privil\u00e9gi\u00e9e au si\u00e8ge international d\u2019ACN.<\/p>\n<p>Le pr\u00e9sident ex\u00e9cutif d\u2019ACN, Thomas Heine-Geldern, a \u00e9galement rappel\u00e9 \u00e0 quel point le pape Beno\u00eet XVI se souciait des jeunes : \u00ab Il nous a \u00e9galement confi\u00e9 cette mission importante \u00e0 travers le suivi, la diffusion et le d\u00e9veloppement du cat\u00e9chisme pour les jeunes YOUCAT. \u00bb Dans la pr\u00e9face du YOUCAT, le pape Beno\u00eet s\u2019adresse directement aux jeunes :<\/p>\n<p>\u00ab Vous devez \u00eatre beaucoup plus enracin\u00e9s dans la foi que la g\u00e9n\u00e9ration de vos parents pour affronter avec force et d\u00e9termination les d\u00e9fis et les tentations de la p\u00e9riode actuelle. \u00bb<\/p>\n<figure id=\"attachment_183330\" aria-describedby=\"caption-attachment-183330\" style=\"width: 1080px\" class=\"wp-caption aligncenter\"><img loading=\"lazy\" decoding=\"async\" src=\"https:\/\/media.acninternational.org\/wp-content\/uploads\/2023\/07\/ACN-20230105-138536.jpg\" alt=\"Beno\u00eet XVI, l\u2019archev\u00eaque G. G\u00e4nswein et le directeur suisse d\u2019ACN J. Probst, 2019.\" width=\"1080\" height=\"815\" \/><figcaption id=\"caption-attachment-183330\" class=\"wp-caption-text\">Beno\u00eet XVI, l\u2019archev\u00eaque G. G\u00e4nswein et le directeur suisse d\u2019ACN J. Probst, 2019.<\/figcaption><\/figure>\n<p>En janvier 2019, Jan Probst, directeur du bureau national suisse d\u2019ACN, a \u00e9t\u00e9 le dernier repr\u00e9sentant d\u2019ACN \u00e0 rendre visite au pape \u00e9m\u00e9rite dans sa r\u00e9sidence de retraite au Vatican. Il se souvient :<\/p>\n<p>\u00ab Ce fut une rencontre impressionnante. Bien qu\u2019affaibli, il avait l\u2019esprit clair et son charisme \u00e9tait inchang\u00e9. Beno\u00eet a dit : \u201cSoyez assur\u00e9s que vous et ACN \u00eates inclus dans ma pri\u00e8re.\u201d \u00bb<\/p>\n<p>Notre organisation caritative honore avec gratitude la m\u00e9moire du d\u00e9funt pape et demeure attach\u00e9e \u00e0 son h\u00e9ritage.<\/p>\n","protected":false},"excerpt":{"rendered":"<p>ACN pleure Beno\u00eet XVI C\u2019est avec une grande \u00e9motion et beaucoup de gratitude qu\u2019ACN a fait ses adieux au pape \u00e9m\u00e9rite Beno\u00eet XVI (1927-2022), que des liens \u00e9troits liaient \u00e0 notre organisation caritative depuis longtemps d\u00e9j\u00e0. Au cours de son pontificat, il a \u00e9lev\u00e9 ACN au rang de fondation pontificale et nous a donn\u00e9 de [&hellip;]<\/p>\n","protected":false},"author":4258341447,"featured_media":183281,"parent":0,"menu_order":0,"comment_status":"closed","ping_status":"closed","template":"","meta":{"_acf_changed":false,"footnotes":""},"class_list":["post-155845","page","type-page","status-publish","has-post-thumbnail","hentry"],"acf":[],"yoast_head":"<!-- This site is optimized with the Yoast SEO Premium plugin v27.3 (Yoast SEO v27.3) - https:\/\/yoast.com\/product\/yoast-seo-premium-wordpress\/ -->\n<title>ACN pleure Beno\u00eet XVI | ACN International<\/title>\n<meta name=\"robots\" content=\"index, follow, max-snippet:-1, max-image-preview:large, max-video-preview:-1\" \/>\n<link rel=\"canonical\" href=\"https:\/\/acninternational.org\/fr\/acn-pleure-benoit-xvi\/\" \/>\n<meta property=\"og:locale\" content=\"fr_FR\" \/>\n<meta property=\"og:type\" content=\"article\" \/>\n<meta property=\"og:title\" content=\"ACN pleure Beno\u00eet XVI\" \/>\n<meta property=\"og:description\" content=\"ACN pleure Beno\u00eet XVI C\u2019est avec une grande \u00e9motion et beaucoup de gratitude qu\u2019ACN a fait ses adieux au pape \u00e9m\u00e9rite Beno\u00eet XVI (1927-2022), que des liens \u00e9troits liaient \u00e0 notre organisation caritative depuis longtemps d\u00e9j\u00e0. Au cours de son pontificat, il a \u00e9lev\u00e9 ACN au rang de fondation pontificale et nous a donn\u00e9 de [&hellip;]\" \/>\n<meta property=\"og:url\" content=\"https:\/\/acninternational.org\/fr\/acn-pleure-benoit-xvi\/\" \/>\n<meta property=\"og:site_name\" content=\"ACN International\" \/>\n<meta property=\"article:publisher\" content=\"https:\/\/www.facebook.com\/acninternationalorg\" \/>\n<meta property=\"article:modified_time\" content=\"2023-07-14T12:43:34+00:00\" \/>\n<meta property=\"og:image\" content=\"https:\/\/media.acninternational.org\/wp-content\/uploads\/2023\/07\/Pope-Benedict-XVI-2.jpg\" \/>\n\t<meta property=\"og:image:width\" content=\"1400\" \/>\n\t<meta property=\"og:image:height\" content=\"438\" \/>\n\t<meta property=\"og:image:type\" content=\"image\/jpeg\" \/>\n<meta name=\"twitter:card\" content=\"summary_large_image\" \/>\n<meta name=\"twitter:site\" content=\"@acn_int\" \/>\n<meta name=\"twitter:label1\" content=\"Dur\u00e9e de lecture estim\u00e9e\" \/>\n\t<meta name=\"twitter:data1\" content=\"5 minutes\" \/>\n<script type=\"application\/ld+json\" class=\"yoast-schema-graph\">{\"@context\":\"https:\\\/\\\/schema.org\",\"@graph\":[{\"@type\":\"WebPage\",\"@id\":\"https:\\\/\\\/acninternational.org\\\/fr\\\/acn-pleure-benoit-xvi\\\/\",\"url\":\"https:\\\/\\\/acninternational.org\\\/fr\\\/acn-pleure-benoit-xvi\\\/\",\"name\":\"ACN pleure Beno\u00eet XVI | ACN International\",\"isPartOf\":{\"@id\":\"https:\\\/\\\/acninternational.org\\\/fr\\\/#website\"},\"primaryImageOfPage\":{\"@id\":\"https:\\\/\\\/acninternational.org\\\/fr\\\/acn-pleure-benoit-xvi\\\/#primaryimage\"},\"image\":{\"@id\":\"https:\\\/\\\/acninternational.org\\\/fr\\\/acn-pleure-benoit-xvi\\\/#primaryimage\"},\"thumbnailUrl\":\"https:\\\/\\\/media.acninternational.org\\\/wp-content\\\/uploads\\\/2023\\\/07\\\/Pope-Benedict-XVI-2.jpg\",\"datePublished\":\"2021-06-16T07:55:17+00:00\",\"dateModified\":\"2023-07-14T12:43:34+00:00\",\"breadcrumb\":{\"@id\":\"https:\\\/\\\/acninternational.org\\\/fr\\\/acn-pleure-benoit-xvi\\\/#breadcrumb\"},\"inLanguage\":\"fr-FR\",\"potentialAction\":[{\"@type\":\"ReadAction\",\"target\":[\"https:\\\/\\\/acninternational.org\\\/fr\\\/acn-pleure-benoit-xvi\\\/\"]}]},{\"@type\":\"ImageObject\",\"inLanguage\":\"fr-FR\",\"@id\":\"https:\\\/\\\/acninternational.org\\\/fr\\\/acn-pleure-benoit-xvi\\\/#primaryimage\",\"url\":\"https:\\\/\\\/media.acninternational.org\\\/wp-content\\\/uploads\\\/2023\\\/07\\\/Pope-Benedict-XVI-2.jpg\",\"contentUrl\":\"https:\\\/\\\/media.acninternational.org\\\/wp-content\\\/uploads\\\/2023\\\/07\\\/Pope-Benedict-XVI-2.jpg\",\"width\":1400,\"height\":438},{\"@type\":\"BreadcrumbList\",\"@id\":\"https:\\\/\\\/acninternational.org\\\/fr\\\/acn-pleure-benoit-xvi\\\/#breadcrumb\",\"itemListElement\":[{\"@type\":\"ListItem\",\"position\":1,\"name\":\"Home\",\"item\":\"https:\\\/\\\/acninternational.org\\\/fr\\\/\"},{\"@type\":\"ListItem\",\"position\":2,\"name\":\"ACN pleure Beno\u00eet XVI\"}]},{\"@type\":\"WebSite\",\"@id\":\"https:\\\/\\\/acninternational.org\\\/fr\\\/#website\",\"url\":\"https:\\\/\\\/acninternational.org\\\/fr\\\/\",\"name\":\"ACN International\",\"description\":\"\",\"publisher\":{\"@id\":\"https:\\\/\\\/acninternational.org\\\/fr\\\/#organization\"},\"potentialAction\":[{\"@type\":\"SearchAction\",\"target\":{\"@type\":\"EntryPoint\",\"urlTemplate\":\"https:\\\/\\\/acninternational.org\\\/fr\\\/?s={search_term_string}\"},\"query-input\":{\"@type\":\"PropertyValueSpecification\",\"valueRequired\":true,\"valueName\":\"search_term_string\"}}],\"inLanguage\":\"fr-FR\"},{\"@type\":\"Organization\",\"@id\":\"https:\\\/\\\/acninternational.org\\\/fr\\\/#organization\",\"name\":\"Aid to the Church in Need International\",\"url\":\"https:\\\/\\\/acninternational.org\\\/fr\\\/\",\"logo\":{\"@type\":\"ImageObject\",\"inLanguage\":\"fr-FR\",\"@id\":\"https:\\\/\\\/acninternational.org\\\/fr\\\/#\\\/schema\\\/logo\\\/image\\\/\",\"url\":\"https:\\\/\\\/media.acninternational.org\\\/wp-content\\\/uploads\\\/2019\\\/11\\\/acn_logo_blackvector.svg\",\"contentUrl\":\"https:\\\/\\\/media.acninternational.org\\\/wp-content\\\/uploads\\\/2019\\\/11\\\/acn_logo_blackvector.svg\",\"width\":232.6,\"height\":78,\"caption\":\"Aid to the Church in Need International\"},\"image\":{\"@id\":\"https:\\\/\\\/acninternational.org\\\/fr\\\/#\\\/schema\\\/logo\\\/image\\\/\"},\"sameAs\":[\"https:\\\/\\\/www.facebook.com\\\/acninternationalorg\",\"https:\\\/\\\/x.com\\\/acn_int\",\"https:\\\/\\\/www.youtube.com\\\/channel\\\/UCQ-077gS0TnVzkhHmf1opZw\",\"https:\\\/\\\/www.instagram.com\\\/acn_international\\\/\"]}]}<\/script>\n<!-- \/ Yoast SEO Premium plugin. -->","yoast_head_json":{"title":"ACN pleure Beno\u00eet XVI | ACN International","robots":{"index":"index","follow":"follow","max-snippet":"max-snippet:-1","max-image-preview":"max-image-preview:large","max-video-preview":"max-video-preview:-1"},"canonical":"https:\/\/acninternational.org\/fr\/acn-pleure-benoit-xvi\/","og_locale":"fr_FR","og_type":"article","og_title":"ACN pleure Beno\u00eet XVI","og_description":"ACN pleure Beno\u00eet XVI C\u2019est avec une grande \u00e9motion et beaucoup de gratitude qu\u2019ACN a fait ses adieux au pape \u00e9m\u00e9rite Beno\u00eet XVI (1927-2022), que des liens \u00e9troits liaient \u00e0 notre organisation caritative depuis longtemps d\u00e9j\u00e0. Au cours de son pontificat, il a \u00e9lev\u00e9 ACN au rang de fondation pontificale et nous a donn\u00e9 de [&hellip;]","og_url":"https:\/\/acninternational.org\/fr\/acn-pleure-benoit-xvi\/","og_site_name":"ACN International","article_publisher":"https:\/\/www.facebook.com\/acninternationalorg","article_modified_time":"2023-07-14T12:43:34+00:00","og_image":[{"width":1400,"height":438,"url":"https:\/\/media.acninternational.org\/wp-content\/uploads\/2023\/07\/Pope-Benedict-XVI-2.jpg","type":"image\/jpeg"}],"twitter_card":"summary_large_image","twitter_site":"@acn_int","twitter_misc":{"Dur\u00e9e de lecture estim\u00e9e":"5 minutes"},"schema":{"@context":"https:\/\/schema.org","@graph":[{"@type":"WebPage","@id":"https:\/\/acninternational.org\/fr\/acn-pleure-benoit-xvi\/","url":"https:\/\/acninternational.org\/fr\/acn-pleure-benoit-xvi\/","name":"ACN pleure Beno\u00eet XVI | ACN International","isPartOf":{"@id":"https:\/\/acninternational.org\/fr\/#website"},"primaryImageOfPage":{"@id":"https:\/\/acninternational.org\/fr\/acn-pleure-benoit-xvi\/#primaryimage"},"image":{"@id":"https:\/\/acninternational.org\/fr\/acn-pleure-benoit-xvi\/#primaryimage"},"thumbnailUrl":"https:\/\/media.acninternational.org\/wp-content\/uploads\/2023\/07\/Pope-Benedict-XVI-2.jpg","datePublished":"2021-06-16T07:55:17+00:00","dateModified":"2023-07-14T12:43:34+00:00","breadcrumb":{"@id":"https:\/\/acninternational.org\/fr\/acn-pleure-benoit-xvi\/#breadcrumb"},"inLanguage":"fr-FR","potentialAction":[{"@type":"ReadAction","target":["https:\/\/acninternational.org\/fr\/acn-pleure-benoit-xvi\/"]}]},{"@type":"ImageObject","inLanguage":"fr-FR","@id":"https:\/\/acninternational.org\/fr\/acn-pleure-benoit-xvi\/#primaryimage","url":"https:\/\/media.acninternational.org\/wp-content\/uploads\/2023\/07\/Pope-Benedict-XVI-2.jpg","contentUrl":"https:\/\/media.acninternational.org\/wp-content\/uploads\/2023\/07\/Pope-Benedict-XVI-2.jpg","width":1400,"height":438},{"@type":"BreadcrumbList","@id":"https:\/\/acninternational.org\/fr\/acn-pleure-benoit-xvi\/#breadcrumb","itemListElement":[{"@type":"ListItem","position":1,"name":"Home","item":"https:\/\/acninternational.org\/fr\/"},{"@type":"ListItem","position":2,"name":"ACN pleure Beno\u00eet XVI"}]},{"@type":"WebSite","@id":"https:\/\/acninternational.org\/fr\/#website","url":"https:\/\/acninternational.org\/fr\/","name":"ACN International","description":"","publisher":{"@id":"https:\/\/acninternational.org\/fr\/#organization"},"potentialAction":[{"@type":"SearchAction","target":{"@type":"EntryPoint","urlTemplate":"https:\/\/acninternational.org\/fr\/?s={search_term_string}"},"query-input":{"@type":"PropertyValueSpecification","valueRequired":true,"valueName":"search_term_string"}}],"inLanguage":"fr-FR"},{"@type":"Organization","@id":"https:\/\/acninternational.org\/fr\/#organization","name":"Aid to the Church in Need International","url":"https:\/\/acninternational.org\/fr\/","logo":{"@type":"ImageObject","inLanguage":"fr-FR","@id":"https:\/\/acninternational.org\/fr\/#\/schema\/logo\/image\/","url":"https:\/\/media.acninternational.org\/wp-content\/uploads\/2019\/11\/acn_logo_blackvector.svg","contentUrl":"https:\/\/media.acninternational.org\/wp-content\/uploads\/2019\/11\/acn_logo_blackvector.svg","width":232.6,"height":78,"caption":"Aid to the Church in Need International"},"image":{"@id":"https:\/\/acninternational.org\/fr\/#\/schema\/logo\/image\/"},"sameAs":["https:\/\/www.facebook.com\/acninternationalorg","https:\/\/x.com\/acn_int","https:\/\/www.youtube.com\/channel\/UCQ-077gS0TnVzkhHmf1opZw","https:\/\/www.instagram.com\/acn_international\/"]}]}},"_links":{"self":[{"href":"https:\/\/acninternational.org\/fr\/wp-json\/wp\/v2\/pages\/155845","targetHints":{"allow":["GET"]}}],"collection":[{"href":"https:\/\/acninternational.org\/fr\/wp-json\/wp\/v2\/pages"}],"about":[{"href":"https:\/\/acninternational.org\/fr\/wp-json\/wp\/v2\/types\/page"}],"author":[{"embeddable":true,"href":"https:\/\/acninternational.org\/fr\/wp-json\/wp\/v2\/users\/4258341447"}],"replies":[{"embeddable":true,"href":"https:\/\/acninternational.org\/fr\/wp-json\/wp\/v2\/comments?post=155845"}],"version-history":[{"count":0,"href":"https:\/\/acninternational.org\/fr\/wp-json\/wp\/v2\/pages\/155845\/revisions"}],"wp:featuredmedia":[{"embeddable":true,"href":"https:\/\/acninternational.org\/fr\/wp-json\/wp\/v2\/media\/183281"}],"wp:attachment":[{"href":"https:\/\/acninternational.org\/fr\/wp-json\/wp\/v2\/media?parent=155845"}],"curies":[{"name":"wp","href":"https:\/\/api.w.org\/{rel}","templated":true}]}}