{"id":140922,"date":"2020-07-31T12:45:10","date_gmt":"2020-07-31T10:45:10","guid":{"rendered":"https:\/\/acninternational.org\/?page_id=140922"},"modified":"2022-06-20T08:50:53","modified_gmt":"2022-06-20T06:50:53","slug":"modalites","status":"publish","type":"page","link":"https:\/\/acninternational.org\/fr\/modalites\/","title":{"rendered":"Mentions l\u00e9gales &#038; Conditions g\u00e9n\u00e9rales"},"content":{"rendered":"<h1>Mentions l\u00e9gales &#038; Conditions g\u00e9n\u00e9rales<\/h1>\n<p><strong>Mentions l\u00e9gales<\/strong><\/p>\n<p><strong>ACN International<\/strong><\/p>\n<p>Aid to the Church in Need GmbH<br \/>Postfach 1209<br \/>D-61452 K\u00f6nigstein\/Ts.<br \/>GERMANY<\/p>\n<p><strong>Represent\u00e9 par<\/strong><\/p>\n<p>Philipp Ozores, Secr\u00e9taire G\u00e9n\u00e9ral<br \/>Tel.: +49-6174-2910<br \/>Fax: +49-6174-3423<br \/><a href=\"mailto:info@acn-intl.org\">info@acn-intl.org<\/a><\/p>\n<p><strong>Enregistr\u00e9 au<\/strong><\/p>\n<p>Tribunal de premi\u00e8re instance de K\u00f6nigstein\/Taunus<\/p>\n<p><strong>Num\u00e9ro d\u2018enregistrement<\/strong><\/p>\n<p>HRB 8446<\/p>\n<p><strong>Responsable du contenu selon le \u00a755 section 2 RStV<\/strong><\/p>\n<p>Philipp Ozores, Secr\u00e9taire G\u00e9n\u00e9ral<\/p>\n<p><strong>Conditions g\u00e9n\u00e9rales<\/strong><\/p>\n<p>En acc\u00e9dant \u00e0 ce site internet, vous acceptez les conditions g\u00e9n\u00e9rales d&rsquo;utilisation du site \u00e9nonc\u00e9es ci-apr\u00e8s. En cas de non-acceptation de ces conditions, vous vous devez de quitter le site imm\u00e9diatement.<\/p>\n<p><strong>Exhaustivit\u00e9 et exactitude des informations<\/strong><\/p>\n<p>Ce site internet contient des informations g\u00e9n\u00e9rales sur l&rsquo;Aide \u00e0 l&rsquo;\u00c9glise en D\u00e9tresse et sa politique en mati\u00e8re d&rsquo;octroi de subventions. Bien que le si\u00e8ge international de l&rsquo;Aide \u00e0 l&rsquo;\u00c9glise en D\u00e9tresse fasse tout son possible pour assurer l&rsquo;exactitude du mat\u00e9riel publi\u00e9 sur ce site, il n&rsquo;accepte aucune responsabilit\u00e9 quant \u00e0 l\u2019exactitude, l&rsquo;exhaustivit\u00e9 ou la fiabilit\u00e9 des informations publi\u00e9es sur le site ou mises \u00e0 disposition pour t\u00e9l\u00e9chargement \u00e0 partir du site. Aucune d\u00e9claration, garantie ou caution n&rsquo;est faite quant \u00e0 l&rsquo;exactitude ou \u00e0 l&rsquo;exhaustivit\u00e9 du mat\u00e9riel figurant sur notre site. L&rsquo;utilisation ou la confiance accord\u00e9e \u00e0 toute information disponible sur ce site est enti\u00e8rement \u00e0 vos propres risques.<\/p>\n<p>Nous excluons, dans toute la mesure autoris\u00e9e par la loi, toute responsabilit\u00e9 pour toute perte ou dommage que vous pourriez subir, de quelque mani\u00e8re que ce soit, r\u00e9sultant de l&rsquo;utilisation, de l&rsquo;incapacit\u00e9 d&rsquo;utilisation ou de la confiance que vous accordez au mat\u00e9riel obtenu sur notre site web.<\/p>\n<p><strong>Autres sites internet <\/strong><\/p>\n<p>Certaines pages de ce site internet peuvent contenir des liens vers d\u2019autres sites internet qui ne sont pas contr\u00f4l\u00e9s et\/ou maintenus par le si\u00e8ge social international de l&rsquo;Aide \u00e0 l&rsquo;\u00c9glise en D\u00e9tresse. L&rsquo;Aide \u00e0 l&rsquo;\u00c9glise en D\u00e9tresse n&rsquo;accepte aucune responsabilit\u00e9 quant au contenu de ces autres sites internet. Les liens vers d\u2019autres sites internet sont inclus uniquement pour des raisons de commodit\u00e9 &#8211; leur inclusion ne constitue en aucun cas une approbation inconditionnelle de l&rsquo;Aide \u00e0 l&rsquo;\u00c9glise en D\u00e9tresse. Il vous incombe de respecter les conditions d&rsquo;utilisation de tout autre site li\u00e9.<\/p>\n<p>Tous les liens d\u2019autres sites internet vers ce site internet ne peuvent \u00eatre \u00e9tablis qu&rsquo;apr\u00e8s avoir obtenu le consentement \u00e9crit pr\u00e9alable du si\u00e8ge social international de l&rsquo;Aide \u00e0 l&rsquo;\u00c9glise en d\u00e9tresse.<\/p>\n<p>Contactez l&rsquo;Aide \u00e0 l&rsquo;\u00c9glise en D\u00e9tresse pour demander l&rsquo;autorisation d&rsquo;\u00e9tablir un lien vers ce site internet<\/p>\n<p><strong>Modification des conditions g\u00e9n\u00e9rales<\/strong><\/p>\n<p>L&rsquo;Aide \u00e0 l&rsquo;\u00c9glise en D\u00e9tresse se r\u00e9serve le droit de modifier ou de remplacer les pr\u00e9sentes conditions g\u00e9n\u00e9rales sans avertissement pr\u00e9alable. Les nouvelles conditions g\u00e9n\u00e9rales seront publi\u00e9es sur cette page du site internet. En continuant \u00e0 utiliser le site internet, vous acceptez les pr\u00e9sentes conditions g\u00e9n\u00e9rales.<\/p>\n<p>Il vous est conseill\u00e9 de v\u00e9rifier p\u00e9riodiquement les modifications apport\u00e9es aux conditions g\u00e9n\u00e9rales de ce site internet. En cas de non-acceptation de ces nouvelles conditions g\u00e9n\u00e9rales, vous vous devez de quitter le site imm\u00e9diatement.<\/p>\n<p><strong>Copyright<\/strong><\/p>\n<p>Le mat\u00e9riel publi\u00e9 sur ce site internet est soumis \u00e0 la loi sur le droit d&rsquo;auteur et \u00e0 la d\u00e9claration sur le droit d&rsquo;auteur de l&rsquo;Aide \u00e0 l&rsquo;\u00c9glise en D\u00e9tresse.<\/p>\n<p><strong>Vie priv\u00e9e<\/strong><\/p>\n<p>Toute information publi\u00e9e sur ce site internet sera trait\u00e9e conform\u00e9ment \u00e0 la politique de confidentialit\u00e9 de l&rsquo;Aide \u00e0 l&rsquo;\u00c9glise en D\u00e9tresse.<\/p>\n<p><strong>Lois r\u00e9gissant ce site internet<\/strong><\/p>\n<p>Ce site internet, y compris les pr\u00e9sentes conditions g\u00e9n\u00e9rales, est r\u00e9gi par le droit allemand. Les tribunaux allemands sont seuls comp\u00e9tents pour tout litige concernant ce site internet.<\/p>\n","protected":false},"excerpt":{"rendered":"<p>Mentions l\u00e9gales &#038; Conditions g\u00e9n\u00e9rales Mentions l\u00e9gales ACN International Aid to the Church in Need GmbHPostfach 1209D-61452 K\u00f6nigstein\/Ts.GERMANY Represent\u00e9 par Philipp Ozores, Secr\u00e9taire G\u00e9n\u00e9ralTel.: +49-6174-2910Fax: +49-6174-3423info@acn-intl.org Enregistr\u00e9 au Tribunal de premi\u00e8re instance de K\u00f6nigstein\/Taunus Num\u00e9ro d\u2018enregistrement HRB 8446 Responsable du contenu selon le \u00a755 section 2 RStV Philipp Ozores, Secr\u00e9taire G\u00e9n\u00e9ral Conditions g\u00e9n\u00e9rales En acc\u00e9dant [&hellip;]<\/p>\n","protected":false},"author":4258341447,"featured_media":243383,"parent":0,"menu_order":0,"comment_status":"closed","ping_status":"closed","template":"page_2_columns.php","meta":{"_acf_changed":false,"footnotes":""},"class_list":["post-140922","page","type-page","status-publish","has-post-thumbnail","hentry"],"acf":[],"yoast_head":"<!-- This site is optimized with the Yoast SEO Premium plugin v27.3 (Yoast SEO v27.3) - https:\/\/yoast.com\/product\/yoast-seo-premium-wordpress\/ -->\n<title>Mentions l\u00e9gales &amp; Conditions g\u00e9n\u00e9rales | ACN International<\/title>\n<meta name=\"robots\" content=\"index, follow, max-snippet:-1, max-image-preview:large, max-video-preview:-1\" \/>\n<link rel=\"canonical\" href=\"https:\/\/acninternational.org\/fr\/modalites\/\" \/>\n<meta property=\"og:locale\" content=\"fr_FR\" \/>\n<meta property=\"og:type\" content=\"article\" \/>\n<meta property=\"og:title\" content=\"Mentions l\u00e9gales &amp; Conditions g\u00e9n\u00e9rales\" \/>\n<meta property=\"og:description\" content=\"Mentions l\u00e9gales &#038; Conditions g\u00e9n\u00e9rales Mentions l\u00e9gales ACN International Aid to the Church in Need GmbHPostfach 1209D-61452 K\u00f6nigstein\/Ts.GERMANY Represent\u00e9 par Philipp Ozores, Secr\u00e9taire G\u00e9n\u00e9ralTel.: +49-6174-2910Fax: +49-6174-3423info@acn-intl.org Enregistr\u00e9 au Tribunal de premi\u00e8re instance de K\u00f6nigstein\/Taunus Num\u00e9ro d\u2018enregistrement HRB 8446 Responsable du contenu selon le \u00a755 section 2 RStV Philipp Ozores, Secr\u00e9taire G\u00e9n\u00e9ral Conditions g\u00e9n\u00e9rales En acc\u00e9dant [&hellip;]\" \/>\n<meta property=\"og:url\" content=\"https:\/\/acninternational.org\/fr\/modalites\/\" \/>\n<meta property=\"og:site_name\" content=\"ACN International\" \/>\n<meta property=\"article:publisher\" content=\"https:\/\/www.facebook.com\/acninternationalorg\" \/>\n<meta property=\"article:modified_time\" content=\"2022-06-20T06:50:53+00:00\" \/>\n<meta property=\"og:image\" content=\"https:\/\/media.acninternational.org\/wp-content\/uploads\/2025\/05\/2-col-imgs-default.jpg\" \/>\n\t<meta property=\"og:image:width\" content=\"977\" \/>\n\t<meta property=\"og:image:height\" content=\"1070\" \/>\n\t<meta property=\"og:image:type\" content=\"image\/jpeg\" \/>\n<meta name=\"twitter:card\" content=\"summary_large_image\" \/>\n<meta name=\"twitter:site\" content=\"@acn_int\" \/>\n<meta name=\"twitter:label1\" content=\"Dur\u00e9e de lecture estim\u00e9e\" \/>\n\t<meta name=\"twitter:data1\" content=\"3 minutes\" \/>\n<script type=\"application\/ld+json\" class=\"yoast-schema-graph\">{\"@context\":\"https:\\\/\\\/schema.org\",\"@graph\":[{\"@type\":\"WebPage\",\"@id\":\"https:\\\/\\\/acninternational.org\\\/fr\\\/modalites\\\/\",\"url\":\"https:\\\/\\\/acninternational.org\\\/fr\\\/modalites\\\/\",\"name\":\"Mentions l\u00e9gales & Conditions g\u00e9n\u00e9rales | ACN International\",\"isPartOf\":{\"@id\":\"https:\\\/\\\/acninternational.org\\\/fr\\\/#website\"},\"primaryImageOfPage\":{\"@id\":\"https:\\\/\\\/acninternational.org\\\/fr\\\/modalites\\\/#primaryimage\"},\"image\":{\"@id\":\"https:\\\/\\\/acninternational.org\\\/fr\\\/modalites\\\/#primaryimage\"},\"thumbnailUrl\":\"https:\\\/\\\/media.acninternational.org\\\/wp-content\\\/uploads\\\/2025\\\/05\\\/2-col-imgs-default.jpg\",\"datePublished\":\"2020-07-31T10:45:10+00:00\",\"dateModified\":\"2022-06-20T06:50:53+00:00\",\"breadcrumb\":{\"@id\":\"https:\\\/\\\/acninternational.org\\\/fr\\\/modalites\\\/#breadcrumb\"},\"inLanguage\":\"fr-FR\",\"potentialAction\":[{\"@type\":\"ReadAction\",\"target\":[\"https:\\\/\\\/acninternational.org\\\/fr\\\/modalites\\\/\"]}]},{\"@type\":\"ImageObject\",\"inLanguage\":\"fr-FR\",\"@id\":\"https:\\\/\\\/acninternational.org\\\/fr\\\/modalites\\\/#primaryimage\",\"url\":\"https:\\\/\\\/media.acninternational.org\\\/wp-content\\\/uploads\\\/2025\\\/05\\\/2-col-imgs-default.jpg\",\"contentUrl\":\"https:\\\/\\\/media.acninternational.org\\\/wp-content\\\/uploads\\\/2025\\\/05\\\/2-col-imgs-default.jpg\",\"width\":977,\"height\":1070},{\"@type\":\"BreadcrumbList\",\"@id\":\"https:\\\/\\\/acninternational.org\\\/fr\\\/modalites\\\/#breadcrumb\",\"itemListElement\":[{\"@type\":\"ListItem\",\"position\":1,\"name\":\"Home\",\"item\":\"https:\\\/\\\/acninternational.org\\\/fr\\\/\"},{\"@type\":\"ListItem\",\"position\":2,\"name\":\"Mentions l\u00e9gales &#038; Conditions g\u00e9n\u00e9rales\"}]},{\"@type\":\"WebSite\",\"@id\":\"https:\\\/\\\/acninternational.org\\\/fr\\\/#website\",\"url\":\"https:\\\/\\\/acninternational.org\\\/fr\\\/\",\"name\":\"ACN International\",\"description\":\"\",\"publisher\":{\"@id\":\"https:\\\/\\\/acninternational.org\\\/fr\\\/#organization\"},\"potentialAction\":[{\"@type\":\"SearchAction\",\"target\":{\"@type\":\"EntryPoint\",\"urlTemplate\":\"https:\\\/\\\/acninternational.org\\\/fr\\\/?s={search_term_string}\"},\"query-input\":{\"@type\":\"PropertyValueSpecification\",\"valueRequired\":true,\"valueName\":\"search_term_string\"}}],\"inLanguage\":\"fr-FR\"},{\"@type\":\"Organization\",\"@id\":\"https:\\\/\\\/acninternational.org\\\/fr\\\/#organization\",\"name\":\"Aid to the Church in Need International\",\"url\":\"https:\\\/\\\/acninternational.org\\\/fr\\\/\",\"logo\":{\"@type\":\"ImageObject\",\"inLanguage\":\"fr-FR\",\"@id\":\"https:\\\/\\\/acninternational.org\\\/fr\\\/#\\\/schema\\\/logo\\\/image\\\/\",\"url\":\"https:\\\/\\\/media.acninternational.org\\\/wp-content\\\/uploads\\\/2019\\\/11\\\/acn_logo_blackvector.svg\",\"contentUrl\":\"https:\\\/\\\/media.acninternational.org\\\/wp-content\\\/uploads\\\/2019\\\/11\\\/acn_logo_blackvector.svg\",\"width\":232.6,\"height\":78,\"caption\":\"Aid to the Church in Need International\"},\"image\":{\"@id\":\"https:\\\/\\\/acninternational.org\\\/fr\\\/#\\\/schema\\\/logo\\\/image\\\/\"},\"sameAs\":[\"https:\\\/\\\/www.facebook.com\\\/acninternationalorg\",\"https:\\\/\\\/x.com\\\/acn_int\",\"https:\\\/\\\/www.youtube.com\\\/channel\\\/UCQ-077gS0TnVzkhHmf1opZw\",\"https:\\\/\\\/www.instagram.com\\\/acn_international\\\/\"]}]}<\/script>\n<!-- \/ Yoast SEO Premium plugin. -->","yoast_head_json":{"title":"Mentions l\u00e9gales & Conditions g\u00e9n\u00e9rales | ACN International","robots":{"index":"index","follow":"follow","max-snippet":"max-snippet:-1","max-image-preview":"max-image-preview:large","max-video-preview":"max-video-preview:-1"},"canonical":"https:\/\/acninternational.org\/fr\/modalites\/","og_locale":"fr_FR","og_type":"article","og_title":"Mentions l\u00e9gales & Conditions g\u00e9n\u00e9rales","og_description":"Mentions l\u00e9gales &#038; Conditions g\u00e9n\u00e9rales Mentions l\u00e9gales ACN International Aid to the Church in Need GmbHPostfach 1209D-61452 K\u00f6nigstein\/Ts.GERMANY Represent\u00e9 par Philipp Ozores, Secr\u00e9taire G\u00e9n\u00e9ralTel.: +49-6174-2910Fax: +49-6174-3423info@acn-intl.org Enregistr\u00e9 au Tribunal de premi\u00e8re instance de K\u00f6nigstein\/Taunus Num\u00e9ro d\u2018enregistrement HRB 8446 Responsable du contenu selon le \u00a755 section 2 RStV Philipp Ozores, Secr\u00e9taire G\u00e9n\u00e9ral Conditions g\u00e9n\u00e9rales En acc\u00e9dant [&hellip;]","og_url":"https:\/\/acninternational.org\/fr\/modalites\/","og_site_name":"ACN International","article_publisher":"https:\/\/www.facebook.com\/acninternationalorg","article_modified_time":"2022-06-20T06:50:53+00:00","og_image":[{"width":977,"height":1070,"url":"https:\/\/media.acninternational.org\/wp-content\/uploads\/2025\/05\/2-col-imgs-default.jpg","type":"image\/jpeg"}],"twitter_card":"summary_large_image","twitter_site":"@acn_int","twitter_misc":{"Dur\u00e9e de lecture estim\u00e9e":"3 minutes"},"schema":{"@context":"https:\/\/schema.org","@graph":[{"@type":"WebPage","@id":"https:\/\/acninternational.org\/fr\/modalites\/","url":"https:\/\/acninternational.org\/fr\/modalites\/","name":"Mentions l\u00e9gales & Conditions g\u00e9n\u00e9rales | ACN International","isPartOf":{"@id":"https:\/\/acninternational.org\/fr\/#website"},"primaryImageOfPage":{"@id":"https:\/\/acninternational.org\/fr\/modalites\/#primaryimage"},"image":{"@id":"https:\/\/acninternational.org\/fr\/modalites\/#primaryimage"},"thumbnailUrl":"https:\/\/media.acninternational.org\/wp-content\/uploads\/2025\/05\/2-col-imgs-default.jpg","datePublished":"2020-07-31T10:45:10+00:00","dateModified":"2022-06-20T06:50:53+00:00","breadcrumb":{"@id":"https:\/\/acninternational.org\/fr\/modalites\/#breadcrumb"},"inLanguage":"fr-FR","potentialAction":[{"@type":"ReadAction","target":["https:\/\/acninternational.org\/fr\/modalites\/"]}]},{"@type":"ImageObject","inLanguage":"fr-FR","@id":"https:\/\/acninternational.org\/fr\/modalites\/#primaryimage","url":"https:\/\/media.acninternational.org\/wp-content\/uploads\/2025\/05\/2-col-imgs-default.jpg","contentUrl":"https:\/\/media.acninternational.org\/wp-content\/uploads\/2025\/05\/2-col-imgs-default.jpg","width":977,"height":1070},{"@type":"BreadcrumbList","@id":"https:\/\/acninternational.org\/fr\/modalites\/#breadcrumb","itemListElement":[{"@type":"ListItem","position":1,"name":"Home","item":"https:\/\/acninternational.org\/fr\/"},{"@type":"ListItem","position":2,"name":"Mentions l\u00e9gales &#038; Conditions g\u00e9n\u00e9rales"}]},{"@type":"WebSite","@id":"https:\/\/acninternational.org\/fr\/#website","url":"https:\/\/acninternational.org\/fr\/","name":"ACN International","description":"","publisher":{"@id":"https:\/\/acninternational.org\/fr\/#organization"},"potentialAction":[{"@type":"SearchAction","target":{"@type":"EntryPoint","urlTemplate":"https:\/\/acninternational.org\/fr\/?s={search_term_string}"},"query-input":{"@type":"PropertyValueSpecification","valueRequired":true,"valueName":"search_term_string"}}],"inLanguage":"fr-FR"},{"@type":"Organization","@id":"https:\/\/acninternational.org\/fr\/#organization","name":"Aid to the Church in Need International","url":"https:\/\/acninternational.org\/fr\/","logo":{"@type":"ImageObject","inLanguage":"fr-FR","@id":"https:\/\/acninternational.org\/fr\/#\/schema\/logo\/image\/","url":"https:\/\/media.acninternational.org\/wp-content\/uploads\/2019\/11\/acn_logo_blackvector.svg","contentUrl":"https:\/\/media.acninternational.org\/wp-content\/uploads\/2019\/11\/acn_logo_blackvector.svg","width":232.6,"height":78,"caption":"Aid to the Church in Need International"},"image":{"@id":"https:\/\/acninternational.org\/fr\/#\/schema\/logo\/image\/"},"sameAs":["https:\/\/www.facebook.com\/acninternationalorg","https:\/\/x.com\/acn_int","https:\/\/www.youtube.com\/channel\/UCQ-077gS0TnVzkhHmf1opZw","https:\/\/www.instagram.com\/acn_international\/"]}]}},"_links":{"self":[{"href":"https:\/\/acninternational.org\/fr\/wp-json\/wp\/v2\/pages\/140922","targetHints":{"allow":["GET"]}}],"collection":[{"href":"https:\/\/acninternational.org\/fr\/wp-json\/wp\/v2\/pages"}],"about":[{"href":"https:\/\/acninternational.org\/fr\/wp-json\/wp\/v2\/types\/page"}],"author":[{"embeddable":true,"href":"https:\/\/acninternational.org\/fr\/wp-json\/wp\/v2\/users\/4258341447"}],"replies":[{"embeddable":true,"href":"https:\/\/acninternational.org\/fr\/wp-json\/wp\/v2\/comments?post=140922"}],"version-history":[{"count":0,"href":"https:\/\/acninternational.org\/fr\/wp-json\/wp\/v2\/pages\/140922\/revisions"}],"wp:featuredmedia":[{"embeddable":true,"href":"https:\/\/acninternational.org\/fr\/wp-json\/wp\/v2\/media\/243383"}],"wp:attachment":[{"href":"https:\/\/acninternational.org\/fr\/wp-json\/wp\/v2\/media?parent=140922"}],"curies":[{"name":"wp","href":"https:\/\/api.w.org\/{rel}","templated":true}]}}