{"id":139197,"date":"2020-06-18T11:49:20","date_gmt":"2020-06-18T09:49:20","guid":{"rendered":"https:\/\/acninternational.org\/nos-domaines-dintervention-2\/"},"modified":"2024-06-20T15:27:40","modified_gmt":"2024-06-20T13:27:40","slug":"domaines","status":"publish","type":"page","link":"https:\/\/acninternational.org\/fr\/domaines\/","title":{"rendered":"Nos domaines d\u2019intervention"},"content":{"rendered":"<p style=\"font-weight: 400;\"><strong>Qu\u2019il s\u2019agisse de l\u2019aide de subsistance aux pr\u00eatres et aux religieuses, des ofrandes de messe, de la formation des s\u00e9minaristes, des secours d\u2019urgence en cas de guerre ou de catastrophe naturelle ou de la publication de mat\u00e9riel pour la propagation de la foi, les domaines d\u2019intervention d\u2019Aid to the Church in Need sont aussi divers qu\u2019ils sont urgents. Car nous apportons une aide et nous finan\u00e7ons des activit\u00e9s partout o\u00f9 les chr\u00e9tiens sont pers\u00e9cut\u00e9s et o\u00f9 l\u2019\u00c9glise soufre.<\/strong><\/p>\n<blockquote class=\"wp-block-quote blockquote ps-3 py-2\">\n<p style=\"font-weight: 400;\">\u00ab L\u2019\u00c9glise en d\u00e9tresse \u00bb: une d\u00e9nomination qui dit tout<\/p>\n<\/blockquote>\n<p style=\"font-weight: 400;\">Depuis sa fondation il y a 77 ans, Aid to theChurch in Need, connue aussi sous le nom d\u2019Aide \u00e0 l\u2019\u00c9glise en D\u00e9tresse, est devenue une organisation au large \u00e9ventail d\u2019activit\u00e9s. Aujourd\u2019hui, nous pouvons afirmer \u00e0 juste titre que notre d\u00e9nomination dit tout. Nous soutenons actuellement chaque ann\u00e9e environ 5 600 projets de l\u2019\u00c9glise, dont certains \u00e0 long terme, dans 138 pays. Nous sommes ainsi souvent encore pr\u00e9sents dans des zones de crise o\u00f9 d\u2019autres organisations caritatives se sont retir\u00e9es depuis longtemps.<\/p>\n<p style=\"font-weight: 400;\">Un tel engagement n\u00e9cessite naturellement non seulement des moyens en personnel et sur le plan de l\u2019organisation mais \u00e9galement des moyens financiers. Ce n\u2019est que par les dons de plus de 359 900 bienfaiteurs du monde entier qu\u2019il nous est possible de remplir notre mission d\u2019aide pastorale et de la faire progresser avec succ\u00e8s.<\/p>\n","protected":false},"excerpt":{"rendered":"<p>Qu\u2019il s\u2019agisse de l\u2019aide de subsistance aux pr\u00eatres et aux religieuses, des ofrandes de messe, de la formation des s\u00e9minaristes, des secours d\u2019urgence en cas de guerre ou de catastrophe naturelle ou de la publication de mat\u00e9riel pour la propagation de la foi, les domaines d\u2019intervention d\u2019Aid to the Church in Need sont aussi divers [&hellip;]<\/p>\n","protected":false},"author":4258341447,"featured_media":210682,"parent":0,"menu_order":0,"comment_status":"closed","ping_status":"closed","template":"","meta":{"_acf_changed":false,"footnotes":""},"class_list":["post-139197","page","type-page","status-publish","has-post-thumbnail","hentry","page-category-task-area-fr"],"acf":[],"yoast_head":"<!-- This site is optimized with the Yoast SEO Premium plugin v27.3 (Yoast SEO v27.3) - https:\/\/yoast.com\/product\/yoast-seo-premium-wordpress\/ -->\n<title>Nos domaines d\u2019intervention | ACN International<\/title>\n<meta name=\"robots\" content=\"index, follow, max-snippet:-1, max-image-preview:large, max-video-preview:-1\" \/>\n<link rel=\"canonical\" href=\"https:\/\/acninternational.org\/fr\/domaines\/\" \/>\n<meta property=\"og:locale\" content=\"fr_FR\" \/>\n<meta property=\"og:type\" content=\"article\" \/>\n<meta property=\"og:title\" content=\"Nos domaines d\u2019intervention\" \/>\n<meta property=\"og:description\" content=\"Qu\u2019il s\u2019agisse de l\u2019aide de subsistance aux pr\u00eatres et aux religieuses, des ofrandes de messe, de la formation des s\u00e9minaristes, des secours d\u2019urgence en cas de guerre ou de catastrophe naturelle ou de la publication de mat\u00e9riel pour la propagation de la foi, les domaines d\u2019intervention d\u2019Aid to the Church in Need sont aussi divers [&hellip;]\" \/>\n<meta property=\"og:url\" content=\"https:\/\/acninternational.org\/fr\/domaines\/\" \/>\n<meta property=\"og:site_name\" content=\"ACN International\" \/>\n<meta property=\"article:publisher\" content=\"https:\/\/www.facebook.com\/acninternationalorg\" \/>\n<meta property=\"article:modified_time\" content=\"2024-06-20T13:27:40+00:00\" \/>\n<meta property=\"og:image\" content=\"https:\/\/media.acninternational.org\/wp-content\/uploads\/2024\/06\/ACN-20230508-145598.jpg\" \/>\n\t<meta property=\"og:image:width\" content=\"1920\" \/>\n\t<meta property=\"og:image:height\" content=\"700\" \/>\n\t<meta property=\"og:image:type\" content=\"image\/jpeg\" \/>\n<meta name=\"twitter:card\" content=\"summary_large_image\" \/>\n<meta name=\"twitter:site\" content=\"@acn_int\" \/>\n<meta name=\"twitter:label1\" content=\"Dur\u00e9e de lecture estim\u00e9e\" \/>\n\t<meta name=\"twitter:data1\" content=\"2 minutes\" \/>\n<script type=\"application\/ld+json\" class=\"yoast-schema-graph\">{\"@context\":\"https:\\\/\\\/schema.org\",\"@graph\":[{\"@type\":\"WebPage\",\"@id\":\"https:\\\/\\\/acninternational.org\\\/fr\\\/domaines\\\/\",\"url\":\"https:\\\/\\\/acninternational.org\\\/fr\\\/domaines\\\/\",\"name\":\"Nos domaines d\u2019intervention | ACN International\",\"isPartOf\":{\"@id\":\"https:\\\/\\\/acninternational.org\\\/fr\\\/#website\"},\"primaryImageOfPage\":{\"@id\":\"https:\\\/\\\/acninternational.org\\\/fr\\\/domaines\\\/#primaryimage\"},\"image\":{\"@id\":\"https:\\\/\\\/acninternational.org\\\/fr\\\/domaines\\\/#primaryimage\"},\"thumbnailUrl\":\"https:\\\/\\\/media.acninternational.org\\\/wp-content\\\/uploads\\\/2024\\\/06\\\/ACN-20230508-145598.jpg\",\"datePublished\":\"2020-06-18T09:49:20+00:00\",\"dateModified\":\"2024-06-20T13:27:40+00:00\",\"breadcrumb\":{\"@id\":\"https:\\\/\\\/acninternational.org\\\/fr\\\/domaines\\\/#breadcrumb\"},\"inLanguage\":\"fr-FR\",\"potentialAction\":[{\"@type\":\"ReadAction\",\"target\":[\"https:\\\/\\\/acninternational.org\\\/fr\\\/domaines\\\/\"]}]},{\"@type\":\"ImageObject\",\"inLanguage\":\"fr-FR\",\"@id\":\"https:\\\/\\\/acninternational.org\\\/fr\\\/domaines\\\/#primaryimage\",\"url\":\"https:\\\/\\\/media.acninternational.org\\\/wp-content\\\/uploads\\\/2024\\\/06\\\/ACN-20230508-145598.jpg\",\"contentUrl\":\"https:\\\/\\\/media.acninternational.org\\\/wp-content\\\/uploads\\\/2024\\\/06\\\/ACN-20230508-145598.jpg\",\"width\":1920,\"height\":700},{\"@type\":\"BreadcrumbList\",\"@id\":\"https:\\\/\\\/acninternational.org\\\/fr\\\/domaines\\\/#breadcrumb\",\"itemListElement\":[{\"@type\":\"ListItem\",\"position\":1,\"name\":\"Home\",\"item\":\"https:\\\/\\\/acninternational.org\\\/fr\\\/\"},{\"@type\":\"ListItem\",\"position\":2,\"name\":\"Nos domaines d\u2019intervention\"}]},{\"@type\":\"WebSite\",\"@id\":\"https:\\\/\\\/acninternational.org\\\/fr\\\/#website\",\"url\":\"https:\\\/\\\/acninternational.org\\\/fr\\\/\",\"name\":\"ACN International\",\"description\":\"\",\"publisher\":{\"@id\":\"https:\\\/\\\/acninternational.org\\\/fr\\\/#organization\"},\"potentialAction\":[{\"@type\":\"SearchAction\",\"target\":{\"@type\":\"EntryPoint\",\"urlTemplate\":\"https:\\\/\\\/acninternational.org\\\/fr\\\/?s={search_term_string}\"},\"query-input\":{\"@type\":\"PropertyValueSpecification\",\"valueRequired\":true,\"valueName\":\"search_term_string\"}}],\"inLanguage\":\"fr-FR\"},{\"@type\":\"Organization\",\"@id\":\"https:\\\/\\\/acninternational.org\\\/fr\\\/#organization\",\"name\":\"Aid to the Church in Need International\",\"url\":\"https:\\\/\\\/acninternational.org\\\/fr\\\/\",\"logo\":{\"@type\":\"ImageObject\",\"inLanguage\":\"fr-FR\",\"@id\":\"https:\\\/\\\/acninternational.org\\\/fr\\\/#\\\/schema\\\/logo\\\/image\\\/\",\"url\":\"https:\\\/\\\/media.acninternational.org\\\/wp-content\\\/uploads\\\/2019\\\/11\\\/acn_logo_blackvector.svg\",\"contentUrl\":\"https:\\\/\\\/media.acninternational.org\\\/wp-content\\\/uploads\\\/2019\\\/11\\\/acn_logo_blackvector.svg\",\"width\":232.6,\"height\":78,\"caption\":\"Aid to the Church in Need International\"},\"image\":{\"@id\":\"https:\\\/\\\/acninternational.org\\\/fr\\\/#\\\/schema\\\/logo\\\/image\\\/\"},\"sameAs\":[\"https:\\\/\\\/www.facebook.com\\\/acninternationalorg\",\"https:\\\/\\\/x.com\\\/acn_int\",\"https:\\\/\\\/www.youtube.com\\\/channel\\\/UCQ-077gS0TnVzkhHmf1opZw\",\"https:\\\/\\\/www.instagram.com\\\/acn_international\\\/\"]}]}<\/script>\n<!-- \/ Yoast SEO Premium plugin. -->","yoast_head_json":{"title":"Nos domaines d\u2019intervention | ACN International","robots":{"index":"index","follow":"follow","max-snippet":"max-snippet:-1","max-image-preview":"max-image-preview:large","max-video-preview":"max-video-preview:-1"},"canonical":"https:\/\/acninternational.org\/fr\/domaines\/","og_locale":"fr_FR","og_type":"article","og_title":"Nos domaines d\u2019intervention","og_description":"Qu\u2019il s\u2019agisse de l\u2019aide de subsistance aux pr\u00eatres et aux religieuses, des ofrandes de messe, de la formation des s\u00e9minaristes, des secours d\u2019urgence en cas de guerre ou de catastrophe naturelle ou de la publication de mat\u00e9riel pour la propagation de la foi, les domaines d\u2019intervention d\u2019Aid to the Church in Need sont aussi divers [&hellip;]","og_url":"https:\/\/acninternational.org\/fr\/domaines\/","og_site_name":"ACN International","article_publisher":"https:\/\/www.facebook.com\/acninternationalorg","article_modified_time":"2024-06-20T13:27:40+00:00","og_image":[{"width":1920,"height":700,"url":"https:\/\/media.acninternational.org\/wp-content\/uploads\/2024\/06\/ACN-20230508-145598.jpg","type":"image\/jpeg"}],"twitter_card":"summary_large_image","twitter_site":"@acn_int","twitter_misc":{"Dur\u00e9e de lecture estim\u00e9e":"2 minutes"},"schema":{"@context":"https:\/\/schema.org","@graph":[{"@type":"WebPage","@id":"https:\/\/acninternational.org\/fr\/domaines\/","url":"https:\/\/acninternational.org\/fr\/domaines\/","name":"Nos domaines d\u2019intervention | ACN International","isPartOf":{"@id":"https:\/\/acninternational.org\/fr\/#website"},"primaryImageOfPage":{"@id":"https:\/\/acninternational.org\/fr\/domaines\/#primaryimage"},"image":{"@id":"https:\/\/acninternational.org\/fr\/domaines\/#primaryimage"},"thumbnailUrl":"https:\/\/media.acninternational.org\/wp-content\/uploads\/2024\/06\/ACN-20230508-145598.jpg","datePublished":"2020-06-18T09:49:20+00:00","dateModified":"2024-06-20T13:27:40+00:00","breadcrumb":{"@id":"https:\/\/acninternational.org\/fr\/domaines\/#breadcrumb"},"inLanguage":"fr-FR","potentialAction":[{"@type":"ReadAction","target":["https:\/\/acninternational.org\/fr\/domaines\/"]}]},{"@type":"ImageObject","inLanguage":"fr-FR","@id":"https:\/\/acninternational.org\/fr\/domaines\/#primaryimage","url":"https:\/\/media.acninternational.org\/wp-content\/uploads\/2024\/06\/ACN-20230508-145598.jpg","contentUrl":"https:\/\/media.acninternational.org\/wp-content\/uploads\/2024\/06\/ACN-20230508-145598.jpg","width":1920,"height":700},{"@type":"BreadcrumbList","@id":"https:\/\/acninternational.org\/fr\/domaines\/#breadcrumb","itemListElement":[{"@type":"ListItem","position":1,"name":"Home","item":"https:\/\/acninternational.org\/fr\/"},{"@type":"ListItem","position":2,"name":"Nos domaines d\u2019intervention"}]},{"@type":"WebSite","@id":"https:\/\/acninternational.org\/fr\/#website","url":"https:\/\/acninternational.org\/fr\/","name":"ACN International","description":"","publisher":{"@id":"https:\/\/acninternational.org\/fr\/#organization"},"potentialAction":[{"@type":"SearchAction","target":{"@type":"EntryPoint","urlTemplate":"https:\/\/acninternational.org\/fr\/?s={search_term_string}"},"query-input":{"@type":"PropertyValueSpecification","valueRequired":true,"valueName":"search_term_string"}}],"inLanguage":"fr-FR"},{"@type":"Organization","@id":"https:\/\/acninternational.org\/fr\/#organization","name":"Aid to the Church in Need International","url":"https:\/\/acninternational.org\/fr\/","logo":{"@type":"ImageObject","inLanguage":"fr-FR","@id":"https:\/\/acninternational.org\/fr\/#\/schema\/logo\/image\/","url":"https:\/\/media.acninternational.org\/wp-content\/uploads\/2019\/11\/acn_logo_blackvector.svg","contentUrl":"https:\/\/media.acninternational.org\/wp-content\/uploads\/2019\/11\/acn_logo_blackvector.svg","width":232.6,"height":78,"caption":"Aid to the Church in Need International"},"image":{"@id":"https:\/\/acninternational.org\/fr\/#\/schema\/logo\/image\/"},"sameAs":["https:\/\/www.facebook.com\/acninternationalorg","https:\/\/x.com\/acn_int","https:\/\/www.youtube.com\/channel\/UCQ-077gS0TnVzkhHmf1opZw","https:\/\/www.instagram.com\/acn_international\/"]}]}},"_links":{"self":[{"href":"https:\/\/acninternational.org\/fr\/wp-json\/wp\/v2\/pages\/139197","targetHints":{"allow":["GET"]}}],"collection":[{"href":"https:\/\/acninternational.org\/fr\/wp-json\/wp\/v2\/pages"}],"about":[{"href":"https:\/\/acninternational.org\/fr\/wp-json\/wp\/v2\/types\/page"}],"author":[{"embeddable":true,"href":"https:\/\/acninternational.org\/fr\/wp-json\/wp\/v2\/users\/4258341447"}],"replies":[{"embeddable":true,"href":"https:\/\/acninternational.org\/fr\/wp-json\/wp\/v2\/comments?post=139197"}],"version-history":[{"count":0,"href":"https:\/\/acninternational.org\/fr\/wp-json\/wp\/v2\/pages\/139197\/revisions"}],"wp:featuredmedia":[{"embeddable":true,"href":"https:\/\/acninternational.org\/fr\/wp-json\/wp\/v2\/media\/210682"}],"wp:attachment":[{"href":"https:\/\/acninternational.org\/fr\/wp-json\/wp\/v2\/media?parent=139197"}],"curies":[{"name":"wp","href":"https:\/\/api.w.org\/{rel}","templated":true}]}}