{"id":139083,"date":"2020-06-29T12:10:31","date_gmt":"2020-06-29T10:10:31","guid":{"rendered":"https:\/\/acninternational.org\/notre-travail-2\/"},"modified":"2026-03-06T15:00:21","modified_gmt":"2026-03-06T14:00:21","slug":"travail","status":"publish","type":"page","link":"https:\/\/acninternational.org\/fr\/travail\/","title":{"rendered":"Notre travail"},"content":{"rendered":"<h1>Dans de nombreux pays, les chr\u00e9tiens sont discrimin\u00e9s et pers\u00e9cut\u00e9s.<\/h1>\n<blockquote class=\"wp-block-quote blockquote ps-3 py-2\">\n<p style=\"font-weight: 400;\"><strong>Chaque fois que vous l\u2019avez fait \u00e0 l\u2019un de ces plus petits de mes fr\u00e8res, c\u2019est \u00e0 moi que vous l\u2019avez fait !<\/strong><\/p>\n<pre> Mt 25,40<\/pre>\n<\/blockquote>\n<p style=\"font-weight: 400;\">Depuis toujours, l\u2019\u00c9glise s\u2019occupe des personnes en d\u00e9tresse. Or, l\u2019\u00c9glise elle-m\u00eame a souvent besoin d\u2019une aide d\u2019urgence, notamment dans les pays en d\u00e9veloppement et dans ceux touch\u00e9s par les d\u00e9placements de population, les pers\u00e9cutions ou les catastrophes.<\/p>\n<p>Selon nos calculs, 62 % de la population mondiale vit dans des pays o\u00f9 le libre exercice du culte n\u2019est pas possible, et la moiti\u00e9 de la population mondiale vit dans des pays o\u00f9 s\u2019exerce une v\u00e9ritable pers\u00e9cution. Dans au moins 61 pays, le droit fondamental \u00e0 la libert\u00e9 de religion n\u2019est pas garanti. Les chr\u00e9tiens sont particuli\u00e8rement concern\u00e9s.<\/p>\n<p style=\"font-weight: 400;\">L\u00e0 o\u00f9 la vie eccl\u00e9siale et l\u2019accompagnement pastoral des fid\u00e8les sont dificiles \u00e0 maintenir par leurs propres moyens, l\u2019\u00c9glise d\u00e9pend des dons de l\u2019\u00e9tranger. \u00c0 la dif\u00e9rence de la plupart des organisations caritatives qui r\u00e9pondent \u00e0 des besoins sociaux, Aid to the Church in Need \u2013 autrefois connue aussi sous le nom d\u2019Aide \u00e0 l\u2019\u00c9glise en D\u00e9tresse \u2013 concentre ses eforts sur le soutien de la pastorale.<\/p>\n<h2>Les dons apportent une aide concr\u00e8te aux chr\u00e9tiens en d\u00e9tresse.<\/h2>\n<p style=\"font-weight: 400;\">Depuis 78 ans, nous veillons avec professionnalisme, transparence et efficacit\u00e9 \u00e0 ce que les dons de nos bienfaiteurs produisent leur meilleur effet l\u00e0 o\u00f9 ils sont le plus n\u00e9cessaires, \u00e0 savoir aupr\u00e8s de l\u2019\u00c9glise locale dans le besoin.<\/p>\n<p><img loading=\"lazy\" decoding=\"async\" src=\"https:\/\/media.acninternational.org\/wp-content\/uploads\/2024\/06\/works-fr-1024x405.jpg\" sizes=\"auto, (max-width: 800px) 100vw, 800px\" srcset=\"https:\/\/media.acninternational.org\/wp-content\/uploads\/2024\/06\/works-fr-1024x405.jpg 1024w, https:\/\/media.acninternational.org\/wp-content\/uploads\/2024\/06\/works-fr-300x119.jpg 300w, https:\/\/media.acninternational.org\/wp-content\/uploads\/2024\/06\/works-fr-768x304.jpg 768w, https:\/\/media.acninternational.org\/wp-content\/uploads\/2024\/06\/works-fr-1536x607.jpg 1536w, https:\/\/media.acninternational.org\/wp-content\/uploads\/2024\/06\/works-fr.jpg 1920w\" alt=\"\" width=\"800\" height=\"316\" \/><\/p>\n<ol>\n<li style=\"font-weight: 400;\">Le besoin d\u2019aide pour des projets se fait sentir dans un lieu o\u00f9 l\u2019\u00c9glise soufre de pauvret\u00e9 ou de pers\u00e9cution. Le dioc\u00e8se ou la communaut\u00e9 soumet le projet avec la recommandation de l\u2019\u00e9v\u00eaque ou du sup\u00e9rieur hi\u00e9rarchique au si\u00e8ge international d\u2019ACN (Aid to the Church in Need) \u00e0 K\u00f6nigstein en Allemagne.<\/li>\n<li style=\"font-weight: 400;\">Le responsable des projets pour la r\u00e9gion concern\u00e9e analyse la demande. Si n\u00e9cessaire, il r\u00e9clame des informations suppl\u00e9mentaires. Dans un d\u00e9lai maximal de trois mois, le bureau international d\u2019ACN confirme si le projet est accept\u00e9 ou non.<\/li>\n<li style=\"font-weight: 400;\">Le bureau international d\u2019ACN informe les bureaux nationaux sur les projets afin de collecter des fonds aupr\u00e8s des bienfaiteurs.<\/li>\n<li style=\"font-weight: 400;\">Les bureaux organisent des campagnes d\u2019information et de sensibilisation pour que les donateurs soutiennent les projets.<\/li>\n<li style=\"font-weight: 400;\">Les bienfaiteurs se sentent appel\u00e9s \u00e0 collaborer et efectuent des dons.<\/li>\n<li style=\"font-weight: 400;\">Les bureaux nationaux d\u2019ACN virent les dons au bureau international d\u2019ACN.<\/li>\n<li style=\"font-weight: 400;\">ACN d\u00e9cide des projets et de leur financement, poursuit et surveille la mise en \u0153uvre.<\/li>\n<\/ol>\n<p style=\"font-weight: 400;\">Entre un et six mois apr\u00e8s l\u2019approbation du projet, ACN prend en charge les co\u00fbts du projet accept\u00e9. En cas d\u2019urgence, le bureau international d\u2019ACN d\u00e9bloque imm\u00e9diatement l\u2019aide financi\u00e8re.<\/p>\n","protected":false},"excerpt":{"rendered":"<p>Dans de nombreux pays, les chr\u00e9tiens sont discrimin\u00e9s et pers\u00e9cut\u00e9s. Chaque fois que vous l\u2019avez fait \u00e0 l\u2019un de ces plus petits de mes fr\u00e8res, c\u2019est \u00e0 moi que vous l\u2019avez fait ! Mt 25,40 Depuis toujours, l\u2019\u00c9glise s\u2019occupe des personnes en d\u00e9tresse. Or, l\u2019\u00c9glise elle-m\u00eame a souvent besoin d\u2019une aide d\u2019urgence, notamment dans les [&hellip;]<\/p>\n","protected":false},"author":66,"featured_media":210529,"parent":0,"menu_order":0,"comment_status":"closed","ping_status":"closed","template":"page_general.php","meta":{"_acf_changed":false,"footnotes":""},"class_list":["post-139083","page","type-page","status-publish","has-post-thumbnail","hentry"],"acf":[],"yoast_head":"<!-- This site is optimized with the Yoast SEO Premium plugin v27.3 (Yoast SEO v27.3) - https:\/\/yoast.com\/product\/yoast-seo-premium-wordpress\/ -->\n<title>Notre travail | ACN International<\/title>\n<meta name=\"robots\" content=\"index, follow, max-snippet:-1, max-image-preview:large, max-video-preview:-1\" \/>\n<link rel=\"canonical\" href=\"https:\/\/acninternational.org\/fr\/travail\/\" \/>\n<meta property=\"og:locale\" content=\"fr_FR\" \/>\n<meta property=\"og:type\" content=\"article\" \/>\n<meta property=\"og:title\" content=\"Notre travail\" \/>\n<meta property=\"og:description\" content=\"Dans de nombreux pays, les chr\u00e9tiens sont discrimin\u00e9s et pers\u00e9cut\u00e9s. Chaque fois que vous l\u2019avez fait \u00e0 l\u2019un de ces plus petits de mes fr\u00e8res, c\u2019est \u00e0 moi que vous l\u2019avez fait ! Mt 25,40 Depuis toujours, l\u2019\u00c9glise s\u2019occupe des personnes en d\u00e9tresse. Or, l\u2019\u00c9glise elle-m\u00eame a souvent besoin d\u2019une aide d\u2019urgence, notamment dans les [&hellip;]\" \/>\n<meta property=\"og:url\" content=\"https:\/\/acninternational.org\/fr\/travail\/\" \/>\n<meta property=\"og:site_name\" content=\"ACN International\" \/>\n<meta property=\"article:publisher\" content=\"https:\/\/www.facebook.com\/acninternationalorg\" \/>\n<meta property=\"article:modified_time\" content=\"2026-03-06T14:00:21+00:00\" \/>\n<meta property=\"og:image\" content=\"https:\/\/media.acninternational.org\/wp-content\/uploads\/2024\/06\/ACN-20230928-153700.jpg\" \/>\n\t<meta property=\"og:image:width\" content=\"1400\" \/>\n\t<meta property=\"og:image:height\" content=\"438\" \/>\n\t<meta property=\"og:image:type\" content=\"image\/jpeg\" \/>\n<meta name=\"twitter:card\" content=\"summary_large_image\" \/>\n<meta name=\"twitter:site\" content=\"@acn_int\" \/>\n<meta name=\"twitter:label1\" content=\"Dur\u00e9e de lecture estim\u00e9e\" \/>\n\t<meta name=\"twitter:data1\" content=\"3 minutes\" \/>\n<script type=\"application\/ld+json\" class=\"yoast-schema-graph\">{\"@context\":\"https:\\\/\\\/schema.org\",\"@graph\":[{\"@type\":\"WebPage\",\"@id\":\"https:\\\/\\\/acninternational.org\\\/fr\\\/travail\\\/\",\"url\":\"https:\\\/\\\/acninternational.org\\\/fr\\\/travail\\\/\",\"name\":\"Notre travail | ACN International\",\"isPartOf\":{\"@id\":\"https:\\\/\\\/acninternational.org\\\/fr\\\/#website\"},\"primaryImageOfPage\":{\"@id\":\"https:\\\/\\\/acninternational.org\\\/fr\\\/travail\\\/#primaryimage\"},\"image\":{\"@id\":\"https:\\\/\\\/acninternational.org\\\/fr\\\/travail\\\/#primaryimage\"},\"thumbnailUrl\":\"https:\\\/\\\/media.acninternational.org\\\/wp-content\\\/uploads\\\/2024\\\/06\\\/ACN-20230928-153700.jpg\",\"datePublished\":\"2020-06-29T10:10:31+00:00\",\"dateModified\":\"2026-03-06T14:00:21+00:00\",\"breadcrumb\":{\"@id\":\"https:\\\/\\\/acninternational.org\\\/fr\\\/travail\\\/#breadcrumb\"},\"inLanguage\":\"fr-FR\",\"potentialAction\":[{\"@type\":\"ReadAction\",\"target\":[\"https:\\\/\\\/acninternational.org\\\/fr\\\/travail\\\/\"]}]},{\"@type\":\"ImageObject\",\"inLanguage\":\"fr-FR\",\"@id\":\"https:\\\/\\\/acninternational.org\\\/fr\\\/travail\\\/#primaryimage\",\"url\":\"https:\\\/\\\/media.acninternational.org\\\/wp-content\\\/uploads\\\/2024\\\/06\\\/ACN-20230928-153700.jpg\",\"contentUrl\":\"https:\\\/\\\/media.acninternational.org\\\/wp-content\\\/uploads\\\/2024\\\/06\\\/ACN-20230928-153700.jpg\",\"width\":1400,\"height\":438},{\"@type\":\"BreadcrumbList\",\"@id\":\"https:\\\/\\\/acninternational.org\\\/fr\\\/travail\\\/#breadcrumb\",\"itemListElement\":[{\"@type\":\"ListItem\",\"position\":1,\"name\":\"Home\",\"item\":\"https:\\\/\\\/acninternational.org\\\/fr\\\/\"},{\"@type\":\"ListItem\",\"position\":2,\"name\":\"Notre travail\"}]},{\"@type\":\"WebSite\",\"@id\":\"https:\\\/\\\/acninternational.org\\\/fr\\\/#website\",\"url\":\"https:\\\/\\\/acninternational.org\\\/fr\\\/\",\"name\":\"ACN International\",\"description\":\"\",\"publisher\":{\"@id\":\"https:\\\/\\\/acninternational.org\\\/fr\\\/#organization\"},\"potentialAction\":[{\"@type\":\"SearchAction\",\"target\":{\"@type\":\"EntryPoint\",\"urlTemplate\":\"https:\\\/\\\/acninternational.org\\\/fr\\\/?s={search_term_string}\"},\"query-input\":{\"@type\":\"PropertyValueSpecification\",\"valueRequired\":true,\"valueName\":\"search_term_string\"}}],\"inLanguage\":\"fr-FR\"},{\"@type\":\"Organization\",\"@id\":\"https:\\\/\\\/acninternational.org\\\/fr\\\/#organization\",\"name\":\"Aid to the Church in Need International\",\"url\":\"https:\\\/\\\/acninternational.org\\\/fr\\\/\",\"logo\":{\"@type\":\"ImageObject\",\"inLanguage\":\"fr-FR\",\"@id\":\"https:\\\/\\\/acninternational.org\\\/fr\\\/#\\\/schema\\\/logo\\\/image\\\/\",\"url\":\"https:\\\/\\\/media.acninternational.org\\\/wp-content\\\/uploads\\\/2019\\\/11\\\/acn_logo_blackvector.svg\",\"contentUrl\":\"https:\\\/\\\/media.acninternational.org\\\/wp-content\\\/uploads\\\/2019\\\/11\\\/acn_logo_blackvector.svg\",\"width\":232.6,\"height\":78,\"caption\":\"Aid to the Church in Need International\"},\"image\":{\"@id\":\"https:\\\/\\\/acninternational.org\\\/fr\\\/#\\\/schema\\\/logo\\\/image\\\/\"},\"sameAs\":[\"https:\\\/\\\/www.facebook.com\\\/acninternationalorg\",\"https:\\\/\\\/x.com\\\/acn_int\",\"https:\\\/\\\/www.youtube.com\\\/channel\\\/UCQ-077gS0TnVzkhHmf1opZw\",\"https:\\\/\\\/www.instagram.com\\\/acn_international\\\/\"]}]}<\/script>\n<!-- \/ Yoast SEO Premium plugin. -->","yoast_head_json":{"title":"Notre travail | ACN International","robots":{"index":"index","follow":"follow","max-snippet":"max-snippet:-1","max-image-preview":"max-image-preview:large","max-video-preview":"max-video-preview:-1"},"canonical":"https:\/\/acninternational.org\/fr\/travail\/","og_locale":"fr_FR","og_type":"article","og_title":"Notre travail","og_description":"Dans de nombreux pays, les chr\u00e9tiens sont discrimin\u00e9s et pers\u00e9cut\u00e9s. Chaque fois que vous l\u2019avez fait \u00e0 l\u2019un de ces plus petits de mes fr\u00e8res, c\u2019est \u00e0 moi que vous l\u2019avez fait ! Mt 25,40 Depuis toujours, l\u2019\u00c9glise s\u2019occupe des personnes en d\u00e9tresse. Or, l\u2019\u00c9glise elle-m\u00eame a souvent besoin d\u2019une aide d\u2019urgence, notamment dans les [&hellip;]","og_url":"https:\/\/acninternational.org\/fr\/travail\/","og_site_name":"ACN International","article_publisher":"https:\/\/www.facebook.com\/acninternationalorg","article_modified_time":"2026-03-06T14:00:21+00:00","og_image":[{"width":1400,"height":438,"url":"https:\/\/media.acninternational.org\/wp-content\/uploads\/2024\/06\/ACN-20230928-153700.jpg","type":"image\/jpeg"}],"twitter_card":"summary_large_image","twitter_site":"@acn_int","twitter_misc":{"Dur\u00e9e de lecture estim\u00e9e":"3 minutes"},"schema":{"@context":"https:\/\/schema.org","@graph":[{"@type":"WebPage","@id":"https:\/\/acninternational.org\/fr\/travail\/","url":"https:\/\/acninternational.org\/fr\/travail\/","name":"Notre travail | ACN International","isPartOf":{"@id":"https:\/\/acninternational.org\/fr\/#website"},"primaryImageOfPage":{"@id":"https:\/\/acninternational.org\/fr\/travail\/#primaryimage"},"image":{"@id":"https:\/\/acninternational.org\/fr\/travail\/#primaryimage"},"thumbnailUrl":"https:\/\/media.acninternational.org\/wp-content\/uploads\/2024\/06\/ACN-20230928-153700.jpg","datePublished":"2020-06-29T10:10:31+00:00","dateModified":"2026-03-06T14:00:21+00:00","breadcrumb":{"@id":"https:\/\/acninternational.org\/fr\/travail\/#breadcrumb"},"inLanguage":"fr-FR","potentialAction":[{"@type":"ReadAction","target":["https:\/\/acninternational.org\/fr\/travail\/"]}]},{"@type":"ImageObject","inLanguage":"fr-FR","@id":"https:\/\/acninternational.org\/fr\/travail\/#primaryimage","url":"https:\/\/media.acninternational.org\/wp-content\/uploads\/2024\/06\/ACN-20230928-153700.jpg","contentUrl":"https:\/\/media.acninternational.org\/wp-content\/uploads\/2024\/06\/ACN-20230928-153700.jpg","width":1400,"height":438},{"@type":"BreadcrumbList","@id":"https:\/\/acninternational.org\/fr\/travail\/#breadcrumb","itemListElement":[{"@type":"ListItem","position":1,"name":"Home","item":"https:\/\/acninternational.org\/fr\/"},{"@type":"ListItem","position":2,"name":"Notre travail"}]},{"@type":"WebSite","@id":"https:\/\/acninternational.org\/fr\/#website","url":"https:\/\/acninternational.org\/fr\/","name":"ACN International","description":"","publisher":{"@id":"https:\/\/acninternational.org\/fr\/#organization"},"potentialAction":[{"@type":"SearchAction","target":{"@type":"EntryPoint","urlTemplate":"https:\/\/acninternational.org\/fr\/?s={search_term_string}"},"query-input":{"@type":"PropertyValueSpecification","valueRequired":true,"valueName":"search_term_string"}}],"inLanguage":"fr-FR"},{"@type":"Organization","@id":"https:\/\/acninternational.org\/fr\/#organization","name":"Aid to the Church in Need International","url":"https:\/\/acninternational.org\/fr\/","logo":{"@type":"ImageObject","inLanguage":"fr-FR","@id":"https:\/\/acninternational.org\/fr\/#\/schema\/logo\/image\/","url":"https:\/\/media.acninternational.org\/wp-content\/uploads\/2019\/11\/acn_logo_blackvector.svg","contentUrl":"https:\/\/media.acninternational.org\/wp-content\/uploads\/2019\/11\/acn_logo_blackvector.svg","width":232.6,"height":78,"caption":"Aid to the Church in Need International"},"image":{"@id":"https:\/\/acninternational.org\/fr\/#\/schema\/logo\/image\/"},"sameAs":["https:\/\/www.facebook.com\/acninternationalorg","https:\/\/x.com\/acn_int","https:\/\/www.youtube.com\/channel\/UCQ-077gS0TnVzkhHmf1opZw","https:\/\/www.instagram.com\/acn_international\/"]}]}},"_links":{"self":[{"href":"https:\/\/acninternational.org\/fr\/wp-json\/wp\/v2\/pages\/139083","targetHints":{"allow":["GET"]}}],"collection":[{"href":"https:\/\/acninternational.org\/fr\/wp-json\/wp\/v2\/pages"}],"about":[{"href":"https:\/\/acninternational.org\/fr\/wp-json\/wp\/v2\/types\/page"}],"author":[{"embeddable":true,"href":"https:\/\/acninternational.org\/fr\/wp-json\/wp\/v2\/users\/66"}],"replies":[{"embeddable":true,"href":"https:\/\/acninternational.org\/fr\/wp-json\/wp\/v2\/comments?post=139083"}],"version-history":[{"count":1,"href":"https:\/\/acninternational.org\/fr\/wp-json\/wp\/v2\/pages\/139083\/revisions"}],"predecessor-version":[{"id":262142,"href":"https:\/\/acninternational.org\/fr\/wp-json\/wp\/v2\/pages\/139083\/revisions\/262142"}],"wp:featuredmedia":[{"embeddable":true,"href":"https:\/\/acninternational.org\/fr\/wp-json\/wp\/v2\/media\/210529"}],"wp:attachment":[{"href":"https:\/\/acninternational.org\/fr\/wp-json\/wp\/v2\/media?parent=139083"}],"curies":[{"name":"wp","href":"https:\/\/api.w.org\/{rel}","templated":true}]}}