{"id":139073,"date":"2020-06-18T11:45:48","date_gmt":"2020-06-18T09:45:48","guid":{"rendered":"https:\/\/acninternational.org\/faits-et-chiffres\/"},"modified":"2024-06-20T18:25:26","modified_gmt":"2024-06-20T16:25:26","slug":"chiffres","status":"publish","type":"page","link":"https:\/\/acninternational.org\/fr\/chiffres\/","title":{"rendered":"Faits et chiffres"},"content":{"rendered":"<h1>Faits et chiffres<\/h1>\n<h3 style=\"font-weight: 400;\"><strong>En 2023, nous avons soutenu 5 573 projets \u00e0 l\u2019\u00e9chelle mondiale.<\/strong><\/h3>\n<p style=\"font-weight: 400;\">En 2023, 7 689 demandes d\u2019aide nous sont parvenues du monde entier. Gr\u00e2ce \u00e0 la g\u00e9n\u00e9rosit\u00e9 de nos bienfaiteurs, nous avons enregistr\u00e9 143,7 millions d\u2019euros qui, avec les 0,8 million d\u2019euros de r\u00e9serves des ann\u00e9es pr\u00e9c\u00e9dentes, ont permis de financer des activit\u00e9s \u00e0 hauteur de 144,5 millions d\u2019euros. Comme le montre le graphique, la plus grande part de nos d\u00e9penses a \u00e9t\u00e9 consacr\u00e9e aux charges li\u00e9es \u00e0 notre mission, c\u2019est-\u00e0-dire \u00e0 des projets concrets, \u00e0 l\u2019information et \u00e0 des activit\u00e9s de pri\u00e8re.<\/p>\n<p>\t\t\t\t\t\t\t\t\t\t\t\t\t<img loading=\"lazy\" decoding=\"async\" width=\"800\" height=\"246\" src=\"https:\/\/media.acninternational.org\/wp-content\/uploads\/2024\/06\/UseofFunds-2023_fr-1024x315.png\" alt=\"\" srcset=\"https:\/\/media.acninternational.org\/wp-content\/uploads\/2024\/06\/UseofFunds-2023_fr-1024x315.png 1024w, https:\/\/media.acninternational.org\/wp-content\/uploads\/2024\/06\/UseofFunds-2023_fr-300x92.png 300w, https:\/\/media.acninternational.org\/wp-content\/uploads\/2024\/06\/UseofFunds-2023_fr-768x237.png 768w, https:\/\/media.acninternational.org\/wp-content\/uploads\/2024\/06\/UseofFunds-2023_fr-1536x473.png 1536w, https:\/\/media.acninternational.org\/wp-content\/uploads\/2024\/06\/UseofFunds-2023_fr-2048x631.png 2048w\" sizes=\"auto, (max-width: 800px) 100vw, 800px\" \/><br \/>\n\t\t\t<svg xmlns=\"http:\/\/www.w3.org\/2000\/svg\" xmlns:xlink=\"http:\/\/www.w3.org\/1999\/xlink\" id=\"Layer_1\" x=\"0px\" y=\"0px\" viewBox=\"0 0 19.2 15.5\" style=\"enable-background:new 0 0 19.2 15.5;\" xml:space=\"preserve\"> <\/p>\n<style type=\"text\/css\"> .st0{fill:#B81325;} <\/style>\n<p> <g> <g id=\"Layer_1-2\"> <path d=\"M0,0h3.5v1.1h-2v13.2h2v1.1H0V0z\"><\/path> <path d=\"M15.7,14.4h2V1.1h-2V0h3.5v15.5h-3.5V14.4z\"><\/path> <path d=\"M8.8,8.5H5.6V7h3.2V3.6h1.6V7h3.2v1.5h-3.2v3.4H8.8V8.5z\"><\/path> <\/g> <\/g> <\/svg><br \/>\n\t\t\tD\u00e9tails de l\u2019utilisation des fonds<br \/>\n\t\t\t&nbsp;D\u00e9penses li\u00e9es \u00e0 notre mission<br \/>\n\t\t\t&nbsp;Frais administratifs<br \/>\n\t\t\t&nbsp;Frais de communication et de collecte de fonds<br \/>\n\t\t\t<svg xmlns=\"http:\/\/www.w3.org\/2000\/svg\" xmlns:xlink=\"http:\/\/www.w3.org\/1999\/xlink\" id=\"Layer_1\" x=\"0px\" y=\"0px\" viewBox=\"0 0 19.2 15.5\" style=\"enable-background:new 0 0 19.2 15.5;\" xml:space=\"preserve\"> <\/p>\n<style type=\"text\/css\"> .st0{fill:#B81325;} <\/style>\n<p> <g> <g id=\"Layer_1-2\"> <path d=\"M0,0h3.5v1.1h-2v13.2h2v1.1H0V0z\"><\/path> <path d=\"M15.7,14.4h2V1.1h-2V0h3.5v15.5h-3.5V14.4z\"><\/path> <path d=\"M8.8,8.5H5.6V7h3.2V3.6h1.6V7h3.2v1.5h-3.2v3.4H8.8V8.5z\"><\/path> <\/g> <\/g> <\/svg><br \/>\n\t\t\tD\u00e9penses li\u00e9es \u00e0 notre mission<br \/>\n\t\t\t&nbsp;Financement de projets<br \/>\n\t\t\t&nbsp;Information, propagation de la foi et plaidoyers pour les chr\u00e9tiens discrimin\u00e9s et pers\u00e9cut\u00e9s\t\t<\/p>\n<p style=\"font-weight: 400;\">Comme toujours, la part des d\u00e9penses n\u00e9cessaires \u00e0 l\u2019administration et \u00e0 la collecte de dons a \u00e9t\u00e9 relativement faible afin que les chr\u00e9tiens sur place re\u00e7oivent le plus de fonds possible. Au total, en 2023, nous avons soutenu 5 573 projets dans 138 pays pour un montant d\u2019environ 100,8 millions d\u2019euros. Un montant suppl\u00e9mentaire de 16,6 millions d\u2019euros a \u00e9t\u00e9 consacr\u00e9 \u00e0 la propagation de la foi, au travail d\u2019information et \u00e0 la d\u00e9fense des chr\u00e9tiens d\u00e9favoris\u00e9s et pers\u00e9cut\u00e9s dans le monde entier.<\/p>\n<p style=\"font-weight: 400;\">Les legs ont de nouveau constitu\u00e9 en 2023 une part substantielle du soutien apport\u00e9 \u00e0 l\u2019\u00c9glise soit 33,6 millions d\u2019euros ou 23,3 % des recettes. Avec nos fr\u00e8res et s\u0153urs en d\u00e9tresse, nous remercions donc non seulement nos bienfaiteurs vivants, mais nous nous souvenons aussi avec gratitude de ceux qui nous soutiennent au-del\u00e0 de la mort.<\/p>\n<p>\t\t\tBureaux dans 23<br \/>\n\t\t\tPlus de 359 920<br \/>\n\t\t\t143 737 504<br \/>\n\t\t\tPartenaires dans 138<br \/>\n\t\t\t5 573<br \/>\n\t\t\t81,3<br \/>\n\t\t\tpays<br \/>\n\t\t\tdonateurs dans le monde<br \/>\n\t\t\teuros de dons et legs<br \/>\n\t\t\tpays<br \/>\n\t\t\tprojets soutenus dans le monde<br \/>\n\t\t\tpour cent des fonds utilis\u00e9s sont afect\u00e9s<br \/>\n\u00e0 des d\u00e9penses li\u00e9es \u00e0 notre mission\t\t<\/p>\n<p style=\"text-align: center;\">Tous les chiffres indiqu\u00e9s ont \u00e9t\u00e9 v\u00e9rifi\u00e9s par la soci\u00e9t\u00e9 ind\u00e9pendante d\u2019audit PwC.<\/p>\n<p style=\"text-align: center;\"><strong>* Situation en 2022<\/strong><\/p>\n<p>Au total, en 2022, nous avons soutenu 5 702 projets dans 128 pays pour un montant d\u2019environ 107,1 millions d\u2019euros. Un montant suppl\u00e9mentaire de 15,7 millions d\u2019euros a \u00e9t\u00e9 consacr\u00e9 \u00e0 la propagation de la foi, au travail d\u2019information et \u00e0 la d\u00e9fense des chr\u00e9tiens d\u00e9favoris\u00e9s et pers\u00e9cut\u00e9s dans le monde entier.<\/p>\n<p>Les legs ont de nouveau constitu\u00e9 en 2022 une part substantielle du soutien apport\u00e9 \u00e0 l\u2019\u00c9glise soit 27,4 millions d\u2019euros ou 18,8 % des recettes. Avec nos fr\u00e8res et s\u0153urs en d\u00e9tresse, nous remercions donc non seulement nos bienfaiteurs vivants, mais nous nous souvenons aussi avec gratitude de ceux qui nous soutiennent au-del\u00e0 de la mort.<\/p>\n<h1>Nos priorit\u00e9s pour l\u2019ann\u00e9e 2023.<\/h1>\n<p style=\"font-weight: 400;\">En 2023, nous avons encore augment\u00e9 notre aide \u00e0 la formation des pr\u00eatres, des religieux et des la\u00efcs, qui fait partie de nos priorit\u00e9s depuis toujours, pour atteindre 26,7 %, soit plus d\u2019un quart de notre aide globale.<\/p>\n<p style=\"font-weight: 400;\">Les projets de construction, de reconstruction ou de r\u00e9novation d\u2019\u00e9glises et de b\u00e2timents eccl\u00e9siastiques ont b\u00e9n\u00e9fici\u00e9 de plus d\u2019un quart de notre financement, soit 26,8 %.<\/p>\n<p style=\"font-weight: 400;\">En 2023, gr\u00e2ce aux ofrandes de messe et aux aides de subsistance, nous avons \u00e9galement pu de nouveau contribuer \u00e0 pourvoir aux besoins des pr\u00eatres et des religieuses. 21,6 % de nos fonds ont \u00e9t\u00e9 allou\u00e9s \u00e0 ces projets.<\/p>\n<p>En outre, nous sommes pr\u00e9sents dans des situations de crise aigu\u00eb via des mesures d\u2019aide d\u2019urgence pour les populations en d\u00e9tresse. En 2023, cette aide d\u2019urgence dans les r\u00e9gions o\u00f9 les chr\u00e9tiens sont menac\u00e9s de violence et d\u2019expulsion a repr\u00e9sent\u00e9 10,8 % de notre aide totale.<\/p>\n<p>\t\t\t\t\t\t\t\t\t\t\t\t\t<img loading=\"lazy\" decoding=\"async\" width=\"768\" height=\"723\" src=\"https:\/\/media.acninternational.org\/wp-content\/uploads\/2024\/06\/Aidgrantedbytype-2023_fr-768x723.png\" alt=\"\" srcset=\"https:\/\/media.acninternational.org\/wp-content\/uploads\/2024\/06\/Aidgrantedbytype-2023_fr-768x723.png 768w, https:\/\/media.acninternational.org\/wp-content\/uploads\/2024\/06\/Aidgrantedbytype-2023_fr-300x282.png 300w, https:\/\/media.acninternational.org\/wp-content\/uploads\/2024\/06\/Aidgrantedbytype-2023_fr.png 900w\" sizes=\"auto, (max-width: 768px) 100vw, 768px\" \/><br \/>\n\t\t\t<svg xmlns=\"http:\/\/www.w3.org\/2000\/svg\" xmlns:xlink=\"http:\/\/www.w3.org\/1999\/xlink\" id=\"Layer_1\" x=\"0px\" y=\"0px\" viewBox=\"0 0 19.2 15.5\" style=\"enable-background:new 0 0 19.2 15.5;\" xml:space=\"preserve\"> <\/p>\n<style type=\"text\/css\"> .st0{fill:#B81325;} <\/style>\n<p> <g> <g id=\"Layer_1-2\"> <path d=\"M0,0h3.5v1.1h-2v13.2h2v1.1H0V0z\"><\/path> <path d=\"M15.7,14.4h2V1.1h-2V0h3.5v15.5h-3.5V14.4z\"><\/path> <path d=\"M8.8,8.5H5.6V7h3.2V3.6h1.6V7h3.2v1.5h-3.2v3.4H8.8V8.5z\"><\/path> <\/g> <\/g> <\/svg><br \/>\n\t\t\tR\u00e9partition de notre aide par cat\u00e9gorie<br \/>\n\t\t\th<br \/>\n\t\t\tConstruction et r\u00e9novation<br \/>\n\t\t\ta<br \/>\n\t\t\tOffrandes de messe<br \/>\n\t\t\ti<br \/>\n\t\t\tAide d\u2019urgence<br \/>\n\t\t\tb<br \/>\n\t\t\tFormation des pr\u00eatres et des religieux<br \/>\n\t\t\td<br \/>\n\t\t\tFormation des pr\u00eatres et des religieux<br \/>\n\t\t\tg<br \/>\n\t\t\tMoyens de transport pour l\u2019accompagnement pastoral<br \/>\n\t\t\te\t\t<\/p>\n<p>Distribution de Bibles, de livres religieux et m\u00e9dias<\/p>\n<p>\t\t\tc<br \/>\n\t\t\tAide de subsistance pour les religieux<\/p>\n","protected":false},"excerpt":{"rendered":"<p>Faits et chiffres En 2023, nous avons soutenu 5 573 projets \u00e0 l\u2019\u00e9chelle mondiale. En 2023, 7 689 demandes d\u2019aide nous sont parvenues du monde entier. Gr\u00e2ce \u00e0 la g\u00e9n\u00e9rosit\u00e9 de nos bienfaiteurs, nous avons enregistr\u00e9 143,7 millions d\u2019euros qui, avec les 0,8 million d\u2019euros de r\u00e9serves des ann\u00e9es pr\u00e9c\u00e9dentes, ont permis de financer des [&hellip;]<\/p>\n","protected":false},"author":4258341447,"featured_media":211065,"parent":0,"menu_order":0,"comment_status":"closed","ping_status":"closed","template":"","meta":{"_acf_changed":false,"footnotes":""},"class_list":["post-139073","page","type-page","status-publish","has-post-thumbnail","hentry"],"acf":[],"yoast_head":"<!-- This site is optimized with the Yoast SEO Premium plugin v27.3 (Yoast SEO v27.3) - https:\/\/yoast.com\/product\/yoast-seo-premium-wordpress\/ -->\n<title>Faits et chiffres | ACN International<\/title>\n<meta name=\"robots\" content=\"index, follow, max-snippet:-1, max-image-preview:large, max-video-preview:-1\" \/>\n<link rel=\"canonical\" href=\"https:\/\/acninternational.org\/fr\/chiffres\/\" \/>\n<meta property=\"og:locale\" content=\"fr_FR\" \/>\n<meta property=\"og:type\" content=\"article\" \/>\n<meta property=\"og:title\" content=\"Faits et chiffres\" \/>\n<meta property=\"og:description\" content=\"Faits et chiffres En 2023, nous avons soutenu 5 573 projets \u00e0 l\u2019\u00e9chelle mondiale. En 2023, 7 689 demandes d\u2019aide nous sont parvenues du monde entier. Gr\u00e2ce \u00e0 la g\u00e9n\u00e9rosit\u00e9 de nos bienfaiteurs, nous avons enregistr\u00e9 143,7 millions d\u2019euros qui, avec les 0,8 million d\u2019euros de r\u00e9serves des ann\u00e9es pr\u00e9c\u00e9dentes, ont permis de financer des [&hellip;]\" \/>\n<meta property=\"og:url\" content=\"https:\/\/acninternational.org\/fr\/chiffres\/\" \/>\n<meta property=\"og:site_name\" content=\"ACN International\" \/>\n<meta property=\"article:publisher\" content=\"https:\/\/www.facebook.com\/acninternationalorg\" \/>\n<meta property=\"article:modified_time\" content=\"2024-06-20T16:25:26+00:00\" \/>\n<meta property=\"og:image\" content=\"https:\/\/media.acninternational.org\/wp-content\/uploads\/2024\/06\/ACN-20231110-155668.jpg\" \/>\n\t<meta property=\"og:image:width\" content=\"1920\" \/>\n\t<meta property=\"og:image:height\" content=\"700\" \/>\n\t<meta property=\"og:image:type\" content=\"image\/jpeg\" \/>\n<meta name=\"twitter:card\" content=\"summary_large_image\" \/>\n<meta name=\"twitter:site\" content=\"@acn_int\" \/>\n<meta name=\"twitter:label1\" content=\"Dur\u00e9e de lecture estim\u00e9e\" \/>\n\t<meta name=\"twitter:data1\" content=\"4 minutes\" \/>\n<script type=\"application\/ld+json\" class=\"yoast-schema-graph\">{\"@context\":\"https:\\\/\\\/schema.org\",\"@graph\":[{\"@type\":\"WebPage\",\"@id\":\"https:\\\/\\\/acninternational.org\\\/fr\\\/chiffres\\\/\",\"url\":\"https:\\\/\\\/acninternational.org\\\/fr\\\/chiffres\\\/\",\"name\":\"Faits et chiffres | ACN International\",\"isPartOf\":{\"@id\":\"https:\\\/\\\/acninternational.org\\\/fr\\\/#website\"},\"primaryImageOfPage\":{\"@id\":\"https:\\\/\\\/acninternational.org\\\/fr\\\/chiffres\\\/#primaryimage\"},\"image\":{\"@id\":\"https:\\\/\\\/acninternational.org\\\/fr\\\/chiffres\\\/#primaryimage\"},\"thumbnailUrl\":\"https:\\\/\\\/media.acninternational.org\\\/wp-content\\\/uploads\\\/2024\\\/06\\\/ACN-20231110-155668.jpg\",\"datePublished\":\"2020-06-18T09:45:48+00:00\",\"dateModified\":\"2024-06-20T16:25:26+00:00\",\"breadcrumb\":{\"@id\":\"https:\\\/\\\/acninternational.org\\\/fr\\\/chiffres\\\/#breadcrumb\"},\"inLanguage\":\"fr-FR\",\"potentialAction\":[{\"@type\":\"ReadAction\",\"target\":[\"https:\\\/\\\/acninternational.org\\\/fr\\\/chiffres\\\/\"]}]},{\"@type\":\"ImageObject\",\"inLanguage\":\"fr-FR\",\"@id\":\"https:\\\/\\\/acninternational.org\\\/fr\\\/chiffres\\\/#primaryimage\",\"url\":\"https:\\\/\\\/media.acninternational.org\\\/wp-content\\\/uploads\\\/2024\\\/06\\\/ACN-20231110-155668.jpg\",\"contentUrl\":\"https:\\\/\\\/media.acninternational.org\\\/wp-content\\\/uploads\\\/2024\\\/06\\\/ACN-20231110-155668.jpg\",\"width\":1920,\"height\":700},{\"@type\":\"BreadcrumbList\",\"@id\":\"https:\\\/\\\/acninternational.org\\\/fr\\\/chiffres\\\/#breadcrumb\",\"itemListElement\":[{\"@type\":\"ListItem\",\"position\":1,\"name\":\"Home\",\"item\":\"https:\\\/\\\/acninternational.org\\\/fr\\\/\"},{\"@type\":\"ListItem\",\"position\":2,\"name\":\"Faits et chiffres\"}]},{\"@type\":\"WebSite\",\"@id\":\"https:\\\/\\\/acninternational.org\\\/fr\\\/#website\",\"url\":\"https:\\\/\\\/acninternational.org\\\/fr\\\/\",\"name\":\"ACN International\",\"description\":\"\",\"publisher\":{\"@id\":\"https:\\\/\\\/acninternational.org\\\/fr\\\/#organization\"},\"potentialAction\":[{\"@type\":\"SearchAction\",\"target\":{\"@type\":\"EntryPoint\",\"urlTemplate\":\"https:\\\/\\\/acninternational.org\\\/fr\\\/?s={search_term_string}\"},\"query-input\":{\"@type\":\"PropertyValueSpecification\",\"valueRequired\":true,\"valueName\":\"search_term_string\"}}],\"inLanguage\":\"fr-FR\"},{\"@type\":\"Organization\",\"@id\":\"https:\\\/\\\/acninternational.org\\\/fr\\\/#organization\",\"name\":\"Aid to the Church in Need International\",\"url\":\"https:\\\/\\\/acninternational.org\\\/fr\\\/\",\"logo\":{\"@type\":\"ImageObject\",\"inLanguage\":\"fr-FR\",\"@id\":\"https:\\\/\\\/acninternational.org\\\/fr\\\/#\\\/schema\\\/logo\\\/image\\\/\",\"url\":\"https:\\\/\\\/media.acninternational.org\\\/wp-content\\\/uploads\\\/2019\\\/11\\\/acn_logo_blackvector.svg\",\"contentUrl\":\"https:\\\/\\\/media.acninternational.org\\\/wp-content\\\/uploads\\\/2019\\\/11\\\/acn_logo_blackvector.svg\",\"width\":232.6,\"height\":78,\"caption\":\"Aid to the Church in Need International\"},\"image\":{\"@id\":\"https:\\\/\\\/acninternational.org\\\/fr\\\/#\\\/schema\\\/logo\\\/image\\\/\"},\"sameAs\":[\"https:\\\/\\\/www.facebook.com\\\/acninternationalorg\",\"https:\\\/\\\/x.com\\\/acn_int\",\"https:\\\/\\\/www.youtube.com\\\/channel\\\/UCQ-077gS0TnVzkhHmf1opZw\",\"https:\\\/\\\/www.instagram.com\\\/acn_international\\\/\"]}]}<\/script>\n<!-- \/ Yoast SEO Premium plugin. -->","yoast_head_json":{"title":"Faits et chiffres | ACN International","robots":{"index":"index","follow":"follow","max-snippet":"max-snippet:-1","max-image-preview":"max-image-preview:large","max-video-preview":"max-video-preview:-1"},"canonical":"https:\/\/acninternational.org\/fr\/chiffres\/","og_locale":"fr_FR","og_type":"article","og_title":"Faits et chiffres","og_description":"Faits et chiffres En 2023, nous avons soutenu 5 573 projets \u00e0 l\u2019\u00e9chelle mondiale. En 2023, 7 689 demandes d\u2019aide nous sont parvenues du monde entier. Gr\u00e2ce \u00e0 la g\u00e9n\u00e9rosit\u00e9 de nos bienfaiteurs, nous avons enregistr\u00e9 143,7 millions d\u2019euros qui, avec les 0,8 million d\u2019euros de r\u00e9serves des ann\u00e9es pr\u00e9c\u00e9dentes, ont permis de financer des [&hellip;]","og_url":"https:\/\/acninternational.org\/fr\/chiffres\/","og_site_name":"ACN International","article_publisher":"https:\/\/www.facebook.com\/acninternationalorg","article_modified_time":"2024-06-20T16:25:26+00:00","og_image":[{"width":1920,"height":700,"url":"https:\/\/media.acninternational.org\/wp-content\/uploads\/2024\/06\/ACN-20231110-155668.jpg","type":"image\/jpeg"}],"twitter_card":"summary_large_image","twitter_site":"@acn_int","twitter_misc":{"Dur\u00e9e de lecture estim\u00e9e":"4 minutes"},"schema":{"@context":"https:\/\/schema.org","@graph":[{"@type":"WebPage","@id":"https:\/\/acninternational.org\/fr\/chiffres\/","url":"https:\/\/acninternational.org\/fr\/chiffres\/","name":"Faits et chiffres | ACN International","isPartOf":{"@id":"https:\/\/acninternational.org\/fr\/#website"},"primaryImageOfPage":{"@id":"https:\/\/acninternational.org\/fr\/chiffres\/#primaryimage"},"image":{"@id":"https:\/\/acninternational.org\/fr\/chiffres\/#primaryimage"},"thumbnailUrl":"https:\/\/media.acninternational.org\/wp-content\/uploads\/2024\/06\/ACN-20231110-155668.jpg","datePublished":"2020-06-18T09:45:48+00:00","dateModified":"2024-06-20T16:25:26+00:00","breadcrumb":{"@id":"https:\/\/acninternational.org\/fr\/chiffres\/#breadcrumb"},"inLanguage":"fr-FR","potentialAction":[{"@type":"ReadAction","target":["https:\/\/acninternational.org\/fr\/chiffres\/"]}]},{"@type":"ImageObject","inLanguage":"fr-FR","@id":"https:\/\/acninternational.org\/fr\/chiffres\/#primaryimage","url":"https:\/\/media.acninternational.org\/wp-content\/uploads\/2024\/06\/ACN-20231110-155668.jpg","contentUrl":"https:\/\/media.acninternational.org\/wp-content\/uploads\/2024\/06\/ACN-20231110-155668.jpg","width":1920,"height":700},{"@type":"BreadcrumbList","@id":"https:\/\/acninternational.org\/fr\/chiffres\/#breadcrumb","itemListElement":[{"@type":"ListItem","position":1,"name":"Home","item":"https:\/\/acninternational.org\/fr\/"},{"@type":"ListItem","position":2,"name":"Faits et chiffres"}]},{"@type":"WebSite","@id":"https:\/\/acninternational.org\/fr\/#website","url":"https:\/\/acninternational.org\/fr\/","name":"ACN International","description":"","publisher":{"@id":"https:\/\/acninternational.org\/fr\/#organization"},"potentialAction":[{"@type":"SearchAction","target":{"@type":"EntryPoint","urlTemplate":"https:\/\/acninternational.org\/fr\/?s={search_term_string}"},"query-input":{"@type":"PropertyValueSpecification","valueRequired":true,"valueName":"search_term_string"}}],"inLanguage":"fr-FR"},{"@type":"Organization","@id":"https:\/\/acninternational.org\/fr\/#organization","name":"Aid to the Church in Need International","url":"https:\/\/acninternational.org\/fr\/","logo":{"@type":"ImageObject","inLanguage":"fr-FR","@id":"https:\/\/acninternational.org\/fr\/#\/schema\/logo\/image\/","url":"https:\/\/media.acninternational.org\/wp-content\/uploads\/2019\/11\/acn_logo_blackvector.svg","contentUrl":"https:\/\/media.acninternational.org\/wp-content\/uploads\/2019\/11\/acn_logo_blackvector.svg","width":232.6,"height":78,"caption":"Aid to the Church in Need International"},"image":{"@id":"https:\/\/acninternational.org\/fr\/#\/schema\/logo\/image\/"},"sameAs":["https:\/\/www.facebook.com\/acninternationalorg","https:\/\/x.com\/acn_int","https:\/\/www.youtube.com\/channel\/UCQ-077gS0TnVzkhHmf1opZw","https:\/\/www.instagram.com\/acn_international\/"]}]}},"_links":{"self":[{"href":"https:\/\/acninternational.org\/fr\/wp-json\/wp\/v2\/pages\/139073","targetHints":{"allow":["GET"]}}],"collection":[{"href":"https:\/\/acninternational.org\/fr\/wp-json\/wp\/v2\/pages"}],"about":[{"href":"https:\/\/acninternational.org\/fr\/wp-json\/wp\/v2\/types\/page"}],"author":[{"embeddable":true,"href":"https:\/\/acninternational.org\/fr\/wp-json\/wp\/v2\/users\/4258341447"}],"replies":[{"embeddable":true,"href":"https:\/\/acninternational.org\/fr\/wp-json\/wp\/v2\/comments?post=139073"}],"version-history":[{"count":0,"href":"https:\/\/acninternational.org\/fr\/wp-json\/wp\/v2\/pages\/139073\/revisions"}],"wp:featuredmedia":[{"embeddable":true,"href":"https:\/\/acninternational.org\/fr\/wp-json\/wp\/v2\/media\/211065"}],"wp:attachment":[{"href":"https:\/\/acninternational.org\/fr\/wp-json\/wp\/v2\/media?parent=139073"}],"curies":[{"name":"wp","href":"https:\/\/api.w.org\/{rel}","templated":true}]}}