{"id":125845,"date":"2019-10-29T15:01:28","date_gmt":"2019-10-29T14:01:28","guid":{"rendered":"https:\/\/acninternational.org\/guide-projets\/comment-faire-la-demande\/formulaires\/"},"modified":"2021-08-13T09:35:30","modified_gmt":"2021-08-13T07:35:30","slug":"formulaires","status":"publish","type":"page","link":"https:\/\/acninternational.org\/fr\/demander-aide\/formulaires\/","title":{"rendered":"Formulaires"},"content":{"rendered":"<p>La liste des formulaires dans plusieurs langues en dessous va vous aider \u00e0 soumettre votre candidature compl\u00e8te avec toutes les infomations n\u00e9cessaires et \u00e0 jour. S&rsquo;il vous pla\u00eet, n&rsquo;oubliez pas de signer personnellement votre candidature.<\/p>\n<h4>Une note sur la communication \u00e9lectronique<\/h4>\n<p>C&rsquo;est notre politique d&rsquo;accepter des candidatures par pi\u00e8ces jointes. Dans ce cas, n&rsquo;oubliez pas, s&rsquo;il vous pla\u00eet, de signer votre candidature, de la scanner et de nous l&rsquo;envoyer. Nous vous demandons d&rsquo;appliquer les m\u00eames r\u00e8gles pour la lettre d&rsquo;approbation de votre \u00e9v\u00eaque. Les candidatures sans signature ne peuvent pas \u00eatre trait\u00e9es.<\/p>\n","protected":false},"excerpt":{"rendered":"<p>La liste des formulaires dans plusieurs langues en dessous va vous aider \u00e0 soumettre votre candidature compl\u00e8te avec toutes les infomations n\u00e9cessaires et \u00e0 jour. S&rsquo;il vous pla\u00eet, n&rsquo;oubliez pas de signer personnellement votre candidature. Une note sur la communication \u00e9lectronique C&rsquo;est notre politique d&rsquo;accepter des candidatures par pi\u00e8ces jointes. Dans ce cas, n&rsquo;oubliez pas, [&hellip;]<\/p>\n","protected":false},"author":1,"featured_media":144386,"parent":123247,"menu_order":0,"comment_status":"closed","ping_status":"closed","template":"","meta":{"_acf_changed":false,"footnotes":""},"class_list":["post-125845","page","type-page","status-publish","has-post-thumbnail","hentry","page-category-forms-page-fr"],"acf":[],"yoast_head":"<!-- This site is optimized with the Yoast SEO Premium plugin v27.3 (Yoast SEO v27.3) - https:\/\/yoast.com\/product\/yoast-seo-premium-wordpress\/ -->\n<title>Formulaires | ACN International<\/title>\n<meta name=\"robots\" content=\"index, follow, max-snippet:-1, max-image-preview:large, max-video-preview:-1\" \/>\n<link rel=\"canonical\" href=\"https:\/\/acninternational.org\/fr\/demander-aide\/formulaires\/\" \/>\n<meta property=\"og:locale\" content=\"fr_FR\" \/>\n<meta property=\"og:type\" content=\"article\" \/>\n<meta property=\"og:title\" content=\"Formulaires\" \/>\n<meta property=\"og:description\" content=\"La liste des formulaires dans plusieurs langues en dessous va vous aider \u00e0 soumettre votre candidature compl\u00e8te avec toutes les infomations n\u00e9cessaires et \u00e0 jour. S&rsquo;il vous pla\u00eet, n&rsquo;oubliez pas de signer personnellement votre candidature. Une note sur la communication \u00e9lectronique C&rsquo;est notre politique d&rsquo;accepter des candidatures par pi\u00e8ces jointes. Dans ce cas, n&rsquo;oubliez pas, [&hellip;]\" \/>\n<meta property=\"og:url\" content=\"https:\/\/acninternational.org\/fr\/demander-aide\/formulaires\/\" \/>\n<meta property=\"og:site_name\" content=\"ACN International\" \/>\n<meta property=\"article:publisher\" content=\"https:\/\/www.facebook.com\/acninternationalorg\" \/>\n<meta property=\"article:modified_time\" content=\"2021-08-13T07:35:30+00:00\" \/>\n<meta property=\"og:image\" content=\"https:\/\/media.acninternational.org\/wp-content\/uploads\/2020\/11\/Africa_evangelization.jpg\" \/>\n\t<meta property=\"og:image:width\" content=\"1400\" \/>\n\t<meta property=\"og:image:height\" content=\"438\" \/>\n\t<meta property=\"og:image:type\" content=\"image\/jpeg\" \/>\n<meta name=\"twitter:card\" content=\"summary_large_image\" \/>\n<meta name=\"twitter:site\" content=\"@acn_int\" \/>\n<script type=\"application\/ld+json\" class=\"yoast-schema-graph\">{\"@context\":\"https:\\\/\\\/schema.org\",\"@graph\":[{\"@type\":\"WebPage\",\"@id\":\"https:\\\/\\\/acninternational.org\\\/fr\\\/demander-aide\\\/formulaires\\\/\",\"url\":\"https:\\\/\\\/acninternational.org\\\/fr\\\/demander-aide\\\/formulaires\\\/\",\"name\":\"Formulaires | ACN International\",\"isPartOf\":{\"@id\":\"https:\\\/\\\/acninternational.org\\\/fr\\\/#website\"},\"primaryImageOfPage\":{\"@id\":\"https:\\\/\\\/acninternational.org\\\/fr\\\/demander-aide\\\/formulaires\\\/#primaryimage\"},\"image\":{\"@id\":\"https:\\\/\\\/acninternational.org\\\/fr\\\/demander-aide\\\/formulaires\\\/#primaryimage\"},\"thumbnailUrl\":\"https:\\\/\\\/media.acninternational.org\\\/wp-content\\\/uploads\\\/2020\\\/11\\\/Africa_evangelization.jpg\",\"datePublished\":\"2019-10-29T14:01:28+00:00\",\"dateModified\":\"2021-08-13T07:35:30+00:00\",\"breadcrumb\":{\"@id\":\"https:\\\/\\\/acninternational.org\\\/fr\\\/demander-aide\\\/formulaires\\\/#breadcrumb\"},\"inLanguage\":\"fr-FR\",\"potentialAction\":[{\"@type\":\"ReadAction\",\"target\":[\"https:\\\/\\\/acninternational.org\\\/fr\\\/demander-aide\\\/formulaires\\\/\"]}]},{\"@type\":\"ImageObject\",\"inLanguage\":\"fr-FR\",\"@id\":\"https:\\\/\\\/acninternational.org\\\/fr\\\/demander-aide\\\/formulaires\\\/#primaryimage\",\"url\":\"https:\\\/\\\/media.acninternational.org\\\/wp-content\\\/uploads\\\/2020\\\/11\\\/Africa_evangelization.jpg\",\"contentUrl\":\"https:\\\/\\\/media.acninternational.org\\\/wp-content\\\/uploads\\\/2020\\\/11\\\/Africa_evangelization.jpg\",\"width\":1400,\"height\":438},{\"@type\":\"BreadcrumbList\",\"@id\":\"https:\\\/\\\/acninternational.org\\\/fr\\\/demander-aide\\\/formulaires\\\/#breadcrumb\",\"itemListElement\":[{\"@type\":\"ListItem\",\"position\":1,\"name\":\"Home\",\"item\":\"https:\\\/\\\/acninternational.org\\\/fr\\\/\"},{\"@type\":\"ListItem\",\"position\":2,\"name\":\"Demander de l&#8217;aide\",\"item\":\"https:\\\/\\\/acninternational.org\\\/fr\\\/demander-aide\\\/\"},{\"@type\":\"ListItem\",\"position\":3,\"name\":\"Formulaires\"}]},{\"@type\":\"WebSite\",\"@id\":\"https:\\\/\\\/acninternational.org\\\/fr\\\/#website\",\"url\":\"https:\\\/\\\/acninternational.org\\\/fr\\\/\",\"name\":\"ACN International\",\"description\":\"\",\"publisher\":{\"@id\":\"https:\\\/\\\/acninternational.org\\\/fr\\\/#organization\"},\"potentialAction\":[{\"@type\":\"SearchAction\",\"target\":{\"@type\":\"EntryPoint\",\"urlTemplate\":\"https:\\\/\\\/acninternational.org\\\/fr\\\/?s={search_term_string}\"},\"query-input\":{\"@type\":\"PropertyValueSpecification\",\"valueRequired\":true,\"valueName\":\"search_term_string\"}}],\"inLanguage\":\"fr-FR\"},{\"@type\":\"Organization\",\"@id\":\"https:\\\/\\\/acninternational.org\\\/fr\\\/#organization\",\"name\":\"Aid to the Church in Need International\",\"url\":\"https:\\\/\\\/acninternational.org\\\/fr\\\/\",\"logo\":{\"@type\":\"ImageObject\",\"inLanguage\":\"fr-FR\",\"@id\":\"https:\\\/\\\/acninternational.org\\\/fr\\\/#\\\/schema\\\/logo\\\/image\\\/\",\"url\":\"https:\\\/\\\/media.acninternational.org\\\/wp-content\\\/uploads\\\/2019\\\/11\\\/acn_logo_blackvector.svg\",\"contentUrl\":\"https:\\\/\\\/media.acninternational.org\\\/wp-content\\\/uploads\\\/2019\\\/11\\\/acn_logo_blackvector.svg\",\"width\":232.6,\"height\":78,\"caption\":\"Aid to the Church in Need International\"},\"image\":{\"@id\":\"https:\\\/\\\/acninternational.org\\\/fr\\\/#\\\/schema\\\/logo\\\/image\\\/\"},\"sameAs\":[\"https:\\\/\\\/www.facebook.com\\\/acninternationalorg\",\"https:\\\/\\\/x.com\\\/acn_int\",\"https:\\\/\\\/www.youtube.com\\\/channel\\\/UCQ-077gS0TnVzkhHmf1opZw\",\"https:\\\/\\\/www.instagram.com\\\/acn_international\\\/\"]}]}<\/script>\n<!-- \/ Yoast SEO Premium plugin. -->","yoast_head_json":{"title":"Formulaires | ACN International","robots":{"index":"index","follow":"follow","max-snippet":"max-snippet:-1","max-image-preview":"max-image-preview:large","max-video-preview":"max-video-preview:-1"},"canonical":"https:\/\/acninternational.org\/fr\/demander-aide\/formulaires\/","og_locale":"fr_FR","og_type":"article","og_title":"Formulaires","og_description":"La liste des formulaires dans plusieurs langues en dessous va vous aider \u00e0 soumettre votre candidature compl\u00e8te avec toutes les infomations n\u00e9cessaires et \u00e0 jour. S&rsquo;il vous pla\u00eet, n&rsquo;oubliez pas de signer personnellement votre candidature. Une note sur la communication \u00e9lectronique C&rsquo;est notre politique d&rsquo;accepter des candidatures par pi\u00e8ces jointes. Dans ce cas, n&rsquo;oubliez pas, [&hellip;]","og_url":"https:\/\/acninternational.org\/fr\/demander-aide\/formulaires\/","og_site_name":"ACN International","article_publisher":"https:\/\/www.facebook.com\/acninternationalorg","article_modified_time":"2021-08-13T07:35:30+00:00","og_image":[{"width":1400,"height":438,"url":"https:\/\/media.acninternational.org\/wp-content\/uploads\/2020\/11\/Africa_evangelization.jpg","type":"image\/jpeg"}],"twitter_card":"summary_large_image","twitter_site":"@acn_int","schema":{"@context":"https:\/\/schema.org","@graph":[{"@type":"WebPage","@id":"https:\/\/acninternational.org\/fr\/demander-aide\/formulaires\/","url":"https:\/\/acninternational.org\/fr\/demander-aide\/formulaires\/","name":"Formulaires | ACN International","isPartOf":{"@id":"https:\/\/acninternational.org\/fr\/#website"},"primaryImageOfPage":{"@id":"https:\/\/acninternational.org\/fr\/demander-aide\/formulaires\/#primaryimage"},"image":{"@id":"https:\/\/acninternational.org\/fr\/demander-aide\/formulaires\/#primaryimage"},"thumbnailUrl":"https:\/\/media.acninternational.org\/wp-content\/uploads\/2020\/11\/Africa_evangelization.jpg","datePublished":"2019-10-29T14:01:28+00:00","dateModified":"2021-08-13T07:35:30+00:00","breadcrumb":{"@id":"https:\/\/acninternational.org\/fr\/demander-aide\/formulaires\/#breadcrumb"},"inLanguage":"fr-FR","potentialAction":[{"@type":"ReadAction","target":["https:\/\/acninternational.org\/fr\/demander-aide\/formulaires\/"]}]},{"@type":"ImageObject","inLanguage":"fr-FR","@id":"https:\/\/acninternational.org\/fr\/demander-aide\/formulaires\/#primaryimage","url":"https:\/\/media.acninternational.org\/wp-content\/uploads\/2020\/11\/Africa_evangelization.jpg","contentUrl":"https:\/\/media.acninternational.org\/wp-content\/uploads\/2020\/11\/Africa_evangelization.jpg","width":1400,"height":438},{"@type":"BreadcrumbList","@id":"https:\/\/acninternational.org\/fr\/demander-aide\/formulaires\/#breadcrumb","itemListElement":[{"@type":"ListItem","position":1,"name":"Home","item":"https:\/\/acninternational.org\/fr\/"},{"@type":"ListItem","position":2,"name":"Demander de l&#8217;aide","item":"https:\/\/acninternational.org\/fr\/demander-aide\/"},{"@type":"ListItem","position":3,"name":"Formulaires"}]},{"@type":"WebSite","@id":"https:\/\/acninternational.org\/fr\/#website","url":"https:\/\/acninternational.org\/fr\/","name":"ACN International","description":"","publisher":{"@id":"https:\/\/acninternational.org\/fr\/#organization"},"potentialAction":[{"@type":"SearchAction","target":{"@type":"EntryPoint","urlTemplate":"https:\/\/acninternational.org\/fr\/?s={search_term_string}"},"query-input":{"@type":"PropertyValueSpecification","valueRequired":true,"valueName":"search_term_string"}}],"inLanguage":"fr-FR"},{"@type":"Organization","@id":"https:\/\/acninternational.org\/fr\/#organization","name":"Aid to the Church in Need International","url":"https:\/\/acninternational.org\/fr\/","logo":{"@type":"ImageObject","inLanguage":"fr-FR","@id":"https:\/\/acninternational.org\/fr\/#\/schema\/logo\/image\/","url":"https:\/\/media.acninternational.org\/wp-content\/uploads\/2019\/11\/acn_logo_blackvector.svg","contentUrl":"https:\/\/media.acninternational.org\/wp-content\/uploads\/2019\/11\/acn_logo_blackvector.svg","width":232.6,"height":78,"caption":"Aid to the Church in Need International"},"image":{"@id":"https:\/\/acninternational.org\/fr\/#\/schema\/logo\/image\/"},"sameAs":["https:\/\/www.facebook.com\/acninternationalorg","https:\/\/x.com\/acn_int","https:\/\/www.youtube.com\/channel\/UCQ-077gS0TnVzkhHmf1opZw","https:\/\/www.instagram.com\/acn_international\/"]}]}},"_links":{"self":[{"href":"https:\/\/acninternational.org\/fr\/wp-json\/wp\/v2\/pages\/125845","targetHints":{"allow":["GET"]}}],"collection":[{"href":"https:\/\/acninternational.org\/fr\/wp-json\/wp\/v2\/pages"}],"about":[{"href":"https:\/\/acninternational.org\/fr\/wp-json\/wp\/v2\/types\/page"}],"author":[{"embeddable":true,"href":"https:\/\/acninternational.org\/fr\/wp-json\/wp\/v2\/users\/1"}],"replies":[{"embeddable":true,"href":"https:\/\/acninternational.org\/fr\/wp-json\/wp\/v2\/comments?post=125845"}],"version-history":[{"count":0,"href":"https:\/\/acninternational.org\/fr\/wp-json\/wp\/v2\/pages\/125845\/revisions"}],"up":[{"embeddable":true,"href":"https:\/\/acninternational.org\/fr\/wp-json\/wp\/v2\/pages\/123247"}],"wp:featuredmedia":[{"embeddable":true,"href":"https:\/\/acninternational.org\/fr\/wp-json\/wp\/v2\/media\/144386"}],"wp:attachment":[{"href":"https:\/\/acninternational.org\/fr\/wp-json\/wp\/v2\/media?parent=125845"}],"curies":[{"name":"wp","href":"https:\/\/api.w.org\/{rel}","templated":true}]}}