{"id":125840,"date":"2019-10-30T17:37:30","date_gmt":"2019-10-30T16:37:30","guid":{"rendered":"https:\/\/acninternational.org\/le-navigateur-internet-explorer-nest-pas-completement-supporte\/"},"modified":"2019-12-02T11:30:26","modified_gmt":"2019-12-02T10:30:26","slug":"le-navigateur-internet-explorer-nest-pas-completement-supporte","status":"publish","type":"page","link":"https:\/\/acninternational.org\/fr\/le-navigateur-internet-explorer-nest-pas-completement-supporte\/","title":{"rendered":"Le navigateur Internet Explorer n&rsquo;est pas compl\u00e8tement support\u00e9"},"content":{"rendered":"<h1>Veuillez mettre \u00e0 jour votre navigateur s&rsquo;il vous plait<\/h1>\n<p>Malheureusement vous utilisez un vieux navigateur qui n&rsquo;est pas compl\u00e8tement support\u00e9.<\/p>\n<p>Pour une exp\u00e9rience compl\u00e8te et s\u00e9curis\u00e9e, veuillez utiliser une version actuelle de :<\/p>\n<p><a href=\"https:\/\/www.google.com\/chrome\/\" target=\"_blank\" rel=\"noopener noreferrer\">Google Chrome<\/a><\/p>\n<p><a href=\"https:\/\/www.mozilla.org\/firefox\/\" target=\"_blank\" rel=\"noopener noreferrer\">Mozilla Firefox<\/a><\/p>\n<p><a href=\"https:\/\/www.apple.com\/safari\/\" target=\"_blank\" rel=\"noopener noreferrer\">Apple Safari<\/a><\/p>\n<p><a href=\"http:\/\/www.microsoft.com\/edge\/\" target=\"_blank\" rel=\"noopener noreferrer\">Microsoft Edge<\/a><\/p>\n<p><strong>Merci Beaucoup!<\/strong><\/p>\n","protected":false},"excerpt":{"rendered":"<p>Veuillez mettre \u00e0 jour votre navigateur s&rsquo;il vous plait Malheureusement vous utilisez un vieux navigateur qui n&rsquo;est pas compl\u00e8tement support\u00e9. Pour une exp\u00e9rience compl\u00e8te et s\u00e9curis\u00e9e, veuillez utiliser une version actuelle de : Google Chrome Mozilla Firefox Apple Safari Microsoft Edge Merci Beaucoup!<\/p>\n","protected":false},"author":1,"featured_media":0,"parent":0,"menu_order":0,"comment_status":"closed","ping_status":"closed","template":"elementor_canvas","meta":{"_acf_changed":false,"footnotes":""},"class_list":["post-125840","page","type-page","status-publish","hentry"],"acf":[],"yoast_head":"<!-- This site is optimized with the Yoast SEO Premium plugin v27.3 (Yoast SEO v27.3) - https:\/\/yoast.com\/product\/yoast-seo-premium-wordpress\/ -->\n<title>Le navigateur Internet Explorer n&#039;est pas compl\u00e8tement support\u00e9 | ACN International<\/title>\n<meta name=\"robots\" content=\"index, follow, max-snippet:-1, max-image-preview:large, max-video-preview:-1\" \/>\n<link rel=\"canonical\" href=\"https:\/\/acninternational.org\/fr\/le-navigateur-internet-explorer-nest-pas-completement-supporte\/\" \/>\n<meta property=\"og:locale\" content=\"fr_FR\" \/>\n<meta property=\"og:type\" content=\"article\" \/>\n<meta property=\"og:title\" content=\"Le navigateur Internet Explorer n&#039;est pas compl\u00e8tement support\u00e9\" \/>\n<meta property=\"og:description\" content=\"Veuillez mettre \u00e0 jour votre navigateur s&rsquo;il vous plait Malheureusement vous utilisez un vieux navigateur qui n&rsquo;est pas compl\u00e8tement support\u00e9. Pour une exp\u00e9rience compl\u00e8te et s\u00e9curis\u00e9e, veuillez utiliser une version actuelle de : Google Chrome Mozilla Firefox Apple Safari Microsoft Edge Merci Beaucoup!\" \/>\n<meta property=\"og:url\" content=\"https:\/\/acninternational.org\/fr\/le-navigateur-internet-explorer-nest-pas-completement-supporte\/\" \/>\n<meta property=\"og:site_name\" content=\"ACN International\" \/>\n<meta property=\"article:publisher\" content=\"https:\/\/www.facebook.com\/acninternationalorg\" \/>\n<meta property=\"article:modified_time\" content=\"2019-12-02T10:30:26+00:00\" \/>\n<meta property=\"og:image\" content=\"https:\/\/media.acninternational.org\/wp-content\/uploads\/2022\/07\/ACN-20140929-13926-1.jpeg\" \/>\n\t<meta property=\"og:image:width\" content=\"200\" \/>\n\t<meta property=\"og:image:height\" content=\"200\" \/>\n\t<meta property=\"og:image:type\" content=\"image\/jpeg\" \/>\n<meta name=\"twitter:card\" content=\"summary_large_image\" \/>\n<meta name=\"twitter:site\" content=\"@acn_int\" \/>\n<script type=\"application\/ld+json\" class=\"yoast-schema-graph\">{\"@context\":\"https:\\\/\\\/schema.org\",\"@graph\":[{\"@type\":\"WebPage\",\"@id\":\"https:\\\/\\\/acninternational.org\\\/fr\\\/le-navigateur-internet-explorer-nest-pas-completement-supporte\\\/\",\"url\":\"https:\\\/\\\/acninternational.org\\\/fr\\\/le-navigateur-internet-explorer-nest-pas-completement-supporte\\\/\",\"name\":\"Le navigateur Internet Explorer n'est pas compl\u00e8tement support\u00e9 | ACN International\",\"isPartOf\":{\"@id\":\"https:\\\/\\\/acninternational.org\\\/fr\\\/#website\"},\"datePublished\":\"2019-10-30T16:37:30+00:00\",\"dateModified\":\"2019-12-02T10:30:26+00:00\",\"breadcrumb\":{\"@id\":\"https:\\\/\\\/acninternational.org\\\/fr\\\/le-navigateur-internet-explorer-nest-pas-completement-supporte\\\/#breadcrumb\"},\"inLanguage\":\"fr-FR\",\"potentialAction\":[{\"@type\":\"ReadAction\",\"target\":[\"https:\\\/\\\/acninternational.org\\\/fr\\\/le-navigateur-internet-explorer-nest-pas-completement-supporte\\\/\"]}]},{\"@type\":\"BreadcrumbList\",\"@id\":\"https:\\\/\\\/acninternational.org\\\/fr\\\/le-navigateur-internet-explorer-nest-pas-completement-supporte\\\/#breadcrumb\",\"itemListElement\":[{\"@type\":\"ListItem\",\"position\":1,\"name\":\"Home\",\"item\":\"https:\\\/\\\/acninternational.org\\\/fr\\\/\"},{\"@type\":\"ListItem\",\"position\":2,\"name\":\"Le navigateur Internet Explorer n&rsquo;est pas compl\u00e8tement support\u00e9\"}]},{\"@type\":\"WebSite\",\"@id\":\"https:\\\/\\\/acninternational.org\\\/fr\\\/#website\",\"url\":\"https:\\\/\\\/acninternational.org\\\/fr\\\/\",\"name\":\"ACN International\",\"description\":\"\",\"publisher\":{\"@id\":\"https:\\\/\\\/acninternational.org\\\/fr\\\/#organization\"},\"potentialAction\":[{\"@type\":\"SearchAction\",\"target\":{\"@type\":\"EntryPoint\",\"urlTemplate\":\"https:\\\/\\\/acninternational.org\\\/fr\\\/?s={search_term_string}\"},\"query-input\":{\"@type\":\"PropertyValueSpecification\",\"valueRequired\":true,\"valueName\":\"search_term_string\"}}],\"inLanguage\":\"fr-FR\"},{\"@type\":\"Organization\",\"@id\":\"https:\\\/\\\/acninternational.org\\\/fr\\\/#organization\",\"name\":\"Aid to the Church in Need International\",\"url\":\"https:\\\/\\\/acninternational.org\\\/fr\\\/\",\"logo\":{\"@type\":\"ImageObject\",\"inLanguage\":\"fr-FR\",\"@id\":\"https:\\\/\\\/acninternational.org\\\/fr\\\/#\\\/schema\\\/logo\\\/image\\\/\",\"url\":\"https:\\\/\\\/media.acninternational.org\\\/wp-content\\\/uploads\\\/2019\\\/11\\\/acn_logo_blackvector.svg\",\"contentUrl\":\"https:\\\/\\\/media.acninternational.org\\\/wp-content\\\/uploads\\\/2019\\\/11\\\/acn_logo_blackvector.svg\",\"width\":232.6,\"height\":78,\"caption\":\"Aid to the Church in Need International\"},\"image\":{\"@id\":\"https:\\\/\\\/acninternational.org\\\/fr\\\/#\\\/schema\\\/logo\\\/image\\\/\"},\"sameAs\":[\"https:\\\/\\\/www.facebook.com\\\/acninternationalorg\",\"https:\\\/\\\/x.com\\\/acn_int\",\"https:\\\/\\\/www.youtube.com\\\/channel\\\/UCQ-077gS0TnVzkhHmf1opZw\",\"https:\\\/\\\/www.instagram.com\\\/acn_international\\\/\"]}]}<\/script>\n<!-- \/ Yoast SEO Premium plugin. -->","yoast_head_json":{"title":"Le navigateur Internet Explorer n'est pas compl\u00e8tement support\u00e9 | ACN International","robots":{"index":"index","follow":"follow","max-snippet":"max-snippet:-1","max-image-preview":"max-image-preview:large","max-video-preview":"max-video-preview:-1"},"canonical":"https:\/\/acninternational.org\/fr\/le-navigateur-internet-explorer-nest-pas-completement-supporte\/","og_locale":"fr_FR","og_type":"article","og_title":"Le navigateur Internet Explorer n'est pas compl\u00e8tement support\u00e9","og_description":"Veuillez mettre \u00e0 jour votre navigateur s&rsquo;il vous plait Malheureusement vous utilisez un vieux navigateur qui n&rsquo;est pas compl\u00e8tement support\u00e9. Pour une exp\u00e9rience compl\u00e8te et s\u00e9curis\u00e9e, veuillez utiliser une version actuelle de : Google Chrome Mozilla Firefox Apple Safari Microsoft Edge Merci Beaucoup!","og_url":"https:\/\/acninternational.org\/fr\/le-navigateur-internet-explorer-nest-pas-completement-supporte\/","og_site_name":"ACN International","article_publisher":"https:\/\/www.facebook.com\/acninternationalorg","article_modified_time":"2019-12-02T10:30:26+00:00","og_image":[{"width":200,"height":200,"url":"https:\/\/media.acninternational.org\/wp-content\/uploads\/2022\/07\/ACN-20140929-13926-1.jpeg","type":"image\/jpeg"}],"twitter_card":"summary_large_image","twitter_site":"@acn_int","schema":{"@context":"https:\/\/schema.org","@graph":[{"@type":"WebPage","@id":"https:\/\/acninternational.org\/fr\/le-navigateur-internet-explorer-nest-pas-completement-supporte\/","url":"https:\/\/acninternational.org\/fr\/le-navigateur-internet-explorer-nest-pas-completement-supporte\/","name":"Le navigateur Internet Explorer n'est pas compl\u00e8tement support\u00e9 | ACN International","isPartOf":{"@id":"https:\/\/acninternational.org\/fr\/#website"},"datePublished":"2019-10-30T16:37:30+00:00","dateModified":"2019-12-02T10:30:26+00:00","breadcrumb":{"@id":"https:\/\/acninternational.org\/fr\/le-navigateur-internet-explorer-nest-pas-completement-supporte\/#breadcrumb"},"inLanguage":"fr-FR","potentialAction":[{"@type":"ReadAction","target":["https:\/\/acninternational.org\/fr\/le-navigateur-internet-explorer-nest-pas-completement-supporte\/"]}]},{"@type":"BreadcrumbList","@id":"https:\/\/acninternational.org\/fr\/le-navigateur-internet-explorer-nest-pas-completement-supporte\/#breadcrumb","itemListElement":[{"@type":"ListItem","position":1,"name":"Home","item":"https:\/\/acninternational.org\/fr\/"},{"@type":"ListItem","position":2,"name":"Le navigateur Internet Explorer n&rsquo;est pas compl\u00e8tement support\u00e9"}]},{"@type":"WebSite","@id":"https:\/\/acninternational.org\/fr\/#website","url":"https:\/\/acninternational.org\/fr\/","name":"ACN International","description":"","publisher":{"@id":"https:\/\/acninternational.org\/fr\/#organization"},"potentialAction":[{"@type":"SearchAction","target":{"@type":"EntryPoint","urlTemplate":"https:\/\/acninternational.org\/fr\/?s={search_term_string}"},"query-input":{"@type":"PropertyValueSpecification","valueRequired":true,"valueName":"search_term_string"}}],"inLanguage":"fr-FR"},{"@type":"Organization","@id":"https:\/\/acninternational.org\/fr\/#organization","name":"Aid to the Church in Need International","url":"https:\/\/acninternational.org\/fr\/","logo":{"@type":"ImageObject","inLanguage":"fr-FR","@id":"https:\/\/acninternational.org\/fr\/#\/schema\/logo\/image\/","url":"https:\/\/media.acninternational.org\/wp-content\/uploads\/2019\/11\/acn_logo_blackvector.svg","contentUrl":"https:\/\/media.acninternational.org\/wp-content\/uploads\/2019\/11\/acn_logo_blackvector.svg","width":232.6,"height":78,"caption":"Aid to the Church in Need International"},"image":{"@id":"https:\/\/acninternational.org\/fr\/#\/schema\/logo\/image\/"},"sameAs":["https:\/\/www.facebook.com\/acninternationalorg","https:\/\/x.com\/acn_int","https:\/\/www.youtube.com\/channel\/UCQ-077gS0TnVzkhHmf1opZw","https:\/\/www.instagram.com\/acn_international\/"]}]}},"_links":{"self":[{"href":"https:\/\/acninternational.org\/fr\/wp-json\/wp\/v2\/pages\/125840","targetHints":{"allow":["GET"]}}],"collection":[{"href":"https:\/\/acninternational.org\/fr\/wp-json\/wp\/v2\/pages"}],"about":[{"href":"https:\/\/acninternational.org\/fr\/wp-json\/wp\/v2\/types\/page"}],"author":[{"embeddable":true,"href":"https:\/\/acninternational.org\/fr\/wp-json\/wp\/v2\/users\/1"}],"replies":[{"embeddable":true,"href":"https:\/\/acninternational.org\/fr\/wp-json\/wp\/v2\/comments?post=125840"}],"version-history":[{"count":0,"href":"https:\/\/acninternational.org\/fr\/wp-json\/wp\/v2\/pages\/125840\/revisions"}],"wp:attachment":[{"href":"https:\/\/acninternational.org\/fr\/wp-json\/wp\/v2\/media?parent=125840"}],"curies":[{"name":"wp","href":"https:\/\/api.w.org\/{rel}","templated":true}]}}