{"id":125505,"date":"2019-07-30T12:09:43","date_gmt":"2019-07-30T10:09:43","guid":{"rendered":"https:\/\/acninternational.org\/notre-travail\/"},"modified":"2020-02-18T17:50:55","modified_gmt":"2020-02-18T16:50:55","slug":"notre-travail","status":"publish","type":"page","link":"https:\/\/acninternational.org\/fr\/notre-travail\/","title":{"rendered":"Notre Travail"},"content":{"rendered":"<h1>\u00ab Aid to the Church in Need aide les chr\u00e9tiens du monde entier qui sont pers\u00e9cut\u00e9s par la violence et opprim\u00e9s par la terreur. \u00bb<\/h1>\n<p>Thomas Heine-Geldern, Pr\u00e9sident du conseil ex\u00e9cutif<\/p>\n<p>Depuis l\u2019origine, l\u2019\u00c9glise a toujours pris soin de ceux qui sont dans le besoin. En plus de sa mission pastorale, elle parraine des organisations d\u2019aide sociale dans le monde entier et soutient les personnes qui en ont besoin dans les diverses zones de crise.<\/p>\n<p>Mais ce que beaucoup ignorent, c\u2019est que l\u2019\u00c9glise elle-m\u00eame a souvent besoin d\u2019une aide d\u2019urgence, notamment dans les pays en d\u00e9veloppement et dans ceux touch\u00e9s par les d\u00e9placements de population, les pers\u00e9cutions ou les catastrophes. Les chiffres sont \u00e9loquents : aujourd\u2019hui dans le monde, pr\u00e8s de 200 millions de personnes ne peuvent pas pratiquer librement leur foi. Le droit fondamental \u00e0 la libert\u00e9 religieuse n\u2019est pas garanti dans plus de 80 pays du monde.<\/p>\n<blockquote class=\"wp-block-quote blockquote ps-3 py-2\">\n<p>\u00ab Je vous suis tellement reconnaissante pour tout ce que vous faites pour aider notre peuple souffrant. Que le Seigneur vous b\u00e9nisse, ainsi que nos fr\u00e8res et nos soeurs dans le Christ. \u00bb<\/p>\n<\/blockquote>\n<p>Soeur Annie Demerjian, Partenaire de projet, Syrie<\/p>\n<p>De nos jours, des chr\u00e9tiens sont pers\u00e9cut\u00e9s, victimes de discriminations ou opprim\u00e9s dans plus de 40 pays. Dans ces pays, les fid\u00e8les ne peuvent pas prendre en charge par leurs propres ressources les infrastructures de l\u2019Eglise, ou ne le peuvent qu\u2019avec de grandes difficult\u00e9s. Dans beaucoup de ces pays, les dons en argent sont l\u2019unique source de revenus pour l\u2019\u00c9glise.<\/p>\n<p>\u00c0 la diff\u00e9rence de la plupart des organisations caritatives qui s\u2019efforcent de r\u00e9pondre \u00e0 des besoins sociaux, Aid to the Church in Need concentre ses efforts sur le soutien aux \u00c9glises locales, en d\u00e9fendant l\u2019id\u00e9al de la charit\u00e9 chr\u00e9tienne.<\/p>\n<p><img loading=\"lazy\" decoding=\"async\" src=\"https:\/\/media.acninternational.org\/wp-content\/uploads\/2019\/07\/acn-20171009-62411-1322-1.jpg\" alt=\"\" width=\"800\" height=\"323\" \/><\/p>\n<p>Avec des centaines de milliers de donateurs et de partenaires de projet, nous venons en aide aux chr\u00e9tiens du monde entier selon notre mot d\u2019ordre : \u00ab Information, pri\u00e8re et action \u00bb. En outre, nous oeuvrons en faveur de la libert\u00e9 religieuse et de la r\u00e9conciliation entre toutes les religions. Notre longue exp\u00e9rience et notre croyance dans la force de la charit\u00e9 nous encouragent \u00e0 continuer dans cette voie et \u00e0 inspirer les personnes par notre travail dans le monde entier.<\/p>\n<p><a href=\"https:\/\/acninternational.org\/fr\/notre-travail\/nos-domaines-dintervention\/\">Nos domaines d\u2019intervention<\/a><\/p>\n<p><a href=\"https:\/\/acninternational.org\/fr\/task-area\/offrandes-de-messe\/\">Offrandes de messe<\/a><\/p>\n<p><a href=\"https:\/\/acninternational.org\/fr\/task-area\/formation-de-pretres\/\">Formation de pr\u00eatres<\/a><\/p>\n<p><a href=\"https:\/\/acninternational.org\/fr\/task-area\/aide-de-subsistance\/\">Aide de subsistance<\/a><\/p>\n<p><a href=\"https:\/\/acninternational.org\/fr\/task-area\/formation-a-la-foi-des-laics\/\">Formation \u00e0 la foi des la\u00efcs<\/a><\/p>\n<p><a href=\"https:\/\/acninternational.org\/fr\/task-area\/construction\/\">Construction<\/a><\/p>\n<p><a href=\"https:\/\/acninternational.org\/fr\/task-area\/moyens-de-transport\/\">Moyens de transport<\/a><\/p>\n<p><a href=\"https:\/\/acninternational.org\/fr\/task-area\/aide-durgence\/\">Aide d\u2019urgence<\/a><\/p>\n<p><a href=\"https:\/\/acninternational.org\/fr\/task-area\/distribution-de-bibles\/\">Distribution de Bibles<\/a><\/p>\n<p><a href=\"https:\/\/acninternational.org\/fr\/task-area\/plaidoyers\/\">Plaidoyers<\/a><\/p>\n<p><a href=\"https:\/\/acninternational.org\/fr\/task-area\/relations-publiques\/\">Relations publiques<\/a><\/p>\n<p><a href=\"https:\/\/acninternational.org\/fr\/task-area\/support-mediatique\/\">Support m\u00e9diatique<\/a><\/p>\n<p><a href=\"https:\/\/acninternational.org\/fr\/task-area\/youcat\/\">YOUCAT<\/a><\/p>\n<p><a href=\"https:\/\/acninternational.org\/fr\/notre-travail\/nos-domaines-dintervention\/\">Nos domaines d\u2019intervention<\/a><\/p>\n<p><a href=\"https:\/\/acninternational.org\/fr\/regional-activity\/latin-%e2%80%8damerica\/\">Latin \u200dAmerica<\/a><\/p>\n<p><a href=\"https:\/\/acninternational.org\/fr\/regional-activity\/africa\/\">Africa<\/a><\/p>\n<p><a href=\"https:\/\/acninternational.org\/fr\/regional-activity\/middle-east\/\">Middle East<\/a><\/p>\n<p><a href=\"https:\/\/acninternational.org\/fr\/regional-activity\/western-%e2%80%8d-%e2%80%8deastern-%e2%80%8deurope\/\">Western \u200d\/ \u200dEastern \u200dEurope<\/a><\/p>\n<p><a href=\"https:\/\/acninternational.org\/fr\/regional-activity\/asia-%e2%80%8d-%e2%80%8doceania\/\">Asia \u200d\/ \u200dOceania<\/a><\/p>\n\n","protected":false},"excerpt":{"rendered":"<p>\u00ab Aid to the Church in Need aide les chr\u00e9tiens du monde entier qui sont pers\u00e9cut\u00e9s par la violence et opprim\u00e9s par la terreur. \u00bb Thomas Heine-Geldern, Pr\u00e9sident du conseil ex\u00e9cutif Depuis l\u2019origine, l\u2019\u00c9glise a toujours pris soin de ceux qui sont dans le besoin. En plus de sa mission pastorale, elle parraine des organisations [&hellip;]<\/p>\n","protected":false},"author":1,"featured_media":125366,"parent":0,"menu_order":0,"comment_status":"closed","ping_status":"closed","template":"","meta":{"_acf_changed":false,"footnotes":""},"class_list":["post-125505","page","type-page","status-publish","has-post-thumbnail","hentry"],"acf":[],"yoast_head":"<!-- This site is optimized with the Yoast SEO Premium plugin v27.3 (Yoast SEO v27.3) - https:\/\/yoast.com\/product\/yoast-seo-premium-wordpress\/ -->\n<title>Notre Travail | ACN International<\/title>\n<meta name=\"robots\" content=\"index, follow, max-snippet:-1, max-image-preview:large, max-video-preview:-1\" \/>\n<link rel=\"canonical\" href=\"https:\/\/acninternational.org\/fr\/notre-travail\/\" \/>\n<meta property=\"og:locale\" content=\"fr_FR\" \/>\n<meta property=\"og:type\" content=\"article\" \/>\n<meta property=\"og:title\" content=\"Notre Travail\" \/>\n<meta property=\"og:description\" content=\"\u00ab Aid to the Church in Need aide les chr\u00e9tiens du monde entier qui sont pers\u00e9cut\u00e9s par la violence et opprim\u00e9s par la terreur. \u00bb Thomas Heine-Geldern, Pr\u00e9sident du conseil ex\u00e9cutif Depuis l\u2019origine, l\u2019\u00c9glise a toujours pris soin de ceux qui sont dans le besoin. En plus de sa mission pastorale, elle parraine des organisations [&hellip;]\" \/>\n<meta property=\"og:url\" content=\"https:\/\/acninternational.org\/fr\/notre-travail\/\" \/>\n<meta property=\"og:site_name\" content=\"ACN International\" \/>\n<meta property=\"article:publisher\" content=\"https:\/\/www.facebook.com\/acninternationalorg\" \/>\n<meta property=\"article:modified_time\" content=\"2020-02-18T16:50:55+00:00\" \/>\n<meta property=\"og:image\" content=\"https:\/\/media.acninternational.org\/wp-content\/uploads\/2019\/07\/acn-20180910-76304-2000.jpg\" \/>\n\t<meta property=\"og:image:width\" content=\"2000\" \/>\n\t<meta property=\"og:image:height\" content=\"625\" \/>\n\t<meta property=\"og:image:type\" content=\"image\/jpeg\" \/>\n<meta name=\"twitter:card\" content=\"summary_large_image\" \/>\n<meta name=\"twitter:site\" content=\"@acn_int\" \/>\n<meta name=\"twitter:label1\" content=\"Dur\u00e9e de lecture estim\u00e9e\" \/>\n\t<meta name=\"twitter:data1\" content=\"2 minutes\" \/>\n<script type=\"application\/ld+json\" class=\"yoast-schema-graph\">{\"@context\":\"https:\\\/\\\/schema.org\",\"@graph\":[{\"@type\":\"WebPage\",\"@id\":\"https:\\\/\\\/acninternational.org\\\/fr\\\/notre-travail\\\/\",\"url\":\"https:\\\/\\\/acninternational.org\\\/fr\\\/notre-travail\\\/\",\"name\":\"Notre Travail | ACN International\",\"isPartOf\":{\"@id\":\"https:\\\/\\\/acninternational.org\\\/fr\\\/#website\"},\"primaryImageOfPage\":{\"@id\":\"https:\\\/\\\/acninternational.org\\\/fr\\\/notre-travail\\\/#primaryimage\"},\"image\":{\"@id\":\"https:\\\/\\\/acninternational.org\\\/fr\\\/notre-travail\\\/#primaryimage\"},\"thumbnailUrl\":\"https:\\\/\\\/media.acninternational.org\\\/wp-content\\\/uploads\\\/2019\\\/07\\\/acn-20180910-76304-2000.jpg\",\"datePublished\":\"2019-07-30T10:09:43+00:00\",\"dateModified\":\"2020-02-18T16:50:55+00:00\",\"breadcrumb\":{\"@id\":\"https:\\\/\\\/acninternational.org\\\/fr\\\/notre-travail\\\/#breadcrumb\"},\"inLanguage\":\"fr-FR\",\"potentialAction\":[{\"@type\":\"ReadAction\",\"target\":[\"https:\\\/\\\/acninternational.org\\\/fr\\\/notre-travail\\\/\"]}]},{\"@type\":\"ImageObject\",\"inLanguage\":\"fr-FR\",\"@id\":\"https:\\\/\\\/acninternational.org\\\/fr\\\/notre-travail\\\/#primaryimage\",\"url\":\"https:\\\/\\\/media.acninternational.org\\\/wp-content\\\/uploads\\\/2019\\\/07\\\/acn-20180910-76304-2000.jpg\",\"contentUrl\":\"https:\\\/\\\/media.acninternational.org\\\/wp-content\\\/uploads\\\/2019\\\/07\\\/acn-20180910-76304-2000.jpg\",\"width\":2000,\"height\":625},{\"@type\":\"BreadcrumbList\",\"@id\":\"https:\\\/\\\/acninternational.org\\\/fr\\\/notre-travail\\\/#breadcrumb\",\"itemListElement\":[{\"@type\":\"ListItem\",\"position\":1,\"name\":\"Home\",\"item\":\"https:\\\/\\\/acninternational.org\\\/fr\\\/\"},{\"@type\":\"ListItem\",\"position\":2,\"name\":\"Notre Travail\"}]},{\"@type\":\"WebSite\",\"@id\":\"https:\\\/\\\/acninternational.org\\\/fr\\\/#website\",\"url\":\"https:\\\/\\\/acninternational.org\\\/fr\\\/\",\"name\":\"ACN International\",\"description\":\"\",\"publisher\":{\"@id\":\"https:\\\/\\\/acninternational.org\\\/fr\\\/#organization\"},\"potentialAction\":[{\"@type\":\"SearchAction\",\"target\":{\"@type\":\"EntryPoint\",\"urlTemplate\":\"https:\\\/\\\/acninternational.org\\\/fr\\\/?s={search_term_string}\"},\"query-input\":{\"@type\":\"PropertyValueSpecification\",\"valueRequired\":true,\"valueName\":\"search_term_string\"}}],\"inLanguage\":\"fr-FR\"},{\"@type\":\"Organization\",\"@id\":\"https:\\\/\\\/acninternational.org\\\/fr\\\/#organization\",\"name\":\"Aid to the Church in Need International\",\"url\":\"https:\\\/\\\/acninternational.org\\\/fr\\\/\",\"logo\":{\"@type\":\"ImageObject\",\"inLanguage\":\"fr-FR\",\"@id\":\"https:\\\/\\\/acninternational.org\\\/fr\\\/#\\\/schema\\\/logo\\\/image\\\/\",\"url\":\"https:\\\/\\\/media.acninternational.org\\\/wp-content\\\/uploads\\\/2019\\\/11\\\/acn_logo_blackvector.svg\",\"contentUrl\":\"https:\\\/\\\/media.acninternational.org\\\/wp-content\\\/uploads\\\/2019\\\/11\\\/acn_logo_blackvector.svg\",\"width\":232.6,\"height\":78,\"caption\":\"Aid to the Church in Need International\"},\"image\":{\"@id\":\"https:\\\/\\\/acninternational.org\\\/fr\\\/#\\\/schema\\\/logo\\\/image\\\/\"},\"sameAs\":[\"https:\\\/\\\/www.facebook.com\\\/acninternationalorg\",\"https:\\\/\\\/x.com\\\/acn_int\",\"https:\\\/\\\/www.youtube.com\\\/channel\\\/UCQ-077gS0TnVzkhHmf1opZw\",\"https:\\\/\\\/www.instagram.com\\\/acn_international\\\/\"]}]}<\/script>\n<!-- \/ Yoast SEO Premium plugin. -->","yoast_head_json":{"title":"Notre Travail | ACN International","robots":{"index":"index","follow":"follow","max-snippet":"max-snippet:-1","max-image-preview":"max-image-preview:large","max-video-preview":"max-video-preview:-1"},"canonical":"https:\/\/acninternational.org\/fr\/notre-travail\/","og_locale":"fr_FR","og_type":"article","og_title":"Notre Travail","og_description":"\u00ab Aid to the Church in Need aide les chr\u00e9tiens du monde entier qui sont pers\u00e9cut\u00e9s par la violence et opprim\u00e9s par la terreur. \u00bb Thomas Heine-Geldern, Pr\u00e9sident du conseil ex\u00e9cutif Depuis l\u2019origine, l\u2019\u00c9glise a toujours pris soin de ceux qui sont dans le besoin. En plus de sa mission pastorale, elle parraine des organisations [&hellip;]","og_url":"https:\/\/acninternational.org\/fr\/notre-travail\/","og_site_name":"ACN International","article_publisher":"https:\/\/www.facebook.com\/acninternationalorg","article_modified_time":"2020-02-18T16:50:55+00:00","og_image":[{"width":2000,"height":625,"url":"https:\/\/media.acninternational.org\/wp-content\/uploads\/2019\/07\/acn-20180910-76304-2000.jpg","type":"image\/jpeg"}],"twitter_card":"summary_large_image","twitter_site":"@acn_int","twitter_misc":{"Dur\u00e9e de lecture estim\u00e9e":"2 minutes"},"schema":{"@context":"https:\/\/schema.org","@graph":[{"@type":"WebPage","@id":"https:\/\/acninternational.org\/fr\/notre-travail\/","url":"https:\/\/acninternational.org\/fr\/notre-travail\/","name":"Notre Travail | ACN International","isPartOf":{"@id":"https:\/\/acninternational.org\/fr\/#website"},"primaryImageOfPage":{"@id":"https:\/\/acninternational.org\/fr\/notre-travail\/#primaryimage"},"image":{"@id":"https:\/\/acninternational.org\/fr\/notre-travail\/#primaryimage"},"thumbnailUrl":"https:\/\/media.acninternational.org\/wp-content\/uploads\/2019\/07\/acn-20180910-76304-2000.jpg","datePublished":"2019-07-30T10:09:43+00:00","dateModified":"2020-02-18T16:50:55+00:00","breadcrumb":{"@id":"https:\/\/acninternational.org\/fr\/notre-travail\/#breadcrumb"},"inLanguage":"fr-FR","potentialAction":[{"@type":"ReadAction","target":["https:\/\/acninternational.org\/fr\/notre-travail\/"]}]},{"@type":"ImageObject","inLanguage":"fr-FR","@id":"https:\/\/acninternational.org\/fr\/notre-travail\/#primaryimage","url":"https:\/\/media.acninternational.org\/wp-content\/uploads\/2019\/07\/acn-20180910-76304-2000.jpg","contentUrl":"https:\/\/media.acninternational.org\/wp-content\/uploads\/2019\/07\/acn-20180910-76304-2000.jpg","width":2000,"height":625},{"@type":"BreadcrumbList","@id":"https:\/\/acninternational.org\/fr\/notre-travail\/#breadcrumb","itemListElement":[{"@type":"ListItem","position":1,"name":"Home","item":"https:\/\/acninternational.org\/fr\/"},{"@type":"ListItem","position":2,"name":"Notre Travail"}]},{"@type":"WebSite","@id":"https:\/\/acninternational.org\/fr\/#website","url":"https:\/\/acninternational.org\/fr\/","name":"ACN International","description":"","publisher":{"@id":"https:\/\/acninternational.org\/fr\/#organization"},"potentialAction":[{"@type":"SearchAction","target":{"@type":"EntryPoint","urlTemplate":"https:\/\/acninternational.org\/fr\/?s={search_term_string}"},"query-input":{"@type":"PropertyValueSpecification","valueRequired":true,"valueName":"search_term_string"}}],"inLanguage":"fr-FR"},{"@type":"Organization","@id":"https:\/\/acninternational.org\/fr\/#organization","name":"Aid to the Church in Need International","url":"https:\/\/acninternational.org\/fr\/","logo":{"@type":"ImageObject","inLanguage":"fr-FR","@id":"https:\/\/acninternational.org\/fr\/#\/schema\/logo\/image\/","url":"https:\/\/media.acninternational.org\/wp-content\/uploads\/2019\/11\/acn_logo_blackvector.svg","contentUrl":"https:\/\/media.acninternational.org\/wp-content\/uploads\/2019\/11\/acn_logo_blackvector.svg","width":232.6,"height":78,"caption":"Aid to the Church in Need International"},"image":{"@id":"https:\/\/acninternational.org\/fr\/#\/schema\/logo\/image\/"},"sameAs":["https:\/\/www.facebook.com\/acninternationalorg","https:\/\/x.com\/acn_int","https:\/\/www.youtube.com\/channel\/UCQ-077gS0TnVzkhHmf1opZw","https:\/\/www.instagram.com\/acn_international\/"]}]}},"_links":{"self":[{"href":"https:\/\/acninternational.org\/fr\/wp-json\/wp\/v2\/pages\/125505","targetHints":{"allow":["GET"]}}],"collection":[{"href":"https:\/\/acninternational.org\/fr\/wp-json\/wp\/v2\/pages"}],"about":[{"href":"https:\/\/acninternational.org\/fr\/wp-json\/wp\/v2\/types\/page"}],"author":[{"embeddable":true,"href":"https:\/\/acninternational.org\/fr\/wp-json\/wp\/v2\/users\/1"}],"replies":[{"embeddable":true,"href":"https:\/\/acninternational.org\/fr\/wp-json\/wp\/v2\/comments?post=125505"}],"version-history":[{"count":0,"href":"https:\/\/acninternational.org\/fr\/wp-json\/wp\/v2\/pages\/125505\/revisions"}],"wp:featuredmedia":[{"embeddable":true,"href":"https:\/\/acninternational.org\/fr\/wp-json\/wp\/v2\/media\/125366"}],"wp:attachment":[{"href":"https:\/\/acninternational.org\/fr\/wp-json\/wp\/v2\/media?parent=125505"}],"curies":[{"name":"wp","href":"https:\/\/api.w.org\/{rel}","templated":true}]}}