{"id":125474,"date":"2019-09-19T07:44:27","date_gmt":"2019-09-19T05:44:27","guid":{"rendered":"https:\/\/acninternational.org\/faire-un-don\/"},"modified":"2020-12-23T17:18:04","modified_gmt":"2020-12-23T16:18:04","slug":"faire-un-don","status":"publish","type":"page","link":"https:\/\/acninternational.org\/fr\/faire-un-don\/","title":{"rendered":"Faire un Don"},"content":{"rendered":"<h1>\u00bb S&rsquo;il vous plait, soutenez notre Eglise en D\u00e9tresse ! \u00ab<\/h1>\n<p><strong>1.<\/strong>\u00a0 \u00a0Pour soutenir l&rsquo;Aide \u00e0 l&rsquo;Eglise en D\u00e9tresse, veuillez, s&rsquo;il vous pla\u00eet, utiliser les cases et selectionnez un montant ains qu&rsquo;une fr\u00e9quence de don avant de cliquer sur \u00ab\u00a0Donner\u00a0\u00bb.<\/p>\n<p><strong>2.\u00a0 \u00a0<\/strong>Sur la page suivante, il vous sera demand\u00e9 d&rsquo;entrer votre nom, adresse e-mail, num\u00e9ro de t\u00e9l\u00e9phone et votre pays de r\u00e9sidence. S&rsquo;il vous pla\u00eet, confirmez que vous avez lu les Termes et conditions avant d&rsquo;appuyer sur \u00ab\u00a0Suivant\u00a0\u00bb.<\/p>\n<p><strong>3.\u00a0 \u00a0<\/strong>Veuillez entrer, s&rsquo;il vous pla\u00eet, votre num\u00e9ro de carte banquaire, sa date d&rsquo;expiration et les trois chiffres de s\u00e9cutit\u00e9 au dos de votre carte pour terminer votre don. Apr\u00e8s votre don, un re\u00e7u vous sera rapidement envoy\u00e9 par e-mail. Nous vous remercions au nom de l&rsquo;Eglise en D\u00e9tresse \u00e0 travers le monde pour votre soutien.<\/p>\n<p><strong>4.\u00a0 \u00a0<\/strong>Votre don a \u00e9t\u00e9 effectu\u00e9 \u00e0 ACN Aid to The Church in Need gGmgH, un organisme \u00e0 but non lucratif officiellement enregistr\u00e9 en Allemagne et v\u00e9rif\u00ede \u00e0 l&rsquo;international par KPMG.<\/p>\n<p>Si vous avez des questions \u00e0 propos de votre don veuillez nous contacter par e-mail : info@acninternational.org ou par t\u00e9l\u00e9phone au +49-6174-291-0<\/p>\n<p>\t\t\t<iframe loading=\"lazy\" allowpaymentrequest=\"\" frameborder=\"0\" height=\"900px\" name=\"donorbox\" scrolling=\"no\" seamless=\"seamless\" src=\"https:\/\/donorbox.org\/embed\/acn-international-homepage\" style=\"max-width: 500px; min-width: 250px; max-height:none!important\" width=\"100%\"><\/iframe><\/p>\n","protected":false},"excerpt":{"rendered":"<p>\u00bb S&rsquo;il vous plait, soutenez notre Eglise en D\u00e9tresse ! \u00ab 1.\u00a0 \u00a0Pour soutenir l&rsquo;Aide \u00e0 l&rsquo;Eglise en D\u00e9tresse, veuillez, s&rsquo;il vous pla\u00eet, utiliser les cases et selectionnez un montant ains qu&rsquo;une fr\u00e9quence de don avant de cliquer sur \u00ab\u00a0Donner\u00a0\u00bb. 2.\u00a0 \u00a0Sur la page suivante, il vous sera demand\u00e9 d&rsquo;entrer votre nom, adresse e-mail, num\u00e9ro [&hellip;]<\/p>\n","protected":false},"author":1,"featured_media":125319,"parent":0,"menu_order":0,"comment_status":"closed","ping_status":"closed","template":"page_general.php","meta":{"_acf_changed":false,"footnotes":""},"class_list":["post-125474","page","type-page","status-publish","has-post-thumbnail","hentry"],"acf":[],"yoast_head":"<!-- This site is optimized with the Yoast SEO Premium plugin v27.3 (Yoast SEO v27.3) - https:\/\/yoast.com\/product\/yoast-seo-premium-wordpress\/ -->\n<title>Faire un Don | ACN International<\/title>\n<meta name=\"robots\" content=\"index, follow, max-snippet:-1, max-image-preview:large, max-video-preview:-1\" \/>\n<link rel=\"canonical\" href=\"https:\/\/acninternational.org\/fr\/faire-un-don\/\" \/>\n<meta property=\"og:locale\" content=\"fr_FR\" \/>\n<meta property=\"og:type\" content=\"article\" \/>\n<meta property=\"og:title\" content=\"Faire un Don\" \/>\n<meta property=\"og:description\" content=\"\u00bb S&rsquo;il vous plait, soutenez notre Eglise en D\u00e9tresse ! \u00ab 1.\u00a0 \u00a0Pour soutenir l&rsquo;Aide \u00e0 l&rsquo;Eglise en D\u00e9tresse, veuillez, s&rsquo;il vous pla\u00eet, utiliser les cases et selectionnez un montant ains qu&rsquo;une fr\u00e9quence de don avant de cliquer sur \u00ab\u00a0Donner\u00a0\u00bb. 2.\u00a0 \u00a0Sur la page suivante, il vous sera demand\u00e9 d&rsquo;entrer votre nom, adresse e-mail, num\u00e9ro [&hellip;]\" \/>\n<meta property=\"og:url\" content=\"https:\/\/acninternational.org\/fr\/faire-un-don\/\" \/>\n<meta property=\"og:site_name\" content=\"ACN International\" \/>\n<meta property=\"article:publisher\" content=\"https:\/\/www.facebook.com\/acninternationalorg\" \/>\n<meta property=\"article:modified_time\" content=\"2020-12-23T16:18:04+00:00\" \/>\n<meta property=\"og:image\" content=\"https:\/\/media.acninternational.org\/wp-content\/uploads\/2019\/09\/acn-20170111-49902-2-4000.jpg\" \/>\n\t<meta property=\"og:image:width\" content=\"2000\" \/>\n\t<meta property=\"og:image:height\" content=\"625\" \/>\n\t<meta property=\"og:image:type\" content=\"image\/jpeg\" \/>\n<meta name=\"twitter:card\" content=\"summary_large_image\" \/>\n<meta name=\"twitter:site\" content=\"@acn_int\" \/>\n<meta name=\"twitter:label1\" content=\"Dur\u00e9e de lecture estim\u00e9e\" \/>\n\t<meta name=\"twitter:data1\" content=\"1 minute\" \/>\n<script type=\"application\/ld+json\" class=\"yoast-schema-graph\">{\"@context\":\"https:\\\/\\\/schema.org\",\"@graph\":[{\"@type\":\"WebPage\",\"@id\":\"https:\\\/\\\/acninternational.org\\\/fr\\\/faire-un-don\\\/\",\"url\":\"https:\\\/\\\/acninternational.org\\\/fr\\\/faire-un-don\\\/\",\"name\":\"Faire un Don | ACN International\",\"isPartOf\":{\"@id\":\"https:\\\/\\\/acninternational.org\\\/fr\\\/#website\"},\"primaryImageOfPage\":{\"@id\":\"https:\\\/\\\/acninternational.org\\\/fr\\\/faire-un-don\\\/#primaryimage\"},\"image\":{\"@id\":\"https:\\\/\\\/acninternational.org\\\/fr\\\/faire-un-don\\\/#primaryimage\"},\"thumbnailUrl\":\"https:\\\/\\\/media.acninternational.org\\\/wp-content\\\/uploads\\\/2019\\\/09\\\/acn-20170111-49902-2-4000.jpg\",\"datePublished\":\"2019-09-19T05:44:27+00:00\",\"dateModified\":\"2020-12-23T16:18:04+00:00\",\"breadcrumb\":{\"@id\":\"https:\\\/\\\/acninternational.org\\\/fr\\\/faire-un-don\\\/#breadcrumb\"},\"inLanguage\":\"fr-FR\",\"potentialAction\":[{\"@type\":\"ReadAction\",\"target\":[\"https:\\\/\\\/acninternational.org\\\/fr\\\/faire-un-don\\\/\"]}]},{\"@type\":\"ImageObject\",\"inLanguage\":\"fr-FR\",\"@id\":\"https:\\\/\\\/acninternational.org\\\/fr\\\/faire-un-don\\\/#primaryimage\",\"url\":\"https:\\\/\\\/media.acninternational.org\\\/wp-content\\\/uploads\\\/2019\\\/09\\\/acn-20170111-49902-2-4000.jpg\",\"contentUrl\":\"https:\\\/\\\/media.acninternational.org\\\/wp-content\\\/uploads\\\/2019\\\/09\\\/acn-20170111-49902-2-4000.jpg\",\"width\":2000,\"height\":625},{\"@type\":\"BreadcrumbList\",\"@id\":\"https:\\\/\\\/acninternational.org\\\/fr\\\/faire-un-don\\\/#breadcrumb\",\"itemListElement\":[{\"@type\":\"ListItem\",\"position\":1,\"name\":\"Home\",\"item\":\"https:\\\/\\\/acninternational.org\\\/fr\\\/\"},{\"@type\":\"ListItem\",\"position\":2,\"name\":\"Faire un Don\"}]},{\"@type\":\"WebSite\",\"@id\":\"https:\\\/\\\/acninternational.org\\\/fr\\\/#website\",\"url\":\"https:\\\/\\\/acninternational.org\\\/fr\\\/\",\"name\":\"ACN International\",\"description\":\"\",\"publisher\":{\"@id\":\"https:\\\/\\\/acninternational.org\\\/fr\\\/#organization\"},\"potentialAction\":[{\"@type\":\"SearchAction\",\"target\":{\"@type\":\"EntryPoint\",\"urlTemplate\":\"https:\\\/\\\/acninternational.org\\\/fr\\\/?s={search_term_string}\"},\"query-input\":{\"@type\":\"PropertyValueSpecification\",\"valueRequired\":true,\"valueName\":\"search_term_string\"}}],\"inLanguage\":\"fr-FR\"},{\"@type\":\"Organization\",\"@id\":\"https:\\\/\\\/acninternational.org\\\/fr\\\/#organization\",\"name\":\"Aid to the Church in Need International\",\"url\":\"https:\\\/\\\/acninternational.org\\\/fr\\\/\",\"logo\":{\"@type\":\"ImageObject\",\"inLanguage\":\"fr-FR\",\"@id\":\"https:\\\/\\\/acninternational.org\\\/fr\\\/#\\\/schema\\\/logo\\\/image\\\/\",\"url\":\"https:\\\/\\\/media.acninternational.org\\\/wp-content\\\/uploads\\\/2019\\\/11\\\/acn_logo_blackvector.svg\",\"contentUrl\":\"https:\\\/\\\/media.acninternational.org\\\/wp-content\\\/uploads\\\/2019\\\/11\\\/acn_logo_blackvector.svg\",\"width\":232.6,\"height\":78,\"caption\":\"Aid to the Church in Need International\"},\"image\":{\"@id\":\"https:\\\/\\\/acninternational.org\\\/fr\\\/#\\\/schema\\\/logo\\\/image\\\/\"},\"sameAs\":[\"https:\\\/\\\/www.facebook.com\\\/acninternationalorg\",\"https:\\\/\\\/x.com\\\/acn_int\",\"https:\\\/\\\/www.youtube.com\\\/channel\\\/UCQ-077gS0TnVzkhHmf1opZw\",\"https:\\\/\\\/www.instagram.com\\\/acn_international\\\/\"]}]}<\/script>\n<!-- \/ Yoast SEO Premium plugin. -->","yoast_head_json":{"title":"Faire un Don | ACN International","robots":{"index":"index","follow":"follow","max-snippet":"max-snippet:-1","max-image-preview":"max-image-preview:large","max-video-preview":"max-video-preview:-1"},"canonical":"https:\/\/acninternational.org\/fr\/faire-un-don\/","og_locale":"fr_FR","og_type":"article","og_title":"Faire un Don","og_description":"\u00bb S&rsquo;il vous plait, soutenez notre Eglise en D\u00e9tresse ! \u00ab 1.\u00a0 \u00a0Pour soutenir l&rsquo;Aide \u00e0 l&rsquo;Eglise en D\u00e9tresse, veuillez, s&rsquo;il vous pla\u00eet, utiliser les cases et selectionnez un montant ains qu&rsquo;une fr\u00e9quence de don avant de cliquer sur \u00ab\u00a0Donner\u00a0\u00bb. 2.\u00a0 \u00a0Sur la page suivante, il vous sera demand\u00e9 d&rsquo;entrer votre nom, adresse e-mail, num\u00e9ro [&hellip;]","og_url":"https:\/\/acninternational.org\/fr\/faire-un-don\/","og_site_name":"ACN International","article_publisher":"https:\/\/www.facebook.com\/acninternationalorg","article_modified_time":"2020-12-23T16:18:04+00:00","og_image":[{"width":2000,"height":625,"url":"https:\/\/media.acninternational.org\/wp-content\/uploads\/2019\/09\/acn-20170111-49902-2-4000.jpg","type":"image\/jpeg"}],"twitter_card":"summary_large_image","twitter_site":"@acn_int","twitter_misc":{"Dur\u00e9e de lecture estim\u00e9e":"1 minute"},"schema":{"@context":"https:\/\/schema.org","@graph":[{"@type":"WebPage","@id":"https:\/\/acninternational.org\/fr\/faire-un-don\/","url":"https:\/\/acninternational.org\/fr\/faire-un-don\/","name":"Faire un Don | ACN International","isPartOf":{"@id":"https:\/\/acninternational.org\/fr\/#website"},"primaryImageOfPage":{"@id":"https:\/\/acninternational.org\/fr\/faire-un-don\/#primaryimage"},"image":{"@id":"https:\/\/acninternational.org\/fr\/faire-un-don\/#primaryimage"},"thumbnailUrl":"https:\/\/media.acninternational.org\/wp-content\/uploads\/2019\/09\/acn-20170111-49902-2-4000.jpg","datePublished":"2019-09-19T05:44:27+00:00","dateModified":"2020-12-23T16:18:04+00:00","breadcrumb":{"@id":"https:\/\/acninternational.org\/fr\/faire-un-don\/#breadcrumb"},"inLanguage":"fr-FR","potentialAction":[{"@type":"ReadAction","target":["https:\/\/acninternational.org\/fr\/faire-un-don\/"]}]},{"@type":"ImageObject","inLanguage":"fr-FR","@id":"https:\/\/acninternational.org\/fr\/faire-un-don\/#primaryimage","url":"https:\/\/media.acninternational.org\/wp-content\/uploads\/2019\/09\/acn-20170111-49902-2-4000.jpg","contentUrl":"https:\/\/media.acninternational.org\/wp-content\/uploads\/2019\/09\/acn-20170111-49902-2-4000.jpg","width":2000,"height":625},{"@type":"BreadcrumbList","@id":"https:\/\/acninternational.org\/fr\/faire-un-don\/#breadcrumb","itemListElement":[{"@type":"ListItem","position":1,"name":"Home","item":"https:\/\/acninternational.org\/fr\/"},{"@type":"ListItem","position":2,"name":"Faire un Don"}]},{"@type":"WebSite","@id":"https:\/\/acninternational.org\/fr\/#website","url":"https:\/\/acninternational.org\/fr\/","name":"ACN International","description":"","publisher":{"@id":"https:\/\/acninternational.org\/fr\/#organization"},"potentialAction":[{"@type":"SearchAction","target":{"@type":"EntryPoint","urlTemplate":"https:\/\/acninternational.org\/fr\/?s={search_term_string}"},"query-input":{"@type":"PropertyValueSpecification","valueRequired":true,"valueName":"search_term_string"}}],"inLanguage":"fr-FR"},{"@type":"Organization","@id":"https:\/\/acninternational.org\/fr\/#organization","name":"Aid to the Church in Need International","url":"https:\/\/acninternational.org\/fr\/","logo":{"@type":"ImageObject","inLanguage":"fr-FR","@id":"https:\/\/acninternational.org\/fr\/#\/schema\/logo\/image\/","url":"https:\/\/media.acninternational.org\/wp-content\/uploads\/2019\/11\/acn_logo_blackvector.svg","contentUrl":"https:\/\/media.acninternational.org\/wp-content\/uploads\/2019\/11\/acn_logo_blackvector.svg","width":232.6,"height":78,"caption":"Aid to the Church in Need International"},"image":{"@id":"https:\/\/acninternational.org\/fr\/#\/schema\/logo\/image\/"},"sameAs":["https:\/\/www.facebook.com\/acninternationalorg","https:\/\/x.com\/acn_int","https:\/\/www.youtube.com\/channel\/UCQ-077gS0TnVzkhHmf1opZw","https:\/\/www.instagram.com\/acn_international\/"]}]}},"_links":{"self":[{"href":"https:\/\/acninternational.org\/fr\/wp-json\/wp\/v2\/pages\/125474","targetHints":{"allow":["GET"]}}],"collection":[{"href":"https:\/\/acninternational.org\/fr\/wp-json\/wp\/v2\/pages"}],"about":[{"href":"https:\/\/acninternational.org\/fr\/wp-json\/wp\/v2\/types\/page"}],"author":[{"embeddable":true,"href":"https:\/\/acninternational.org\/fr\/wp-json\/wp\/v2\/users\/1"}],"replies":[{"embeddable":true,"href":"https:\/\/acninternational.org\/fr\/wp-json\/wp\/v2\/comments?post=125474"}],"version-history":[{"count":0,"href":"https:\/\/acninternational.org\/fr\/wp-json\/wp\/v2\/pages\/125474\/revisions"}],"wp:featuredmedia":[{"embeddable":true,"href":"https:\/\/acninternational.org\/fr\/wp-json\/wp\/v2\/media\/125319"}],"wp:attachment":[{"href":"https:\/\/acninternational.org\/fr\/wp-json\/wp\/v2\/media?parent=125474"}],"curies":[{"name":"wp","href":"https:\/\/api.w.org\/{rel}","templated":true}]}}