{"id":124075,"date":"2019-10-14T15:30:45","date_gmt":"2019-10-14T13:30:45","guid":{"rendered":"https:\/\/acninternational.org\/acn-rapport-dactivites\/"},"modified":"2019-12-16T15:38:17","modified_gmt":"2019-12-16T14:38:17","slug":"acn-rapport-dactivites","status":"publish","type":"page","link":"https:\/\/acninternational.org\/fr\/acn-rapport-dactivites\/","title":{"rendered":"ACN Rapport d\u2019activit\u00e9s"},"content":{"rendered":"<h1>\u00ab La charit\u00e9 avec comp\u00e9tence et transparence. \u00bb<\/h1>\n<p>Regina Lynch, Directrice des projets<\/p>\n<p>Il existe de nombreuses organisations caritatives qui viennent en aide a ceux qui sont dans le besoin. Qu\u2019est-ce qui distingue Aid to the Church in Need de toutes ces organisations ? Nous sommes la seule organisation internationale catholique qui donne la priorit\u00e9 a l\u2019accompagnement pastoral et spirituel des chr\u00e9tiens pers\u00e9cut\u00e9s ou en difficult\u00e9.<\/p>\n<p><img loading=\"lazy\" decoding=\"async\" src=\"https:\/\/media.acninternational.org\/wp-content\/uploads\/2019\/10\/acn-20141128-16766_v1-purpur_web-661.jpg\" alt=\"\" width=\"661\" height=\"380\" \/><\/p>\n<p>Depuis que nous sommes pass\u00e9s sous l\u2019\u00e9gide du Vatican, notre Secr\u00e9tariat g\u00e9n\u00e9ral en Allemagne et nos 23 bureaux nationaux ont r\u00e9ussi \u00e0 construire un r\u00e9seau unique en son genre entre donateurs et personnes dans le besoin.<\/p>\n<blockquote class=\"wp-block-quote blockquote ps-3 py-2\"><p>\u00abChaque ann\u00e9e, nous examinons plus de 7 500 demandes d\u2019aide venant de 139 pays \u00bb<\/p><\/blockquote>\n<p>Gr\u00e2ce a sa structure internationale, Aid to the Church in Need est en mesure d\u2019identifier rapidement les besoins et d\u2019y r\u00e9pondre promptement au moyen d\u2019un projet d\u2019aide. Et cela, en s\u2019appuyant sur une organisation efficace qui r\u00e9duit au minimum la bureaucratie, tout en v\u00e9rifiant m\u00e9ticuleusement et en approuvant les projets pour nos partenaires de projets.<\/p>\n<p>Notre Secr\u00e9tariat g\u00e9n\u00e9ral soutient les efforts de collecte de fonds des bureaux nationaux et passe en revue chaque ann\u00e9e pr\u00e8s de 7 500 demandes d\u2019aide provenant du monde entier qui, apr\u00e8s examen, sont soit approuv\u00e9es, soit rejet\u00e9es par l\u2019organe de d\u00e9cision. Notre si\u00e8ge principal maintient le contact avec nos partenaires de projets dans 139 pays, en garantissant l\u2019utilisation correcte des dons.<\/p>\n<p><img loading=\"lazy\" decoding=\"async\" src=\"https:\/\/media.acninternational.org\/wp-content\/uploads\/2019\/10\/acn-20180913-76565_web-661.jpg\" alt=\"\" width=\"661\" height=\"380\" \/><\/p>\n<p>Par le biais de nos bureaux nationaux, nous restons en contact \u00e9troit avec nos donateurs. Le travail de communication de nos bureaux assure un haut niveau de transparence concernant le contenu des projets et l\u2019utilisation concr\u00e8te des dons, en \u00e9tablissant ainsi un pont entre partenaires de projets et donateurs.<\/p>\n<p>En plus, nos d\u00e9penses et revenus sont v\u00e9rifi\u00e9s annuellement par des experts-comptables agr\u00e9\u00e9s, la confiance de nos binefaiteurs est la base de notre succ\u00e8s.<\/p>\n<p><img loading=\"lazy\" decoding=\"async\" src=\"https:\/\/media.acninternational.org\/wp-content\/uploads\/2019\/10\/activity-report-book1.jpg\" alt=\"\" width=\"900\" height=\"463\" \/><br \/>\nLe rapport d&rsquo;activit\u00e9 annuel d&rsquo;ACN donne un aper\u00e7u global et concret sur les objectifs de notre travail, les caract\u00e9ristiques r\u00e9gonale des projets que nous supportons et de l&rsquo;usage des fonds.<\/p>\n<p><a href=\"https:\/\/reports.acninternational.org\/\" target=\"_blank\" rel=\"noopener noreferrer\">https:\/\/reports.acninternational.org\/<\/a> donne un aper\u00e7u rapide et concret &#8211; la version compl\u00e8te du Rapport d&rsquo;activit\u00e9 actuel d&rsquo;ACN peut y \u00eatre t\u00e9l\u00e9charg\u00e9e sus fichier pdf.<\/p>\n<div class=\"sidebar_links acn_links\"><ul><li><a href=\"https:\/\/acninternational.org\/fr\/travaux\/rapport-sur-la-liberte-religieuse\/\">Rapport sur la libert\u00e9 religieuse<\/a><\/li><li><a href=\"https:\/\/acninternational.org\/fr\/travaux\/persecutes-et-oublies\/\">Persecut\u00e9s et Oubli\u00e9s ?<\/a><\/li><\/ul><\/div>\n<p>T\u00e9l\u00e9charger le rapport d&rsquo;activit\u00e9:<\/p>\n","protected":false},"excerpt":{"rendered":"<p>\u00ab La charit\u00e9 avec comp\u00e9tence et transparence. \u00bb Regina Lynch, Directrice des projets Il existe de nombreuses organisations caritatives qui viennent en aide a ceux qui sont dans le besoin. Qu\u2019est-ce qui distingue Aid to the Church in Need de toutes ces organisations ? Nous sommes la seule organisation internationale catholique qui donne la priorit\u00e9 [&hellip;]<\/p>\n","protected":false},"author":1,"featured_media":123964,"parent":0,"menu_order":0,"comment_status":"closed","ping_status":"closed","template":"","meta":{"_acf_changed":false,"footnotes":""},"class_list":["post-124075","page","type-page","status-publish","has-post-thumbnail","hentry"],"acf":[],"yoast_head":"<!-- This site is optimized with the Yoast SEO Premium plugin v27.3 (Yoast SEO v27.3) - https:\/\/yoast.com\/product\/yoast-seo-premium-wordpress\/ -->\n<title>ACN Rapport d\u2019activit\u00e9s | ACN International<\/title>\n<meta name=\"robots\" content=\"index, follow, max-snippet:-1, max-image-preview:large, max-video-preview:-1\" \/>\n<link rel=\"canonical\" href=\"https:\/\/acninternational.org\/fr\/acn-rapport-dactivites\/\" \/>\n<meta property=\"og:locale\" content=\"fr_FR\" \/>\n<meta property=\"og:type\" content=\"article\" \/>\n<meta property=\"og:title\" content=\"ACN Rapport d\u2019activit\u00e9s\" \/>\n<meta property=\"og:description\" content=\"\u00ab La charit\u00e9 avec comp\u00e9tence et transparence. \u00bb Regina Lynch, Directrice des projets Il existe de nombreuses organisations caritatives qui viennent en aide a ceux qui sont dans le besoin. Qu\u2019est-ce qui distingue Aid to the Church in Need de toutes ces organisations ? Nous sommes la seule organisation internationale catholique qui donne la priorit\u00e9 [&hellip;]\" \/>\n<meta property=\"og:url\" content=\"https:\/\/acninternational.org\/fr\/acn-rapport-dactivites\/\" \/>\n<meta property=\"og:site_name\" content=\"ACN International\" \/>\n<meta property=\"article:publisher\" content=\"https:\/\/www.facebook.com\/acninternationalorg\" \/>\n<meta property=\"article:modified_time\" content=\"2019-12-16T14:38:17+00:00\" \/>\n<meta property=\"og:image\" content=\"https:\/\/media.acninternational.org\/wp-content\/uploads\/2019\/10\/acn-20180710-73477_web-2000.jpg\" \/>\n\t<meta property=\"og:image:width\" content=\"2000\" \/>\n\t<meta property=\"og:image:height\" content=\"625\" \/>\n\t<meta property=\"og:image:type\" content=\"image\/jpeg\" \/>\n<meta name=\"twitter:card\" content=\"summary_large_image\" \/>\n<meta name=\"twitter:site\" content=\"@acn_int\" \/>\n<meta name=\"twitter:label1\" content=\"Dur\u00e9e de lecture estim\u00e9e\" \/>\n\t<meta name=\"twitter:data1\" content=\"2 minutes\" \/>\n<script type=\"application\/ld+json\" class=\"yoast-schema-graph\">{\"@context\":\"https:\\\/\\\/schema.org\",\"@graph\":[{\"@type\":\"WebPage\",\"@id\":\"https:\\\/\\\/acninternational.org\\\/fr\\\/acn-rapport-dactivites\\\/\",\"url\":\"https:\\\/\\\/acninternational.org\\\/fr\\\/acn-rapport-dactivites\\\/\",\"name\":\"ACN Rapport d\u2019activit\u00e9s | ACN International\",\"isPartOf\":{\"@id\":\"https:\\\/\\\/acninternational.org\\\/fr\\\/#website\"},\"primaryImageOfPage\":{\"@id\":\"https:\\\/\\\/acninternational.org\\\/fr\\\/acn-rapport-dactivites\\\/#primaryimage\"},\"image\":{\"@id\":\"https:\\\/\\\/acninternational.org\\\/fr\\\/acn-rapport-dactivites\\\/#primaryimage\"},\"thumbnailUrl\":\"https:\\\/\\\/media.acninternational.org\\\/wp-content\\\/uploads\\\/2019\\\/10\\\/acn-20180710-73477_web-2000.jpg\",\"datePublished\":\"2019-10-14T13:30:45+00:00\",\"dateModified\":\"2019-12-16T14:38:17+00:00\",\"breadcrumb\":{\"@id\":\"https:\\\/\\\/acninternational.org\\\/fr\\\/acn-rapport-dactivites\\\/#breadcrumb\"},\"inLanguage\":\"fr-FR\",\"potentialAction\":[{\"@type\":\"ReadAction\",\"target\":[\"https:\\\/\\\/acninternational.org\\\/fr\\\/acn-rapport-dactivites\\\/\"]}]},{\"@type\":\"ImageObject\",\"inLanguage\":\"fr-FR\",\"@id\":\"https:\\\/\\\/acninternational.org\\\/fr\\\/acn-rapport-dactivites\\\/#primaryimage\",\"url\":\"https:\\\/\\\/media.acninternational.org\\\/wp-content\\\/uploads\\\/2019\\\/10\\\/acn-20180710-73477_web-2000.jpg\",\"contentUrl\":\"https:\\\/\\\/media.acninternational.org\\\/wp-content\\\/uploads\\\/2019\\\/10\\\/acn-20180710-73477_web-2000.jpg\",\"width\":2000,\"height\":625},{\"@type\":\"BreadcrumbList\",\"@id\":\"https:\\\/\\\/acninternational.org\\\/fr\\\/acn-rapport-dactivites\\\/#breadcrumb\",\"itemListElement\":[{\"@type\":\"ListItem\",\"position\":1,\"name\":\"Home\",\"item\":\"https:\\\/\\\/acninternational.org\\\/fr\\\/\"},{\"@type\":\"ListItem\",\"position\":2,\"name\":\"ACN Rapport d\u2019activit\u00e9s\"}]},{\"@type\":\"WebSite\",\"@id\":\"https:\\\/\\\/acninternational.org\\\/fr\\\/#website\",\"url\":\"https:\\\/\\\/acninternational.org\\\/fr\\\/\",\"name\":\"ACN International\",\"description\":\"\",\"publisher\":{\"@id\":\"https:\\\/\\\/acninternational.org\\\/fr\\\/#organization\"},\"potentialAction\":[{\"@type\":\"SearchAction\",\"target\":{\"@type\":\"EntryPoint\",\"urlTemplate\":\"https:\\\/\\\/acninternational.org\\\/fr\\\/?s={search_term_string}\"},\"query-input\":{\"@type\":\"PropertyValueSpecification\",\"valueRequired\":true,\"valueName\":\"search_term_string\"}}],\"inLanguage\":\"fr-FR\"},{\"@type\":\"Organization\",\"@id\":\"https:\\\/\\\/acninternational.org\\\/fr\\\/#organization\",\"name\":\"Aid to the Church in Need International\",\"url\":\"https:\\\/\\\/acninternational.org\\\/fr\\\/\",\"logo\":{\"@type\":\"ImageObject\",\"inLanguage\":\"fr-FR\",\"@id\":\"https:\\\/\\\/acninternational.org\\\/fr\\\/#\\\/schema\\\/logo\\\/image\\\/\",\"url\":\"https:\\\/\\\/media.acninternational.org\\\/wp-content\\\/uploads\\\/2019\\\/11\\\/acn_logo_blackvector.svg\",\"contentUrl\":\"https:\\\/\\\/media.acninternational.org\\\/wp-content\\\/uploads\\\/2019\\\/11\\\/acn_logo_blackvector.svg\",\"width\":232.6,\"height\":78,\"caption\":\"Aid to the Church in Need International\"},\"image\":{\"@id\":\"https:\\\/\\\/acninternational.org\\\/fr\\\/#\\\/schema\\\/logo\\\/image\\\/\"},\"sameAs\":[\"https:\\\/\\\/www.facebook.com\\\/acninternationalorg\",\"https:\\\/\\\/x.com\\\/acn_int\",\"https:\\\/\\\/www.youtube.com\\\/channel\\\/UCQ-077gS0TnVzkhHmf1opZw\",\"https:\\\/\\\/www.instagram.com\\\/acn_international\\\/\"]}]}<\/script>\n<!-- \/ Yoast SEO Premium plugin. -->","yoast_head_json":{"title":"ACN Rapport d\u2019activit\u00e9s | ACN International","robots":{"index":"index","follow":"follow","max-snippet":"max-snippet:-1","max-image-preview":"max-image-preview:large","max-video-preview":"max-video-preview:-1"},"canonical":"https:\/\/acninternational.org\/fr\/acn-rapport-dactivites\/","og_locale":"fr_FR","og_type":"article","og_title":"ACN Rapport d\u2019activit\u00e9s","og_description":"\u00ab La charit\u00e9 avec comp\u00e9tence et transparence. \u00bb Regina Lynch, Directrice des projets Il existe de nombreuses organisations caritatives qui viennent en aide a ceux qui sont dans le besoin. Qu\u2019est-ce qui distingue Aid to the Church in Need de toutes ces organisations ? Nous sommes la seule organisation internationale catholique qui donne la priorit\u00e9 [&hellip;]","og_url":"https:\/\/acninternational.org\/fr\/acn-rapport-dactivites\/","og_site_name":"ACN International","article_publisher":"https:\/\/www.facebook.com\/acninternationalorg","article_modified_time":"2019-12-16T14:38:17+00:00","og_image":[{"width":2000,"height":625,"url":"https:\/\/media.acninternational.org\/wp-content\/uploads\/2019\/10\/acn-20180710-73477_web-2000.jpg","type":"image\/jpeg"}],"twitter_card":"summary_large_image","twitter_site":"@acn_int","twitter_misc":{"Dur\u00e9e de lecture estim\u00e9e":"2 minutes"},"schema":{"@context":"https:\/\/schema.org","@graph":[{"@type":"WebPage","@id":"https:\/\/acninternational.org\/fr\/acn-rapport-dactivites\/","url":"https:\/\/acninternational.org\/fr\/acn-rapport-dactivites\/","name":"ACN Rapport d\u2019activit\u00e9s | ACN International","isPartOf":{"@id":"https:\/\/acninternational.org\/fr\/#website"},"primaryImageOfPage":{"@id":"https:\/\/acninternational.org\/fr\/acn-rapport-dactivites\/#primaryimage"},"image":{"@id":"https:\/\/acninternational.org\/fr\/acn-rapport-dactivites\/#primaryimage"},"thumbnailUrl":"https:\/\/media.acninternational.org\/wp-content\/uploads\/2019\/10\/acn-20180710-73477_web-2000.jpg","datePublished":"2019-10-14T13:30:45+00:00","dateModified":"2019-12-16T14:38:17+00:00","breadcrumb":{"@id":"https:\/\/acninternational.org\/fr\/acn-rapport-dactivites\/#breadcrumb"},"inLanguage":"fr-FR","potentialAction":[{"@type":"ReadAction","target":["https:\/\/acninternational.org\/fr\/acn-rapport-dactivites\/"]}]},{"@type":"ImageObject","inLanguage":"fr-FR","@id":"https:\/\/acninternational.org\/fr\/acn-rapport-dactivites\/#primaryimage","url":"https:\/\/media.acninternational.org\/wp-content\/uploads\/2019\/10\/acn-20180710-73477_web-2000.jpg","contentUrl":"https:\/\/media.acninternational.org\/wp-content\/uploads\/2019\/10\/acn-20180710-73477_web-2000.jpg","width":2000,"height":625},{"@type":"BreadcrumbList","@id":"https:\/\/acninternational.org\/fr\/acn-rapport-dactivites\/#breadcrumb","itemListElement":[{"@type":"ListItem","position":1,"name":"Home","item":"https:\/\/acninternational.org\/fr\/"},{"@type":"ListItem","position":2,"name":"ACN Rapport d\u2019activit\u00e9s"}]},{"@type":"WebSite","@id":"https:\/\/acninternational.org\/fr\/#website","url":"https:\/\/acninternational.org\/fr\/","name":"ACN International","description":"","publisher":{"@id":"https:\/\/acninternational.org\/fr\/#organization"},"potentialAction":[{"@type":"SearchAction","target":{"@type":"EntryPoint","urlTemplate":"https:\/\/acninternational.org\/fr\/?s={search_term_string}"},"query-input":{"@type":"PropertyValueSpecification","valueRequired":true,"valueName":"search_term_string"}}],"inLanguage":"fr-FR"},{"@type":"Organization","@id":"https:\/\/acninternational.org\/fr\/#organization","name":"Aid to the Church in Need International","url":"https:\/\/acninternational.org\/fr\/","logo":{"@type":"ImageObject","inLanguage":"fr-FR","@id":"https:\/\/acninternational.org\/fr\/#\/schema\/logo\/image\/","url":"https:\/\/media.acninternational.org\/wp-content\/uploads\/2019\/11\/acn_logo_blackvector.svg","contentUrl":"https:\/\/media.acninternational.org\/wp-content\/uploads\/2019\/11\/acn_logo_blackvector.svg","width":232.6,"height":78,"caption":"Aid to the Church in Need International"},"image":{"@id":"https:\/\/acninternational.org\/fr\/#\/schema\/logo\/image\/"},"sameAs":["https:\/\/www.facebook.com\/acninternationalorg","https:\/\/x.com\/acn_int","https:\/\/www.youtube.com\/channel\/UCQ-077gS0TnVzkhHmf1opZw","https:\/\/www.instagram.com\/acn_international\/"]}]}},"_links":{"self":[{"href":"https:\/\/acninternational.org\/fr\/wp-json\/wp\/v2\/pages\/124075","targetHints":{"allow":["GET"]}}],"collection":[{"href":"https:\/\/acninternational.org\/fr\/wp-json\/wp\/v2\/pages"}],"about":[{"href":"https:\/\/acninternational.org\/fr\/wp-json\/wp\/v2\/types\/page"}],"author":[{"embeddable":true,"href":"https:\/\/acninternational.org\/fr\/wp-json\/wp\/v2\/users\/1"}],"replies":[{"embeddable":true,"href":"https:\/\/acninternational.org\/fr\/wp-json\/wp\/v2\/comments?post=124075"}],"version-history":[{"count":0,"href":"https:\/\/acninternational.org\/fr\/wp-json\/wp\/v2\/pages\/124075\/revisions"}],"wp:featuredmedia":[{"embeddable":true,"href":"https:\/\/acninternational.org\/fr\/wp-json\/wp\/v2\/media\/123964"}],"wp:attachment":[{"href":"https:\/\/acninternational.org\/fr\/wp-json\/wp\/v2\/media?parent=124075"}],"curies":[{"name":"wp","href":"https:\/\/api.w.org\/{rel}","templated":true}]}}