{"id":123924,"date":"2019-09-10T13:13:07","date_gmt":"2019-09-10T11:13:07","guid":{"rendered":"https:\/\/acninternational.org\/mission-vision-valeurs\/"},"modified":"2022-06-16T08:22:46","modified_gmt":"2022-06-16T06:22:46","slug":"mission","status":"publish","type":"page","link":"https:\/\/acninternational.org\/fr\/mission\/","title":{"rendered":"Mission, Vision, Valeurs"},"content":{"rendered":"<h1>\u00ab Car l\u2019amour du Christ nous presse. \u00bb<\/h1>\n<p>(2 Cor 5,14)<\/p>\n<p><strong>Notre mission<\/strong><\/p>\n<p>En tant qu\u2019organisation de bienfaisance catholique, nous soutenons les fid\u00e8les pers\u00e9cutes, opprim\u00e9s ou dans le besoin, partout o\u00f9 ils se trouvent, par la pri\u00e8re, l\u2019information et l\u2019action.<\/p>\n<p><strong>Notre vision <\/strong><\/p>\n<p>Un monde ou le christianisme peut s\u2019\u00e9panouir en tout lieu.<\/p>\n<p><strong>Nos lignes directrices<\/strong><\/p>\n<ol>\n<li>Nous sommes loyaux envers le Saint- P\u00e8re. En tant que Fondation pontificale, nous participons \u00e0 la mission universelle de l\u2019Eglise.<\/li>\n<li>Nous servons la cause de l\u2019\u00e9vang\u00e9lisation. Nous affrontons courageusement les d\u00e9fis de notre temps en suivant les enseignements de l\u2019Eglise.<\/li>\n<li>Nous sommes engag\u00e9s envers l\u2019Eglise pers\u00e9cut\u00e9e. En partageant les t\u00e9moignages de foi, nous \u00e9tablissons des ponts de charit\u00e9 entre bienfaiteurs et b\u00e9n\u00e9ficiaires.<\/li>\n<li>Nous sommes les gardiens de la g\u00e9n\u00e9rosit\u00e9 de nos bienfaiteurs. Nous g\u00e9rons une collecte de fonds et une administration modernes, transparentes et efficaces.<\/li>\n<\/ol>\n<h2>Nos valeurs<\/h2>\n<ol>\n<li><strong>Foi et amour chr\u00e9tien<\/strong><\/li>\n<\/ol>\n<p>La foi et l\u2019amour chr\u00e9tiens sont \u00e0 la base de toutes nos activit\u00e9s. Cela inclut la fid\u00e9lit\u00e9 au Saint-P\u00e8re et l\u2019adh\u00e9sion aux enseignements et aux institutions de l\u2019Eglise catholique.<\/p>\n<ol start=\"2\">\n<li><strong>Pri\u00e8re<\/strong><\/li>\n<\/ol>\n<p>La pri\u00e8re r\u00e9guli\u00e8re, personnelle et commune anime notre travail quotidien et fortifie notre esprit missionnaire. Elle nous pousse \u00e0 venir en aide \u00e0 ceux qui souffrent \u00e0 cause de leur loyaut\u00e9 envers le Christ et son Eglise, tout en comptant sur leurs pri\u00e8res.<\/p>\n<ol start=\"3\">\n<li><strong>Engagement pastoral <\/strong><\/li>\n<\/ol>\n<p>Nous nous effor\u00e7ons de proclamer l\u2019Evangile <em>\u00ab \u00e0 temps et \u00e0 contretemps \u00bb <\/em>(2 Tim 4,2), en r\u00e9pondant courageusement aux d\u00e9fis de notre temps. Et cela, en int\u00e9ressant nos bienfaiteurs et en finan\u00e7ant des projets pastoraux avec leurs contributions.<\/p>\n<ol start=\"4\">\n<li><strong>Unit\u00e9 <\/strong><\/li>\n<\/ol>\n<p>Con\u00e7ue comme un \u226a pont d\u2019amour \u226b, ACN se met au service de l\u2019unit\u00e9 et de la r\u00e9conciliation. Nous \u00e9tablissons une communication avec et entre nos bienfaiteurs et nos b\u00e9n\u00e9ficiaires \u00e0 travers la pri\u00e8re, la diffusion d\u2019informations et les t\u00e9moignages de gratitude.<\/p>\n<ol start=\"5\">\n<li><strong>Service<\/strong><\/li>\n<\/ol>\n<p>Nous remplissons notre mission a travers un service charitable et humble, en nous mettant attentivement \u00e0 l\u2019\u00e9coute des besoins de nos partenaires. Nous aspirons \u00e0 \u00eatre une source personnelle de r\u00e9confort et de force pour nos b\u00e9n\u00e9ficiaires comme pour nos bienfaiteurs.<\/p>\n<ol start=\"6\">\n<li><strong>Ouverture <\/strong><\/li>\n<\/ol>\n<p>A travers notre soutien \u00e0 l\u2019Eglise universelle, nous promouvons un dialogue respectueux avec les diverses cultures du monde. Nous le faisons dans un esprit d\u2019ouverture, a l\u2019occasion de nos nombreuses rencontres a l\u2019int\u00e9rieur comme \u00e0 l\u2019ext\u00e9rieur de l\u2019Eglise catholique.<\/p>\n<ol start=\"7\">\n<li><strong>Transparence<\/strong><\/li>\n<\/ol>\n<p>Nous traitons les fonds que nous recevons avec le plus grand soin, en recherchant l\u2019efficacit\u00e9 et en mesurant leur impact tant dans nos activit\u00e9s de financement que dans notre organisation interne. Nous op\u00e9rons de fa\u00e7on transparente, en indiquant les sources, les emplois et les utilisations des fonds que nous recevons.<\/p>\n<ol start=\"8\">\n<li><strong>Confiance<\/strong><\/li>\n<\/ol>\n<p>Notre confiance in\u00e9branlable en la Divine Providence nous guide vers l\u2019avenir et nous pousse a faire confiance aux autres, en obtenant leur confiance en retour. Consacr\u00e9s \u00e0 Notre-Dame de Fatima, nous sommes remplis d\u2019espoir et de confiance.<\/p>\n","protected":false},"excerpt":{"rendered":"<p>\u00ab Car l\u2019amour du Christ nous presse. \u00bb (2 Cor 5,14) Notre mission En tant qu\u2019organisation de bienfaisance catholique, nous soutenons les fid\u00e8les pers\u00e9cutes, opprim\u00e9s ou dans le besoin, partout o\u00f9 ils se trouvent, par la pri\u00e8re, l\u2019information et l\u2019action. Notre vision Un monde ou le christianisme peut s\u2019\u00e9panouir en tout lieu. Nos lignes directrices [&hellip;]<\/p>\n","protected":false},"author":1,"featured_media":123110,"parent":0,"menu_order":0,"comment_status":"closed","ping_status":"closed","template":"","meta":{"_acf_changed":false,"footnotes":""},"class_list":["post-123924","page","type-page","status-publish","has-post-thumbnail","hentry"],"acf":[],"yoast_head":"<!-- This site is optimized with the Yoast SEO Premium plugin v27.3 (Yoast SEO v27.3) - https:\/\/yoast.com\/product\/yoast-seo-premium-wordpress\/ -->\n<title>Mission, Vision, Valeurs | ACN International<\/title>\n<meta name=\"robots\" content=\"index, follow, max-snippet:-1, max-image-preview:large, max-video-preview:-1\" \/>\n<link rel=\"canonical\" href=\"https:\/\/acninternational.org\/fr\/mission\/\" \/>\n<meta property=\"og:locale\" content=\"fr_FR\" \/>\n<meta property=\"og:type\" content=\"article\" \/>\n<meta property=\"og:title\" content=\"Mission, Vision, Valeurs\" \/>\n<meta property=\"og:description\" content=\"\u00ab Car l\u2019amour du Christ nous presse. \u00bb (2 Cor 5,14) Notre mission En tant qu\u2019organisation de bienfaisance catholique, nous soutenons les fid\u00e8les pers\u00e9cutes, opprim\u00e9s ou dans le besoin, partout o\u00f9 ils se trouvent, par la pri\u00e8re, l\u2019information et l\u2019action. Notre vision Un monde ou le christianisme peut s\u2019\u00e9panouir en tout lieu. Nos lignes directrices [&hellip;]\" \/>\n<meta property=\"og:url\" content=\"https:\/\/acninternational.org\/fr\/mission\/\" \/>\n<meta property=\"og:site_name\" content=\"ACN International\" \/>\n<meta property=\"article:publisher\" content=\"https:\/\/www.facebook.com\/acninternationalorg\" \/>\n<meta property=\"article:modified_time\" content=\"2022-06-16T06:22:46+00:00\" \/>\n<meta property=\"og:image\" content=\"https:\/\/media.acninternational.org\/wp-content\/uploads\/2019\/09\/acn-20161107-47536_web-2000.jpg\" \/>\n\t<meta property=\"og:image:width\" content=\"2000\" \/>\n\t<meta property=\"og:image:height\" content=\"625\" \/>\n\t<meta property=\"og:image:type\" content=\"image\/jpeg\" \/>\n<meta name=\"twitter:card\" content=\"summary_large_image\" \/>\n<meta name=\"twitter:site\" content=\"@acn_int\" \/>\n<meta name=\"twitter:label1\" content=\"Dur\u00e9e de lecture estim\u00e9e\" \/>\n\t<meta name=\"twitter:data1\" content=\"3 minutes\" \/>\n<script type=\"application\/ld+json\" class=\"yoast-schema-graph\">{\"@context\":\"https:\\\/\\\/schema.org\",\"@graph\":[{\"@type\":\"WebPage\",\"@id\":\"https:\\\/\\\/acninternational.org\\\/fr\\\/mission\\\/\",\"url\":\"https:\\\/\\\/acninternational.org\\\/fr\\\/mission\\\/\",\"name\":\"Mission, Vision, Valeurs | ACN International\",\"isPartOf\":{\"@id\":\"https:\\\/\\\/acninternational.org\\\/fr\\\/#website\"},\"primaryImageOfPage\":{\"@id\":\"https:\\\/\\\/acninternational.org\\\/fr\\\/mission\\\/#primaryimage\"},\"image\":{\"@id\":\"https:\\\/\\\/acninternational.org\\\/fr\\\/mission\\\/#primaryimage\"},\"thumbnailUrl\":\"https:\\\/\\\/media.acninternational.org\\\/wp-content\\\/uploads\\\/2019\\\/09\\\/acn-20161107-47536_web-2000.jpg\",\"datePublished\":\"2019-09-10T11:13:07+00:00\",\"dateModified\":\"2022-06-16T06:22:46+00:00\",\"breadcrumb\":{\"@id\":\"https:\\\/\\\/acninternational.org\\\/fr\\\/mission\\\/#breadcrumb\"},\"inLanguage\":\"fr-FR\",\"potentialAction\":[{\"@type\":\"ReadAction\",\"target\":[\"https:\\\/\\\/acninternational.org\\\/fr\\\/mission\\\/\"]}]},{\"@type\":\"ImageObject\",\"inLanguage\":\"fr-FR\",\"@id\":\"https:\\\/\\\/acninternational.org\\\/fr\\\/mission\\\/#primaryimage\",\"url\":\"https:\\\/\\\/media.acninternational.org\\\/wp-content\\\/uploads\\\/2019\\\/09\\\/acn-20161107-47536_web-2000.jpg\",\"contentUrl\":\"https:\\\/\\\/media.acninternational.org\\\/wp-content\\\/uploads\\\/2019\\\/09\\\/acn-20161107-47536_web-2000.jpg\",\"width\":2000,\"height\":625},{\"@type\":\"BreadcrumbList\",\"@id\":\"https:\\\/\\\/acninternational.org\\\/fr\\\/mission\\\/#breadcrumb\",\"itemListElement\":[{\"@type\":\"ListItem\",\"position\":1,\"name\":\"Home\",\"item\":\"https:\\\/\\\/acninternational.org\\\/fr\\\/\"},{\"@type\":\"ListItem\",\"position\":2,\"name\":\"Mission, Vision, Valeurs\"}]},{\"@type\":\"WebSite\",\"@id\":\"https:\\\/\\\/acninternational.org\\\/fr\\\/#website\",\"url\":\"https:\\\/\\\/acninternational.org\\\/fr\\\/\",\"name\":\"ACN International\",\"description\":\"\",\"publisher\":{\"@id\":\"https:\\\/\\\/acninternational.org\\\/fr\\\/#organization\"},\"potentialAction\":[{\"@type\":\"SearchAction\",\"target\":{\"@type\":\"EntryPoint\",\"urlTemplate\":\"https:\\\/\\\/acninternational.org\\\/fr\\\/?s={search_term_string}\"},\"query-input\":{\"@type\":\"PropertyValueSpecification\",\"valueRequired\":true,\"valueName\":\"search_term_string\"}}],\"inLanguage\":\"fr-FR\"},{\"@type\":\"Organization\",\"@id\":\"https:\\\/\\\/acninternational.org\\\/fr\\\/#organization\",\"name\":\"Aid to the Church in Need International\",\"url\":\"https:\\\/\\\/acninternational.org\\\/fr\\\/\",\"logo\":{\"@type\":\"ImageObject\",\"inLanguage\":\"fr-FR\",\"@id\":\"https:\\\/\\\/acninternational.org\\\/fr\\\/#\\\/schema\\\/logo\\\/image\\\/\",\"url\":\"https:\\\/\\\/media.acninternational.org\\\/wp-content\\\/uploads\\\/2019\\\/11\\\/acn_logo_blackvector.svg\",\"contentUrl\":\"https:\\\/\\\/media.acninternational.org\\\/wp-content\\\/uploads\\\/2019\\\/11\\\/acn_logo_blackvector.svg\",\"width\":232.6,\"height\":78,\"caption\":\"Aid to the Church in Need International\"},\"image\":{\"@id\":\"https:\\\/\\\/acninternational.org\\\/fr\\\/#\\\/schema\\\/logo\\\/image\\\/\"},\"sameAs\":[\"https:\\\/\\\/www.facebook.com\\\/acninternationalorg\",\"https:\\\/\\\/x.com\\\/acn_int\",\"https:\\\/\\\/www.youtube.com\\\/channel\\\/UCQ-077gS0TnVzkhHmf1opZw\",\"https:\\\/\\\/www.instagram.com\\\/acn_international\\\/\"]}]}<\/script>\n<!-- \/ Yoast SEO Premium plugin. -->","yoast_head_json":{"title":"Mission, Vision, Valeurs | ACN International","robots":{"index":"index","follow":"follow","max-snippet":"max-snippet:-1","max-image-preview":"max-image-preview:large","max-video-preview":"max-video-preview:-1"},"canonical":"https:\/\/acninternational.org\/fr\/mission\/","og_locale":"fr_FR","og_type":"article","og_title":"Mission, Vision, Valeurs","og_description":"\u00ab Car l\u2019amour du Christ nous presse. \u00bb (2 Cor 5,14) Notre mission En tant qu\u2019organisation de bienfaisance catholique, nous soutenons les fid\u00e8les pers\u00e9cutes, opprim\u00e9s ou dans le besoin, partout o\u00f9 ils se trouvent, par la pri\u00e8re, l\u2019information et l\u2019action. Notre vision Un monde ou le christianisme peut s\u2019\u00e9panouir en tout lieu. Nos lignes directrices [&hellip;]","og_url":"https:\/\/acninternational.org\/fr\/mission\/","og_site_name":"ACN International","article_publisher":"https:\/\/www.facebook.com\/acninternationalorg","article_modified_time":"2022-06-16T06:22:46+00:00","og_image":[{"width":2000,"height":625,"url":"https:\/\/media.acninternational.org\/wp-content\/uploads\/2019\/09\/acn-20161107-47536_web-2000.jpg","type":"image\/jpeg"}],"twitter_card":"summary_large_image","twitter_site":"@acn_int","twitter_misc":{"Dur\u00e9e de lecture estim\u00e9e":"3 minutes"},"schema":{"@context":"https:\/\/schema.org","@graph":[{"@type":"WebPage","@id":"https:\/\/acninternational.org\/fr\/mission\/","url":"https:\/\/acninternational.org\/fr\/mission\/","name":"Mission, Vision, Valeurs | ACN International","isPartOf":{"@id":"https:\/\/acninternational.org\/fr\/#website"},"primaryImageOfPage":{"@id":"https:\/\/acninternational.org\/fr\/mission\/#primaryimage"},"image":{"@id":"https:\/\/acninternational.org\/fr\/mission\/#primaryimage"},"thumbnailUrl":"https:\/\/media.acninternational.org\/wp-content\/uploads\/2019\/09\/acn-20161107-47536_web-2000.jpg","datePublished":"2019-09-10T11:13:07+00:00","dateModified":"2022-06-16T06:22:46+00:00","breadcrumb":{"@id":"https:\/\/acninternational.org\/fr\/mission\/#breadcrumb"},"inLanguage":"fr-FR","potentialAction":[{"@type":"ReadAction","target":["https:\/\/acninternational.org\/fr\/mission\/"]}]},{"@type":"ImageObject","inLanguage":"fr-FR","@id":"https:\/\/acninternational.org\/fr\/mission\/#primaryimage","url":"https:\/\/media.acninternational.org\/wp-content\/uploads\/2019\/09\/acn-20161107-47536_web-2000.jpg","contentUrl":"https:\/\/media.acninternational.org\/wp-content\/uploads\/2019\/09\/acn-20161107-47536_web-2000.jpg","width":2000,"height":625},{"@type":"BreadcrumbList","@id":"https:\/\/acninternational.org\/fr\/mission\/#breadcrumb","itemListElement":[{"@type":"ListItem","position":1,"name":"Home","item":"https:\/\/acninternational.org\/fr\/"},{"@type":"ListItem","position":2,"name":"Mission, Vision, Valeurs"}]},{"@type":"WebSite","@id":"https:\/\/acninternational.org\/fr\/#website","url":"https:\/\/acninternational.org\/fr\/","name":"ACN International","description":"","publisher":{"@id":"https:\/\/acninternational.org\/fr\/#organization"},"potentialAction":[{"@type":"SearchAction","target":{"@type":"EntryPoint","urlTemplate":"https:\/\/acninternational.org\/fr\/?s={search_term_string}"},"query-input":{"@type":"PropertyValueSpecification","valueRequired":true,"valueName":"search_term_string"}}],"inLanguage":"fr-FR"},{"@type":"Organization","@id":"https:\/\/acninternational.org\/fr\/#organization","name":"Aid to the Church in Need International","url":"https:\/\/acninternational.org\/fr\/","logo":{"@type":"ImageObject","inLanguage":"fr-FR","@id":"https:\/\/acninternational.org\/fr\/#\/schema\/logo\/image\/","url":"https:\/\/media.acninternational.org\/wp-content\/uploads\/2019\/11\/acn_logo_blackvector.svg","contentUrl":"https:\/\/media.acninternational.org\/wp-content\/uploads\/2019\/11\/acn_logo_blackvector.svg","width":232.6,"height":78,"caption":"Aid to the Church in Need International"},"image":{"@id":"https:\/\/acninternational.org\/fr\/#\/schema\/logo\/image\/"},"sameAs":["https:\/\/www.facebook.com\/acninternationalorg","https:\/\/x.com\/acn_int","https:\/\/www.youtube.com\/channel\/UCQ-077gS0TnVzkhHmf1opZw","https:\/\/www.instagram.com\/acn_international\/"]}]}},"_links":{"self":[{"href":"https:\/\/acninternational.org\/fr\/wp-json\/wp\/v2\/pages\/123924","targetHints":{"allow":["GET"]}}],"collection":[{"href":"https:\/\/acninternational.org\/fr\/wp-json\/wp\/v2\/pages"}],"about":[{"href":"https:\/\/acninternational.org\/fr\/wp-json\/wp\/v2\/types\/page"}],"author":[{"embeddable":true,"href":"https:\/\/acninternational.org\/fr\/wp-json\/wp\/v2\/users\/1"}],"replies":[{"embeddable":true,"href":"https:\/\/acninternational.org\/fr\/wp-json\/wp\/v2\/comments?post=123924"}],"version-history":[{"count":0,"href":"https:\/\/acninternational.org\/fr\/wp-json\/wp\/v2\/pages\/123924\/revisions"}],"wp:featuredmedia":[{"embeddable":true,"href":"https:\/\/acninternational.org\/fr\/wp-json\/wp\/v2\/media\/123110"}],"wp:attachment":[{"href":"https:\/\/acninternational.org\/fr\/wp-json\/wp\/v2\/media?parent=123924"}],"curies":[{"name":"wp","href":"https:\/\/api.w.org\/{rel}","templated":true}]}}