{"id":123414,"date":"2019-10-04T12:43:07","date_gmt":"2019-10-04T10:43:07","guid":{"rendered":"https:\/\/acninternational.org\/nos-domaines-dintervention\/"},"modified":"2019-12-03T16:31:47","modified_gmt":"2019-12-03T15:31:47","slug":"nos-domaines-dintervention","status":"publish","type":"page","link":"https:\/\/acninternational.org\/fr\/nos-domaines-dintervention\/","title":{"rendered":"Nos domaines d\u2019intervention"},"content":{"rendered":"<p>Depuis l\u2019origine, l\u2019Eglise a toujours pris soin de ceux qui sont dans le besoin. En plus de sa mission pastorale, elle parraine des organisations d\u2019aide sociale dans le monde entier et soutient les personnes qui en ont besoin dans les diverses zones de crise.<\/p>\n<p>Mais ce que beaucoup ignorent, c\u2019est que l\u2019Eglise elle-m\u00eame a souvent besoin d\u2019une aide d\u2019urgence, notamment dans les pays en d\u00e9veloppement et dans ceux touches par les d\u00e9placements de population, les pers\u00e9cutions ou les catastrophes. Les chiffres sont \u00e9loquents : aujourd\u2019hui dans le monde, pr\u00e8s de 200 millions de personnes ne peuvent pas pratiquer librement leur foi. Le droit fondamental \u00e0 la libert\u00e9 religieuse n\u2019est pas garanti dans plus de 80 pays du monde.<\/p>\n<figure id=\"attachment_57683\" aria-describedby=\"caption-attachment-57683\" style=\"width: 670px\" class=\"wp-caption alignnone\"><img loading=\"lazy\" decoding=\"async\" class=\"wp-image-57683 size-full\" src=\"https:\/\/media.acninternational.org\/wp-content\/uploads\/2019\/10\/ArtPic3.jpg\" alt=\"Aid to the Church in Need is dedicated to the service of Christians around the world, wherever they are persecuted or oppressed or suffering material need.\" width=\"670\" height=\"400\" srcset=\"https:\/\/media.acninternational.org\/wp-content\/uploads\/2019\/10\/ArtPic3.jpg 670w, https:\/\/media.acninternational.org\/wp-content\/uploads\/2019\/10\/ArtPic3-300x179.jpg 300w\" sizes=\"auto, (max-width: 670px) 100vw, 670px\" \/><figcaption id=\"caption-attachment-57683\" class=\"wp-caption-text\">Aid to the Church in Need se met au service des chr\u00e9tiens du monde entier partout o\u00f9 ils sont pers\u00e9cut\u00e9s, opprim\u00e9s ou en proie aux besoins mat\u00e9riels.<\/figcaption><\/figure>\n<p>De nos jours, des chr\u00e9tiens sont pers\u00e9cut\u00e9s, victimes de discriminations ou opprim\u00e9s dans plus de 40 pays. Dans ces pays, les fid\u00e8les ne peuvent pas prendre en charge par leurs propres ressources les infrastructures de l\u2019Eglise, ou ne le peuvent qu\u2019avec de grandes difficult\u00e9s. Dans beaucoup de ces pays, les dons en argent sont l\u2019unique source de revenus pour l\u2019Eglise.<\/p>\n<blockquote class=\"wp-block-quote blockquote ps-3 py-2\"><p>\u00ab Je vous suis tellement reconnaissante pour tout ce que vous faites pour aider notre peuple souffrant. Que le Seigneur vous b\u00e9nisse, ainsi que nos fr\u00e8res et nos s\u0153urs dans le Christ. \u00bb<\/p>\n<p>S\u0153ur Annie Demerjian, Partenaire de projet, Syrie<\/p><\/blockquote>\n<p>\u00c0 la diff\u00e9rence de la plupart des organisations caritatives qui s\u2019efforcent de r\u00e9pondre \u00e0 des besoins sociaux, Aid to the Church in Need concentre ses efforts sur le soutien aux Eglises locales, en d\u00e9fendant l\u2019id\u00e9al de la charit\u00e9 chr\u00e9tienne.<\/p>\n<p>Fond\u00e9e en 1947 en tant qu\u2019organisation catholique d\u2019aide aux refugies de guerre et reconnue comme Fondation pontificale depuis 2011, Aid to the Church in Need se met au service des chr\u00e9tiens du monde entier partout o\u00f9 ils sont pers\u00e9cut\u00e9s, opprim\u00e9s ou en proie aux besoins mat\u00e9riels. Et cela, en faisant appel uniquement aux dons priv\u00e9s, notre Fondation ne recevant aucun financement public.<\/p>\n<figure id=\"attachment_57682\" aria-describedby=\"caption-attachment-57682\" style=\"width: 670px\" class=\"wp-caption alignnone\"><img loading=\"lazy\" decoding=\"async\" class=\"wp-image-57682 size-full\" src=\"https:\/\/media.acninternational.org\/wp-content\/uploads\/2019\/10\/ArtPic2.jpg\" alt=\"Christians are currently persecuted, discriminated against or oppressed in more than 40 countries.\" width=\"670\" height=\"400\" srcset=\"https:\/\/media.acninternational.org\/wp-content\/uploads\/2019\/10\/ArtPic2.jpg 670w, https:\/\/media.acninternational.org\/wp-content\/uploads\/2019\/10\/ArtPic2-300x179.jpg 300w\" sizes=\"auto, (max-width: 670px) 100vw, 670px\" \/><figcaption id=\"caption-attachment-57682\" class=\"wp-caption-text\">De nos jours, des chr\u00e9tiens sont pers\u00e9cut\u00e9s, victimes de discriminations ou opprim\u00e9s dans plus de 40 pays.<\/figcaption><\/figure>\n<p>Avec des centaines de milliers de donateurs et de partenaires de projet, nous venons en aide aux chr\u00e9tiens du monde entier selon notre mot d\u2019ordre : \u226a Information, pri\u00e8re et action \u226b. En outre, nous \u0153uvrons en faveur de la libert\u00e9 religieuse et de la r\u00e9conciliation entre toutes les religions. Notre longue exp\u00e9rience et notre croyance dans la force de la charit\u00e9 nous encouragent \u00e0 continuer dans cette voie et \u00e0 inspirer les personnes par notre travail dans le monde entier.<\/p>\n<p>Depuis sa fondation il y a 72 ans, Aid to the Church in Need \u2013 connue aussi sous le nom d\u2019Aide \u00e0 l\u2019Eglise en D\u00e9tresse \u2013 est devenue une organisation au large \u00e9ventail d\u2019activit\u00e9s. Aujourd\u2019hui, nous pouvons affirmer a juste titre que notre d\u00e9nomination dit tout. Nous soutenons actuellement chaque ann\u00e9e environ 5 000 projets de l\u2019Eglise, dont certains \u00e0 long terme, dans pr\u00e8s de 140 pays. Nous sommes ainsi souvent encore pr\u00e9sents dans des zones de crise lorsque d\u2019autres organisations caritatives sont reparties depuis longtemps.<\/p>\n<figure id=\"attachment_57685\" aria-describedby=\"caption-attachment-57685\" style=\"width: 670px\" class=\"wp-caption alignnone\"><img loading=\"lazy\" decoding=\"async\" class=\"wp-image-57685 size-full\" src=\"https:\/\/media.acninternational.org\/wp-content\/uploads\/2019\/10\/ArtPic12.jpg\" alt=\"We now support some 5,000 Catholic projects each year in nearly 150 countries.\" width=\"670\" height=\"400\" srcset=\"https:\/\/media.acninternational.org\/wp-content\/uploads\/2019\/10\/ArtPic12.jpg 670w, https:\/\/media.acninternational.org\/wp-content\/uploads\/2019\/10\/ArtPic12-300x179.jpg 300w\" sizes=\"auto, (max-width: 670px) 100vw, 670px\" \/><figcaption id=\"caption-attachment-57685\" class=\"wp-caption-text\">Nous soutenons actuellement chaque ann\u00e9e environ 5 000 projets de l\u2019Eglise, dont certains \u00e0 long terme, dans pr\u00e8s de 140 pays.<\/figcaption><\/figure>\n<blockquote class=\"wp-block-quote blockquote ps-3 py-2\"><p>\u00ab Je remercie bien souvent le Seigneur de votre pr\u00e9sence \u00e0 nos c\u00f4t\u00e9s. Sans vous, il serait vraiment difficile de continuer notre apostolat. \u00bb<\/p>\n<pre>Soeur Hanan Youssef, partenaire de projet au Liban<\/pre>\n<\/blockquote>\n<p>Un tel engagement n\u00e9cessite naturellement non seulement des moyens en personnel et sur le plan de l\u2019organisation mais \u00e9galement des moyens financiers. Ce n\u2019est que par les dons de plus de 330 000 bienfaiteurs de 23 pays qu\u2019il nous est possible de remplir notre mission d\u2019aide pastorale et de la faire progresser avec succ\u00e8s.<\/p>\n<figure id=\"attachment_57684\" aria-describedby=\"caption-attachment-57684\" style=\"width: 670px\" class=\"wp-caption alignnone\"><img loading=\"lazy\" decoding=\"async\" class=\"wp-image-57684 size-full\" src=\"https:\/\/media.acninternational.org\/wp-content\/uploads\/2019\/10\/ArtPic8.jpg\" alt=\"Only through the donations of over 330,000 benefactors in 23 countries are we able to fulfil our mission.\" width=\"670\" height=\"400\" srcset=\"https:\/\/media.acninternational.org\/wp-content\/uploads\/2019\/10\/ArtPic8.jpg 670w, https:\/\/media.acninternational.org\/wp-content\/uploads\/2019\/10\/ArtPic8-300x179.jpg 300w\" sizes=\"auto, (max-width: 670px) 100vw, 670px\" \/><figcaption id=\"caption-attachment-57684\" class=\"wp-caption-text\">Ce n\u2019est que par les dons de plus de 330 000 bienfaiteurs de 23 pays qu\u2019il nous est possible de remplir notre mission.<\/figcaption><\/figure>\n<p>Les domaines d\u2019activit\u00e9 dans lesquels nous apportons notre aide sont toujours plus nombreux :<\/p>\n","protected":false},"excerpt":{"rendered":"<p>Depuis l\u2019origine, l\u2019Eglise a toujours pris soin de ceux qui sont dans le besoin. En plus de sa mission pastorale, elle parraine des organisations d\u2019aide sociale dans le monde entier et soutient les personnes qui en ont besoin dans les diverses zones de crise. Mais ce que beaucoup ignorent, c\u2019est que l\u2019Eglise elle-m\u00eame a souvent [&hellip;]<\/p>\n","protected":false},"author":1,"featured_media":123447,"parent":0,"menu_order":0,"comment_status":"closed","ping_status":"closed","template":"","meta":{"_acf_changed":false,"footnotes":""},"class_list":["post-123414","page","type-page","status-publish","has-post-thumbnail","hentry"],"acf":[],"yoast_head":"<!-- This site is optimized with the Yoast SEO Premium plugin v27.3 (Yoast SEO v27.3) - https:\/\/yoast.com\/product\/yoast-seo-premium-wordpress\/ -->\n<title>Nos domaines d\u2019intervention | ACN International<\/title>\n<meta name=\"robots\" content=\"index, follow, max-snippet:-1, max-image-preview:large, max-video-preview:-1\" \/>\n<link rel=\"canonical\" href=\"https:\/\/acninternational.org\/fr\/nos-domaines-dintervention\/\" \/>\n<meta property=\"og:locale\" content=\"fr_FR\" \/>\n<meta property=\"og:type\" content=\"article\" \/>\n<meta property=\"og:title\" content=\"Nos domaines d\u2019intervention\" \/>\n<meta property=\"og:description\" content=\"Depuis l\u2019origine, l\u2019Eglise a toujours pris soin de ceux qui sont dans le besoin. En plus de sa mission pastorale, elle parraine des organisations d\u2019aide sociale dans le monde entier et soutient les personnes qui en ont besoin dans les diverses zones de crise. Mais ce que beaucoup ignorent, c\u2019est que l\u2019Eglise elle-m\u00eame a souvent [&hellip;]\" \/>\n<meta property=\"og:url\" content=\"https:\/\/acninternational.org\/fr\/nos-domaines-dintervention\/\" \/>\n<meta property=\"og:site_name\" content=\"ACN International\" \/>\n<meta property=\"article:publisher\" content=\"https:\/\/www.facebook.com\/acninternationalorg\" \/>\n<meta property=\"article:modified_time\" content=\"2019-12-03T15:31:47+00:00\" \/>\n<meta property=\"og:image\" content=\"https:\/\/media.acninternational.org\/wp-content\/uploads\/2019\/09\/acn-20180913-76690_web-2000.jpg\" \/>\n\t<meta property=\"og:image:width\" content=\"2000\" \/>\n\t<meta property=\"og:image:height\" content=\"625\" \/>\n\t<meta property=\"og:image:type\" content=\"image\/jpeg\" \/>\n<meta name=\"twitter:card\" content=\"summary_large_image\" \/>\n<meta name=\"twitter:site\" content=\"@acn_int\" \/>\n<meta name=\"twitter:label1\" content=\"Dur\u00e9e de lecture estim\u00e9e\" \/>\n\t<meta name=\"twitter:data1\" content=\"4 minutes\" \/>\n<script type=\"application\/ld+json\" class=\"yoast-schema-graph\">{\"@context\":\"https:\\\/\\\/schema.org\",\"@graph\":[{\"@type\":\"WebPage\",\"@id\":\"https:\\\/\\\/acninternational.org\\\/fr\\\/nos-domaines-dintervention\\\/\",\"url\":\"https:\\\/\\\/acninternational.org\\\/fr\\\/nos-domaines-dintervention\\\/\",\"name\":\"Nos domaines d\u2019intervention | ACN International\",\"isPartOf\":{\"@id\":\"https:\\\/\\\/acninternational.org\\\/fr\\\/#website\"},\"primaryImageOfPage\":{\"@id\":\"https:\\\/\\\/acninternational.org\\\/fr\\\/nos-domaines-dintervention\\\/#primaryimage\"},\"image\":{\"@id\":\"https:\\\/\\\/acninternational.org\\\/fr\\\/nos-domaines-dintervention\\\/#primaryimage\"},\"thumbnailUrl\":\"https:\\\/\\\/media.acninternational.org\\\/wp-content\\\/uploads\\\/2019\\\/09\\\/acn-20180913-76690_web-2000.jpg\",\"datePublished\":\"2019-10-04T10:43:07+00:00\",\"dateModified\":\"2019-12-03T15:31:47+00:00\",\"breadcrumb\":{\"@id\":\"https:\\\/\\\/acninternational.org\\\/fr\\\/nos-domaines-dintervention\\\/#breadcrumb\"},\"inLanguage\":\"fr-FR\",\"potentialAction\":[{\"@type\":\"ReadAction\",\"target\":[\"https:\\\/\\\/acninternational.org\\\/fr\\\/nos-domaines-dintervention\\\/\"]}]},{\"@type\":\"ImageObject\",\"inLanguage\":\"fr-FR\",\"@id\":\"https:\\\/\\\/acninternational.org\\\/fr\\\/nos-domaines-dintervention\\\/#primaryimage\",\"url\":\"https:\\\/\\\/media.acninternational.org\\\/wp-content\\\/uploads\\\/2019\\\/09\\\/acn-20180913-76690_web-2000.jpg\",\"contentUrl\":\"https:\\\/\\\/media.acninternational.org\\\/wp-content\\\/uploads\\\/2019\\\/09\\\/acn-20180913-76690_web-2000.jpg\",\"width\":2000,\"height\":625},{\"@type\":\"BreadcrumbList\",\"@id\":\"https:\\\/\\\/acninternational.org\\\/fr\\\/nos-domaines-dintervention\\\/#breadcrumb\",\"itemListElement\":[{\"@type\":\"ListItem\",\"position\":1,\"name\":\"Home\",\"item\":\"https:\\\/\\\/acninternational.org\\\/fr\\\/\"},{\"@type\":\"ListItem\",\"position\":2,\"name\":\"Nos domaines d\u2019intervention\"}]},{\"@type\":\"WebSite\",\"@id\":\"https:\\\/\\\/acninternational.org\\\/fr\\\/#website\",\"url\":\"https:\\\/\\\/acninternational.org\\\/fr\\\/\",\"name\":\"ACN International\",\"description\":\"\",\"publisher\":{\"@id\":\"https:\\\/\\\/acninternational.org\\\/fr\\\/#organization\"},\"potentialAction\":[{\"@type\":\"SearchAction\",\"target\":{\"@type\":\"EntryPoint\",\"urlTemplate\":\"https:\\\/\\\/acninternational.org\\\/fr\\\/?s={search_term_string}\"},\"query-input\":{\"@type\":\"PropertyValueSpecification\",\"valueRequired\":true,\"valueName\":\"search_term_string\"}}],\"inLanguage\":\"fr-FR\"},{\"@type\":\"Organization\",\"@id\":\"https:\\\/\\\/acninternational.org\\\/fr\\\/#organization\",\"name\":\"Aid to the Church in Need International\",\"url\":\"https:\\\/\\\/acninternational.org\\\/fr\\\/\",\"logo\":{\"@type\":\"ImageObject\",\"inLanguage\":\"fr-FR\",\"@id\":\"https:\\\/\\\/acninternational.org\\\/fr\\\/#\\\/schema\\\/logo\\\/image\\\/\",\"url\":\"https:\\\/\\\/media.acninternational.org\\\/wp-content\\\/uploads\\\/2019\\\/11\\\/acn_logo_blackvector.svg\",\"contentUrl\":\"https:\\\/\\\/media.acninternational.org\\\/wp-content\\\/uploads\\\/2019\\\/11\\\/acn_logo_blackvector.svg\",\"width\":232.6,\"height\":78,\"caption\":\"Aid to the Church in Need International\"},\"image\":{\"@id\":\"https:\\\/\\\/acninternational.org\\\/fr\\\/#\\\/schema\\\/logo\\\/image\\\/\"},\"sameAs\":[\"https:\\\/\\\/www.facebook.com\\\/acninternationalorg\",\"https:\\\/\\\/x.com\\\/acn_int\",\"https:\\\/\\\/www.youtube.com\\\/channel\\\/UCQ-077gS0TnVzkhHmf1opZw\",\"https:\\\/\\\/www.instagram.com\\\/acn_international\\\/\"]}]}<\/script>\n<!-- \/ Yoast SEO Premium plugin. -->","yoast_head_json":{"title":"Nos domaines d\u2019intervention | ACN International","robots":{"index":"index","follow":"follow","max-snippet":"max-snippet:-1","max-image-preview":"max-image-preview:large","max-video-preview":"max-video-preview:-1"},"canonical":"https:\/\/acninternational.org\/fr\/nos-domaines-dintervention\/","og_locale":"fr_FR","og_type":"article","og_title":"Nos domaines d\u2019intervention","og_description":"Depuis l\u2019origine, l\u2019Eglise a toujours pris soin de ceux qui sont dans le besoin. En plus de sa mission pastorale, elle parraine des organisations d\u2019aide sociale dans le monde entier et soutient les personnes qui en ont besoin dans les diverses zones de crise. Mais ce que beaucoup ignorent, c\u2019est que l\u2019Eglise elle-m\u00eame a souvent [&hellip;]","og_url":"https:\/\/acninternational.org\/fr\/nos-domaines-dintervention\/","og_site_name":"ACN International","article_publisher":"https:\/\/www.facebook.com\/acninternationalorg","article_modified_time":"2019-12-03T15:31:47+00:00","og_image":[{"width":2000,"height":625,"url":"https:\/\/media.acninternational.org\/wp-content\/uploads\/2019\/09\/acn-20180913-76690_web-2000.jpg","type":"image\/jpeg"}],"twitter_card":"summary_large_image","twitter_site":"@acn_int","twitter_misc":{"Dur\u00e9e de lecture estim\u00e9e":"4 minutes"},"schema":{"@context":"https:\/\/schema.org","@graph":[{"@type":"WebPage","@id":"https:\/\/acninternational.org\/fr\/nos-domaines-dintervention\/","url":"https:\/\/acninternational.org\/fr\/nos-domaines-dintervention\/","name":"Nos domaines d\u2019intervention | ACN International","isPartOf":{"@id":"https:\/\/acninternational.org\/fr\/#website"},"primaryImageOfPage":{"@id":"https:\/\/acninternational.org\/fr\/nos-domaines-dintervention\/#primaryimage"},"image":{"@id":"https:\/\/acninternational.org\/fr\/nos-domaines-dintervention\/#primaryimage"},"thumbnailUrl":"https:\/\/media.acninternational.org\/wp-content\/uploads\/2019\/09\/acn-20180913-76690_web-2000.jpg","datePublished":"2019-10-04T10:43:07+00:00","dateModified":"2019-12-03T15:31:47+00:00","breadcrumb":{"@id":"https:\/\/acninternational.org\/fr\/nos-domaines-dintervention\/#breadcrumb"},"inLanguage":"fr-FR","potentialAction":[{"@type":"ReadAction","target":["https:\/\/acninternational.org\/fr\/nos-domaines-dintervention\/"]}]},{"@type":"ImageObject","inLanguage":"fr-FR","@id":"https:\/\/acninternational.org\/fr\/nos-domaines-dintervention\/#primaryimage","url":"https:\/\/media.acninternational.org\/wp-content\/uploads\/2019\/09\/acn-20180913-76690_web-2000.jpg","contentUrl":"https:\/\/media.acninternational.org\/wp-content\/uploads\/2019\/09\/acn-20180913-76690_web-2000.jpg","width":2000,"height":625},{"@type":"BreadcrumbList","@id":"https:\/\/acninternational.org\/fr\/nos-domaines-dintervention\/#breadcrumb","itemListElement":[{"@type":"ListItem","position":1,"name":"Home","item":"https:\/\/acninternational.org\/fr\/"},{"@type":"ListItem","position":2,"name":"Nos domaines d\u2019intervention"}]},{"@type":"WebSite","@id":"https:\/\/acninternational.org\/fr\/#website","url":"https:\/\/acninternational.org\/fr\/","name":"ACN International","description":"","publisher":{"@id":"https:\/\/acninternational.org\/fr\/#organization"},"potentialAction":[{"@type":"SearchAction","target":{"@type":"EntryPoint","urlTemplate":"https:\/\/acninternational.org\/fr\/?s={search_term_string}"},"query-input":{"@type":"PropertyValueSpecification","valueRequired":true,"valueName":"search_term_string"}}],"inLanguage":"fr-FR"},{"@type":"Organization","@id":"https:\/\/acninternational.org\/fr\/#organization","name":"Aid to the Church in Need International","url":"https:\/\/acninternational.org\/fr\/","logo":{"@type":"ImageObject","inLanguage":"fr-FR","@id":"https:\/\/acninternational.org\/fr\/#\/schema\/logo\/image\/","url":"https:\/\/media.acninternational.org\/wp-content\/uploads\/2019\/11\/acn_logo_blackvector.svg","contentUrl":"https:\/\/media.acninternational.org\/wp-content\/uploads\/2019\/11\/acn_logo_blackvector.svg","width":232.6,"height":78,"caption":"Aid to the Church in Need International"},"image":{"@id":"https:\/\/acninternational.org\/fr\/#\/schema\/logo\/image\/"},"sameAs":["https:\/\/www.facebook.com\/acninternationalorg","https:\/\/x.com\/acn_int","https:\/\/www.youtube.com\/channel\/UCQ-077gS0TnVzkhHmf1opZw","https:\/\/www.instagram.com\/acn_international\/"]}]}},"_links":{"self":[{"href":"https:\/\/acninternational.org\/fr\/wp-json\/wp\/v2\/pages\/123414","targetHints":{"allow":["GET"]}}],"collection":[{"href":"https:\/\/acninternational.org\/fr\/wp-json\/wp\/v2\/pages"}],"about":[{"href":"https:\/\/acninternational.org\/fr\/wp-json\/wp\/v2\/types\/page"}],"author":[{"embeddable":true,"href":"https:\/\/acninternational.org\/fr\/wp-json\/wp\/v2\/users\/1"}],"replies":[{"embeddable":true,"href":"https:\/\/acninternational.org\/fr\/wp-json\/wp\/v2\/comments?post=123414"}],"version-history":[{"count":0,"href":"https:\/\/acninternational.org\/fr\/wp-json\/wp\/v2\/pages\/123414\/revisions"}],"wp:featuredmedia":[{"embeddable":true,"href":"https:\/\/acninternational.org\/fr\/wp-json\/wp\/v2\/media\/123447"}],"wp:attachment":[{"href":"https:\/\/acninternational.org\/fr\/wp-json\/wp\/v2\/media?parent=123414"}],"curies":[{"name":"wp","href":"https:\/\/api.w.org\/{rel}","templated":true}]}}