{"id":123391,"date":"2019-09-16T16:43:41","date_gmt":"2019-09-16T14:43:41","guid":{"rendered":"https:\/\/acninternational.org\/chiffres-cles\/"},"modified":"2020-05-25T15:41:35","modified_gmt":"2020-05-25T13:41:35","slug":"chiffres-cles","status":"publish","type":"page","link":"https:\/\/acninternational.org\/fr\/chiffres-cles\/","title":{"rendered":"Chiffres-cl\u00e9s"},"content":{"rendered":"<h1>Chiffres-cl\u00e9s pour 2018<\/h1>\n<p>Durant l\u2019ann\u00e9e 2018, nous avons re\u00e7u 7 607 demandes d\u2019aide du monde entier. Grace a la g\u00e9n\u00e9rosit\u00e9 de nos bienfaiteurs, nous avons pu financer des activit\u00e9s pour un montant de 110,5 millions d\u2019euros.* La majeure partie des dons \u2013 80,1 % \u2013 a servi \u00e0 financer des d\u00e9penses li\u00e9es a la mission d\u2019ACN, c\u2019est-\u00e0-dire le financement de projets concrets et des activit\u00e9s d\u2019information, de medias et de pri\u00e8re.<\/p>\n<p>\t\t\t\t\t\t\t\t\t\t<img decoding=\"async\" src=\"https:\/\/media.acninternational.org\/wp-content\/uploads\/2019\/09\/kuchen1a_white_total.svg\" alt=\"\" height=\"273.07\" width=\"716.95\" \/><br \/>\n\t\t\t<svg xmlns=\"http:\/\/www.w3.org\/2000\/svg\" xmlns:xlink=\"http:\/\/www.w3.org\/1999\/xlink\" id=\"Layer_1\" x=\"0px\" y=\"0px\" viewBox=\"0 0 19.2 15.5\" style=\"enable-background:new 0 0 19.2 15.5;\" xml:space=\"preserve\"> <\/p>\n<style type=\"text\/css\"> .st0{fill:#B81325;} <\/style>\n<p> <g> <g id=\"Layer_1-2\"> <path d=\"M0,0h3.5v1.1h-2v13.2h2v1.1H0V0z\"><\/path> <path d=\"M15.7,14.4h2V1.1h-2V0h3.5v15.5h-3.5V14.4z\"><\/path> <path d=\"M8.8,8.5H5.6V7h3.2V3.6h1.6V7h3.2v1.5h-3.2v3.4H8.8V8.5z\"><\/path> <\/g> <\/g> <\/svg><br \/>\n\t\t\t\u20ac110.5 million<br \/>\n\t\t\tD\u00e9tails de l\u2019utilisation des fonds<br \/>\n\t\t\t&nbsp;D\u00e9penses li\u00e9es \u00e0 notre mission<br \/>\n\t\t\t&nbsp;Frais administratifs<br \/>\n\t\t\t&nbsp;Frais de communication et de collecte de fonds<br \/>\n\t\t\t<svg xmlns=\"http:\/\/www.w3.org\/2000\/svg\" xmlns:xlink=\"http:\/\/www.w3.org\/1999\/xlink\" id=\"Layer_1\" x=\"0px\" y=\"0px\" viewBox=\"0 0 19.2 15.5\" style=\"enable-background:new 0 0 19.2 15.5;\" xml:space=\"preserve\"> <\/p>\n<style type=\"text\/css\"> .st0{fill:#B81325;} <\/style>\n<p> <g> <g id=\"Layer_1-2\"> <path d=\"M0,0h3.5v1.1h-2v13.2h2v1.1H0V0z\"><\/path> <path d=\"M15.7,14.4h2V1.1h-2V0h3.5v15.5h-3.5V14.4z\"><\/path> <path d=\"M8.8,8.5H5.6V7h3.2V3.6h1.6V7h3.2v1.5h-3.2v3.4H8.8V8.5z\"><\/path> <\/g> <\/g> <\/svg><br \/>\n\t\t\t\u20ac88.5 million<br \/>\n\t\t\tD\u00e9penses li\u00e9es \u00e0 notre mission<br \/>\n\t\t\t&nbsp;Financement de projets<br \/>\n\t\t\t&nbsp;Information, propagation de la foi et plaidoyers pour les chr\u00e9tiens discrimin\u00e9s et pers\u00e9cut\u00e9s \t\t<\/p>\n<p>Nous maintenons aussi faible que possible la part revenant aux d\u00e9penses n\u00e9cessaires li\u00e9es \u00e0 l\u2019administration et la collecte de fonds, correspondant respectivement \u00e0 8,5 % et 11,4 %, afin que le maximum de moyens parviennent aux chr\u00e9tiens sur place.<\/p>\n<p>\t\t\tBureaux dans 23<br \/>\n\t\t\tPlus de 330,000<br \/>\n\t\t\t111,108,825<br \/>\n\t\t\tUtilisation de 2.8<br \/>\n\t\t\tPartenaires de projets dans 139<br \/>\n\t\t\t5,019<br \/>\n\t\t\t80.1%<br \/>\n\t\t\tpays<br \/>\n\t\t\tbienfaiteurs par an dans le monde<br \/>\n\t\t\teuros de dons et autres recettes<br \/>\n\t\t\tmillions d\u2019euros d\u2019exc\u00e9dents des ann\u00e9es pr\u00e9c\u00e9dentes<br \/>\n\t\t\tpays<br \/>\n\t\t\tprojets soutenus dans le monde<br \/>\n\t\t\tdes dons sont destin\u00e9s \u00e0 des d\u00e9penses li\u00e9es \u00e0 notre mission<br \/>\n\t\t\tOffices in 23 countries<br \/>\n\t\t\tMore than 330,000 donors worldwide per year\u200b<br \/>\n\t\t\t111,108,825 euros in donations and other income\u200b<br \/>\n\t\t\tUse of 2.8 million euros in surpluses from previous years\u200b<br \/>\n\t\t\tProject partners in 139 countries\u200b<br \/>\n\t\t\t5,019 projects supported worldwide\u200b<br \/>\n\t\t\t80.1% of the funds used are allocated to mission-related expenses\u200b\t\t<\/p>\n<p>Ainsi, en 2018, avec pr\u00e8s de 75,5 millions d\u2019euros, nous avons pu contribuer a un total de 5 019 projets dans 139 pays. Gr\u00e2ce a une somme suppl\u00e9mentaire de 13,0 millions d\u2019euros, nous nous sommes engag\u00e9s dans le monde entier pour les chr\u00e9tiens discrimin\u00e9s et pers\u00e9cut\u00e9s.<\/p>\n<p>Les fonds issus des legs ayant baisse de 11,7 millions d\u2019euros par rapport \u00e0 l\u2019ann\u00e9e pr\u00e9c\u00e9dente, le nombre de projets soutenus a diminu\u00e9 en cons\u00e9quence en 2018. Nous nous r\u00e9jouissons par ailleurs car les recettes provenant des dons sont rest\u00e9es stables. C\u2019est sur cette base que nous construisons nos engagements pour l\u2019avenir.<\/p>\n<h1>\u00ab La reconstruction, la formation \u00e0 la foi et l\u2019aide d\u2019urgence dans les zones de guerre ont constitu\u00e9 nos principales priorit\u00e9s en 2018. \u00bb<\/h1>\n<p>Les projets que nous soutenons sont en premier lieu de nature pastorale. En 2018, environ un tiers des d\u00e9penses a \u00e9t\u00e9 affecte a la construction de b\u00e2timents de s\u00e9minaires et a la construction et r\u00e9novation d\u2019\u00e9glises et d\u2019infrastructures eccl\u00e9siales.<\/p>\n<p>Plus d\u2019un cinqui\u00e8me de notre budget consacre aux projets est all\u00e9 \u00e0 la formation des pr\u00eatres et des religieuses ainsi qu\u2019\u00e0 la formation \u00e0 la foi des la\u00efcs.<\/p>\n<p>Une part consid\u00e9rable de nos fonds, pr\u00e8s d\u2018un huiti\u00e8me, a \u00e9t\u00e9 allou\u00e9e \u00e0 l\u2018aide d\u2018urgence, comme par exemple pour les nombreuses victimes des crises au Proche-Orient.<\/p>\n<p>Une constante importante est \u00e9galement notre attribution d\u2019offrandes de messe. En 2018 nous avons fait parvenir des intentions de messe d\u2019une valeur de 12,4 millions d\u2019euros \u00e0 des pr\u00eatres dans le monde entier.<\/p>\n<p>\t\t\t\t\t\t\t\t\t\t<img decoding=\"async\" src=\"https:\/\/media.acninternational.org\/wp-content\/uploads\/2019\/09\/kuchen3.svg\" alt=\"\" height=\"198.4\" width=\"198.5\" \/><br \/>\n\t\t\t<svg xmlns=\"http:\/\/www.w3.org\/2000\/svg\" xmlns:xlink=\"http:\/\/www.w3.org\/1999\/xlink\" id=\"Layer_1\" x=\"0px\" y=\"0px\" viewBox=\"0 0 19.2 15.5\" style=\"enable-background:new 0 0 19.2 15.5;\" xml:space=\"preserve\"> <\/p>\n<style type=\"text\/css\"> .st0{fill:#B81325;} <\/style>\n<p> <g> <g id=\"Layer_1-2\"> <path d=\"M0,0h3.5v1.1h-2v13.2h2v1.1H0V0z\"><\/path> <path d=\"M15.7,14.4h2V1.1h-2V0h3.5v15.5h-3.5V14.4z\"><\/path> <path d=\"M8.8,8.5H5.6V7h3.2V3.6h1.6V7h3.2v1.5h-3.2v3.4H8.8V8.5z\"><\/path> <\/g> <\/g> <\/svg><br \/>\n\t\t\t\u20ac75.5 million<br \/>\n\t\t\tR\u00e9partition de notre aide par cat\u00e9gorie<br \/>\n\t\t\th<br \/>\n\t\t\tConstruction et r\u00e9novation<br \/>\n\t\t\ta<br \/>\n\t\t\tOffrandes de messe<br \/>\n\t\t\ti<br \/>\n\t\t\tAide d\u2019urgence<br \/>\n\t\t\tb<br \/>\n\t\t\tFormation des pr\u00eatres et des religieux<br \/>\n\t\t\td<br \/>\n\t\t\tFormation \u00e0 la foi des la\u00efcs<br \/>\n\t\t\tg<br \/>\n\t\t\tMoyens de transport pour l\u2019accompagnement pastoral<br \/>\n\t\t\te\t\t<\/p>\n<p>Distribution de Bibles, de livres religieux et m\u00e9dias<\/p>\n<p>\t\t\tc<br \/>\n\t\t\tAide de subsistance pour les religieux\t\t<\/p>\n<blockquote class=\"wp-block-quote blockquote ps-3 py-2\">\n<p>\u00ab Nos mesures d\u2019aide commencent par un dialogue \u00e9troit avec les \u00e9glises locales. \u00bb<\/p>\n<\/blockquote>\n<p>En 2018, nous avons soutenu prioritairement des projets au Proche-Orient et en Afrique. Dans notre travail sur les projets, le dialogue avec les Eglises locales reste primordial. Car les \u00e9v\u00eaques et les religieux savent mieux que quiconque quelle d\u00e9tresse est la plus grande et quelles mesures d\u2019aide doivent \u00eatre prises. Nous consid\u00e9rons que notre mission prioritaire est de soutenir l\u2019Eglise, surtout la ou les chr\u00e9tiens sont expos\u00e9s \u00e0 la guerre, \u00e0 l\u2019oppression, aux pers\u00e9cutions et \u00e0 la violence.<\/p>\n<p>Le Proche-Orient a \u00e9t\u00e9 malheureusement \u00e0 nouveau en 2018 un foyer de violence ou des fid\u00e8les ont \u00e9t\u00e9 expos\u00e9s en de nombreux endroits quotidiennement \u00e0 l\u2019arbitraire et aux s\u00e9vices de Daesh et d\u2019autres groupes islamistes. C\u2019est pourquoi les projets d\u2019aide pour la Syrie et l\u2019Irak continuent d\u2019\u00eatre en t\u00eate de nos priorit\u00e9s.<\/p>\n<p>Mais aussi en Afrique, les chr\u00e9tiens souffrent dans de nombreux pays de la pers\u00e9cution et de la violence de l\u2019islamisme radical. L\u2019Afrique est en m\u00eame temps le continent ou le nombre des fid\u00e8les progresse le plus rapidement. Nos aides pour l\u2019Afrique tiennent compte de ces \u00e9volutions car en 2018 plus d\u2019un quart de notre budget consacre aux projets a \u00e9t\u00e9 attribu\u00e9 aux Eglises locales des pays africains.<\/p>\n<p>En Asie, notre aide va encore prioritairement aux r\u00e9gions comme le Pakistan et les Philippines ou l\u2019islamisme radical gagne aussi du terrain.<\/p>\n<p>Nous sommes naturellement actifs aussi en Inde ou un hindouisme de plus en plus radical pers\u00e9cute la minorit\u00e9 chr\u00e9tienne et l\u2019opprime par la violence.<\/p>\n<p>Mais aussi la Chine, le Vietnam ou le Laos qui souffrent depuis des d\u00e9cennies des structures du r\u00e9gime communiste, demeurent sur notre liste.<\/p>\n<p>\t\t\t\t\t\t\t\t\t\t<img decoding=\"async\" src=\"https:\/\/media.acninternational.org\/wp-content\/uploads\/2019\/09\/kuchen2.svg\" alt=\"\" height=\"198.4\" width=\"198.5\" \/><br \/>\n\t\t\t<svg xmlns=\"http:\/\/www.w3.org\/2000\/svg\" xmlns:xlink=\"http:\/\/www.w3.org\/1999\/xlink\" id=\"Layer_1\" x=\"0px\" y=\"0px\" viewBox=\"0 0 19.2 15.5\" style=\"enable-background:new 0 0 19.2 15.5;\" xml:space=\"preserve\"> <\/p>\n<style type=\"text\/css\"> .st0{fill:#B81325;} <\/style>\n<p> <g> <g id=\"Layer_1-2\"> <path d=\"M0,0h3.5v1.1h-2v13.2h2v1.1H0V0z\"><\/path> <path d=\"M15.7,14.4h2V1.1h-2V0h3.5v15.5h-3.5V14.4z\"><\/path> <path d=\"M8.8,8.5H5.6V7h3.2V3.6h1.6V7h3.2v1.5h-3.2v3.4H8.8V8.5z\"><\/path> <\/g> <\/g> <\/svg><br \/>\n\t\t\t\u20ac75.5 million<br \/>\n\t\t\tSoutien accord\u00e9 par r\u00e9gion<br \/>\n\t\t\t&nbsp;Afrique<br \/>\n\t\t\t&nbsp;Proche-Orient<br \/>\n\t\t\t&nbsp;Asie\/Oc\u00e9anie<br \/>\n\t\t\t&nbsp;Am\u00e9rique latine<br \/>\n\t\t\t&nbsp;Europe de l\u2019Ouest\/de l\u2019Est<br \/>\n\t\t\t&nbsp;Divers<\/p>\n","protected":false},"excerpt":{"rendered":"<p>Chiffres-cl\u00e9s pour 2018 Durant l\u2019ann\u00e9e 2018, nous avons re\u00e7u 7 607 demandes d\u2019aide du monde entier. Grace a la g\u00e9n\u00e9rosit\u00e9 de nos bienfaiteurs, nous avons pu financer des activit\u00e9s pour un montant de 110,5 millions d\u2019euros.* La majeure partie des dons \u2013 80,1 % \u2013 a servi \u00e0 financer des d\u00e9penses li\u00e9es a la mission [&hellip;]<\/p>\n","protected":false},"author":1,"featured_media":136032,"parent":0,"menu_order":0,"comment_status":"closed","ping_status":"closed","template":"","meta":{"_acf_changed":false,"footnotes":""},"class_list":["post-123391","page","type-page","status-publish","has-post-thumbnail","hentry"],"acf":[],"yoast_head":"<!-- This site is optimized with the Yoast SEO Premium plugin v27.3 (Yoast SEO v27.3) - https:\/\/yoast.com\/product\/yoast-seo-premium-wordpress\/ -->\n<title>Chiffres-cl\u00e9s | ACN International<\/title>\n<meta name=\"robots\" content=\"index, follow, max-snippet:-1, max-image-preview:large, max-video-preview:-1\" \/>\n<link rel=\"canonical\" href=\"https:\/\/acninternational.org\/fr\/chiffres-cles\/\" \/>\n<meta property=\"og:locale\" content=\"fr_FR\" \/>\n<meta property=\"og:type\" content=\"article\" \/>\n<meta property=\"og:title\" content=\"Chiffres-cl\u00e9s\" \/>\n<meta property=\"og:description\" content=\"Chiffres-cl\u00e9s pour 2018 Durant l\u2019ann\u00e9e 2018, nous avons re\u00e7u 7 607 demandes d\u2019aide du monde entier. Grace a la g\u00e9n\u00e9rosit\u00e9 de nos bienfaiteurs, nous avons pu financer des activit\u00e9s pour un montant de 110,5 millions d\u2019euros.* La majeure partie des dons \u2013 80,1 % \u2013 a servi \u00e0 financer des d\u00e9penses li\u00e9es a la mission [&hellip;]\" \/>\n<meta property=\"og:url\" content=\"https:\/\/acninternational.org\/fr\/chiffres-cles\/\" \/>\n<meta property=\"og:site_name\" content=\"ACN International\" \/>\n<meta property=\"article:publisher\" content=\"https:\/\/www.facebook.com\/acninternationalorg\" \/>\n<meta property=\"article:modified_time\" content=\"2020-05-25T13:41:35+00:00\" \/>\n<meta property=\"og:image\" content=\"https:\/\/media.acninternational.org\/wp-content\/uploads\/2020\/05\/cover_facts-and-figures.jpg\" \/>\n\t<meta property=\"og:image:width\" content=\"2000\" \/>\n\t<meta property=\"og:image:height\" content=\"625\" \/>\n\t<meta property=\"og:image:type\" content=\"image\/jpeg\" \/>\n<meta name=\"twitter:card\" content=\"summary_large_image\" \/>\n<meta name=\"twitter:site\" content=\"@acn_int\" \/>\n<meta name=\"twitter:label1\" content=\"Dur\u00e9e de lecture estim\u00e9e\" \/>\n\t<meta name=\"twitter:data1\" content=\"5 minutes\" \/>\n<script type=\"application\/ld+json\" class=\"yoast-schema-graph\">{\"@context\":\"https:\\\/\\\/schema.org\",\"@graph\":[{\"@type\":\"WebPage\",\"@id\":\"https:\\\/\\\/acninternational.org\\\/fr\\\/chiffres-cles\\\/\",\"url\":\"https:\\\/\\\/acninternational.org\\\/fr\\\/chiffres-cles\\\/\",\"name\":\"Chiffres-cl\u00e9s | ACN International\",\"isPartOf\":{\"@id\":\"https:\\\/\\\/acninternational.org\\\/fr\\\/#website\"},\"primaryImageOfPage\":{\"@id\":\"https:\\\/\\\/acninternational.org\\\/fr\\\/chiffres-cles\\\/#primaryimage\"},\"image\":{\"@id\":\"https:\\\/\\\/acninternational.org\\\/fr\\\/chiffres-cles\\\/#primaryimage\"},\"thumbnailUrl\":\"https:\\\/\\\/media.acninternational.org\\\/wp-content\\\/uploads\\\/2020\\\/05\\\/cover_facts-and-figures.jpg\",\"datePublished\":\"2019-09-16T14:43:41+00:00\",\"dateModified\":\"2020-05-25T13:41:35+00:00\",\"breadcrumb\":{\"@id\":\"https:\\\/\\\/acninternational.org\\\/fr\\\/chiffres-cles\\\/#breadcrumb\"},\"inLanguage\":\"fr-FR\",\"potentialAction\":[{\"@type\":\"ReadAction\",\"target\":[\"https:\\\/\\\/acninternational.org\\\/fr\\\/chiffres-cles\\\/\"]}]},{\"@type\":\"ImageObject\",\"inLanguage\":\"fr-FR\",\"@id\":\"https:\\\/\\\/acninternational.org\\\/fr\\\/chiffres-cles\\\/#primaryimage\",\"url\":\"https:\\\/\\\/media.acninternational.org\\\/wp-content\\\/uploads\\\/2020\\\/05\\\/cover_facts-and-figures.jpg\",\"contentUrl\":\"https:\\\/\\\/media.acninternational.org\\\/wp-content\\\/uploads\\\/2020\\\/05\\\/cover_facts-and-figures.jpg\",\"width\":2000,\"height\":625},{\"@type\":\"BreadcrumbList\",\"@id\":\"https:\\\/\\\/acninternational.org\\\/fr\\\/chiffres-cles\\\/#breadcrumb\",\"itemListElement\":[{\"@type\":\"ListItem\",\"position\":1,\"name\":\"Home\",\"item\":\"https:\\\/\\\/acninternational.org\\\/fr\\\/\"},{\"@type\":\"ListItem\",\"position\":2,\"name\":\"Chiffres-cl\u00e9s\"}]},{\"@type\":\"WebSite\",\"@id\":\"https:\\\/\\\/acninternational.org\\\/fr\\\/#website\",\"url\":\"https:\\\/\\\/acninternational.org\\\/fr\\\/\",\"name\":\"ACN International\",\"description\":\"\",\"publisher\":{\"@id\":\"https:\\\/\\\/acninternational.org\\\/fr\\\/#organization\"},\"potentialAction\":[{\"@type\":\"SearchAction\",\"target\":{\"@type\":\"EntryPoint\",\"urlTemplate\":\"https:\\\/\\\/acninternational.org\\\/fr\\\/?s={search_term_string}\"},\"query-input\":{\"@type\":\"PropertyValueSpecification\",\"valueRequired\":true,\"valueName\":\"search_term_string\"}}],\"inLanguage\":\"fr-FR\"},{\"@type\":\"Organization\",\"@id\":\"https:\\\/\\\/acninternational.org\\\/fr\\\/#organization\",\"name\":\"Aid to the Church in Need International\",\"url\":\"https:\\\/\\\/acninternational.org\\\/fr\\\/\",\"logo\":{\"@type\":\"ImageObject\",\"inLanguage\":\"fr-FR\",\"@id\":\"https:\\\/\\\/acninternational.org\\\/fr\\\/#\\\/schema\\\/logo\\\/image\\\/\",\"url\":\"https:\\\/\\\/media.acninternational.org\\\/wp-content\\\/uploads\\\/2019\\\/11\\\/acn_logo_blackvector.svg\",\"contentUrl\":\"https:\\\/\\\/media.acninternational.org\\\/wp-content\\\/uploads\\\/2019\\\/11\\\/acn_logo_blackvector.svg\",\"width\":232.6,\"height\":78,\"caption\":\"Aid to the Church in Need International\"},\"image\":{\"@id\":\"https:\\\/\\\/acninternational.org\\\/fr\\\/#\\\/schema\\\/logo\\\/image\\\/\"},\"sameAs\":[\"https:\\\/\\\/www.facebook.com\\\/acninternationalorg\",\"https:\\\/\\\/x.com\\\/acn_int\",\"https:\\\/\\\/www.youtube.com\\\/channel\\\/UCQ-077gS0TnVzkhHmf1opZw\",\"https:\\\/\\\/www.instagram.com\\\/acn_international\\\/\"]}]}<\/script>\n<!-- \/ Yoast SEO Premium plugin. -->","yoast_head_json":{"title":"Chiffres-cl\u00e9s | ACN International","robots":{"index":"index","follow":"follow","max-snippet":"max-snippet:-1","max-image-preview":"max-image-preview:large","max-video-preview":"max-video-preview:-1"},"canonical":"https:\/\/acninternational.org\/fr\/chiffres-cles\/","og_locale":"fr_FR","og_type":"article","og_title":"Chiffres-cl\u00e9s","og_description":"Chiffres-cl\u00e9s pour 2018 Durant l\u2019ann\u00e9e 2018, nous avons re\u00e7u 7 607 demandes d\u2019aide du monde entier. Grace a la g\u00e9n\u00e9rosit\u00e9 de nos bienfaiteurs, nous avons pu financer des activit\u00e9s pour un montant de 110,5 millions d\u2019euros.* La majeure partie des dons \u2013 80,1 % \u2013 a servi \u00e0 financer des d\u00e9penses li\u00e9es a la mission [&hellip;]","og_url":"https:\/\/acninternational.org\/fr\/chiffres-cles\/","og_site_name":"ACN International","article_publisher":"https:\/\/www.facebook.com\/acninternationalorg","article_modified_time":"2020-05-25T13:41:35+00:00","og_image":[{"width":2000,"height":625,"url":"https:\/\/media.acninternational.org\/wp-content\/uploads\/2020\/05\/cover_facts-and-figures.jpg","type":"image\/jpeg"}],"twitter_card":"summary_large_image","twitter_site":"@acn_int","twitter_misc":{"Dur\u00e9e de lecture estim\u00e9e":"5 minutes"},"schema":{"@context":"https:\/\/schema.org","@graph":[{"@type":"WebPage","@id":"https:\/\/acninternational.org\/fr\/chiffres-cles\/","url":"https:\/\/acninternational.org\/fr\/chiffres-cles\/","name":"Chiffres-cl\u00e9s | ACN International","isPartOf":{"@id":"https:\/\/acninternational.org\/fr\/#website"},"primaryImageOfPage":{"@id":"https:\/\/acninternational.org\/fr\/chiffres-cles\/#primaryimage"},"image":{"@id":"https:\/\/acninternational.org\/fr\/chiffres-cles\/#primaryimage"},"thumbnailUrl":"https:\/\/media.acninternational.org\/wp-content\/uploads\/2020\/05\/cover_facts-and-figures.jpg","datePublished":"2019-09-16T14:43:41+00:00","dateModified":"2020-05-25T13:41:35+00:00","breadcrumb":{"@id":"https:\/\/acninternational.org\/fr\/chiffres-cles\/#breadcrumb"},"inLanguage":"fr-FR","potentialAction":[{"@type":"ReadAction","target":["https:\/\/acninternational.org\/fr\/chiffres-cles\/"]}]},{"@type":"ImageObject","inLanguage":"fr-FR","@id":"https:\/\/acninternational.org\/fr\/chiffres-cles\/#primaryimage","url":"https:\/\/media.acninternational.org\/wp-content\/uploads\/2020\/05\/cover_facts-and-figures.jpg","contentUrl":"https:\/\/media.acninternational.org\/wp-content\/uploads\/2020\/05\/cover_facts-and-figures.jpg","width":2000,"height":625},{"@type":"BreadcrumbList","@id":"https:\/\/acninternational.org\/fr\/chiffres-cles\/#breadcrumb","itemListElement":[{"@type":"ListItem","position":1,"name":"Home","item":"https:\/\/acninternational.org\/fr\/"},{"@type":"ListItem","position":2,"name":"Chiffres-cl\u00e9s"}]},{"@type":"WebSite","@id":"https:\/\/acninternational.org\/fr\/#website","url":"https:\/\/acninternational.org\/fr\/","name":"ACN International","description":"","publisher":{"@id":"https:\/\/acninternational.org\/fr\/#organization"},"potentialAction":[{"@type":"SearchAction","target":{"@type":"EntryPoint","urlTemplate":"https:\/\/acninternational.org\/fr\/?s={search_term_string}"},"query-input":{"@type":"PropertyValueSpecification","valueRequired":true,"valueName":"search_term_string"}}],"inLanguage":"fr-FR"},{"@type":"Organization","@id":"https:\/\/acninternational.org\/fr\/#organization","name":"Aid to the Church in Need International","url":"https:\/\/acninternational.org\/fr\/","logo":{"@type":"ImageObject","inLanguage":"fr-FR","@id":"https:\/\/acninternational.org\/fr\/#\/schema\/logo\/image\/","url":"https:\/\/media.acninternational.org\/wp-content\/uploads\/2019\/11\/acn_logo_blackvector.svg","contentUrl":"https:\/\/media.acninternational.org\/wp-content\/uploads\/2019\/11\/acn_logo_blackvector.svg","width":232.6,"height":78,"caption":"Aid to the Church in Need International"},"image":{"@id":"https:\/\/acninternational.org\/fr\/#\/schema\/logo\/image\/"},"sameAs":["https:\/\/www.facebook.com\/acninternationalorg","https:\/\/x.com\/acn_int","https:\/\/www.youtube.com\/channel\/UCQ-077gS0TnVzkhHmf1opZw","https:\/\/www.instagram.com\/acn_international\/"]}]}},"_links":{"self":[{"href":"https:\/\/acninternational.org\/fr\/wp-json\/wp\/v2\/pages\/123391","targetHints":{"allow":["GET"]}}],"collection":[{"href":"https:\/\/acninternational.org\/fr\/wp-json\/wp\/v2\/pages"}],"about":[{"href":"https:\/\/acninternational.org\/fr\/wp-json\/wp\/v2\/types\/page"}],"author":[{"embeddable":true,"href":"https:\/\/acninternational.org\/fr\/wp-json\/wp\/v2\/users\/1"}],"replies":[{"embeddable":true,"href":"https:\/\/acninternational.org\/fr\/wp-json\/wp\/v2\/comments?post=123391"}],"version-history":[{"count":0,"href":"https:\/\/acninternational.org\/fr\/wp-json\/wp\/v2\/pages\/123391\/revisions"}],"wp:featuredmedia":[{"embeddable":true,"href":"https:\/\/acninternational.org\/fr\/wp-json\/wp\/v2\/media\/136032"}],"wp:attachment":[{"href":"https:\/\/acninternational.org\/fr\/wp-json\/wp\/v2\/media?parent=123391"}],"curies":[{"name":"wp","href":"https:\/\/api.w.org\/{rel}","templated":true}]}}