{"id":123319,"date":"2019-10-29T14:46:33","date_gmt":"2019-10-29T13:46:33","guid":{"rendered":"https:\/\/acninternational.org\/guide-projets\/comment-faire-la-demande\/achat-de-vehicule\/"},"modified":"2022-06-18T10:42:57","modified_gmt":"2022-06-18T08:42:57","slug":"vehicule","status":"publish","type":"page","link":"https:\/\/acninternational.org\/fr\/demander-aide\/comment\/vehicule\/","title":{"rendered":"Achat de v\u00e9hicule"},"content":{"rendered":"<div class=\"vc_row wpb_row vc_inner vc_row-fluid grant-right\">\n<div class=\"wpb_column vc_column_container vc_col-sm-9\">\n<div class=\"vc_column-inner vc_custom_1490747885677\">\n<div class=\"wpb_wrapper\">\n<div class=\"wpb_text_column wpb_content_element grant-p-padding\">\n<div class=\"wpb_wrapper\">\n<p><strong>Principes directeurs<\/strong><\/p>\n<p>Les dons pour l\u2019achat d\u2019un v\u00e9hicule ou d\u2019autres moyens de transport ne sont pas envisag\u00e9s comme des cadeaux en faveur d\u2019un destinataire individuel, mais plut\u00f4t en faveur de paroisses, d\u2019un dioc\u00e8se ou d\u2019une congr\u00e9gation religieuse qui se serviront du v\u00e9hicule.<\/p>\n<p>Partout o\u00f9 cela est faisable, l\u2019AED pr\u00e9f\u00e8re l\u2019achat de produits locaux dans l\u2019espoir qu\u2019il sera plus facile de trouver les pi\u00e8ces de rechange et que les co\u00fbts de r\u00e9paration seront moins \u00e9lev\u00e9s. (Exceptionnellement, dans les pays africains o\u00f9 il co\u00fbte moins cher et o\u00f9 il est plus pratique d\u2019importer de l\u2019\u00e9tranger, nous coop\u00e9rons avec des agences d\u2019approvisionnement. Mais le demandeur doit (pouvoir) couvrir l\u2019importation\/ les droits de douane et autres frais locaux.)<\/p>\n<p>L\u2019AED consid\u00e8re les dons pour l\u2019achat de v\u00e9hicule comme une mani\u00e8re de soutenir le travail\u00a0<b>pastoral<\/b>\u00a0de l\u2019\u00c9glise. Cela signifie que le v\u00e9hicule doit \u00eatre adapt\u00e9 \u00e0 la t\u00e2che (m\u00e9t\u00e9orologie locale et \u00e9tat des routes !). En m\u00eame temps, le mod\u00e8le d\u00e9sir\u00e9 et la marque du v\u00e9hicule devront tenir compte de la modestie qu\u2019on attend de l\u2019\u00c9glise et du respect pour sa cr\u00e9dibilit\u00e9 institutionnelle.<\/p>\n<p>Nous attendons une contribution de la part de l\u2019\u00c9glise locale, en fonction des possibilit\u00e9s de la communaut\u00e9.<\/p>\n<p>Il est n\u00e9cessaire d\u2019avoir l\u2019approbation \u00e9crite de l\u2019ordinaire local ou du sup\u00e9rieur religieux. La demande doit \u00eatre une priorit\u00e9 pastorale dans le dioc\u00e8se (congr\u00e9gation religieuse).<\/p>\n<p>Le demandeur doit justifier l\u2019urgence de la demande avec une description d\u00e9taill\u00e9e de la situation\u00a0<b>pastorale<\/b>\u00a0sur place. En outre nous comptons sur des informations sur le nombre, la taille et les activit\u00e9s des paroisses desservies, les distances \u00e0 parcourir entre elles et quel b\u00e9n\u00e9fice\u00a0<b>pastoral<\/b>\u00a0apporterait un (nouveau) v\u00e9hicule<\/p>\n<div class=\"page\">\n<div id=\"main\">\n<div id=\"col3\">\n<div id=\"col3_content\" class=\"clearfix\">\n<div id=\"bodyText\">\n<p>Veuillez noter que nous ne prenons en compte que les demandes compl\u00e8tes se composant de votre demande de projet \u00e9crite, compl\u00e9t\u00e9e du formulaire de\u00a0<a class=\"download\" href=\"http:\/\/acninternational.org\/wp-content\/uploads\/2017\/06\/VAF-FR.pdf\" target=\"_blank\" rel=\"noopener noreferrer\">demande de v\u00e9hicule\u00a0<\/a>(ou \u00e9quivalent) et de l\u2019approbation de votre \u00e9v\u00eaque.<\/p>\n<\/div>\n<\/div>\n<\/div>\n<\/div>\n<\/div>\n<\/div>\n<\/div>\n<\/div>\n<\/div>\n<\/div>\n<\/div>\n","protected":false},"excerpt":{"rendered":"<p>Principes directeurs Les dons pour l\u2019achat d\u2019un v\u00e9hicule ou d\u2019autres moyens de transport ne sont pas envisag\u00e9s comme des cadeaux en faveur d\u2019un destinataire individuel, mais plut\u00f4t en faveur de paroisses, d\u2019un dioc\u00e8se ou d\u2019une congr\u00e9gation religieuse qui se serviront du v\u00e9hicule. Partout o\u00f9 cela est faisable, l\u2019AED pr\u00e9f\u00e8re l\u2019achat de produits locaux dans l\u2019espoir [&hellip;]<\/p>\n","protected":false},"author":1,"featured_media":123301,"parent":123250,"menu_order":0,"comment_status":"closed","ping_status":"closed","template":"","meta":{"_acf_changed":false,"footnotes":""},"class_list":["post-123319","page","type-page","status-publish","has-post-thumbnail","hentry","page-category-how-to-apply-subpages-fr"],"acf":[],"yoast_head":"<!-- This site is optimized with the Yoast SEO Premium plugin v27.3 (Yoast SEO v27.3) - https:\/\/yoast.com\/product\/yoast-seo-premium-wordpress\/ -->\n<title>Achat de v\u00e9hicule | ACN International<\/title>\n<meta name=\"robots\" content=\"index, follow, max-snippet:-1, max-image-preview:large, max-video-preview:-1\" \/>\n<link rel=\"canonical\" href=\"https:\/\/acninternational.org\/fr\/demander-aide\/comment\/vehicule\/\" \/>\n<meta property=\"og:locale\" content=\"fr_FR\" \/>\n<meta property=\"og:type\" content=\"article\" \/>\n<meta property=\"og:title\" content=\"Achat de v\u00e9hicule\" \/>\n<meta property=\"og:description\" content=\"Principes directeurs Les dons pour l\u2019achat d\u2019un v\u00e9hicule ou d\u2019autres moyens de transport ne sont pas envisag\u00e9s comme des cadeaux en faveur d\u2019un destinataire individuel, mais plut\u00f4t en faveur de paroisses, d\u2019un dioc\u00e8se ou d\u2019une congr\u00e9gation religieuse qui se serviront du v\u00e9hicule. Partout o\u00f9 cela est faisable, l\u2019AED pr\u00e9f\u00e8re l\u2019achat de produits locaux dans l\u2019espoir [&hellip;]\" \/>\n<meta property=\"og:url\" content=\"https:\/\/acninternational.org\/fr\/demander-aide\/comment\/vehicule\/\" \/>\n<meta property=\"og:site_name\" content=\"ACN International\" \/>\n<meta property=\"article:publisher\" content=\"https:\/\/www.facebook.com\/acninternationalorg\" \/>\n<meta property=\"article:modified_time\" content=\"2022-06-18T08:42:57+00:00\" \/>\n<meta property=\"og:image\" content=\"https:\/\/media.acninternational.org\/wp-content\/uploads\/2019\/10\/acn-20190514-87726_web-2000.jpg\" \/>\n\t<meta property=\"og:image:width\" content=\"2000\" \/>\n\t<meta property=\"og:image:height\" content=\"625\" \/>\n\t<meta property=\"og:image:type\" content=\"image\/jpeg\" \/>\n<meta name=\"twitter:card\" content=\"summary_large_image\" \/>\n<meta name=\"twitter:site\" content=\"@acn_int\" \/>\n<meta name=\"twitter:label1\" content=\"Dur\u00e9e de lecture estim\u00e9e\" \/>\n\t<meta name=\"twitter:data1\" content=\"2 minutes\" \/>\n<script type=\"application\/ld+json\" class=\"yoast-schema-graph\">{\"@context\":\"https:\\\/\\\/schema.org\",\"@graph\":[{\"@type\":\"WebPage\",\"@id\":\"https:\\\/\\\/acninternational.org\\\/fr\\\/demander-aide\\\/comment\\\/vehicule\\\/\",\"url\":\"https:\\\/\\\/acninternational.org\\\/fr\\\/demander-aide\\\/comment\\\/vehicule\\\/\",\"name\":\"Achat de v\u00e9hicule | ACN International\",\"isPartOf\":{\"@id\":\"https:\\\/\\\/acninternational.org\\\/fr\\\/#website\"},\"primaryImageOfPage\":{\"@id\":\"https:\\\/\\\/acninternational.org\\\/fr\\\/demander-aide\\\/comment\\\/vehicule\\\/#primaryimage\"},\"image\":{\"@id\":\"https:\\\/\\\/acninternational.org\\\/fr\\\/demander-aide\\\/comment\\\/vehicule\\\/#primaryimage\"},\"thumbnailUrl\":\"https:\\\/\\\/media.acninternational.org\\\/wp-content\\\/uploads\\\/2019\\\/10\\\/acn-20190514-87726_web-2000.jpg\",\"datePublished\":\"2019-10-29T13:46:33+00:00\",\"dateModified\":\"2022-06-18T08:42:57+00:00\",\"breadcrumb\":{\"@id\":\"https:\\\/\\\/acninternational.org\\\/fr\\\/demander-aide\\\/comment\\\/vehicule\\\/#breadcrumb\"},\"inLanguage\":\"fr-FR\",\"potentialAction\":[{\"@type\":\"ReadAction\",\"target\":[\"https:\\\/\\\/acninternational.org\\\/fr\\\/demander-aide\\\/comment\\\/vehicule\\\/\"]}]},{\"@type\":\"ImageObject\",\"inLanguage\":\"fr-FR\",\"@id\":\"https:\\\/\\\/acninternational.org\\\/fr\\\/demander-aide\\\/comment\\\/vehicule\\\/#primaryimage\",\"url\":\"https:\\\/\\\/media.acninternational.org\\\/wp-content\\\/uploads\\\/2019\\\/10\\\/acn-20190514-87726_web-2000.jpg\",\"contentUrl\":\"https:\\\/\\\/media.acninternational.org\\\/wp-content\\\/uploads\\\/2019\\\/10\\\/acn-20190514-87726_web-2000.jpg\",\"width\":2000,\"height\":625,\"caption\":\"Special Case Vehicle Purchase Aid\"},{\"@type\":\"BreadcrumbList\",\"@id\":\"https:\\\/\\\/acninternational.org\\\/fr\\\/demander-aide\\\/comment\\\/vehicule\\\/#breadcrumb\",\"itemListElement\":[{\"@type\":\"ListItem\",\"position\":1,\"name\":\"Home\",\"item\":\"https:\\\/\\\/acninternational.org\\\/fr\\\/\"},{\"@type\":\"ListItem\",\"position\":2,\"name\":\"Demander de l&#8217;aide\",\"item\":\"https:\\\/\\\/acninternational.org\\\/fr\\\/demander-aide\\\/\"},{\"@type\":\"ListItem\",\"position\":3,\"name\":\"Comment faire la demande\",\"item\":\"https:\\\/\\\/acninternational.org\\\/fr\\\/demander-aide\\\/comment\\\/\"},{\"@type\":\"ListItem\",\"position\":4,\"name\":\"Achat de v\u00e9hicule\"}]},{\"@type\":\"WebSite\",\"@id\":\"https:\\\/\\\/acninternational.org\\\/fr\\\/#website\",\"url\":\"https:\\\/\\\/acninternational.org\\\/fr\\\/\",\"name\":\"ACN International\",\"description\":\"\",\"publisher\":{\"@id\":\"https:\\\/\\\/acninternational.org\\\/fr\\\/#organization\"},\"potentialAction\":[{\"@type\":\"SearchAction\",\"target\":{\"@type\":\"EntryPoint\",\"urlTemplate\":\"https:\\\/\\\/acninternational.org\\\/fr\\\/?s={search_term_string}\"},\"query-input\":{\"@type\":\"PropertyValueSpecification\",\"valueRequired\":true,\"valueName\":\"search_term_string\"}}],\"inLanguage\":\"fr-FR\"},{\"@type\":\"Organization\",\"@id\":\"https:\\\/\\\/acninternational.org\\\/fr\\\/#organization\",\"name\":\"Aid to the Church in Need International\",\"url\":\"https:\\\/\\\/acninternational.org\\\/fr\\\/\",\"logo\":{\"@type\":\"ImageObject\",\"inLanguage\":\"fr-FR\",\"@id\":\"https:\\\/\\\/acninternational.org\\\/fr\\\/#\\\/schema\\\/logo\\\/image\\\/\",\"url\":\"https:\\\/\\\/media.acninternational.org\\\/wp-content\\\/uploads\\\/2019\\\/11\\\/acn_logo_blackvector.svg\",\"contentUrl\":\"https:\\\/\\\/media.acninternational.org\\\/wp-content\\\/uploads\\\/2019\\\/11\\\/acn_logo_blackvector.svg\",\"width\":232.6,\"height\":78,\"caption\":\"Aid to the Church in Need International\"},\"image\":{\"@id\":\"https:\\\/\\\/acninternational.org\\\/fr\\\/#\\\/schema\\\/logo\\\/image\\\/\"},\"sameAs\":[\"https:\\\/\\\/www.facebook.com\\\/acninternationalorg\",\"https:\\\/\\\/x.com\\\/acn_int\",\"https:\\\/\\\/www.youtube.com\\\/channel\\\/UCQ-077gS0TnVzkhHmf1opZw\",\"https:\\\/\\\/www.instagram.com\\\/acn_international\\\/\"]}]}<\/script>\n<!-- \/ Yoast SEO Premium plugin. -->","yoast_head_json":{"title":"Achat de v\u00e9hicule | ACN International","robots":{"index":"index","follow":"follow","max-snippet":"max-snippet:-1","max-image-preview":"max-image-preview:large","max-video-preview":"max-video-preview:-1"},"canonical":"https:\/\/acninternational.org\/fr\/demander-aide\/comment\/vehicule\/","og_locale":"fr_FR","og_type":"article","og_title":"Achat de v\u00e9hicule","og_description":"Principes directeurs Les dons pour l\u2019achat d\u2019un v\u00e9hicule ou d\u2019autres moyens de transport ne sont pas envisag\u00e9s comme des cadeaux en faveur d\u2019un destinataire individuel, mais plut\u00f4t en faveur de paroisses, d\u2019un dioc\u00e8se ou d\u2019une congr\u00e9gation religieuse qui se serviront du v\u00e9hicule. Partout o\u00f9 cela est faisable, l\u2019AED pr\u00e9f\u00e8re l\u2019achat de produits locaux dans l\u2019espoir [&hellip;]","og_url":"https:\/\/acninternational.org\/fr\/demander-aide\/comment\/vehicule\/","og_site_name":"ACN International","article_publisher":"https:\/\/www.facebook.com\/acninternationalorg","article_modified_time":"2022-06-18T08:42:57+00:00","og_image":[{"width":2000,"height":625,"url":"https:\/\/media.acninternational.org\/wp-content\/uploads\/2019\/10\/acn-20190514-87726_web-2000.jpg","type":"image\/jpeg"}],"twitter_card":"summary_large_image","twitter_site":"@acn_int","twitter_misc":{"Dur\u00e9e de lecture estim\u00e9e":"2 minutes"},"schema":{"@context":"https:\/\/schema.org","@graph":[{"@type":"WebPage","@id":"https:\/\/acninternational.org\/fr\/demander-aide\/comment\/vehicule\/","url":"https:\/\/acninternational.org\/fr\/demander-aide\/comment\/vehicule\/","name":"Achat de v\u00e9hicule | ACN International","isPartOf":{"@id":"https:\/\/acninternational.org\/fr\/#website"},"primaryImageOfPage":{"@id":"https:\/\/acninternational.org\/fr\/demander-aide\/comment\/vehicule\/#primaryimage"},"image":{"@id":"https:\/\/acninternational.org\/fr\/demander-aide\/comment\/vehicule\/#primaryimage"},"thumbnailUrl":"https:\/\/media.acninternational.org\/wp-content\/uploads\/2019\/10\/acn-20190514-87726_web-2000.jpg","datePublished":"2019-10-29T13:46:33+00:00","dateModified":"2022-06-18T08:42:57+00:00","breadcrumb":{"@id":"https:\/\/acninternational.org\/fr\/demander-aide\/comment\/vehicule\/#breadcrumb"},"inLanguage":"fr-FR","potentialAction":[{"@type":"ReadAction","target":["https:\/\/acninternational.org\/fr\/demander-aide\/comment\/vehicule\/"]}]},{"@type":"ImageObject","inLanguage":"fr-FR","@id":"https:\/\/acninternational.org\/fr\/demander-aide\/comment\/vehicule\/#primaryimage","url":"https:\/\/media.acninternational.org\/wp-content\/uploads\/2019\/10\/acn-20190514-87726_web-2000.jpg","contentUrl":"https:\/\/media.acninternational.org\/wp-content\/uploads\/2019\/10\/acn-20190514-87726_web-2000.jpg","width":2000,"height":625,"caption":"Special Case Vehicle Purchase Aid"},{"@type":"BreadcrumbList","@id":"https:\/\/acninternational.org\/fr\/demander-aide\/comment\/vehicule\/#breadcrumb","itemListElement":[{"@type":"ListItem","position":1,"name":"Home","item":"https:\/\/acninternational.org\/fr\/"},{"@type":"ListItem","position":2,"name":"Demander de l&#8217;aide","item":"https:\/\/acninternational.org\/fr\/demander-aide\/"},{"@type":"ListItem","position":3,"name":"Comment faire la demande","item":"https:\/\/acninternational.org\/fr\/demander-aide\/comment\/"},{"@type":"ListItem","position":4,"name":"Achat de v\u00e9hicule"}]},{"@type":"WebSite","@id":"https:\/\/acninternational.org\/fr\/#website","url":"https:\/\/acninternational.org\/fr\/","name":"ACN International","description":"","publisher":{"@id":"https:\/\/acninternational.org\/fr\/#organization"},"potentialAction":[{"@type":"SearchAction","target":{"@type":"EntryPoint","urlTemplate":"https:\/\/acninternational.org\/fr\/?s={search_term_string}"},"query-input":{"@type":"PropertyValueSpecification","valueRequired":true,"valueName":"search_term_string"}}],"inLanguage":"fr-FR"},{"@type":"Organization","@id":"https:\/\/acninternational.org\/fr\/#organization","name":"Aid to the Church in Need International","url":"https:\/\/acninternational.org\/fr\/","logo":{"@type":"ImageObject","inLanguage":"fr-FR","@id":"https:\/\/acninternational.org\/fr\/#\/schema\/logo\/image\/","url":"https:\/\/media.acninternational.org\/wp-content\/uploads\/2019\/11\/acn_logo_blackvector.svg","contentUrl":"https:\/\/media.acninternational.org\/wp-content\/uploads\/2019\/11\/acn_logo_blackvector.svg","width":232.6,"height":78,"caption":"Aid to the Church in Need International"},"image":{"@id":"https:\/\/acninternational.org\/fr\/#\/schema\/logo\/image\/"},"sameAs":["https:\/\/www.facebook.com\/acninternationalorg","https:\/\/x.com\/acn_int","https:\/\/www.youtube.com\/channel\/UCQ-077gS0TnVzkhHmf1opZw","https:\/\/www.instagram.com\/acn_international\/"]}]}},"_links":{"self":[{"href":"https:\/\/acninternational.org\/fr\/wp-json\/wp\/v2\/pages\/123319","targetHints":{"allow":["GET"]}}],"collection":[{"href":"https:\/\/acninternational.org\/fr\/wp-json\/wp\/v2\/pages"}],"about":[{"href":"https:\/\/acninternational.org\/fr\/wp-json\/wp\/v2\/types\/page"}],"author":[{"embeddable":true,"href":"https:\/\/acninternational.org\/fr\/wp-json\/wp\/v2\/users\/1"}],"replies":[{"embeddable":true,"href":"https:\/\/acninternational.org\/fr\/wp-json\/wp\/v2\/comments?post=123319"}],"version-history":[{"count":0,"href":"https:\/\/acninternational.org\/fr\/wp-json\/wp\/v2\/pages\/123319\/revisions"}],"up":[{"embeddable":true,"href":"https:\/\/acninternational.org\/fr\/wp-json\/wp\/v2\/pages\/123250"}],"wp:featuredmedia":[{"embeddable":true,"href":"https:\/\/acninternational.org\/fr\/wp-json\/wp\/v2\/media\/123301"}],"wp:attachment":[{"href":"https:\/\/acninternational.org\/fr\/wp-json\/wp\/v2\/media?parent=123319"}],"curies":[{"name":"wp","href":"https:\/\/api.w.org\/{rel}","templated":true}]}}