{"id":123318,"date":"2019-10-29T11:23:33","date_gmt":"2019-10-29T10:23:33","guid":{"rendered":"https:\/\/acninternational.org\/guide-projets\/comment-faire-la-demande\/bourses-detudes\/"},"modified":"2026-03-12T17:07:46","modified_gmt":"2026-03-12T16:07:46","slug":"bourses-etude","status":"publish","type":"page","link":"https:\/\/acninternational.org\/fr\/demander-aide\/bourses-etude\/","title":{"rendered":"Programme de bourses d\u2019\u00e9tudes en Europe et au Canada (IFHIM)"},"content":{"rendered":"\n<p><em><strong>ACN International offre des bourses d&rsquo;\u00e9tudes sous forme de bourses partielles pour des cours de niveau sup\u00e9rieur en th\u00e9ologie et en philosophie dans les facult\u00e9s et les universit\u00e9s eccl\u00e9siastiques, principalement en Europe, qui ne sont pas disponibles dans la r\u00e9gion d&rsquo;origine de nos partenaires de projet,&nbsp;<\/strong><\/em><strong><em>ainsi que pour des cours de pr\u00e9vention des abus \u00e0 l\u2019Institut d\u2019Anthropologie (IADC) de l\u2019Universit\u00e9 pontificale gr\u00e9gorienne de Rome.<\/em><\/strong><\/p>\n\n\n\n<h4 class=\"wp-block-heading\" id=\"h-par-qui-et-pour-qui-les-bourses-peuvent-elles-etre-sollicitees\"><strong>Par qui et pour qui les bourses peuvent-elles \u00eatre sollicit\u00e9es ?<\/strong><\/h4>\n\n\n\n<p>Les \u00e9v\u00eaques et les sup\u00e9rieurs religieux des ordres ou congr\u00e9gations peuvent demander une bourse au profit des pr\u00eatres, des membres de leur communaut\u00e9 ou des la\u00efcs. Personnes b\u00e9n\u00e9ficiaires : en particulier les futurs formateurs au s\u00e9minaire, les ma\u00eetres novices, le personnel des tribunaux eccl\u00e9siastiques ainsi que les formateurs et les commissaires dans le domaine de la pr\u00e9vention des abus.<\/p>\n\n\n\n<h4 class=\"wp-block-heading\" id=\"h-quels-sont-les-regles-d-attribution-des-bourses-et-comment-faire-une-demande-de-bourse\"><strong>Quels sont les r\u00e8gles d&rsquo;attribution des bourses et comment faire une demande de bourse ?<\/strong><\/h4>\n\n\n\n<p>Les r\u00e8gles d&rsquo;attribution des bourses sont \u00e9num\u00e9r\u00e9es dans la fiche d&rsquo;information \u00ab\u00a0R\u00e8gles pour l&rsquo;attribution de bourses\u00a0\u00bb (<strong>[<a href=\"https:\/\/media.acninternational.org\/wp-content\/uploads\/2021\/11\/directrices_bourses_f.pdf\" target=\"_blank\" rel=\"noopener\">lien vers la fiche d&rsquo;information\/les r\u00e8gles]<\/a>) <\/strong>&#8211; Veuillez les lire attentivement avant de postuler ! Afin de pouvoir examiner une demande de bourse, nous avons besoin du formulaire de demande d\u00fbment rempli et accompagn\u00e9 de tous les documents n\u00e9cessaires (<strong><a href=\"https:\/\/media.acninternational.org\/wp-content\/uploads\/2023\/10\/f_demande_de_bourse__formulaire.pdf\" target=\"_blank\" rel=\"noopener\">[lien vers le formulaire de demande])<\/a><\/strong>&nbsp;avant le : <strong>1<sup>er<\/sup> Mars \u2013 r\u00e9ponse par E-Mail exclusivement :&nbsp;<\/strong><\/p>\n\n\n\n<h4 class=\"wp-block-heading\" id=\"h-personnes-a-contacter-par-pays-region-et-institution\"><strong>Personnes \u00e0 contacter par pays\/r\u00e9gion et institution<\/strong><\/h4>\n\n\n\n<figure class=\"wp-block-table\"><table class=\"has-fixed-layout\"><tbody><tr><td>Pays d&rsquo;\u00e9tude \/ Institution<\/td><td>\u00c9tudiants originaires de (origine)<\/td><td>Responsable<\/td><td>E-mail<\/td><\/tr><tr><td>Allemagne, Autriche, Pologne<\/td><td>Tous les \u00e9tudiants<\/td><td>Mme Sigrid Dapper<\/td><td><a href=\"mailto:sd@acn-intl.org\">sd@acn-intl.org<\/a><\/td><\/tr><tr><td>Rome<\/td><td>Inde, autres pays anglophones d&rsquo;Asie, Am\u00e9rique latine<\/td><td>Mme Sigrid Dapper<\/td><td><a href=\"mailto:sd@acn-intl.org\">sd@acn-intl.org<\/a><\/td><\/tr><tr><td>Institut d&rsquo;anthropologie (IADC, Rome)<\/td><td>Tous les \u00e9tudiants<\/td><td>Mme Sigrid Dapper<\/td><td><a href=\"mailto:sd@acn-intl.org\">sd@acn-intl.org<\/a><\/td><\/tr><tr><td>Auxilium (Rome)<\/td><td>Tous les \u00e9tudiants<\/td><td>Mme Sigrid Dapper<\/td><td><a href=\"mailto:sd@acn-intl.org\">sd@acn-intl.org<\/a><\/td><\/tr><tr><td>Espagne, Portugal<\/td><td>Tous les \u00e9tudiants<\/td><td>Mme Patricia Gonz\u00e1lez-Orbegoso<\/td><td><a href=\"mailto:pg@acn-intl.org\">pg@acn-intl.org<\/a><\/td><\/tr><tr><td>KU Leuven (Belgique)<\/td><td>Tous les \u00e9tudiants<\/td><td>Mme Patricia Gonz\u00e1lez-Orbegoso<\/td><td><a href=\"mailto:pg@acn-intl.org\">pg@acn-intl.org<\/a><\/td><\/tr><tr><td>Rome<\/td><td>Afrique anglophone<\/td><td>Mme Patricia Gonz\u00e1lez-Orbegoso<\/td><td><a href=\"mailto:pg@acn-intl.org\">pg@acn-intl.org<\/a><\/td><\/tr><tr><td>France<\/td><td>Tous les \u00e9tudiants<\/td><td>Mme Livia Lancellotti<\/td><td><a href=\"mailto:lila@acn-intl.org\">lila@acn-intl.org<\/a><\/td><\/tr><tr><td>Lumen Vitae, Namur (Belgique francophone)<\/td><td>Tous les \u00e9tudiants<\/td><td>Mme Livia Lancellotti<\/td><td><a href=\"mailto:lila@acn-intl.org\">lila@acn-intl.org<\/a><\/td><\/tr><tr><td>Rome<\/td><td>Afrique francophone, Moyen-Orient, Europe de l&rsquo;Est<\/td><td>Mme Livia Lancellotti<\/td><td><a href=\"mailto:lila@acn-intl.org\">lila@acn-intl.org<\/a><\/td><\/tr><tr><td>Institut de Formation Humaine Int\u00e9grale (IFHIM, Montr\u00e9al)<\/td><td>Tous les \u00e9tudiants<\/td><td>Mme Livia Lancellotti<\/td><td><a href=\"mailto:lila@acn-intl.org\">lila@acn-intl.org<\/a><\/td><\/tr><\/tbody><\/table><\/figure>\n\n\n\n<h4 class=\"wp-block-heading\" id=\"h-a-quoi-faut-il-preter-attention\"><strong>A quoi faut-il pr\u00eater attention ?<\/strong><\/h4>\n\n\n\n<p>Veuillez rassembler les documents requis dans l&rsquo;ordre indiqu\u00e9 (voir le formulaire de demande) en un seul document PDF coh\u00e9rent. N&rsquo;oubliez pas les signatures et les cachets.<\/p>\n\n\n\n<h4 class=\"wp-block-heading\" id=\"h-quel-est-le-delai-de-traitement\"><strong>Quel est le d\u00e9lai de traitement ?<\/strong><\/h4>\n\n\n\n<p>Apr\u00e8s avoir re\u00e7u et enregistr\u00e9 votre demande, nous vous enverrons un accus\u00e9 de r\u00e9ception. Compte tenu du grand nombre de demandes \u00e0 \u00e9tudier, le d\u00e9lai de traitement est d&rsquo;au moins trois mois, \u00e0 compter du 1er mars. Merci de bien vouloir vous abstenir de poser des questions sur l&rsquo;\u00e9tat d&rsquo;avancement du traitement de votre dossier.<\/p>\n\n\n\n<figure class=\"wp-block-table\"><table class=\"has-fixed-layout\"><tbody><tr><td><em>Contact person for scholarships:<\/em>\n<p><a href=\"mailto:jl@acn-intl.org\">jl@acn-intl.org<\/a>, Julian L\u00f6ffler, Head of the Scholarship Section<\/p>\n<p>+49 (0) 6174 291 207<\/p>\n<\/td><\/tr><\/tbody><\/table><\/figure>\n\n\n\n<hr class=\"wp-block-separator has-alpha-channel-opacity\"\/>\n\n\n\n<p><em>Formulaires pour les bourses en cours :<\/em><\/p>\n\n\n\n<p><a href=\"https:\/\/media.acninternational.org\/wp-content\/uploads\/2024\/02\/f_formulaire_donnees_bancaires.pdf\">Formulaire de donn\u00e9es bancaires<\/a><\/p>\n\n\n\n<p><a href=\"https:\/\/media.acninternational.org\/wp-content\/uploads\/2026\/03\/f_formulaire_renouvellement_de-_bourse.pdf\" target=\"_blank\" rel=\"noreferrer noopener\">Formulaire renouvellement de bourse d\u2019\u00e9tudes<\/a><\/p>\n\n\n\n<p><\/p>\n","protected":false},"excerpt":{"rendered":"<p>ACN International offre des bourses d&rsquo;\u00e9tudes sous forme de bourses partielles pour des cours de niveau sup\u00e9rieur en th\u00e9ologie et en philosophie dans les facult\u00e9s et les universit\u00e9s eccl\u00e9siastiques, principalement en Europe, qui ne sont pas disponibles dans la r\u00e9gion d&rsquo;origine de nos partenaires de projet,&nbsp;ainsi que pour des cours de pr\u00e9vention des abus \u00e0 [&hellip;]<\/p>\n","protected":false},"author":1,"featured_media":144380,"parent":123247,"menu_order":0,"comment_status":"closed","ping_status":"closed","template":"","meta":{"_acf_changed":false,"footnotes":""},"class_list":["post-123318","page","type-page","status-publish","has-post-thumbnail","hentry","page-category-how-to-apply-subpages-fr"],"acf":[],"yoast_head":"<!-- This site is optimized with the Yoast SEO Premium plugin v27.3 (Yoast SEO v27.3) - https:\/\/yoast.com\/product\/yoast-seo-premium-wordpress\/ -->\n<title>Programme de bourses d\u2019\u00e9tudes en Europe et au Canada (IFHIM) | ACN International<\/title>\n<meta name=\"robots\" content=\"index, follow, max-snippet:-1, max-image-preview:large, max-video-preview:-1\" \/>\n<link rel=\"canonical\" href=\"https:\/\/acninternational.org\/fr\/demander-aide\/bourses-etude\/\" \/>\n<meta property=\"og:locale\" content=\"fr_FR\" \/>\n<meta property=\"og:type\" content=\"article\" \/>\n<meta property=\"og:title\" content=\"Programme de bourses d\u2019\u00e9tudes en Europe et au Canada (IFHIM)\" \/>\n<meta property=\"og:description\" content=\"ACN International offre des bourses d&rsquo;\u00e9tudes sous forme de bourses partielles pour des cours de niveau sup\u00e9rieur en th\u00e9ologie et en philosophie dans les facult\u00e9s et les universit\u00e9s eccl\u00e9siastiques, principalement en Europe, qui ne sont pas disponibles dans la r\u00e9gion d&rsquo;origine de nos partenaires de projet,&nbsp;ainsi que pour des cours de pr\u00e9vention des abus \u00e0 [&hellip;]\" \/>\n<meta property=\"og:url\" content=\"https:\/\/acninternational.org\/fr\/demander-aide\/bourses-etude\/\" \/>\n<meta property=\"og:site_name\" content=\"ACN International\" \/>\n<meta property=\"article:publisher\" content=\"https:\/\/www.facebook.com\/acninternationalorg\" \/>\n<meta property=\"article:modified_time\" content=\"2026-03-12T16:07:46+00:00\" \/>\n<meta property=\"og:image\" content=\"https:\/\/media.acninternational.org\/wp-content\/uploads\/2020\/11\/Seminarists.jpg\" \/>\n\t<meta property=\"og:image:width\" content=\"1400\" \/>\n\t<meta property=\"og:image:height\" content=\"438\" \/>\n\t<meta property=\"og:image:type\" content=\"image\/jpeg\" \/>\n<meta name=\"twitter:card\" content=\"summary_large_image\" \/>\n<meta name=\"twitter:site\" content=\"@acn_int\" \/>\n<meta name=\"twitter:label1\" content=\"Dur\u00e9e de lecture estim\u00e9e\" \/>\n\t<meta name=\"twitter:data1\" content=\"3 minutes\" \/>\n<script type=\"application\/ld+json\" class=\"yoast-schema-graph\">{\"@context\":\"https:\\\/\\\/schema.org\",\"@graph\":[{\"@type\":\"WebPage\",\"@id\":\"https:\\\/\\\/acninternational.org\\\/fr\\\/demander-aide\\\/bourses-etude\\\/\",\"url\":\"https:\\\/\\\/acninternational.org\\\/fr\\\/demander-aide\\\/bourses-etude\\\/\",\"name\":\"Programme de bourses d\u2019\u00e9tudes en Europe et au Canada (IFHIM) | ACN International\",\"isPartOf\":{\"@id\":\"https:\\\/\\\/acninternational.org\\\/fr\\\/#website\"},\"primaryImageOfPage\":{\"@id\":\"https:\\\/\\\/acninternational.org\\\/fr\\\/demander-aide\\\/bourses-etude\\\/#primaryimage\"},\"image\":{\"@id\":\"https:\\\/\\\/acninternational.org\\\/fr\\\/demander-aide\\\/bourses-etude\\\/#primaryimage\"},\"thumbnailUrl\":\"https:\\\/\\\/media.acninternational.org\\\/wp-content\\\/uploads\\\/2020\\\/11\\\/Seminarists.jpg\",\"datePublished\":\"2019-10-29T10:23:33+00:00\",\"dateModified\":\"2026-03-12T16:07:46+00:00\",\"breadcrumb\":{\"@id\":\"https:\\\/\\\/acninternational.org\\\/fr\\\/demander-aide\\\/bourses-etude\\\/#breadcrumb\"},\"inLanguage\":\"fr-FR\",\"potentialAction\":[{\"@type\":\"ReadAction\",\"target\":[\"https:\\\/\\\/acninternational.org\\\/fr\\\/demander-aide\\\/bourses-etude\\\/\"]}]},{\"@type\":\"ImageObject\",\"inLanguage\":\"fr-FR\",\"@id\":\"https:\\\/\\\/acninternational.org\\\/fr\\\/demander-aide\\\/bourses-etude\\\/#primaryimage\",\"url\":\"https:\\\/\\\/media.acninternational.org\\\/wp-content\\\/uploads\\\/2020\\\/11\\\/Seminarists.jpg\",\"contentUrl\":\"https:\\\/\\\/media.acninternational.org\\\/wp-content\\\/uploads\\\/2020\\\/11\\\/Seminarists.jpg\",\"width\":1400,\"height\":438},{\"@type\":\"BreadcrumbList\",\"@id\":\"https:\\\/\\\/acninternational.org\\\/fr\\\/demander-aide\\\/bourses-etude\\\/#breadcrumb\",\"itemListElement\":[{\"@type\":\"ListItem\",\"position\":1,\"name\":\"Home\",\"item\":\"https:\\\/\\\/acninternational.org\\\/fr\\\/\"},{\"@type\":\"ListItem\",\"position\":2,\"name\":\"Demander de l&#8217;aide\",\"item\":\"https:\\\/\\\/acninternational.org\\\/fr\\\/demander-aide\\\/\"},{\"@type\":\"ListItem\",\"position\":3,\"name\":\"Programme de bourses d\u2019\u00e9tudes en Europe et au Canada (IFHIM)\"}]},{\"@type\":\"WebSite\",\"@id\":\"https:\\\/\\\/acninternational.org\\\/fr\\\/#website\",\"url\":\"https:\\\/\\\/acninternational.org\\\/fr\\\/\",\"name\":\"ACN International\",\"description\":\"\",\"publisher\":{\"@id\":\"https:\\\/\\\/acninternational.org\\\/fr\\\/#organization\"},\"potentialAction\":[{\"@type\":\"SearchAction\",\"target\":{\"@type\":\"EntryPoint\",\"urlTemplate\":\"https:\\\/\\\/acninternational.org\\\/fr\\\/?s={search_term_string}\"},\"query-input\":{\"@type\":\"PropertyValueSpecification\",\"valueRequired\":true,\"valueName\":\"search_term_string\"}}],\"inLanguage\":\"fr-FR\"},{\"@type\":\"Organization\",\"@id\":\"https:\\\/\\\/acninternational.org\\\/fr\\\/#organization\",\"name\":\"Aid to the Church in Need International\",\"url\":\"https:\\\/\\\/acninternational.org\\\/fr\\\/\",\"logo\":{\"@type\":\"ImageObject\",\"inLanguage\":\"fr-FR\",\"@id\":\"https:\\\/\\\/acninternational.org\\\/fr\\\/#\\\/schema\\\/logo\\\/image\\\/\",\"url\":\"https:\\\/\\\/media.acninternational.org\\\/wp-content\\\/uploads\\\/2019\\\/11\\\/acn_logo_blackvector.svg\",\"contentUrl\":\"https:\\\/\\\/media.acninternational.org\\\/wp-content\\\/uploads\\\/2019\\\/11\\\/acn_logo_blackvector.svg\",\"width\":232.6,\"height\":78,\"caption\":\"Aid to the Church in Need International\"},\"image\":{\"@id\":\"https:\\\/\\\/acninternational.org\\\/fr\\\/#\\\/schema\\\/logo\\\/image\\\/\"},\"sameAs\":[\"https:\\\/\\\/www.facebook.com\\\/acninternationalorg\",\"https:\\\/\\\/x.com\\\/acn_int\",\"https:\\\/\\\/www.youtube.com\\\/channel\\\/UCQ-077gS0TnVzkhHmf1opZw\",\"https:\\\/\\\/www.instagram.com\\\/acn_international\\\/\"]}]}<\/script>\n<!-- \/ Yoast SEO Premium plugin. -->","yoast_head_json":{"title":"Programme de bourses d\u2019\u00e9tudes en Europe et au Canada (IFHIM) | ACN International","robots":{"index":"index","follow":"follow","max-snippet":"max-snippet:-1","max-image-preview":"max-image-preview:large","max-video-preview":"max-video-preview:-1"},"canonical":"https:\/\/acninternational.org\/fr\/demander-aide\/bourses-etude\/","og_locale":"fr_FR","og_type":"article","og_title":"Programme de bourses d\u2019\u00e9tudes en Europe et au Canada (IFHIM)","og_description":"ACN International offre des bourses d&rsquo;\u00e9tudes sous forme de bourses partielles pour des cours de niveau sup\u00e9rieur en th\u00e9ologie et en philosophie dans les facult\u00e9s et les universit\u00e9s eccl\u00e9siastiques, principalement en Europe, qui ne sont pas disponibles dans la r\u00e9gion d&rsquo;origine de nos partenaires de projet,&nbsp;ainsi que pour des cours de pr\u00e9vention des abus \u00e0 [&hellip;]","og_url":"https:\/\/acninternational.org\/fr\/demander-aide\/bourses-etude\/","og_site_name":"ACN International","article_publisher":"https:\/\/www.facebook.com\/acninternationalorg","article_modified_time":"2026-03-12T16:07:46+00:00","og_image":[{"width":1400,"height":438,"url":"https:\/\/media.acninternational.org\/wp-content\/uploads\/2020\/11\/Seminarists.jpg","type":"image\/jpeg"}],"twitter_card":"summary_large_image","twitter_site":"@acn_int","twitter_misc":{"Dur\u00e9e de lecture estim\u00e9e":"3 minutes"},"schema":{"@context":"https:\/\/schema.org","@graph":[{"@type":"WebPage","@id":"https:\/\/acninternational.org\/fr\/demander-aide\/bourses-etude\/","url":"https:\/\/acninternational.org\/fr\/demander-aide\/bourses-etude\/","name":"Programme de bourses d\u2019\u00e9tudes en Europe et au Canada (IFHIM) | ACN International","isPartOf":{"@id":"https:\/\/acninternational.org\/fr\/#website"},"primaryImageOfPage":{"@id":"https:\/\/acninternational.org\/fr\/demander-aide\/bourses-etude\/#primaryimage"},"image":{"@id":"https:\/\/acninternational.org\/fr\/demander-aide\/bourses-etude\/#primaryimage"},"thumbnailUrl":"https:\/\/media.acninternational.org\/wp-content\/uploads\/2020\/11\/Seminarists.jpg","datePublished":"2019-10-29T10:23:33+00:00","dateModified":"2026-03-12T16:07:46+00:00","breadcrumb":{"@id":"https:\/\/acninternational.org\/fr\/demander-aide\/bourses-etude\/#breadcrumb"},"inLanguage":"fr-FR","potentialAction":[{"@type":"ReadAction","target":["https:\/\/acninternational.org\/fr\/demander-aide\/bourses-etude\/"]}]},{"@type":"ImageObject","inLanguage":"fr-FR","@id":"https:\/\/acninternational.org\/fr\/demander-aide\/bourses-etude\/#primaryimage","url":"https:\/\/media.acninternational.org\/wp-content\/uploads\/2020\/11\/Seminarists.jpg","contentUrl":"https:\/\/media.acninternational.org\/wp-content\/uploads\/2020\/11\/Seminarists.jpg","width":1400,"height":438},{"@type":"BreadcrumbList","@id":"https:\/\/acninternational.org\/fr\/demander-aide\/bourses-etude\/#breadcrumb","itemListElement":[{"@type":"ListItem","position":1,"name":"Home","item":"https:\/\/acninternational.org\/fr\/"},{"@type":"ListItem","position":2,"name":"Demander de l&#8217;aide","item":"https:\/\/acninternational.org\/fr\/demander-aide\/"},{"@type":"ListItem","position":3,"name":"Programme de bourses d\u2019\u00e9tudes en Europe et au Canada (IFHIM)"}]},{"@type":"WebSite","@id":"https:\/\/acninternational.org\/fr\/#website","url":"https:\/\/acninternational.org\/fr\/","name":"ACN International","description":"","publisher":{"@id":"https:\/\/acninternational.org\/fr\/#organization"},"potentialAction":[{"@type":"SearchAction","target":{"@type":"EntryPoint","urlTemplate":"https:\/\/acninternational.org\/fr\/?s={search_term_string}"},"query-input":{"@type":"PropertyValueSpecification","valueRequired":true,"valueName":"search_term_string"}}],"inLanguage":"fr-FR"},{"@type":"Organization","@id":"https:\/\/acninternational.org\/fr\/#organization","name":"Aid to the Church in Need International","url":"https:\/\/acninternational.org\/fr\/","logo":{"@type":"ImageObject","inLanguage":"fr-FR","@id":"https:\/\/acninternational.org\/fr\/#\/schema\/logo\/image\/","url":"https:\/\/media.acninternational.org\/wp-content\/uploads\/2019\/11\/acn_logo_blackvector.svg","contentUrl":"https:\/\/media.acninternational.org\/wp-content\/uploads\/2019\/11\/acn_logo_blackvector.svg","width":232.6,"height":78,"caption":"Aid to the Church in Need International"},"image":{"@id":"https:\/\/acninternational.org\/fr\/#\/schema\/logo\/image\/"},"sameAs":["https:\/\/www.facebook.com\/acninternationalorg","https:\/\/x.com\/acn_int","https:\/\/www.youtube.com\/channel\/UCQ-077gS0TnVzkhHmf1opZw","https:\/\/www.instagram.com\/acn_international\/"]}]}},"_links":{"self":[{"href":"https:\/\/acninternational.org\/fr\/wp-json\/wp\/v2\/pages\/123318","targetHints":{"allow":["GET"]}}],"collection":[{"href":"https:\/\/acninternational.org\/fr\/wp-json\/wp\/v2\/pages"}],"about":[{"href":"https:\/\/acninternational.org\/fr\/wp-json\/wp\/v2\/types\/page"}],"author":[{"embeddable":true,"href":"https:\/\/acninternational.org\/fr\/wp-json\/wp\/v2\/users\/1"}],"replies":[{"embeddable":true,"href":"https:\/\/acninternational.org\/fr\/wp-json\/wp\/v2\/comments?post=123318"}],"version-history":[{"count":4,"href":"https:\/\/acninternational.org\/fr\/wp-json\/wp\/v2\/pages\/123318\/revisions"}],"predecessor-version":[{"id":262484,"href":"https:\/\/acninternational.org\/fr\/wp-json\/wp\/v2\/pages\/123318\/revisions\/262484"}],"up":[{"embeddable":true,"href":"https:\/\/acninternational.org\/fr\/wp-json\/wp\/v2\/pages\/123247"}],"wp:featuredmedia":[{"embeddable":true,"href":"https:\/\/acninternational.org\/fr\/wp-json\/wp\/v2\/media\/144380"}],"wp:attachment":[{"href":"https:\/\/acninternational.org\/fr\/wp-json\/wp\/v2\/media?parent=123318"}],"curies":[{"name":"wp","href":"https:\/\/api.w.org\/{rel}","templated":true}]}}