{"id":123316,"date":"2019-09-16T10:06:02","date_gmt":"2019-09-16T08:06:02","guid":{"rendered":"https:\/\/acninternational.org\/guide-projets\/comment-faire-la-demande\/intentions-de-messe\/"},"modified":"2023-08-03T15:47:57","modified_gmt":"2023-08-03T13:47:57","slug":"intentions-messe","status":"publish","type":"page","link":"https:\/\/acninternational.org\/fr\/demander-aide\/intentions-messe\/","title":{"rendered":"Intentions de messe"},"content":{"rendered":"<p>La pratique consistant \u00e0 faire des offrandes de messe remonte \u00e0 l\u2019\u00c9glise primitive, quand les fid\u00e8les apportaient du pain et du vin pour la messe, et d\u2019autres pr\u00e9sents pour soutenir les pr\u00eatres et les pauvres. De nos jours, une offrande de messe sous forme mon\u00e9taire, qu\u2019on appelle \u00ab\u00a0honoraires de messe\u00a0\u00bb, est un moyen pour les fid\u00e8les d\u2019inclure une intention particuli\u00e8re dans la c\u00e9l\u00e9bration de la Sainte Eucharistie. Cette offrande unit \u00e9troitement le donateur \u00e0 la vie et \u00e0 la mission de l\u2019\u00c9glise \u2013 le Corps du Christ \u2013 car l\u2019offrande devient une forme de soutien mat\u00e9riel aux ministres de l\u2019\u00c9glise et \u00e0 leurs activit\u00e9s pastorales.<\/p>\n<p>La messe ne doit jamais \u00eatre l\u2019occasion \u00ab\u00a0d\u2019acheter et de vendre\u00a0\u00bb ou de \u00ab\u00a0faire de l\u2019argent\u00a0\u00bb, et il ne doit m\u00eame pas y avoir la moindre apparence d\u2019un profit sur la base des honoraires de messe. La messe a une valeur inestimable, c\u2019est le sacrifice du Christ pour la vie du monde, c\u2019est pourquoi la messe \u00ab\u00a0ne peut \u00eatre pay\u00e9e\u00a0\u00bb. L\u2019offrande offerte pour la c\u00e9l\u00e9bration d\u2019une messe est une expression du d\u00e9sir du donateur de partager plus intimement les fruits de la messe. Non seulement le don mat\u00e9riel fournit au pr\u00eatre de quoi subsister, mais il exprime aussi le don de soi du donateur \u00e0 Dieu.<\/p>\n<p>Dans la plupart des pays du monde, les pr\u00eatres ne re\u00e7oivent pas ou tr\u00e8s peu de soutien financier r\u00e9gulier. La situation \u00e9conomique ne permet pas aux fid\u00e8les de soutenir financi\u00e8rement leurs pr\u00eatres. \u00c0 travers les offrandes de messe, l\u2019AED voudrait donc fournir une aide \u00e0 la subsistance aux pr\u00eatres du monde entier et ainsi leur permettre d\u2019accomplir leur service pastoral.<\/p>\n<p><strong>Comment pr\u00e9senter une demande d\u2019honoraires de messe \u00e0 l\u2019AED<\/strong><\/p>\n<p>La demande \u00ab\u00a0d\u2019honoraires de messe\u00a0\u00bb ne peut \u00eatre soumise \u00e0 l\u2019AED que par l\u2019ordinaire (\u00e9v\u00eaque dioc\u00e9sain ou sup\u00e9rieur religieux), au nom des pr\u00eatres qui travaillent sous sa juridiction. L\u2019AED n\u2019accepte pas les demandes d\u2019honoraires de messe\u00a0 effectu\u00e9es par des pr\u00eatres \u00e0 titre individuel. Les demandes d\u2019honoraires de messe\u00a0devront, de pr\u00e9f\u00e9rence, n\u2019\u00eatre effectu\u00e9es qu\u2019une fois par an.<\/p>\n<p>Si la demande est approuv\u00e9e, l\u2019ordinaire est tenu d\u2019assurer que les honoraires de messe accept\u00e9s soient administr\u00e9s, distribu\u00e9s aux diff\u00e9rents pr\u00eatres et appliqu\u00e9s lors de la c\u00e9l\u00e9bration de la messe, conform\u00e9ment aux Canons 945-958 CIC. En particulier, il doit s\u2019assurer que des messes distinctes soient\u00a0<u>appliqu\u00e9es aux intentions de chacun de ceux pour lesquels une offrande, f\u00fbt-elle modique, a \u00e9t\u00e9 donn\u00e9e et accept\u00e9e<\/u>\u00a0<em>(ad intentionem dantis)<\/em>\u00a0(cf. Can. 948 CIC<a href=\"https:\/\/acninternational.org\/fr\/demander-aide\/intentions-messe\/#_ftn1\" target=\"_blank\" rel=\"noopener\" name=\"_ftnref1\">[1]<\/a>). Chaque pr\u00eatre qui c\u00e9l\u00e8bre la messe aux intentions des donateurs de l\u2019AED devrait recevoir, si rien d\u2019autre n\u2019est convenu avec l\u2019ordinaire, le montant total des honoraires de messe transmis \u00e0 l\u2019ordinaire par l\u2019AED. Il n\u2019est pas permis de combiner plusieurs offrandes de messe re\u00e7ues de l\u2019AED ou de les combiner avec d\u2019autres offrandes de messe et de les satisfaire par une messe unique, c\u00e9l\u00e9br\u00e9e selon ce qu\u2019on appelle une intention \u00ab\u00a0collective\u00a0\u00bb. Les messes correspondant aux offrandes de messe accept\u00e9es doivent \u00eatre c\u00e9l\u00e9br\u00e9es dans un d\u00e9lai d\u2019un an (cf. Can. 953 CIC<a href=\"https:\/\/acninternational.org\/fr\/demander-aide\/intentions-messe\/#_ftn2\" name=\"_ftnref2\">[2]<\/a>).<\/p>\n<p>La c\u00e9l\u00e9bration de\u00a0<em>tridua<\/em>\u00a0(messes sur 3 jours cons\u00e9cutifs), de neuvaines de messes (messes sur 9 jours cons\u00e9cutifs) ou de trentains gr\u00e9goriens (sur 30 jours cons\u00e9cutifs) ne peut \u00eatre interrompue qu\u2019en raison d\u2019un emp\u00eachement soudain (par exemple une maladie) ou d\u2019une autre cause raisonnable (par exemple c\u00e9l\u00e9bration de fun\u00e9railles ou d\u2019une messe de mariage). Toutefois, le pr\u00eatre reste oblig\u00e9 d\u2019achever d\u00e8s que possible la c\u00e9l\u00e9bration des messes particuli\u00e8res.<a href=\"https:\/\/acninternational.org\/fr\/demander-aide\/intentions-messe\/#_ftn3\" name=\"_ftnref3\">[3]<\/a><\/p>\n<p>D\u2019apr\u00e8s le Canon 717 CCEO<a href=\"https:\/\/acninternational.org\/fr\/demander-aide\/intentions-messe\/#_ftn4\" name=\"_ftnref4\">[4]<\/a>, si les pr\u00eatres des \u00c9glises orientales acceptent des offrandes pour c\u00e9l\u00e9brer la divine liturgie des fid\u00e8les chr\u00e9tiens d\u2019une autre \u00c9glise\u00a0<em>sui juris<\/em>\u00a0(dans le cas de l\u2019AED, l\u2019\u00c9glise catholique romaine de rite latin), ils sont tenus d\u2019observer les r\u00e8gles de cette \u00c9glise (CIC).<\/p>\n<p><img loading=\"lazy\" decoding=\"async\" src=\"https:\/\/media.acninternational.org\/wp-content\/uploads\/2019\/09\/acn-20170926-61638_web-680.jpg\" sizes=\"auto, (max-width: 680px) 100vw, 680px\" srcset=\"https:\/\/media.acninternational.org\/wp-content\/uploads\/2019\/09\/acn-20170926-61638_web-680.jpg 680w, https:\/\/media.acninternational.org\/wp-content\/uploads\/2019\/09\/acn-20170926-61638_web-680-300x173.jpg 300w\" alt=\"\" width=\"680\" height=\"391\" \/><\/p>\n<p>Les informations suivantes sont \u00e0 fournir lors d\u2019une demande \u00ab\u00a0d\u2019honoraires de messe<strong>\u00a0<\/strong>\u00bb\u00a0:<a href=\"https:\/\/acninternational.org\/fr\/intentions-de-messe\/#_ftnref1\" name=\"_ftn1\"> <\/a><\/p>\n<ul>\n<li>Justification de la n\u00e9cessit\u00e9 d\u2019honoraires de messe (veuillez noter que les honoraires de messe de l\u2019AED ne sont pas cens\u00e9s remplacer ceux des fid\u00e8les locaux ni r\u00e9duire les efforts pour encourager les fid\u00e8les locaux \u00e0 soutenir leur propre clerg\u00e9 \u00e0 travers cette pratique ancienne de l\u2019\u00c9glise).<\/li>\n<li>Le nombre, les noms et les fonctions des pr\u00eatres ayant besoin d\u2019honoraires de messe, et le nombre d\u2019honoraires de messe qui sont n\u00e9cessaires. Veuillez noter dans la demande quels sont les pr\u00eatres demandant des honoraires de messe pour la c\u00e9l\u00e9bration de Tridua (messes sur 3 jours cons\u00e9cutifs), de neuvaines (messes sur 9 jours cons\u00e9cutifs) ou de trentains gr\u00e9goriens (messes sur 30 jours cons\u00e9cutifs).<\/li>\n<li>Coordonn\u00e9es bancaires (\u00e0 cet effet, vous pouvez utiliser notre\u00a0<a href=\"http:\/\/acninternational.org\/wp-content\/uploads\/2017\/06\/BAF-FR.pdf\">formulaire de demande<\/a>).<\/li>\n<\/ul>\n<p>Attention! Compte tenu des exigences plus strictes en mati\u00e8re de rapports,\u00a0 \u00a0de protection des mineurs et de protection des donn\u00e9es dans le monde d\u2019aujourd\u2019hui, \u00a0ainsi que de notre devoir de montrer \u00e0 nos bienfaiteurs comment leurs dons ont \u00e9t\u00e9 utilis\u00e9s, nous sommes dans l\u2019obligation de vous adresser <a href=\"https:\/\/media.acninternational.org\/wp-content\/uploads\/2021\/08\/FPAM-for-the-website_2021-FRA.pdf\">\u00ab un accord \u00bb et un \u00ab formulaire de protection de donn\u00e9es \u00bb pour les Intentions de messe<\/a>. Veuillez noter que ces deux formulaires doivent \u00eatre sign\u00e9s et nous \u00eatre renvoy\u00e9s avant toute aide accord\u00e9e de notre part.<\/p>\n<p><a href=\"https:\/\/acninternational.org\/fr\/demander-aide\/intentions-messe\/#_ftnref1\" name=\"_ftn1\">[1]<\/a>\u00a0Can.\u00a0948 Des Messes distinctes doivent \u00eatre appliqu\u00e9es aux intentions de chacun de ceux pour lesquels une offrande, f\u00fbt-elle modique, a \u00e9t\u00e9 donn\u00e9e et accept\u00e9e.<\/p>\n<p><a href=\"https:\/\/acninternational.org\/fr\/demander-aide\/intentions-messe\/#_ftnref2\" name=\"_ftn2\">[2]<\/a>\u00a0Can.\u00a0953 Il n\u2019est permis \u00e0 personne de recevoir un nombre tel d\u2019offrandes de Messes \u00e0 appliquer par lui-m\u00eame qu\u2019il ne puisse les acquitter dans l\u2019ann\u00e9e.<\/p>\n<p><a href=\"https:\/\/acninternational.org\/fr\/demander-aide\/intentions-messe\/#_ftnref3\" name=\"_ftn3\">[3]<\/a>\u00a0Cf. Enchidrion Vaticanum 2, Documenti ufficiali della Santa Sede 1963-67, n. 966.<\/p>\n<p><a href=\"https:\/\/acninternational.org\/fr\/demander-aide\/intentions-messe\/#_ftnref4\" name=\"_ftn4\">[4]<\/a>\u00a0Can. 717 du Code canonique des \u00c9glises orientales\u00a0: Si les pr\u00eatres re\u00e7oivent des offrandes pour c\u00e9l\u00e9brer la divine liturgie de la part de fid\u00e8les chr\u00e9tiens d\u2019une autre \u00c9glise de droit propre, ils sont tenus d\u2019observer au sujet de ces offrandes les r\u00e8gles de cette \u00c9glise, sauf s\u2019il s\u2019av\u00e8re qu\u2019il en va autrement de la part de l\u2019offrant.<\/p>\n","protected":false},"excerpt":{"rendered":"<p>La pratique consistant \u00e0 faire des offrandes de messe remonte \u00e0 l\u2019\u00c9glise primitive, quand les fid\u00e8les apportaient du pain et du vin pour la messe, et d\u2019autres pr\u00e9sents pour soutenir les pr\u00eatres et les pauvres. De nos jours, une offrande de messe sous forme mon\u00e9taire, qu\u2019on appelle \u00ab\u00a0honoraires de messe\u00a0\u00bb, est un moyen pour les [&hellip;]<\/p>\n","protected":false},"author":1,"featured_media":123272,"parent":123247,"menu_order":0,"comment_status":"closed","ping_status":"closed","template":"","meta":{"_acf_changed":false,"footnotes":""},"class_list":["post-123316","page","type-page","status-publish","has-post-thumbnail","hentry","page-category-how-to-apply-subpages-fr"],"acf":[],"yoast_head":"<!-- This site is optimized with the Yoast SEO Premium plugin v27.3 (Yoast SEO v27.3) - https:\/\/yoast.com\/product\/yoast-seo-premium-wordpress\/ -->\n<title>Intentions de messe | ACN International<\/title>\n<meta name=\"robots\" content=\"index, follow, max-snippet:-1, max-image-preview:large, max-video-preview:-1\" \/>\n<link rel=\"canonical\" href=\"https:\/\/acninternational.org\/fr\/demander-aide\/intentions-messe\/\" \/>\n<meta property=\"og:locale\" content=\"fr_FR\" \/>\n<meta property=\"og:type\" content=\"article\" \/>\n<meta property=\"og:title\" content=\"Intentions de messe\" \/>\n<meta property=\"og:description\" content=\"La pratique consistant \u00e0 faire des offrandes de messe remonte \u00e0 l\u2019\u00c9glise primitive, quand les fid\u00e8les apportaient du pain et du vin pour la messe, et d\u2019autres pr\u00e9sents pour soutenir les pr\u00eatres et les pauvres. De nos jours, une offrande de messe sous forme mon\u00e9taire, qu\u2019on appelle \u00ab\u00a0honoraires de messe\u00a0\u00bb, est un moyen pour les [&hellip;]\" \/>\n<meta property=\"og:url\" content=\"https:\/\/acninternational.org\/fr\/demander-aide\/intentions-messe\/\" \/>\n<meta property=\"og:site_name\" content=\"ACN International\" \/>\n<meta property=\"article:publisher\" content=\"https:\/\/www.facebook.com\/acninternationalorg\" \/>\n<meta property=\"article:modified_time\" content=\"2023-08-03T13:47:57+00:00\" \/>\n<meta property=\"og:image\" content=\"https:\/\/media.acninternational.org\/wp-content\/uploads\/2019\/09\/acn-20171218-65912_web-2000.jpg\" \/>\n\t<meta property=\"og:image:width\" content=\"2000\" \/>\n\t<meta property=\"og:image:height\" content=\"625\" \/>\n\t<meta property=\"og:image:type\" content=\"image\/jpeg\" \/>\n<meta name=\"twitter:card\" content=\"summary_large_image\" \/>\n<meta name=\"twitter:site\" content=\"@acn_int\" \/>\n<meta name=\"twitter:label1\" content=\"Dur\u00e9e de lecture estim\u00e9e\" \/>\n\t<meta name=\"twitter:data1\" content=\"5 minutes\" \/>\n<script type=\"application\/ld+json\" class=\"yoast-schema-graph\">{\"@context\":\"https:\\\/\\\/schema.org\",\"@graph\":[{\"@type\":\"WebPage\",\"@id\":\"https:\\\/\\\/acninternational.org\\\/fr\\\/demander-aide\\\/intentions-messe\\\/\",\"url\":\"https:\\\/\\\/acninternational.org\\\/fr\\\/demander-aide\\\/intentions-messe\\\/\",\"name\":\"Intentions de messe | ACN International\",\"isPartOf\":{\"@id\":\"https:\\\/\\\/acninternational.org\\\/fr\\\/#website\"},\"primaryImageOfPage\":{\"@id\":\"https:\\\/\\\/acninternational.org\\\/fr\\\/demander-aide\\\/intentions-messe\\\/#primaryimage\"},\"image\":{\"@id\":\"https:\\\/\\\/acninternational.org\\\/fr\\\/demander-aide\\\/intentions-messe\\\/#primaryimage\"},\"thumbnailUrl\":\"https:\\\/\\\/media.acninternational.org\\\/wp-content\\\/uploads\\\/2019\\\/09\\\/acn-20171218-65912_web-2000.jpg\",\"datePublished\":\"2019-09-16T08:06:02+00:00\",\"dateModified\":\"2023-08-03T13:47:57+00:00\",\"breadcrumb\":{\"@id\":\"https:\\\/\\\/acninternational.org\\\/fr\\\/demander-aide\\\/intentions-messe\\\/#breadcrumb\"},\"inLanguage\":\"fr-FR\",\"potentialAction\":[{\"@type\":\"ReadAction\",\"target\":[\"https:\\\/\\\/acninternational.org\\\/fr\\\/demander-aide\\\/intentions-messe\\\/\"]}]},{\"@type\":\"ImageObject\",\"inLanguage\":\"fr-FR\",\"@id\":\"https:\\\/\\\/acninternational.org\\\/fr\\\/demander-aide\\\/intentions-messe\\\/#primaryimage\",\"url\":\"https:\\\/\\\/media.acninternational.org\\\/wp-content\\\/uploads\\\/2019\\\/09\\\/acn-20171218-65912_web-2000.jpg\",\"contentUrl\":\"https:\\\/\\\/media.acninternational.org\\\/wp-content\\\/uploads\\\/2019\\\/09\\\/acn-20171218-65912_web-2000.jpg\",\"width\":2000,\"height\":625},{\"@type\":\"BreadcrumbList\",\"@id\":\"https:\\\/\\\/acninternational.org\\\/fr\\\/demander-aide\\\/intentions-messe\\\/#breadcrumb\",\"itemListElement\":[{\"@type\":\"ListItem\",\"position\":1,\"name\":\"Home\",\"item\":\"https:\\\/\\\/acninternational.org\\\/fr\\\/\"},{\"@type\":\"ListItem\",\"position\":2,\"name\":\"Demander de l&#8217;aide\",\"item\":\"https:\\\/\\\/acninternational.org\\\/fr\\\/demander-aide\\\/\"},{\"@type\":\"ListItem\",\"position\":3,\"name\":\"Intentions de messe\"}]},{\"@type\":\"WebSite\",\"@id\":\"https:\\\/\\\/acninternational.org\\\/fr\\\/#website\",\"url\":\"https:\\\/\\\/acninternational.org\\\/fr\\\/\",\"name\":\"ACN International\",\"description\":\"\",\"publisher\":{\"@id\":\"https:\\\/\\\/acninternational.org\\\/fr\\\/#organization\"},\"potentialAction\":[{\"@type\":\"SearchAction\",\"target\":{\"@type\":\"EntryPoint\",\"urlTemplate\":\"https:\\\/\\\/acninternational.org\\\/fr\\\/?s={search_term_string}\"},\"query-input\":{\"@type\":\"PropertyValueSpecification\",\"valueRequired\":true,\"valueName\":\"search_term_string\"}}],\"inLanguage\":\"fr-FR\"},{\"@type\":\"Organization\",\"@id\":\"https:\\\/\\\/acninternational.org\\\/fr\\\/#organization\",\"name\":\"Aid to the Church in Need International\",\"url\":\"https:\\\/\\\/acninternational.org\\\/fr\\\/\",\"logo\":{\"@type\":\"ImageObject\",\"inLanguage\":\"fr-FR\",\"@id\":\"https:\\\/\\\/acninternational.org\\\/fr\\\/#\\\/schema\\\/logo\\\/image\\\/\",\"url\":\"https:\\\/\\\/media.acninternational.org\\\/wp-content\\\/uploads\\\/2019\\\/11\\\/acn_logo_blackvector.svg\",\"contentUrl\":\"https:\\\/\\\/media.acninternational.org\\\/wp-content\\\/uploads\\\/2019\\\/11\\\/acn_logo_blackvector.svg\",\"width\":232.6,\"height\":78,\"caption\":\"Aid to the Church in Need International\"},\"image\":{\"@id\":\"https:\\\/\\\/acninternational.org\\\/fr\\\/#\\\/schema\\\/logo\\\/image\\\/\"},\"sameAs\":[\"https:\\\/\\\/www.facebook.com\\\/acninternationalorg\",\"https:\\\/\\\/x.com\\\/acn_int\",\"https:\\\/\\\/www.youtube.com\\\/channel\\\/UCQ-077gS0TnVzkhHmf1opZw\",\"https:\\\/\\\/www.instagram.com\\\/acn_international\\\/\"]}]}<\/script>\n<!-- \/ Yoast SEO Premium plugin. -->","yoast_head_json":{"title":"Intentions de messe | ACN International","robots":{"index":"index","follow":"follow","max-snippet":"max-snippet:-1","max-image-preview":"max-image-preview:large","max-video-preview":"max-video-preview:-1"},"canonical":"https:\/\/acninternational.org\/fr\/demander-aide\/intentions-messe\/","og_locale":"fr_FR","og_type":"article","og_title":"Intentions de messe","og_description":"La pratique consistant \u00e0 faire des offrandes de messe remonte \u00e0 l\u2019\u00c9glise primitive, quand les fid\u00e8les apportaient du pain et du vin pour la messe, et d\u2019autres pr\u00e9sents pour soutenir les pr\u00eatres et les pauvres. De nos jours, une offrande de messe sous forme mon\u00e9taire, qu\u2019on appelle \u00ab\u00a0honoraires de messe\u00a0\u00bb, est un moyen pour les [&hellip;]","og_url":"https:\/\/acninternational.org\/fr\/demander-aide\/intentions-messe\/","og_site_name":"ACN International","article_publisher":"https:\/\/www.facebook.com\/acninternationalorg","article_modified_time":"2023-08-03T13:47:57+00:00","og_image":[{"width":2000,"height":625,"url":"https:\/\/media.acninternational.org\/wp-content\/uploads\/2019\/09\/acn-20171218-65912_web-2000.jpg","type":"image\/jpeg"}],"twitter_card":"summary_large_image","twitter_site":"@acn_int","twitter_misc":{"Dur\u00e9e de lecture estim\u00e9e":"5 minutes"},"schema":{"@context":"https:\/\/schema.org","@graph":[{"@type":"WebPage","@id":"https:\/\/acninternational.org\/fr\/demander-aide\/intentions-messe\/","url":"https:\/\/acninternational.org\/fr\/demander-aide\/intentions-messe\/","name":"Intentions de messe | ACN International","isPartOf":{"@id":"https:\/\/acninternational.org\/fr\/#website"},"primaryImageOfPage":{"@id":"https:\/\/acninternational.org\/fr\/demander-aide\/intentions-messe\/#primaryimage"},"image":{"@id":"https:\/\/acninternational.org\/fr\/demander-aide\/intentions-messe\/#primaryimage"},"thumbnailUrl":"https:\/\/media.acninternational.org\/wp-content\/uploads\/2019\/09\/acn-20171218-65912_web-2000.jpg","datePublished":"2019-09-16T08:06:02+00:00","dateModified":"2023-08-03T13:47:57+00:00","breadcrumb":{"@id":"https:\/\/acninternational.org\/fr\/demander-aide\/intentions-messe\/#breadcrumb"},"inLanguage":"fr-FR","potentialAction":[{"@type":"ReadAction","target":["https:\/\/acninternational.org\/fr\/demander-aide\/intentions-messe\/"]}]},{"@type":"ImageObject","inLanguage":"fr-FR","@id":"https:\/\/acninternational.org\/fr\/demander-aide\/intentions-messe\/#primaryimage","url":"https:\/\/media.acninternational.org\/wp-content\/uploads\/2019\/09\/acn-20171218-65912_web-2000.jpg","contentUrl":"https:\/\/media.acninternational.org\/wp-content\/uploads\/2019\/09\/acn-20171218-65912_web-2000.jpg","width":2000,"height":625},{"@type":"BreadcrumbList","@id":"https:\/\/acninternational.org\/fr\/demander-aide\/intentions-messe\/#breadcrumb","itemListElement":[{"@type":"ListItem","position":1,"name":"Home","item":"https:\/\/acninternational.org\/fr\/"},{"@type":"ListItem","position":2,"name":"Demander de l&#8217;aide","item":"https:\/\/acninternational.org\/fr\/demander-aide\/"},{"@type":"ListItem","position":3,"name":"Intentions de messe"}]},{"@type":"WebSite","@id":"https:\/\/acninternational.org\/fr\/#website","url":"https:\/\/acninternational.org\/fr\/","name":"ACN International","description":"","publisher":{"@id":"https:\/\/acninternational.org\/fr\/#organization"},"potentialAction":[{"@type":"SearchAction","target":{"@type":"EntryPoint","urlTemplate":"https:\/\/acninternational.org\/fr\/?s={search_term_string}"},"query-input":{"@type":"PropertyValueSpecification","valueRequired":true,"valueName":"search_term_string"}}],"inLanguage":"fr-FR"},{"@type":"Organization","@id":"https:\/\/acninternational.org\/fr\/#organization","name":"Aid to the Church in Need International","url":"https:\/\/acninternational.org\/fr\/","logo":{"@type":"ImageObject","inLanguage":"fr-FR","@id":"https:\/\/acninternational.org\/fr\/#\/schema\/logo\/image\/","url":"https:\/\/media.acninternational.org\/wp-content\/uploads\/2019\/11\/acn_logo_blackvector.svg","contentUrl":"https:\/\/media.acninternational.org\/wp-content\/uploads\/2019\/11\/acn_logo_blackvector.svg","width":232.6,"height":78,"caption":"Aid to the Church in Need International"},"image":{"@id":"https:\/\/acninternational.org\/fr\/#\/schema\/logo\/image\/"},"sameAs":["https:\/\/www.facebook.com\/acninternationalorg","https:\/\/x.com\/acn_int","https:\/\/www.youtube.com\/channel\/UCQ-077gS0TnVzkhHmf1opZw","https:\/\/www.instagram.com\/acn_international\/"]}]}},"_links":{"self":[{"href":"https:\/\/acninternational.org\/fr\/wp-json\/wp\/v2\/pages\/123316","targetHints":{"allow":["GET"]}}],"collection":[{"href":"https:\/\/acninternational.org\/fr\/wp-json\/wp\/v2\/pages"}],"about":[{"href":"https:\/\/acninternational.org\/fr\/wp-json\/wp\/v2\/types\/page"}],"author":[{"embeddable":true,"href":"https:\/\/acninternational.org\/fr\/wp-json\/wp\/v2\/users\/1"}],"replies":[{"embeddable":true,"href":"https:\/\/acninternational.org\/fr\/wp-json\/wp\/v2\/comments?post=123316"}],"version-history":[{"count":0,"href":"https:\/\/acninternational.org\/fr\/wp-json\/wp\/v2\/pages\/123316\/revisions"}],"up":[{"embeddable":true,"href":"https:\/\/acninternational.org\/fr\/wp-json\/wp\/v2\/pages\/123247"}],"wp:featuredmedia":[{"embeddable":true,"href":"https:\/\/acninternational.org\/fr\/wp-json\/wp\/v2\/media\/123272"}],"wp:attachment":[{"href":"https:\/\/acninternational.org\/fr\/wp-json\/wp\/v2\/media?parent=123316"}],"curies":[{"name":"wp","href":"https:\/\/api.w.org\/{rel}","templated":true}]}}