{"id":123315,"date":"2019-10-29T14:53:48","date_gmt":"2019-10-29T13:53:48","guid":{"rendered":"https:\/\/acninternational.org\/guide-projets\/comment-faire-la-demande\/projet-de-construction\/"},"modified":"2022-06-18T10:40:40","modified_gmt":"2022-06-18T08:40:40","slug":"construction","status":"publish","type":"page","link":"https:\/\/acninternational.org\/fr\/demander-aide\/construction\/","title":{"rendered":"Projet de construction"},"content":{"rendered":"<div class=\"wpb_text_column wpb_content_element grant-p-padding\">\n<div class=\"wpb_wrapper\">\n<p>Les projets de construction tendent par nature \u00e0 \u00eatre parmi les plus techniques et les plus complexes. Nous offrons ici une liste des informations requises. La liste ne pr\u00e9tend pas \u00eatre exhaustive, et chaque point ne s\u2019applique pas n\u00e9cessairement \u00e0 chaque cas particulier.<\/p>\n<p>Liste pour un\u00a0<b>projet de construction<\/b><\/p>\n<\/div>\n<\/div>\n<div class=\"wpb_text_column wpb_content_element grant-list\">\n<div class=\"wpb_wrapper\">\n<ol>\n<li>l\u2019assurance que l\u2019\u00c9glise est propri\u00e9taire du terrain sur lequel l\u2019\u00e9glise (ou tout autre b\u00e2timent eccl\u00e9sial) doit \u00eatre construite. (En Europe de l\u2019Est : une copie de l\u2019acte de propri\u00e9t\u00e9).<\/li>\n<li>une copie du permis de construire.<\/li>\n<li>une copie des plans de construction (plan de l\u2019\u00e9tage, coupe longitudinale et coupe transversale de l\u2019\u00e9tage) montrant la taille exacte et le style du b\u00e2timent pr\u00e9vu. N\u2019envoyez PAS de plan technique, structurel ou provenant de chez un ing\u00e9nieur.<\/li>\n<li>une estimation formelle des frais de construction dans la devise locale (d\u00e9taill\u00e9e, pour montrer non pas simplement le co\u00fbt total mais \u00e9galement le co\u00fbt des composants principaux, par exemple le mat\u00e9riel et le travail, les fondations, les murs, la toiture, etc.).*<\/li>\n<li>un plan de financement montrant les sources de financement destin\u00e9es \u00e0 couvrir les co\u00fbts formels estim\u00e9s. Ceci inclut la contribution locale, les autres sources locales et \u00e9trang\u00e8res, la contribution attendue de la part de l\u2019AED.*<\/li>\n<li>Sp\u00e9cifiez toutes les \u0153uvres de charit\u00e9 qui ont \u00e9t\u00e9 sollicit\u00e9es pour le financement et leur r\u00e9ponse.<\/li>\n<li>L\u2019\u00e9tat actuel de la construction. Si elle est en cours, veuillez d\u00e9crire le travail d\u00e9j\u00e0 effectu\u00e9 jusqu\u2019\u00e0 pr\u00e9sent, envoyez une photo \u00e0 jour, et sp\u00e9cifiez combien d\u2019argent a \u00e9t\u00e9 investi jusqu\u2019\u00e0 pr\u00e9sent et combien il en manque.<\/li>\n<li>une lettre d\u2019approbation de l\u2019\u00e9v\u00eaque local.<\/li>\n<li><a href=\"https:\/\/acninternational.org\/wp-content\/uploads\/sites\/69\/2019\/11\/BAF-FR.pdf\">un formulaire g\u00e9n\u00e9ral de demande<\/a>.<\/li>\n<li>votre demande de projet \/argumentation.<\/li>\n<\/ol>\n<\/div>\n<\/div>\n<div class=\"wpb_text_column wpb_content_element grant-p-padding\">\n<div class=\"wpb_wrapper\">\n<p><strong><em>Nota bene:<\/em><\/strong>\u00a0Si le b\u00e2timent pr\u00e9vu doit \u00eatre construit en plusieurs phases, veuillez d\u00e9finir les phases avec exactitude et \u00e9tablir l\u2019estimation des co\u00fbts et le plan de financement d\u2019une mani\u00e8re qui corresponde \u00e0 ces phases. C\u2019est particuli\u00e8rement important pour des projets se prolongeant sur plusieurs ann\u00e9es.<\/p>\n<\/div>\n<\/div>\n","protected":false},"excerpt":{"rendered":"<p>Les projets de construction tendent par nature \u00e0 \u00eatre parmi les plus techniques et les plus complexes. Nous offrons ici une liste des informations requises. La liste ne pr\u00e9tend pas \u00eatre exhaustive, et chaque point ne s\u2019applique pas n\u00e9cessairement \u00e0 chaque cas particulier. Liste pour un\u00a0projet de construction l\u2019assurance que l\u2019\u00c9glise est propri\u00e9taire du terrain [&hellip;]<\/p>\n","protected":false},"author":1,"featured_media":123295,"parent":123247,"menu_order":0,"comment_status":"closed","ping_status":"closed","template":"","meta":{"_acf_changed":false,"footnotes":""},"class_list":["post-123315","page","type-page","status-publish","has-post-thumbnail","hentry","page-category-how-to-apply-subpages-fr"],"acf":[],"yoast_head":"<!-- This site is optimized with the Yoast SEO Premium plugin v27.3 (Yoast SEO v27.3) - https:\/\/yoast.com\/product\/yoast-seo-premium-wordpress\/ -->\n<title>Projet de construction | ACN International<\/title>\n<meta name=\"robots\" content=\"index, follow, max-snippet:-1, max-image-preview:large, max-video-preview:-1\" \/>\n<link rel=\"canonical\" href=\"https:\/\/acninternational.org\/fr\/demander-aide\/construction\/\" \/>\n<meta property=\"og:locale\" content=\"fr_FR\" \/>\n<meta property=\"og:type\" content=\"article\" \/>\n<meta property=\"og:title\" content=\"Projet de construction\" \/>\n<meta property=\"og:description\" content=\"Les projets de construction tendent par nature \u00e0 \u00eatre parmi les plus techniques et les plus complexes. Nous offrons ici une liste des informations requises. La liste ne pr\u00e9tend pas \u00eatre exhaustive, et chaque point ne s\u2019applique pas n\u00e9cessairement \u00e0 chaque cas particulier. Liste pour un\u00a0projet de construction l\u2019assurance que l\u2019\u00c9glise est propri\u00e9taire du terrain [&hellip;]\" \/>\n<meta property=\"og:url\" content=\"https:\/\/acninternational.org\/fr\/demander-aide\/construction\/\" \/>\n<meta property=\"og:site_name\" content=\"ACN International\" \/>\n<meta property=\"article:publisher\" content=\"https:\/\/www.facebook.com\/acninternationalorg\" \/>\n<meta property=\"article:modified_time\" content=\"2022-06-18T08:40:40+00:00\" \/>\n<meta property=\"og:image\" content=\"https:\/\/media.acninternational.org\/wp-content\/uploads\/2019\/10\/acn-20180913-76623_web-2000.jpg\" \/>\n\t<meta property=\"og:image:width\" content=\"2000\" \/>\n\t<meta property=\"og:image:height\" content=\"625\" \/>\n\t<meta property=\"og:image:type\" content=\"image\/jpeg\" \/>\n<meta name=\"twitter:card\" content=\"summary_large_image\" \/>\n<meta name=\"twitter:site\" content=\"@acn_int\" \/>\n<meta name=\"twitter:label1\" content=\"Dur\u00e9e de lecture estim\u00e9e\" \/>\n\t<meta name=\"twitter:data1\" content=\"2 minutes\" \/>\n<script type=\"application\/ld+json\" class=\"yoast-schema-graph\">{\"@context\":\"https:\\\/\\\/schema.org\",\"@graph\":[{\"@type\":\"WebPage\",\"@id\":\"https:\\\/\\\/acninternational.org\\\/fr\\\/demander-aide\\\/construction\\\/\",\"url\":\"https:\\\/\\\/acninternational.org\\\/fr\\\/demander-aide\\\/construction\\\/\",\"name\":\"Projet de construction | ACN International\",\"isPartOf\":{\"@id\":\"https:\\\/\\\/acninternational.org\\\/fr\\\/#website\"},\"primaryImageOfPage\":{\"@id\":\"https:\\\/\\\/acninternational.org\\\/fr\\\/demander-aide\\\/construction\\\/#primaryimage\"},\"image\":{\"@id\":\"https:\\\/\\\/acninternational.org\\\/fr\\\/demander-aide\\\/construction\\\/#primaryimage\"},\"thumbnailUrl\":\"https:\\\/\\\/media.acninternational.org\\\/wp-content\\\/uploads\\\/2019\\\/10\\\/acn-20180913-76623_web-2000.jpg\",\"datePublished\":\"2019-10-29T13:53:48+00:00\",\"dateModified\":\"2022-06-18T08:40:40+00:00\",\"breadcrumb\":{\"@id\":\"https:\\\/\\\/acninternational.org\\\/fr\\\/demander-aide\\\/construction\\\/#breadcrumb\"},\"inLanguage\":\"fr-FR\",\"potentialAction\":[{\"@type\":\"ReadAction\",\"target\":[\"https:\\\/\\\/acninternational.org\\\/fr\\\/demander-aide\\\/construction\\\/\"]}]},{\"@type\":\"ImageObject\",\"inLanguage\":\"fr-FR\",\"@id\":\"https:\\\/\\\/acninternational.org\\\/fr\\\/demander-aide\\\/construction\\\/#primaryimage\",\"url\":\"https:\\\/\\\/media.acninternational.org\\\/wp-content\\\/uploads\\\/2019\\\/10\\\/acn-20180913-76623_web-2000.jpg\",\"contentUrl\":\"https:\\\/\\\/media.acninternational.org\\\/wp-content\\\/uploads\\\/2019\\\/10\\\/acn-20180913-76623_web-2000.jpg\",\"width\":2000,\"height\":625,\"caption\":\"Special Case Construction Projects\"},{\"@type\":\"BreadcrumbList\",\"@id\":\"https:\\\/\\\/acninternational.org\\\/fr\\\/demander-aide\\\/construction\\\/#breadcrumb\",\"itemListElement\":[{\"@type\":\"ListItem\",\"position\":1,\"name\":\"Home\",\"item\":\"https:\\\/\\\/acninternational.org\\\/fr\\\/\"},{\"@type\":\"ListItem\",\"position\":2,\"name\":\"Demander de l&#8217;aide\",\"item\":\"https:\\\/\\\/acninternational.org\\\/fr\\\/demander-aide\\\/\"},{\"@type\":\"ListItem\",\"position\":3,\"name\":\"Projet de construction\"}]},{\"@type\":\"WebSite\",\"@id\":\"https:\\\/\\\/acninternational.org\\\/fr\\\/#website\",\"url\":\"https:\\\/\\\/acninternational.org\\\/fr\\\/\",\"name\":\"ACN International\",\"description\":\"\",\"publisher\":{\"@id\":\"https:\\\/\\\/acninternational.org\\\/fr\\\/#organization\"},\"potentialAction\":[{\"@type\":\"SearchAction\",\"target\":{\"@type\":\"EntryPoint\",\"urlTemplate\":\"https:\\\/\\\/acninternational.org\\\/fr\\\/?s={search_term_string}\"},\"query-input\":{\"@type\":\"PropertyValueSpecification\",\"valueRequired\":true,\"valueName\":\"search_term_string\"}}],\"inLanguage\":\"fr-FR\"},{\"@type\":\"Organization\",\"@id\":\"https:\\\/\\\/acninternational.org\\\/fr\\\/#organization\",\"name\":\"Aid to the Church in Need International\",\"url\":\"https:\\\/\\\/acninternational.org\\\/fr\\\/\",\"logo\":{\"@type\":\"ImageObject\",\"inLanguage\":\"fr-FR\",\"@id\":\"https:\\\/\\\/acninternational.org\\\/fr\\\/#\\\/schema\\\/logo\\\/image\\\/\",\"url\":\"https:\\\/\\\/media.acninternational.org\\\/wp-content\\\/uploads\\\/2019\\\/11\\\/acn_logo_blackvector.svg\",\"contentUrl\":\"https:\\\/\\\/media.acninternational.org\\\/wp-content\\\/uploads\\\/2019\\\/11\\\/acn_logo_blackvector.svg\",\"width\":232.6,\"height\":78,\"caption\":\"Aid to the Church in Need International\"},\"image\":{\"@id\":\"https:\\\/\\\/acninternational.org\\\/fr\\\/#\\\/schema\\\/logo\\\/image\\\/\"},\"sameAs\":[\"https:\\\/\\\/www.facebook.com\\\/acninternationalorg\",\"https:\\\/\\\/x.com\\\/acn_int\",\"https:\\\/\\\/www.youtube.com\\\/channel\\\/UCQ-077gS0TnVzkhHmf1opZw\",\"https:\\\/\\\/www.instagram.com\\\/acn_international\\\/\"]}]}<\/script>\n<!-- \/ Yoast SEO Premium plugin. -->","yoast_head_json":{"title":"Projet de construction | ACN International","robots":{"index":"index","follow":"follow","max-snippet":"max-snippet:-1","max-image-preview":"max-image-preview:large","max-video-preview":"max-video-preview:-1"},"canonical":"https:\/\/acninternational.org\/fr\/demander-aide\/construction\/","og_locale":"fr_FR","og_type":"article","og_title":"Projet de construction","og_description":"Les projets de construction tendent par nature \u00e0 \u00eatre parmi les plus techniques et les plus complexes. Nous offrons ici une liste des informations requises. La liste ne pr\u00e9tend pas \u00eatre exhaustive, et chaque point ne s\u2019applique pas n\u00e9cessairement \u00e0 chaque cas particulier. Liste pour un\u00a0projet de construction l\u2019assurance que l\u2019\u00c9glise est propri\u00e9taire du terrain [&hellip;]","og_url":"https:\/\/acninternational.org\/fr\/demander-aide\/construction\/","og_site_name":"ACN International","article_publisher":"https:\/\/www.facebook.com\/acninternationalorg","article_modified_time":"2022-06-18T08:40:40+00:00","og_image":[{"width":2000,"height":625,"url":"https:\/\/media.acninternational.org\/wp-content\/uploads\/2019\/10\/acn-20180913-76623_web-2000.jpg","type":"image\/jpeg"}],"twitter_card":"summary_large_image","twitter_site":"@acn_int","twitter_misc":{"Dur\u00e9e de lecture estim\u00e9e":"2 minutes"},"schema":{"@context":"https:\/\/schema.org","@graph":[{"@type":"WebPage","@id":"https:\/\/acninternational.org\/fr\/demander-aide\/construction\/","url":"https:\/\/acninternational.org\/fr\/demander-aide\/construction\/","name":"Projet de construction | ACN International","isPartOf":{"@id":"https:\/\/acninternational.org\/fr\/#website"},"primaryImageOfPage":{"@id":"https:\/\/acninternational.org\/fr\/demander-aide\/construction\/#primaryimage"},"image":{"@id":"https:\/\/acninternational.org\/fr\/demander-aide\/construction\/#primaryimage"},"thumbnailUrl":"https:\/\/media.acninternational.org\/wp-content\/uploads\/2019\/10\/acn-20180913-76623_web-2000.jpg","datePublished":"2019-10-29T13:53:48+00:00","dateModified":"2022-06-18T08:40:40+00:00","breadcrumb":{"@id":"https:\/\/acninternational.org\/fr\/demander-aide\/construction\/#breadcrumb"},"inLanguage":"fr-FR","potentialAction":[{"@type":"ReadAction","target":["https:\/\/acninternational.org\/fr\/demander-aide\/construction\/"]}]},{"@type":"ImageObject","inLanguage":"fr-FR","@id":"https:\/\/acninternational.org\/fr\/demander-aide\/construction\/#primaryimage","url":"https:\/\/media.acninternational.org\/wp-content\/uploads\/2019\/10\/acn-20180913-76623_web-2000.jpg","contentUrl":"https:\/\/media.acninternational.org\/wp-content\/uploads\/2019\/10\/acn-20180913-76623_web-2000.jpg","width":2000,"height":625,"caption":"Special Case Construction Projects"},{"@type":"BreadcrumbList","@id":"https:\/\/acninternational.org\/fr\/demander-aide\/construction\/#breadcrumb","itemListElement":[{"@type":"ListItem","position":1,"name":"Home","item":"https:\/\/acninternational.org\/fr\/"},{"@type":"ListItem","position":2,"name":"Demander de l&#8217;aide","item":"https:\/\/acninternational.org\/fr\/demander-aide\/"},{"@type":"ListItem","position":3,"name":"Projet de construction"}]},{"@type":"WebSite","@id":"https:\/\/acninternational.org\/fr\/#website","url":"https:\/\/acninternational.org\/fr\/","name":"ACN International","description":"","publisher":{"@id":"https:\/\/acninternational.org\/fr\/#organization"},"potentialAction":[{"@type":"SearchAction","target":{"@type":"EntryPoint","urlTemplate":"https:\/\/acninternational.org\/fr\/?s={search_term_string}"},"query-input":{"@type":"PropertyValueSpecification","valueRequired":true,"valueName":"search_term_string"}}],"inLanguage":"fr-FR"},{"@type":"Organization","@id":"https:\/\/acninternational.org\/fr\/#organization","name":"Aid to the Church in Need International","url":"https:\/\/acninternational.org\/fr\/","logo":{"@type":"ImageObject","inLanguage":"fr-FR","@id":"https:\/\/acninternational.org\/fr\/#\/schema\/logo\/image\/","url":"https:\/\/media.acninternational.org\/wp-content\/uploads\/2019\/11\/acn_logo_blackvector.svg","contentUrl":"https:\/\/media.acninternational.org\/wp-content\/uploads\/2019\/11\/acn_logo_blackvector.svg","width":232.6,"height":78,"caption":"Aid to the Church in Need International"},"image":{"@id":"https:\/\/acninternational.org\/fr\/#\/schema\/logo\/image\/"},"sameAs":["https:\/\/www.facebook.com\/acninternationalorg","https:\/\/x.com\/acn_int","https:\/\/www.youtube.com\/channel\/UCQ-077gS0TnVzkhHmf1opZw","https:\/\/www.instagram.com\/acn_international\/"]}]}},"_links":{"self":[{"href":"https:\/\/acninternational.org\/fr\/wp-json\/wp\/v2\/pages\/123315","targetHints":{"allow":["GET"]}}],"collection":[{"href":"https:\/\/acninternational.org\/fr\/wp-json\/wp\/v2\/pages"}],"about":[{"href":"https:\/\/acninternational.org\/fr\/wp-json\/wp\/v2\/types\/page"}],"author":[{"embeddable":true,"href":"https:\/\/acninternational.org\/fr\/wp-json\/wp\/v2\/users\/1"}],"replies":[{"embeddable":true,"href":"https:\/\/acninternational.org\/fr\/wp-json\/wp\/v2\/comments?post=123315"}],"version-history":[{"count":0,"href":"https:\/\/acninternational.org\/fr\/wp-json\/wp\/v2\/pages\/123315\/revisions"}],"up":[{"embeddable":true,"href":"https:\/\/acninternational.org\/fr\/wp-json\/wp\/v2\/pages\/123247"}],"wp:featuredmedia":[{"embeddable":true,"href":"https:\/\/acninternational.org\/fr\/wp-json\/wp\/v2\/media\/123295"}],"wp:attachment":[{"href":"https:\/\/acninternational.org\/fr\/wp-json\/wp\/v2\/media?parent=123315"}],"curies":[{"name":"wp","href":"https:\/\/api.w.org\/{rel}","templated":true}]}}