{"id":123252,"date":"2019-09-16T10:25:24","date_gmt":"2019-09-16T08:25:24","guid":{"rendered":"https:\/\/acninternational.org\/guide-projets\/rapports\/"},"modified":"2021-05-12T13:58:29","modified_gmt":"2021-05-12T11:58:29","slug":"rapports","status":"publish","type":"page","link":"https:\/\/acninternational.org\/fr\/demander-aide\/rapports\/","title":{"rendered":"Rapports"},"content":{"rendered":"<h1>Du bon Usage des Subsides<\/h1>\n<p><strong>S&rsquo;il vous Plait :<\/strong><\/p>\n<ul>\n<li>Veuillez nous faire parvenir une\u00a0<i>confirmation<\/i>\u00a0d\u00e8s r\u00e9ception de notre subside. Mentionnez explicitement le montant re\u00e7u (par exemple : 500 EUR).<\/li>\n<li>Toujours inscrire la\u00a0<i>r\u00e9f\u00e9rence<\/i>\u00a0de votre projet dans toute correspondance.<\/li>\n<li>L\u2019argent du subside doit \u00eatre\u00a0<i>strictement et exclusivement<\/i>\u00a0employ\u00e9 pour financer le projet auquel il se r\u00e9f\u00e8re. La destination de cet argent est indiqu\u00e9e dans le titre du projet. Seule notre Commission de Projets a toute autorit\u00e9 pour modifier une d\u00e9cision concernant un projet, suite \u00e0 une sollicitation de votre part confirm\u00e9 par l\u2019\u00e9v\u00eaque.<\/li>\n<li>Veuillez nous informer imm\u00e9diatement en cas de<i>\u00a0d\u00e9lai impr\u00e9vu<\/i>\u00a0dans la r\u00e9alisation de votre projet. Faites-nous parvenir si possible un rapport interm\u00e9diaire.<\/li>\n<li>Une fois le subside utilis\u00e9, veuillez nous envoyer un <em>rapport descriptif et \u00e9conomique final<\/em>. Il doit \u00eatre envoy\u00e9 <em>par e-mail, avec votre signature scann\u00e9e<\/em>, afin que nous puissions cl\u00f4turer correctement ce projet.<\/li>\n<li>Merci de\u00a0<i>prouver le bien-fond\u00e9<\/i>\u00a0de votre rapport avec les copies de vos r\u00e9c\u00e9piss\u00e9s, contrats, actes l\u00e9gaux, factures etc.<\/li>\n<li>Merci d\u2019ajouter une ou deux photos illustrant l\u2019utilisation correcte du subside.<\/li>\n<\/ul>\n<p>L\u2019observation de ces r\u00e9solutions nous permettra d\u2019\u00eatre en r\u00e8gle devant les autorit\u00e9s fiscales qui nous contr\u00f4lent, de maintenir notre statut d\u2019organisation de bienfaisance et de pouvoir ainsi r\u00e9pondre \u00e9galement demain, si Dieu le veut, aux demandes d\u2019aides de l\u2019Eglise.<\/p>\n<div class=\"sidebar_links acn_links\"><ul><li><a href=\"https:\/\/acninternational.org\/fr\/mission\/\">Mission, Vision, Valeurs<\/a><\/li><\/ul><\/div>\n","protected":false},"excerpt":{"rendered":"<p>Du bon Usage des Subsides S&rsquo;il vous Plait : Veuillez nous faire parvenir une\u00a0confirmation\u00a0d\u00e8s r\u00e9ception de notre subside. Mentionnez explicitement le montant re\u00e7u (par exemple : 500 EUR). Toujours inscrire la\u00a0r\u00e9f\u00e9rence\u00a0de votre projet dans toute correspondance. L\u2019argent du subside doit \u00eatre\u00a0strictement et exclusivement\u00a0employ\u00e9 pour financer le projet auquel il se r\u00e9f\u00e8re. La destination de cet [&hellip;]<\/p>\n","protected":false},"author":1,"featured_media":123803,"parent":123247,"menu_order":0,"comment_status":"closed","ping_status":"closed","template":"","meta":{"_acf_changed":false,"footnotes":""},"class_list":["post-123252","page","type-page","status-publish","has-post-thumbnail","hentry"],"acf":[],"yoast_head":"<!-- This site is optimized with the Yoast SEO Premium plugin v27.3 (Yoast SEO v27.3) - https:\/\/yoast.com\/product\/yoast-seo-premium-wordpress\/ -->\n<title>Rapports | ACN International<\/title>\n<meta name=\"robots\" content=\"index, follow, max-snippet:-1, max-image-preview:large, max-video-preview:-1\" \/>\n<link rel=\"canonical\" href=\"https:\/\/acninternational.org\/fr\/demander-aide\/rapports\/\" \/>\n<meta property=\"og:locale\" content=\"fr_FR\" \/>\n<meta property=\"og:type\" content=\"article\" \/>\n<meta property=\"og:title\" content=\"Rapports\" \/>\n<meta property=\"og:description\" content=\"Du bon Usage des Subsides S&rsquo;il vous Plait : Veuillez nous faire parvenir une\u00a0confirmation\u00a0d\u00e8s r\u00e9ception de notre subside. Mentionnez explicitement le montant re\u00e7u (par exemple : 500 EUR). Toujours inscrire la\u00a0r\u00e9f\u00e9rence\u00a0de votre projet dans toute correspondance. L\u2019argent du subside doit \u00eatre\u00a0strictement et exclusivement\u00a0employ\u00e9 pour financer le projet auquel il se r\u00e9f\u00e8re. La destination de cet [&hellip;]\" \/>\n<meta property=\"og:url\" content=\"https:\/\/acninternational.org\/fr\/demander-aide\/rapports\/\" \/>\n<meta property=\"og:site_name\" content=\"ACN International\" \/>\n<meta property=\"article:publisher\" content=\"https:\/\/www.facebook.com\/acninternationalorg\" \/>\n<meta property=\"article:modified_time\" content=\"2021-05-12T11:58:29+00:00\" \/>\n<meta property=\"og:image\" content=\"https:\/\/media.acninternational.org\/wp-content\/uploads\/2019\/10\/cover-2.jpg\" \/>\n\t<meta property=\"og:image:width\" content=\"2000\" \/>\n\t<meta property=\"og:image:height\" content=\"625\" \/>\n\t<meta property=\"og:image:type\" content=\"image\/jpeg\" \/>\n<meta name=\"twitter:card\" content=\"summary_large_image\" \/>\n<meta name=\"twitter:site\" content=\"@acn_int\" \/>\n<meta name=\"twitter:label1\" content=\"Dur\u00e9e de lecture estim\u00e9e\" \/>\n\t<meta name=\"twitter:data1\" content=\"1 minute\" \/>\n<script type=\"application\/ld+json\" class=\"yoast-schema-graph\">{\"@context\":\"https:\\\/\\\/schema.org\",\"@graph\":[{\"@type\":\"WebPage\",\"@id\":\"https:\\\/\\\/acninternational.org\\\/fr\\\/demander-aide\\\/rapports\\\/\",\"url\":\"https:\\\/\\\/acninternational.org\\\/fr\\\/demander-aide\\\/rapports\\\/\",\"name\":\"Rapports | ACN International\",\"isPartOf\":{\"@id\":\"https:\\\/\\\/acninternational.org\\\/fr\\\/#website\"},\"primaryImageOfPage\":{\"@id\":\"https:\\\/\\\/acninternational.org\\\/fr\\\/demander-aide\\\/rapports\\\/#primaryimage\"},\"image\":{\"@id\":\"https:\\\/\\\/acninternational.org\\\/fr\\\/demander-aide\\\/rapports\\\/#primaryimage\"},\"thumbnailUrl\":\"https:\\\/\\\/media.acninternational.org\\\/wp-content\\\/uploads\\\/2019\\\/10\\\/cover-2.jpg\",\"datePublished\":\"2019-09-16T08:25:24+00:00\",\"dateModified\":\"2021-05-12T11:58:29+00:00\",\"breadcrumb\":{\"@id\":\"https:\\\/\\\/acninternational.org\\\/fr\\\/demander-aide\\\/rapports\\\/#breadcrumb\"},\"inLanguage\":\"fr-FR\",\"potentialAction\":[{\"@type\":\"ReadAction\",\"target\":[\"https:\\\/\\\/acninternational.org\\\/fr\\\/demander-aide\\\/rapports\\\/\"]}]},{\"@type\":\"ImageObject\",\"inLanguage\":\"fr-FR\",\"@id\":\"https:\\\/\\\/acninternational.org\\\/fr\\\/demander-aide\\\/rapports\\\/#primaryimage\",\"url\":\"https:\\\/\\\/media.acninternational.org\\\/wp-content\\\/uploads\\\/2019\\\/10\\\/cover-2.jpg\",\"contentUrl\":\"https:\\\/\\\/media.acninternational.org\\\/wp-content\\\/uploads\\\/2019\\\/10\\\/cover-2.jpg\",\"width\":2000,\"height\":625},{\"@type\":\"BreadcrumbList\",\"@id\":\"https:\\\/\\\/acninternational.org\\\/fr\\\/demander-aide\\\/rapports\\\/#breadcrumb\",\"itemListElement\":[{\"@type\":\"ListItem\",\"position\":1,\"name\":\"Home\",\"item\":\"https:\\\/\\\/acninternational.org\\\/fr\\\/\"},{\"@type\":\"ListItem\",\"position\":2,\"name\":\"Demander de l&#8217;aide\",\"item\":\"https:\\\/\\\/acninternational.org\\\/fr\\\/demander-aide\\\/\"},{\"@type\":\"ListItem\",\"position\":3,\"name\":\"Rapports\"}]},{\"@type\":\"WebSite\",\"@id\":\"https:\\\/\\\/acninternational.org\\\/fr\\\/#website\",\"url\":\"https:\\\/\\\/acninternational.org\\\/fr\\\/\",\"name\":\"ACN International\",\"description\":\"\",\"publisher\":{\"@id\":\"https:\\\/\\\/acninternational.org\\\/fr\\\/#organization\"},\"potentialAction\":[{\"@type\":\"SearchAction\",\"target\":{\"@type\":\"EntryPoint\",\"urlTemplate\":\"https:\\\/\\\/acninternational.org\\\/fr\\\/?s={search_term_string}\"},\"query-input\":{\"@type\":\"PropertyValueSpecification\",\"valueRequired\":true,\"valueName\":\"search_term_string\"}}],\"inLanguage\":\"fr-FR\"},{\"@type\":\"Organization\",\"@id\":\"https:\\\/\\\/acninternational.org\\\/fr\\\/#organization\",\"name\":\"Aid to the Church in Need International\",\"url\":\"https:\\\/\\\/acninternational.org\\\/fr\\\/\",\"logo\":{\"@type\":\"ImageObject\",\"inLanguage\":\"fr-FR\",\"@id\":\"https:\\\/\\\/acninternational.org\\\/fr\\\/#\\\/schema\\\/logo\\\/image\\\/\",\"url\":\"https:\\\/\\\/media.acninternational.org\\\/wp-content\\\/uploads\\\/2019\\\/11\\\/acn_logo_blackvector.svg\",\"contentUrl\":\"https:\\\/\\\/media.acninternational.org\\\/wp-content\\\/uploads\\\/2019\\\/11\\\/acn_logo_blackvector.svg\",\"width\":232.6,\"height\":78,\"caption\":\"Aid to the Church in Need International\"},\"image\":{\"@id\":\"https:\\\/\\\/acninternational.org\\\/fr\\\/#\\\/schema\\\/logo\\\/image\\\/\"},\"sameAs\":[\"https:\\\/\\\/www.facebook.com\\\/acninternationalorg\",\"https:\\\/\\\/x.com\\\/acn_int\",\"https:\\\/\\\/www.youtube.com\\\/channel\\\/UCQ-077gS0TnVzkhHmf1opZw\",\"https:\\\/\\\/www.instagram.com\\\/acn_international\\\/\"]}]}<\/script>\n<!-- \/ Yoast SEO Premium plugin. -->","yoast_head_json":{"title":"Rapports | ACN International","robots":{"index":"index","follow":"follow","max-snippet":"max-snippet:-1","max-image-preview":"max-image-preview:large","max-video-preview":"max-video-preview:-1"},"canonical":"https:\/\/acninternational.org\/fr\/demander-aide\/rapports\/","og_locale":"fr_FR","og_type":"article","og_title":"Rapports","og_description":"Du bon Usage des Subsides S&rsquo;il vous Plait : Veuillez nous faire parvenir une\u00a0confirmation\u00a0d\u00e8s r\u00e9ception de notre subside. Mentionnez explicitement le montant re\u00e7u (par exemple : 500 EUR). Toujours inscrire la\u00a0r\u00e9f\u00e9rence\u00a0de votre projet dans toute correspondance. L\u2019argent du subside doit \u00eatre\u00a0strictement et exclusivement\u00a0employ\u00e9 pour financer le projet auquel il se r\u00e9f\u00e8re. La destination de cet [&hellip;]","og_url":"https:\/\/acninternational.org\/fr\/demander-aide\/rapports\/","og_site_name":"ACN International","article_publisher":"https:\/\/www.facebook.com\/acninternationalorg","article_modified_time":"2021-05-12T11:58:29+00:00","og_image":[{"width":2000,"height":625,"url":"https:\/\/media.acninternational.org\/wp-content\/uploads\/2019\/10\/cover-2.jpg","type":"image\/jpeg"}],"twitter_card":"summary_large_image","twitter_site":"@acn_int","twitter_misc":{"Dur\u00e9e de lecture estim\u00e9e":"1 minute"},"schema":{"@context":"https:\/\/schema.org","@graph":[{"@type":"WebPage","@id":"https:\/\/acninternational.org\/fr\/demander-aide\/rapports\/","url":"https:\/\/acninternational.org\/fr\/demander-aide\/rapports\/","name":"Rapports | ACN International","isPartOf":{"@id":"https:\/\/acninternational.org\/fr\/#website"},"primaryImageOfPage":{"@id":"https:\/\/acninternational.org\/fr\/demander-aide\/rapports\/#primaryimage"},"image":{"@id":"https:\/\/acninternational.org\/fr\/demander-aide\/rapports\/#primaryimage"},"thumbnailUrl":"https:\/\/media.acninternational.org\/wp-content\/uploads\/2019\/10\/cover-2.jpg","datePublished":"2019-09-16T08:25:24+00:00","dateModified":"2021-05-12T11:58:29+00:00","breadcrumb":{"@id":"https:\/\/acninternational.org\/fr\/demander-aide\/rapports\/#breadcrumb"},"inLanguage":"fr-FR","potentialAction":[{"@type":"ReadAction","target":["https:\/\/acninternational.org\/fr\/demander-aide\/rapports\/"]}]},{"@type":"ImageObject","inLanguage":"fr-FR","@id":"https:\/\/acninternational.org\/fr\/demander-aide\/rapports\/#primaryimage","url":"https:\/\/media.acninternational.org\/wp-content\/uploads\/2019\/10\/cover-2.jpg","contentUrl":"https:\/\/media.acninternational.org\/wp-content\/uploads\/2019\/10\/cover-2.jpg","width":2000,"height":625},{"@type":"BreadcrumbList","@id":"https:\/\/acninternational.org\/fr\/demander-aide\/rapports\/#breadcrumb","itemListElement":[{"@type":"ListItem","position":1,"name":"Home","item":"https:\/\/acninternational.org\/fr\/"},{"@type":"ListItem","position":2,"name":"Demander de l&#8217;aide","item":"https:\/\/acninternational.org\/fr\/demander-aide\/"},{"@type":"ListItem","position":3,"name":"Rapports"}]},{"@type":"WebSite","@id":"https:\/\/acninternational.org\/fr\/#website","url":"https:\/\/acninternational.org\/fr\/","name":"ACN International","description":"","publisher":{"@id":"https:\/\/acninternational.org\/fr\/#organization"},"potentialAction":[{"@type":"SearchAction","target":{"@type":"EntryPoint","urlTemplate":"https:\/\/acninternational.org\/fr\/?s={search_term_string}"},"query-input":{"@type":"PropertyValueSpecification","valueRequired":true,"valueName":"search_term_string"}}],"inLanguage":"fr-FR"},{"@type":"Organization","@id":"https:\/\/acninternational.org\/fr\/#organization","name":"Aid to the Church in Need International","url":"https:\/\/acninternational.org\/fr\/","logo":{"@type":"ImageObject","inLanguage":"fr-FR","@id":"https:\/\/acninternational.org\/fr\/#\/schema\/logo\/image\/","url":"https:\/\/media.acninternational.org\/wp-content\/uploads\/2019\/11\/acn_logo_blackvector.svg","contentUrl":"https:\/\/media.acninternational.org\/wp-content\/uploads\/2019\/11\/acn_logo_blackvector.svg","width":232.6,"height":78,"caption":"Aid to the Church in Need International"},"image":{"@id":"https:\/\/acninternational.org\/fr\/#\/schema\/logo\/image\/"},"sameAs":["https:\/\/www.facebook.com\/acninternationalorg","https:\/\/x.com\/acn_int","https:\/\/www.youtube.com\/channel\/UCQ-077gS0TnVzkhHmf1opZw","https:\/\/www.instagram.com\/acn_international\/"]}]}},"_links":{"self":[{"href":"https:\/\/acninternational.org\/fr\/wp-json\/wp\/v2\/pages\/123252","targetHints":{"allow":["GET"]}}],"collection":[{"href":"https:\/\/acninternational.org\/fr\/wp-json\/wp\/v2\/pages"}],"about":[{"href":"https:\/\/acninternational.org\/fr\/wp-json\/wp\/v2\/types\/page"}],"author":[{"embeddable":true,"href":"https:\/\/acninternational.org\/fr\/wp-json\/wp\/v2\/users\/1"}],"replies":[{"embeddable":true,"href":"https:\/\/acninternational.org\/fr\/wp-json\/wp\/v2\/comments?post=123252"}],"version-history":[{"count":0,"href":"https:\/\/acninternational.org\/fr\/wp-json\/wp\/v2\/pages\/123252\/revisions"}],"up":[{"embeddable":true,"href":"https:\/\/acninternational.org\/fr\/wp-json\/wp\/v2\/pages\/123247"}],"wp:featuredmedia":[{"embeddable":true,"href":"https:\/\/acninternational.org\/fr\/wp-json\/wp\/v2\/media\/123803"}],"wp:attachment":[{"href":"https:\/\/acninternational.org\/fr\/wp-json\/wp\/v2\/media?parent=123252"}],"curies":[{"name":"wp","href":"https:\/\/api.w.org\/{rel}","templated":true}]}}