{"id":62006,"date":"2019-09-19T07:44:27","date_gmt":"2019-09-19T05:44:27","guid":{"rendered":"https:\/\/acninternational.org\/donar\/"},"modified":"2022-07-15T09:20:29","modified_gmt":"2022-07-15T07:20:29","slug":"dona","status":"publish","type":"page","link":"https:\/\/acninternational.org\/es\/dona\/","title":{"rendered":"Donar"},"content":{"rendered":"<h1>\u200d\u00ab \u00a1Por favor, colabora con nuestra Iglesia Necesitada! \u00bb<\/h1>\n<p>1.\u00a0 \u00a0\u00a0Para apoyar a la Iglesia Necesitada, por favor usa las casillas cercanas y seleccione una cantidad y frecuencia antes de hacer clic en Donar.<\/p>\n<p>2.\u00a0 \u00a0\u00a0En la siguiente pantalla se te pedir\u00e1 que introduzcas tu nombre, direcci\u00f3n de correo electr\u00f3nico, n\u00famero de tel\u00e9fono y pa\u00eds de origen. Confirma que has le\u00eddo los T\u00e9rminos y Condiciones antes de hacer clic en Siguiente.<\/p>\n<p>3.\u00a0 \u00a0\u00a0Por favor, introduce el n\u00famero de su tarjeta de cr\u00e9dito, la fecha de caducidad y el n\u00famero de control de 3 d\u00edgitos para completar tu donaci\u00f3n. Poco despu\u00e9s de la finalizaci\u00f3n recibir\u00e1s un comprobante por correo electr\u00f3nico. \u00a1En nombre de la Iglesia Necesitada de todo el mundo te damos las gracias por tu apoyo!<\/p>\n<p>4.\u00a0 \u00a0 Tu donaci\u00f3n se hace a ACN Aid to the Church in Need gGmbH, una organizaci\u00f3n sin \u00e1nimo de lucro registrada oficialmente en Alemania y auditada internacionalmente por KPMG.<\/p>\n<p>Por favor, dirige tus preguntas sobre tu donaci\u00f3n a info@acninternational.org o llamando a +49-6174-291-0<\/p>\n<p>&nbsp;<\/p>\n<p><iframe loading=\"lazy\" style=\"max-width: 500px; min-width: 250px; max-height: none!important;\" src=\"https:\/\/donorbox.org\/embed\/acn-international-homepage\" name=\"donorbox\" width=\"100%\" height=\"900px\" frameborder=\"0\" scrolling=\"no\" seamless=\"seamless\"><\/iframe><\/p>\n","protected":false},"excerpt":{"rendered":"<p>\u200d\u00ab \u00a1Por favor, colabora con nuestra Iglesia Necesitada! \u00bb 1.\u00a0 \u00a0\u00a0Para apoyar a la Iglesia Necesitada, por favor usa las casillas cercanas y seleccione una cantidad y frecuencia antes de hacer clic en Donar. 2.\u00a0 \u00a0\u00a0En la siguiente pantalla se te pedir\u00e1 que introduzcas tu nombre, direcci\u00f3n de correo electr\u00f3nico, n\u00famero de tel\u00e9fono y pa\u00eds [&hellip;]<\/p>\n","protected":false},"author":1,"featured_media":58896,"parent":0,"menu_order":0,"comment_status":"closed","ping_status":"closed","template":"","meta":{"_acf_changed":false,"footnotes":""},"class_list":["post-62006","page","type-page","status-publish","has-post-thumbnail","hentry"],"acf":[],"yoast_head":"<!-- This site is optimized with the Yoast SEO Premium plugin v27.3 (Yoast SEO v27.3) - https:\/\/yoast.com\/product\/yoast-seo-premium-wordpress\/ -->\n<title>Donar | ACN International<\/title>\n<meta name=\"robots\" content=\"index, follow, max-snippet:-1, max-image-preview:large, max-video-preview:-1\" \/>\n<link rel=\"canonical\" href=\"https:\/\/acninternational.org\/es\/dona\/\" \/>\n<meta property=\"og:locale\" content=\"es_ES\" \/>\n<meta property=\"og:type\" content=\"article\" \/>\n<meta property=\"og:title\" content=\"Donar\" \/>\n<meta property=\"og:description\" content=\"\u200d\u00ab \u00a1Por favor, colabora con nuestra Iglesia Necesitada! \u00bb 1.\u00a0 \u00a0\u00a0Para apoyar a la Iglesia Necesitada, por favor usa las casillas cercanas y seleccione una cantidad y frecuencia antes de hacer clic en Donar. 2.\u00a0 \u00a0\u00a0En la siguiente pantalla se te pedir\u00e1 que introduzcas tu nombre, direcci\u00f3n de correo electr\u00f3nico, n\u00famero de tel\u00e9fono y pa\u00eds [&hellip;]\" \/>\n<meta property=\"og:url\" content=\"https:\/\/acninternational.org\/es\/dona\/\" \/>\n<meta property=\"og:site_name\" content=\"ACN International\" \/>\n<meta property=\"article:publisher\" content=\"https:\/\/www.facebook.com\/acninternationalorg\" \/>\n<meta property=\"article:modified_time\" content=\"2022-07-15T07:20:29+00:00\" \/>\n<meta property=\"og:image\" content=\"https:\/\/media.acninternational.org\/wp-content\/uploads\/2019\/09\/acn-20170111-49902-2-4000.jpg\" \/>\n\t<meta property=\"og:image:width\" content=\"2000\" \/>\n\t<meta property=\"og:image:height\" content=\"625\" \/>\n\t<meta property=\"og:image:type\" content=\"image\/jpeg\" \/>\n<meta name=\"twitter:card\" content=\"summary_large_image\" \/>\n<meta name=\"twitter:site\" content=\"@acn_int\" \/>\n<meta name=\"twitter:label1\" content=\"Tiempo de lectura\" \/>\n\t<meta name=\"twitter:data1\" content=\"1 minuto\" \/>\n<script type=\"application\/ld+json\" class=\"yoast-schema-graph\">{\"@context\":\"https:\\\/\\\/schema.org\",\"@graph\":[{\"@type\":\"WebPage\",\"@id\":\"https:\\\/\\\/acninternational.org\\\/es\\\/dona\\\/\",\"url\":\"https:\\\/\\\/acninternational.org\\\/es\\\/dona\\\/\",\"name\":\"Donar | ACN International\",\"isPartOf\":{\"@id\":\"https:\\\/\\\/acninternational.org\\\/es\\\/#website\"},\"primaryImageOfPage\":{\"@id\":\"https:\\\/\\\/acninternational.org\\\/es\\\/dona\\\/#primaryimage\"},\"image\":{\"@id\":\"https:\\\/\\\/acninternational.org\\\/es\\\/dona\\\/#primaryimage\"},\"thumbnailUrl\":\"https:\\\/\\\/media.acninternational.org\\\/wp-content\\\/uploads\\\/2019\\\/09\\\/acn-20170111-49902-2-4000.jpg\",\"datePublished\":\"2019-09-19T05:44:27+00:00\",\"dateModified\":\"2022-07-15T07:20:29+00:00\",\"breadcrumb\":{\"@id\":\"https:\\\/\\\/acninternational.org\\\/es\\\/dona\\\/#breadcrumb\"},\"inLanguage\":\"es\",\"potentialAction\":[{\"@type\":\"ReadAction\",\"target\":[\"https:\\\/\\\/acninternational.org\\\/es\\\/dona\\\/\"]}]},{\"@type\":\"ImageObject\",\"inLanguage\":\"es\",\"@id\":\"https:\\\/\\\/acninternational.org\\\/es\\\/dona\\\/#primaryimage\",\"url\":\"https:\\\/\\\/media.acninternational.org\\\/wp-content\\\/uploads\\\/2019\\\/09\\\/acn-20170111-49902-2-4000.jpg\",\"contentUrl\":\"https:\\\/\\\/media.acninternational.org\\\/wp-content\\\/uploads\\\/2019\\\/09\\\/acn-20170111-49902-2-4000.jpg\",\"width\":2000,\"height\":625},{\"@type\":\"BreadcrumbList\",\"@id\":\"https:\\\/\\\/acninternational.org\\\/es\\\/dona\\\/#breadcrumb\",\"itemListElement\":[{\"@type\":\"ListItem\",\"position\":1,\"name\":\"Home\",\"item\":\"https:\\\/\\\/acninternational.org\\\/es\\\/\"},{\"@type\":\"ListItem\",\"position\":2,\"name\":\"Donar\"}]},{\"@type\":\"WebSite\",\"@id\":\"https:\\\/\\\/acninternational.org\\\/es\\\/#website\",\"url\":\"https:\\\/\\\/acninternational.org\\\/es\\\/\",\"name\":\"ACN International\",\"description\":\"\",\"publisher\":{\"@id\":\"https:\\\/\\\/acninternational.org\\\/es\\\/#organization\"},\"potentialAction\":[{\"@type\":\"SearchAction\",\"target\":{\"@type\":\"EntryPoint\",\"urlTemplate\":\"https:\\\/\\\/acninternational.org\\\/es\\\/?s={search_term_string}\"},\"query-input\":{\"@type\":\"PropertyValueSpecification\",\"valueRequired\":true,\"valueName\":\"search_term_string\"}}],\"inLanguage\":\"es\"},{\"@type\":\"Organization\",\"@id\":\"https:\\\/\\\/acninternational.org\\\/es\\\/#organization\",\"name\":\"Aid to the Church in Need International\",\"url\":\"https:\\\/\\\/acninternational.org\\\/es\\\/\",\"logo\":{\"@type\":\"ImageObject\",\"inLanguage\":\"es\",\"@id\":\"https:\\\/\\\/acninternational.org\\\/es\\\/#\\\/schema\\\/logo\\\/image\\\/\",\"url\":\"https:\\\/\\\/media.acninternational.org\\\/wp-content\\\/uploads\\\/2019\\\/11\\\/acn_logo_blackvector.svg\",\"contentUrl\":\"https:\\\/\\\/media.acninternational.org\\\/wp-content\\\/uploads\\\/2019\\\/11\\\/acn_logo_blackvector.svg\",\"width\":232.6,\"height\":78,\"caption\":\"Aid to the Church in Need International\"},\"image\":{\"@id\":\"https:\\\/\\\/acninternational.org\\\/es\\\/#\\\/schema\\\/logo\\\/image\\\/\"},\"sameAs\":[\"https:\\\/\\\/www.facebook.com\\\/acninternationalorg\",\"https:\\\/\\\/x.com\\\/acn_int\",\"https:\\\/\\\/www.youtube.com\\\/channel\\\/UCQ-077gS0TnVzkhHmf1opZw\",\"https:\\\/\\\/www.instagram.com\\\/acn_international\\\/\"]}]}<\/script>\n<!-- \/ Yoast SEO Premium plugin. -->","yoast_head_json":{"title":"Donar | ACN International","robots":{"index":"index","follow":"follow","max-snippet":"max-snippet:-1","max-image-preview":"max-image-preview:large","max-video-preview":"max-video-preview:-1"},"canonical":"https:\/\/acninternational.org\/es\/dona\/","og_locale":"es_ES","og_type":"article","og_title":"Donar","og_description":"\u200d\u00ab \u00a1Por favor, colabora con nuestra Iglesia Necesitada! \u00bb 1.\u00a0 \u00a0\u00a0Para apoyar a la Iglesia Necesitada, por favor usa las casillas cercanas y seleccione una cantidad y frecuencia antes de hacer clic en Donar. 2.\u00a0 \u00a0\u00a0En la siguiente pantalla se te pedir\u00e1 que introduzcas tu nombre, direcci\u00f3n de correo electr\u00f3nico, n\u00famero de tel\u00e9fono y pa\u00eds [&hellip;]","og_url":"https:\/\/acninternational.org\/es\/dona\/","og_site_name":"ACN International","article_publisher":"https:\/\/www.facebook.com\/acninternationalorg","article_modified_time":"2022-07-15T07:20:29+00:00","og_image":[{"width":2000,"height":625,"url":"https:\/\/media.acninternational.org\/wp-content\/uploads\/2019\/09\/acn-20170111-49902-2-4000.jpg","type":"image\/jpeg"}],"twitter_card":"summary_large_image","twitter_site":"@acn_int","twitter_misc":{"Tiempo de lectura":"1 minuto"},"schema":{"@context":"https:\/\/schema.org","@graph":[{"@type":"WebPage","@id":"https:\/\/acninternational.org\/es\/dona\/","url":"https:\/\/acninternational.org\/es\/dona\/","name":"Donar | ACN International","isPartOf":{"@id":"https:\/\/acninternational.org\/es\/#website"},"primaryImageOfPage":{"@id":"https:\/\/acninternational.org\/es\/dona\/#primaryimage"},"image":{"@id":"https:\/\/acninternational.org\/es\/dona\/#primaryimage"},"thumbnailUrl":"https:\/\/media.acninternational.org\/wp-content\/uploads\/2019\/09\/acn-20170111-49902-2-4000.jpg","datePublished":"2019-09-19T05:44:27+00:00","dateModified":"2022-07-15T07:20:29+00:00","breadcrumb":{"@id":"https:\/\/acninternational.org\/es\/dona\/#breadcrumb"},"inLanguage":"es","potentialAction":[{"@type":"ReadAction","target":["https:\/\/acninternational.org\/es\/dona\/"]}]},{"@type":"ImageObject","inLanguage":"es","@id":"https:\/\/acninternational.org\/es\/dona\/#primaryimage","url":"https:\/\/media.acninternational.org\/wp-content\/uploads\/2019\/09\/acn-20170111-49902-2-4000.jpg","contentUrl":"https:\/\/media.acninternational.org\/wp-content\/uploads\/2019\/09\/acn-20170111-49902-2-4000.jpg","width":2000,"height":625},{"@type":"BreadcrumbList","@id":"https:\/\/acninternational.org\/es\/dona\/#breadcrumb","itemListElement":[{"@type":"ListItem","position":1,"name":"Home","item":"https:\/\/acninternational.org\/es\/"},{"@type":"ListItem","position":2,"name":"Donar"}]},{"@type":"WebSite","@id":"https:\/\/acninternational.org\/es\/#website","url":"https:\/\/acninternational.org\/es\/","name":"ACN International","description":"","publisher":{"@id":"https:\/\/acninternational.org\/es\/#organization"},"potentialAction":[{"@type":"SearchAction","target":{"@type":"EntryPoint","urlTemplate":"https:\/\/acninternational.org\/es\/?s={search_term_string}"},"query-input":{"@type":"PropertyValueSpecification","valueRequired":true,"valueName":"search_term_string"}}],"inLanguage":"es"},{"@type":"Organization","@id":"https:\/\/acninternational.org\/es\/#organization","name":"Aid to the Church in Need International","url":"https:\/\/acninternational.org\/es\/","logo":{"@type":"ImageObject","inLanguage":"es","@id":"https:\/\/acninternational.org\/es\/#\/schema\/logo\/image\/","url":"https:\/\/media.acninternational.org\/wp-content\/uploads\/2019\/11\/acn_logo_blackvector.svg","contentUrl":"https:\/\/media.acninternational.org\/wp-content\/uploads\/2019\/11\/acn_logo_blackvector.svg","width":232.6,"height":78,"caption":"Aid to the Church in Need International"},"image":{"@id":"https:\/\/acninternational.org\/es\/#\/schema\/logo\/image\/"},"sameAs":["https:\/\/www.facebook.com\/acninternationalorg","https:\/\/x.com\/acn_int","https:\/\/www.youtube.com\/channel\/UCQ-077gS0TnVzkhHmf1opZw","https:\/\/www.instagram.com\/acn_international\/"]}]}},"_links":{"self":[{"href":"https:\/\/acninternational.org\/es\/wp-json\/wp\/v2\/pages\/62006","targetHints":{"allow":["GET"]}}],"collection":[{"href":"https:\/\/acninternational.org\/es\/wp-json\/wp\/v2\/pages"}],"about":[{"href":"https:\/\/acninternational.org\/es\/wp-json\/wp\/v2\/types\/page"}],"author":[{"embeddable":true,"href":"https:\/\/acninternational.org\/es\/wp-json\/wp\/v2\/users\/1"}],"replies":[{"embeddable":true,"href":"https:\/\/acninternational.org\/es\/wp-json\/wp\/v2\/comments?post=62006"}],"version-history":[{"count":0,"href":"https:\/\/acninternational.org\/es\/wp-json\/wp\/v2\/pages\/62006\/revisions"}],"wp:featuredmedia":[{"embeddable":true,"href":"https:\/\/acninternational.org\/es\/wp-json\/wp\/v2\/media\/58896"}],"wp:attachment":[{"href":"https:\/\/acninternational.org\/es\/wp-json\/wp\/v2\/media?parent=62006"}],"curies":[{"name":"wp","href":"https:\/\/api.w.org\/{rel}","templated":true}]}}