{"id":262996,"date":"2024-03-22T16:07:25","date_gmt":"2024-03-22T15:07:25","guid":{"rendered":"https:\/\/acninternational.org\/ukraine-war-update\/"},"modified":"2026-03-31T16:05:19","modified_gmt":"2026-03-31T14:05:19","slug":"nuestra-ayuda-en-ucrania","status":"publish","type":"page","link":"https:\/\/acninternational.org\/es\/nuestra-ayuda-en-ucrania\/","title":{"rendered":"Nuestra ayuda en Ucrania"},"content":{"rendered":"\n<div class=\"wp-block-columns container is-layout-flex wp-container-core-columns-is-layout-9d6595d7 wp-block-columns-is-layout-flex\">\n<div class=\"wp-block-column is-layout-flow wp-block-column-is-layout-flow\">\n<h4 class=\"wp-block-heading has-text-align-center\" id=\"h-cuatro-anos-de-fe-bajo-fuego-el-impacto-de-los-proyectos-de-acn-en-ucrania-2022-2026\"><strong><strong><strong>Cuatro a\u00f1os de fe bajo fuego: El impacto de los proyectos de ACN en Ucrania (2022\u20132026)<\/strong><\/strong><\/strong><\/h4>\n\n\n\n<p>Desde febrero de 2022, Ucrania ha sufrido una guerra a gran escala que ha transformado la vida cotidiana en todo el pa\u00eds. Ciudades y pueblos han sido da\u00f1ados o destruidos, millones de personas se han visto desplazadas y las familias se enfrentan a profundas penurias materiales, emocionales y espirituales. A lo largo del pasado a\u00f1o (2025), las prolongadas negociaciones sin un desenlace claro han profundizado la incertidumbre, poniendo a prueba la fortaleza interior y la fe, y dejando a muchos luchando por aferrarse a la esperanza mientras esperan una paz que todav\u00eda parece inalcanzable.<\/p>\n\n\n<div class=\"wp-block-image\">\n<figure class=\"aligncenter size-full\"><img loading=\"lazy\" decoding=\"async\" width=\"1280\" height=\"949\" src=\"https:\/\/media.acninternational.org\/wp-content\/uploads\/2026\/03\/ACN-20260116-200435.jpg\" alt=\"\" class=\"wp-image-262631\" srcset=\"https:\/\/media.acninternational.org\/wp-content\/uploads\/2026\/03\/ACN-20260116-200435.jpg 1280w, https:\/\/media.acninternational.org\/wp-content\/uploads\/2026\/03\/ACN-20260116-200435-300x222.jpg 300w, https:\/\/media.acninternational.org\/wp-content\/uploads\/2026\/03\/ACN-20260116-200435-1024x759.jpg 1024w, https:\/\/media.acninternational.org\/wp-content\/uploads\/2026\/03\/ACN-20260116-200435-768x569.jpg 768w\" sizes=\"auto, (max-width: 1280px) 100vw, 1280px\" \/><figcaption class=\"wp-element-caption\">Sue\u00f1an con una Ucrania sin guerra.<\/figcaption><\/figure>\n<\/div>\n\n\n<p>Gracias a su solidaridad y compromiso inquebrantables, nuestros benefactores se han asegurado de que la Iglesia en Ucrania no est\u00e9 sola. Gracias a ellos, ACN contin\u00faa acompa\u00f1ando a sacerdotes, religiosos y fieles de ambos ritos, griego y latino, llevando esperanza, estabilidad y atenci\u00f3n pastoral incluso en medio del conflicto actual.<\/p>\n\n\n\n<p>Hasta la fecha, se han aprobado y financiado <strong>1.256 proyectos<\/strong>, junto con <strong>234 proyectos de estipendios de misa<\/strong>, sumando un apoyo total de <strong>30,35 millones de euros<\/strong>. La generosidad de nuestros benefactores ha tomado forma concreta a trav\u00e9s de una Iglesia que sana, acompa\u00f1a y lleva la luz de Cristo a los m\u00e1s necesitados.<\/p>\n\n\n\n<p><strong>\u00abQue el Se\u00f1or os bendiga abundantemente por vuestra bondad y cuidado\u00bb.<\/strong><br><em>Hermanas Misioneras Benedictinas<\/em><\/p>\n\n\n<div class=\"wp-block-image\">\n<figure class=\"aligncenter size-full\"><img loading=\"lazy\" decoding=\"async\" width=\"1500\" height=\"1350\" src=\"https:\/\/media.acninternational.org\/wp-content\/uploads\/2026\/03\/Infographic-WebPage-esp-1.jpg\" alt=\"\" class=\"wp-image-263133\" srcset=\"https:\/\/media.acninternational.org\/wp-content\/uploads\/2026\/03\/Infographic-WebPage-esp-1.jpg 1500w, https:\/\/media.acninternational.org\/wp-content\/uploads\/2026\/03\/Infographic-WebPage-esp-1-300x270.jpg 300w, https:\/\/media.acninternational.org\/wp-content\/uploads\/2026\/03\/Infographic-WebPage-esp-1-1024x922.jpg 1024w, https:\/\/media.acninternational.org\/wp-content\/uploads\/2026\/03\/Infographic-WebPage-esp-1-768x691.jpg 768w\" sizes=\"auto, (max-width: 1500px) 100vw, 1500px\" \/><\/figure>\n<\/div>\n\n\n<p><\/p>\n\n\n\n<h4 class=\"wp-block-heading\" id=\"h-todo-lo-que-ha-sido-posible-realizar-en-ucrania\"><strong>Todo lo que ha sido posible realizar en Ucrania<\/strong><\/h4>\n\n\n\n<p>A lo largo de los cuatro a\u00f1os de guerra, nuestros benefactores han hecho posibles 1.256 proyectos, permitiendo a la Iglesia responder r\u00e1pidamente al principio y adaptarse conforme la situaci\u00f3n iba evolucionando.<\/p>\n\n\n\n<p><strong>1. <strong>Construir refugios de esperanza<\/strong><\/strong><\/p>\n\n\n\n<p>La construcci\u00f3n representa el 23% de nuestras iniciativas. ACN ha financiado sistemas de calefacci\u00f3n y aislamiento, as\u00ed como reparaciones esenciales, lo cual son aut\u00e9nticos salvavidas para las parroquias y monasterios, que se enfrentan a condiciones invernales extremas y da\u00f1os recurrentes.<\/p>\n\n\n\n<p><strong>2. <strong>Movilidad para la misi\u00f3n<\/strong><\/strong><\/p>\n\n\n\n<p>Ante la interrupci\u00f3n del transporte p\u00fablico, nuestros benefactores proporcionaron veh\u00edculos para los sacerdotes y las hermanas. Gracias a ellos, los sacramentos y la ayuda humanitaria llegan incluso a las \u00abzonas grises\u00bb m\u00e1s aisladas cerca de las l\u00edneas del frente.<\/p>\n\n\n\n<p><strong>3. <strong>Sanar las heridas invisibles<\/strong><\/strong><\/p>\n\n\n\n<p>Los proyectos pastorales representan el 17% de todas las iniciativas, mantienen viva la fe y fortalecen la resiliencia espiritual en tiempos de miedo e incertidumbre.<\/p>\n\n\n\n<p>Junto a esto, los proyectos de formaci\u00f3n representan el 15% de la ayuda total. Al apoyar a seminaristas y novicias, ACN se asegura de que los futuros sacerdotes y religiosos no se quedar\u00e1n solos, sino que puedan seguir prepar\u00e1ndose para servir fielmente a su pueblo, incluso en tiempos de guerra.<\/p>\n\n\n\n<p><em><em>\u00abAprend\u00ed a vivir no solo en modo supervivencia, sino a vivir de verdad otra vez\u00bb.<\/em><\/em> \u2014 Natalya, catequista.<\/p>\n\n\n\n<p><strong>4. <strong>Ayudarles a sobrevivir<\/strong><\/strong><\/p>\n\n\n\n<p>Aunque los proyectos de emergencia representan solo el 11% del n\u00famero total de iniciativas, su impacto fue inmenso en las primeras fases de la guerra, cuando miles de familias se vieron obligadas a huir de la noche a la ma\u00f1ana. Gracias a nuestros benefactores, <em>\u00abnadie en Ucrania muri\u00f3 por hambre, sed o falta de necesidades humanas b\u00e1sicas\u00bb<\/em>, afirma Mons. Sviatoslav Shevchuk, Arzobispo Mayor de la Iglesia greco-cat\u00f3lica ucraniana.<\/p>\n\n\n\n<p>Esto fue posible porque, cuando comenz\u00f3 la guerra, nuestros benefactores dieron un paso al frente de inmediato. Gracias a su contribuci\u00f3n, fuimos una de las primeras organizaciones en acudir en ayuda de la Iglesia en Ucrania. La gente en Kiev, J\u00e1rkov, Zaporiyia, Odesa y otras en la regi\u00f3n de Donetsk agradecieron recibir nuestra ayuda de emergencia.<\/p>\n\n\n\n<p><em><em>\u00abLa Iglesia, como una madre, cuida de sus hijos\u00bb.<\/em> \u2014 Mons. Shevchuk<\/em><\/p>\n\n\n<div class=\"wp-block-image\">\n<figure class=\"aligncenter size-full\"><img loading=\"lazy\" decoding=\"async\" width=\"1500\" height=\"1000\" src=\"https:\/\/media.acninternational.org\/wp-content\/uploads\/2026\/03\/ACN-20250714-191698.jpg\" alt=\"\" class=\"wp-image-262660\" srcset=\"https:\/\/media.acninternational.org\/wp-content\/uploads\/2026\/03\/ACN-20250714-191698.jpg 1500w, https:\/\/media.acninternational.org\/wp-content\/uploads\/2026\/03\/ACN-20250714-191698-300x200.jpg 300w, https:\/\/media.acninternational.org\/wp-content\/uploads\/2026\/03\/ACN-20250714-191698-1024x683.jpg 1024w, https:\/\/media.acninternational.org\/wp-content\/uploads\/2026\/03\/ACN-20250714-191698-768x512.jpg 768w\" sizes=\"auto, (max-width: 1500px) 100vw, 1500px\" \/><figcaption class=\"wp-element-caption\">Gracias a los estipendios de misa donados por nuestros benefactores, los sacerdotes pueden continuar cuidando de su reba\u00f1o.<\/figcaption><\/figure>\n<\/div>\n\n\n<p><\/p>\n\n\n\n<p><strong><strong>\u00abLa luz en la oscuridad\u00bb \u2013 Dnipro<\/strong><\/strong><\/p>\n\n\n\n<p>En el invierno de 2025\/2026, los frailes capuchinos en Dnipro han podido celebrar la Santa Misa a la luz de las velas en medio de constantes apagones.<\/p>\n\n\n\n<p><em><em>\u00abDurante los ataques a\u00e9reos masivos por la noche, no dormimos. Nos escondemos en el s\u00f3tano (&#8230;) y, sin embargo, en esta oscuridad, descubrimos qu\u00e9 gran regalo son la luz y el calor. Vuestra solidaridad nos permite seguir\u00bb<\/em>.<\/em><\/p>\n\n\n\n<p><strong><strong>\u00abUn sue\u00f1o restaurado\u00bb \u2013 La historia de la Hna. Mar\u00eda<\/strong><\/strong><\/p>\n\n\n\n<p>La Hna. Mar\u00eda sacrific\u00f3 su educaci\u00f3n musical para entrar en el convento. Gracias a una beca de ACN, ahora estudia composici\u00f3n para servir a la Iglesia a trav\u00e9s de la m\u00fasica sacra.<\/p>\n\n\n\n<p><em><em>\u00abA trav\u00e9s de la m\u00fasica, proclamo la Buena Nueva de la infinita Misericordia de Dios. Hab\u00e9is aliviado nuestra carga financiera y me hab\u00e9is permitido concentrarme plenamente en mis estudios. \u00a1Qu\u00e9 bueno es el Se\u00f1or!\u00bb.<\/em><\/em><\/p>\n\n\n\n<p><strong><strong>\u00abLa presencia es la mejor medicina\u00bb \u2013 Mykolaiv<\/strong><\/strong><\/p>\n\n\n\n<p>En la parroquia de San Jos\u00e9, cerca de las l\u00edneas del frente sur, la misi\u00f3n es sencilla: estar all\u00ed.<\/p>\n\n\n\n<p><em><em>\u00abLa gente no solo busca palabras de consuelo, sino sobre todo presencia. Las l\u00e1grimas dejan de ser solo desesperaci\u00f3n y se convierten en oraci\u00f3n\u00bb<\/em>.<\/em><\/p>\n\n\n<div class=\"wp-block-image\">\n<figure class=\"aligncenter size-full\"><img loading=\"lazy\" decoding=\"async\" width=\"1500\" height=\"1125\" src=\"https:\/\/media.acninternational.org\/wp-content\/uploads\/2026\/02\/ACN-20250812-192942.jpg\" alt=\"\" class=\"wp-image-261774\" srcset=\"https:\/\/media.acninternational.org\/wp-content\/uploads\/2026\/02\/ACN-20250812-192942.jpg 1500w, https:\/\/media.acninternational.org\/wp-content\/uploads\/2026\/02\/ACN-20250812-192942-300x225.jpg 300w, https:\/\/media.acninternational.org\/wp-content\/uploads\/2026\/02\/ACN-20250812-192942-1024x768.jpg 1024w, https:\/\/media.acninternational.org\/wp-content\/uploads\/2026\/02\/ACN-20250812-192942-768x576.jpg 768w\" sizes=\"auto, (max-width: 1500px) 100vw, 1500px\" \/><figcaption class=\"wp-element-caption\">\u201cAntes de la guerra ten\u00edamos m\u00e1s de 80 parroquias, pero m\u00e1s de la mitad las han cerrado o est\u00e1n ocupadas o destruidas\u201d, Obispo greco-cat\u00f3lico de Donetsk.<\/figcaption><\/figure>\n<\/div>\n\n\n<p><\/p>\n\n\n\n<p><strong><strong>A qui\u00e9nes han ayudado nuestros benefactores en 2025<\/strong><\/strong><\/p>\n\n\n\n<p>La ayuda de ACN llega a todos los niveles de la Iglesia:<\/p>\n\n\n\n<ul class=\"wp-block-list\">\n<li><strong>4.285 sacerdotes<\/strong> recibieron estipendios de misa.<\/li>\n\n\n\n<li><strong>532 hermanas y 14 hermanos<\/strong> recibieron ayuda de subsistencia.<\/li>\n\n\n\n<li><strong>515 seminaristas<\/strong> pudieron continuar su camino al sacerdocio.<\/li>\n\n\n\n<li><strong>4.000 ni\u00f1os<\/strong> encontraron de nuevo alegr\u00eda en los campamentos \u00abVacaciones con Dios\u00bb.<\/li>\n<\/ul>\n\n\n\n<p><strong><strong>Mantengamos viva la misi\u00f3n<\/strong><\/strong><\/p>\n\n\n\n<p>La guerra ha puesto a prueba la fortaleza interior del pueblo ucraniano, pero su amor ha demostrado ser m\u00e1s fuerte que el miedo. Al entrar en el quinto a\u00f1o de este conflicto, la presencia de la Iglesia es m\u00e1s vital que nunca.<\/p>\n\n\n\n<p><strong><a href=\"https:\/\/acninternational.org\/es\/contacto\/#worldwide\">Ay\u00fadanos a seguir llevando la luz de Cristo a Ucrania.<\/a><\/strong><\/p>\n\n\n\n<p><em>\u00abEl amor es m\u00e1s fuerte que el miedo, m\u00e1s fuerte que la muerte\u00bb.<\/em> \u2014 Hermanas de Santa Isabel, Chornomorsk<\/p>\n\n\n\n<p><\/p>\n<\/div>\n<\/div>\n","protected":false},"excerpt":{"rendered":"<p>Cuatro a\u00f1os de fe bajo fuego: El impacto de los proyectos de ACN en Ucrania (2022\u20132026) Desde febrero de 2022, Ucrania ha sufrido una guerra a gran escala que ha transformado la vida cotidiana en todo el pa\u00eds. Ciudades y pueblos han sido da\u00f1ados o destruidos, millones de personas se han visto desplazadas y las [&hellip;]<\/p>\n","protected":false},"author":4258341447,"featured_media":262744,"parent":0,"menu_order":0,"comment_status":"closed","ping_status":"closed","template":"page_general.php","meta":{"_acf_changed":false,"footnotes":""},"class_list":["post-262996","page","type-page","status-publish","has-post-thumbnail","hentry"],"acf":[],"yoast_head":"<!-- This site is optimized with the Yoast SEO Premium plugin v27.3 (Yoast SEO v27.3) - https:\/\/yoast.com\/product\/yoast-seo-premium-wordpress\/ -->\n<title>Nuestra ayuda en Ucrania | ACN International<\/title>\n<meta name=\"robots\" content=\"index, follow, max-snippet:-1, max-image-preview:large, max-video-preview:-1\" \/>\n<link rel=\"canonical\" href=\"https:\/\/acninternational.org\/es\/nuestra-ayuda-en-ucrania\/\" \/>\n<meta property=\"og:locale\" content=\"es_ES\" \/>\n<meta property=\"og:type\" content=\"article\" \/>\n<meta property=\"og:title\" content=\"Nuestra ayuda en Ucrania\" \/>\n<meta property=\"og:description\" content=\"Cuatro a\u00f1os de fe bajo fuego: El impacto de los proyectos de ACN en Ucrania (2022\u20132026) Desde febrero de 2022, Ucrania ha sufrido una guerra a gran escala que ha transformado la vida cotidiana en todo el pa\u00eds. Ciudades y pueblos han sido da\u00f1ados o destruidos, millones de personas se han visto desplazadas y las [&hellip;]\" \/>\n<meta property=\"og:url\" content=\"https:\/\/acninternational.org\/es\/nuestra-ayuda-en-ucrania\/\" \/>\n<meta property=\"og:site_name\" content=\"ACN International\" \/>\n<meta property=\"article:publisher\" content=\"https:\/\/www.facebook.com\/acninternationalorg\" \/>\n<meta property=\"article:modified_time\" content=\"2026-03-31T14:05:19+00:00\" \/>\n<meta property=\"og:image\" content=\"https:\/\/media.acninternational.org\/wp-content\/uploads\/2026\/03\/Update-Ukraine-War-Web-2-gen.jpg\" \/>\n\t<meta property=\"og:image:width\" content=\"1920\" \/>\n\t<meta property=\"og:image:height\" content=\"700\" \/>\n\t<meta property=\"og:image:type\" content=\"image\/jpeg\" \/>\n<meta name=\"twitter:card\" content=\"summary_large_image\" \/>\n<meta name=\"twitter:site\" content=\"@acn_int\" \/>\n<meta name=\"twitter:label1\" content=\"Tiempo de lectura\" \/>\n\t<meta name=\"twitter:data1\" content=\"6 minutos\" \/>\n<script type=\"application\/ld+json\" class=\"yoast-schema-graph\">{\"@context\":\"https:\\\/\\\/schema.org\",\"@graph\":[{\"@type\":\"WebPage\",\"@id\":\"https:\\\/\\\/acninternational.org\\\/es\\\/nuestra-ayuda-en-ucrania\\\/\",\"url\":\"https:\\\/\\\/acninternational.org\\\/es\\\/nuestra-ayuda-en-ucrania\\\/\",\"name\":\"Nuestra ayuda en Ucrania | ACN International\",\"isPartOf\":{\"@id\":\"https:\\\/\\\/acninternational.org\\\/es\\\/#website\"},\"primaryImageOfPage\":{\"@id\":\"https:\\\/\\\/acninternational.org\\\/es\\\/nuestra-ayuda-en-ucrania\\\/#primaryimage\"},\"image\":{\"@id\":\"https:\\\/\\\/acninternational.org\\\/es\\\/nuestra-ayuda-en-ucrania\\\/#primaryimage\"},\"thumbnailUrl\":\"https:\\\/\\\/media.acninternational.org\\\/wp-content\\\/uploads\\\/2026\\\/03\\\/Update-Ukraine-War-Web-2-gen.jpg\",\"datePublished\":\"2024-03-22T15:07:25+00:00\",\"dateModified\":\"2026-03-31T14:05:19+00:00\",\"breadcrumb\":{\"@id\":\"https:\\\/\\\/acninternational.org\\\/es\\\/nuestra-ayuda-en-ucrania\\\/#breadcrumb\"},\"inLanguage\":\"es\",\"potentialAction\":[{\"@type\":\"ReadAction\",\"target\":[\"https:\\\/\\\/acninternational.org\\\/es\\\/nuestra-ayuda-en-ucrania\\\/\"]}]},{\"@type\":\"ImageObject\",\"inLanguage\":\"es\",\"@id\":\"https:\\\/\\\/acninternational.org\\\/es\\\/nuestra-ayuda-en-ucrania\\\/#primaryimage\",\"url\":\"https:\\\/\\\/media.acninternational.org\\\/wp-content\\\/uploads\\\/2026\\\/03\\\/Update-Ukraine-War-Web-2-gen.jpg\",\"contentUrl\":\"https:\\\/\\\/media.acninternational.org\\\/wp-content\\\/uploads\\\/2026\\\/03\\\/Update-Ukraine-War-Web-2-gen.jpg\",\"width\":1920,\"height\":700},{\"@type\":\"BreadcrumbList\",\"@id\":\"https:\\\/\\\/acninternational.org\\\/es\\\/nuestra-ayuda-en-ucrania\\\/#breadcrumb\",\"itemListElement\":[{\"@type\":\"ListItem\",\"position\":1,\"name\":\"Home\",\"item\":\"https:\\\/\\\/acninternational.org\\\/es\\\/\"},{\"@type\":\"ListItem\",\"position\":2,\"name\":\"Nuestra ayuda en Ucrania\"}]},{\"@type\":\"WebSite\",\"@id\":\"https:\\\/\\\/acninternational.org\\\/es\\\/#website\",\"url\":\"https:\\\/\\\/acninternational.org\\\/es\\\/\",\"name\":\"ACN International\",\"description\":\"\",\"publisher\":{\"@id\":\"https:\\\/\\\/acninternational.org\\\/es\\\/#organization\"},\"potentialAction\":[{\"@type\":\"SearchAction\",\"target\":{\"@type\":\"EntryPoint\",\"urlTemplate\":\"https:\\\/\\\/acninternational.org\\\/es\\\/?s={search_term_string}\"},\"query-input\":{\"@type\":\"PropertyValueSpecification\",\"valueRequired\":true,\"valueName\":\"search_term_string\"}}],\"inLanguage\":\"es\"},{\"@type\":\"Organization\",\"@id\":\"https:\\\/\\\/acninternational.org\\\/es\\\/#organization\",\"name\":\"Aid to the Church in Need International\",\"url\":\"https:\\\/\\\/acninternational.org\\\/es\\\/\",\"logo\":{\"@type\":\"ImageObject\",\"inLanguage\":\"es\",\"@id\":\"https:\\\/\\\/acninternational.org\\\/es\\\/#\\\/schema\\\/logo\\\/image\\\/\",\"url\":\"https:\\\/\\\/media.acninternational.org\\\/wp-content\\\/uploads\\\/2019\\\/11\\\/acn_logo_blackvector.svg\",\"contentUrl\":\"https:\\\/\\\/media.acninternational.org\\\/wp-content\\\/uploads\\\/2019\\\/11\\\/acn_logo_blackvector.svg\",\"width\":232.6,\"height\":78,\"caption\":\"Aid to the Church in Need International\"},\"image\":{\"@id\":\"https:\\\/\\\/acninternational.org\\\/es\\\/#\\\/schema\\\/logo\\\/image\\\/\"},\"sameAs\":[\"https:\\\/\\\/www.facebook.com\\\/acninternationalorg\",\"https:\\\/\\\/x.com\\\/acn_int\",\"https:\\\/\\\/www.youtube.com\\\/channel\\\/UCQ-077gS0TnVzkhHmf1opZw\",\"https:\\\/\\\/www.instagram.com\\\/acn_international\\\/\"]}]}<\/script>\n<!-- \/ Yoast SEO Premium plugin. -->","yoast_head_json":{"title":"Nuestra ayuda en Ucrania | ACN International","robots":{"index":"index","follow":"follow","max-snippet":"max-snippet:-1","max-image-preview":"max-image-preview:large","max-video-preview":"max-video-preview:-1"},"canonical":"https:\/\/acninternational.org\/es\/nuestra-ayuda-en-ucrania\/","og_locale":"es_ES","og_type":"article","og_title":"Nuestra ayuda en Ucrania","og_description":"Cuatro a\u00f1os de fe bajo fuego: El impacto de los proyectos de ACN en Ucrania (2022\u20132026) Desde febrero de 2022, Ucrania ha sufrido una guerra a gran escala que ha transformado la vida cotidiana en todo el pa\u00eds. Ciudades y pueblos han sido da\u00f1ados o destruidos, millones de personas se han visto desplazadas y las [&hellip;]","og_url":"https:\/\/acninternational.org\/es\/nuestra-ayuda-en-ucrania\/","og_site_name":"ACN International","article_publisher":"https:\/\/www.facebook.com\/acninternationalorg","article_modified_time":"2026-03-31T14:05:19+00:00","og_image":[{"width":1920,"height":700,"url":"https:\/\/media.acninternational.org\/wp-content\/uploads\/2026\/03\/Update-Ukraine-War-Web-2-gen.jpg","type":"image\/jpeg"}],"twitter_card":"summary_large_image","twitter_site":"@acn_int","twitter_misc":{"Tiempo de lectura":"6 minutos"},"schema":{"@context":"https:\/\/schema.org","@graph":[{"@type":"WebPage","@id":"https:\/\/acninternational.org\/es\/nuestra-ayuda-en-ucrania\/","url":"https:\/\/acninternational.org\/es\/nuestra-ayuda-en-ucrania\/","name":"Nuestra ayuda en Ucrania | ACN International","isPartOf":{"@id":"https:\/\/acninternational.org\/es\/#website"},"primaryImageOfPage":{"@id":"https:\/\/acninternational.org\/es\/nuestra-ayuda-en-ucrania\/#primaryimage"},"image":{"@id":"https:\/\/acninternational.org\/es\/nuestra-ayuda-en-ucrania\/#primaryimage"},"thumbnailUrl":"https:\/\/media.acninternational.org\/wp-content\/uploads\/2026\/03\/Update-Ukraine-War-Web-2-gen.jpg","datePublished":"2024-03-22T15:07:25+00:00","dateModified":"2026-03-31T14:05:19+00:00","breadcrumb":{"@id":"https:\/\/acninternational.org\/es\/nuestra-ayuda-en-ucrania\/#breadcrumb"},"inLanguage":"es","potentialAction":[{"@type":"ReadAction","target":["https:\/\/acninternational.org\/es\/nuestra-ayuda-en-ucrania\/"]}]},{"@type":"ImageObject","inLanguage":"es","@id":"https:\/\/acninternational.org\/es\/nuestra-ayuda-en-ucrania\/#primaryimage","url":"https:\/\/media.acninternational.org\/wp-content\/uploads\/2026\/03\/Update-Ukraine-War-Web-2-gen.jpg","contentUrl":"https:\/\/media.acninternational.org\/wp-content\/uploads\/2026\/03\/Update-Ukraine-War-Web-2-gen.jpg","width":1920,"height":700},{"@type":"BreadcrumbList","@id":"https:\/\/acninternational.org\/es\/nuestra-ayuda-en-ucrania\/#breadcrumb","itemListElement":[{"@type":"ListItem","position":1,"name":"Home","item":"https:\/\/acninternational.org\/es\/"},{"@type":"ListItem","position":2,"name":"Nuestra ayuda en Ucrania"}]},{"@type":"WebSite","@id":"https:\/\/acninternational.org\/es\/#website","url":"https:\/\/acninternational.org\/es\/","name":"ACN International","description":"","publisher":{"@id":"https:\/\/acninternational.org\/es\/#organization"},"potentialAction":[{"@type":"SearchAction","target":{"@type":"EntryPoint","urlTemplate":"https:\/\/acninternational.org\/es\/?s={search_term_string}"},"query-input":{"@type":"PropertyValueSpecification","valueRequired":true,"valueName":"search_term_string"}}],"inLanguage":"es"},{"@type":"Organization","@id":"https:\/\/acninternational.org\/es\/#organization","name":"Aid to the Church in Need International","url":"https:\/\/acninternational.org\/es\/","logo":{"@type":"ImageObject","inLanguage":"es","@id":"https:\/\/acninternational.org\/es\/#\/schema\/logo\/image\/","url":"https:\/\/media.acninternational.org\/wp-content\/uploads\/2019\/11\/acn_logo_blackvector.svg","contentUrl":"https:\/\/media.acninternational.org\/wp-content\/uploads\/2019\/11\/acn_logo_blackvector.svg","width":232.6,"height":78,"caption":"Aid to the Church in Need International"},"image":{"@id":"https:\/\/acninternational.org\/es\/#\/schema\/logo\/image\/"},"sameAs":["https:\/\/www.facebook.com\/acninternationalorg","https:\/\/x.com\/acn_int","https:\/\/www.youtube.com\/channel\/UCQ-077gS0TnVzkhHmf1opZw","https:\/\/www.instagram.com\/acn_international\/"]}]}},"_links":{"self":[{"href":"https:\/\/acninternational.org\/es\/wp-json\/wp\/v2\/pages\/262996","targetHints":{"allow":["GET"]}}],"collection":[{"href":"https:\/\/acninternational.org\/es\/wp-json\/wp\/v2\/pages"}],"about":[{"href":"https:\/\/acninternational.org\/es\/wp-json\/wp\/v2\/types\/page"}],"author":[{"embeddable":true,"href":"https:\/\/acninternational.org\/es\/wp-json\/wp\/v2\/users\/4258341447"}],"replies":[{"embeddable":true,"href":"https:\/\/acninternational.org\/es\/wp-json\/wp\/v2\/comments?post=262996"}],"version-history":[{"count":11,"href":"https:\/\/acninternational.org\/es\/wp-json\/wp\/v2\/pages\/262996\/revisions"}],"predecessor-version":[{"id":263157,"href":"https:\/\/acninternational.org\/es\/wp-json\/wp\/v2\/pages\/262996\/revisions\/263157"}],"wp:featuredmedia":[{"embeddable":true,"href":"https:\/\/acninternational.org\/es\/wp-json\/wp\/v2\/media\/262744"}],"wp:attachment":[{"href":"https:\/\/acninternational.org\/es\/wp-json\/wp\/v2\/media?parent=262996"}],"curies":[{"name":"wp","href":"https:\/\/api.w.org\/{rel}","templated":true}]}}