{"id":260087,"date":"2025-11-17T12:01:19","date_gmt":"2025-11-17T11:01:19","guid":{"rendered":"https:\/\/acninternational.org\/red-week\/"},"modified":"2025-11-20T11:22:45","modified_gmt":"2025-11-20T10:22:45","slug":"redweek","status":"publish","type":"page","link":"https:\/\/acninternational.org\/es\/redweek\/","title":{"rendered":"Red Week"},"content":{"rendered":"\n<style>\n.additional-title{\n    font-family: 'Source Sans 3';\n    font-size: 73px;\n    font-weight: 700;\n    line-height: 60px;\n    margin: 0;\n}\n\n.redweek-image-rounded{\nmax-width: 85%;\n}\n\n\n.font-family: 'Source Sans 3'; \n.redweek-image-rounded-100{\nmax-width: 100%;\n}\n    \n.redweek-image-rounded > img, .redweek-image-rounded-100 > img{\nborder-radius:12px;\n}\n.h4-column-title{\nline-height:26px !important;\n}\n.rfr-cover-title{\n font-size:44px;\n}\n.equal-height-row {\n  align-items: stretch; \/* parent flex container *\/\n}\n\n.equal-height-row .equal-height-col {\n  display: flex;\n  flex-direction: column;\n}\n\n.equal-height-row .equal-height-col .bottom-button {\n  margin-top: auto;\n}\n\n@media (max-width: 767px) {\n  .wp-block-columns.reverse-mobile {\n    flex-direction: column-reverse !important;\n  }\n}\n\n\n@media screen and (max-width: 420px) {\n.additional-title {\n    font-family: 'Source Sans 3';\n    font-size: 40px;\n}\n.redweek-image-rounded{\nmax-width: 100%;\n}\n\n.rfr-cover-title{\n font-size:23px;\n}\n}\n\n<\/style>\n\n\n\n<div class=\"wp-block-columns container is-layout-flex wp-container-core-columns-is-layout-9d6595d7 wp-block-columns-is-layout-flex\">\n<div class=\"wp-block-column is-vertically-aligned-center is-layout-flow wp-block-column-is-layout-flow\">\n<h2 class=\"wp-block-heading has-text-align-center\" id=\"h-este-noviembre-participa-en-la-redweek\"><strong>Este noviembre, participa en la #RedWeek<\/strong><\/h2>\n\n\n\n<p class=\"has-text-align-center\" style=\"font-size:18px\">Una campa\u00f1a global que ilumina iglesias, monumentos y edificios p\u00fablicos de color rojo para concienciar sobre la persecuci\u00f3n de los cristianos en todo el mundo.<\/p>\n<\/div>\n<\/div>\n\n\n\n<div class=\"wp-block-columns container is-layout-flex wp-container-core-columns-is-layout-9d6595d7 wp-block-columns-is-layout-flex\">\n<div class=\"wp-block-column text-center is-layout-flow wp-block-column-is-layout-flow\">\n<figure class=\"wp-block-embed aligncenter is-type-video is-provider-youtube wp-block-embed-youtube wp-embed-aspect-16-9 wp-has-aspect-ratio\"><div class=\"wp-block-embed__wrapper\">\n<iframe loading=\"lazy\" title=\"Red Week 2025 SPOT - ENGLISH\" width=\"640\" height=\"360\" src=\"https:\/\/www.youtube.com\/embed\/05KOwjMpZ04?feature=oembed\" frameborder=\"0\" allow=\"accelerometer; autoplay; clipboard-write; encrypted-media; gyroscope; picture-in-picture; web-share\" referrerpolicy=\"strict-origin-when-cross-origin\" allowfullscreen><\/iframe>\n<\/div><\/figure>\n<\/div>\n<\/div>\n\n\n\n<div class=\"wp-block-columns container reverse-mobile is-layout-flex wp-container-core-columns-is-layout-9d6595d7 wp-block-columns-is-layout-flex\">\n<div class=\"wp-block-column text-center is-layout-flow wp-block-column-is-layout-flow\">\n<figure class=\"wp-block-image size-large is-style-default redweek-image-rounded\"><img loading=\"lazy\" decoding=\"async\" width=\"1024\" height=\"682\" src=\"https:\/\/media.acninternational.org\/wp-content\/uploads\/2025\/11\/ACN-20231205-157043-1024x682.jpg\" alt=\"\" class=\"wp-image-260131\" srcset=\"https:\/\/media.acninternational.org\/wp-content\/uploads\/2025\/11\/ACN-20231205-157043-1024x682.jpg 1024w, https:\/\/media.acninternational.org\/wp-content\/uploads\/2025\/11\/ACN-20231205-157043-300x200.jpg 300w, https:\/\/media.acninternational.org\/wp-content\/uploads\/2025\/11\/ACN-20231205-157043-768x512.jpg 768w, https:\/\/media.acninternational.org\/wp-content\/uploads\/2025\/11\/ACN-20231205-157043.jpg 1280w\" sizes=\"auto, (max-width: 1024px) 100vw, 1024px\" \/><\/figure>\n<\/div>\n\n\n\n<div class=\"wp-block-column is-vertically-aligned-center is-layout-flow wp-block-column-is-layout-flow\">\n<h2 class=\"wp-block-heading mb-0\" id=\"h-el-color-rojo\" style=\"font-size:44px\">El color rojo<\/h2>\n\n\n\n<p class=\"has-text-align-left\" style=\"font-size:18px\">simboliza la sangre de los m\u00e1rtires y representa<br>nuestra solidaridad con los que sufren por su fe.<\/p>\n<\/div>\n<\/div>\n\n\n\n<div class=\"wp-block-columns container is-layout-flex wp-container-core-columns-is-layout-9d6595d7 wp-block-columns-is-layout-flex\">\n<div class=\"wp-block-column is-vertically-aligned-center is-layout-flow wp-block-column-is-layout-flow\">\n<h2 class=\"wp-block-heading mb-0\" id=\"h-413-millones-de-cristianos\" style=\"font-size:44px\">413 millones de cristianos<\/h2>\n\n\n\n<p class=\"has-text-align-left\" style=\"font-size:18px\">viven en lugares donde la libertad religiosa se ve gravemente vulnerada,<br>y 220 millones est\u00e1n directamente expuestos a la persecuci\u00f3n.<\/p>\n<\/div>\n\n\n\n<div class=\"wp-block-column text-center is-layout-flow wp-block-column-is-layout-flow\">\n<figure class=\"wp-block-image size-large is-style-default redweek-image-rounded\"><img loading=\"lazy\" decoding=\"async\" width=\"1024\" height=\"682\" src=\"https:\/\/media.acninternational.org\/wp-content\/uploads\/2025\/11\/image-2-1024x682.jpg\" alt=\"\" class=\"wp-image-260137\" srcset=\"https:\/\/media.acninternational.org\/wp-content\/uploads\/2025\/11\/image-2-1024x682.jpg 1024w, https:\/\/media.acninternational.org\/wp-content\/uploads\/2025\/11\/image-2-300x200.jpg 300w, https:\/\/media.acninternational.org\/wp-content\/uploads\/2025\/11\/image-2-768x512.jpg 768w, https:\/\/media.acninternational.org\/wp-content\/uploads\/2025\/11\/image-2.jpg 1280w\" sizes=\"auto, (max-width: 1024px) 100vw, 1024px\" \/><\/figure>\n<\/div>\n<\/div>\n\n\n\n<div class=\"wp-block-columns container reverse-mobile is-layout-flex wp-container-core-columns-is-layout-9d6595d7 wp-block-columns-is-layout-flex\">\n<div class=\"wp-block-column text-center is-layout-flow wp-block-column-is-layout-flow\">\n<figure class=\"wp-block-image size-large is-style-default redweek-image-rounded\"><img loading=\"lazy\" decoding=\"async\" width=\"1024\" height=\"682\" src=\"https:\/\/media.acninternational.org\/wp-content\/uploads\/2025\/11\/ACN-20231205-157049-1024x682.jpg\" alt=\"\" class=\"wp-image-260143\" srcset=\"https:\/\/media.acninternational.org\/wp-content\/uploads\/2025\/11\/ACN-20231205-157049-1024x682.jpg 1024w, https:\/\/media.acninternational.org\/wp-content\/uploads\/2025\/11\/ACN-20231205-157049-300x200.jpg 300w, https:\/\/media.acninternational.org\/wp-content\/uploads\/2025\/11\/ACN-20231205-157049-768x512.jpg 768w, https:\/\/media.acninternational.org\/wp-content\/uploads\/2025\/11\/ACN-20231205-157049.jpg 1280w\" sizes=\"auto, (max-width: 1024px) 100vw, 1024px\" \/><\/figure>\n<\/div>\n\n\n\n<div class=\"wp-block-column is-vertically-aligned-center is-layout-flow wp-block-column-is-layout-flow\">\n<h2 class=\"wp-block-heading mb-0\" id=\"h-mas-de-medio-millon-de-personas\" style=\"font-size:44px\">M\u00e1s de medio mill\u00f3n de personas<\/h2>\n\n\n\n<p class=\"has-text-align-left\" style=\"font-size:18px\">Se espera que participen en la Semana Roja 2025 de ACN,<br>en la que m\u00e1s de 600 iglesias se ti\u00f1en de rojo por la fe y la<br>libertad.<\/p>\n<\/div>\n<\/div>\n\n\n\n<div class=\"wp-block-columns container is-layout-flex wp-container-core-columns-is-layout-9d6595d7 wp-block-columns-is-layout-flex\">\n<div class=\"wp-block-column is-vertically-aligned-center is-layout-flow wp-block-column-is-layout-flow\">\n<h2 class=\"wp-block-heading mb-0\" id=\"h-participar-en-la-redweek\" style=\"font-size:44px\">Participar en la #RedWeek<\/h2>\n\n\n\n<p class=\"has-text-align-left\" style=\"font-size:18px\">rezando, vistiendo de rojo y aprendiendo sobre<br>los acontecimientos que est\u00e1n ocurriendo en tu pa\u00eds.<\/p>\n\n\n\n<style>\t \n #countryDropdown{\n font-size: 18px;\n }\n<\/style>\n<div class=\"d-flex justify-content-center\">\n    <div class=\"dropdown\">\n    <button class=\"btn btn-light dropdown-toggle\" type=\"button\" id=\"countryDropdown\" data-bs-toggle=\"dropdown\" aria-expanded=\"false\">\n    Seleccionar Pa\u00eds\n    <\/button>\n    <ul class=\"dropdown-menu\" aria-labelledby=\"countryDropdown\">\n        <li><a class=\"dropdown-item\" href=\"https:\/\/www.ayudaalaiglesianecesitada.org\/redweek\" target=\"_blank\">Espa\u00f1a<\/a><\/li>\n        <li><a class=\"dropdown-item\" href=\"https:\/\/www.acncolombia.org\/redweek-persecucion-religiosa\" target=\"_blank\">Colombia<\/a><\/li>\n        <li><a class=\"dropdown-item\" href=\"https:\/\/acn-mexico.org\/redweekacn\" target=\"_blank\">\u00e9xico<\/a><\/li>\n        <li><a class=\"dropdown-item\" href=\"https:\/\/www.acn-peru.org\/redweek-persecucion-religiosa\/\" target=\"_blank\">Per\u00fa<\/a><\/li>\n    <\/ul>\n    <\/div>\n\n<\/div>\n<\/div>\n\n\n\n<div class=\"wp-block-column text-center is-layout-flow wp-block-column-is-layout-flow\">\n<figure class=\"wp-block-image size-large is-style-default redweek-image-rounded\"><img loading=\"lazy\" decoding=\"async\" width=\"1024\" height=\"682\" src=\"https:\/\/media.acninternational.org\/wp-content\/uploads\/2025\/11\/ACN-20211207-120952-1024x682.jpg\" alt=\"\" class=\"wp-image-260149\" srcset=\"https:\/\/media.acninternational.org\/wp-content\/uploads\/2025\/11\/ACN-20211207-120952-1024x682.jpg 1024w, https:\/\/media.acninternational.org\/wp-content\/uploads\/2025\/11\/ACN-20211207-120952-300x200.jpg 300w, https:\/\/media.acninternational.org\/wp-content\/uploads\/2025\/11\/ACN-20211207-120952-768x512.jpg 768w, https:\/\/media.acninternational.org\/wp-content\/uploads\/2025\/11\/ACN-20211207-120952.jpg 1280w\" sizes=\"auto, (max-width: 1024px) 100vw, 1024px\" \/><\/figure>\n<\/div>\n<\/div>\n\n\n\n<div class=\"wp-block-cover is-light\" style=\"min-height:300px;aspect-ratio:unset;\"><img decoding=\"async\" class=\"wp-block-cover__image-background wp-image-259648 size-full\" alt=\"\" src=\"https:\/\/media.acninternational.org\/wp-content\/uploads\/2025\/11\/Copertina_Rapporto_2025_montaggio_copia_2072a7501e-1.jpg\" data-object-fit=\"cover\"\/><span aria-hidden=\"true\" class=\"wp-block-cover__background has-background-dim-0 has-background-dim\" style=\"background-color:#FFF\"><\/span><div class=\"wp-block-cover__inner-container is-layout-constrained wp-block-cover-is-layout-constrained\">\n<h4 class=\"wp-block-heading has-text-align-center rfr-cover-title has-white-color has-text-color has-link-color wp-elements-7223f05afb3f68966a003a023f806d76\" id=\"h-informe-sobre-la-libertad-religiosa-2025\">Informe sobre la libertad religiosa 2025<\/h4>\n<\/div><\/div>\n\n\n\n<div style=\"height:80px\" aria-hidden=\"true\" class=\"wp-block-spacer\"><\/div>\n\n\n\n<div class=\"wp-block-columns container equal-height-row is-layout-flex wp-container-core-columns-is-layout-9d6595d7 wp-block-columns-is-layout-flex\">\n<div class=\"wp-block-column wp-block-column-stretch is-layout-flow equal-height-col wp-block-column-is-layout-flow\">\n<figure class=\"wp-block-image size-full is-style-default redweek-image-rounded-100\"><img decoding=\"async\" src=\"https:\/\/media.acninternational.org\/wp-content\/uploads\/2025\/11\/map.jpg\" alt=\"\" class=\"wp-image-259655\"\/><\/figure>\n\n\n\n<h4 class=\"wp-block-heading h4-column-title\" id=\"h-conclusiones-principales\" style=\"font-size:24px\">Conclusiones principales<\/h4>\n\n\n\n<p style=\"font-size:18px\">En un mundo marcado por una inestabilidad en aumento desde la guerra en Ucrania al conflicto en Tierra Santa y el auge global del autoritarismo, la libertad religiosa est\u00e1 cada vez m\u00e1s amenazada.<\/p>\n\n\n\n<div class=\"wp-block-buttons border-0 bottom-button is-content-justification-left is-layout-flex wp-container-core-buttons-is-layout-fdcfc74e wp-block-buttons-is-layout-flex\">\n<div class=\"wp-block-button has-custom-width wp-block-button__width-50 border-0 is-style-fill py-2\"><a class=\"wp-block-button__link has-white-color has-text-color has-background has-link-color wp-element-button\" href=\"https:\/\/acninternational.org\/es\/religiousfreedomreport\/\" style=\"border-radius:6px;background-color:#ea1f25\">M\u00e1s<\/a><\/div>\n<\/div>\n<\/div>\n\n\n\n<div class=\"wp-block-column wp-block-column-stretch is-layout-flow equal-height-col wp-block-column-is-layout-flow\">\n<figure class=\"wp-block-image size-full is-style-default redweek-image-rounded-100\"><img decoding=\"async\" src=\"https:\/\/media.acninternational.org\/wp-content\/uploads\/2025\/11\/image-5.jpg\" alt=\"\" class=\"wp-image-259667\"\/><\/figure>\n\n\n\n<h4 class=\"wp-block-heading h4-column-title\" id=\"h-peticion-internacional-por-la-libertad-religiosa\" style=\"font-size:24px\">Petici\u00f3n internacional por la libertad religiosa<\/h4>\n\n\n\n<p style=\"font-size:18px\">Firma esta petici\u00f3n y defiende la urgente<br>protecci\u00f3n y promoci\u00f3n global del derecho fundamental a la libertad de pensamiento, conciencia y religi\u00f3n.<\/p>\n\n\n\n<div class=\"wp-block-buttons border-0 bottom-button is-content-justification-left is-layout-flex wp-container-core-buttons-is-layout-fdcfc74e wp-block-buttons-is-layout-flex\">\n<div class=\"wp-block-button has-custom-width wp-block-button__width-50 border-0 is-style-fill py-2\"><a class=\"wp-block-button__link has-white-color has-text-color has-background has-link-color wp-element-button\" href=\"https:\/\/acninternational.org\/es\/peticion\/\" style=\"border-radius:6px;background-color:#ea1f25\">Firma<\/a><\/div>\n<\/div>\n<\/div>\n\n\n\n<div class=\"wp-block-column wp-block-column-stretch is-layout-flow equal-height-col wp-block-column-is-layout-flow\">\n<figure class=\"wp-block-image size-full is-style-default redweek-image-rounded-100\"><img decoding=\"async\" src=\"https:\/\/media.acninternational.org\/wp-content\/uploads\/2025\/11\/large_2_Regina_Lynch_ACN_4e9cf71819.jpg\" alt=\"\" class=\"wp-image-259661\"\/><\/figure>\n\n\n\n<h4 class=\"wp-block-heading h4-column-title\" id=\"h-articulos\" style=\"font-size:24px\">Art\u00edculos<\/h4>\n\n\n\n<p style=\"font-size:18px\">Estudios de casos, documentos informativos y art\u00edculos sobre la situaci\u00f3n de discriminaci\u00f3n y persecuci\u00f3n que se sigue produciendo en todo el mundo.<\/p>\n\n\n\n<p style=\"font-size:18px\"><\/p>\n\n\n\n<div class=\"wp-block-buttons border-0 bottom-button is-content-justification-left is-layout-flex wp-container-core-buttons-is-layout-fdcfc74e wp-block-buttons-is-layout-flex\">\n<div class=\"wp-block-button has-custom-width wp-block-button__width-50 border-0 is-style-fill py-2\"><a class=\"wp-block-button__link has-white-color has-text-color has-background has-link-color wp-element-button\" href=\"https:\/\/acninternational.org\/es\/religiousfreedomreport\/\" style=\"border-radius:6px;background-color:#ea1f25\">Leer<\/a><\/div>\n<\/div>\n<\/div>\n<\/div>\n\n\n\n<div style=\"height:40px\" aria-hidden=\"true\" class=\"wp-block-spacer\"><\/div>\n\n\n\n<h3 class=\"wp-block-heading has-text-align-center acn-text-red\" id=\"h-libertad-religiosa-un-derecho-humano-no-un-privilegio\" style=\"font-size:38px\"><em>Libertad religiosa: un derecho humano, no un privilegio.<\/em><\/h3>\n\n\n\n<div style=\"height:60px\" aria-hidden=\"true\" class=\"wp-block-spacer\"><\/div>\n","protected":false},"excerpt":{"rendered":"<p>Este noviembre, participa en la #RedWeek Una campa\u00f1a global que ilumina iglesias, monumentos y edificios p\u00fablicos de color rojo para concienciar sobre la persecuci\u00f3n de los cristianos en todo el mundo. El color rojo simboliza la sangre de los m\u00e1rtires y representanuestra solidaridad con los que sufren por su fe. 413 millones de cristianos viven [&hellip;]<\/p>\n","protected":false},"author":4258341480,"featured_media":260169,"parent":0,"menu_order":0,"comment_status":"closed","ping_status":"closed","template":"page-full-width.php","meta":{"_acf_changed":false,"footnotes":""},"class_list":["post-260087","page","type-page","status-publish","has-post-thumbnail","hentry"],"acf":[],"yoast_head":"<!-- This site is optimized with the Yoast SEO Premium plugin v27.3 (Yoast SEO v27.3) - https:\/\/yoast.com\/product\/yoast-seo-premium-wordpress\/ -->\n<title>Red Week | ACN International<\/title>\n<meta name=\"description\" content=\"Una campa\u00f1a global que ilumina iglesias, monumentos y edificios p\u00fablicos de color rojo para concienciar sobre la persecuci\u00f3n de los cristianos en todo el mundo.\" \/>\n<meta name=\"robots\" content=\"index, follow, max-snippet:-1, max-image-preview:large, max-video-preview:-1\" \/>\n<link rel=\"canonical\" href=\"https:\/\/acninternational.org\/es\/redweek\/\" \/>\n<meta property=\"og:locale\" content=\"es_ES\" \/>\n<meta property=\"og:type\" content=\"article\" \/>\n<meta property=\"og:title\" content=\"Red Week\" \/>\n<meta property=\"og:description\" content=\"Una campa\u00f1a global que ilumina iglesias, monumentos y edificios p\u00fablicos de color rojo para concienciar sobre la persecuci\u00f3n de los cristianos en todo el mundo.\" \/>\n<meta property=\"og:url\" content=\"https:\/\/acninternational.org\/es\/redweek\/\" \/>\n<meta property=\"og:site_name\" content=\"ACN International\" \/>\n<meta property=\"article:publisher\" content=\"https:\/\/www.facebook.com\/acninternationalorg\" \/>\n<meta property=\"article:modified_time\" content=\"2025-11-20T10:22:45+00:00\" \/>\n<meta property=\"og:image\" content=\"https:\/\/media.acninternational.org\/wp-content\/uploads\/2025\/11\/ACN-REDWEEK-2025-3-300x300.jpg\" \/>\n<meta name=\"twitter:card\" content=\"summary_large_image\" \/>\n<meta name=\"twitter:site\" content=\"@acn_int\" \/>\n<meta name=\"twitter:label1\" content=\"Tiempo de lectura\" \/>\n\t<meta name=\"twitter:data1\" content=\"3 minutos\" \/>\n<script type=\"application\/ld+json\" class=\"yoast-schema-graph\">{\"@context\":\"https:\\\/\\\/schema.org\",\"@graph\":[{\"@type\":\"WebPage\",\"@id\":\"https:\\\/\\\/acninternational.org\\\/es\\\/redweek\\\/\",\"url\":\"https:\\\/\\\/acninternational.org\\\/es\\\/redweek\\\/\",\"name\":\"Red Week | ACN International\",\"isPartOf\":{\"@id\":\"https:\\\/\\\/acninternational.org\\\/es\\\/#website\"},\"primaryImageOfPage\":{\"@id\":\"https:\\\/\\\/acninternational.org\\\/es\\\/redweek\\\/#primaryimage\"},\"image\":{\"@id\":\"https:\\\/\\\/acninternational.org\\\/es\\\/redweek\\\/#primaryimage\"},\"thumbnailUrl\":\"https:\\\/\\\/media.acninternational.org\\\/wp-content\\\/uploads\\\/2025\\\/11\\\/New-RW25-Web-Headers-02-2.jpg\",\"datePublished\":\"2025-11-17T11:01:19+00:00\",\"dateModified\":\"2025-11-20T10:22:45+00:00\",\"description\":\"Una campa\u00f1a global que ilumina iglesias, monumentos y edificios p\u00fablicos de color rojo para concienciar sobre la persecuci\u00f3n de los cristianos en todo el mundo.\",\"breadcrumb\":{\"@id\":\"https:\\\/\\\/acninternational.org\\\/es\\\/redweek\\\/#breadcrumb\"},\"inLanguage\":\"es\",\"potentialAction\":[{\"@type\":\"ReadAction\",\"target\":[\"https:\\\/\\\/acninternational.org\\\/es\\\/redweek\\\/\"]}]},{\"@type\":\"ImageObject\",\"inLanguage\":\"es\",\"@id\":\"https:\\\/\\\/acninternational.org\\\/es\\\/redweek\\\/#primaryimage\",\"url\":\"https:\\\/\\\/media.acninternational.org\\\/wp-content\\\/uploads\\\/2025\\\/11\\\/New-RW25-Web-Headers-02-2.jpg\",\"contentUrl\":\"https:\\\/\\\/media.acninternational.org\\\/wp-content\\\/uploads\\\/2025\\\/11\\\/New-RW25-Web-Headers-02-2.jpg\",\"width\":1719,\"height\":460},{\"@type\":\"BreadcrumbList\",\"@id\":\"https:\\\/\\\/acninternational.org\\\/es\\\/redweek\\\/#breadcrumb\",\"itemListElement\":[{\"@type\":\"ListItem\",\"position\":1,\"name\":\"Home\",\"item\":\"https:\\\/\\\/acninternational.org\\\/es\\\/\"},{\"@type\":\"ListItem\",\"position\":2,\"name\":\"Red Week\"}]},{\"@type\":\"WebSite\",\"@id\":\"https:\\\/\\\/acninternational.org\\\/es\\\/#website\",\"url\":\"https:\\\/\\\/acninternational.org\\\/es\\\/\",\"name\":\"ACN International\",\"description\":\"\",\"publisher\":{\"@id\":\"https:\\\/\\\/acninternational.org\\\/es\\\/#organization\"},\"potentialAction\":[{\"@type\":\"SearchAction\",\"target\":{\"@type\":\"EntryPoint\",\"urlTemplate\":\"https:\\\/\\\/acninternational.org\\\/es\\\/?s={search_term_string}\"},\"query-input\":{\"@type\":\"PropertyValueSpecification\",\"valueRequired\":true,\"valueName\":\"search_term_string\"}}],\"inLanguage\":\"es\"},{\"@type\":\"Organization\",\"@id\":\"https:\\\/\\\/acninternational.org\\\/es\\\/#organization\",\"name\":\"Aid to the Church in Need International\",\"url\":\"https:\\\/\\\/acninternational.org\\\/es\\\/\",\"logo\":{\"@type\":\"ImageObject\",\"inLanguage\":\"es\",\"@id\":\"https:\\\/\\\/acninternational.org\\\/es\\\/#\\\/schema\\\/logo\\\/image\\\/\",\"url\":\"https:\\\/\\\/media.acninternational.org\\\/wp-content\\\/uploads\\\/2019\\\/11\\\/acn_logo_blackvector.svg\",\"contentUrl\":\"https:\\\/\\\/media.acninternational.org\\\/wp-content\\\/uploads\\\/2019\\\/11\\\/acn_logo_blackvector.svg\",\"width\":232.6,\"height\":78,\"caption\":\"Aid to the Church in Need International\"},\"image\":{\"@id\":\"https:\\\/\\\/acninternational.org\\\/es\\\/#\\\/schema\\\/logo\\\/image\\\/\"},\"sameAs\":[\"https:\\\/\\\/www.facebook.com\\\/acninternationalorg\",\"https:\\\/\\\/x.com\\\/acn_int\",\"https:\\\/\\\/www.youtube.com\\\/channel\\\/UCQ-077gS0TnVzkhHmf1opZw\",\"https:\\\/\\\/www.instagram.com\\\/acn_international\\\/\"]}]}<\/script>\n<!-- \/ Yoast SEO Premium plugin. -->","yoast_head_json":{"title":"Red Week | ACN International","description":"Una campa\u00f1a global que ilumina iglesias, monumentos y edificios p\u00fablicos de color rojo para concienciar sobre la persecuci\u00f3n de los cristianos en todo el mundo.","robots":{"index":"index","follow":"follow","max-snippet":"max-snippet:-1","max-image-preview":"max-image-preview:large","max-video-preview":"max-video-preview:-1"},"canonical":"https:\/\/acninternational.org\/es\/redweek\/","og_locale":"es_ES","og_type":"article","og_title":"Red Week","og_description":"Una campa\u00f1a global que ilumina iglesias, monumentos y edificios p\u00fablicos de color rojo para concienciar sobre la persecuci\u00f3n de los cristianos en todo el mundo.","og_url":"https:\/\/acninternational.org\/es\/redweek\/","og_site_name":"ACN International","article_publisher":"https:\/\/www.facebook.com\/acninternationalorg","article_modified_time":"2025-11-20T10:22:45+00:00","og_image":[{"url":"https:\/\/media.acninternational.org\/wp-content\/uploads\/2025\/11\/ACN-REDWEEK-2025-3-300x300.jpg","type":"","width":"","height":""}],"twitter_card":"summary_large_image","twitter_site":"@acn_int","twitter_misc":{"Tiempo de lectura":"3 minutos"},"schema":{"@context":"https:\/\/schema.org","@graph":[{"@type":"WebPage","@id":"https:\/\/acninternational.org\/es\/redweek\/","url":"https:\/\/acninternational.org\/es\/redweek\/","name":"Red Week | ACN International","isPartOf":{"@id":"https:\/\/acninternational.org\/es\/#website"},"primaryImageOfPage":{"@id":"https:\/\/acninternational.org\/es\/redweek\/#primaryimage"},"image":{"@id":"https:\/\/acninternational.org\/es\/redweek\/#primaryimage"},"thumbnailUrl":"https:\/\/media.acninternational.org\/wp-content\/uploads\/2025\/11\/New-RW25-Web-Headers-02-2.jpg","datePublished":"2025-11-17T11:01:19+00:00","dateModified":"2025-11-20T10:22:45+00:00","description":"Una campa\u00f1a global que ilumina iglesias, monumentos y edificios p\u00fablicos de color rojo para concienciar sobre la persecuci\u00f3n de los cristianos en todo el mundo.","breadcrumb":{"@id":"https:\/\/acninternational.org\/es\/redweek\/#breadcrumb"},"inLanguage":"es","potentialAction":[{"@type":"ReadAction","target":["https:\/\/acninternational.org\/es\/redweek\/"]}]},{"@type":"ImageObject","inLanguage":"es","@id":"https:\/\/acninternational.org\/es\/redweek\/#primaryimage","url":"https:\/\/media.acninternational.org\/wp-content\/uploads\/2025\/11\/New-RW25-Web-Headers-02-2.jpg","contentUrl":"https:\/\/media.acninternational.org\/wp-content\/uploads\/2025\/11\/New-RW25-Web-Headers-02-2.jpg","width":1719,"height":460},{"@type":"BreadcrumbList","@id":"https:\/\/acninternational.org\/es\/redweek\/#breadcrumb","itemListElement":[{"@type":"ListItem","position":1,"name":"Home","item":"https:\/\/acninternational.org\/es\/"},{"@type":"ListItem","position":2,"name":"Red Week"}]},{"@type":"WebSite","@id":"https:\/\/acninternational.org\/es\/#website","url":"https:\/\/acninternational.org\/es\/","name":"ACN International","description":"","publisher":{"@id":"https:\/\/acninternational.org\/es\/#organization"},"potentialAction":[{"@type":"SearchAction","target":{"@type":"EntryPoint","urlTemplate":"https:\/\/acninternational.org\/es\/?s={search_term_string}"},"query-input":{"@type":"PropertyValueSpecification","valueRequired":true,"valueName":"search_term_string"}}],"inLanguage":"es"},{"@type":"Organization","@id":"https:\/\/acninternational.org\/es\/#organization","name":"Aid to the Church in Need International","url":"https:\/\/acninternational.org\/es\/","logo":{"@type":"ImageObject","inLanguage":"es","@id":"https:\/\/acninternational.org\/es\/#\/schema\/logo\/image\/","url":"https:\/\/media.acninternational.org\/wp-content\/uploads\/2019\/11\/acn_logo_blackvector.svg","contentUrl":"https:\/\/media.acninternational.org\/wp-content\/uploads\/2019\/11\/acn_logo_blackvector.svg","width":232.6,"height":78,"caption":"Aid to the Church in Need International"},"image":{"@id":"https:\/\/acninternational.org\/es\/#\/schema\/logo\/image\/"},"sameAs":["https:\/\/www.facebook.com\/acninternationalorg","https:\/\/x.com\/acn_int","https:\/\/www.youtube.com\/channel\/UCQ-077gS0TnVzkhHmf1opZw","https:\/\/www.instagram.com\/acn_international\/"]}]}},"_links":{"self":[{"href":"https:\/\/acninternational.org\/es\/wp-json\/wp\/v2\/pages\/260087","targetHints":{"allow":["GET"]}}],"collection":[{"href":"https:\/\/acninternational.org\/es\/wp-json\/wp\/v2\/pages"}],"about":[{"href":"https:\/\/acninternational.org\/es\/wp-json\/wp\/v2\/types\/page"}],"author":[{"embeddable":true,"href":"https:\/\/acninternational.org\/es\/wp-json\/wp\/v2\/users\/4258341480"}],"replies":[{"embeddable":true,"href":"https:\/\/acninternational.org\/es\/wp-json\/wp\/v2\/comments?post=260087"}],"version-history":[{"count":23,"href":"https:\/\/acninternational.org\/es\/wp-json\/wp\/v2\/pages\/260087\/revisions"}],"predecessor-version":[{"id":260234,"href":"https:\/\/acninternational.org\/es\/wp-json\/wp\/v2\/pages\/260087\/revisions\/260234"}],"wp:featuredmedia":[{"embeddable":true,"href":"https:\/\/acninternational.org\/es\/wp-json\/wp\/v2\/media\/260169"}],"wp:attachment":[{"href":"https:\/\/acninternational.org\/es\/wp-json\/wp\/v2\/media?parent=260087"}],"curies":[{"name":"wp","href":"https:\/\/api.w.org\/{rel}","templated":true}]}}