{"id":242161,"date":"2025-03-10T13:32:17","date_gmt":"2025-03-10T12:32:17","guid":{"rendered":"https:\/\/acninternational.org\/?page_id=242161"},"modified":"2025-03-10T13:32:07","modified_gmt":"2025-03-10T12:32:07","slug":"biblia-del-nino","status":"publish","type":"page","link":"https:\/\/acninternational.org\/es\/biblia-del-nino\/","title":{"rendered":"Distribuci\u00f3n de biblias y material catequ\u00e9tico"},"content":{"rendered":"<p>\u201cId por todo el mundo y proclamad el Evangelio a toda la creaci\u00f3n\u201d, dijo Jes\u00fas. Ayuda a la Iglesia Necesitada entiende este mandato de un modo literal. As\u00ed, desde 1979 nuestra organizaci\u00f3n edita y distribuye en todo el mundo la Biblia para ni\u00f1os, una obra traducida a 194 idiomas de la que ya se han repartido 51,7 millones de ejemplares.<\/p>\n<p>En pa\u00edses pobres, la Biblia para ni\u00f1os es con frecuencia el primer libro en lengua materna al que los ni\u00f1os tienen acceso y, a menudo, el \u00fanico libro ilustrado que los peque\u00f1os reciben durante toda su vida.<\/p>\n<blockquote class=\"wp-block-quote blockquote ps-3 py-2\"><p>A veces, la Biblia es el \u00fanico libro ilustrado al que los ni\u00f1os necesitados tienen acceso<\/p>\n<pre>Padre Anton L\u00e4sser, CP, asistente eclesi\u00e1stico internacional de la fundaci\u00f3n<\/pre>\n<\/blockquote>\n<figure id=\"attachment_214277\" aria-describedby=\"caption-attachment-214277\" style=\"width: 800px\" class=\"wp-caption aligncenter\"><img loading=\"lazy\" decoding=\"async\" class=\"wp-image-214277 size-large\" src=\"https:\/\/media.acninternational.org\/wp-content\/uploads\/2020\/06\/ACN-20230508-145630-1024x683.jpg\" alt=\"En el centro de ense\u00f1anza St. Bosco de Le\u00f3polis, Ucrania\" width=\"800\" height=\"534\" srcset=\"https:\/\/media.acninternational.org\/wp-content\/uploads\/2020\/06\/ACN-20230508-145630-1024x683.jpg 1024w, https:\/\/media.acninternational.org\/wp-content\/uploads\/2020\/06\/ACN-20230508-145630-300x200.jpg 300w, https:\/\/media.acninternational.org\/wp-content\/uploads\/2020\/06\/ACN-20230508-145630-768x512.jpg 768w, https:\/\/media.acninternational.org\/wp-content\/uploads\/2020\/06\/ACN-20230508-145630.jpg 1080w\" sizes=\"auto, (max-width: 800px) 100vw, 800px\" \/><figcaption id=\"caption-attachment-214277\" class=\"wp-caption-text\">En el centro de ense\u00f1anza St. Bosco de Le\u00f3polis, Ucrania<\/figcaption><\/figure>\n<p>Solo en 2023 se imprimieron y distribuyeron m\u00e1s de 700.000 libros religiosos con ayuda de ACN. Adem\u00e1s, Ayuda a la Iglesia Necesitada tambi\u00e9n financia el YOUCAT, un catecismo para j\u00f3venes ilustrado de la Iglesia cat\u00f3lica que ya est\u00e1 disponible en 59 idiomas distintos. Y desde 2016 tambi\u00e9n existe el DOCAT, un resumen actualizado de las ense\u00f1anzas y la doctrina social de la Iglesia cat\u00f3lica.<\/p>\n","protected":false},"excerpt":{"rendered":"<p>\u201cId por todo el mundo y proclamad el Evangelio a toda la creaci\u00f3n\u201d, dijo Jes\u00fas. Ayuda a la Iglesia Necesitada entiende este mandato de un modo literal. As\u00ed, desde 1979 nuestra organizaci\u00f3n edita y distribuye en todo el mundo la Biblia para ni\u00f1os, una obra traducida a 194 idiomas de la que ya se han [&hellip;]<\/p>\n","protected":false},"author":4258341447,"featured_media":214271,"parent":0,"menu_order":0,"comment_status":"closed","ping_status":"closed","template":"","meta":{"_acf_changed":false,"footnotes":""},"class_list":["post-242161","page","type-page","status-publish","has-post-thumbnail","hentry","page-category-page-sub-task-area-4"],"acf":[],"yoast_head":"<!-- This site is optimized with the Yoast SEO Premium plugin v27.3 (Yoast SEO v27.3) - https:\/\/yoast.com\/product\/yoast-seo-premium-wordpress\/ -->\n<title>Distribuci\u00f3n de biblias y material catequ\u00e9tico | ACN International<\/title>\n<meta name=\"robots\" content=\"index, follow, max-snippet:-1, max-image-preview:large, max-video-preview:-1\" \/>\n<link rel=\"canonical\" href=\"https:\/\/acninternational.org\/es\/biblia-del-nino\/\" \/>\n<meta property=\"og:locale\" content=\"es_ES\" \/>\n<meta property=\"og:type\" content=\"article\" \/>\n<meta property=\"og:title\" content=\"Distribuci\u00f3n de biblias y material catequ\u00e9tico\" \/>\n<meta property=\"og:description\" content=\"\u201cId por todo el mundo y proclamad el Evangelio a toda la creaci\u00f3n\u201d, dijo Jes\u00fas. Ayuda a la Iglesia Necesitada entiende este mandato de un modo literal. As\u00ed, desde 1979 nuestra organizaci\u00f3n edita y distribuye en todo el mundo la Biblia para ni\u00f1os, una obra traducida a 194 idiomas de la que ya se han [&hellip;]\" \/>\n<meta property=\"og:url\" content=\"https:\/\/acninternational.org\/es\/biblia-del-nino\/\" \/>\n<meta property=\"og:site_name\" content=\"ACN International\" \/>\n<meta property=\"article:publisher\" content=\"https:\/\/www.facebook.com\/acninternationalorg\" \/>\n<meta property=\"og:image\" content=\"https:\/\/media.acninternational.org\/wp-content\/uploads\/2020\/06\/ACN-20230327-143262.jpg\" \/>\n\t<meta property=\"og:image:width\" content=\"1920\" \/>\n\t<meta property=\"og:image:height\" content=\"700\" \/>\n\t<meta property=\"og:image:type\" content=\"image\/jpeg\" \/>\n<meta name=\"twitter:card\" content=\"summary_large_image\" \/>\n<meta name=\"twitter:site\" content=\"@acn_int\" \/>\n<meta name=\"twitter:label1\" content=\"Tiempo de lectura\" \/>\n\t<meta name=\"twitter:data1\" content=\"2 minutos\" \/>\n<script type=\"application\/ld+json\" class=\"yoast-schema-graph\">{\"@context\":\"https:\\\/\\\/schema.org\",\"@graph\":[{\"@type\":\"WebPage\",\"@id\":\"https:\\\/\\\/acninternational.org\\\/es\\\/biblia-del-nino\\\/\",\"url\":\"https:\\\/\\\/acninternational.org\\\/es\\\/biblia-del-nino\\\/\",\"name\":\"Distribuci\u00f3n de biblias y material catequ\u00e9tico | ACN International\",\"isPartOf\":{\"@id\":\"https:\\\/\\\/acninternational.org\\\/es\\\/#website\"},\"primaryImageOfPage\":{\"@id\":\"https:\\\/\\\/acninternational.org\\\/es\\\/biblia-del-nino\\\/#primaryimage\"},\"image\":{\"@id\":\"https:\\\/\\\/acninternational.org\\\/es\\\/biblia-del-nino\\\/#primaryimage\"},\"thumbnailUrl\":\"https:\\\/\\\/media.acninternational.org\\\/wp-content\\\/uploads\\\/2020\\\/06\\\/ACN-20230327-143262.jpg\",\"datePublished\":\"2025-03-10T12:32:17+00:00\",\"breadcrumb\":{\"@id\":\"https:\\\/\\\/acninternational.org\\\/es\\\/biblia-del-nino\\\/#breadcrumb\"},\"inLanguage\":\"es\",\"potentialAction\":[{\"@type\":\"ReadAction\",\"target\":[\"https:\\\/\\\/acninternational.org\\\/es\\\/biblia-del-nino\\\/\"]}]},{\"@type\":\"ImageObject\",\"inLanguage\":\"es\",\"@id\":\"https:\\\/\\\/acninternational.org\\\/es\\\/biblia-del-nino\\\/#primaryimage\",\"url\":\"https:\\\/\\\/media.acninternational.org\\\/wp-content\\\/uploads\\\/2020\\\/06\\\/ACN-20230327-143262.jpg\",\"contentUrl\":\"https:\\\/\\\/media.acninternational.org\\\/wp-content\\\/uploads\\\/2020\\\/06\\\/ACN-20230327-143262.jpg\",\"width\":1920,\"height\":700},{\"@type\":\"BreadcrumbList\",\"@id\":\"https:\\\/\\\/acninternational.org\\\/es\\\/biblia-del-nino\\\/#breadcrumb\",\"itemListElement\":[{\"@type\":\"ListItem\",\"position\":1,\"name\":\"Home\",\"item\":\"https:\\\/\\\/acninternational.org\\\/es\\\/\"},{\"@type\":\"ListItem\",\"position\":2,\"name\":\"Distribuci\u00f3n de biblias y material catequ\u00e9tico\"}]},{\"@type\":\"WebSite\",\"@id\":\"https:\\\/\\\/acninternational.org\\\/es\\\/#website\",\"url\":\"https:\\\/\\\/acninternational.org\\\/es\\\/\",\"name\":\"ACN International\",\"description\":\"\",\"publisher\":{\"@id\":\"https:\\\/\\\/acninternational.org\\\/es\\\/#organization\"},\"potentialAction\":[{\"@type\":\"SearchAction\",\"target\":{\"@type\":\"EntryPoint\",\"urlTemplate\":\"https:\\\/\\\/acninternational.org\\\/es\\\/?s={search_term_string}\"},\"query-input\":{\"@type\":\"PropertyValueSpecification\",\"valueRequired\":true,\"valueName\":\"search_term_string\"}}],\"inLanguage\":\"es\"},{\"@type\":\"Organization\",\"@id\":\"https:\\\/\\\/acninternational.org\\\/es\\\/#organization\",\"name\":\"Aid to the Church in Need International\",\"url\":\"https:\\\/\\\/acninternational.org\\\/es\\\/\",\"logo\":{\"@type\":\"ImageObject\",\"inLanguage\":\"es\",\"@id\":\"https:\\\/\\\/acninternational.org\\\/es\\\/#\\\/schema\\\/logo\\\/image\\\/\",\"url\":\"https:\\\/\\\/media.acninternational.org\\\/wp-content\\\/uploads\\\/2019\\\/11\\\/acn_logo_blackvector.svg\",\"contentUrl\":\"https:\\\/\\\/media.acninternational.org\\\/wp-content\\\/uploads\\\/2019\\\/11\\\/acn_logo_blackvector.svg\",\"width\":232.6,\"height\":78,\"caption\":\"Aid to the Church in Need International\"},\"image\":{\"@id\":\"https:\\\/\\\/acninternational.org\\\/es\\\/#\\\/schema\\\/logo\\\/image\\\/\"},\"sameAs\":[\"https:\\\/\\\/www.facebook.com\\\/acninternationalorg\",\"https:\\\/\\\/x.com\\\/acn_int\",\"https:\\\/\\\/www.youtube.com\\\/channel\\\/UCQ-077gS0TnVzkhHmf1opZw\",\"https:\\\/\\\/www.instagram.com\\\/acn_international\\\/\"]}]}<\/script>\n<!-- \/ Yoast SEO Premium plugin. -->","yoast_head_json":{"title":"Distribuci\u00f3n de biblias y material catequ\u00e9tico | ACN International","robots":{"index":"index","follow":"follow","max-snippet":"max-snippet:-1","max-image-preview":"max-image-preview:large","max-video-preview":"max-video-preview:-1"},"canonical":"https:\/\/acninternational.org\/es\/biblia-del-nino\/","og_locale":"es_ES","og_type":"article","og_title":"Distribuci\u00f3n de biblias y material catequ\u00e9tico","og_description":"\u201cId por todo el mundo y proclamad el Evangelio a toda la creaci\u00f3n\u201d, dijo Jes\u00fas. Ayuda a la Iglesia Necesitada entiende este mandato de un modo literal. As\u00ed, desde 1979 nuestra organizaci\u00f3n edita y distribuye en todo el mundo la Biblia para ni\u00f1os, una obra traducida a 194 idiomas de la que ya se han [&hellip;]","og_url":"https:\/\/acninternational.org\/es\/biblia-del-nino\/","og_site_name":"ACN International","article_publisher":"https:\/\/www.facebook.com\/acninternationalorg","og_image":[{"width":1920,"height":700,"url":"https:\/\/media.acninternational.org\/wp-content\/uploads\/2020\/06\/ACN-20230327-143262.jpg","type":"image\/jpeg"}],"twitter_card":"summary_large_image","twitter_site":"@acn_int","twitter_misc":{"Tiempo de lectura":"2 minutos"},"schema":{"@context":"https:\/\/schema.org","@graph":[{"@type":"WebPage","@id":"https:\/\/acninternational.org\/es\/biblia-del-nino\/","url":"https:\/\/acninternational.org\/es\/biblia-del-nino\/","name":"Distribuci\u00f3n de biblias y material catequ\u00e9tico | ACN International","isPartOf":{"@id":"https:\/\/acninternational.org\/es\/#website"},"primaryImageOfPage":{"@id":"https:\/\/acninternational.org\/es\/biblia-del-nino\/#primaryimage"},"image":{"@id":"https:\/\/acninternational.org\/es\/biblia-del-nino\/#primaryimage"},"thumbnailUrl":"https:\/\/media.acninternational.org\/wp-content\/uploads\/2020\/06\/ACN-20230327-143262.jpg","datePublished":"2025-03-10T12:32:17+00:00","breadcrumb":{"@id":"https:\/\/acninternational.org\/es\/biblia-del-nino\/#breadcrumb"},"inLanguage":"es","potentialAction":[{"@type":"ReadAction","target":["https:\/\/acninternational.org\/es\/biblia-del-nino\/"]}]},{"@type":"ImageObject","inLanguage":"es","@id":"https:\/\/acninternational.org\/es\/biblia-del-nino\/#primaryimage","url":"https:\/\/media.acninternational.org\/wp-content\/uploads\/2020\/06\/ACN-20230327-143262.jpg","contentUrl":"https:\/\/media.acninternational.org\/wp-content\/uploads\/2020\/06\/ACN-20230327-143262.jpg","width":1920,"height":700},{"@type":"BreadcrumbList","@id":"https:\/\/acninternational.org\/es\/biblia-del-nino\/#breadcrumb","itemListElement":[{"@type":"ListItem","position":1,"name":"Home","item":"https:\/\/acninternational.org\/es\/"},{"@type":"ListItem","position":2,"name":"Distribuci\u00f3n de biblias y material catequ\u00e9tico"}]},{"@type":"WebSite","@id":"https:\/\/acninternational.org\/es\/#website","url":"https:\/\/acninternational.org\/es\/","name":"ACN International","description":"","publisher":{"@id":"https:\/\/acninternational.org\/es\/#organization"},"potentialAction":[{"@type":"SearchAction","target":{"@type":"EntryPoint","urlTemplate":"https:\/\/acninternational.org\/es\/?s={search_term_string}"},"query-input":{"@type":"PropertyValueSpecification","valueRequired":true,"valueName":"search_term_string"}}],"inLanguage":"es"},{"@type":"Organization","@id":"https:\/\/acninternational.org\/es\/#organization","name":"Aid to the Church in Need International","url":"https:\/\/acninternational.org\/es\/","logo":{"@type":"ImageObject","inLanguage":"es","@id":"https:\/\/acninternational.org\/es\/#\/schema\/logo\/image\/","url":"https:\/\/media.acninternational.org\/wp-content\/uploads\/2019\/11\/acn_logo_blackvector.svg","contentUrl":"https:\/\/media.acninternational.org\/wp-content\/uploads\/2019\/11\/acn_logo_blackvector.svg","width":232.6,"height":78,"caption":"Aid to the Church in Need International"},"image":{"@id":"https:\/\/acninternational.org\/es\/#\/schema\/logo\/image\/"},"sameAs":["https:\/\/www.facebook.com\/acninternationalorg","https:\/\/x.com\/acn_int","https:\/\/www.youtube.com\/channel\/UCQ-077gS0TnVzkhHmf1opZw","https:\/\/www.instagram.com\/acn_international\/"]}]}},"_links":{"self":[{"href":"https:\/\/acninternational.org\/es\/wp-json\/wp\/v2\/pages\/242161","targetHints":{"allow":["GET"]}}],"collection":[{"href":"https:\/\/acninternational.org\/es\/wp-json\/wp\/v2\/pages"}],"about":[{"href":"https:\/\/acninternational.org\/es\/wp-json\/wp\/v2\/types\/page"}],"author":[{"embeddable":true,"href":"https:\/\/acninternational.org\/es\/wp-json\/wp\/v2\/users\/4258341447"}],"replies":[{"embeddable":true,"href":"https:\/\/acninternational.org\/es\/wp-json\/wp\/v2\/comments?post=242161"}],"version-history":[{"count":0,"href":"https:\/\/acninternational.org\/es\/wp-json\/wp\/v2\/pages\/242161\/revisions"}],"wp:featuredmedia":[{"embeddable":true,"href":"https:\/\/acninternational.org\/es\/wp-json\/wp\/v2\/media\/214271"}],"wp:attachment":[{"href":"https:\/\/acninternational.org\/es\/wp-json\/wp\/v2\/media?parent=242161"}],"curies":[{"name":"wp","href":"https:\/\/api.w.org\/{rel}","templated":true}]}}