{"id":230877,"date":"2024-10-22T09:51:50","date_gmt":"2024-10-22T07:51:50","guid":{"rendered":"https:\/\/acninternational.org\/?page_id=230877"},"modified":"2024-10-22T09:58:15","modified_gmt":"2024-10-22T07:58:15","slug":"informe-muestra-que-la-persecucion-de-los-cristianos-se-esta-recrudeciendo","status":"publish","type":"page","link":"https:\/\/acninternational.org\/es\/informe-muestra-que-la-persecucion-de-los-cristianos-se-esta-recrudeciendo\/","title":{"rendered":"Informe muestra que la persecuci\u00f3n de los cristianos se est\u00e1 recrudeciendo"},"content":{"rendered":"<p>\u00bfPerseguidos y olvidados? Informe sobre los cristianos oprimidos por su fe 2022-24 resume los resultados de la investigaci\u00f3n continuada de AIN, evaluando los recientes patrones de violencia y persecuci\u00f3n.<\/p>\n<p><img loading=\"lazy\" decoding=\"async\" class=\"aligncenter size-large wp-image-230773\" src=\"https:\/\/media.acninternational.org\/wp-content\/uploads\/2022\/11\/ACN-20180913-76596-1-e1728904125482-1024x578.jpg\" alt=\"\" width=\"800\" height=\"452\" srcset=\"https:\/\/media.acninternational.org\/wp-content\/uploads\/2022\/11\/ACN-20180913-76596-1-e1728904125482-1024x578.jpg 1024w, https:\/\/media.acninternational.org\/wp-content\/uploads\/2022\/11\/ACN-20180913-76596-1-e1728904125482-300x169.jpg 300w, https:\/\/media.acninternational.org\/wp-content\/uploads\/2022\/11\/ACN-20180913-76596-1-e1728904125482-768x434.jpg 768w, https:\/\/media.acninternational.org\/wp-content\/uploads\/2022\/11\/ACN-20180913-76596-1-e1728904125482.jpg 1080w\" sizes=\"auto, (max-width: 800px) 100vw, 800px\" \/><\/p>\n<p>Incluso antes del periodo analizado en este informe, las pruebas ya mostraban que la persecuci\u00f3n y la opresi\u00f3n estaban empeorando. En todo el mundo, los cristianos se ven expuestos a un mayor riesgo de acoso, detenci\u00f3n y violencia: se queman iglesias, se secuestra y viola a mujeres cristianas y se asesina a fieles por sus creencias.<\/p>\n<p><iframe loading=\"lazy\" title=\"Persecuted and Forgotten? Report 2024\" width=\"640\" height=\"360\" src=\"https:\/\/www.youtube.com\/embed\/9ltPdtpVd_w?feature=oembed\" frameborder=\"0\" allow=\"accelerometer; autoplay; clipboard-write; encrypted-media; gyroscope; picture-in-picture; web-share\" referrerpolicy=\"strict-origin-when-cross-origin\" allowfullscreen><\/iframe><\/p>\n<p>Esta edici\u00f3n de Perseguidos y olvidados examina los retos a los que se enfrentan los cristianos en 18 pa\u00edses donde los fieles sufren a causa del autoritarismo estatal o de los ataques de extremistas. Abarca el periodo comprendido entre agosto de 2022 y junio de 2024.<\/p>\n<p><a href=\"https:\/\/acnuk.org\/pf-edition-2024\" target=\"_blank\" rel=\"noopener\">Lea aqu\u00ed el informe actual<\/a><\/p>\n","protected":false},"excerpt":{"rendered":"<p>\u00bfPerseguidos y olvidados? Informe sobre los cristianos oprimidos por su fe 2022-24 resume los resultados de la investigaci\u00f3n continuada de AIN, evaluando los recientes patrones de violencia y persecuci\u00f3n. Incluso antes del periodo analizado en este informe, las pruebas ya mostraban que la persecuci\u00f3n y la opresi\u00f3n estaban empeorando. En todo el mundo, los cristianos [&hellip;]<\/p>\n","protected":false},"author":4258341447,"featured_media":230838,"parent":0,"menu_order":0,"comment_status":"closed","ping_status":"closed","template":"","meta":{"_acf_changed":false,"footnotes":""},"class_list":["post-230877","page","type-page","status-publish","has-post-thumbnail","hentry","page-category-how-to-apply-subpages-es"],"acf":[],"yoast_head":"<!-- This site is optimized with the Yoast SEO Premium plugin v27.3 (Yoast SEO v27.3) - https:\/\/yoast.com\/product\/yoast-seo-premium-wordpress\/ -->\n<title>Informe muestra que la persecuci\u00f3n de los cristianos se est\u00e1 recrudeciendo | ACN International<\/title>\n<meta name=\"robots\" content=\"index, follow, max-snippet:-1, max-image-preview:large, max-video-preview:-1\" \/>\n<link rel=\"canonical\" href=\"https:\/\/acninternational.org\/es\/informe-muestra-que-la-persecucion-de-los-cristianos-se-esta-recrudeciendo\/\" \/>\n<meta property=\"og:locale\" content=\"es_ES\" \/>\n<meta property=\"og:type\" content=\"article\" \/>\n<meta property=\"og:title\" content=\"Informe muestra que la persecuci\u00f3n de los cristianos se est\u00e1 recrudeciendo\" \/>\n<meta property=\"og:description\" content=\"\u00bfPerseguidos y olvidados? Informe sobre los cristianos oprimidos por su fe 2022-24 resume los resultados de la investigaci\u00f3n continuada de AIN, evaluando los recientes patrones de violencia y persecuci\u00f3n. Incluso antes del periodo analizado en este informe, las pruebas ya mostraban que la persecuci\u00f3n y la opresi\u00f3n estaban empeorando. En todo el mundo, los cristianos [&hellip;]\" \/>\n<meta property=\"og:url\" content=\"https:\/\/acninternational.org\/es\/informe-muestra-que-la-persecucion-de-los-cristianos-se-esta-recrudeciendo\/\" \/>\n<meta property=\"og:site_name\" content=\"ACN International\" \/>\n<meta property=\"article:publisher\" content=\"https:\/\/www.facebook.com\/acninternationalorg\" \/>\n<meta property=\"article:modified_time\" content=\"2024-10-22T07:58:15+00:00\" \/>\n<meta property=\"og:image\" content=\"https:\/\/media.acninternational.org\/wp-content\/uploads\/2022\/11\/Persecuted-Forgotten-2024-en.jpg\" \/>\n\t<meta property=\"og:image:width\" content=\"2000\" \/>\n\t<meta property=\"og:image:height\" content=\"625\" \/>\n\t<meta property=\"og:image:type\" content=\"image\/jpeg\" \/>\n<meta name=\"twitter:card\" content=\"summary_large_image\" \/>\n<meta name=\"twitter:site\" content=\"@acn_int\" \/>\n<meta name=\"twitter:label1\" content=\"Tiempo de lectura\" \/>\n\t<meta name=\"twitter:data1\" content=\"1 minuto\" \/>\n<script type=\"application\/ld+json\" class=\"yoast-schema-graph\">{\"@context\":\"https:\\\/\\\/schema.org\",\"@graph\":[{\"@type\":\"WebPage\",\"@id\":\"https:\\\/\\\/acninternational.org\\\/es\\\/informe-muestra-que-la-persecucion-de-los-cristianos-se-esta-recrudeciendo\\\/\",\"url\":\"https:\\\/\\\/acninternational.org\\\/es\\\/informe-muestra-que-la-persecucion-de-los-cristianos-se-esta-recrudeciendo\\\/\",\"name\":\"Informe muestra que la persecuci\u00f3n de los cristianos se est\u00e1 recrudeciendo | ACN International\",\"isPartOf\":{\"@id\":\"https:\\\/\\\/acninternational.org\\\/es\\\/#website\"},\"primaryImageOfPage\":{\"@id\":\"https:\\\/\\\/acninternational.org\\\/es\\\/informe-muestra-que-la-persecucion-de-los-cristianos-se-esta-recrudeciendo\\\/#primaryimage\"},\"image\":{\"@id\":\"https:\\\/\\\/acninternational.org\\\/es\\\/informe-muestra-que-la-persecucion-de-los-cristianos-se-esta-recrudeciendo\\\/#primaryimage\"},\"thumbnailUrl\":\"https:\\\/\\\/media.acninternational.org\\\/wp-content\\\/uploads\\\/2022\\\/11\\\/Persecuted-Forgotten-2024-en.jpg\",\"datePublished\":\"2024-10-22T07:51:50+00:00\",\"dateModified\":\"2024-10-22T07:58:15+00:00\",\"breadcrumb\":{\"@id\":\"https:\\\/\\\/acninternational.org\\\/es\\\/informe-muestra-que-la-persecucion-de-los-cristianos-se-esta-recrudeciendo\\\/#breadcrumb\"},\"inLanguage\":\"es\",\"potentialAction\":[{\"@type\":\"ReadAction\",\"target\":[\"https:\\\/\\\/acninternational.org\\\/es\\\/informe-muestra-que-la-persecucion-de-los-cristianos-se-esta-recrudeciendo\\\/\"]}]},{\"@type\":\"ImageObject\",\"inLanguage\":\"es\",\"@id\":\"https:\\\/\\\/acninternational.org\\\/es\\\/informe-muestra-que-la-persecucion-de-los-cristianos-se-esta-recrudeciendo\\\/#primaryimage\",\"url\":\"https:\\\/\\\/media.acninternational.org\\\/wp-content\\\/uploads\\\/2022\\\/11\\\/Persecuted-Forgotten-2024-en.jpg\",\"contentUrl\":\"https:\\\/\\\/media.acninternational.org\\\/wp-content\\\/uploads\\\/2022\\\/11\\\/Persecuted-Forgotten-2024-en.jpg\",\"width\":2000,\"height\":625},{\"@type\":\"BreadcrumbList\",\"@id\":\"https:\\\/\\\/acninternational.org\\\/es\\\/informe-muestra-que-la-persecucion-de-los-cristianos-se-esta-recrudeciendo\\\/#breadcrumb\",\"itemListElement\":[{\"@type\":\"ListItem\",\"position\":1,\"name\":\"Home\",\"item\":\"https:\\\/\\\/acninternational.org\\\/es\\\/\"},{\"@type\":\"ListItem\",\"position\":2,\"name\":\"Informe muestra que la persecuci\u00f3n de los cristianos se est\u00e1 recrudeciendo\"}]},{\"@type\":\"WebSite\",\"@id\":\"https:\\\/\\\/acninternational.org\\\/es\\\/#website\",\"url\":\"https:\\\/\\\/acninternational.org\\\/es\\\/\",\"name\":\"ACN International\",\"description\":\"\",\"publisher\":{\"@id\":\"https:\\\/\\\/acninternational.org\\\/es\\\/#organization\"},\"potentialAction\":[{\"@type\":\"SearchAction\",\"target\":{\"@type\":\"EntryPoint\",\"urlTemplate\":\"https:\\\/\\\/acninternational.org\\\/es\\\/?s={search_term_string}\"},\"query-input\":{\"@type\":\"PropertyValueSpecification\",\"valueRequired\":true,\"valueName\":\"search_term_string\"}}],\"inLanguage\":\"es\"},{\"@type\":\"Organization\",\"@id\":\"https:\\\/\\\/acninternational.org\\\/es\\\/#organization\",\"name\":\"Aid to the Church in Need International\",\"url\":\"https:\\\/\\\/acninternational.org\\\/es\\\/\",\"logo\":{\"@type\":\"ImageObject\",\"inLanguage\":\"es\",\"@id\":\"https:\\\/\\\/acninternational.org\\\/es\\\/#\\\/schema\\\/logo\\\/image\\\/\",\"url\":\"https:\\\/\\\/media.acninternational.org\\\/wp-content\\\/uploads\\\/2019\\\/11\\\/acn_logo_blackvector.svg\",\"contentUrl\":\"https:\\\/\\\/media.acninternational.org\\\/wp-content\\\/uploads\\\/2019\\\/11\\\/acn_logo_blackvector.svg\",\"width\":232.6,\"height\":78,\"caption\":\"Aid to the Church in Need International\"},\"image\":{\"@id\":\"https:\\\/\\\/acninternational.org\\\/es\\\/#\\\/schema\\\/logo\\\/image\\\/\"},\"sameAs\":[\"https:\\\/\\\/www.facebook.com\\\/acninternationalorg\",\"https:\\\/\\\/x.com\\\/acn_int\",\"https:\\\/\\\/www.youtube.com\\\/channel\\\/UCQ-077gS0TnVzkhHmf1opZw\",\"https:\\\/\\\/www.instagram.com\\\/acn_international\\\/\"]}]}<\/script>\n<!-- \/ Yoast SEO Premium plugin. -->","yoast_head_json":{"title":"Informe muestra que la persecuci\u00f3n de los cristianos se est\u00e1 recrudeciendo | ACN International","robots":{"index":"index","follow":"follow","max-snippet":"max-snippet:-1","max-image-preview":"max-image-preview:large","max-video-preview":"max-video-preview:-1"},"canonical":"https:\/\/acninternational.org\/es\/informe-muestra-que-la-persecucion-de-los-cristianos-se-esta-recrudeciendo\/","og_locale":"es_ES","og_type":"article","og_title":"Informe muestra que la persecuci\u00f3n de los cristianos se est\u00e1 recrudeciendo","og_description":"\u00bfPerseguidos y olvidados? Informe sobre los cristianos oprimidos por su fe 2022-24 resume los resultados de la investigaci\u00f3n continuada de AIN, evaluando los recientes patrones de violencia y persecuci\u00f3n. Incluso antes del periodo analizado en este informe, las pruebas ya mostraban que la persecuci\u00f3n y la opresi\u00f3n estaban empeorando. En todo el mundo, los cristianos [&hellip;]","og_url":"https:\/\/acninternational.org\/es\/informe-muestra-que-la-persecucion-de-los-cristianos-se-esta-recrudeciendo\/","og_site_name":"ACN International","article_publisher":"https:\/\/www.facebook.com\/acninternationalorg","article_modified_time":"2024-10-22T07:58:15+00:00","og_image":[{"width":2000,"height":625,"url":"https:\/\/media.acninternational.org\/wp-content\/uploads\/2022\/11\/Persecuted-Forgotten-2024-en.jpg","type":"image\/jpeg"}],"twitter_card":"summary_large_image","twitter_site":"@acn_int","twitter_misc":{"Tiempo de lectura":"1 minuto"},"schema":{"@context":"https:\/\/schema.org","@graph":[{"@type":"WebPage","@id":"https:\/\/acninternational.org\/es\/informe-muestra-que-la-persecucion-de-los-cristianos-se-esta-recrudeciendo\/","url":"https:\/\/acninternational.org\/es\/informe-muestra-que-la-persecucion-de-los-cristianos-se-esta-recrudeciendo\/","name":"Informe muestra que la persecuci\u00f3n de los cristianos se est\u00e1 recrudeciendo | ACN International","isPartOf":{"@id":"https:\/\/acninternational.org\/es\/#website"},"primaryImageOfPage":{"@id":"https:\/\/acninternational.org\/es\/informe-muestra-que-la-persecucion-de-los-cristianos-se-esta-recrudeciendo\/#primaryimage"},"image":{"@id":"https:\/\/acninternational.org\/es\/informe-muestra-que-la-persecucion-de-los-cristianos-se-esta-recrudeciendo\/#primaryimage"},"thumbnailUrl":"https:\/\/media.acninternational.org\/wp-content\/uploads\/2022\/11\/Persecuted-Forgotten-2024-en.jpg","datePublished":"2024-10-22T07:51:50+00:00","dateModified":"2024-10-22T07:58:15+00:00","breadcrumb":{"@id":"https:\/\/acninternational.org\/es\/informe-muestra-que-la-persecucion-de-los-cristianos-se-esta-recrudeciendo\/#breadcrumb"},"inLanguage":"es","potentialAction":[{"@type":"ReadAction","target":["https:\/\/acninternational.org\/es\/informe-muestra-que-la-persecucion-de-los-cristianos-se-esta-recrudeciendo\/"]}]},{"@type":"ImageObject","inLanguage":"es","@id":"https:\/\/acninternational.org\/es\/informe-muestra-que-la-persecucion-de-los-cristianos-se-esta-recrudeciendo\/#primaryimage","url":"https:\/\/media.acninternational.org\/wp-content\/uploads\/2022\/11\/Persecuted-Forgotten-2024-en.jpg","contentUrl":"https:\/\/media.acninternational.org\/wp-content\/uploads\/2022\/11\/Persecuted-Forgotten-2024-en.jpg","width":2000,"height":625},{"@type":"BreadcrumbList","@id":"https:\/\/acninternational.org\/es\/informe-muestra-que-la-persecucion-de-los-cristianos-se-esta-recrudeciendo\/#breadcrumb","itemListElement":[{"@type":"ListItem","position":1,"name":"Home","item":"https:\/\/acninternational.org\/es\/"},{"@type":"ListItem","position":2,"name":"Informe muestra que la persecuci\u00f3n de los cristianos se est\u00e1 recrudeciendo"}]},{"@type":"WebSite","@id":"https:\/\/acninternational.org\/es\/#website","url":"https:\/\/acninternational.org\/es\/","name":"ACN International","description":"","publisher":{"@id":"https:\/\/acninternational.org\/es\/#organization"},"potentialAction":[{"@type":"SearchAction","target":{"@type":"EntryPoint","urlTemplate":"https:\/\/acninternational.org\/es\/?s={search_term_string}"},"query-input":{"@type":"PropertyValueSpecification","valueRequired":true,"valueName":"search_term_string"}}],"inLanguage":"es"},{"@type":"Organization","@id":"https:\/\/acninternational.org\/es\/#organization","name":"Aid to the Church in Need International","url":"https:\/\/acninternational.org\/es\/","logo":{"@type":"ImageObject","inLanguage":"es","@id":"https:\/\/acninternational.org\/es\/#\/schema\/logo\/image\/","url":"https:\/\/media.acninternational.org\/wp-content\/uploads\/2019\/11\/acn_logo_blackvector.svg","contentUrl":"https:\/\/media.acninternational.org\/wp-content\/uploads\/2019\/11\/acn_logo_blackvector.svg","width":232.6,"height":78,"caption":"Aid to the Church in Need International"},"image":{"@id":"https:\/\/acninternational.org\/es\/#\/schema\/logo\/image\/"},"sameAs":["https:\/\/www.facebook.com\/acninternationalorg","https:\/\/x.com\/acn_int","https:\/\/www.youtube.com\/channel\/UCQ-077gS0TnVzkhHmf1opZw","https:\/\/www.instagram.com\/acn_international\/"]}]}},"_links":{"self":[{"href":"https:\/\/acninternational.org\/es\/wp-json\/wp\/v2\/pages\/230877","targetHints":{"allow":["GET"]}}],"collection":[{"href":"https:\/\/acninternational.org\/es\/wp-json\/wp\/v2\/pages"}],"about":[{"href":"https:\/\/acninternational.org\/es\/wp-json\/wp\/v2\/types\/page"}],"author":[{"embeddable":true,"href":"https:\/\/acninternational.org\/es\/wp-json\/wp\/v2\/users\/4258341447"}],"replies":[{"embeddable":true,"href":"https:\/\/acninternational.org\/es\/wp-json\/wp\/v2\/comments?post=230877"}],"version-history":[{"count":0,"href":"https:\/\/acninternational.org\/es\/wp-json\/wp\/v2\/pages\/230877\/revisions"}],"wp:featuredmedia":[{"embeddable":true,"href":"https:\/\/acninternational.org\/es\/wp-json\/wp\/v2\/media\/230838"}],"wp:attachment":[{"href":"https:\/\/acninternational.org\/es\/wp-json\/wp\/v2\/media?parent=230877"}],"curies":[{"name":"wp","href":"https:\/\/api.w.org\/{rel}","templated":true}]}}