{"id":187192,"date":"2023-12-06T17:59:01","date_gmt":"2023-12-06T16:59:01","guid":{"rendered":"https:\/\/acninternational.org\/regalos-de-fe-tierra-santa\/"},"modified":"2023-12-12T14:30:17","modified_gmt":"2023-12-12T13:30:17","slug":"regalos-de-fe-tierra-santa","status":"publish","type":"page","link":"https:\/\/acninternational.org\/es\/regalos-de-fe-tierra-santa\/","title":{"rendered":"Regalos De Fe Tierra Santa"},"content":{"rendered":"<p><img decoding=\"async\" width=\"677\" height=\"417\" src=\"https:\/\/media.acninternational.org\/wp-content\/uploads\/2023\/12\/main-logo-4.png\" alt=\"\" loading=\"lazy\" srcset=\"https:\/\/media.acninternational.org\/wp-content\/uploads\/2023\/12\/main-logo-4.png 677w, https:\/\/media.acninternational.org\/wp-content\/uploads\/2023\/12\/main-logo-4-300x185.png 300w\" sizes=\"auto, (max-width: 677px) 100vw, 677px\" \/>\t\t\t\t\t\t\t\t\t\t\t\t\t\t\t<\/p>\n<p>Convierte tu regalo de Navidad en un regalo de fe. Tu generosa ayuda permitir\u00e1 llevar esperanza a los cristianos en Tierra Santa.<\/p>\n<p>\t\t\t<a href=\"https:\/\/acninternational.org\/redirect-to-donation-page\/?page=donate\/\"><br \/>\n\t\t\t\t\t\t Regala esperanza, DONA AHORA<br \/>\n\t\t\t\t\t<\/a><\/p>\n<h3>\u00bfQu\u00e9 es un Regalo de fe?<\/h3>\n<p>En tiempos de conflictos y un profundo distanciamiento de lo sagrado, la gracia de la Navidad, la celebraci\u00f3n del nacimiento de Cristo, llena nuestro coraz\u00f3n de fe y esperanza. Intercambiar regalos es un acto que nos recuerda el gesto de amor de Dios Padre hacia nosotros. El nacimiento de Jes\u00fas fue un regalo de salvaci\u00f3n para toda la humanidad. En este sentido, con la campa\u00f1a Regalos de Fe te invitamos a convertir tu regalo navide\u00f1o en un acto de fe y de amor, apoyando uno de los proyectos que beneficiar\u00e1n a algunas comunidades con necesidades urgentes.<\/p>\n<p>Recordemos que aquel que da tambi\u00e9n recibe, como nos ense\u00f1a el proverbio: \u00abEl esp\u00edritu generoso prosperar\u00e1; el que da de beber, tambi\u00e9n ser\u00e1 saciado\u00bb (Proverbios 11,25). As\u00ed, cada acto de generosidad se convierte en una bendici\u00f3n, tanto para quien da como para quien recibe.<\/p>\n<h5>Esta Navidad, solidar\u00edzate con los cristianos de Tierra Santa ofreciendo un regalo navide\u00f1o de fe.<\/h5>\n<p>\t\t\t\t\t\t\t\t\t\t\t\t\t\t\t<img decoding=\"async\" width=\"800\" height=\"666\" src=\"https:\/\/media.acninternational.org\/wp-content\/uploads\/2023\/12\/holy-land-map-1024x852.jpg\" alt=\"\" loading=\"lazy\" srcset=\"https:\/\/media.acninternational.org\/wp-content\/uploads\/2023\/12\/holy-land-map-1024x852.jpg 1024w, https:\/\/media.acninternational.org\/wp-content\/uploads\/2023\/12\/holy-land-map-300x250.jpg 300w, https:\/\/media.acninternational.org\/wp-content\/uploads\/2023\/12\/holy-land-map-768x639.jpg 768w, https:\/\/media.acninternational.org\/wp-content\/uploads\/2023\/12\/holy-land-map.jpg 1208w\" sizes=\"auto, (max-width: 800px) 100vw, 800px\" \/>\t\t\t\t\t\t\t\t\t\t\t\t\t\t\t<\/p>\n<h4>En Tierra Santa, la presencia de los cristianos es crucial para mantener viva la fe en la cuna del cristianismo<\/h4>\n<p>En Tierra Santa, la presencia de los cristianos es vital para preservar la rica historia y tradici\u00f3n que reposa en la cuna del cristianismo. A pesar de los conflictos que azotan la regi\u00f3n, trayendo dificultades econ\u00f3micas a aquellos cristianos que dependen del turismo religioso, la fe de nuestros hermanos persiste fuerte y firme. Su arraigo en la tierra de la Biblia es un testimonio de perseverancia, devoci\u00f3n y un recordatorio de la importancia de la tolerancia y la coexistencia pac\u00edfica entre las diferentes religiones.<\/p>\n<p><iframe loading=\"lazy\" title=\"#Christians in #gaza and #westbank :  Help them survive\" width=\"640\" height=\"360\" src=\"https:\/\/www.youtube.com\/embed\/pPDUoKYklEU?feature=oembed\" frameborder=\"0\" allow=\"accelerometer; autoplay; clipboard-write; encrypted-media; gyroscope; picture-in-picture; web-share\" referrerpolicy=\"strict-origin-when-cross-origin\" allowfullscreen><\/iframe>\t\t<\/p>\n<h2>Cristianos en Tierra Santa<\/h2>\n<p>Al igual que el resto de la poblaci\u00f3n, la comunidad cristiana de Israel y Palestina lleva m\u00e1s de dos meses viviendo en un estado de angustia, incertidumbre y miedo. Tu apoyo puede ayudarles a sobrevivir.<\/p>\n<p>\t\t\t<a href=\"https:\/\/acninternational.org\/redirect-to-donation-page\/?page=donate\/\"><br \/>\n\t\t\t\t\t\t Ayudar aqu\u00ed<br \/>\n\t\t\t\t\t<\/a><\/p>\n<h3>\u00a1Regala esperanza!<\/h3>\n<h4>Cada donaci\u00f3n es como un Regalo de Fe que se destinar\u00e1 a proporcionar suministros b\u00e1sicos de emergencia:<\/h4>\n<p>\t\t\t\t\t\t\t\t\t\t\t\t\t\t\t<img decoding=\"async\" width=\"512\" height=\"512\" src=\"https:\/\/media.acninternational.org\/wp-content\/uploads\/2023\/12\/alimento.png\" alt=\"\" loading=\"lazy\" srcset=\"https:\/\/media.acninternational.org\/wp-content\/uploads\/2023\/12\/alimento.png 512w, https:\/\/media.acninternational.org\/wp-content\/uploads\/2023\/12\/alimento-300x300.png 300w, https:\/\/media.acninternational.org\/wp-content\/uploads\/2023\/12\/alimento-150x150.png 150w\" sizes=\"auto, (max-width: 512px) 100vw, 512px\" \/><br \/>\n\t\t\t\t\t\t\t\t\t\t\t\t\t\t\t<img decoding=\"async\" width=\"512\" height=\"512\" src=\"https:\/\/media.acninternational.org\/wp-content\/uploads\/2023\/12\/agua.png\" alt=\"\" loading=\"lazy\" srcset=\"https:\/\/media.acninternational.org\/wp-content\/uploads\/2023\/12\/agua.png 512w, https:\/\/media.acninternational.org\/wp-content\/uploads\/2023\/12\/agua-300x300.png 300w, https:\/\/media.acninternational.org\/wp-content\/uploads\/2023\/12\/agua-150x150.png 150w\" sizes=\"auto, (max-width: 512px) 100vw, 512px\" \/><br \/>\n\t\t\t\t\t\t\t\t\t\t\t\t\t\t\t<img decoding=\"async\" width=\"512\" height=\"512\" src=\"https:\/\/media.acninternational.org\/wp-content\/uploads\/2023\/12\/higiene.png\" alt=\"\" loading=\"lazy\" srcset=\"https:\/\/media.acninternational.org\/wp-content\/uploads\/2023\/12\/higiene.png 512w, https:\/\/media.acninternational.org\/wp-content\/uploads\/2023\/12\/higiene-300x300.png 300w, https:\/\/media.acninternational.org\/wp-content\/uploads\/2023\/12\/higiene-150x150.png 150w\" sizes=\"auto, (max-width: 512px) 100vw, 512px\" \/><br \/>\n\t\t\t\t\t\t\t\t\t\t\t\t\t\t\t<img decoding=\"async\" width=\"512\" height=\"512\" src=\"https:\/\/media.acninternational.org\/wp-content\/uploads\/2023\/12\/medicamentos.png\" alt=\"\" loading=\"lazy\" srcset=\"https:\/\/media.acninternational.org\/wp-content\/uploads\/2023\/12\/medicamentos.png 512w, https:\/\/media.acninternational.org\/wp-content\/uploads\/2023\/12\/medicamentos-300x300.png 300w, https:\/\/media.acninternational.org\/wp-content\/uploads\/2023\/12\/medicamentos-150x150.png 150w\" sizes=\"auto, (max-width: 512px) 100vw, 512px\" \/><br \/>\n\t\tTu donaci\u00f3n, sin importar el tama\u00f1o, puede brindar alivio y esperanza a quienes sufren en Tierra Santa. Manteng\u00e1monos unidos como una comunidad cristiana, en la fe y la compasi\u00f3n.<br \/>\n\t\t\t<a href=\"https:\/\/acninternational.org\/redirect-to-donation-page\/?page=donate\/\"><br \/>\n\t\t\t\t\t\t Ayudar aqu\u00ed<br \/>\n\t\t\t\t\t<\/a><\/p>\n<p>Su donaci\u00f3n se destinar\u00e1 a este proyecto o a otros similares.<\/p>\n<h5>Una Fundaci\u00f3n Pontificia de alcance mundial<\/h5>\n<p>Fundada en 1947 como una organizaci\u00f3n cat\u00f3lica de ayuda para refugiados de guerra y reconocida como una fundaci\u00f3n pontificia desde 2011, ACN se dedica al servicio a los cristianos en todo el mundo all\u00e1 donde est\u00e9n perseguidos, discriminados o sufran necesidad material, a trav\u00e9s de la oraci\u00f3n, la informaci\u00f3n y la caridad.<\/p>\n","protected":false},"excerpt":{"rendered":"<p>Convierte tu regalo de Navidad en un regalo de fe. Tu generosa ayuda permitir\u00e1 llevar esperanza a los cristianos en Tierra Santa. Regala esperanza, DONA AHORA \u00bfQu\u00e9 es un Regalo de fe? En tiempos de conflictos y un profundo distanciamiento de lo sagrado, la gracia de la Navidad, la celebraci\u00f3n del nacimiento de Cristo, llena [&hellip;]<\/p>\n","protected":false},"author":4258341447,"featured_media":187010,"parent":0,"menu_order":0,"comment_status":"closed","ping_status":"closed","template":"","meta":{"_acf_changed":false,"footnotes":""},"class_list":["post-187192","page","type-page","status-publish","has-post-thumbnail","hentry"],"acf":[],"yoast_head":"<!-- This site is optimized with the Yoast SEO Premium plugin v27.3 (Yoast SEO v27.3) - https:\/\/yoast.com\/product\/yoast-seo-premium-wordpress\/ -->\n<title>Regalos De Fe Tierra Santa | ACN International<\/title>\n<meta name=\"robots\" content=\"index, follow, max-snippet:-1, max-image-preview:large, max-video-preview:-1\" \/>\n<link rel=\"canonical\" href=\"https:\/\/acninternational.org\/es\/regalos-de-fe-tierra-santa\/\" \/>\n<meta property=\"og:locale\" content=\"es_ES\" \/>\n<meta property=\"og:type\" content=\"article\" \/>\n<meta property=\"og:title\" content=\"Regalos De Fe Tierra Santa\" \/>\n<meta property=\"og:description\" content=\"Convierte tu regalo de Navidad en un regalo de fe. Tu generosa ayuda permitir\u00e1 llevar esperanza a los cristianos en Tierra Santa. Regala esperanza, DONA AHORA \u00bfQu\u00e9 es un Regalo de fe? En tiempos de conflictos y un profundo distanciamiento de lo sagrado, la gracia de la Navidad, la celebraci\u00f3n del nacimiento de Cristo, llena [&hellip;]\" \/>\n<meta property=\"og:url\" content=\"https:\/\/acninternational.org\/es\/regalos-de-fe-tierra-santa\/\" \/>\n<meta property=\"og:site_name\" content=\"ACN International\" \/>\n<meta property=\"article:publisher\" content=\"https:\/\/www.facebook.com\/acninternationalorg\" \/>\n<meta property=\"article:modified_time\" content=\"2023-12-12T13:30:17+00:00\" \/>\n<meta property=\"og:image\" content=\"https:\/\/media.acninternational.org\/wp-content\/uploads\/2023\/12\/ninos-006.jpg\" \/>\n\t<meta property=\"og:image:width\" content=\"1349\" \/>\n\t<meta property=\"og:image:height\" content=\"610\" \/>\n\t<meta property=\"og:image:type\" content=\"image\/jpeg\" \/>\n<meta name=\"twitter:card\" content=\"summary_large_image\" \/>\n<meta name=\"twitter:site\" content=\"@acn_int\" \/>\n<meta name=\"twitter:label1\" content=\"Tiempo de lectura\" \/>\n\t<meta name=\"twitter:data1\" content=\"4 minutos\" \/>\n<script type=\"application\/ld+json\" class=\"yoast-schema-graph\">{\"@context\":\"https:\\\/\\\/schema.org\",\"@graph\":[{\"@type\":\"WebPage\",\"@id\":\"https:\\\/\\\/acninternational.org\\\/es\\\/regalos-de-fe-tierra-santa\\\/\",\"url\":\"https:\\\/\\\/acninternational.org\\\/es\\\/regalos-de-fe-tierra-santa\\\/\",\"name\":\"Regalos De Fe Tierra Santa | ACN International\",\"isPartOf\":{\"@id\":\"https:\\\/\\\/acninternational.org\\\/es\\\/#website\"},\"primaryImageOfPage\":{\"@id\":\"https:\\\/\\\/acninternational.org\\\/es\\\/regalos-de-fe-tierra-santa\\\/#primaryimage\"},\"image\":{\"@id\":\"https:\\\/\\\/acninternational.org\\\/es\\\/regalos-de-fe-tierra-santa\\\/#primaryimage\"},\"thumbnailUrl\":\"https:\\\/\\\/media.acninternational.org\\\/wp-content\\\/uploads\\\/2023\\\/12\\\/ninos-006.jpg\",\"datePublished\":\"2023-12-06T16:59:01+00:00\",\"dateModified\":\"2023-12-12T13:30:17+00:00\",\"breadcrumb\":{\"@id\":\"https:\\\/\\\/acninternational.org\\\/es\\\/regalos-de-fe-tierra-santa\\\/#breadcrumb\"},\"inLanguage\":\"es\",\"potentialAction\":[{\"@type\":\"ReadAction\",\"target\":[\"https:\\\/\\\/acninternational.org\\\/es\\\/regalos-de-fe-tierra-santa\\\/\"]}]},{\"@type\":\"ImageObject\",\"inLanguage\":\"es\",\"@id\":\"https:\\\/\\\/acninternational.org\\\/es\\\/regalos-de-fe-tierra-santa\\\/#primaryimage\",\"url\":\"https:\\\/\\\/media.acninternational.org\\\/wp-content\\\/uploads\\\/2023\\\/12\\\/ninos-006.jpg\",\"contentUrl\":\"https:\\\/\\\/media.acninternational.org\\\/wp-content\\\/uploads\\\/2023\\\/12\\\/ninos-006.jpg\",\"width\":1349,\"height\":610},{\"@type\":\"BreadcrumbList\",\"@id\":\"https:\\\/\\\/acninternational.org\\\/es\\\/regalos-de-fe-tierra-santa\\\/#breadcrumb\",\"itemListElement\":[{\"@type\":\"ListItem\",\"position\":1,\"name\":\"Home\",\"item\":\"https:\\\/\\\/acninternational.org\\\/es\\\/\"},{\"@type\":\"ListItem\",\"position\":2,\"name\":\"Regalos De Fe Tierra Santa\"}]},{\"@type\":\"WebSite\",\"@id\":\"https:\\\/\\\/acninternational.org\\\/es\\\/#website\",\"url\":\"https:\\\/\\\/acninternational.org\\\/es\\\/\",\"name\":\"ACN International\",\"description\":\"\",\"publisher\":{\"@id\":\"https:\\\/\\\/acninternational.org\\\/es\\\/#organization\"},\"potentialAction\":[{\"@type\":\"SearchAction\",\"target\":{\"@type\":\"EntryPoint\",\"urlTemplate\":\"https:\\\/\\\/acninternational.org\\\/es\\\/?s={search_term_string}\"},\"query-input\":{\"@type\":\"PropertyValueSpecification\",\"valueRequired\":true,\"valueName\":\"search_term_string\"}}],\"inLanguage\":\"es\"},{\"@type\":\"Organization\",\"@id\":\"https:\\\/\\\/acninternational.org\\\/es\\\/#organization\",\"name\":\"Aid to the Church in Need International\",\"url\":\"https:\\\/\\\/acninternational.org\\\/es\\\/\",\"logo\":{\"@type\":\"ImageObject\",\"inLanguage\":\"es\",\"@id\":\"https:\\\/\\\/acninternational.org\\\/es\\\/#\\\/schema\\\/logo\\\/image\\\/\",\"url\":\"https:\\\/\\\/media.acninternational.org\\\/wp-content\\\/uploads\\\/2019\\\/11\\\/acn_logo_blackvector.svg\",\"contentUrl\":\"https:\\\/\\\/media.acninternational.org\\\/wp-content\\\/uploads\\\/2019\\\/11\\\/acn_logo_blackvector.svg\",\"width\":232.6,\"height\":78,\"caption\":\"Aid to the Church in Need International\"},\"image\":{\"@id\":\"https:\\\/\\\/acninternational.org\\\/es\\\/#\\\/schema\\\/logo\\\/image\\\/\"},\"sameAs\":[\"https:\\\/\\\/www.facebook.com\\\/acninternationalorg\",\"https:\\\/\\\/x.com\\\/acn_int\",\"https:\\\/\\\/www.youtube.com\\\/channel\\\/UCQ-077gS0TnVzkhHmf1opZw\",\"https:\\\/\\\/www.instagram.com\\\/acn_international\\\/\"]}]}<\/script>\n<!-- \/ Yoast SEO Premium plugin. -->","yoast_head_json":{"title":"Regalos De Fe Tierra Santa | ACN International","robots":{"index":"index","follow":"follow","max-snippet":"max-snippet:-1","max-image-preview":"max-image-preview:large","max-video-preview":"max-video-preview:-1"},"canonical":"https:\/\/acninternational.org\/es\/regalos-de-fe-tierra-santa\/","og_locale":"es_ES","og_type":"article","og_title":"Regalos De Fe Tierra Santa","og_description":"Convierte tu regalo de Navidad en un regalo de fe. Tu generosa ayuda permitir\u00e1 llevar esperanza a los cristianos en Tierra Santa. Regala esperanza, DONA AHORA \u00bfQu\u00e9 es un Regalo de fe? En tiempos de conflictos y un profundo distanciamiento de lo sagrado, la gracia de la Navidad, la celebraci\u00f3n del nacimiento de Cristo, llena [&hellip;]","og_url":"https:\/\/acninternational.org\/es\/regalos-de-fe-tierra-santa\/","og_site_name":"ACN International","article_publisher":"https:\/\/www.facebook.com\/acninternationalorg","article_modified_time":"2023-12-12T13:30:17+00:00","og_image":[{"width":1349,"height":610,"url":"https:\/\/media.acninternational.org\/wp-content\/uploads\/2023\/12\/ninos-006.jpg","type":"image\/jpeg"}],"twitter_card":"summary_large_image","twitter_site":"@acn_int","twitter_misc":{"Tiempo de lectura":"4 minutos"},"schema":{"@context":"https:\/\/schema.org","@graph":[{"@type":"WebPage","@id":"https:\/\/acninternational.org\/es\/regalos-de-fe-tierra-santa\/","url":"https:\/\/acninternational.org\/es\/regalos-de-fe-tierra-santa\/","name":"Regalos De Fe Tierra Santa | ACN International","isPartOf":{"@id":"https:\/\/acninternational.org\/es\/#website"},"primaryImageOfPage":{"@id":"https:\/\/acninternational.org\/es\/regalos-de-fe-tierra-santa\/#primaryimage"},"image":{"@id":"https:\/\/acninternational.org\/es\/regalos-de-fe-tierra-santa\/#primaryimage"},"thumbnailUrl":"https:\/\/media.acninternational.org\/wp-content\/uploads\/2023\/12\/ninos-006.jpg","datePublished":"2023-12-06T16:59:01+00:00","dateModified":"2023-12-12T13:30:17+00:00","breadcrumb":{"@id":"https:\/\/acninternational.org\/es\/regalos-de-fe-tierra-santa\/#breadcrumb"},"inLanguage":"es","potentialAction":[{"@type":"ReadAction","target":["https:\/\/acninternational.org\/es\/regalos-de-fe-tierra-santa\/"]}]},{"@type":"ImageObject","inLanguage":"es","@id":"https:\/\/acninternational.org\/es\/regalos-de-fe-tierra-santa\/#primaryimage","url":"https:\/\/media.acninternational.org\/wp-content\/uploads\/2023\/12\/ninos-006.jpg","contentUrl":"https:\/\/media.acninternational.org\/wp-content\/uploads\/2023\/12\/ninos-006.jpg","width":1349,"height":610},{"@type":"BreadcrumbList","@id":"https:\/\/acninternational.org\/es\/regalos-de-fe-tierra-santa\/#breadcrumb","itemListElement":[{"@type":"ListItem","position":1,"name":"Home","item":"https:\/\/acninternational.org\/es\/"},{"@type":"ListItem","position":2,"name":"Regalos De Fe Tierra Santa"}]},{"@type":"WebSite","@id":"https:\/\/acninternational.org\/es\/#website","url":"https:\/\/acninternational.org\/es\/","name":"ACN International","description":"","publisher":{"@id":"https:\/\/acninternational.org\/es\/#organization"},"potentialAction":[{"@type":"SearchAction","target":{"@type":"EntryPoint","urlTemplate":"https:\/\/acninternational.org\/es\/?s={search_term_string}"},"query-input":{"@type":"PropertyValueSpecification","valueRequired":true,"valueName":"search_term_string"}}],"inLanguage":"es"},{"@type":"Organization","@id":"https:\/\/acninternational.org\/es\/#organization","name":"Aid to the Church in Need International","url":"https:\/\/acninternational.org\/es\/","logo":{"@type":"ImageObject","inLanguage":"es","@id":"https:\/\/acninternational.org\/es\/#\/schema\/logo\/image\/","url":"https:\/\/media.acninternational.org\/wp-content\/uploads\/2019\/11\/acn_logo_blackvector.svg","contentUrl":"https:\/\/media.acninternational.org\/wp-content\/uploads\/2019\/11\/acn_logo_blackvector.svg","width":232.6,"height":78,"caption":"Aid to the Church in Need International"},"image":{"@id":"https:\/\/acninternational.org\/es\/#\/schema\/logo\/image\/"},"sameAs":["https:\/\/www.facebook.com\/acninternationalorg","https:\/\/x.com\/acn_int","https:\/\/www.youtube.com\/channel\/UCQ-077gS0TnVzkhHmf1opZw","https:\/\/www.instagram.com\/acn_international\/"]}]}},"_links":{"self":[{"href":"https:\/\/acninternational.org\/es\/wp-json\/wp\/v2\/pages\/187192","targetHints":{"allow":["GET"]}}],"collection":[{"href":"https:\/\/acninternational.org\/es\/wp-json\/wp\/v2\/pages"}],"about":[{"href":"https:\/\/acninternational.org\/es\/wp-json\/wp\/v2\/types\/page"}],"author":[{"embeddable":true,"href":"https:\/\/acninternational.org\/es\/wp-json\/wp\/v2\/users\/4258341447"}],"replies":[{"embeddable":true,"href":"https:\/\/acninternational.org\/es\/wp-json\/wp\/v2\/comments?post=187192"}],"version-history":[{"count":0,"href":"https:\/\/acninternational.org\/es\/wp-json\/wp\/v2\/pages\/187192\/revisions"}],"wp:featuredmedia":[{"embeddable":true,"href":"https:\/\/acninternational.org\/es\/wp-json\/wp\/v2\/media\/187010"}],"wp:attachment":[{"href":"https:\/\/acninternational.org\/es\/wp-json\/wp\/v2\/media?parent=187192"}],"curies":[{"name":"wp","href":"https:\/\/api.w.org\/{rel}","templated":true}]}}