{"id":185673,"date":"2019-10-29T11:23:33","date_gmt":"2019-10-29T10:23:33","guid":{"rendered":"https:\/\/acninternational.org\/?page_id=185673"},"modified":"2026-03-12T17:02:47","modified_gmt":"2026-03-12T16:02:47","slug":"escuela","status":"publish","type":"page","link":"https:\/\/acninternational.org\/es\/solicitar-ayuda\/escuela\/","title":{"rendered":"Programa de becas en Europa y Canad\u00e1 (IFHIM)"},"content":{"rendered":"\n<p><em>ACN Internacional ofrece becas en modalidad de becas parciales, para cursos de postgrado en teolog\u00eda y filosof\u00eda, en facultades y universidades eclesi\u00e1sticas que no est\u00e1n disponibles en las regiones de origen de nuestros socios de proyecto. Tambi\u00e9n ofrecemos becas para cursos de Safeguarding (protecci\u00f3n a personas vulnerables) en el Instituto de Antropolog\u00eda (IADC) de la Pontificia Universidad Gregoriana de Roma.<\/em><\/p>\n\n\n\n<h4 class=\"wp-block-heading\" id=\"h-quien-puede-solicitar-una-beca-y-para-quien\"><strong>\u00bfQui\u00e9n puede solicitar una beca y para qui\u00e9n?<\/strong><\/h4>\n\n\n\n<p>Los obispos y los superiores religiosos de \u00f3rdenes o congregaciones pueden solicitar una beca en beneficio de sacerdotes, miembros de su comunidad o laicos.<\/p>\n\n\n\n<p>Beneficiarios: en particular los futuros formadores en seminarios mayores, maestras de novicias, personal de los tribunales eclesi\u00e1sticos, as\u00ed como los formadores y responsables en el \u00e1mbito de la protecci\u00f3n a personas vulnerables.<\/p>\n\n\n\n<h4 class=\"wp-block-heading\" id=\"h-cuales-son-las-normas-de-concesion-de-becas-y-como-se-solicitan\"><strong>\u00bfCu\u00e1les son las normas de concesi\u00f3n de becas y c\u00f3mo se solicitan?<\/strong><\/h4>\n\n\n\n<p>Las normas para la concesi\u00f3n de becas figuran en el documento <a href=\"https:\/\/media.acninternational.org\/wp-content\/uploads\/2023\/10\/Normativa-para-la-concesion-de-becas_sp.pdf\">pautas para la concesi\u00f3n de una beca <\/a>&#8211; \u00a1Por favor, l\u00e9alas atentamente antes de presentar su solicitud! Para poder examinar una solicitud de beca, necesitamos <a href=\"https:\/\/media.acninternational.org\/wp-content\/uploads\/2023\/10\/es_formulario_de_solicitud_de_beca-1.pdf\">el formulario de solicitud de beca<\/a>&nbsp;debidamente llenado con todos los documentos necesarios <strong>antes del<\/strong> <strong>1 de marzo<\/strong> &#8211; s\u00f3lo por correo electr\u00f3nico y en formato PDF:<\/p>\n\n\n\n<h4 class=\"wp-block-heading\" id=\"h-personas-de-contacto-por-pais-region-e-institucion\"><strong>Personas de contacto por pa\u00eds\/regi\u00f3n e instituci\u00f3n<\/strong><\/h4>\n\n\n\n<figure class=\"wp-block-table\"><table class=\"has-fixed-layout\"><tbody><tr><td>Pa\u00edses de estudio \/ Instituci\u00f3n<\/td><td>Estudiantes procedentes de (origen)<\/td><td>Responsable<\/td><td>Correo electr\u00f3nico<\/td><\/tr><tr><td>Alemania, Austria, Polonia<\/td><td>Todos los estudiantes<\/td><td>Sra. Sigrid Dapper<\/td><td><a href=\"mailto:sd@acn-intl.org\">sd@acn-intl.org<\/a><\/td><\/tr><tr><td>Roma<\/td><td>India, otros pa\u00edses angl\u00f3fonos de Asia, Am\u00e9rica Latina<\/td><td>Sra. Sigrid Dapper<\/td><td><a href=\"mailto:sd@acn-intl.org\">sd@acn-intl.org<\/a><\/td><\/tr><tr><td>Instituto de Antropolog\u00eda (IADC, Roma)<\/td><td>Todos los estudiantes<\/td><td>Sra. Sigrid Dapper<\/td><td><a href=\"mailto:sd@acn-intl.org\">sd@acn-intl.org<\/a><\/td><\/tr><tr><td>Auxilium (Roma)<\/td><td>Todos los estudiantes<\/td><td>Sra. Sigrid Dapper<\/td><td><a href=\"mailto:sd@acn-intl.org\">sd@acn-intl.org<\/a><\/td><\/tr><tr><td>Espa\u00f1a, Portugal<\/td><td>Todos los estudiantes<\/td><td>Sra. Patricia Gonz\u00e1lez-Orbegoso<\/td><td><a href=\"mailto:pg@acn-intl.org\">pg@acn-intl.org<\/a><\/td><\/tr><tr><td>KU Leuven (B\u00e9lgica)<\/td><td>Todos los estudiantes<\/td><td>Sra. Patricia Gonz\u00e1lez-Orbegoso<\/td><td><a href=\"mailto:pg@acn-intl.org\">pg@acn-intl.org<\/a><\/td><\/tr><tr><td>Roma<\/td><td>\u00c1frica angl\u00f3fona<\/td><td>Sra. Patricia Gonz\u00e1lez-Orbegoso<\/td><td><a href=\"mailto:pg@acn-intl.org\">pg@acn-intl.org<\/a><\/td><\/tr><tr><td>Francia<\/td><td>Todos los estudiantes<\/td><td>Sra. Livia Lancellotti<\/td><td><a href=\"mailto:lila@acn-intl.org\">lila@acn-intl.org<\/a><\/td><\/tr><tr><td>Lumen Vitae, Namur (B\u00e9lgica franc\u00f3fona)<\/td><td>Todos los estudiantes<\/td><td>Sra. Livia Lancellotti<\/td><td><a href=\"mailto:lila@acn-intl.org\">lila@acn-intl.org<\/a><\/td><\/tr><tr><td>Rome<\/td><td>\u00c1frica de habla romance, Oriente Medio, Europa del Este<\/td><td>Sra. Livia Lancellotti<\/td><td><a href=\"mailto:lila@acn-intl.org\">lila@acn-intl.org<\/a><\/td><\/tr><tr><td>Institut de Formation Humaine Int\u00e9grale (IFHIM, Montreal)<\/td><td>Todos los estudiantes<\/td><td>Sra. Livia Lancellotti<\/td><td><a href=\"mailto:lila@acn-intl.org\">lila@acn-intl.org<\/a><\/td><\/tr><\/tbody><\/table><\/figure>\n\n\n\n<h4 class=\"wp-block-heading\" id=\"h-a-que-debe-prestar-atencion\"><strong>\u00bfA qu\u00e9 debe prestar atenci\u00f3n?<\/strong><\/h4>\n\n\n\n<p>Por favor, re\u00fana los documentos requeridos en el orden indicado (v\u00e9ase el formulario de solicitud) en un documento PDF coherente. No olvide las firmas y los sellos.<\/p>\n\n\n\n<h4 class=\"wp-block-heading\" id=\"h-cuanto-dura-el-proceso\"><strong>\u00bfCu\u00e1nto dura el proceso?<\/strong><\/h4>\n\n\n\n<p>Una vez recibida y registrada la solicitud, le enviaremos un acuse de recibo. Debido al gran n\u00famero de solicitudes recibidas, el plazo de tramitaci\u00f3n es de al menos tres meses, a partir del 1 de marzo. Por favor, abst\u00e9ngase de preguntar sobre el estado del tr\u00e1mite.<\/p>\n\n\n\n<figure class=\"wp-block-table\"><table class=\"has-fixed-layout\"><tbody><tr><td>\n<p>Persona de contacto para el Programa de Becas:<\/p>\n<p><a href=\"mailto:jl@acn-intl.org\">jl@acn-intl.org<\/a>, Julian L\u00f6ffler, Jefe de la Secci\u00f3n de Becas.<\/p>\n<p>+49 (0) 6174 291 207<\/p>\n<\/td><\/tr><\/tbody><\/table><\/figure>\n\n\n\n<p><em>Formularios para becas en curso:<\/em><\/p>\n\n\n\n<p><a href=\"https:\/\/media.acninternational.org\/wp-content\/uploads\/2024\/02\/es_formulario_informacion_bancaria.pdf\" target=\"_blank\" rel=\"noopener\">Formulario datos bancarios<\/a><\/p>\n\n\n\n<p><a href=\"https:\/\/media.acninternational.org\/wp-content\/uploads\/2026\/03\/es_formulario_de_RENOVACION.pdf\" target=\"_blank\" rel=\"noreferrer noopener\">Formulario de renovaci\u00f3n de becas<\/a><\/p>\n","protected":false},"excerpt":{"rendered":"<p>ACN Internacional ofrece becas en modalidad de becas parciales, para cursos de postgrado en teolog\u00eda y filosof\u00eda, en facultades y universidades eclesi\u00e1sticas que no est\u00e1n disponibles en las regiones de origen de nuestros socios de proyecto. Tambi\u00e9n ofrecemos becas para cursos de Safeguarding (protecci\u00f3n a personas vulnerables) en el Instituto de Antropolog\u00eda (IADC) de la [&hellip;]<\/p>\n","protected":false},"author":4258341447,"featured_media":144384,"parent":123225,"menu_order":0,"comment_status":"closed","ping_status":"closed","template":"","meta":{"_acf_changed":false,"footnotes":""},"class_list":["post-185673","page","type-page","status-publish","has-post-thumbnail","hentry","page-category-how-to-apply-subpages-es"],"acf":[],"yoast_head":"<!-- This site is optimized with the Yoast SEO Premium plugin v27.3 (Yoast SEO v27.3) - https:\/\/yoast.com\/product\/yoast-seo-premium-wordpress\/ -->\n<title>Programa de becas en Europa y Canad\u00e1 (IFHIM) | ACN International<\/title>\n<meta name=\"robots\" content=\"index, follow, max-snippet:-1, max-image-preview:large, max-video-preview:-1\" \/>\n<link rel=\"canonical\" href=\"https:\/\/acninternational.org\/es\/solicitar-ayuda\/escuela\/\" \/>\n<meta property=\"og:locale\" content=\"es_ES\" \/>\n<meta property=\"og:type\" content=\"article\" \/>\n<meta property=\"og:title\" content=\"Programa de becas en Europa y Canad\u00e1 (IFHIM)\" \/>\n<meta property=\"og:description\" content=\"ACN Internacional ofrece becas en modalidad de becas parciales, para cursos de postgrado en teolog\u00eda y filosof\u00eda, en facultades y universidades eclesi\u00e1sticas que no est\u00e1n disponibles en las regiones de origen de nuestros socios de proyecto. Tambi\u00e9n ofrecemos becas para cursos de Safeguarding (protecci\u00f3n a personas vulnerables) en el Instituto de Antropolog\u00eda (IADC) de la [&hellip;]\" \/>\n<meta property=\"og:url\" content=\"https:\/\/acninternational.org\/es\/solicitar-ayuda\/escuela\/\" \/>\n<meta property=\"og:site_name\" content=\"ACN International\" \/>\n<meta property=\"article:publisher\" content=\"https:\/\/www.facebook.com\/acninternationalorg\" \/>\n<meta property=\"article:modified_time\" content=\"2026-03-12T16:02:47+00:00\" \/>\n<meta property=\"og:image\" content=\"https:\/\/media.acninternational.org\/wp-content\/uploads\/2020\/11\/Seminarists.jpg\" \/>\n\t<meta property=\"og:image:width\" content=\"1400\" \/>\n\t<meta property=\"og:image:height\" content=\"438\" \/>\n\t<meta property=\"og:image:type\" content=\"image\/jpeg\" \/>\n<meta name=\"twitter:card\" content=\"summary_large_image\" \/>\n<meta name=\"twitter:site\" content=\"@acn_int\" \/>\n<meta name=\"twitter:label1\" content=\"Tiempo de lectura\" \/>\n\t<meta name=\"twitter:data1\" content=\"3 minutos\" \/>\n<script type=\"application\/ld+json\" class=\"yoast-schema-graph\">{\"@context\":\"https:\\\/\\\/schema.org\",\"@graph\":[{\"@type\":\"WebPage\",\"@id\":\"https:\\\/\\\/acninternational.org\\\/es\\\/solicitar-ayuda\\\/escuela\\\/\",\"url\":\"https:\\\/\\\/acninternational.org\\\/es\\\/solicitar-ayuda\\\/escuela\\\/\",\"name\":\"Programa de becas en Europa y Canad\u00e1 (IFHIM) | ACN International\",\"isPartOf\":{\"@id\":\"https:\\\/\\\/acninternational.org\\\/es\\\/#website\"},\"primaryImageOfPage\":{\"@id\":\"https:\\\/\\\/acninternational.org\\\/es\\\/solicitar-ayuda\\\/escuela\\\/#primaryimage\"},\"image\":{\"@id\":\"https:\\\/\\\/acninternational.org\\\/es\\\/solicitar-ayuda\\\/escuela\\\/#primaryimage\"},\"thumbnailUrl\":\"https:\\\/\\\/media.acninternational.org\\\/wp-content\\\/uploads\\\/2020\\\/11\\\/Seminarists.jpg\",\"datePublished\":\"2019-10-29T10:23:33+00:00\",\"dateModified\":\"2026-03-12T16:02:47+00:00\",\"breadcrumb\":{\"@id\":\"https:\\\/\\\/acninternational.org\\\/es\\\/solicitar-ayuda\\\/escuela\\\/#breadcrumb\"},\"inLanguage\":\"es\",\"potentialAction\":[{\"@type\":\"ReadAction\",\"target\":[\"https:\\\/\\\/acninternational.org\\\/es\\\/solicitar-ayuda\\\/escuela\\\/\"]}]},{\"@type\":\"ImageObject\",\"inLanguage\":\"es\",\"@id\":\"https:\\\/\\\/acninternational.org\\\/es\\\/solicitar-ayuda\\\/escuela\\\/#primaryimage\",\"url\":\"https:\\\/\\\/media.acninternational.org\\\/wp-content\\\/uploads\\\/2020\\\/11\\\/Seminarists.jpg\",\"contentUrl\":\"https:\\\/\\\/media.acninternational.org\\\/wp-content\\\/uploads\\\/2020\\\/11\\\/Seminarists.jpg\",\"width\":1400,\"height\":438},{\"@type\":\"BreadcrumbList\",\"@id\":\"https:\\\/\\\/acninternational.org\\\/es\\\/solicitar-ayuda\\\/escuela\\\/#breadcrumb\",\"itemListElement\":[{\"@type\":\"ListItem\",\"position\":1,\"name\":\"Home\",\"item\":\"https:\\\/\\\/acninternational.org\\\/es\\\/\"},{\"@type\":\"ListItem\",\"position\":2,\"name\":\"Solicitar Ayuda\",\"item\":\"https:\\\/\\\/acninternational.org\\\/es\\\/solicitar-ayuda\\\/\"},{\"@type\":\"ListItem\",\"position\":3,\"name\":\"Programa de becas en Europa y Canad\u00e1 (IFHIM)\"}]},{\"@type\":\"WebSite\",\"@id\":\"https:\\\/\\\/acninternational.org\\\/es\\\/#website\",\"url\":\"https:\\\/\\\/acninternational.org\\\/es\\\/\",\"name\":\"ACN International\",\"description\":\"\",\"publisher\":{\"@id\":\"https:\\\/\\\/acninternational.org\\\/es\\\/#organization\"},\"potentialAction\":[{\"@type\":\"SearchAction\",\"target\":{\"@type\":\"EntryPoint\",\"urlTemplate\":\"https:\\\/\\\/acninternational.org\\\/es\\\/?s={search_term_string}\"},\"query-input\":{\"@type\":\"PropertyValueSpecification\",\"valueRequired\":true,\"valueName\":\"search_term_string\"}}],\"inLanguage\":\"es\"},{\"@type\":\"Organization\",\"@id\":\"https:\\\/\\\/acninternational.org\\\/es\\\/#organization\",\"name\":\"Aid to the Church in Need International\",\"url\":\"https:\\\/\\\/acninternational.org\\\/es\\\/\",\"logo\":{\"@type\":\"ImageObject\",\"inLanguage\":\"es\",\"@id\":\"https:\\\/\\\/acninternational.org\\\/es\\\/#\\\/schema\\\/logo\\\/image\\\/\",\"url\":\"https:\\\/\\\/media.acninternational.org\\\/wp-content\\\/uploads\\\/2019\\\/11\\\/acn_logo_blackvector.svg\",\"contentUrl\":\"https:\\\/\\\/media.acninternational.org\\\/wp-content\\\/uploads\\\/2019\\\/11\\\/acn_logo_blackvector.svg\",\"width\":232.6,\"height\":78,\"caption\":\"Aid to the Church in Need International\"},\"image\":{\"@id\":\"https:\\\/\\\/acninternational.org\\\/es\\\/#\\\/schema\\\/logo\\\/image\\\/\"},\"sameAs\":[\"https:\\\/\\\/www.facebook.com\\\/acninternationalorg\",\"https:\\\/\\\/x.com\\\/acn_int\",\"https:\\\/\\\/www.youtube.com\\\/channel\\\/UCQ-077gS0TnVzkhHmf1opZw\",\"https:\\\/\\\/www.instagram.com\\\/acn_international\\\/\"]}]}<\/script>\n<!-- \/ Yoast SEO Premium plugin. -->","yoast_head_json":{"title":"Programa de becas en Europa y Canad\u00e1 (IFHIM) | ACN International","robots":{"index":"index","follow":"follow","max-snippet":"max-snippet:-1","max-image-preview":"max-image-preview:large","max-video-preview":"max-video-preview:-1"},"canonical":"https:\/\/acninternational.org\/es\/solicitar-ayuda\/escuela\/","og_locale":"es_ES","og_type":"article","og_title":"Programa de becas en Europa y Canad\u00e1 (IFHIM)","og_description":"ACN Internacional ofrece becas en modalidad de becas parciales, para cursos de postgrado en teolog\u00eda y filosof\u00eda, en facultades y universidades eclesi\u00e1sticas que no est\u00e1n disponibles en las regiones de origen de nuestros socios de proyecto. Tambi\u00e9n ofrecemos becas para cursos de Safeguarding (protecci\u00f3n a personas vulnerables) en el Instituto de Antropolog\u00eda (IADC) de la [&hellip;]","og_url":"https:\/\/acninternational.org\/es\/solicitar-ayuda\/escuela\/","og_site_name":"ACN International","article_publisher":"https:\/\/www.facebook.com\/acninternationalorg","article_modified_time":"2026-03-12T16:02:47+00:00","og_image":[{"width":1400,"height":438,"url":"https:\/\/media.acninternational.org\/wp-content\/uploads\/2020\/11\/Seminarists.jpg","type":"image\/jpeg"}],"twitter_card":"summary_large_image","twitter_site":"@acn_int","twitter_misc":{"Tiempo de lectura":"3 minutos"},"schema":{"@context":"https:\/\/schema.org","@graph":[{"@type":"WebPage","@id":"https:\/\/acninternational.org\/es\/solicitar-ayuda\/escuela\/","url":"https:\/\/acninternational.org\/es\/solicitar-ayuda\/escuela\/","name":"Programa de becas en Europa y Canad\u00e1 (IFHIM) | ACN International","isPartOf":{"@id":"https:\/\/acninternational.org\/es\/#website"},"primaryImageOfPage":{"@id":"https:\/\/acninternational.org\/es\/solicitar-ayuda\/escuela\/#primaryimage"},"image":{"@id":"https:\/\/acninternational.org\/es\/solicitar-ayuda\/escuela\/#primaryimage"},"thumbnailUrl":"https:\/\/media.acninternational.org\/wp-content\/uploads\/2020\/11\/Seminarists.jpg","datePublished":"2019-10-29T10:23:33+00:00","dateModified":"2026-03-12T16:02:47+00:00","breadcrumb":{"@id":"https:\/\/acninternational.org\/es\/solicitar-ayuda\/escuela\/#breadcrumb"},"inLanguage":"es","potentialAction":[{"@type":"ReadAction","target":["https:\/\/acninternational.org\/es\/solicitar-ayuda\/escuela\/"]}]},{"@type":"ImageObject","inLanguage":"es","@id":"https:\/\/acninternational.org\/es\/solicitar-ayuda\/escuela\/#primaryimage","url":"https:\/\/media.acninternational.org\/wp-content\/uploads\/2020\/11\/Seminarists.jpg","contentUrl":"https:\/\/media.acninternational.org\/wp-content\/uploads\/2020\/11\/Seminarists.jpg","width":1400,"height":438},{"@type":"BreadcrumbList","@id":"https:\/\/acninternational.org\/es\/solicitar-ayuda\/escuela\/#breadcrumb","itemListElement":[{"@type":"ListItem","position":1,"name":"Home","item":"https:\/\/acninternational.org\/es\/"},{"@type":"ListItem","position":2,"name":"Solicitar Ayuda","item":"https:\/\/acninternational.org\/es\/solicitar-ayuda\/"},{"@type":"ListItem","position":3,"name":"Programa de becas en Europa y Canad\u00e1 (IFHIM)"}]},{"@type":"WebSite","@id":"https:\/\/acninternational.org\/es\/#website","url":"https:\/\/acninternational.org\/es\/","name":"ACN International","description":"","publisher":{"@id":"https:\/\/acninternational.org\/es\/#organization"},"potentialAction":[{"@type":"SearchAction","target":{"@type":"EntryPoint","urlTemplate":"https:\/\/acninternational.org\/es\/?s={search_term_string}"},"query-input":{"@type":"PropertyValueSpecification","valueRequired":true,"valueName":"search_term_string"}}],"inLanguage":"es"},{"@type":"Organization","@id":"https:\/\/acninternational.org\/es\/#organization","name":"Aid to the Church in Need International","url":"https:\/\/acninternational.org\/es\/","logo":{"@type":"ImageObject","inLanguage":"es","@id":"https:\/\/acninternational.org\/es\/#\/schema\/logo\/image\/","url":"https:\/\/media.acninternational.org\/wp-content\/uploads\/2019\/11\/acn_logo_blackvector.svg","contentUrl":"https:\/\/media.acninternational.org\/wp-content\/uploads\/2019\/11\/acn_logo_blackvector.svg","width":232.6,"height":78,"caption":"Aid to the Church in Need International"},"image":{"@id":"https:\/\/acninternational.org\/es\/#\/schema\/logo\/image\/"},"sameAs":["https:\/\/www.facebook.com\/acninternationalorg","https:\/\/x.com\/acn_int","https:\/\/www.youtube.com\/channel\/UCQ-077gS0TnVzkhHmf1opZw","https:\/\/www.instagram.com\/acn_international\/"]}]}},"_links":{"self":[{"href":"https:\/\/acninternational.org\/es\/wp-json\/wp\/v2\/pages\/185673","targetHints":{"allow":["GET"]}}],"collection":[{"href":"https:\/\/acninternational.org\/es\/wp-json\/wp\/v2\/pages"}],"about":[{"href":"https:\/\/acninternational.org\/es\/wp-json\/wp\/v2\/types\/page"}],"author":[{"embeddable":true,"href":"https:\/\/acninternational.org\/es\/wp-json\/wp\/v2\/users\/4258341447"}],"replies":[{"embeddable":true,"href":"https:\/\/acninternational.org\/es\/wp-json\/wp\/v2\/comments?post=185673"}],"version-history":[{"count":5,"href":"https:\/\/acninternational.org\/es\/wp-json\/wp\/v2\/pages\/185673\/revisions"}],"predecessor-version":[{"id":262476,"href":"https:\/\/acninternational.org\/es\/wp-json\/wp\/v2\/pages\/185673\/revisions\/262476"}],"up":[{"embeddable":true,"href":"https:\/\/acninternational.org\/es\/wp-json\/wp\/v2\/pages\/123225"}],"wp:featuredmedia":[{"embeddable":true,"href":"https:\/\/acninternational.org\/es\/wp-json\/wp\/v2\/media\/144384"}],"wp:attachment":[{"href":"https:\/\/acninternational.org\/es\/wp-json\/wp\/v2\/media?parent=185673"}],"curies":[{"name":"wp","href":"https:\/\/api.w.org\/{rel}","templated":true}]}}